{"id":117471,"date":"2014-05-21T10:20:31","date_gmt":"2014-05-21T10:20:31","guid":{"rendered":"https:\/\/henrik.www.ivinio.com\/?product=tenuta-olim-bauda-barbera-dasti-la-villa-docg-rouge"},"modified":"2022-12-08T16:58:22","modified_gmt":"2022-12-08T15:58:22","slug":"tenuta-olim-bauda-barbera-dasti-la-villa-docg-rouge","status":"publish","type":"product","link":"https:\/\/www.ivinio.com\/fr\/produit\/tenuta-olim-bauda-barbera-dasti-la-villa-docg-rouge\/","title":{"rendered":"Tenuta Olim Bauda Barbera d&#8217;Asti &#8221; La Villa&#8221; DOCG &#8211; Rouge"},"content":{"rendered":"<p>Tenuta Olim Bauda Barbera d&#8217;Asti &#8221; La Villa&#8221; DOCG &#8211; vin rouge compos\u00e9 \u00e0 100% du c\u00e9page italien Barbera, il est cultiv\u00e9 dans les \u00a0environs d&#8217;Asti. Lorsque les raisins ont atteints leur maturit\u00e9, ils sont cueillis \u00e0 la main en Octobre. Le processus de fermentation commence imm\u00e9diatement apr\u00e8s la r\u00e9colte et dure 12 jours \u00e0 une temp\u00e9rature qui ne doit pas d\u00e9passer 30 \u00b0C. Le vin est mis en bouteille en Juillet de l&#8217;ann\u00e9e suivante, et termine sa maturation en bouteille pendant 3 mois avant sa commercialisation.<\/p>\n","protected":false},"excerpt":{"rendered":"<p>Barbera d&#8217;Asti &#8220;La Villa&#8221; est un vin rouge italien fruit\u00e9 et g\u00e9n\u00e9reux qui s&#8217;accorde avec toutes sortes de charcuteries, un bon plat de p\u00e2tes \u00e0 la tomate ou une viande grill\u00e9e !<\/p>\n","protected":false},"featured_media":117474,"comment_status":"open","ping_status":"closed","template":"","meta":{"_monsterinsights_skip_tracking":false,"_monsterinsights_sitenote_active":false,"_monsterinsights_sitenote_note":"","_monsterinsights_sitenote_category":0,"_uf_show_specific_survey":0,"_uf_disable_surveys":false},"product_brand":[],"product_cat":[36598,36589],"product_tag":[],"class_list":{"0":"post-117471","1":"product","2":"type-product","3":"status-publish","4":"has-post-thumbnail","6":"product_cat-fr-piemont","7":"product_cat-vins-italiens","8":"pa_alcohol-degree-14-fr","9":"pa_classification-docg-barbera-dasti-fr","10":"pa_color-rouge-fr","11":"pa_country-italie-fr","12":"pa_grape-variety-barbera-fr","13":"pa_region-piemont-fr","14":"pa_storage-potential-6-ans-fr","15":"pa_vintage-2021-fr","16":"pa_volume-75-cl-fr","18":"first","19":"instock","20":"taxable","21":"shipping-taxable","22":"purchasable","23":"product-type-simple"},"bundled_by":[],"bundle_stock_status":"instock","bundle_stock_quantity":null,"bundle_virtual":false,"bundle_layout":"","bundle_add_to_cart_form_location":"","bundle_editable_in_cart":false,"bundle_sold_individually_context":"","bundle_item_grouping":"","bundle_min_size":"","bundle_max_size":"","bundle_price":[],"bundled_items":[],"bundle_sell_ids":[],"yoast_head":"<!-- This site is optimized with the Yoast SEO plugin v27.4 - https:\/\/yoast.com\/product\/yoast-seo-wordpress\/ -->\n<title>Acheter Tenuta Olim Bauda Barbera d&#039;Asti &quot; La Villa&quot; - vin rouge<\/title>\n<meta name=\"description\" content=\"Acheter Tenuta Olim Bauda Barbera d&#039;Asti &quot; La Villa&quot; - vin rouge italien c\u00e9page unique de barbera du Pi\u00e9mont. S&#039;accorde avec charcuteries et p\u00e2tes.\" \/>\n<meta name=\"robots\" content=\"index, follow, max-snippet:-1, max-image-preview:large, max-video-preview:-1\" \/>\n<link rel=\"canonical\" href=\"https:\/\/www.ivinio.com\/fr\/produit\/tenuta-olim-bauda-barbera-dasti-la-villa-docg-rouge\/\" \/>\n<meta property=\"og:locale\" content=\"fr_FR\" \/>\n<meta property=\"og:type\" content=\"article\" \/>\n<meta property=\"og:title\" content=\"Acheter Tenuta Olim Bauda Barbera d&#039;Asti &quot; La Villa&quot; - vin rouge\" \/>\n<meta property=\"og:description\" content=\"Acheter Tenuta Olim Bauda Barbera d&#039;Asti &quot; La Villa&quot; - vin rouge italien c\u00e9page unique de barbera du Pi\u00e9mont. S&#039;accorde avec charcuteries et p\u00e2tes.\" \/>\n<meta property=\"og:url\" content=\"https:\/\/www.ivinio.com\/fr\/produit\/tenuta-olim-bauda-barbera-dasti-la-villa-docg-rouge\/\" \/>\n<meta property=\"og:site_name\" content=\"IVINIO Caviste\" \/>\n<meta property=\"article:publisher\" content=\"https:\/\/www.facebook.com\/groups\/165217837022391\/?ref=bookmarks\" \/>\n<meta property=\"article:modified_time\" content=\"2022-12-08T15:58:22+00:00\" \/>\n<meta property=\"og:image\" content=\"https:\/\/www.ivinio.com\/wp-content\/uploads\/nc\/public\/modules\/file\/pictures\/4323.olimbaudabarberadasti500x50.jpg\" \/>\n\t<meta property=\"og:image:width\" content=\"500\" \/>\n\t<meta property=\"og:image:height\" content=\"500\" \/>\n\t<meta property=\"og:image:type\" content=\"image\/jpeg\" \/>\n<meta name=\"twitter:card\" content=\"summary_large_image\" \/>\n<meta name=\"twitter:label1\" content=\"Dur\u00e9e de lecture estim\u00e9e\" \/>\n\t<meta name=\"twitter:data1\" content=\"1 minute\" \/>\n<script type=\"application\/ld+json\" class=\"yoast-schema-graph\">{\"@context\":\"https:\\\/\\\/schema.org\",\"@graph\":[{\"@type\":\"WebPage\",\"@id\":\"https:\\\/\\\/www.ivinio.com\\\/fr\\\/produit\\\/tenuta-olim-bauda-barbera-dasti-la-villa-docg-rouge\\\/\",\"url\":\"https:\\\/\\\/www.ivinio.com\\\/fr\\\/produit\\\/tenuta-olim-bauda-barbera-dasti-la-villa-docg-rouge\\\/\",\"name\":\"Acheter Tenuta Olim Bauda Barbera d'Asti \\\" La Villa\\\" - vin rouge\",\"isPartOf\":{\"@id\":\"https:\\\/\\\/www.ivinio.com\\\/fr\\\/#website\"},\"primaryImageOfPage\":{\"@id\":\"https:\\\/\\\/www.ivinio.com\\\/fr\\\/produit\\\/tenuta-olim-bauda-barbera-dasti-la-villa-docg-rouge\\\/#primaryimage\"},\"image\":{\"@id\":\"https:\\\/\\\/www.ivinio.com\\\/fr\\\/produit\\\/tenuta-olim-bauda-barbera-dasti-la-villa-docg-rouge\\\/#primaryimage\"},\"thumbnailUrl\":\"https:\\\/\\\/www.ivinio.com\\\/wp-content\\\/uploads\\\/nc\\\/public\\\/modules\\\/file\\\/pictures\\\/4323.olimbaudabarberadasti500x50.jpg\",\"datePublished\":\"2014-05-21T10:20:31+00:00\",\"dateModified\":\"2022-12-08T15:58:22+00:00\",\"description\":\"Acheter Tenuta Olim Bauda Barbera d'Asti \\\" La Villa\\\" - vin rouge italien c\u00e9page unique de barbera du Pi\u00e9mont. S'accorde avec charcuteries et p\u00e2tes.\",\"breadcrumb\":{\"@id\":\"https:\\\/\\\/www.ivinio.com\\\/fr\\\/produit\\\/tenuta-olim-bauda-barbera-dasti-la-villa-docg-rouge\\\/#breadcrumb\"},\"inLanguage\":\"fr-FR\",\"potentialAction\":[{\"@type\":\"ReadAction\",\"target\":[\"https:\\\/\\\/www.ivinio.com\\\/fr\\\/produit\\\/tenuta-olim-bauda-barbera-dasti-la-villa-docg-rouge\\\/\"]}]},{\"@type\":\"ImageObject\",\"inLanguage\":\"fr-FR\",\"@id\":\"https:\\\/\\\/www.ivinio.com\\\/fr\\\/produit\\\/tenuta-olim-bauda-barbera-dasti-la-villa-docg-rouge\\\/#primaryimage\",\"url\":\"https:\\\/\\\/www.ivinio.com\\\/wp-content\\\/uploads\\\/nc\\\/public\\\/modules\\\/file\\\/pictures\\\/4323.olimbaudabarberadasti500x50.jpg\",\"contentUrl\":\"https:\\\/\\\/www.ivinio.com\\\/wp-content\\\/uploads\\\/nc\\\/public\\\/modules\\\/file\\\/pictures\\\/4323.olimbaudabarberadasti500x50.jpg\",\"width\":500,\"height\":500,\"caption\":\"Tenuta Olim Bauda Barbera d'Asti \\\" La Villa\\\" DOCG\"},{\"@type\":\"BreadcrumbList\",\"@id\":\"https:\\\/\\\/www.ivinio.com\\\/fr\\\/produit\\\/tenuta-olim-bauda-barbera-dasti-la-villa-docg-rouge\\\/#breadcrumb\",\"itemListElement\":[{\"@type\":\"ListItem\",\"position\":1,\"name\":\"Home\",\"item\":\"https:\\\/\\\/www.ivinio.com\\\/fr\\\/\"},{\"@type\":\"ListItem\",\"position\":2,\"name\":\"Boutique de vin\",\"item\":\"https:\\\/\\\/www.ivinio.com\\\/fr\\\/boutique-de-vin\\\/\"},{\"@type\":\"ListItem\",\"position\":3,\"name\":\"Tenuta Olim Bauda Barbera d&#8217;Asti &#8221; La Villa&#8221; DOCG &#8211; Rouge\"}]},{\"@type\":\"WebSite\",\"@id\":\"https:\\\/\\\/www.ivinio.com\\\/fr\\\/#website\",\"url\":\"https:\\\/\\\/www.ivinio.com\\\/fr\\\/\",\"name\":\"IVINIO Caviste\",\"description\":\"Vins de France et d&#039;Italie avec livraison \u00e0 domicile\",\"publisher\":{\"@id\":\"https:\\\/\\\/www.ivinio.com\\\/fr\\\/#organization\"},\"potentialAction\":[{\"@type\":\"SearchAction\",\"target\":{\"@type\":\"EntryPoint\",\"urlTemplate\":\"https:\\\/\\\/www.ivinio.com\\\/fr\\\/?s={search_term_string}\"},\"query-input\":{\"@type\":\"PropertyValueSpecification\",\"valueRequired\":true,\"valueName\":\"search_term_string\"}}],\"inLanguage\":\"fr-FR\"},{\"@type\":\"Organization\",\"@id\":\"https:\\\/\\\/www.ivinio.com\\\/fr\\\/#organization\",\"name\":\"IVINIO\",\"url\":\"https:\\\/\\\/www.ivinio.com\\\/fr\\\/\",\"logo\":{\"@type\":\"ImageObject\",\"inLanguage\":\"fr-FR\",\"@id\":\"https:\\\/\\\/www.ivinio.com\\\/fr\\\/#\\\/schema\\\/logo\\\/image\\\/\",\"url\":\"https:\\\/\\\/www.ivinio.com\\\/wp-content\\\/uploads\\\/2021\\\/01\\\/Logo-Ivinio-v2.jpg\",\"contentUrl\":\"https:\\\/\\\/www.ivinio.com\\\/wp-content\\\/uploads\\\/2021\\\/01\\\/Logo-Ivinio-v2.jpg\",\"width\":1194,\"height\":1194,\"caption\":\"IVINIO\"},\"image\":{\"@id\":\"https:\\\/\\\/www.ivinio.com\\\/fr\\\/#\\\/schema\\\/logo\\\/image\\\/\"},\"sameAs\":[\"https:\\\/\\\/www.facebook.com\\\/groups\\\/165217837022391\\\/?ref=bookmarks\",\"https:\\\/\\\/www.instagram.com\\\/_ivinio_\\\/?hl=fr\"]}]}<\/script>\n<!-- \/ Yoast SEO plugin. -->","yoast_head_json":{"title":"Acheter Tenuta Olim Bauda Barbera d'Asti \" La Villa\" - vin rouge","description":"Acheter Tenuta Olim Bauda Barbera d'Asti \" La Villa\" - vin rouge italien c\u00e9page unique de barbera du Pi\u00e9mont. S'accorde avec charcuteries et p\u00e2tes.","robots":{"index":"index","follow":"follow","max-snippet":"max-snippet:-1","max-image-preview":"max-image-preview:large","max-video-preview":"max-video-preview:-1"},"canonical":"https:\/\/www.ivinio.com\/fr\/produit\/tenuta-olim-bauda-barbera-dasti-la-villa-docg-rouge\/","og_locale":"fr_FR","og_type":"article","og_title":"Acheter Tenuta Olim Bauda Barbera d'Asti \" La Villa\" - vin rouge","og_description":"Acheter Tenuta Olim Bauda Barbera d'Asti \" La Villa\" - vin rouge italien c\u00e9page unique de barbera du Pi\u00e9mont. S'accorde avec charcuteries et p\u00e2tes.","og_url":"https:\/\/www.ivinio.com\/fr\/produit\/tenuta-olim-bauda-barbera-dasti-la-villa-docg-rouge\/","og_site_name":"IVINIO Caviste","article_publisher":"https:\/\/www.facebook.com\/groups\/165217837022391\/?ref=bookmarks","article_modified_time":"2022-12-08T15:58:22+00:00","og_image":[{"width":500,"height":500,"url":"https:\/\/www.ivinio.com\/wp-content\/uploads\/nc\/public\/modules\/file\/pictures\/4323.olimbaudabarberadasti500x50.jpg","type":"image\/jpeg"}],"twitter_card":"summary_large_image","twitter_misc":{"Dur\u00e9e de lecture estim\u00e9e":"1 minute"},"schema":{"@context":"https:\/\/schema.org","@graph":[{"@type":"WebPage","@id":"https:\/\/www.ivinio.com\/fr\/produit\/tenuta-olim-bauda-barbera-dasti-la-villa-docg-rouge\/","url":"https:\/\/www.ivinio.com\/fr\/produit\/tenuta-olim-bauda-barbera-dasti-la-villa-docg-rouge\/","name":"Acheter Tenuta Olim Bauda Barbera d'Asti \" La Villa\" - vin rouge","isPartOf":{"@id":"https:\/\/www.ivinio.com\/fr\/#website"},"primaryImageOfPage":{"@id":"https:\/\/www.ivinio.com\/fr\/produit\/tenuta-olim-bauda-barbera-dasti-la-villa-docg-rouge\/#primaryimage"},"image":{"@id":"https:\/\/www.ivinio.com\/fr\/produit\/tenuta-olim-bauda-barbera-dasti-la-villa-docg-rouge\/#primaryimage"},"thumbnailUrl":"https:\/\/www.ivinio.com\/wp-content\/uploads\/nc\/public\/modules\/file\/pictures\/4323.olimbaudabarberadasti500x50.jpg","datePublished":"2014-05-21T10:20:31+00:00","dateModified":"2022-12-08T15:58:22+00:00","description":"Acheter Tenuta Olim Bauda Barbera d'Asti \" La Villa\" - vin rouge italien c\u00e9page unique de barbera du Pi\u00e9mont. S'accorde avec charcuteries et p\u00e2tes.","breadcrumb":{"@id":"https:\/\/www.ivinio.com\/fr\/produit\/tenuta-olim-bauda-barbera-dasti-la-villa-docg-rouge\/#breadcrumb"},"inLanguage":"fr-FR","potentialAction":[{"@type":"ReadAction","target":["https:\/\/www.ivinio.com\/fr\/produit\/tenuta-olim-bauda-barbera-dasti-la-villa-docg-rouge\/"]}]},{"@type":"ImageObject","inLanguage":"fr-FR","@id":"https:\/\/www.ivinio.com\/fr\/produit\/tenuta-olim-bauda-barbera-dasti-la-villa-docg-rouge\/#primaryimage","url":"https:\/\/www.ivinio.com\/wp-content\/uploads\/nc\/public\/modules\/file\/pictures\/4323.olimbaudabarberadasti500x50.jpg","contentUrl":"https:\/\/www.ivinio.com\/wp-content\/uploads\/nc\/public\/modules\/file\/pictures\/4323.olimbaudabarberadasti500x50.jpg","width":500,"height":500,"caption":"Tenuta Olim Bauda Barbera d'Asti \" La Villa\" DOCG"},{"@type":"BreadcrumbList","@id":"https:\/\/www.ivinio.com\/fr\/produit\/tenuta-olim-bauda-barbera-dasti-la-villa-docg-rouge\/#breadcrumb","itemListElement":[{"@type":"ListItem","position":1,"name":"Home","item":"https:\/\/www.ivinio.com\/fr\/"},{"@type":"ListItem","position":2,"name":"Boutique de vin","item":"https:\/\/www.ivinio.com\/fr\/boutique-de-vin\/"},{"@type":"ListItem","position":3,"name":"Tenuta Olim Bauda Barbera d&#8217;Asti &#8221; La Villa&#8221; DOCG &#8211; Rouge"}]},{"@type":"WebSite","@id":"https:\/\/www.ivinio.com\/fr\/#website","url":"https:\/\/www.ivinio.com\/fr\/","name":"IVINIO Caviste","description":"Vins de France et d&#039;Italie avec livraison \u00e0 domicile","publisher":{"@id":"https:\/\/www.ivinio.com\/fr\/#organization"},"potentialAction":[{"@type":"SearchAction","target":{"@type":"EntryPoint","urlTemplate":"https:\/\/www.ivinio.com\/fr\/?s={search_term_string}"},"query-input":{"@type":"PropertyValueSpecification","valueRequired":true,"valueName":"search_term_string"}}],"inLanguage":"fr-FR"},{"@type":"Organization","@id":"https:\/\/www.ivinio.com\/fr\/#organization","name":"IVINIO","url":"https:\/\/www.ivinio.com\/fr\/","logo":{"@type":"ImageObject","inLanguage":"fr-FR","@id":"https:\/\/www.ivinio.com\/fr\/#\/schema\/logo\/image\/","url":"https:\/\/www.ivinio.com\/wp-content\/uploads\/2021\/01\/Logo-Ivinio-v2.jpg","contentUrl":"https:\/\/www.ivinio.com\/wp-content\/uploads\/2021\/01\/Logo-Ivinio-v2.jpg","width":1194,"height":1194,"caption":"IVINIO"},"image":{"@id":"https:\/\/www.ivinio.com\/fr\/#\/schema\/logo\/image\/"},"sameAs":["https:\/\/www.facebook.com\/groups\/165217837022391\/?ref=bookmarks","https:\/\/www.instagram.com\/_ivinio_\/?hl=fr"]}]}},"jetpack_sharing_enabled":true,"_links":{"self":[{"href":"https:\/\/www.ivinio.com\/fr\/wp-json\/wp\/v2\/product\/117471","targetHints":{"allow":["GET"]}}],"collection":[{"href":"https:\/\/www.ivinio.com\/fr\/wp-json\/wp\/v2\/product"}],"about":[{"href":"https:\/\/www.ivinio.com\/fr\/wp-json\/wp\/v2\/types\/product"}],"replies":[{"embeddable":true,"href":"https:\/\/www.ivinio.com\/fr\/wp-json\/wp\/v2\/comments?post=117471"}],"wp:featuredmedia":[{"embeddable":true,"href":"https:\/\/www.ivinio.com\/fr\/wp-json\/wp\/v2\/media\/117474"}],"wp:attachment":[{"href":"https:\/\/www.ivinio.com\/fr\/wp-json\/wp\/v2\/media?parent=117471"}],"wp:term":[{"taxonomy":"product_brand","embeddable":true,"href":"https:\/\/www.ivinio.com\/fr\/wp-json\/wp\/v2\/product_brand?post=117471"},{"taxonomy":"product_cat","embeddable":true,"href":"https:\/\/www.ivinio.com\/fr\/wp-json\/wp\/v2\/product_cat?post=117471"},{"taxonomy":"product_tag","embeddable":true,"href":"https:\/\/www.ivinio.com\/fr\/wp-json\/wp\/v2\/product_tag?post=117471"}],"curies":[{"name":"wp","href":"https:\/\/api.w.org\/{rel}","templated":true}]}}