{"id":117425,"date":"2014-05-21T12:20:31","date_gmt":"2014-05-21T10:20:31","guid":{"rendered":"https:\/\/henrik.www.ivinio.com\/?product=carton-decouverte-3x2-casanova-di-neri-campogiovanni-brunello-di-montalcino"},"modified":"2020-12-09T04:31:10","modified_gmt":"2020-12-09T04:31:10","slug":"carton-decouverte-3x2-casanova-di-neri-campogiovanni-brunello-di-montalcino","status":"publish","type":"product","link":"https:\/\/www.ivinio.com\/fr\/produit\/carton-decouverte-3x2-casanova-di-neri-campogiovanni-brunello-di-montalcino\/","title":{"rendered":"Carton d\u00e9couverte: 3&#215;2 Casanova di Neri &#038; Campogiovanni &#8211; Brunello di Montalcino"},"content":{"rendered":"<p><strong>Casanova di Neri<\/strong>: Casanova di Neri signifie &laquo;famille Neri de la ferme Casanova&quot; .Ce domaine familial existe depuis 1971 quand Giovanni l&rsquo;a cr&eacute;&eacute;.&nbsp;Tr&egrave;s t&ocirc;t, le Montalcino y a &eacute;t&eacute; d&eacute;velopp&eacute; comme une &eacute;vidence compte tenu des sols. Aujourd&#39;hui, plus de 40 ans plus tard,c&rsquo;est &nbsp;le fils Giacomo qui a pris la rel&egrave;ve et qui poursuit dans la rigueur et la qualit&eacute;.&nbsp;La famille a des exigences tr&egrave;s &eacute;lev&eacute;es en terme de qualit&eacute;, si bien qu&#39;en 2002, la qualit&eacute; du raisin n&rsquo;&eacute;tant pas au rendez-vous, aucune bouteille de Brunello n&rsquo;a &eacute;t&eacute; commercialis&eacute;e.&nbsp;Actuellement, la&nbsp;vigne est cultiv&eacute;e sur 63 hectares.<\/p>\n<p><strong>Campo Giovanni <\/strong>Tenuta Campo Giovanni est un vignoble&nbsp;situ&eacute; sur le terroir de&nbsp;Montalcino, &agrave; Sant&#39;Angelo in Colle exactement.&nbsp;Ce domaine est bien expos&eacute;&nbsp;sud \/ sud-ouest sur les collines de Montalcino, ce qui explique en partie la qualit&eacute; du vin.14 hectares de vignes sur&nbsp;65 hectares sont plant&eacute;s du c&eacute;page&nbsp;sangiovese, ou &quot;Brunello&quot; (nom qui d&eacute;signe le sangiovese &agrave; Montalcino) et utilis&eacute;s pour fabriquer ce nectar ! Le&nbsp;Brunello di Montalcino.<\/p>\n","protected":false},"excerpt":{"rendered":"<p>Nous vous proposons ici un m&eacute;lange de 2&#215;3 bouteilles&nbsp;pour les amateurs&nbsp;de Brunello di Montalcino !&nbsp;Le carton contient 3 bouteilles de Brunello di Montalcino Casanova di Neri et 3 bouteilles de San Felices Campo Giovanni.<\/p>\n","protected":false},"featured_media":126516,"comment_status":"open","ping_status":"closed","template":"","meta":{"_monsterinsights_skip_tracking":false,"_monsterinsights_sitenote_active":false,"_monsterinsights_sitenote_note":"","_monsterinsights_sitenote_category":0,"_uf_show_specific_survey":0,"_uf_disable_surveys":false},"product_brand":[],"product_cat":[36643],"product_tag":[],"class_list":{"0":"post-117425","1":"product","2":"type-product","3":"status-publish","4":"has-post-thumbnail","6":"product_cat-ronde-des-vins","7":"pa_alcohol-degree-14-fr","8":"pa_classification-docg-brunello-di-montalcino-fr","9":"pa_color-rouge-fr","10":"pa_country-italie-fr","11":"pa_grape-variety-sangiovese-brunello-fr","12":"pa_package-1x1-fr","13":"pa_package-1x6-fr","14":"pa_region-toscane-fr","15":"pa_storage-potential-plus-de-10-ans-fr","16":"pa_vintage-2010-fr","17":"pa_vintage-2011-fr","18":"pa_volume-75-cl-fr","20":"first","21":"instock","22":"taxable","23":"shipping-taxable","24":"purchasable","25":"product-type-bundle"},"bundled_by":[],"bundle_stock_status":"instock","bundle_stock_quantity":"","bundle_virtual":false,"bundle_layout":"grid","bundle_add_to_cart_form_location":"after_summary","bundle_editable_in_cart":false,"bundle_sold_individually_context":"product","bundle_item_grouping":"noindent","bundle_min_size":"","bundle_max_size":"","bundle_price":{"price":{"min":{"incl_tax":"227.5","excl_tax":"227.5"},"max":{"incl_tax":"227.5","excl_tax":"227.5"}},"regular_price":{"min":{"incl_tax":"227.5","excl_tax":"227.5"},"max":{"incl_tax":"227.5","excl_tax":"227.5"}}},"bundled_items":[{"bundled_item_id":8349,"product_id":117398,"menu_order":0,"quantity_min":3,"quantity_max":3,"quantity_default":3,"priced_individually":false,"shipped_individually":false,"override_title":false,"title":"Campogiovanni San Felice &#8211; Brunello di Montalcino &#8211; Rouge","override_description":false,"description":"Campogiovanni San Felice &#8211; Brunello di Montalcino &#8211; Rouge","optional":false,"hide_thumbnail":false,"discount":"","override_variations":true,"allowed_variations":[122795],"override_default_variation_attributes":true,"default_variation_attributes":[{"id":223,"name":"Package :","option":"1x1-fr"}],"single_product_visibility":"visible","cart_visibility":"hidden","order_visibility":"visible","single_product_price_visibility":"visible","cart_price_visibility":"visible","order_price_visibility":"visible","stock_status":"in_stock"},{"bundled_item_id":8350,"product_id":117411,"menu_order":1,"quantity_min":3,"quantity_max":3,"quantity_default":3,"priced_individually":false,"shipped_individually":false,"override_title":false,"title":"Casanova di Neri &#8211; Brunello di Montalcino &#8211; Rouge","override_description":false,"description":"Casanova di Neri &#8211; Brunello di Montalcino &#8211; Rouge","optional":false,"hide_thumbnail":false,"discount":"","override_variations":true,"allowed_variations":[122799],"override_default_variation_attributes":true,"default_variation_attributes":[{"id":223,"name":"Package :","option":"1x1-fr"}],"single_product_visibility":"visible","cart_visibility":"hidden","order_visibility":"visible","single_product_price_visibility":"visible","cart_price_visibility":"visible","order_price_visibility":"visible","stock_status":"in_stock"}],"bundle_sell_ids":[],"yoast_head":"<!-- This site is optimized with the Yoast SEO plugin v27.4 - https:\/\/yoast.com\/product\/yoast-seo-wordpress\/ -->\n<title>Carton d\u00e9couverte - Brunello di Montalcino - acheter vin italiens en ligne - caviste en ligne Ivinio.com - cave \u00e0 nice<\/title>\n<meta name=\"description\" content=\"Un m\u00e9lange de 2x3 bouteilles pour les amateurs de Brunello di Montalcino ! Le carton contient 3 bouteilles de Brunello di Montalcino Casanova di Neri et 3 bouteilles de San Felices Campo Giovanni.\" \/>\n<meta name=\"robots\" content=\"index, follow, max-snippet:-1, max-image-preview:large, max-video-preview:-1\" \/>\n<link rel=\"canonical\" href=\"https:\/\/www.ivinio.com\/fr\/produit\/carton-decouverte-3x2-casanova-di-neri-campogiovanni-brunello-di-montalcino\/\" \/>\n<meta property=\"og:locale\" content=\"fr_FR\" \/>\n<meta property=\"og:type\" content=\"article\" \/>\n<meta property=\"og:title\" content=\"Carton d\u00e9couverte - Brunello di Montalcino - acheter vin italiens en ligne - caviste en ligne Ivinio.com - cave \u00e0 nice\" \/>\n<meta property=\"og:description\" content=\"Un m\u00e9lange de 2x3 bouteilles pour les amateurs de Brunello di Montalcino ! Le carton contient 3 bouteilles de Brunello di Montalcino Casanova di Neri et 3 bouteilles de San Felices Campo Giovanni.\" \/>\n<meta property=\"og:url\" content=\"https:\/\/www.ivinio.com\/fr\/produit\/carton-decouverte-3x2-casanova-di-neri-campogiovanni-brunello-di-montalcino\/\" \/>\n<meta property=\"og:site_name\" content=\"IVINIO Caviste\" \/>\n<meta property=\"article:publisher\" content=\"https:\/\/www.facebook.com\/groups\/165217837022391\/?ref=bookmarks\" \/>\n<meta property=\"article:modified_time\" content=\"2020-12-09T04:31:10+00:00\" \/>\n<meta property=\"og:image\" content=\"https:\/\/www.ivinio.com\/wp-content\/uploads\/nc\/public\/modules\/file\/pictures\/4591.packbrunello500x500.jpg\" \/>\n\t<meta property=\"og:image:width\" content=\"504\" \/>\n\t<meta property=\"og:image:height\" content=\"504\" \/>\n\t<meta property=\"og:image:type\" content=\"image\/jpeg\" \/>\n<meta name=\"twitter:card\" content=\"summary_large_image\" \/>\n<meta name=\"twitter:label1\" content=\"Dur\u00e9e de lecture estim\u00e9e\" \/>\n\t<meta name=\"twitter:data1\" content=\"1 minute\" \/>\n<script type=\"application\/ld+json\" class=\"yoast-schema-graph\">{\"@context\":\"https:\\\/\\\/schema.org\",\"@graph\":[{\"@type\":\"WebPage\",\"@id\":\"https:\\\/\\\/www.ivinio.com\\\/fr\\\/produit\\\/carton-decouverte-3x2-casanova-di-neri-campogiovanni-brunello-di-montalcino\\\/\",\"url\":\"https:\\\/\\\/www.ivinio.com\\\/fr\\\/produit\\\/carton-decouverte-3x2-casanova-di-neri-campogiovanni-brunello-di-montalcino\\\/\",\"name\":\"Carton d\u00e9couverte - Brunello di Montalcino - acheter vin italiens en ligne - caviste en ligne Ivinio.com - cave \u00e0 nice\",\"isPartOf\":{\"@id\":\"https:\\\/\\\/www.ivinio.com\\\/fr\\\/#website\"},\"primaryImageOfPage\":{\"@id\":\"https:\\\/\\\/www.ivinio.com\\\/fr\\\/produit\\\/carton-decouverte-3x2-casanova-di-neri-campogiovanni-brunello-di-montalcino\\\/#primaryimage\"},\"image\":{\"@id\":\"https:\\\/\\\/www.ivinio.com\\\/fr\\\/produit\\\/carton-decouverte-3x2-casanova-di-neri-campogiovanni-brunello-di-montalcino\\\/#primaryimage\"},\"thumbnailUrl\":\"https:\\\/\\\/www.ivinio.com\\\/wp-content\\\/uploads\\\/nc\\\/public\\\/modules\\\/file\\\/pictures\\\/4591.packbrunello500x500.jpg\",\"datePublished\":\"2014-05-21T10:20:31+00:00\",\"dateModified\":\"2020-12-09T04:31:10+00:00\",\"description\":\"Un m\u00e9lange de 2x3 bouteilles pour les amateurs de Brunello di Montalcino ! Le carton contient 3 bouteilles de Brunello di Montalcino Casanova di Neri et 3 bouteilles de San Felices Campo Giovanni.\",\"breadcrumb\":{\"@id\":\"https:\\\/\\\/www.ivinio.com\\\/fr\\\/produit\\\/carton-decouverte-3x2-casanova-di-neri-campogiovanni-brunello-di-montalcino\\\/#breadcrumb\"},\"inLanguage\":\"fr-FR\",\"potentialAction\":[{\"@type\":\"ReadAction\",\"target\":[\"https:\\\/\\\/www.ivinio.com\\\/fr\\\/produit\\\/carton-decouverte-3x2-casanova-di-neri-campogiovanni-brunello-di-montalcino\\\/\"]}]},{\"@type\":\"ImageObject\",\"inLanguage\":\"fr-FR\",\"@id\":\"https:\\\/\\\/www.ivinio.com\\\/fr\\\/produit\\\/carton-decouverte-3x2-casanova-di-neri-campogiovanni-brunello-di-montalcino\\\/#primaryimage\",\"url\":\"https:\\\/\\\/www.ivinio.com\\\/wp-content\\\/uploads\\\/nc\\\/public\\\/modules\\\/file\\\/pictures\\\/4591.packbrunello500x500.jpg\",\"contentUrl\":\"https:\\\/\\\/www.ivinio.com\\\/wp-content\\\/uploads\\\/nc\\\/public\\\/modules\\\/file\\\/pictures\\\/4591.packbrunello500x500.jpg\",\"width\":504,\"height\":504},{\"@type\":\"BreadcrumbList\",\"@id\":\"https:\\\/\\\/www.ivinio.com\\\/fr\\\/produit\\\/carton-decouverte-3x2-casanova-di-neri-campogiovanni-brunello-di-montalcino\\\/#breadcrumb\",\"itemListElement\":[{\"@type\":\"ListItem\",\"position\":1,\"name\":\"Home\",\"item\":\"https:\\\/\\\/www.ivinio.com\\\/fr\\\/\"},{\"@type\":\"ListItem\",\"position\":2,\"name\":\"Boutique de vin\",\"item\":\"https:\\\/\\\/www.ivinio.com\\\/fr\\\/boutique-de-vin\\\/\"},{\"@type\":\"ListItem\",\"position\":3,\"name\":\"Carton d\u00e9couverte: 3&#215;2 Casanova di Neri &#038; Campogiovanni &#8211; Brunello di Montalcino\"}]},{\"@type\":\"WebSite\",\"@id\":\"https:\\\/\\\/www.ivinio.com\\\/fr\\\/#website\",\"url\":\"https:\\\/\\\/www.ivinio.com\\\/fr\\\/\",\"name\":\"IVINIO Caviste\",\"description\":\"Vins de France et d&#039;Italie avec livraison \u00e0 domicile\",\"publisher\":{\"@id\":\"https:\\\/\\\/www.ivinio.com\\\/fr\\\/#organization\"},\"potentialAction\":[{\"@type\":\"SearchAction\",\"target\":{\"@type\":\"EntryPoint\",\"urlTemplate\":\"https:\\\/\\\/www.ivinio.com\\\/fr\\\/?s={search_term_string}\"},\"query-input\":{\"@type\":\"PropertyValueSpecification\",\"valueRequired\":true,\"valueName\":\"search_term_string\"}}],\"inLanguage\":\"fr-FR\"},{\"@type\":\"Organization\",\"@id\":\"https:\\\/\\\/www.ivinio.com\\\/fr\\\/#organization\",\"name\":\"IVINIO\",\"url\":\"https:\\\/\\\/www.ivinio.com\\\/fr\\\/\",\"logo\":{\"@type\":\"ImageObject\",\"inLanguage\":\"fr-FR\",\"@id\":\"https:\\\/\\\/www.ivinio.com\\\/fr\\\/#\\\/schema\\\/logo\\\/image\\\/\",\"url\":\"https:\\\/\\\/www.ivinio.com\\\/wp-content\\\/uploads\\\/2021\\\/01\\\/Logo-Ivinio-v2.jpg\",\"contentUrl\":\"https:\\\/\\\/www.ivinio.com\\\/wp-content\\\/uploads\\\/2021\\\/01\\\/Logo-Ivinio-v2.jpg\",\"width\":1194,\"height\":1194,\"caption\":\"IVINIO\"},\"image\":{\"@id\":\"https:\\\/\\\/www.ivinio.com\\\/fr\\\/#\\\/schema\\\/logo\\\/image\\\/\"},\"sameAs\":[\"https:\\\/\\\/www.facebook.com\\\/groups\\\/165217837022391\\\/?ref=bookmarks\",\"https:\\\/\\\/www.instagram.com\\\/_ivinio_\\\/?hl=fr\"]}]}<\/script>\n<!-- \/ Yoast SEO plugin. -->","yoast_head_json":{"title":"Carton d\u00e9couverte - Brunello di Montalcino - acheter vin italiens en ligne - caviste en ligne Ivinio.com - cave \u00e0 nice","description":"Un m\u00e9lange de 2x3 bouteilles pour les amateurs de Brunello di Montalcino ! Le carton contient 3 bouteilles de Brunello di Montalcino Casanova di Neri et 3 bouteilles de San Felices Campo Giovanni.","robots":{"index":"index","follow":"follow","max-snippet":"max-snippet:-1","max-image-preview":"max-image-preview:large","max-video-preview":"max-video-preview:-1"},"canonical":"https:\/\/www.ivinio.com\/fr\/produit\/carton-decouverte-3x2-casanova-di-neri-campogiovanni-brunello-di-montalcino\/","og_locale":"fr_FR","og_type":"article","og_title":"Carton d\u00e9couverte - Brunello di Montalcino - acheter vin italiens en ligne - caviste en ligne Ivinio.com - cave \u00e0 nice","og_description":"Un m\u00e9lange de 2x3 bouteilles pour les amateurs de Brunello di Montalcino ! Le carton contient 3 bouteilles de Brunello di Montalcino Casanova di Neri et 3 bouteilles de San Felices Campo Giovanni.","og_url":"https:\/\/www.ivinio.com\/fr\/produit\/carton-decouverte-3x2-casanova-di-neri-campogiovanni-brunello-di-montalcino\/","og_site_name":"IVINIO Caviste","article_publisher":"https:\/\/www.facebook.com\/groups\/165217837022391\/?ref=bookmarks","article_modified_time":"2020-12-09T04:31:10+00:00","og_image":[{"width":504,"height":504,"url":"https:\/\/www.ivinio.com\/wp-content\/uploads\/nc\/public\/modules\/file\/pictures\/4591.packbrunello500x500.jpg","type":"image\/jpeg"}],"twitter_card":"summary_large_image","twitter_misc":{"Dur\u00e9e de lecture estim\u00e9e":"1 minute"},"schema":{"@context":"https:\/\/schema.org","@graph":[{"@type":"WebPage","@id":"https:\/\/www.ivinio.com\/fr\/produit\/carton-decouverte-3x2-casanova-di-neri-campogiovanni-brunello-di-montalcino\/","url":"https:\/\/www.ivinio.com\/fr\/produit\/carton-decouverte-3x2-casanova-di-neri-campogiovanni-brunello-di-montalcino\/","name":"Carton d\u00e9couverte - Brunello di Montalcino - acheter vin italiens en ligne - caviste en ligne Ivinio.com - cave \u00e0 nice","isPartOf":{"@id":"https:\/\/www.ivinio.com\/fr\/#website"},"primaryImageOfPage":{"@id":"https:\/\/www.ivinio.com\/fr\/produit\/carton-decouverte-3x2-casanova-di-neri-campogiovanni-brunello-di-montalcino\/#primaryimage"},"image":{"@id":"https:\/\/www.ivinio.com\/fr\/produit\/carton-decouverte-3x2-casanova-di-neri-campogiovanni-brunello-di-montalcino\/#primaryimage"},"thumbnailUrl":"https:\/\/www.ivinio.com\/wp-content\/uploads\/nc\/public\/modules\/file\/pictures\/4591.packbrunello500x500.jpg","datePublished":"2014-05-21T10:20:31+00:00","dateModified":"2020-12-09T04:31:10+00:00","description":"Un m\u00e9lange de 2x3 bouteilles pour les amateurs de Brunello di Montalcino ! Le carton contient 3 bouteilles de Brunello di Montalcino Casanova di Neri et 3 bouteilles de San Felices Campo Giovanni.","breadcrumb":{"@id":"https:\/\/www.ivinio.com\/fr\/produit\/carton-decouverte-3x2-casanova-di-neri-campogiovanni-brunello-di-montalcino\/#breadcrumb"},"inLanguage":"fr-FR","potentialAction":[{"@type":"ReadAction","target":["https:\/\/www.ivinio.com\/fr\/produit\/carton-decouverte-3x2-casanova-di-neri-campogiovanni-brunello-di-montalcino\/"]}]},{"@type":"ImageObject","inLanguage":"fr-FR","@id":"https:\/\/www.ivinio.com\/fr\/produit\/carton-decouverte-3x2-casanova-di-neri-campogiovanni-brunello-di-montalcino\/#primaryimage","url":"https:\/\/www.ivinio.com\/wp-content\/uploads\/nc\/public\/modules\/file\/pictures\/4591.packbrunello500x500.jpg","contentUrl":"https:\/\/www.ivinio.com\/wp-content\/uploads\/nc\/public\/modules\/file\/pictures\/4591.packbrunello500x500.jpg","width":504,"height":504},{"@type":"BreadcrumbList","@id":"https:\/\/www.ivinio.com\/fr\/produit\/carton-decouverte-3x2-casanova-di-neri-campogiovanni-brunello-di-montalcino\/#breadcrumb","itemListElement":[{"@type":"ListItem","position":1,"name":"Home","item":"https:\/\/www.ivinio.com\/fr\/"},{"@type":"ListItem","position":2,"name":"Boutique de vin","item":"https:\/\/www.ivinio.com\/fr\/boutique-de-vin\/"},{"@type":"ListItem","position":3,"name":"Carton d\u00e9couverte: 3&#215;2 Casanova di Neri &#038; Campogiovanni &#8211; Brunello di Montalcino"}]},{"@type":"WebSite","@id":"https:\/\/www.ivinio.com\/fr\/#website","url":"https:\/\/www.ivinio.com\/fr\/","name":"IVINIO Caviste","description":"Vins de France et d&#039;Italie avec livraison \u00e0 domicile","publisher":{"@id":"https:\/\/www.ivinio.com\/fr\/#organization"},"potentialAction":[{"@type":"SearchAction","target":{"@type":"EntryPoint","urlTemplate":"https:\/\/www.ivinio.com\/fr\/?s={search_term_string}"},"query-input":{"@type":"PropertyValueSpecification","valueRequired":true,"valueName":"search_term_string"}}],"inLanguage":"fr-FR"},{"@type":"Organization","@id":"https:\/\/www.ivinio.com\/fr\/#organization","name":"IVINIO","url":"https:\/\/www.ivinio.com\/fr\/","logo":{"@type":"ImageObject","inLanguage":"fr-FR","@id":"https:\/\/www.ivinio.com\/fr\/#\/schema\/logo\/image\/","url":"https:\/\/www.ivinio.com\/wp-content\/uploads\/2021\/01\/Logo-Ivinio-v2.jpg","contentUrl":"https:\/\/www.ivinio.com\/wp-content\/uploads\/2021\/01\/Logo-Ivinio-v2.jpg","width":1194,"height":1194,"caption":"IVINIO"},"image":{"@id":"https:\/\/www.ivinio.com\/fr\/#\/schema\/logo\/image\/"},"sameAs":["https:\/\/www.facebook.com\/groups\/165217837022391\/?ref=bookmarks","https:\/\/www.instagram.com\/_ivinio_\/?hl=fr"]}]}},"jetpack_sharing_enabled":true,"_links":{"self":[{"href":"https:\/\/www.ivinio.com\/fr\/wp-json\/wp\/v2\/product\/117425","targetHints":{"allow":["GET"]}}],"collection":[{"href":"https:\/\/www.ivinio.com\/fr\/wp-json\/wp\/v2\/product"}],"about":[{"href":"https:\/\/www.ivinio.com\/fr\/wp-json\/wp\/v2\/types\/product"}],"replies":[{"embeddable":true,"href":"https:\/\/www.ivinio.com\/fr\/wp-json\/wp\/v2\/comments?post=117425"}],"wp:featuredmedia":[{"embeddable":true,"href":"https:\/\/www.ivinio.com\/fr\/wp-json\/wp\/v2\/media\/126516"}],"wp:attachment":[{"href":"https:\/\/www.ivinio.com\/fr\/wp-json\/wp\/v2\/media?parent=117425"}],"wp:term":[{"taxonomy":"product_brand","embeddable":true,"href":"https:\/\/www.ivinio.com\/fr\/wp-json\/wp\/v2\/product_brand?post=117425"},{"taxonomy":"product_cat","embeddable":true,"href":"https:\/\/www.ivinio.com\/fr\/wp-json\/wp\/v2\/product_cat?post=117425"},{"taxonomy":"product_tag","embeddable":true,"href":"https:\/\/www.ivinio.com\/fr\/wp-json\/wp\/v2\/product_tag?post=117425"}],"curies":[{"name":"wp","href":"https:\/\/api.w.org\/{rel}","templated":true}]}}