{"id":117374,"date":"2014-05-21T10:20:30","date_gmt":"2014-05-21T10:20:30","guid":{"rendered":"https:\/\/henrik.www.ivinio.com\/?product=nicolas-feuillatte-selection-brut"},"modified":"2022-03-13T10:03:49","modified_gmt":"2022-03-13T09:03:49","slug":"nicolas-feuillatte-selection-brut","status":"publish","type":"product","link":"https:\/\/www.ivinio.com\/fr\/produit\/nicolas-feuillatte-selection-brut\/","title":{"rendered":"Nicolas Feuillatte &#8211; S\u00e9lection Brut"},"content":{"rendered":"<p>Nicolas Feuillatte S\u00e9lection Brut est un champagne de qualit\u00e9 gard\u00e9\u00a02 ans avant sa commercialisation. Le vin est fait de 10% de Chardonnay, 40% Pinot Noir et 50% Pinot Meunier, celle-ci contribue \u00e0 donner un caract\u00e8re fruit\u00e9 et aromatique au vin.<\/p>\n","protected":false},"excerpt":{"rendered":"<p>Nicolas Feuillatte S\u00e9lection Brut est un Champagne de bon\u00a0rapport qualit\u00e9 \/ prix. Il est frais et fruit\u00e9, se d\u00e9guste en ap\u00e9ritif ou sur une belle entr\u00e9e d\u00e9licate.<\/p>\n","protected":false},"featured_media":117377,"comment_status":"open","ping_status":"closed","template":"","meta":{"_monsterinsights_skip_tracking":false,"_monsterinsights_sitenote_active":false,"_monsterinsights_sitenote_note":"","_monsterinsights_sitenote_category":0,"_uf_show_specific_survey":0,"_uf_disable_surveys":false},"product_brand":[],"product_cat":[36613,36586],"product_tag":[],"class_list":{"0":"post-117374","1":"product","2":"type-product","3":"status-publish","4":"has-post-thumbnail","6":"product_cat-fr-champagne","7":"product_cat-vins-francais","8":"pa_alcohol-degree-12-fr","9":"pa_awards-wine-enthusiast-fr","10":"pa_classification-aop-champagne-fr","11":"pa_color-mousseux-fr","12":"pa_country-france-fr","13":"pa_grape-variety-chardonnay-fr","14":"pa_grape-variety-pinot-meunier-fr","15":"pa_grape-variety-pinot-noir-fr","16":"pa_region-champagne-fr","17":"pa_storage-potential-3-ans-fr","18":"pa_volume-75-cl-fr","20":"first","21":"outofstock","22":"taxable","23":"shipping-taxable","24":"purchasable","25":"product-type-simple"},"bundled_by":[],"bundle_stock_status":"outofstock","bundle_stock_quantity":null,"bundle_virtual":false,"bundle_layout":"","bundle_add_to_cart_form_location":"","bundle_editable_in_cart":false,"bundle_sold_individually_context":"","bundle_item_grouping":"","bundle_min_size":"","bundle_max_size":"","bundle_price":[],"bundled_items":[],"bundle_sell_ids":[],"yoast_head":"<!-- This site is optimized with the Yoast SEO plugin v27.3 - https:\/\/yoast.com\/product\/yoast-seo-wordpress\/ -->\n<title>Acheter Champagne Nicolas Feuillatte - S\u00e9lection Brut - IVINIO Wine Shop<\/title>\n<meta name=\"description\" content=\"Acheter Champagne Nicolas Feuillatte - S\u00e9lection Brut. Un champagne abordable avec un go\u00fbt fruit\u00e9 et frais. Livr\u00e9 directement \u00e0 la maison.\" \/>\n<meta name=\"robots\" content=\"index, follow, max-snippet:-1, max-image-preview:large, max-video-preview:-1\" \/>\n<link rel=\"canonical\" href=\"https:\/\/www.ivinio.com\/fr\/produit\/nicolas-feuillatte-selection-brut\/\" \/>\n<meta property=\"og:locale\" content=\"fr_FR\" \/>\n<meta property=\"og:type\" content=\"article\" \/>\n<meta property=\"og:title\" content=\"Acheter Champagne Nicolas Feuillatte - S\u00e9lection Brut - IVINIO Wine Shop\" \/>\n<meta property=\"og:description\" content=\"Acheter Champagne Nicolas Feuillatte - S\u00e9lection Brut. Un champagne abordable avec un go\u00fbt fruit\u00e9 et frais. Livr\u00e9 directement \u00e0 la maison.\" \/>\n<meta property=\"og:url\" content=\"https:\/\/www.ivinio.com\/fr\/produit\/nicolas-feuillatte-selection-brut\/\" \/>\n<meta property=\"og:site_name\" content=\"IVINIO Wine Shop\" \/>\n<meta property=\"article:publisher\" content=\"https:\/\/www.facebook.com\/groups\/165217837022391\/?ref=bookmarks\" \/>\n<meta property=\"article:modified_time\" content=\"2022-03-13T09:03:49+00:00\" \/>\n<meta property=\"og:image\" content=\"https:\/\/www.ivinio.com\/wp-content\/uploads\/nc\/public\/modules\/file\/pictures\/6760.nicolas-feuillatte-S-lection-brut-IVINIO.jpg\" \/>\n\t<meta property=\"og:image:width\" content=\"500\" \/>\n\t<meta property=\"og:image:height\" content=\"500\" \/>\n\t<meta property=\"og:image:type\" content=\"image\/jpeg\" \/>\n<meta name=\"twitter:card\" content=\"summary_large_image\" \/>\n<script type=\"application\/ld+json\" class=\"yoast-schema-graph\">{\"@context\":\"https:\\\/\\\/schema.org\",\"@graph\":[{\"@type\":\"WebPage\",\"@id\":\"https:\\\/\\\/www.ivinio.com\\\/fr\\\/produit\\\/nicolas-feuillatte-selection-brut\\\/\",\"url\":\"https:\\\/\\\/www.ivinio.com\\\/fr\\\/produit\\\/nicolas-feuillatte-selection-brut\\\/\",\"name\":\"Acheter Champagne Nicolas Feuillatte - S\u00e9lection Brut - IVINIO Wine Shop\",\"isPartOf\":{\"@id\":\"https:\\\/\\\/www.ivinio.com\\\/fr\\\/#website\"},\"primaryImageOfPage\":{\"@id\":\"https:\\\/\\\/www.ivinio.com\\\/fr\\\/produit\\\/nicolas-feuillatte-selection-brut\\\/#primaryimage\"},\"image\":{\"@id\":\"https:\\\/\\\/www.ivinio.com\\\/fr\\\/produit\\\/nicolas-feuillatte-selection-brut\\\/#primaryimage\"},\"thumbnailUrl\":\"https:\\\/\\\/www.ivinio.com\\\/wp-content\\\/uploads\\\/nc\\\/public\\\/modules\\\/file\\\/pictures\\\/6760.nicolas-feuillatte-S-lection-brut-IVINIO.jpg\",\"datePublished\":\"2014-05-21T10:20:30+00:00\",\"dateModified\":\"2022-03-13T09:03:49+00:00\",\"description\":\"Acheter Champagne Nicolas Feuillatte - S\u00e9lection Brut. Un champagne abordable avec un go\u00fbt fruit\u00e9 et frais. Livr\u00e9 directement \u00e0 la maison.\",\"breadcrumb\":{\"@id\":\"https:\\\/\\\/www.ivinio.com\\\/fr\\\/produit\\\/nicolas-feuillatte-selection-brut\\\/#breadcrumb\"},\"inLanguage\":\"fr-FR\",\"potentialAction\":[{\"@type\":\"ReadAction\",\"target\":[\"https:\\\/\\\/www.ivinio.com\\\/fr\\\/produit\\\/nicolas-feuillatte-selection-brut\\\/\"]}]},{\"@type\":\"ImageObject\",\"inLanguage\":\"fr-FR\",\"@id\":\"https:\\\/\\\/www.ivinio.com\\\/fr\\\/produit\\\/nicolas-feuillatte-selection-brut\\\/#primaryimage\",\"url\":\"https:\\\/\\\/www.ivinio.com\\\/wp-content\\\/uploads\\\/nc\\\/public\\\/modules\\\/file\\\/pictures\\\/6760.nicolas-feuillatte-S-lection-brut-IVINIO.jpg\",\"contentUrl\":\"https:\\\/\\\/www.ivinio.com\\\/wp-content\\\/uploads\\\/nc\\\/public\\\/modules\\\/file\\\/pictures\\\/6760.nicolas-feuillatte-S-lection-brut-IVINIO.jpg\",\"width\":500,\"height\":500,\"caption\":\"Champagne Nicolas Feuillatte - S\u00e9lection Brut\"},{\"@type\":\"BreadcrumbList\",\"@id\":\"https:\\\/\\\/www.ivinio.com\\\/fr\\\/produit\\\/nicolas-feuillatte-selection-brut\\\/#breadcrumb\",\"itemListElement\":[{\"@type\":\"ListItem\",\"position\":1,\"name\":\"Home\",\"item\":\"https:\\\/\\\/www.ivinio.com\\\/fr\\\/\"},{\"@type\":\"ListItem\",\"position\":2,\"name\":\"Boutique de vin\",\"item\":\"https:\\\/\\\/www.ivinio.com\\\/fr\\\/boutique-de-vin\\\/\"},{\"@type\":\"ListItem\",\"position\":3,\"name\":\"Nicolas Feuillatte &#8211; S\u00e9lection Brut\"}]},{\"@type\":\"WebSite\",\"@id\":\"https:\\\/\\\/www.ivinio.com\\\/fr\\\/#website\",\"url\":\"https:\\\/\\\/www.ivinio.com\\\/fr\\\/\",\"name\":\"IVINIO Wine Shop\",\"description\":\"French and Italian wines with delivery to your door\",\"publisher\":{\"@id\":\"https:\\\/\\\/www.ivinio.com\\\/fr\\\/#organization\"},\"potentialAction\":[{\"@type\":\"SearchAction\",\"target\":{\"@type\":\"EntryPoint\",\"urlTemplate\":\"https:\\\/\\\/www.ivinio.com\\\/fr\\\/?s={search_term_string}\"},\"query-input\":{\"@type\":\"PropertyValueSpecification\",\"valueRequired\":true,\"valueName\":\"search_term_string\"}}],\"inLanguage\":\"fr-FR\"},{\"@type\":\"Organization\",\"@id\":\"https:\\\/\\\/www.ivinio.com\\\/fr\\\/#organization\",\"name\":\"IVINIO\",\"url\":\"https:\\\/\\\/www.ivinio.com\\\/fr\\\/\",\"logo\":{\"@type\":\"ImageObject\",\"inLanguage\":\"fr-FR\",\"@id\":\"https:\\\/\\\/www.ivinio.com\\\/fr\\\/#\\\/schema\\\/logo\\\/image\\\/\",\"url\":\"https:\\\/\\\/www.ivinio.com\\\/wp-content\\\/uploads\\\/2021\\\/01\\\/Logo-Ivinio-v2.jpg\",\"contentUrl\":\"https:\\\/\\\/www.ivinio.com\\\/wp-content\\\/uploads\\\/2021\\\/01\\\/Logo-Ivinio-v2.jpg\",\"width\":1194,\"height\":1194,\"caption\":\"IVINIO\"},\"image\":{\"@id\":\"https:\\\/\\\/www.ivinio.com\\\/fr\\\/#\\\/schema\\\/logo\\\/image\\\/\"},\"sameAs\":[\"https:\\\/\\\/www.facebook.com\\\/groups\\\/165217837022391\\\/?ref=bookmarks\",\"https:\\\/\\\/www.instagram.com\\\/_ivinio_\\\/?hl=fr\"]}]}<\/script>\n<!-- \/ Yoast SEO plugin. -->","yoast_head_json":{"title":"Acheter Champagne Nicolas Feuillatte - S\u00e9lection Brut - IVINIO Wine Shop","description":"Acheter Champagne Nicolas Feuillatte - S\u00e9lection Brut. Un champagne abordable avec un go\u00fbt fruit\u00e9 et frais. Livr\u00e9 directement \u00e0 la maison.","robots":{"index":"index","follow":"follow","max-snippet":"max-snippet:-1","max-image-preview":"max-image-preview:large","max-video-preview":"max-video-preview:-1"},"canonical":"https:\/\/www.ivinio.com\/fr\/produit\/nicolas-feuillatte-selection-brut\/","og_locale":"fr_FR","og_type":"article","og_title":"Acheter Champagne Nicolas Feuillatte - S\u00e9lection Brut - IVINIO Wine Shop","og_description":"Acheter Champagne Nicolas Feuillatte - S\u00e9lection Brut. Un champagne abordable avec un go\u00fbt fruit\u00e9 et frais. Livr\u00e9 directement \u00e0 la maison.","og_url":"https:\/\/www.ivinio.com\/fr\/produit\/nicolas-feuillatte-selection-brut\/","og_site_name":"IVINIO Wine Shop","article_publisher":"https:\/\/www.facebook.com\/groups\/165217837022391\/?ref=bookmarks","article_modified_time":"2022-03-13T09:03:49+00:00","og_image":[{"width":500,"height":500,"url":"https:\/\/www.ivinio.com\/wp-content\/uploads\/nc\/public\/modules\/file\/pictures\/6760.nicolas-feuillatte-S-lection-brut-IVINIO.jpg","type":"image\/jpeg"}],"twitter_card":"summary_large_image","schema":{"@context":"https:\/\/schema.org","@graph":[{"@type":"WebPage","@id":"https:\/\/www.ivinio.com\/fr\/produit\/nicolas-feuillatte-selection-brut\/","url":"https:\/\/www.ivinio.com\/fr\/produit\/nicolas-feuillatte-selection-brut\/","name":"Acheter Champagne Nicolas Feuillatte - S\u00e9lection Brut - IVINIO Wine Shop","isPartOf":{"@id":"https:\/\/www.ivinio.com\/fr\/#website"},"primaryImageOfPage":{"@id":"https:\/\/www.ivinio.com\/fr\/produit\/nicolas-feuillatte-selection-brut\/#primaryimage"},"image":{"@id":"https:\/\/www.ivinio.com\/fr\/produit\/nicolas-feuillatte-selection-brut\/#primaryimage"},"thumbnailUrl":"https:\/\/www.ivinio.com\/wp-content\/uploads\/nc\/public\/modules\/file\/pictures\/6760.nicolas-feuillatte-S-lection-brut-IVINIO.jpg","datePublished":"2014-05-21T10:20:30+00:00","dateModified":"2022-03-13T09:03:49+00:00","description":"Acheter Champagne Nicolas Feuillatte - S\u00e9lection Brut. Un champagne abordable avec un go\u00fbt fruit\u00e9 et frais. Livr\u00e9 directement \u00e0 la maison.","breadcrumb":{"@id":"https:\/\/www.ivinio.com\/fr\/produit\/nicolas-feuillatte-selection-brut\/#breadcrumb"},"inLanguage":"fr-FR","potentialAction":[{"@type":"ReadAction","target":["https:\/\/www.ivinio.com\/fr\/produit\/nicolas-feuillatte-selection-brut\/"]}]},{"@type":"ImageObject","inLanguage":"fr-FR","@id":"https:\/\/www.ivinio.com\/fr\/produit\/nicolas-feuillatte-selection-brut\/#primaryimage","url":"https:\/\/www.ivinio.com\/wp-content\/uploads\/nc\/public\/modules\/file\/pictures\/6760.nicolas-feuillatte-S-lection-brut-IVINIO.jpg","contentUrl":"https:\/\/www.ivinio.com\/wp-content\/uploads\/nc\/public\/modules\/file\/pictures\/6760.nicolas-feuillatte-S-lection-brut-IVINIO.jpg","width":500,"height":500,"caption":"Champagne Nicolas Feuillatte - S\u00e9lection Brut"},{"@type":"BreadcrumbList","@id":"https:\/\/www.ivinio.com\/fr\/produit\/nicolas-feuillatte-selection-brut\/#breadcrumb","itemListElement":[{"@type":"ListItem","position":1,"name":"Home","item":"https:\/\/www.ivinio.com\/fr\/"},{"@type":"ListItem","position":2,"name":"Boutique de vin","item":"https:\/\/www.ivinio.com\/fr\/boutique-de-vin\/"},{"@type":"ListItem","position":3,"name":"Nicolas Feuillatte &#8211; S\u00e9lection Brut"}]},{"@type":"WebSite","@id":"https:\/\/www.ivinio.com\/fr\/#website","url":"https:\/\/www.ivinio.com\/fr\/","name":"IVINIO Wine Shop","description":"French and Italian wines with delivery to your door","publisher":{"@id":"https:\/\/www.ivinio.com\/fr\/#organization"},"potentialAction":[{"@type":"SearchAction","target":{"@type":"EntryPoint","urlTemplate":"https:\/\/www.ivinio.com\/fr\/?s={search_term_string}"},"query-input":{"@type":"PropertyValueSpecification","valueRequired":true,"valueName":"search_term_string"}}],"inLanguage":"fr-FR"},{"@type":"Organization","@id":"https:\/\/www.ivinio.com\/fr\/#organization","name":"IVINIO","url":"https:\/\/www.ivinio.com\/fr\/","logo":{"@type":"ImageObject","inLanguage":"fr-FR","@id":"https:\/\/www.ivinio.com\/fr\/#\/schema\/logo\/image\/","url":"https:\/\/www.ivinio.com\/wp-content\/uploads\/2021\/01\/Logo-Ivinio-v2.jpg","contentUrl":"https:\/\/www.ivinio.com\/wp-content\/uploads\/2021\/01\/Logo-Ivinio-v2.jpg","width":1194,"height":1194,"caption":"IVINIO"},"image":{"@id":"https:\/\/www.ivinio.com\/fr\/#\/schema\/logo\/image\/"},"sameAs":["https:\/\/www.facebook.com\/groups\/165217837022391\/?ref=bookmarks","https:\/\/www.instagram.com\/_ivinio_\/?hl=fr"]}]}},"jetpack_sharing_enabled":true,"_links":{"self":[{"href":"https:\/\/www.ivinio.com\/fr\/wp-json\/wp\/v2\/product\/117374","targetHints":{"allow":["GET"]}}],"collection":[{"href":"https:\/\/www.ivinio.com\/fr\/wp-json\/wp\/v2\/product"}],"about":[{"href":"https:\/\/www.ivinio.com\/fr\/wp-json\/wp\/v2\/types\/product"}],"replies":[{"embeddable":true,"href":"https:\/\/www.ivinio.com\/fr\/wp-json\/wp\/v2\/comments?post=117374"}],"wp:featuredmedia":[{"embeddable":true,"href":"https:\/\/www.ivinio.com\/fr\/wp-json\/wp\/v2\/media\/117377"}],"wp:attachment":[{"href":"https:\/\/www.ivinio.com\/fr\/wp-json\/wp\/v2\/media?parent=117374"}],"wp:term":[{"taxonomy":"product_brand","embeddable":true,"href":"https:\/\/www.ivinio.com\/fr\/wp-json\/wp\/v2\/product_brand?post=117374"},{"taxonomy":"product_cat","embeddable":true,"href":"https:\/\/www.ivinio.com\/fr\/wp-json\/wp\/v2\/product_cat?post=117374"},{"taxonomy":"product_tag","embeddable":true,"href":"https:\/\/www.ivinio.com\/fr\/wp-json\/wp\/v2\/product_tag?post=117374"}],"curies":[{"name":"wp","href":"https:\/\/api.w.org\/{rel}","templated":true}]}}