{"id":117363,"date":"2014-05-21T12:20:30","date_gmt":"2014-05-21T10:20:30","guid":{"rendered":"https:\/\/henrik.www.ivinio.com\/?product=domaine-meyer-fonne-gewurtztraminer-reserve-blanc"},"modified":"2023-08-11T15:16:56","modified_gmt":"2023-08-11T13:16:56","slug":"domaine-meyer-fonne-gewurtztraminer-reserve-blanc","status":"publish","type":"product","link":"https:\/\/www.ivinio.com\/fr\/produit\/domaine-meyer-fonne-gewurtztraminer-reserve-blanc\/","title":{"rendered":"Domaine Meyer-Fonn\u00e9 Gewurtztraminer R\u00e9serve &#8211; Blanc"},"content":{"rendered":"<p>Le Gewurztraminer R\u00e9serve est compos\u00e9 \u00e0 100% du c\u00e9page\u00a0Gewurtztraminer. Elev\u00e9s en agriculture biologique, les raisins sont r\u00e9colt\u00e9s manuellement. Un tr\u00e8s bon vin fruit\u00e9 et subtilement doux.\u00a0La douceur de Gewurztraminer peut parfois donner de la lourdeur \u00e0 ce vin, mais celui-ci est tr\u00e8s fruit\u00e9 et l\u00e9g\u00e8rement sucr\u00e9\u00a0!<\/p>\n<p>Une pure merveille !<\/p>\n","protected":false},"excerpt":{"rendered":"<p>Gewurtztraminer aromatique, notes de roses, d&#8217;\u00e9pices et de fruits exotiques. Palais fruit\u00e9 (fruits m\u00fbrs), notes de miel.<\/p>\n","protected":false},"featured_media":117366,"comment_status":"open","ping_status":"closed","template":"","meta":{"_monsterinsights_skip_tracking":false,"_monsterinsights_sitenote_active":false,"_monsterinsights_sitenote_note":"","_monsterinsights_sitenote_category":0,"_uf_show_specific_survey":0,"_uf_disable_surveys":false},"product_brand":[],"product_cat":[36640,36586],"product_tag":[],"class_list":{"0":"post-117363","1":"product","2":"type-product","3":"status-publish","4":"has-post-thumbnail","6":"product_cat-fr-alsace","7":"product_cat-vins-francais","8":"pa_alcohol-degree-40057","9":"pa_classification-aop-aloxe-corton-fr-fr","10":"pa_color-blanc-fr","11":"pa_country-france-fr","12":"pa_grape-variety-gewurtztraminer-fr","13":"pa_region-alsace-fr","14":"pa_storage-potential-5-ans-fr","15":"pa_vintage-2020-fr","16":"pa_volume-75-cl-fr","18":"first","19":"instock","20":"taxable","21":"shipping-taxable","22":"purchasable","23":"product-type-simple"},"bundled_by":[],"bundle_stock_status":"instock","bundle_stock_quantity":null,"bundle_virtual":false,"bundle_layout":"","bundle_add_to_cart_form_location":"","bundle_editable_in_cart":false,"bundle_sold_individually_context":"","bundle_item_grouping":"","bundle_min_size":"","bundle_max_size":"","bundle_price":[],"bundled_items":[],"bundle_sell_ids":[],"yoast_head":"<!-- This site is optimized with the Yoast SEO plugin v27.4 - https:\/\/yoast.com\/product\/yoast-seo-wordpress\/ -->\n<title>Achat Domaine Meyer-Fonn\u00e9 Gewurtztraminer R\u00e9serve - IVINIO Caviste<\/title>\n<meta name=\"description\" content=\"Domaine Meyer-Fonn\u00e9 Gewurtztraminer R\u00e9serve. Aromatique, notes de roses, d&#039;\u00e9pices et de fruits exotiques. Palais fruit\u00e9 (fruits m\u00fbrs), notes de miel.\" \/>\n<meta name=\"robots\" content=\"index, follow, max-snippet:-1, max-image-preview:large, max-video-preview:-1\" \/>\n<link rel=\"canonical\" href=\"https:\/\/www.ivinio.com\/fr\/produit\/domaine-meyer-fonne-gewurtztraminer-reserve-blanc\/\" \/>\n<meta property=\"og:locale\" content=\"fr_FR\" \/>\n<meta property=\"og:type\" content=\"article\" \/>\n<meta property=\"og:title\" content=\"Achat Domaine Meyer-Fonn\u00e9 Gewurtztraminer R\u00e9serve - IVINIO Caviste\" \/>\n<meta property=\"og:description\" content=\"Domaine Meyer-Fonn\u00e9 Gewurtztraminer R\u00e9serve. Aromatique, notes de roses, d&#039;\u00e9pices et de fruits exotiques. Palais fruit\u00e9 (fruits m\u00fbrs), notes de miel.\" \/>\n<meta property=\"og:url\" content=\"https:\/\/www.ivinio.com\/fr\/produit\/domaine-meyer-fonne-gewurtztraminer-reserve-blanc\/\" \/>\n<meta property=\"og:site_name\" content=\"IVINIO Caviste\" \/>\n<meta property=\"article:publisher\" content=\"https:\/\/www.facebook.com\/groups\/165217837022391\/?ref=bookmarks\" \/>\n<meta property=\"article:modified_time\" content=\"2023-08-11T13:16:56+00:00\" \/>\n<meta property=\"og:image\" content=\"https:\/\/www.ivinio.com\/wp-content\/uploads\/nc\/public\/modules\/file\/pictures\/4329.meyerfonn-gewurt.jpg\" \/>\n\t<meta property=\"og:image:width\" content=\"500\" \/>\n\t<meta property=\"og:image:height\" content=\"500\" \/>\n\t<meta property=\"og:image:type\" content=\"image\/jpeg\" \/>\n<meta name=\"twitter:card\" content=\"summary_large_image\" \/>\n<meta name=\"twitter:label1\" content=\"Dur\u00e9e de lecture estim\u00e9e\" \/>\n\t<meta name=\"twitter:data1\" content=\"1 minute\" \/>\n<script type=\"application\/ld+json\" class=\"yoast-schema-graph\">{\"@context\":\"https:\\\/\\\/schema.org\",\"@graph\":[{\"@type\":\"WebPage\",\"@id\":\"https:\\\/\\\/www.ivinio.com\\\/fr\\\/produit\\\/domaine-meyer-fonne-gewurtztraminer-reserve-blanc\\\/\",\"url\":\"https:\\\/\\\/www.ivinio.com\\\/fr\\\/produit\\\/domaine-meyer-fonne-gewurtztraminer-reserve-blanc\\\/\",\"name\":\"Achat Domaine Meyer-Fonn\u00e9 Gewurtztraminer R\u00e9serve - IVINIO Caviste\",\"isPartOf\":{\"@id\":\"https:\\\/\\\/www.ivinio.com\\\/fr\\\/#website\"},\"primaryImageOfPage\":{\"@id\":\"https:\\\/\\\/www.ivinio.com\\\/fr\\\/produit\\\/domaine-meyer-fonne-gewurtztraminer-reserve-blanc\\\/#primaryimage\"},\"image\":{\"@id\":\"https:\\\/\\\/www.ivinio.com\\\/fr\\\/produit\\\/domaine-meyer-fonne-gewurtztraminer-reserve-blanc\\\/#primaryimage\"},\"thumbnailUrl\":\"https:\\\/\\\/www.ivinio.com\\\/wp-content\\\/uploads\\\/nc\\\/public\\\/modules\\\/file\\\/pictures\\\/4329.meyerfonn-gewurt.jpg\",\"datePublished\":\"2014-05-21T10:20:30+00:00\",\"dateModified\":\"2023-08-11T13:16:56+00:00\",\"description\":\"Domaine Meyer-Fonn\u00e9 Gewurtztraminer R\u00e9serve. Aromatique, notes de roses, d'\u00e9pices et de fruits exotiques. Palais fruit\u00e9 (fruits m\u00fbrs), notes de miel.\",\"breadcrumb\":{\"@id\":\"https:\\\/\\\/www.ivinio.com\\\/fr\\\/produit\\\/domaine-meyer-fonne-gewurtztraminer-reserve-blanc\\\/#breadcrumb\"},\"inLanguage\":\"fr-FR\",\"potentialAction\":[{\"@type\":\"ReadAction\",\"target\":[\"https:\\\/\\\/www.ivinio.com\\\/fr\\\/produit\\\/domaine-meyer-fonne-gewurtztraminer-reserve-blanc\\\/\"]}]},{\"@type\":\"ImageObject\",\"inLanguage\":\"fr-FR\",\"@id\":\"https:\\\/\\\/www.ivinio.com\\\/fr\\\/produit\\\/domaine-meyer-fonne-gewurtztraminer-reserve-blanc\\\/#primaryimage\",\"url\":\"https:\\\/\\\/www.ivinio.com\\\/wp-content\\\/uploads\\\/nc\\\/public\\\/modules\\\/file\\\/pictures\\\/4329.meyerfonn-gewurt.jpg\",\"contentUrl\":\"https:\\\/\\\/www.ivinio.com\\\/wp-content\\\/uploads\\\/nc\\\/public\\\/modules\\\/file\\\/pictures\\\/4329.meyerfonn-gewurt.jpg\",\"width\":500,\"height\":500},{\"@type\":\"BreadcrumbList\",\"@id\":\"https:\\\/\\\/www.ivinio.com\\\/fr\\\/produit\\\/domaine-meyer-fonne-gewurtztraminer-reserve-blanc\\\/#breadcrumb\",\"itemListElement\":[{\"@type\":\"ListItem\",\"position\":1,\"name\":\"Home\",\"item\":\"https:\\\/\\\/www.ivinio.com\\\/fr\\\/\"},{\"@type\":\"ListItem\",\"position\":2,\"name\":\"Boutique de vin\",\"item\":\"https:\\\/\\\/www.ivinio.com\\\/fr\\\/boutique-de-vin\\\/\"},{\"@type\":\"ListItem\",\"position\":3,\"name\":\"Domaine Meyer-Fonn\u00e9 Gewurtztraminer R\u00e9serve &#8211; Blanc\"}]},{\"@type\":\"WebSite\",\"@id\":\"https:\\\/\\\/www.ivinio.com\\\/fr\\\/#website\",\"url\":\"https:\\\/\\\/www.ivinio.com\\\/fr\\\/\",\"name\":\"IVINIO Caviste\",\"description\":\"Vins de France et d&#039;Italie avec livraison \u00e0 domicile\",\"publisher\":{\"@id\":\"https:\\\/\\\/www.ivinio.com\\\/fr\\\/#organization\"},\"potentialAction\":[{\"@type\":\"SearchAction\",\"target\":{\"@type\":\"EntryPoint\",\"urlTemplate\":\"https:\\\/\\\/www.ivinio.com\\\/fr\\\/?s={search_term_string}\"},\"query-input\":{\"@type\":\"PropertyValueSpecification\",\"valueRequired\":true,\"valueName\":\"search_term_string\"}}],\"inLanguage\":\"fr-FR\"},{\"@type\":\"Organization\",\"@id\":\"https:\\\/\\\/www.ivinio.com\\\/fr\\\/#organization\",\"name\":\"IVINIO\",\"url\":\"https:\\\/\\\/www.ivinio.com\\\/fr\\\/\",\"logo\":{\"@type\":\"ImageObject\",\"inLanguage\":\"fr-FR\",\"@id\":\"https:\\\/\\\/www.ivinio.com\\\/fr\\\/#\\\/schema\\\/logo\\\/image\\\/\",\"url\":\"https:\\\/\\\/www.ivinio.com\\\/wp-content\\\/uploads\\\/2021\\\/01\\\/Logo-Ivinio-v2.jpg\",\"contentUrl\":\"https:\\\/\\\/www.ivinio.com\\\/wp-content\\\/uploads\\\/2021\\\/01\\\/Logo-Ivinio-v2.jpg\",\"width\":1194,\"height\":1194,\"caption\":\"IVINIO\"},\"image\":{\"@id\":\"https:\\\/\\\/www.ivinio.com\\\/fr\\\/#\\\/schema\\\/logo\\\/image\\\/\"},\"sameAs\":[\"https:\\\/\\\/www.facebook.com\\\/groups\\\/165217837022391\\\/?ref=bookmarks\",\"https:\\\/\\\/www.instagram.com\\\/_ivinio_\\\/?hl=fr\"]}]}<\/script>\n<!-- \/ Yoast SEO plugin. -->","yoast_head_json":{"title":"Achat Domaine Meyer-Fonn\u00e9 Gewurtztraminer R\u00e9serve - IVINIO Caviste","description":"Domaine Meyer-Fonn\u00e9 Gewurtztraminer R\u00e9serve. Aromatique, notes de roses, d'\u00e9pices et de fruits exotiques. Palais fruit\u00e9 (fruits m\u00fbrs), notes de miel.","robots":{"index":"index","follow":"follow","max-snippet":"max-snippet:-1","max-image-preview":"max-image-preview:large","max-video-preview":"max-video-preview:-1"},"canonical":"https:\/\/www.ivinio.com\/fr\/produit\/domaine-meyer-fonne-gewurtztraminer-reserve-blanc\/","og_locale":"fr_FR","og_type":"article","og_title":"Achat Domaine Meyer-Fonn\u00e9 Gewurtztraminer R\u00e9serve - IVINIO Caviste","og_description":"Domaine Meyer-Fonn\u00e9 Gewurtztraminer R\u00e9serve. Aromatique, notes de roses, d'\u00e9pices et de fruits exotiques. Palais fruit\u00e9 (fruits m\u00fbrs), notes de miel.","og_url":"https:\/\/www.ivinio.com\/fr\/produit\/domaine-meyer-fonne-gewurtztraminer-reserve-blanc\/","og_site_name":"IVINIO Caviste","article_publisher":"https:\/\/www.facebook.com\/groups\/165217837022391\/?ref=bookmarks","article_modified_time":"2023-08-11T13:16:56+00:00","og_image":[{"width":500,"height":500,"url":"https:\/\/www.ivinio.com\/wp-content\/uploads\/nc\/public\/modules\/file\/pictures\/4329.meyerfonn-gewurt.jpg","type":"image\/jpeg"}],"twitter_card":"summary_large_image","twitter_misc":{"Dur\u00e9e de lecture estim\u00e9e":"1 minute"},"schema":{"@context":"https:\/\/schema.org","@graph":[{"@type":"WebPage","@id":"https:\/\/www.ivinio.com\/fr\/produit\/domaine-meyer-fonne-gewurtztraminer-reserve-blanc\/","url":"https:\/\/www.ivinio.com\/fr\/produit\/domaine-meyer-fonne-gewurtztraminer-reserve-blanc\/","name":"Achat Domaine Meyer-Fonn\u00e9 Gewurtztraminer R\u00e9serve - IVINIO Caviste","isPartOf":{"@id":"https:\/\/www.ivinio.com\/fr\/#website"},"primaryImageOfPage":{"@id":"https:\/\/www.ivinio.com\/fr\/produit\/domaine-meyer-fonne-gewurtztraminer-reserve-blanc\/#primaryimage"},"image":{"@id":"https:\/\/www.ivinio.com\/fr\/produit\/domaine-meyer-fonne-gewurtztraminer-reserve-blanc\/#primaryimage"},"thumbnailUrl":"https:\/\/www.ivinio.com\/wp-content\/uploads\/nc\/public\/modules\/file\/pictures\/4329.meyerfonn-gewurt.jpg","datePublished":"2014-05-21T10:20:30+00:00","dateModified":"2023-08-11T13:16:56+00:00","description":"Domaine Meyer-Fonn\u00e9 Gewurtztraminer R\u00e9serve. Aromatique, notes de roses, d'\u00e9pices et de fruits exotiques. Palais fruit\u00e9 (fruits m\u00fbrs), notes de miel.","breadcrumb":{"@id":"https:\/\/www.ivinio.com\/fr\/produit\/domaine-meyer-fonne-gewurtztraminer-reserve-blanc\/#breadcrumb"},"inLanguage":"fr-FR","potentialAction":[{"@type":"ReadAction","target":["https:\/\/www.ivinio.com\/fr\/produit\/domaine-meyer-fonne-gewurtztraminer-reserve-blanc\/"]}]},{"@type":"ImageObject","inLanguage":"fr-FR","@id":"https:\/\/www.ivinio.com\/fr\/produit\/domaine-meyer-fonne-gewurtztraminer-reserve-blanc\/#primaryimage","url":"https:\/\/www.ivinio.com\/wp-content\/uploads\/nc\/public\/modules\/file\/pictures\/4329.meyerfonn-gewurt.jpg","contentUrl":"https:\/\/www.ivinio.com\/wp-content\/uploads\/nc\/public\/modules\/file\/pictures\/4329.meyerfonn-gewurt.jpg","width":500,"height":500},{"@type":"BreadcrumbList","@id":"https:\/\/www.ivinio.com\/fr\/produit\/domaine-meyer-fonne-gewurtztraminer-reserve-blanc\/#breadcrumb","itemListElement":[{"@type":"ListItem","position":1,"name":"Home","item":"https:\/\/www.ivinio.com\/fr\/"},{"@type":"ListItem","position":2,"name":"Boutique de vin","item":"https:\/\/www.ivinio.com\/fr\/boutique-de-vin\/"},{"@type":"ListItem","position":3,"name":"Domaine Meyer-Fonn\u00e9 Gewurtztraminer R\u00e9serve &#8211; Blanc"}]},{"@type":"WebSite","@id":"https:\/\/www.ivinio.com\/fr\/#website","url":"https:\/\/www.ivinio.com\/fr\/","name":"IVINIO Caviste","description":"Vins de France et d&#039;Italie avec livraison \u00e0 domicile","publisher":{"@id":"https:\/\/www.ivinio.com\/fr\/#organization"},"potentialAction":[{"@type":"SearchAction","target":{"@type":"EntryPoint","urlTemplate":"https:\/\/www.ivinio.com\/fr\/?s={search_term_string}"},"query-input":{"@type":"PropertyValueSpecification","valueRequired":true,"valueName":"search_term_string"}}],"inLanguage":"fr-FR"},{"@type":"Organization","@id":"https:\/\/www.ivinio.com\/fr\/#organization","name":"IVINIO","url":"https:\/\/www.ivinio.com\/fr\/","logo":{"@type":"ImageObject","inLanguage":"fr-FR","@id":"https:\/\/www.ivinio.com\/fr\/#\/schema\/logo\/image\/","url":"https:\/\/www.ivinio.com\/wp-content\/uploads\/2021\/01\/Logo-Ivinio-v2.jpg","contentUrl":"https:\/\/www.ivinio.com\/wp-content\/uploads\/2021\/01\/Logo-Ivinio-v2.jpg","width":1194,"height":1194,"caption":"IVINIO"},"image":{"@id":"https:\/\/www.ivinio.com\/fr\/#\/schema\/logo\/image\/"},"sameAs":["https:\/\/www.facebook.com\/groups\/165217837022391\/?ref=bookmarks","https:\/\/www.instagram.com\/_ivinio_\/?hl=fr"]}]}},"jetpack_sharing_enabled":true,"_links":{"self":[{"href":"https:\/\/www.ivinio.com\/fr\/wp-json\/wp\/v2\/product\/117363","targetHints":{"allow":["GET"]}}],"collection":[{"href":"https:\/\/www.ivinio.com\/fr\/wp-json\/wp\/v2\/product"}],"about":[{"href":"https:\/\/www.ivinio.com\/fr\/wp-json\/wp\/v2\/types\/product"}],"replies":[{"embeddable":true,"href":"https:\/\/www.ivinio.com\/fr\/wp-json\/wp\/v2\/comments?post=117363"}],"wp:featuredmedia":[{"embeddable":true,"href":"https:\/\/www.ivinio.com\/fr\/wp-json\/wp\/v2\/media\/117366"}],"wp:attachment":[{"href":"https:\/\/www.ivinio.com\/fr\/wp-json\/wp\/v2\/media?parent=117363"}],"wp:term":[{"taxonomy":"product_brand","embeddable":true,"href":"https:\/\/www.ivinio.com\/fr\/wp-json\/wp\/v2\/product_brand?post=117363"},{"taxonomy":"product_cat","embeddable":true,"href":"https:\/\/www.ivinio.com\/fr\/wp-json\/wp\/v2\/product_cat?post=117363"},{"taxonomy":"product_tag","embeddable":true,"href":"https:\/\/www.ivinio.com\/fr\/wp-json\/wp\/v2\/product_tag?post=117363"}],"curies":[{"name":"wp","href":"https:\/\/api.w.org\/{rel}","templated":true}]}}