{"id":117308,"date":"2014-05-21T10:20:30","date_gmt":"2014-05-21T10:20:30","guid":{"rendered":"https:\/\/henrik.www.ivinio.com\/?product=domaine-durieu-cotes-du-rhone-2017-rouge"},"modified":"2024-03-06T17:24:25","modified_gmt":"2024-03-06T16:24:25","slug":"domaine-durieu-cotes-du-rhone-rouge","status":"publish","type":"product","link":"https:\/\/www.ivinio.com\/fr\/produit\/domaine-durieu-cotes-du-rhone-rouge\/","title":{"rendered":"Domaine Durieu &#8211; C\u00f4tes du Rh\u00f4ne &#8211; Pont de Pierres &#8211; Rouge"},"content":{"rendered":"<p>Domaine Durieu &#8211; C\u00f4tes du Rh\u00f4ne &#8211; Pont de Pierres &#8211; Rouge est un vin puissant avec une l\u00e9g\u00e8re douceur agr\u00e9able. C&#8217;est un vin typique du\u00ab Sud \u00bb \u00e0 fort caract\u00e8re s\u2019accorde \u00e0 de nombreux types de plats. Contrairement \u00e0 d&#8217;autres C\u00f4tes vins-du-Rh\u00f4ne le Durieu utilis\u00e9 une proportion relativement importante de Carignan. Il est compos\u00e9 de 50% Carignan, 20% de Grenache, 15% de Syrah et 15% de Cinsault. La mac\u00e9ration dure 20 jours avec remontage quotidien. Le vin est \u00e9lev\u00e9 pendant 9 mois dans des cuves en b\u00e9ton avant d&#8217;\u00eatre l\u00e9g\u00e8rement filtr\u00e9 et mis en bouteille.<\/p>\n","protected":false},"excerpt":{"rendered":"<p>Le C\u00f4tes-du-rh\u00f4ne du Domaine Durieu est puissant et fin \u00e0 la fois, de tr\u00e8s haute qualit\u00e9! Un tr\u00e8s bon vin de Ch\u00e2teauneuf-du-Pape.<\/p>\n","protected":false},"featured_media":134711,"comment_status":"open","ping_status":"closed","template":"","meta":{"_monsterinsights_skip_tracking":false,"_monsterinsights_sitenote_active":false,"_monsterinsights_sitenote_note":"","_monsterinsights_sitenote_category":0,"_uf_show_specific_survey":0,"_uf_disable_surveys":false},"product_brand":[],"product_cat":[36619,36586],"product_tag":[],"class_list":{"0":"post-117308","1":"product","2":"type-product","3":"status-publish","4":"has-post-thumbnail","6":"product_cat-fr-cotes-du-rhone","7":"product_cat-vins-francais","8":"pa_alcohol-degree-145-fr","9":"pa_classification-aop-cotes-du-rhone-fr","10":"pa_color-rouge-fr","11":"pa_country-france-fr","12":"pa_grape-variety-carignan-fr","13":"pa_grape-variety-cinsault-fr","14":"pa_grape-variety-grenache-fr","15":"pa_grape-variety-syrah-fr","16":"pa_region-vallee-du-rhone-fr","17":"pa_storage-potential-10-ans-fr","18":"pa_vintage-2022-fr","19":"pa_volume-75-cl-fr","21":"first","22":"instock","23":"taxable","24":"shipping-taxable","25":"purchasable","26":"product-type-simple"},"bundled_by":["119479","117330"],"bundle_stock_status":"instock","bundle_stock_quantity":null,"bundle_virtual":false,"bundle_layout":"","bundle_add_to_cart_form_location":"","bundle_editable_in_cart":false,"bundle_sold_individually_context":"","bundle_item_grouping":"","bundle_min_size":"","bundle_max_size":"","bundle_price":[],"bundled_items":[],"bundle_sell_ids":[],"yoast_head":"<!-- This site is optimized with the Yoast SEO plugin v27.5 - https:\/\/yoast.com\/product\/yoast-seo-wordpress\/ -->\n<title>Acheter Domaine Durieu - C\u00f4tes du Rh\u00f4ne - Pont de Pierres - Rouge - IVINIO Caviste<\/title>\n<meta name=\"description\" content=\"Acheter Domaine Durieu - C\u00f4tes du Rh\u00f4ne - Pont de Pierres - Rouge. Un vin puissant et raffin\u00e9. Fabriqu\u00e9 \u00e0 Ch\u00e2teauneuf-du-Pape. Bon rapport qualit\u00e9\/prix\" \/>\n<meta name=\"robots\" content=\"index, follow, max-snippet:-1, max-image-preview:large, max-video-preview:-1\" \/>\n<link rel=\"canonical\" href=\"https:\/\/www.ivinio.com\/fr\/produit\/domaine-durieu-cotes-du-rhone-rouge\/\" \/>\n<meta property=\"og:locale\" content=\"fr_FR\" \/>\n<meta property=\"og:type\" content=\"article\" \/>\n<meta property=\"og:title\" content=\"Acheter Domaine Durieu - C\u00f4tes du Rh\u00f4ne - Pont de Pierres - Rouge - IVINIO Caviste\" \/>\n<meta property=\"og:description\" content=\"Acheter Domaine Durieu - C\u00f4tes du Rh\u00f4ne - Pont de Pierres - Rouge. Un vin puissant et raffin\u00e9. Fabriqu\u00e9 \u00e0 Ch\u00e2teauneuf-du-Pape. Bon rapport qualit\u00e9\/prix\" \/>\n<meta property=\"og:url\" content=\"https:\/\/www.ivinio.com\/fr\/produit\/domaine-durieu-cotes-du-rhone-rouge\/\" \/>\n<meta property=\"og:site_name\" content=\"IVINIO Caviste\" \/>\n<meta property=\"article:publisher\" content=\"https:\/\/www.facebook.com\/groups\/165217837022391\/?ref=bookmarks\" \/>\n<meta property=\"article:modified_time\" content=\"2024-03-06T16:24:25+00:00\" \/>\n<meta property=\"og:image\" content=\"https:\/\/www.ivinio.com\/wp-content\/uploads\/2014\/05\/Domaine-Durieu-Cotes-du-Rhone-Pont-de-Pierres-IVINIO.jpg\" \/>\n\t<meta property=\"og:image:width\" content=\"500\" \/>\n\t<meta property=\"og:image:height\" content=\"500\" \/>\n\t<meta property=\"og:image:type\" content=\"image\/jpeg\" \/>\n<meta name=\"twitter:card\" content=\"summary_large_image\" \/>\n<meta name=\"twitter:label1\" content=\"Dur\u00e9e de lecture estim\u00e9e\" \/>\n\t<meta name=\"twitter:data1\" content=\"1 minute\" \/>\n<script type=\"application\/ld+json\" class=\"yoast-schema-graph\">{\"@context\":\"https:\\\/\\\/schema.org\",\"@graph\":[{\"@type\":\"WebPage\",\"@id\":\"https:\\\/\\\/www.ivinio.com\\\/fr\\\/produit\\\/domaine-durieu-cotes-du-rhone-rouge\\\/\",\"url\":\"https:\\\/\\\/www.ivinio.com\\\/fr\\\/produit\\\/domaine-durieu-cotes-du-rhone-rouge\\\/\",\"name\":\"Acheter Domaine Durieu - C\u00f4tes du Rh\u00f4ne - Pont de Pierres - Rouge - IVINIO Caviste\",\"isPartOf\":{\"@id\":\"https:\\\/\\\/www.ivinio.com\\\/fr\\\/#website\"},\"primaryImageOfPage\":{\"@id\":\"https:\\\/\\\/www.ivinio.com\\\/fr\\\/produit\\\/domaine-durieu-cotes-du-rhone-rouge\\\/#primaryimage\"},\"image\":{\"@id\":\"https:\\\/\\\/www.ivinio.com\\\/fr\\\/produit\\\/domaine-durieu-cotes-du-rhone-rouge\\\/#primaryimage\"},\"thumbnailUrl\":\"https:\\\/\\\/www.ivinio.com\\\/wp-content\\\/uploads\\\/2014\\\/05\\\/Domaine-Durieu-Cotes-du-Rhone-Pont-de-Pierres-IVINIO.jpg\",\"datePublished\":\"2014-05-21T10:20:30+00:00\",\"dateModified\":\"2024-03-06T16:24:25+00:00\",\"description\":\"Acheter Domaine Durieu - C\u00f4tes du Rh\u00f4ne - Pont de Pierres - Rouge. Un vin puissant et raffin\u00e9. Fabriqu\u00e9 \u00e0 Ch\u00e2teauneuf-du-Pape. Bon rapport qualit\u00e9\\\/prix\",\"breadcrumb\":{\"@id\":\"https:\\\/\\\/www.ivinio.com\\\/fr\\\/produit\\\/domaine-durieu-cotes-du-rhone-rouge\\\/#breadcrumb\"},\"inLanguage\":\"fr-FR\",\"potentialAction\":[{\"@type\":\"ReadAction\",\"target\":[\"https:\\\/\\\/www.ivinio.com\\\/fr\\\/produit\\\/domaine-durieu-cotes-du-rhone-rouge\\\/\"]}]},{\"@type\":\"ImageObject\",\"inLanguage\":\"fr-FR\",\"@id\":\"https:\\\/\\\/www.ivinio.com\\\/fr\\\/produit\\\/domaine-durieu-cotes-du-rhone-rouge\\\/#primaryimage\",\"url\":\"https:\\\/\\\/www.ivinio.com\\\/wp-content\\\/uploads\\\/2014\\\/05\\\/Domaine-Durieu-Cotes-du-Rhone-Pont-de-Pierres-IVINIO.jpg\",\"contentUrl\":\"https:\\\/\\\/www.ivinio.com\\\/wp-content\\\/uploads\\\/2014\\\/05\\\/Domaine-Durieu-Cotes-du-Rhone-Pont-de-Pierres-IVINIO.jpg\",\"width\":500,\"height\":500,\"caption\":\"Domaine Durieu - C\u00f4tes du Rh\u00f4ne - Pont de Pierres\"},{\"@type\":\"BreadcrumbList\",\"@id\":\"https:\\\/\\\/www.ivinio.com\\\/fr\\\/produit\\\/domaine-durieu-cotes-du-rhone-rouge\\\/#breadcrumb\",\"itemListElement\":[{\"@type\":\"ListItem\",\"position\":1,\"name\":\"Home\",\"item\":\"https:\\\/\\\/www.ivinio.com\\\/fr\\\/\"},{\"@type\":\"ListItem\",\"position\":2,\"name\":\"Boutique de vin\",\"item\":\"https:\\\/\\\/www.ivinio.com\\\/fr\\\/boutique-de-vin\\\/\"},{\"@type\":\"ListItem\",\"position\":3,\"name\":\"Domaine Durieu &#8211; C\u00f4tes du Rh\u00f4ne &#8211; Pont de Pierres &#8211; Rouge\"}]},{\"@type\":\"WebSite\",\"@id\":\"https:\\\/\\\/www.ivinio.com\\\/fr\\\/#website\",\"url\":\"https:\\\/\\\/www.ivinio.com\\\/fr\\\/\",\"name\":\"IVINIO Caviste\",\"description\":\"Vins de France et d&#039;Italie avec livraison \u00e0 domicile\",\"publisher\":{\"@id\":\"https:\\\/\\\/www.ivinio.com\\\/fr\\\/#organization\"},\"potentialAction\":[{\"@type\":\"SearchAction\",\"target\":{\"@type\":\"EntryPoint\",\"urlTemplate\":\"https:\\\/\\\/www.ivinio.com\\\/fr\\\/?s={search_term_string}\"},\"query-input\":{\"@type\":\"PropertyValueSpecification\",\"valueRequired\":true,\"valueName\":\"search_term_string\"}}],\"inLanguage\":\"fr-FR\"},{\"@type\":\"Organization\",\"@id\":\"https:\\\/\\\/www.ivinio.com\\\/fr\\\/#organization\",\"name\":\"IVINIO\",\"url\":\"https:\\\/\\\/www.ivinio.com\\\/fr\\\/\",\"logo\":{\"@type\":\"ImageObject\",\"inLanguage\":\"fr-FR\",\"@id\":\"https:\\\/\\\/www.ivinio.com\\\/fr\\\/#\\\/schema\\\/logo\\\/image\\\/\",\"url\":\"https:\\\/\\\/www.ivinio.com\\\/wp-content\\\/uploads\\\/2021\\\/01\\\/Logo-Ivinio-v2.jpg\",\"contentUrl\":\"https:\\\/\\\/www.ivinio.com\\\/wp-content\\\/uploads\\\/2021\\\/01\\\/Logo-Ivinio-v2.jpg\",\"width\":1194,\"height\":1194,\"caption\":\"IVINIO\"},\"image\":{\"@id\":\"https:\\\/\\\/www.ivinio.com\\\/fr\\\/#\\\/schema\\\/logo\\\/image\\\/\"},\"sameAs\":[\"https:\\\/\\\/www.facebook.com\\\/groups\\\/165217837022391\\\/?ref=bookmarks\",\"https:\\\/\\\/www.instagram.com\\\/_ivinio_\\\/?hl=fr\"]}]}<\/script>\n<!-- \/ Yoast SEO plugin. -->","yoast_head_json":{"title":"Acheter Domaine Durieu - C\u00f4tes du Rh\u00f4ne - Pont de Pierres - Rouge - IVINIO Caviste","description":"Acheter Domaine Durieu - C\u00f4tes du Rh\u00f4ne - Pont de Pierres - Rouge. Un vin puissant et raffin\u00e9. Fabriqu\u00e9 \u00e0 Ch\u00e2teauneuf-du-Pape. Bon rapport qualit\u00e9\/prix","robots":{"index":"index","follow":"follow","max-snippet":"max-snippet:-1","max-image-preview":"max-image-preview:large","max-video-preview":"max-video-preview:-1"},"canonical":"https:\/\/www.ivinio.com\/fr\/produit\/domaine-durieu-cotes-du-rhone-rouge\/","og_locale":"fr_FR","og_type":"article","og_title":"Acheter Domaine Durieu - C\u00f4tes du Rh\u00f4ne - Pont de Pierres - Rouge - IVINIO Caviste","og_description":"Acheter Domaine Durieu - C\u00f4tes du Rh\u00f4ne - Pont de Pierres - Rouge. Un vin puissant et raffin\u00e9. Fabriqu\u00e9 \u00e0 Ch\u00e2teauneuf-du-Pape. Bon rapport qualit\u00e9\/prix","og_url":"https:\/\/www.ivinio.com\/fr\/produit\/domaine-durieu-cotes-du-rhone-rouge\/","og_site_name":"IVINIO Caviste","article_publisher":"https:\/\/www.facebook.com\/groups\/165217837022391\/?ref=bookmarks","article_modified_time":"2024-03-06T16:24:25+00:00","og_image":[{"width":500,"height":500,"url":"https:\/\/www.ivinio.com\/wp-content\/uploads\/2014\/05\/Domaine-Durieu-Cotes-du-Rhone-Pont-de-Pierres-IVINIO.jpg","type":"image\/jpeg"}],"twitter_card":"summary_large_image","twitter_misc":{"Dur\u00e9e de lecture estim\u00e9e":"1 minute"},"schema":{"@context":"https:\/\/schema.org","@graph":[{"@type":"WebPage","@id":"https:\/\/www.ivinio.com\/fr\/produit\/domaine-durieu-cotes-du-rhone-rouge\/","url":"https:\/\/www.ivinio.com\/fr\/produit\/domaine-durieu-cotes-du-rhone-rouge\/","name":"Acheter Domaine Durieu - C\u00f4tes du Rh\u00f4ne - Pont de Pierres - Rouge - IVINIO Caviste","isPartOf":{"@id":"https:\/\/www.ivinio.com\/fr\/#website"},"primaryImageOfPage":{"@id":"https:\/\/www.ivinio.com\/fr\/produit\/domaine-durieu-cotes-du-rhone-rouge\/#primaryimage"},"image":{"@id":"https:\/\/www.ivinio.com\/fr\/produit\/domaine-durieu-cotes-du-rhone-rouge\/#primaryimage"},"thumbnailUrl":"https:\/\/www.ivinio.com\/wp-content\/uploads\/2014\/05\/Domaine-Durieu-Cotes-du-Rhone-Pont-de-Pierres-IVINIO.jpg","datePublished":"2014-05-21T10:20:30+00:00","dateModified":"2024-03-06T16:24:25+00:00","description":"Acheter Domaine Durieu - C\u00f4tes du Rh\u00f4ne - Pont de Pierres - Rouge. Un vin puissant et raffin\u00e9. Fabriqu\u00e9 \u00e0 Ch\u00e2teauneuf-du-Pape. Bon rapport qualit\u00e9\/prix","breadcrumb":{"@id":"https:\/\/www.ivinio.com\/fr\/produit\/domaine-durieu-cotes-du-rhone-rouge\/#breadcrumb"},"inLanguage":"fr-FR","potentialAction":[{"@type":"ReadAction","target":["https:\/\/www.ivinio.com\/fr\/produit\/domaine-durieu-cotes-du-rhone-rouge\/"]}]},{"@type":"ImageObject","inLanguage":"fr-FR","@id":"https:\/\/www.ivinio.com\/fr\/produit\/domaine-durieu-cotes-du-rhone-rouge\/#primaryimage","url":"https:\/\/www.ivinio.com\/wp-content\/uploads\/2014\/05\/Domaine-Durieu-Cotes-du-Rhone-Pont-de-Pierres-IVINIO.jpg","contentUrl":"https:\/\/www.ivinio.com\/wp-content\/uploads\/2014\/05\/Domaine-Durieu-Cotes-du-Rhone-Pont-de-Pierres-IVINIO.jpg","width":500,"height":500,"caption":"Domaine Durieu - C\u00f4tes du Rh\u00f4ne - Pont de Pierres"},{"@type":"BreadcrumbList","@id":"https:\/\/www.ivinio.com\/fr\/produit\/domaine-durieu-cotes-du-rhone-rouge\/#breadcrumb","itemListElement":[{"@type":"ListItem","position":1,"name":"Home","item":"https:\/\/www.ivinio.com\/fr\/"},{"@type":"ListItem","position":2,"name":"Boutique de vin","item":"https:\/\/www.ivinio.com\/fr\/boutique-de-vin\/"},{"@type":"ListItem","position":3,"name":"Domaine Durieu &#8211; C\u00f4tes du Rh\u00f4ne &#8211; Pont de Pierres &#8211; Rouge"}]},{"@type":"WebSite","@id":"https:\/\/www.ivinio.com\/fr\/#website","url":"https:\/\/www.ivinio.com\/fr\/","name":"IVINIO Caviste","description":"Vins de France et d&#039;Italie avec livraison \u00e0 domicile","publisher":{"@id":"https:\/\/www.ivinio.com\/fr\/#organization"},"potentialAction":[{"@type":"SearchAction","target":{"@type":"EntryPoint","urlTemplate":"https:\/\/www.ivinio.com\/fr\/?s={search_term_string}"},"query-input":{"@type":"PropertyValueSpecification","valueRequired":true,"valueName":"search_term_string"}}],"inLanguage":"fr-FR"},{"@type":"Organization","@id":"https:\/\/www.ivinio.com\/fr\/#organization","name":"IVINIO","url":"https:\/\/www.ivinio.com\/fr\/","logo":{"@type":"ImageObject","inLanguage":"fr-FR","@id":"https:\/\/www.ivinio.com\/fr\/#\/schema\/logo\/image\/","url":"https:\/\/www.ivinio.com\/wp-content\/uploads\/2021\/01\/Logo-Ivinio-v2.jpg","contentUrl":"https:\/\/www.ivinio.com\/wp-content\/uploads\/2021\/01\/Logo-Ivinio-v2.jpg","width":1194,"height":1194,"caption":"IVINIO"},"image":{"@id":"https:\/\/www.ivinio.com\/fr\/#\/schema\/logo\/image\/"},"sameAs":["https:\/\/www.facebook.com\/groups\/165217837022391\/?ref=bookmarks","https:\/\/www.instagram.com\/_ivinio_\/?hl=fr"]}]}},"jetpack_sharing_enabled":true,"_links":{"self":[{"href":"https:\/\/www.ivinio.com\/fr\/wp-json\/wp\/v2\/product\/117308","targetHints":{"allow":["GET"]}}],"collection":[{"href":"https:\/\/www.ivinio.com\/fr\/wp-json\/wp\/v2\/product"}],"about":[{"href":"https:\/\/www.ivinio.com\/fr\/wp-json\/wp\/v2\/types\/product"}],"replies":[{"embeddable":true,"href":"https:\/\/www.ivinio.com\/fr\/wp-json\/wp\/v2\/comments?post=117308"}],"wp:featuredmedia":[{"embeddable":true,"href":"https:\/\/www.ivinio.com\/fr\/wp-json\/wp\/v2\/media\/134711"}],"wp:attachment":[{"href":"https:\/\/www.ivinio.com\/fr\/wp-json\/wp\/v2\/media?parent=117308"}],"wp:term":[{"taxonomy":"product_brand","embeddable":true,"href":"https:\/\/www.ivinio.com\/fr\/wp-json\/wp\/v2\/product_brand?post=117308"},{"taxonomy":"product_cat","embeddable":true,"href":"https:\/\/www.ivinio.com\/fr\/wp-json\/wp\/v2\/product_cat?post=117308"},{"taxonomy":"product_tag","embeddable":true,"href":"https:\/\/www.ivinio.com\/fr\/wp-json\/wp\/v2\/product_tag?post=117308"}],"curies":[{"name":"wp","href":"https:\/\/api.w.org\/{rel}","templated":true}]}}