{"id":117226,"date":"2014-05-21T10:20:29","date_gmt":"2014-05-21T10:20:29","guid":{"rendered":"https:\/\/henrik.www.ivinio.com\/?product=carton-decouverte-du-domaine-rosier-3x2-bouteilles"},"modified":"2021-12-16T12:34:21","modified_gmt":"2021-12-16T11:34:21","slug":"carton-decouverte-du-domaine-rosier-3x2-bouteilles","status":"publish","type":"product","link":"https:\/\/www.ivinio.com\/fr\/produit\/carton-decouverte-du-domaine-rosier-3x2-bouteilles\/","title":{"rendered":"Carton d\u00e9couverte du Domaine Rosier &#8211; 3&#215;2 bouteilles"},"content":{"rendered":"<p>Domaine Rosier &#8211; carton de vins mousseux m\u00e9lang\u00e9 &#8211; Michel Rosier est originaire de la Champagne. Les vins de Limoux sont les vins mousseux les plus anciens du monde et la l\u00e9gende dit que c&#8217;est ici que Dom P\u00e9rignon \u00e0 son \u00e9poque a \u00e9t\u00e9 en contact avec le mousseux. Il a ensuite pris la technologie du vin mousseux qu&#8217;il a ramen\u00e9 en Champagne. Le reste de l&#8217;histoire, nous la connaissons &#8230; Les vins de Michel Rosier sont probablement les plus qualitatifs de l&#8217;appellation, ils sont d&#8217;ailleurs mentionn\u00e9s r\u00e9guli\u00e8rement par les guides sp\u00e9cialis\u00e9s. Le vignoble est trait\u00e9 sans pesticides chimiques.<\/p>\n","protected":false},"excerpt":{"rendered":"<p>Nous vous proposons une carton d\u00e9gustation pour d\u00e9couvrir le Domaine Rosier de Limoux. Il se compose de 2\u00a0&#8220;Cuv\u00e9e Domaine du Rosier&#8221;, 2\u00a0&#8220;Cuv\u00e9e Ch\u00e2teau de Villelongue&#8221; &amp;\u00a02 &#8220;Cuv\u00e9e Ma Maison&#8221;.<\/p>\n","protected":false},"featured_media":117229,"comment_status":"open","ping_status":"closed","template":"","meta":{"_monsterinsights_skip_tracking":false,"_monsterinsights_sitenote_active":false,"_monsterinsights_sitenote_note":"","_monsterinsights_sitenote_category":0,"_uf_show_specific_survey":0,"_uf_disable_surveys":false},"product_brand":[],"product_cat":[36643],"product_tag":[],"class_list":{"0":"post-117226","1":"product","2":"type-product","3":"status-publish","4":"has-post-thumbnail","6":"product_cat-ronde-des-vins","7":"pa_alcohol-degree-12-fr","8":"pa_classification-aop-blanquette-de-limoux-fr","9":"pa_classification-aop-cremant-de-limoux-fr","10":"pa_color-mousseux-fr","11":"pa_country-france-fr","12":"pa_grape-variety-chenin-fr","13":"pa_grape-variety-pinot-noir-fr","14":"pa_package-1x1-fr","15":"pa_package-1x6-fr","16":"pa_region-languedoc-fr","17":"pa_storage-potential-2-ans-fr","18":"pa_volume-75-cl-fr","20":"first","21":"outofstock","22":"taxable","23":"shipping-taxable","24":"purchasable","25":"product-type-bundle"},"bundled_by":[],"bundle_stock_status":"outofstock","bundle_stock_quantity":0,"bundle_virtual":false,"bundle_layout":"grid","bundle_add_to_cart_form_location":"after_summary","bundle_editable_in_cart":false,"bundle_sold_individually_context":"product","bundle_item_grouping":"noindent","bundle_min_size":"","bundle_max_size":"","bundle_price":{"price":{"min":{"incl_tax":"52.4","excl_tax":"52.4166667"},"max":{"incl_tax":"52.4","excl_tax":"52.4166667"}},"regular_price":{"min":{"incl_tax":"52.4","excl_tax":"52.4166667"},"max":{"incl_tax":"52.4","excl_tax":"52.4166667"}}},"bundled_items":[{"bundled_item_id":8680,"product_id":117216,"menu_order":0,"quantity_min":1,"quantity_max":1,"quantity_default":1,"priced_individually":false,"shipped_individually":false,"override_title":false,"title":"Domaine Rosier &#8211; Cuv\u00e9e Ch\u00e2teau de Villelongue","override_description":false,"description":"Domaine Rosier &#8211; Cuv\u00e9e Ch\u00e2teau de Villelongue","optional":false,"hide_thumbnail":false,"discount":"","override_variations":true,"allowed_variations":[""],"override_default_variation_attributes":true,"default_variation_attributes":[],"single_product_visibility":"visible","cart_visibility":"hidden","order_visibility":"visible","single_product_price_visibility":"visible","cart_price_visibility":"visible","order_price_visibility":"visible","stock_status":"out_of_stock"},{"bundled_item_id":8681,"product_id":117210,"menu_order":1,"quantity_min":1,"quantity_max":1,"quantity_default":1,"priced_individually":false,"shipped_individually":false,"override_title":false,"title":"Domaine Rosier &#8211; Cuv\u00e9e Maison Rosier","override_description":false,"description":"Domaine Rosier &#8211; Cuv\u00e9e Maison Rosier","optional":false,"hide_thumbnail":false,"discount":"","override_variations":true,"allowed_variations":[""],"override_default_variation_attributes":true,"default_variation_attributes":[],"single_product_visibility":"visible","cart_visibility":"hidden","order_visibility":"visible","single_product_price_visibility":"visible","cart_price_visibility":"visible","order_price_visibility":"visible","stock_status":"out_of_stock"},{"bundled_item_id":8682,"product_id":117221,"menu_order":2,"quantity_min":1,"quantity_max":1,"quantity_default":1,"priced_individually":false,"shipped_individually":false,"override_title":false,"title":"Domaine Rosier &#8211; Cuv\u00e9e Ma maison","override_description":false,"description":"Domaine Rosier &#8211; Cuv\u00e9e Ma maison","optional":false,"hide_thumbnail":false,"discount":"","override_variations":true,"allowed_variations":[""],"override_default_variation_attributes":true,"default_variation_attributes":[],"single_product_visibility":"visible","cart_visibility":"hidden","order_visibility":"visible","single_product_price_visibility":"visible","cart_price_visibility":"visible","order_price_visibility":"visible","stock_status":"out_of_stock"}],"bundle_sell_ids":[],"yoast_head":"<!-- This site is optimized with the Yoast SEO plugin v27.4 - https:\/\/yoast.com\/product\/yoast-seo-wordpress\/ -->\n<title>Acheter Domaine Rosier - carton de vins mousseux m\u00e9lang\u00e9 - IVINIO Caviste<\/title>\n<meta name=\"description\" content=\"Acheter Domaine Rosier - carton de vins mousseux m\u00e9lang\u00e9. Un carton de d\u00e9gustation pour d\u00e9couvrir le Domaine Rosier de Limoux.\" \/>\n<meta name=\"robots\" content=\"index, follow, max-snippet:-1, max-image-preview:large, max-video-preview:-1\" \/>\n<link rel=\"canonical\" href=\"https:\/\/www.ivinio.com\/fr\/produit\/carton-decouverte-du-domaine-rosier-3x2-bouteilles\/\" \/>\n<meta property=\"og:locale\" content=\"fr_FR\" \/>\n<meta property=\"og:type\" content=\"article\" \/>\n<meta property=\"og:title\" content=\"Acheter Domaine Rosier - carton de vins mousseux m\u00e9lang\u00e9 - IVINIO Caviste\" \/>\n<meta property=\"og:description\" content=\"Acheter Domaine Rosier - carton de vins mousseux m\u00e9lang\u00e9. Un carton de d\u00e9gustation pour d\u00e9couvrir le Domaine Rosier de Limoux.\" \/>\n<meta property=\"og:url\" content=\"https:\/\/www.ivinio.com\/fr\/produit\/carton-decouverte-du-domaine-rosier-3x2-bouteilles\/\" \/>\n<meta property=\"og:site_name\" content=\"IVINIO Caviste\" \/>\n<meta property=\"article:publisher\" content=\"https:\/\/www.facebook.com\/groups\/165217837022391\/?ref=bookmarks\" \/>\n<meta property=\"article:modified_time\" content=\"2021-12-16T11:34:21+00:00\" \/>\n<meta property=\"og:image\" content=\"https:\/\/www.ivinio.com\/wp-content\/uploads\/nc\/public\/modules\/file\/pictures\/7149.Domaine-de-Rosier-mix-IVINIO.jpg\" \/>\n\t<meta property=\"og:image:width\" content=\"500\" \/>\n\t<meta property=\"og:image:height\" content=\"500\" \/>\n\t<meta property=\"og:image:type\" content=\"image\/jpeg\" \/>\n<meta name=\"twitter:card\" content=\"summary_large_image\" \/>\n<meta name=\"twitter:label1\" content=\"Dur\u00e9e de lecture estim\u00e9e\" \/>\n\t<meta name=\"twitter:data1\" content=\"1 minute\" \/>\n<script type=\"application\/ld+json\" class=\"yoast-schema-graph\">{\"@context\":\"https:\\\/\\\/schema.org\",\"@graph\":[{\"@type\":\"WebPage\",\"@id\":\"https:\\\/\\\/www.ivinio.com\\\/fr\\\/produit\\\/carton-decouverte-du-domaine-rosier-3x2-bouteilles\\\/\",\"url\":\"https:\\\/\\\/www.ivinio.com\\\/fr\\\/produit\\\/carton-decouverte-du-domaine-rosier-3x2-bouteilles\\\/\",\"name\":\"Acheter Domaine Rosier - carton de vins mousseux m\u00e9lang\u00e9 - IVINIO Caviste\",\"isPartOf\":{\"@id\":\"https:\\\/\\\/www.ivinio.com\\\/fr\\\/#website\"},\"primaryImageOfPage\":{\"@id\":\"https:\\\/\\\/www.ivinio.com\\\/fr\\\/produit\\\/carton-decouverte-du-domaine-rosier-3x2-bouteilles\\\/#primaryimage\"},\"image\":{\"@id\":\"https:\\\/\\\/www.ivinio.com\\\/fr\\\/produit\\\/carton-decouverte-du-domaine-rosier-3x2-bouteilles\\\/#primaryimage\"},\"thumbnailUrl\":\"https:\\\/\\\/www.ivinio.com\\\/wp-content\\\/uploads\\\/nc\\\/public\\\/modules\\\/file\\\/pictures\\\/7149.Domaine-de-Rosier-mix-IVINIO.jpg\",\"datePublished\":\"2014-05-21T10:20:29+00:00\",\"dateModified\":\"2021-12-16T11:34:21+00:00\",\"description\":\"Acheter Domaine Rosier - carton de vins mousseux m\u00e9lang\u00e9. Un carton de d\u00e9gustation pour d\u00e9couvrir le Domaine Rosier de Limoux.\",\"breadcrumb\":{\"@id\":\"https:\\\/\\\/www.ivinio.com\\\/fr\\\/produit\\\/carton-decouverte-du-domaine-rosier-3x2-bouteilles\\\/#breadcrumb\"},\"inLanguage\":\"fr-FR\",\"potentialAction\":[{\"@type\":\"ReadAction\",\"target\":[\"https:\\\/\\\/www.ivinio.com\\\/fr\\\/produit\\\/carton-decouverte-du-domaine-rosier-3x2-bouteilles\\\/\"]}]},{\"@type\":\"ImageObject\",\"inLanguage\":\"fr-FR\",\"@id\":\"https:\\\/\\\/www.ivinio.com\\\/fr\\\/produit\\\/carton-decouverte-du-domaine-rosier-3x2-bouteilles\\\/#primaryimage\",\"url\":\"https:\\\/\\\/www.ivinio.com\\\/wp-content\\\/uploads\\\/nc\\\/public\\\/modules\\\/file\\\/pictures\\\/7149.Domaine-de-Rosier-mix-IVINIO.jpg\",\"contentUrl\":\"https:\\\/\\\/www.ivinio.com\\\/wp-content\\\/uploads\\\/nc\\\/public\\\/modules\\\/file\\\/pictures\\\/7149.Domaine-de-Rosier-mix-IVINIO.jpg\",\"width\":500,\"height\":500,\"caption\":\"Domaine Rosier - Cr\u00e9mant\"},{\"@type\":\"BreadcrumbList\",\"@id\":\"https:\\\/\\\/www.ivinio.com\\\/fr\\\/produit\\\/carton-decouverte-du-domaine-rosier-3x2-bouteilles\\\/#breadcrumb\",\"itemListElement\":[{\"@type\":\"ListItem\",\"position\":1,\"name\":\"Home\",\"item\":\"https:\\\/\\\/www.ivinio.com\\\/fr\\\/\"},{\"@type\":\"ListItem\",\"position\":2,\"name\":\"Boutique de vin\",\"item\":\"https:\\\/\\\/www.ivinio.com\\\/fr\\\/boutique-de-vin\\\/\"},{\"@type\":\"ListItem\",\"position\":3,\"name\":\"Carton d\u00e9couverte du Domaine Rosier &#8211; 3&#215;2 bouteilles\"}]},{\"@type\":\"WebSite\",\"@id\":\"https:\\\/\\\/www.ivinio.com\\\/fr\\\/#website\",\"url\":\"https:\\\/\\\/www.ivinio.com\\\/fr\\\/\",\"name\":\"IVINIO Caviste\",\"description\":\"Vins de France et d&#039;Italie avec livraison \u00e0 domicile\",\"publisher\":{\"@id\":\"https:\\\/\\\/www.ivinio.com\\\/fr\\\/#organization\"},\"potentialAction\":[{\"@type\":\"SearchAction\",\"target\":{\"@type\":\"EntryPoint\",\"urlTemplate\":\"https:\\\/\\\/www.ivinio.com\\\/fr\\\/?s={search_term_string}\"},\"query-input\":{\"@type\":\"PropertyValueSpecification\",\"valueRequired\":true,\"valueName\":\"search_term_string\"}}],\"inLanguage\":\"fr-FR\"},{\"@type\":\"Organization\",\"@id\":\"https:\\\/\\\/www.ivinio.com\\\/fr\\\/#organization\",\"name\":\"IVINIO\",\"url\":\"https:\\\/\\\/www.ivinio.com\\\/fr\\\/\",\"logo\":{\"@type\":\"ImageObject\",\"inLanguage\":\"fr-FR\",\"@id\":\"https:\\\/\\\/www.ivinio.com\\\/fr\\\/#\\\/schema\\\/logo\\\/image\\\/\",\"url\":\"https:\\\/\\\/www.ivinio.com\\\/wp-content\\\/uploads\\\/2021\\\/01\\\/Logo-Ivinio-v2.jpg\",\"contentUrl\":\"https:\\\/\\\/www.ivinio.com\\\/wp-content\\\/uploads\\\/2021\\\/01\\\/Logo-Ivinio-v2.jpg\",\"width\":1194,\"height\":1194,\"caption\":\"IVINIO\"},\"image\":{\"@id\":\"https:\\\/\\\/www.ivinio.com\\\/fr\\\/#\\\/schema\\\/logo\\\/image\\\/\"},\"sameAs\":[\"https:\\\/\\\/www.facebook.com\\\/groups\\\/165217837022391\\\/?ref=bookmarks\",\"https:\\\/\\\/www.instagram.com\\\/_ivinio_\\\/?hl=fr\"]}]}<\/script>\n<!-- \/ Yoast SEO plugin. -->","yoast_head_json":{"title":"Acheter Domaine Rosier - carton de vins mousseux m\u00e9lang\u00e9 - IVINIO Caviste","description":"Acheter Domaine Rosier - carton de vins mousseux m\u00e9lang\u00e9. Un carton de d\u00e9gustation pour d\u00e9couvrir le Domaine Rosier de Limoux.","robots":{"index":"index","follow":"follow","max-snippet":"max-snippet:-1","max-image-preview":"max-image-preview:large","max-video-preview":"max-video-preview:-1"},"canonical":"https:\/\/www.ivinio.com\/fr\/produit\/carton-decouverte-du-domaine-rosier-3x2-bouteilles\/","og_locale":"fr_FR","og_type":"article","og_title":"Acheter Domaine Rosier - carton de vins mousseux m\u00e9lang\u00e9 - IVINIO Caviste","og_description":"Acheter Domaine Rosier - carton de vins mousseux m\u00e9lang\u00e9. Un carton de d\u00e9gustation pour d\u00e9couvrir le Domaine Rosier de Limoux.","og_url":"https:\/\/www.ivinio.com\/fr\/produit\/carton-decouverte-du-domaine-rosier-3x2-bouteilles\/","og_site_name":"IVINIO Caviste","article_publisher":"https:\/\/www.facebook.com\/groups\/165217837022391\/?ref=bookmarks","article_modified_time":"2021-12-16T11:34:21+00:00","og_image":[{"width":500,"height":500,"url":"https:\/\/www.ivinio.com\/wp-content\/uploads\/nc\/public\/modules\/file\/pictures\/7149.Domaine-de-Rosier-mix-IVINIO.jpg","type":"image\/jpeg"}],"twitter_card":"summary_large_image","twitter_misc":{"Dur\u00e9e de lecture estim\u00e9e":"1 minute"},"schema":{"@context":"https:\/\/schema.org","@graph":[{"@type":"WebPage","@id":"https:\/\/www.ivinio.com\/fr\/produit\/carton-decouverte-du-domaine-rosier-3x2-bouteilles\/","url":"https:\/\/www.ivinio.com\/fr\/produit\/carton-decouverte-du-domaine-rosier-3x2-bouteilles\/","name":"Acheter Domaine Rosier - carton de vins mousseux m\u00e9lang\u00e9 - IVINIO Caviste","isPartOf":{"@id":"https:\/\/www.ivinio.com\/fr\/#website"},"primaryImageOfPage":{"@id":"https:\/\/www.ivinio.com\/fr\/produit\/carton-decouverte-du-domaine-rosier-3x2-bouteilles\/#primaryimage"},"image":{"@id":"https:\/\/www.ivinio.com\/fr\/produit\/carton-decouverte-du-domaine-rosier-3x2-bouteilles\/#primaryimage"},"thumbnailUrl":"https:\/\/www.ivinio.com\/wp-content\/uploads\/nc\/public\/modules\/file\/pictures\/7149.Domaine-de-Rosier-mix-IVINIO.jpg","datePublished":"2014-05-21T10:20:29+00:00","dateModified":"2021-12-16T11:34:21+00:00","description":"Acheter Domaine Rosier - carton de vins mousseux m\u00e9lang\u00e9. Un carton de d\u00e9gustation pour d\u00e9couvrir le Domaine Rosier de Limoux.","breadcrumb":{"@id":"https:\/\/www.ivinio.com\/fr\/produit\/carton-decouverte-du-domaine-rosier-3x2-bouteilles\/#breadcrumb"},"inLanguage":"fr-FR","potentialAction":[{"@type":"ReadAction","target":["https:\/\/www.ivinio.com\/fr\/produit\/carton-decouverte-du-domaine-rosier-3x2-bouteilles\/"]}]},{"@type":"ImageObject","inLanguage":"fr-FR","@id":"https:\/\/www.ivinio.com\/fr\/produit\/carton-decouverte-du-domaine-rosier-3x2-bouteilles\/#primaryimage","url":"https:\/\/www.ivinio.com\/wp-content\/uploads\/nc\/public\/modules\/file\/pictures\/7149.Domaine-de-Rosier-mix-IVINIO.jpg","contentUrl":"https:\/\/www.ivinio.com\/wp-content\/uploads\/nc\/public\/modules\/file\/pictures\/7149.Domaine-de-Rosier-mix-IVINIO.jpg","width":500,"height":500,"caption":"Domaine Rosier - Cr\u00e9mant"},{"@type":"BreadcrumbList","@id":"https:\/\/www.ivinio.com\/fr\/produit\/carton-decouverte-du-domaine-rosier-3x2-bouteilles\/#breadcrumb","itemListElement":[{"@type":"ListItem","position":1,"name":"Home","item":"https:\/\/www.ivinio.com\/fr\/"},{"@type":"ListItem","position":2,"name":"Boutique de vin","item":"https:\/\/www.ivinio.com\/fr\/boutique-de-vin\/"},{"@type":"ListItem","position":3,"name":"Carton d\u00e9couverte du Domaine Rosier &#8211; 3&#215;2 bouteilles"}]},{"@type":"WebSite","@id":"https:\/\/www.ivinio.com\/fr\/#website","url":"https:\/\/www.ivinio.com\/fr\/","name":"IVINIO Caviste","description":"Vins de France et d&#039;Italie avec livraison \u00e0 domicile","publisher":{"@id":"https:\/\/www.ivinio.com\/fr\/#organization"},"potentialAction":[{"@type":"SearchAction","target":{"@type":"EntryPoint","urlTemplate":"https:\/\/www.ivinio.com\/fr\/?s={search_term_string}"},"query-input":{"@type":"PropertyValueSpecification","valueRequired":true,"valueName":"search_term_string"}}],"inLanguage":"fr-FR"},{"@type":"Organization","@id":"https:\/\/www.ivinio.com\/fr\/#organization","name":"IVINIO","url":"https:\/\/www.ivinio.com\/fr\/","logo":{"@type":"ImageObject","inLanguage":"fr-FR","@id":"https:\/\/www.ivinio.com\/fr\/#\/schema\/logo\/image\/","url":"https:\/\/www.ivinio.com\/wp-content\/uploads\/2021\/01\/Logo-Ivinio-v2.jpg","contentUrl":"https:\/\/www.ivinio.com\/wp-content\/uploads\/2021\/01\/Logo-Ivinio-v2.jpg","width":1194,"height":1194,"caption":"IVINIO"},"image":{"@id":"https:\/\/www.ivinio.com\/fr\/#\/schema\/logo\/image\/"},"sameAs":["https:\/\/www.facebook.com\/groups\/165217837022391\/?ref=bookmarks","https:\/\/www.instagram.com\/_ivinio_\/?hl=fr"]}]}},"jetpack_sharing_enabled":true,"_links":{"self":[{"href":"https:\/\/www.ivinio.com\/fr\/wp-json\/wp\/v2\/product\/117226","targetHints":{"allow":["GET"]}}],"collection":[{"href":"https:\/\/www.ivinio.com\/fr\/wp-json\/wp\/v2\/product"}],"about":[{"href":"https:\/\/www.ivinio.com\/fr\/wp-json\/wp\/v2\/types\/product"}],"replies":[{"embeddable":true,"href":"https:\/\/www.ivinio.com\/fr\/wp-json\/wp\/v2\/comments?post=117226"}],"wp:featuredmedia":[{"embeddable":true,"href":"https:\/\/www.ivinio.com\/fr\/wp-json\/wp\/v2\/media\/117229"}],"wp:attachment":[{"href":"https:\/\/www.ivinio.com\/fr\/wp-json\/wp\/v2\/media?parent=117226"}],"wp:term":[{"taxonomy":"product_brand","embeddable":true,"href":"https:\/\/www.ivinio.com\/fr\/wp-json\/wp\/v2\/product_brand?post=117226"},{"taxonomy":"product_cat","embeddable":true,"href":"https:\/\/www.ivinio.com\/fr\/wp-json\/wp\/v2\/product_cat?post=117226"},{"taxonomy":"product_tag","embeddable":true,"href":"https:\/\/www.ivinio.com\/fr\/wp-json\/wp\/v2\/product_tag?post=117226"}],"curies":[{"name":"wp","href":"https:\/\/api.w.org\/{rel}","templated":true}]}}