{"id":117216,"date":"2014-05-21T10:20:29","date_gmt":"2014-05-21T10:20:29","guid":{"rendered":"https:\/\/henrik.www.ivinio.com\/?product=domaine-rosier-cuvee-chateau-de-villelongue"},"modified":"2022-03-13T10:44:46","modified_gmt":"2022-03-13T09:44:46","slug":"domaine-rosier-cuvee-chateau-de-villelongue-1","status":"publish","type":"product","link":"https:\/\/www.ivinio.com\/fr\/produit\/domaine-rosier-cuvee-chateau-de-villelongue-1\/","title":{"rendered":"Domaine Rosier &#8211; Cuv\u00e9e Ch\u00e2teau de Villelongue"},"content":{"rendered":"<p>Domaine Rosier &#8211; Cuv\u00e9e Ch\u00e2teau de Villelongue est compos\u00e9 de 50% de Chardonnay, 40% de Chenin et 10% de Pinot. Les raisins sont cultiv\u00e9s sur les collines ensoleill\u00e9es autour du village fortifi\u00e9 Villelongue et cueillies \u00e0 la main \u00e0 partir de vignes qui sont en moyenne ag\u00e9es de 20 ans.<\/p>\n<p>&nbsp;<\/p>\n","protected":false},"excerpt":{"rendered":"<p>&#8220;Ch\u00e2teau de Villelongue&#8221; est un Cr\u00e9mant de Limoux de tr\u00e8s haute qualit\u00e9 qui se retrouve mentionn\u00e9 dans les guides de vins chaque ann\u00e9e. Sa composition des c\u00e9pages Chardonnay et Pinot le rapproche en go\u00fbt du Champagne, \u00e0 un prix plus attrayant !<\/p>\n","protected":false},"featured_media":117219,"comment_status":"open","ping_status":"closed","template":"","meta":{"_monsterinsights_skip_tracking":false,"_monsterinsights_sitenote_active":false,"_monsterinsights_sitenote_note":"","_monsterinsights_sitenote_category":0,"_uf_show_specific_survey":0,"_uf_disable_surveys":false},"product_brand":[],"product_cat":[36625,36586],"product_tag":[],"class_list":{"0":"post-117216","1":"product","2":"type-product","3":"status-publish","4":"has-post-thumbnail","6":"product_cat-fr-languedoc","7":"product_cat-vins-francais","8":"pa_alcohol-degree-12-fr","9":"pa_awards-guide-hachette","10":"pa_classification-aop-cremant-de-limoux-fr","11":"pa_color-mousseux-fr","12":"pa_country-france-fr","13":"pa_grape-variety-chardonnay-fr","14":"pa_grape-variety-pinot-noir-fr","15":"pa_region-languedoc-fr","16":"pa_storage-potential-2-ans-fr","17":"pa_volume-75-cl-fr","19":"first","20":"outofstock","21":"taxable","22":"shipping-taxable","23":"purchasable","24":"product-type-simple"},"bundled_by":["117226"],"bundle_stock_status":"outofstock","bundle_stock_quantity":null,"bundle_virtual":false,"bundle_layout":"","bundle_add_to_cart_form_location":"","bundle_editable_in_cart":false,"bundle_sold_individually_context":"","bundle_item_grouping":"","bundle_min_size":"","bundle_max_size":"","bundle_price":[],"bundled_items":[],"bundle_sell_ids":[],"yoast_head":"<!-- This site is optimized with the Yoast SEO plugin v27.4 - https:\/\/yoast.com\/product\/yoast-seo-wordpress\/ -->\n<title>Acheter Domaine Rosier - Cuv\u00e9e Ch\u00e2teau de Villelongue - IVINIO Caviste<\/title>\n<meta name=\"description\" content=\"Acheter Domaine Rosier - Cuv\u00e9e Ch\u00e2teau de Villelongue. Cr\u00e9mant de Limoux de haute qualit\u00e9 r\u00e9compens\u00e9e. Rapproche en go\u00fbt du Champagne.\" \/>\n<meta name=\"robots\" content=\"index, follow, max-snippet:-1, max-image-preview:large, max-video-preview:-1\" \/>\n<link rel=\"canonical\" href=\"https:\/\/www.ivinio.com\/fr\/produit\/domaine-rosier-cuvee-chateau-de-villelongue-1\/\" \/>\n<meta property=\"og:locale\" content=\"fr_FR\" \/>\n<meta property=\"og:type\" content=\"article\" \/>\n<meta property=\"og:title\" content=\"Acheter Domaine Rosier - Cuv\u00e9e Ch\u00e2teau de Villelongue - IVINIO Caviste\" \/>\n<meta property=\"og:description\" content=\"Acheter Domaine Rosier - Cuv\u00e9e Ch\u00e2teau de Villelongue. Cr\u00e9mant de Limoux de haute qualit\u00e9 r\u00e9compens\u00e9e. Rapproche en go\u00fbt du Champagne.\" \/>\n<meta property=\"og:url\" content=\"https:\/\/www.ivinio.com\/fr\/produit\/domaine-rosier-cuvee-chateau-de-villelongue-1\/\" \/>\n<meta property=\"og:site_name\" content=\"IVINIO Caviste\" \/>\n<meta property=\"article:publisher\" content=\"https:\/\/www.facebook.com\/groups\/165217837022391\/?ref=bookmarks\" \/>\n<meta property=\"article:modified_time\" content=\"2022-03-13T09:44:46+00:00\" \/>\n<meta property=\"og:image\" content=\"https:\/\/www.ivinio.com\/wp-content\/uploads\/nc\/public\/modules\/file\/pictures\/7151.Domaine-rosier-Terre-de-Villelongue-IVINIO.jpg\" \/>\n\t<meta property=\"og:image:width\" content=\"500\" \/>\n\t<meta property=\"og:image:height\" content=\"500\" \/>\n\t<meta property=\"og:image:type\" content=\"image\/jpeg\" \/>\n<meta name=\"twitter:card\" content=\"summary_large_image\" \/>\n<meta name=\"twitter:label1\" content=\"Dur\u00e9e de lecture estim\u00e9e\" \/>\n\t<meta name=\"twitter:data1\" content=\"1 minute\" \/>\n<script type=\"application\/ld+json\" class=\"yoast-schema-graph\">{\"@context\":\"https:\\\/\\\/schema.org\",\"@graph\":[{\"@type\":\"WebPage\",\"@id\":\"https:\\\/\\\/www.ivinio.com\\\/fr\\\/produit\\\/domaine-rosier-cuvee-chateau-de-villelongue-1\\\/\",\"url\":\"https:\\\/\\\/www.ivinio.com\\\/fr\\\/produit\\\/domaine-rosier-cuvee-chateau-de-villelongue-1\\\/\",\"name\":\"Acheter Domaine Rosier - Cuv\u00e9e Ch\u00e2teau de Villelongue - IVINIO Caviste\",\"isPartOf\":{\"@id\":\"https:\\\/\\\/www.ivinio.com\\\/fr\\\/#website\"},\"primaryImageOfPage\":{\"@id\":\"https:\\\/\\\/www.ivinio.com\\\/fr\\\/produit\\\/domaine-rosier-cuvee-chateau-de-villelongue-1\\\/#primaryimage\"},\"image\":{\"@id\":\"https:\\\/\\\/www.ivinio.com\\\/fr\\\/produit\\\/domaine-rosier-cuvee-chateau-de-villelongue-1\\\/#primaryimage\"},\"thumbnailUrl\":\"https:\\\/\\\/www.ivinio.com\\\/wp-content\\\/uploads\\\/nc\\\/public\\\/modules\\\/file\\\/pictures\\\/7151.Domaine-rosier-Terre-de-Villelongue-IVINIO.jpg\",\"datePublished\":\"2014-05-21T10:20:29+00:00\",\"dateModified\":\"2022-03-13T09:44:46+00:00\",\"description\":\"Acheter Domaine Rosier - Cuv\u00e9e Ch\u00e2teau de Villelongue. Cr\u00e9mant de Limoux de haute qualit\u00e9 r\u00e9compens\u00e9e. Rapproche en go\u00fbt du Champagne.\",\"breadcrumb\":{\"@id\":\"https:\\\/\\\/www.ivinio.com\\\/fr\\\/produit\\\/domaine-rosier-cuvee-chateau-de-villelongue-1\\\/#breadcrumb\"},\"inLanguage\":\"fr-FR\",\"potentialAction\":[{\"@type\":\"ReadAction\",\"target\":[\"https:\\\/\\\/www.ivinio.com\\\/fr\\\/produit\\\/domaine-rosier-cuvee-chateau-de-villelongue-1\\\/\"]}]},{\"@type\":\"ImageObject\",\"inLanguage\":\"fr-FR\",\"@id\":\"https:\\\/\\\/www.ivinio.com\\\/fr\\\/produit\\\/domaine-rosier-cuvee-chateau-de-villelongue-1\\\/#primaryimage\",\"url\":\"https:\\\/\\\/www.ivinio.com\\\/wp-content\\\/uploads\\\/nc\\\/public\\\/modules\\\/file\\\/pictures\\\/7151.Domaine-rosier-Terre-de-Villelongue-IVINIO.jpg\",\"contentUrl\":\"https:\\\/\\\/www.ivinio.com\\\/wp-content\\\/uploads\\\/nc\\\/public\\\/modules\\\/file\\\/pictures\\\/7151.Domaine-rosier-Terre-de-Villelongue-IVINIO.jpg\",\"width\":500,\"height\":500,\"caption\":\"Domaine Rosier - Cuv\u00e9e Chateau de Villelongue\"},{\"@type\":\"BreadcrumbList\",\"@id\":\"https:\\\/\\\/www.ivinio.com\\\/fr\\\/produit\\\/domaine-rosier-cuvee-chateau-de-villelongue-1\\\/#breadcrumb\",\"itemListElement\":[{\"@type\":\"ListItem\",\"position\":1,\"name\":\"Home\",\"item\":\"https:\\\/\\\/www.ivinio.com\\\/fr\\\/\"},{\"@type\":\"ListItem\",\"position\":2,\"name\":\"Boutique de vin\",\"item\":\"https:\\\/\\\/www.ivinio.com\\\/fr\\\/boutique-de-vin\\\/\"},{\"@type\":\"ListItem\",\"position\":3,\"name\":\"Domaine Rosier &#8211; Cuv\u00e9e Ch\u00e2teau de Villelongue\"}]},{\"@type\":\"WebSite\",\"@id\":\"https:\\\/\\\/www.ivinio.com\\\/fr\\\/#website\",\"url\":\"https:\\\/\\\/www.ivinio.com\\\/fr\\\/\",\"name\":\"IVINIO Caviste\",\"description\":\"Vins de France et d&#039;Italie avec livraison \u00e0 domicile\",\"publisher\":{\"@id\":\"https:\\\/\\\/www.ivinio.com\\\/fr\\\/#organization\"},\"potentialAction\":[{\"@type\":\"SearchAction\",\"target\":{\"@type\":\"EntryPoint\",\"urlTemplate\":\"https:\\\/\\\/www.ivinio.com\\\/fr\\\/?s={search_term_string}\"},\"query-input\":{\"@type\":\"PropertyValueSpecification\",\"valueRequired\":true,\"valueName\":\"search_term_string\"}}],\"inLanguage\":\"fr-FR\"},{\"@type\":\"Organization\",\"@id\":\"https:\\\/\\\/www.ivinio.com\\\/fr\\\/#organization\",\"name\":\"IVINIO\",\"url\":\"https:\\\/\\\/www.ivinio.com\\\/fr\\\/\",\"logo\":{\"@type\":\"ImageObject\",\"inLanguage\":\"fr-FR\",\"@id\":\"https:\\\/\\\/www.ivinio.com\\\/fr\\\/#\\\/schema\\\/logo\\\/image\\\/\",\"url\":\"https:\\\/\\\/www.ivinio.com\\\/wp-content\\\/uploads\\\/2021\\\/01\\\/Logo-Ivinio-v2.jpg\",\"contentUrl\":\"https:\\\/\\\/www.ivinio.com\\\/wp-content\\\/uploads\\\/2021\\\/01\\\/Logo-Ivinio-v2.jpg\",\"width\":1194,\"height\":1194,\"caption\":\"IVINIO\"},\"image\":{\"@id\":\"https:\\\/\\\/www.ivinio.com\\\/fr\\\/#\\\/schema\\\/logo\\\/image\\\/\"},\"sameAs\":[\"https:\\\/\\\/www.facebook.com\\\/groups\\\/165217837022391\\\/?ref=bookmarks\",\"https:\\\/\\\/www.instagram.com\\\/_ivinio_\\\/?hl=fr\"]}]}<\/script>\n<!-- \/ Yoast SEO plugin. -->","yoast_head_json":{"title":"Acheter Domaine Rosier - Cuv\u00e9e Ch\u00e2teau de Villelongue - IVINIO Caviste","description":"Acheter Domaine Rosier - Cuv\u00e9e Ch\u00e2teau de Villelongue. Cr\u00e9mant de Limoux de haute qualit\u00e9 r\u00e9compens\u00e9e. Rapproche en go\u00fbt du Champagne.","robots":{"index":"index","follow":"follow","max-snippet":"max-snippet:-1","max-image-preview":"max-image-preview:large","max-video-preview":"max-video-preview:-1"},"canonical":"https:\/\/www.ivinio.com\/fr\/produit\/domaine-rosier-cuvee-chateau-de-villelongue-1\/","og_locale":"fr_FR","og_type":"article","og_title":"Acheter Domaine Rosier - Cuv\u00e9e Ch\u00e2teau de Villelongue - IVINIO Caviste","og_description":"Acheter Domaine Rosier - Cuv\u00e9e Ch\u00e2teau de Villelongue. Cr\u00e9mant de Limoux de haute qualit\u00e9 r\u00e9compens\u00e9e. Rapproche en go\u00fbt du Champagne.","og_url":"https:\/\/www.ivinio.com\/fr\/produit\/domaine-rosier-cuvee-chateau-de-villelongue-1\/","og_site_name":"IVINIO Caviste","article_publisher":"https:\/\/www.facebook.com\/groups\/165217837022391\/?ref=bookmarks","article_modified_time":"2022-03-13T09:44:46+00:00","og_image":[{"width":500,"height":500,"url":"https:\/\/www.ivinio.com\/wp-content\/uploads\/nc\/public\/modules\/file\/pictures\/7151.Domaine-rosier-Terre-de-Villelongue-IVINIO.jpg","type":"image\/jpeg"}],"twitter_card":"summary_large_image","twitter_misc":{"Dur\u00e9e de lecture estim\u00e9e":"1 minute"},"schema":{"@context":"https:\/\/schema.org","@graph":[{"@type":"WebPage","@id":"https:\/\/www.ivinio.com\/fr\/produit\/domaine-rosier-cuvee-chateau-de-villelongue-1\/","url":"https:\/\/www.ivinio.com\/fr\/produit\/domaine-rosier-cuvee-chateau-de-villelongue-1\/","name":"Acheter Domaine Rosier - Cuv\u00e9e Ch\u00e2teau de Villelongue - IVINIO Caviste","isPartOf":{"@id":"https:\/\/www.ivinio.com\/fr\/#website"},"primaryImageOfPage":{"@id":"https:\/\/www.ivinio.com\/fr\/produit\/domaine-rosier-cuvee-chateau-de-villelongue-1\/#primaryimage"},"image":{"@id":"https:\/\/www.ivinio.com\/fr\/produit\/domaine-rosier-cuvee-chateau-de-villelongue-1\/#primaryimage"},"thumbnailUrl":"https:\/\/www.ivinio.com\/wp-content\/uploads\/nc\/public\/modules\/file\/pictures\/7151.Domaine-rosier-Terre-de-Villelongue-IVINIO.jpg","datePublished":"2014-05-21T10:20:29+00:00","dateModified":"2022-03-13T09:44:46+00:00","description":"Acheter Domaine Rosier - Cuv\u00e9e Ch\u00e2teau de Villelongue. Cr\u00e9mant de Limoux de haute qualit\u00e9 r\u00e9compens\u00e9e. Rapproche en go\u00fbt du Champagne.","breadcrumb":{"@id":"https:\/\/www.ivinio.com\/fr\/produit\/domaine-rosier-cuvee-chateau-de-villelongue-1\/#breadcrumb"},"inLanguage":"fr-FR","potentialAction":[{"@type":"ReadAction","target":["https:\/\/www.ivinio.com\/fr\/produit\/domaine-rosier-cuvee-chateau-de-villelongue-1\/"]}]},{"@type":"ImageObject","inLanguage":"fr-FR","@id":"https:\/\/www.ivinio.com\/fr\/produit\/domaine-rosier-cuvee-chateau-de-villelongue-1\/#primaryimage","url":"https:\/\/www.ivinio.com\/wp-content\/uploads\/nc\/public\/modules\/file\/pictures\/7151.Domaine-rosier-Terre-de-Villelongue-IVINIO.jpg","contentUrl":"https:\/\/www.ivinio.com\/wp-content\/uploads\/nc\/public\/modules\/file\/pictures\/7151.Domaine-rosier-Terre-de-Villelongue-IVINIO.jpg","width":500,"height":500,"caption":"Domaine Rosier - Cuv\u00e9e Chateau de Villelongue"},{"@type":"BreadcrumbList","@id":"https:\/\/www.ivinio.com\/fr\/produit\/domaine-rosier-cuvee-chateau-de-villelongue-1\/#breadcrumb","itemListElement":[{"@type":"ListItem","position":1,"name":"Home","item":"https:\/\/www.ivinio.com\/fr\/"},{"@type":"ListItem","position":2,"name":"Boutique de vin","item":"https:\/\/www.ivinio.com\/fr\/boutique-de-vin\/"},{"@type":"ListItem","position":3,"name":"Domaine Rosier &#8211; Cuv\u00e9e Ch\u00e2teau de Villelongue"}]},{"@type":"WebSite","@id":"https:\/\/www.ivinio.com\/fr\/#website","url":"https:\/\/www.ivinio.com\/fr\/","name":"IVINIO Caviste","description":"Vins de France et d&#039;Italie avec livraison \u00e0 domicile","publisher":{"@id":"https:\/\/www.ivinio.com\/fr\/#organization"},"potentialAction":[{"@type":"SearchAction","target":{"@type":"EntryPoint","urlTemplate":"https:\/\/www.ivinio.com\/fr\/?s={search_term_string}"},"query-input":{"@type":"PropertyValueSpecification","valueRequired":true,"valueName":"search_term_string"}}],"inLanguage":"fr-FR"},{"@type":"Organization","@id":"https:\/\/www.ivinio.com\/fr\/#organization","name":"IVINIO","url":"https:\/\/www.ivinio.com\/fr\/","logo":{"@type":"ImageObject","inLanguage":"fr-FR","@id":"https:\/\/www.ivinio.com\/fr\/#\/schema\/logo\/image\/","url":"https:\/\/www.ivinio.com\/wp-content\/uploads\/2021\/01\/Logo-Ivinio-v2.jpg","contentUrl":"https:\/\/www.ivinio.com\/wp-content\/uploads\/2021\/01\/Logo-Ivinio-v2.jpg","width":1194,"height":1194,"caption":"IVINIO"},"image":{"@id":"https:\/\/www.ivinio.com\/fr\/#\/schema\/logo\/image\/"},"sameAs":["https:\/\/www.facebook.com\/groups\/165217837022391\/?ref=bookmarks","https:\/\/www.instagram.com\/_ivinio_\/?hl=fr"]}]}},"jetpack_sharing_enabled":true,"_links":{"self":[{"href":"https:\/\/www.ivinio.com\/fr\/wp-json\/wp\/v2\/product\/117216","targetHints":{"allow":["GET"]}}],"collection":[{"href":"https:\/\/www.ivinio.com\/fr\/wp-json\/wp\/v2\/product"}],"about":[{"href":"https:\/\/www.ivinio.com\/fr\/wp-json\/wp\/v2\/types\/product"}],"replies":[{"embeddable":true,"href":"https:\/\/www.ivinio.com\/fr\/wp-json\/wp\/v2\/comments?post=117216"}],"wp:featuredmedia":[{"embeddable":true,"href":"https:\/\/www.ivinio.com\/fr\/wp-json\/wp\/v2\/media\/117219"}],"wp:attachment":[{"href":"https:\/\/www.ivinio.com\/fr\/wp-json\/wp\/v2\/media?parent=117216"}],"wp:term":[{"taxonomy":"product_brand","embeddable":true,"href":"https:\/\/www.ivinio.com\/fr\/wp-json\/wp\/v2\/product_brand?post=117216"},{"taxonomy":"product_cat","embeddable":true,"href":"https:\/\/www.ivinio.com\/fr\/wp-json\/wp\/v2\/product_cat?post=117216"},{"taxonomy":"product_tag","embeddable":true,"href":"https:\/\/www.ivinio.com\/fr\/wp-json\/wp\/v2\/product_tag?post=117216"}],"curies":[{"name":"wp","href":"https:\/\/api.w.org\/{rel}","templated":true}]}}