{"id":117104,"date":"2014-05-21T12:20:29","date_gmt":"2014-05-21T10:20:29","guid":{"rendered":"https:\/\/henrik.www.ivinio.com\/?product=manera-vini-barbaresco-2016-rouge"},"modified":"2023-08-02T17:41:09","modified_gmt":"2023-08-02T15:41:09","slug":"manera-vini-barbaresco-rouge","status":"publish","type":"product","link":"https:\/\/www.ivinio.com\/fr\/produit\/manera-vini-barbaresco-rouge\/","title":{"rendered":"Manera vini &#8211; Barbaresco &#8211; Rouge"},"content":{"rendered":"<p>Le Barbaresco est un monoc\u00e9page: le Nebbiolo. Il est r\u00e9put\u00e9 comme l\u2019un des vins les meilleurs et les plus prestigieux du Pi\u00e9mont et m\u00eame d&#8217;Italie. La famille Manera cultive du Barbaresco sur seulement 0,8 hectares autour de la petite ville de Barbaresco pr\u00e8s d\u2019Alba. Le vin est vinifi\u00e9 selon la m\u00e9thode classique avec des raisins soumis \u00e0 un l\u00e9ger foulage et \u00e9grappage avant la fermentation alcoolique qui se fait dans des cuves en acier thermo-conditionn\u00e9es pendant environ 8\/10 jours. Le vin est \u00e9lev\u00e9 pendant douze mois en barriques de 10hl, ensuite douze mois en barriques de second passage et finalement un an en bouteille.<\/p>\n","protected":false},"excerpt":{"rendered":"<p>Barbaresco compos\u00e9 de Nebbiolo. Reflets orang\u00e9s et ar\u00f4mes puissants de fruits, d&#8217;amande et de vanille en fin de bouche.<\/p>\n","protected":false},"featured_media":133266,"comment_status":"open","ping_status":"closed","template":"","meta":{"_monsterinsights_skip_tracking":false,"_monsterinsights_sitenote_active":false,"_monsterinsights_sitenote_note":"","_monsterinsights_sitenote_category":0,"_uf_show_specific_survey":0,"_uf_disable_surveys":false},"product_brand":[],"product_cat":[36598,36589],"product_tag":[],"class_list":{"0":"post-117104","1":"product","2":"type-product","3":"status-publish","4":"has-post-thumbnail","6":"product_cat-fr-piemont","7":"product_cat-vins-italiens","8":"pa_alcohol-degree-145-fr","9":"pa_classification-docg-barbaresco-fr","10":"pa_color-rouge-fr","11":"pa_country-italie-fr","12":"pa_grape-variety-nebbiolo","13":"pa_region-piemont-fr","14":"pa_storage-potential-10-ans-fr","15":"pa_vintage-2016-fr","16":"pa_volume-75-cl-fr","18":"first","19":"instock","20":"taxable","21":"shipping-taxable","22":"purchasable","23":"product-type-simple"},"bundled_by":[],"bundle_stock_status":"instock","bundle_stock_quantity":null,"bundle_virtual":false,"bundle_layout":"","bundle_add_to_cart_form_location":"","bundle_editable_in_cart":false,"bundle_sold_individually_context":"","bundle_item_grouping":"","bundle_min_size":"","bundle_max_size":"","bundle_price":[],"bundled_items":[],"bundle_sell_ids":[],"yoast_head":"<!-- This site is optimized with the Yoast SEO plugin v27.4 - https:\/\/yoast.com\/product\/yoast-seo-wordpress\/ -->\n<title>Manera vini - Barbaresco - Rouge - IVINIO Caviste<\/title>\n<meta name=\"description\" content=\"Manera vini - Barbaresco - Rouge. Compos\u00e9 de Nebbiolo. Reflets orang\u00e9s et ar\u00f4mes puissants de fruits, d&#039;amande et de vanille en fin de bouche.\" \/>\n<meta name=\"robots\" content=\"index, follow, max-snippet:-1, max-image-preview:large, max-video-preview:-1\" \/>\n<link rel=\"canonical\" href=\"https:\/\/www.ivinio.com\/fr\/produit\/manera-vini-barbaresco-rouge\/\" \/>\n<meta property=\"og:locale\" content=\"fr_FR\" \/>\n<meta property=\"og:type\" content=\"article\" \/>\n<meta property=\"og:title\" content=\"Manera vini - Barbaresco - Rouge - IVINIO Caviste\" \/>\n<meta property=\"og:description\" content=\"Manera vini - Barbaresco - Rouge. Compos\u00e9 de Nebbiolo. Reflets orang\u00e9s et ar\u00f4mes puissants de fruits, d&#039;amande et de vanille en fin de bouche.\" \/>\n<meta property=\"og:url\" content=\"https:\/\/www.ivinio.com\/fr\/produit\/manera-vini-barbaresco-rouge\/\" \/>\n<meta property=\"og:site_name\" content=\"IVINIO Caviste\" \/>\n<meta property=\"article:publisher\" content=\"https:\/\/www.facebook.com\/groups\/165217837022391\/?ref=bookmarks\" \/>\n<meta property=\"article:modified_time\" content=\"2023-08-02T15:41:09+00:00\" \/>\n<meta property=\"og:image\" content=\"https:\/\/www.ivinio.com\/wp-content\/uploads\/2014\/05\/Manera-vini-Barbaresco-IVINIO.jpg\" \/>\n\t<meta property=\"og:image:width\" content=\"500\" \/>\n\t<meta property=\"og:image:height\" content=\"500\" \/>\n\t<meta property=\"og:image:type\" content=\"image\/jpeg\" \/>\n<meta name=\"twitter:card\" content=\"summary_large_image\" \/>\n<meta name=\"twitter:label1\" content=\"Dur\u00e9e de lecture estim\u00e9e\" \/>\n\t<meta name=\"twitter:data1\" content=\"1 minute\" \/>\n<script type=\"application\/ld+json\" class=\"yoast-schema-graph\">{\"@context\":\"https:\\\/\\\/schema.org\",\"@graph\":[{\"@type\":\"WebPage\",\"@id\":\"https:\\\/\\\/www.ivinio.com\\\/fr\\\/produit\\\/manera-vini-barbaresco-rouge\\\/\",\"url\":\"https:\\\/\\\/www.ivinio.com\\\/fr\\\/produit\\\/manera-vini-barbaresco-rouge\\\/\",\"name\":\"Manera vini - Barbaresco - Rouge - IVINIO Caviste\",\"isPartOf\":{\"@id\":\"https:\\\/\\\/www.ivinio.com\\\/fr\\\/#website\"},\"primaryImageOfPage\":{\"@id\":\"https:\\\/\\\/www.ivinio.com\\\/fr\\\/produit\\\/manera-vini-barbaresco-rouge\\\/#primaryimage\"},\"image\":{\"@id\":\"https:\\\/\\\/www.ivinio.com\\\/fr\\\/produit\\\/manera-vini-barbaresco-rouge\\\/#primaryimage\"},\"thumbnailUrl\":\"https:\\\/\\\/www.ivinio.com\\\/wp-content\\\/uploads\\\/2014\\\/05\\\/Manera-vini-Barbaresco-IVINIO.jpg\",\"datePublished\":\"2014-05-21T10:20:29+00:00\",\"dateModified\":\"2023-08-02T15:41:09+00:00\",\"description\":\"Manera vini - Barbaresco - Rouge. Compos\u00e9 de Nebbiolo. Reflets orang\u00e9s et ar\u00f4mes puissants de fruits, d'amande et de vanille en fin de bouche.\",\"breadcrumb\":{\"@id\":\"https:\\\/\\\/www.ivinio.com\\\/fr\\\/produit\\\/manera-vini-barbaresco-rouge\\\/#breadcrumb\"},\"inLanguage\":\"fr-FR\",\"potentialAction\":[{\"@type\":\"ReadAction\",\"target\":[\"https:\\\/\\\/www.ivinio.com\\\/fr\\\/produit\\\/manera-vini-barbaresco-rouge\\\/\"]}]},{\"@type\":\"ImageObject\",\"inLanguage\":\"fr-FR\",\"@id\":\"https:\\\/\\\/www.ivinio.com\\\/fr\\\/produit\\\/manera-vini-barbaresco-rouge\\\/#primaryimage\",\"url\":\"https:\\\/\\\/www.ivinio.com\\\/wp-content\\\/uploads\\\/2014\\\/05\\\/Manera-vini-Barbaresco-IVINIO.jpg\",\"contentUrl\":\"https:\\\/\\\/www.ivinio.com\\\/wp-content\\\/uploads\\\/2014\\\/05\\\/Manera-vini-Barbaresco-IVINIO.jpg\",\"width\":500,\"height\":500,\"caption\":\"Manera vini - Barbaresco\"},{\"@type\":\"BreadcrumbList\",\"@id\":\"https:\\\/\\\/www.ivinio.com\\\/fr\\\/produit\\\/manera-vini-barbaresco-rouge\\\/#breadcrumb\",\"itemListElement\":[{\"@type\":\"ListItem\",\"position\":1,\"name\":\"Home\",\"item\":\"https:\\\/\\\/www.ivinio.com\\\/fr\\\/\"},{\"@type\":\"ListItem\",\"position\":2,\"name\":\"Boutique de vin\",\"item\":\"https:\\\/\\\/www.ivinio.com\\\/fr\\\/boutique-de-vin\\\/\"},{\"@type\":\"ListItem\",\"position\":3,\"name\":\"Manera vini &#8211; Barbaresco &#8211; Rouge\"}]},{\"@type\":\"WebSite\",\"@id\":\"https:\\\/\\\/www.ivinio.com\\\/fr\\\/#website\",\"url\":\"https:\\\/\\\/www.ivinio.com\\\/fr\\\/\",\"name\":\"IVINIO Caviste\",\"description\":\"Vins de France et d&#039;Italie avec livraison \u00e0 domicile\",\"publisher\":{\"@id\":\"https:\\\/\\\/www.ivinio.com\\\/fr\\\/#organization\"},\"potentialAction\":[{\"@type\":\"SearchAction\",\"target\":{\"@type\":\"EntryPoint\",\"urlTemplate\":\"https:\\\/\\\/www.ivinio.com\\\/fr\\\/?s={search_term_string}\"},\"query-input\":{\"@type\":\"PropertyValueSpecification\",\"valueRequired\":true,\"valueName\":\"search_term_string\"}}],\"inLanguage\":\"fr-FR\"},{\"@type\":\"Organization\",\"@id\":\"https:\\\/\\\/www.ivinio.com\\\/fr\\\/#organization\",\"name\":\"IVINIO\",\"url\":\"https:\\\/\\\/www.ivinio.com\\\/fr\\\/\",\"logo\":{\"@type\":\"ImageObject\",\"inLanguage\":\"fr-FR\",\"@id\":\"https:\\\/\\\/www.ivinio.com\\\/fr\\\/#\\\/schema\\\/logo\\\/image\\\/\",\"url\":\"https:\\\/\\\/www.ivinio.com\\\/wp-content\\\/uploads\\\/2021\\\/01\\\/Logo-Ivinio-v2.jpg\",\"contentUrl\":\"https:\\\/\\\/www.ivinio.com\\\/wp-content\\\/uploads\\\/2021\\\/01\\\/Logo-Ivinio-v2.jpg\",\"width\":1194,\"height\":1194,\"caption\":\"IVINIO\"},\"image\":{\"@id\":\"https:\\\/\\\/www.ivinio.com\\\/fr\\\/#\\\/schema\\\/logo\\\/image\\\/\"},\"sameAs\":[\"https:\\\/\\\/www.facebook.com\\\/groups\\\/165217837022391\\\/?ref=bookmarks\",\"https:\\\/\\\/www.instagram.com\\\/_ivinio_\\\/?hl=fr\"]}]}<\/script>\n<!-- \/ Yoast SEO plugin. -->","yoast_head_json":{"title":"Manera vini - Barbaresco - Rouge - IVINIO Caviste","description":"Manera vini - Barbaresco - Rouge. Compos\u00e9 de Nebbiolo. Reflets orang\u00e9s et ar\u00f4mes puissants de fruits, d'amande et de vanille en fin de bouche.","robots":{"index":"index","follow":"follow","max-snippet":"max-snippet:-1","max-image-preview":"max-image-preview:large","max-video-preview":"max-video-preview:-1"},"canonical":"https:\/\/www.ivinio.com\/fr\/produit\/manera-vini-barbaresco-rouge\/","og_locale":"fr_FR","og_type":"article","og_title":"Manera vini - Barbaresco - Rouge - IVINIO Caviste","og_description":"Manera vini - Barbaresco - Rouge. Compos\u00e9 de Nebbiolo. Reflets orang\u00e9s et ar\u00f4mes puissants de fruits, d'amande et de vanille en fin de bouche.","og_url":"https:\/\/www.ivinio.com\/fr\/produit\/manera-vini-barbaresco-rouge\/","og_site_name":"IVINIO Caviste","article_publisher":"https:\/\/www.facebook.com\/groups\/165217837022391\/?ref=bookmarks","article_modified_time":"2023-08-02T15:41:09+00:00","og_image":[{"width":500,"height":500,"url":"https:\/\/www.ivinio.com\/wp-content\/uploads\/2014\/05\/Manera-vini-Barbaresco-IVINIO.jpg","type":"image\/jpeg"}],"twitter_card":"summary_large_image","twitter_misc":{"Dur\u00e9e de lecture estim\u00e9e":"1 minute"},"schema":{"@context":"https:\/\/schema.org","@graph":[{"@type":"WebPage","@id":"https:\/\/www.ivinio.com\/fr\/produit\/manera-vini-barbaresco-rouge\/","url":"https:\/\/www.ivinio.com\/fr\/produit\/manera-vini-barbaresco-rouge\/","name":"Manera vini - Barbaresco - Rouge - IVINIO Caviste","isPartOf":{"@id":"https:\/\/www.ivinio.com\/fr\/#website"},"primaryImageOfPage":{"@id":"https:\/\/www.ivinio.com\/fr\/produit\/manera-vini-barbaresco-rouge\/#primaryimage"},"image":{"@id":"https:\/\/www.ivinio.com\/fr\/produit\/manera-vini-barbaresco-rouge\/#primaryimage"},"thumbnailUrl":"https:\/\/www.ivinio.com\/wp-content\/uploads\/2014\/05\/Manera-vini-Barbaresco-IVINIO.jpg","datePublished":"2014-05-21T10:20:29+00:00","dateModified":"2023-08-02T15:41:09+00:00","description":"Manera vini - Barbaresco - Rouge. Compos\u00e9 de Nebbiolo. Reflets orang\u00e9s et ar\u00f4mes puissants de fruits, d'amande et de vanille en fin de bouche.","breadcrumb":{"@id":"https:\/\/www.ivinio.com\/fr\/produit\/manera-vini-barbaresco-rouge\/#breadcrumb"},"inLanguage":"fr-FR","potentialAction":[{"@type":"ReadAction","target":["https:\/\/www.ivinio.com\/fr\/produit\/manera-vini-barbaresco-rouge\/"]}]},{"@type":"ImageObject","inLanguage":"fr-FR","@id":"https:\/\/www.ivinio.com\/fr\/produit\/manera-vini-barbaresco-rouge\/#primaryimage","url":"https:\/\/www.ivinio.com\/wp-content\/uploads\/2014\/05\/Manera-vini-Barbaresco-IVINIO.jpg","contentUrl":"https:\/\/www.ivinio.com\/wp-content\/uploads\/2014\/05\/Manera-vini-Barbaresco-IVINIO.jpg","width":500,"height":500,"caption":"Manera vini - Barbaresco"},{"@type":"BreadcrumbList","@id":"https:\/\/www.ivinio.com\/fr\/produit\/manera-vini-barbaresco-rouge\/#breadcrumb","itemListElement":[{"@type":"ListItem","position":1,"name":"Home","item":"https:\/\/www.ivinio.com\/fr\/"},{"@type":"ListItem","position":2,"name":"Boutique de vin","item":"https:\/\/www.ivinio.com\/fr\/boutique-de-vin\/"},{"@type":"ListItem","position":3,"name":"Manera vini &#8211; Barbaresco &#8211; Rouge"}]},{"@type":"WebSite","@id":"https:\/\/www.ivinio.com\/fr\/#website","url":"https:\/\/www.ivinio.com\/fr\/","name":"IVINIO Caviste","description":"Vins de France et d&#039;Italie avec livraison \u00e0 domicile","publisher":{"@id":"https:\/\/www.ivinio.com\/fr\/#organization"},"potentialAction":[{"@type":"SearchAction","target":{"@type":"EntryPoint","urlTemplate":"https:\/\/www.ivinio.com\/fr\/?s={search_term_string}"},"query-input":{"@type":"PropertyValueSpecification","valueRequired":true,"valueName":"search_term_string"}}],"inLanguage":"fr-FR"},{"@type":"Organization","@id":"https:\/\/www.ivinio.com\/fr\/#organization","name":"IVINIO","url":"https:\/\/www.ivinio.com\/fr\/","logo":{"@type":"ImageObject","inLanguage":"fr-FR","@id":"https:\/\/www.ivinio.com\/fr\/#\/schema\/logo\/image\/","url":"https:\/\/www.ivinio.com\/wp-content\/uploads\/2021\/01\/Logo-Ivinio-v2.jpg","contentUrl":"https:\/\/www.ivinio.com\/wp-content\/uploads\/2021\/01\/Logo-Ivinio-v2.jpg","width":1194,"height":1194,"caption":"IVINIO"},"image":{"@id":"https:\/\/www.ivinio.com\/fr\/#\/schema\/logo\/image\/"},"sameAs":["https:\/\/www.facebook.com\/groups\/165217837022391\/?ref=bookmarks","https:\/\/www.instagram.com\/_ivinio_\/?hl=fr"]}]}},"jetpack_sharing_enabled":true,"_links":{"self":[{"href":"https:\/\/www.ivinio.com\/fr\/wp-json\/wp\/v2\/product\/117104","targetHints":{"allow":["GET"]}}],"collection":[{"href":"https:\/\/www.ivinio.com\/fr\/wp-json\/wp\/v2\/product"}],"about":[{"href":"https:\/\/www.ivinio.com\/fr\/wp-json\/wp\/v2\/types\/product"}],"replies":[{"embeddable":true,"href":"https:\/\/www.ivinio.com\/fr\/wp-json\/wp\/v2\/comments?post=117104"}],"wp:featuredmedia":[{"embeddable":true,"href":"https:\/\/www.ivinio.com\/fr\/wp-json\/wp\/v2\/media\/133266"}],"wp:attachment":[{"href":"https:\/\/www.ivinio.com\/fr\/wp-json\/wp\/v2\/media?parent=117104"}],"wp:term":[{"taxonomy":"product_brand","embeddable":true,"href":"https:\/\/www.ivinio.com\/fr\/wp-json\/wp\/v2\/product_brand?post=117104"},{"taxonomy":"product_cat","embeddable":true,"href":"https:\/\/www.ivinio.com\/fr\/wp-json\/wp\/v2\/product_cat?post=117104"},{"taxonomy":"product_tag","embeddable":true,"href":"https:\/\/www.ivinio.com\/fr\/wp-json\/wp\/v2\/product_tag?post=117104"}],"curies":[{"name":"wp","href":"https:\/\/api.w.org\/{rel}","templated":true}]}}