{"id":117083,"date":"2014-05-21T10:20:28","date_gmt":"2014-05-21T10:20:28","guid":{"rendered":"https:\/\/henrik.www.ivinio.com\/?product=ollieux-romanis-cuvee-alice-rouge"},"modified":"2025-10-09T00:33:37","modified_gmt":"2025-10-08T22:33:37","slug":"ollieux-romanis-cuvee-alice-rouge-1820","status":"publish","type":"product","link":"https:\/\/www.ivinio.com\/fr\/produit\/ollieux-romanis-cuvee-alice-rouge-1820\/","title":{"rendered":"Artisans Partisans &#8211; Cuv\u00e9e Alice 1820 &#8211; Rouge"},"content":{"rendered":"<p>Artisans Partisans &#8211; Cuv\u00e9e Alice 1820 &#8211; Rouge est une cuv\u00e9e cr\u00e9\u00e9e pour honorer l&#8217;une des premi\u00e8res femmes vignerons du Languedoc. Le vin est compos\u00e9 de 50% de Syrah, 30% de Carignan et 20% de Grenache, ce qui donne un vin rond et cors\u00e9 qui convient \u00e0 tous types de plats de viande. La vinification se fait selon la m\u00e9thode classique en cuves inox. La cuvaison dure 10 \u00e0 15 jours, suivi d&#8217;une filtration tangentielle.<\/p>\n","protected":false},"excerpt":{"rendered":"<p>Artisans Partisans, cuv\u00e9e Alice 1820, est un classique des Corbi\u00e8res de grande qualit\u00e9. Corbi\u00e8res est une appellation dans le Languedoc.<\/p>\n","protected":false},"featured_media":138272,"comment_status":"open","ping_status":"closed","template":"","meta":{"_monsterinsights_skip_tracking":false,"_monsterinsights_sitenote_active":false,"_monsterinsights_sitenote_note":"","_monsterinsights_sitenote_category":0,"_uf_show_specific_survey":0,"_uf_disable_surveys":false},"product_brand":[],"product_cat":[36625],"product_tag":[],"class_list":{"0":"post-117083","1":"product","2":"type-product","3":"status-publish","4":"has-post-thumbnail","6":"product_cat-fr-languedoc","7":"pa_alcohol-degree-13-5","8":"pa_classification-aop-corbieres-fr","9":"pa_color-rouge-fr","10":"pa_country-france-fr","11":"pa_grape-variety-carignan-fr","12":"pa_grape-variety-grenache-fr","13":"pa_grape-variety-syrah-fr","14":"pa_region-languedoc-fr","15":"pa_storage-potential-3-ans-fr","16":"pa_vintage-2023-fr","17":"pa_volume-75-cl-fr","19":"first","20":"instock","21":"taxable","22":"shipping-taxable","23":"purchasable","24":"product-type-simple"},"bundled_by":["117124","138882"],"bundle_stock_status":"instock","bundle_stock_quantity":null,"bundle_virtual":false,"bundle_layout":"","bundle_add_to_cart_form_location":"","bundle_editable_in_cart":false,"bundle_sold_individually_context":"","bundle_item_grouping":"","bundle_min_size":"","bundle_max_size":"","bundle_price":[],"bundled_items":[],"bundle_sell_ids":[],"yoast_head":"<!-- This site is optimized with the Yoast SEO plugin v27.3 - https:\/\/yoast.com\/product\/yoast-seo-wordpress\/ -->\n<title>Artisans Partisans - Cuv\u00e9e Alice 1820 - Rouge- IVINIO Caviste<\/title>\n<meta name=\"description\" content=\"Artisans Partisans - Cuv\u00e9e Alice 1820 - Rouge de grande qualit\u00e9 \u00e0 un prix attractif. Corbi\u00e8res est une appellation dans le Languedoc.\" \/>\n<meta name=\"robots\" content=\"index, follow, max-snippet:-1, max-image-preview:large, max-video-preview:-1\" \/>\n<link rel=\"canonical\" href=\"https:\/\/www.ivinio.com\/fr\/produit\/ollieux-romanis-cuvee-alice-rouge-1820\/\" \/>\n<meta property=\"og:locale\" content=\"fr_FR\" \/>\n<meta property=\"og:type\" content=\"article\" \/>\n<meta property=\"og:title\" content=\"Artisans Partisans - Cuv\u00e9e Alice 1820 - Rouge- IVINIO Caviste\" \/>\n<meta property=\"og:description\" content=\"Artisans Partisans - Cuv\u00e9e Alice 1820 - Rouge de grande qualit\u00e9 \u00e0 un prix attractif. Corbi\u00e8res est une appellation dans le Languedoc.\" \/>\n<meta property=\"og:url\" content=\"https:\/\/www.ivinio.com\/fr\/produit\/ollieux-romanis-cuvee-alice-rouge-1820\/\" \/>\n<meta property=\"og:site_name\" content=\"IVINIO Caviste\" \/>\n<meta property=\"article:publisher\" content=\"https:\/\/www.facebook.com\/groups\/165217837022391\/?ref=bookmarks\" \/>\n<meta property=\"article:modified_time\" content=\"2025-10-08T22:33:37+00:00\" \/>\n<meta property=\"og:image\" content=\"https:\/\/www.ivinio.com\/wp-content\/uploads\/2014\/05\/Artisan-partisan-Alice-1820-IVINIO-2.jpg\" \/>\n\t<meta property=\"og:image:width\" content=\"500\" \/>\n\t<meta property=\"og:image:height\" content=\"500\" \/>\n\t<meta property=\"og:image:type\" content=\"image\/jpeg\" \/>\n<meta name=\"twitter:card\" content=\"summary_large_image\" \/>\n<meta name=\"twitter:label1\" content=\"Dur\u00e9e de lecture estim\u00e9e\" \/>\n\t<meta name=\"twitter:data1\" content=\"1 minute\" \/>\n<script type=\"application\/ld+json\" class=\"yoast-schema-graph\">{\"@context\":\"https:\\\/\\\/schema.org\",\"@graph\":[{\"@type\":\"WebPage\",\"@id\":\"https:\\\/\\\/www.ivinio.com\\\/fr\\\/produit\\\/ollieux-romanis-cuvee-alice-rouge-1820\\\/\",\"url\":\"https:\\\/\\\/www.ivinio.com\\\/fr\\\/produit\\\/ollieux-romanis-cuvee-alice-rouge-1820\\\/\",\"name\":\"Artisans Partisans - Cuv\u00e9e Alice 1820 - Rouge- IVINIO Caviste\",\"isPartOf\":{\"@id\":\"https:\\\/\\\/www.ivinio.com\\\/fr\\\/#website\"},\"primaryImageOfPage\":{\"@id\":\"https:\\\/\\\/www.ivinio.com\\\/fr\\\/produit\\\/ollieux-romanis-cuvee-alice-rouge-1820\\\/#primaryimage\"},\"image\":{\"@id\":\"https:\\\/\\\/www.ivinio.com\\\/fr\\\/produit\\\/ollieux-romanis-cuvee-alice-rouge-1820\\\/#primaryimage\"},\"thumbnailUrl\":\"https:\\\/\\\/www.ivinio.com\\\/wp-content\\\/uploads\\\/2014\\\/05\\\/Artisan-partisan-Alice-1820-IVINIO-2.jpg\",\"datePublished\":\"2014-05-21T10:20:28+00:00\",\"dateModified\":\"2025-10-08T22:33:37+00:00\",\"description\":\"Artisans Partisans - Cuv\u00e9e Alice 1820 - Rouge de grande qualit\u00e9 \u00e0 un prix attractif. Corbi\u00e8res est une appellation dans le Languedoc.\",\"breadcrumb\":{\"@id\":\"https:\\\/\\\/www.ivinio.com\\\/fr\\\/produit\\\/ollieux-romanis-cuvee-alice-rouge-1820\\\/#breadcrumb\"},\"inLanguage\":\"fr-FR\",\"potentialAction\":[{\"@type\":\"ReadAction\",\"target\":[\"https:\\\/\\\/www.ivinio.com\\\/fr\\\/produit\\\/ollieux-romanis-cuvee-alice-rouge-1820\\\/\"]}]},{\"@type\":\"ImageObject\",\"inLanguage\":\"fr-FR\",\"@id\":\"https:\\\/\\\/www.ivinio.com\\\/fr\\\/produit\\\/ollieux-romanis-cuvee-alice-rouge-1820\\\/#primaryimage\",\"url\":\"https:\\\/\\\/www.ivinio.com\\\/wp-content\\\/uploads\\\/2014\\\/05\\\/Artisan-partisan-Alice-1820-IVINIO-2.jpg\",\"contentUrl\":\"https:\\\/\\\/www.ivinio.com\\\/wp-content\\\/uploads\\\/2014\\\/05\\\/Artisan-partisan-Alice-1820-IVINIO-2.jpg\",\"width\":500,\"height\":500},{\"@type\":\"BreadcrumbList\",\"@id\":\"https:\\\/\\\/www.ivinio.com\\\/fr\\\/produit\\\/ollieux-romanis-cuvee-alice-rouge-1820\\\/#breadcrumb\",\"itemListElement\":[{\"@type\":\"ListItem\",\"position\":1,\"name\":\"Home\",\"item\":\"https:\\\/\\\/www.ivinio.com\\\/fr\\\/\"},{\"@type\":\"ListItem\",\"position\":2,\"name\":\"Boutique de vin\",\"item\":\"https:\\\/\\\/www.ivinio.com\\\/fr\\\/boutique-de-vin\\\/\"},{\"@type\":\"ListItem\",\"position\":3,\"name\":\"Artisans Partisans &#8211; Cuv\u00e9e Alice 1820 &#8211; Rouge\"}]},{\"@type\":\"WebSite\",\"@id\":\"https:\\\/\\\/www.ivinio.com\\\/fr\\\/#website\",\"url\":\"https:\\\/\\\/www.ivinio.com\\\/fr\\\/\",\"name\":\"IVINIO Caviste\",\"description\":\"Vins de France et d&#039;Italie avec livraison \u00e0 domicile\",\"publisher\":{\"@id\":\"https:\\\/\\\/www.ivinio.com\\\/fr\\\/#organization\"},\"potentialAction\":[{\"@type\":\"SearchAction\",\"target\":{\"@type\":\"EntryPoint\",\"urlTemplate\":\"https:\\\/\\\/www.ivinio.com\\\/fr\\\/?s={search_term_string}\"},\"query-input\":{\"@type\":\"PropertyValueSpecification\",\"valueRequired\":true,\"valueName\":\"search_term_string\"}}],\"inLanguage\":\"fr-FR\"},{\"@type\":\"Organization\",\"@id\":\"https:\\\/\\\/www.ivinio.com\\\/fr\\\/#organization\",\"name\":\"IVINIO\",\"url\":\"https:\\\/\\\/www.ivinio.com\\\/fr\\\/\",\"logo\":{\"@type\":\"ImageObject\",\"inLanguage\":\"fr-FR\",\"@id\":\"https:\\\/\\\/www.ivinio.com\\\/fr\\\/#\\\/schema\\\/logo\\\/image\\\/\",\"url\":\"https:\\\/\\\/www.ivinio.com\\\/wp-content\\\/uploads\\\/2021\\\/01\\\/Logo-Ivinio-v2.jpg\",\"contentUrl\":\"https:\\\/\\\/www.ivinio.com\\\/wp-content\\\/uploads\\\/2021\\\/01\\\/Logo-Ivinio-v2.jpg\",\"width\":1194,\"height\":1194,\"caption\":\"IVINIO\"},\"image\":{\"@id\":\"https:\\\/\\\/www.ivinio.com\\\/fr\\\/#\\\/schema\\\/logo\\\/image\\\/\"},\"sameAs\":[\"https:\\\/\\\/www.facebook.com\\\/groups\\\/165217837022391\\\/?ref=bookmarks\",\"https:\\\/\\\/www.instagram.com\\\/_ivinio_\\\/?hl=fr\"]}]}<\/script>\n<!-- \/ Yoast SEO plugin. -->","yoast_head_json":{"title":"Artisans Partisans - Cuv\u00e9e Alice 1820 - Rouge- IVINIO Caviste","description":"Artisans Partisans - Cuv\u00e9e Alice 1820 - Rouge de grande qualit\u00e9 \u00e0 un prix attractif. Corbi\u00e8res est une appellation dans le Languedoc.","robots":{"index":"index","follow":"follow","max-snippet":"max-snippet:-1","max-image-preview":"max-image-preview:large","max-video-preview":"max-video-preview:-1"},"canonical":"https:\/\/www.ivinio.com\/fr\/produit\/ollieux-romanis-cuvee-alice-rouge-1820\/","og_locale":"fr_FR","og_type":"article","og_title":"Artisans Partisans - Cuv\u00e9e Alice 1820 - Rouge- IVINIO Caviste","og_description":"Artisans Partisans - Cuv\u00e9e Alice 1820 - Rouge de grande qualit\u00e9 \u00e0 un prix attractif. Corbi\u00e8res est une appellation dans le Languedoc.","og_url":"https:\/\/www.ivinio.com\/fr\/produit\/ollieux-romanis-cuvee-alice-rouge-1820\/","og_site_name":"IVINIO Caviste","article_publisher":"https:\/\/www.facebook.com\/groups\/165217837022391\/?ref=bookmarks","article_modified_time":"2025-10-08T22:33:37+00:00","og_image":[{"width":500,"height":500,"url":"https:\/\/www.ivinio.com\/wp-content\/uploads\/2014\/05\/Artisan-partisan-Alice-1820-IVINIO-2.jpg","type":"image\/jpeg"}],"twitter_card":"summary_large_image","twitter_misc":{"Dur\u00e9e de lecture estim\u00e9e":"1 minute"},"schema":{"@context":"https:\/\/schema.org","@graph":[{"@type":"WebPage","@id":"https:\/\/www.ivinio.com\/fr\/produit\/ollieux-romanis-cuvee-alice-rouge-1820\/","url":"https:\/\/www.ivinio.com\/fr\/produit\/ollieux-romanis-cuvee-alice-rouge-1820\/","name":"Artisans Partisans - Cuv\u00e9e Alice 1820 - Rouge- IVINIO Caviste","isPartOf":{"@id":"https:\/\/www.ivinio.com\/fr\/#website"},"primaryImageOfPage":{"@id":"https:\/\/www.ivinio.com\/fr\/produit\/ollieux-romanis-cuvee-alice-rouge-1820\/#primaryimage"},"image":{"@id":"https:\/\/www.ivinio.com\/fr\/produit\/ollieux-romanis-cuvee-alice-rouge-1820\/#primaryimage"},"thumbnailUrl":"https:\/\/www.ivinio.com\/wp-content\/uploads\/2014\/05\/Artisan-partisan-Alice-1820-IVINIO-2.jpg","datePublished":"2014-05-21T10:20:28+00:00","dateModified":"2025-10-08T22:33:37+00:00","description":"Artisans Partisans - Cuv\u00e9e Alice 1820 - Rouge de grande qualit\u00e9 \u00e0 un prix attractif. Corbi\u00e8res est une appellation dans le Languedoc.","breadcrumb":{"@id":"https:\/\/www.ivinio.com\/fr\/produit\/ollieux-romanis-cuvee-alice-rouge-1820\/#breadcrumb"},"inLanguage":"fr-FR","potentialAction":[{"@type":"ReadAction","target":["https:\/\/www.ivinio.com\/fr\/produit\/ollieux-romanis-cuvee-alice-rouge-1820\/"]}]},{"@type":"ImageObject","inLanguage":"fr-FR","@id":"https:\/\/www.ivinio.com\/fr\/produit\/ollieux-romanis-cuvee-alice-rouge-1820\/#primaryimage","url":"https:\/\/www.ivinio.com\/wp-content\/uploads\/2014\/05\/Artisan-partisan-Alice-1820-IVINIO-2.jpg","contentUrl":"https:\/\/www.ivinio.com\/wp-content\/uploads\/2014\/05\/Artisan-partisan-Alice-1820-IVINIO-2.jpg","width":500,"height":500},{"@type":"BreadcrumbList","@id":"https:\/\/www.ivinio.com\/fr\/produit\/ollieux-romanis-cuvee-alice-rouge-1820\/#breadcrumb","itemListElement":[{"@type":"ListItem","position":1,"name":"Home","item":"https:\/\/www.ivinio.com\/fr\/"},{"@type":"ListItem","position":2,"name":"Boutique de vin","item":"https:\/\/www.ivinio.com\/fr\/boutique-de-vin\/"},{"@type":"ListItem","position":3,"name":"Artisans Partisans &#8211; Cuv\u00e9e Alice 1820 &#8211; Rouge"}]},{"@type":"WebSite","@id":"https:\/\/www.ivinio.com\/fr\/#website","url":"https:\/\/www.ivinio.com\/fr\/","name":"IVINIO Caviste","description":"Vins de France et d&#039;Italie avec livraison \u00e0 domicile","publisher":{"@id":"https:\/\/www.ivinio.com\/fr\/#organization"},"potentialAction":[{"@type":"SearchAction","target":{"@type":"EntryPoint","urlTemplate":"https:\/\/www.ivinio.com\/fr\/?s={search_term_string}"},"query-input":{"@type":"PropertyValueSpecification","valueRequired":true,"valueName":"search_term_string"}}],"inLanguage":"fr-FR"},{"@type":"Organization","@id":"https:\/\/www.ivinio.com\/fr\/#organization","name":"IVINIO","url":"https:\/\/www.ivinio.com\/fr\/","logo":{"@type":"ImageObject","inLanguage":"fr-FR","@id":"https:\/\/www.ivinio.com\/fr\/#\/schema\/logo\/image\/","url":"https:\/\/www.ivinio.com\/wp-content\/uploads\/2021\/01\/Logo-Ivinio-v2.jpg","contentUrl":"https:\/\/www.ivinio.com\/wp-content\/uploads\/2021\/01\/Logo-Ivinio-v2.jpg","width":1194,"height":1194,"caption":"IVINIO"},"image":{"@id":"https:\/\/www.ivinio.com\/fr\/#\/schema\/logo\/image\/"},"sameAs":["https:\/\/www.facebook.com\/groups\/165217837022391\/?ref=bookmarks","https:\/\/www.instagram.com\/_ivinio_\/?hl=fr"]}]}},"jetpack_sharing_enabled":true,"_links":{"self":[{"href":"https:\/\/www.ivinio.com\/fr\/wp-json\/wp\/v2\/product\/117083","targetHints":{"allow":["GET"]}}],"collection":[{"href":"https:\/\/www.ivinio.com\/fr\/wp-json\/wp\/v2\/product"}],"about":[{"href":"https:\/\/www.ivinio.com\/fr\/wp-json\/wp\/v2\/types\/product"}],"replies":[{"embeddable":true,"href":"https:\/\/www.ivinio.com\/fr\/wp-json\/wp\/v2\/comments?post=117083"}],"wp:featuredmedia":[{"embeddable":true,"href":"https:\/\/www.ivinio.com\/fr\/wp-json\/wp\/v2\/media\/138272"}],"wp:attachment":[{"href":"https:\/\/www.ivinio.com\/fr\/wp-json\/wp\/v2\/media?parent=117083"}],"wp:term":[{"taxonomy":"product_brand","embeddable":true,"href":"https:\/\/www.ivinio.com\/fr\/wp-json\/wp\/v2\/product_brand?post=117083"},{"taxonomy":"product_cat","embeddable":true,"href":"https:\/\/www.ivinio.com\/fr\/wp-json\/wp\/v2\/product_cat?post=117083"},{"taxonomy":"product_tag","embeddable":true,"href":"https:\/\/www.ivinio.com\/fr\/wp-json\/wp\/v2\/product_tag?post=117083"}],"curies":[{"name":"wp","href":"https:\/\/api.w.org\/{rel}","templated":true}]}}