{"id":117066,"date":"2014-05-21T10:20:28","date_gmt":"2014-05-21T10:20:28","guid":{"rendered":"https:\/\/henrik.www.ivinio.com\/?product=manera-vini-nebbiolo-dalba-rouge"},"modified":"2023-08-02T18:23:25","modified_gmt":"2023-08-02T16:23:25","slug":"manera-vini-nebbiolo-dalba-rouge","status":"publish","type":"product","link":"https:\/\/www.ivinio.com\/fr\/produit\/manera-vini-nebbiolo-dalba-rouge\/","title":{"rendered":"Manera vini &#8211; Nebbiolo d&#8217;Alba &#8211; Rouge"},"content":{"rendered":"<p>Le Nebbiolo d&#8217;Alba de Manera fait partie de l\u2019appellation Nebbiolo D\u2019Alba, d\u2019o\u00f9 la d\u00e9nomination DOC. Le vin est produit \u00e0 100% du c\u00e9page italien Nebbiolo. Les vignes sont cultiv\u00e9es sur les collines autour d&#8217;Alba. Le Nebbiolo est \u00e9galement utilis\u00e9 pour produire le Barbaresco et le Barolo. Vinification selon la m\u00e9thode classique avec les raisins soumis \u00e0 un l\u00e9ger foulage et \u00e9raflage avec fermentation alcoolique en cuves acier thermo-control\u00e9es pendant environ 8-10 jours. Le vin est ensuite \u00e9lev\u00e9 pendant 12 mois en barriques de second passage et ensuite un mois en bouteille.<\/p>\n","protected":false},"excerpt":{"rendered":"<p>L&#8217;appellation\u00a0Nebbiolo d&#8217;Alba est le nom d&#8217;un c\u00e9page italien typiquement pi\u00e9montais.\u00a0Nebbiolo\u00a0d&#8217;Alba de\u00a0Manera a ses vignes cultiv\u00e9es sur les collines autour d&#8217;Alba (la capitale de la truffe blanche).<\/p>\n","protected":false},"featured_media":133272,"comment_status":"open","ping_status":"closed","template":"","meta":{"_monsterinsights_skip_tracking":false,"_monsterinsights_sitenote_active":false,"_monsterinsights_sitenote_note":"","_monsterinsights_sitenote_category":0,"_uf_show_specific_survey":0,"_uf_disable_surveys":false},"product_brand":[],"product_cat":[36598,36589],"product_tag":[],"class_list":{"0":"post-117066","1":"product","2":"type-product","3":"status-publish","4":"has-post-thumbnail","6":"product_cat-fr-piemont","7":"product_cat-vins-italiens","8":"pa_alcohol-degree-145-fr","9":"pa_classification-doc-nebbiolo-dalba-fr","10":"pa_color-rouge-fr","11":"pa_country-italie-fr","12":"pa_grape-variety-nebbiolo","13":"pa_region-piemont-fr","14":"pa_storage-potential-7-ans","15":"pa_vintage-2018-fr","16":"pa_volume-75-cl-fr","18":"first","19":"instock","20":"taxable","21":"shipping-taxable","22":"purchasable","23":"product-type-simple"},"bundled_by":["117028","119479"],"bundle_stock_status":"instock","bundle_stock_quantity":null,"bundle_virtual":false,"bundle_layout":"","bundle_add_to_cart_form_location":"","bundle_editable_in_cart":false,"bundle_sold_individually_context":"","bundle_item_grouping":"","bundle_min_size":"","bundle_max_size":"","bundle_price":[],"bundled_items":[],"bundle_sell_ids":[],"yoast_head":"<!-- This site is optimized with the Yoast SEO plugin v27.4 - https:\/\/yoast.com\/product\/yoast-seo-wordpress\/ -->\n<title>Acheter Manera vini - Nebbiolo d&#039;Alba - Rouge - IVINIO Caviste<\/title>\n<meta name=\"description\" content=\"Manera vini - Nebbiolo d&#039;Alba - Rouge. Compos\u00e9 du Nebbiolo. Ar\u00f4mes complexes, \u00e9l\u00e9gants et fruit\u00e9s, belle longueur en bouche.\" \/>\n<meta name=\"robots\" content=\"index, follow, max-snippet:-1, max-image-preview:large, max-video-preview:-1\" \/>\n<link rel=\"canonical\" href=\"https:\/\/www.ivinio.com\/fr\/produit\/manera-vini-nebbiolo-dalba-rouge\/\" \/>\n<meta property=\"og:locale\" content=\"fr_FR\" \/>\n<meta property=\"og:type\" content=\"article\" \/>\n<meta property=\"og:title\" content=\"Acheter Manera vini - Nebbiolo d&#039;Alba - Rouge - IVINIO Caviste\" \/>\n<meta property=\"og:description\" content=\"Manera vini - Nebbiolo d&#039;Alba - Rouge. Compos\u00e9 du Nebbiolo. Ar\u00f4mes complexes, \u00e9l\u00e9gants et fruit\u00e9s, belle longueur en bouche.\" \/>\n<meta property=\"og:url\" content=\"https:\/\/www.ivinio.com\/fr\/produit\/manera-vini-nebbiolo-dalba-rouge\/\" \/>\n<meta property=\"og:site_name\" content=\"IVINIO Caviste\" \/>\n<meta property=\"article:publisher\" content=\"https:\/\/www.facebook.com\/groups\/165217837022391\/?ref=bookmarks\" \/>\n<meta property=\"article:modified_time\" content=\"2023-08-02T16:23:25+00:00\" \/>\n<meta property=\"og:image\" content=\"https:\/\/www.ivinio.com\/wp-content\/uploads\/2014\/05\/Manera-vini-Nebbiolo-dAlba-IVINIO.jpg\" \/>\n\t<meta property=\"og:image:width\" content=\"500\" \/>\n\t<meta property=\"og:image:height\" content=\"500\" \/>\n\t<meta property=\"og:image:type\" content=\"image\/jpeg\" \/>\n<meta name=\"twitter:card\" content=\"summary_large_image\" \/>\n<meta name=\"twitter:label1\" content=\"Dur\u00e9e de lecture estim\u00e9e\" \/>\n\t<meta name=\"twitter:data1\" content=\"1 minute\" \/>\n<script type=\"application\/ld+json\" class=\"yoast-schema-graph\">{\"@context\":\"https:\\\/\\\/schema.org\",\"@graph\":[{\"@type\":\"WebPage\",\"@id\":\"https:\\\/\\\/www.ivinio.com\\\/fr\\\/produit\\\/manera-vini-nebbiolo-dalba-rouge\\\/\",\"url\":\"https:\\\/\\\/www.ivinio.com\\\/fr\\\/produit\\\/manera-vini-nebbiolo-dalba-rouge\\\/\",\"name\":\"Acheter Manera vini - Nebbiolo d'Alba - Rouge - IVINIO Caviste\",\"isPartOf\":{\"@id\":\"https:\\\/\\\/www.ivinio.com\\\/fr\\\/#website\"},\"primaryImageOfPage\":{\"@id\":\"https:\\\/\\\/www.ivinio.com\\\/fr\\\/produit\\\/manera-vini-nebbiolo-dalba-rouge\\\/#primaryimage\"},\"image\":{\"@id\":\"https:\\\/\\\/www.ivinio.com\\\/fr\\\/produit\\\/manera-vini-nebbiolo-dalba-rouge\\\/#primaryimage\"},\"thumbnailUrl\":\"https:\\\/\\\/www.ivinio.com\\\/wp-content\\\/uploads\\\/2014\\\/05\\\/Manera-vini-Nebbiolo-dAlba-IVINIO.jpg\",\"datePublished\":\"2014-05-21T10:20:28+00:00\",\"dateModified\":\"2023-08-02T16:23:25+00:00\",\"description\":\"Manera vini - Nebbiolo d'Alba - Rouge. Compos\u00e9 du Nebbiolo. Ar\u00f4mes complexes, \u00e9l\u00e9gants et fruit\u00e9s, belle longueur en bouche.\",\"breadcrumb\":{\"@id\":\"https:\\\/\\\/www.ivinio.com\\\/fr\\\/produit\\\/manera-vini-nebbiolo-dalba-rouge\\\/#breadcrumb\"},\"inLanguage\":\"fr-FR\",\"potentialAction\":[{\"@type\":\"ReadAction\",\"target\":[\"https:\\\/\\\/www.ivinio.com\\\/fr\\\/produit\\\/manera-vini-nebbiolo-dalba-rouge\\\/\"]}]},{\"@type\":\"ImageObject\",\"inLanguage\":\"fr-FR\",\"@id\":\"https:\\\/\\\/www.ivinio.com\\\/fr\\\/produit\\\/manera-vini-nebbiolo-dalba-rouge\\\/#primaryimage\",\"url\":\"https:\\\/\\\/www.ivinio.com\\\/wp-content\\\/uploads\\\/2014\\\/05\\\/Manera-vini-Nebbiolo-dAlba-IVINIO.jpg\",\"contentUrl\":\"https:\\\/\\\/www.ivinio.com\\\/wp-content\\\/uploads\\\/2014\\\/05\\\/Manera-vini-Nebbiolo-dAlba-IVINIO.jpg\",\"width\":500,\"height\":500,\"caption\":\"Manera vini - Nebbiolo d'Alba\"},{\"@type\":\"BreadcrumbList\",\"@id\":\"https:\\\/\\\/www.ivinio.com\\\/fr\\\/produit\\\/manera-vini-nebbiolo-dalba-rouge\\\/#breadcrumb\",\"itemListElement\":[{\"@type\":\"ListItem\",\"position\":1,\"name\":\"Home\",\"item\":\"https:\\\/\\\/www.ivinio.com\\\/fr\\\/\"},{\"@type\":\"ListItem\",\"position\":2,\"name\":\"Boutique de vin\",\"item\":\"https:\\\/\\\/www.ivinio.com\\\/fr\\\/boutique-de-vin\\\/\"},{\"@type\":\"ListItem\",\"position\":3,\"name\":\"Manera vini &#8211; Nebbiolo d&#8217;Alba &#8211; Rouge\"}]},{\"@type\":\"WebSite\",\"@id\":\"https:\\\/\\\/www.ivinio.com\\\/fr\\\/#website\",\"url\":\"https:\\\/\\\/www.ivinio.com\\\/fr\\\/\",\"name\":\"IVINIO Caviste\",\"description\":\"Vins de France et d&#039;Italie avec livraison \u00e0 domicile\",\"publisher\":{\"@id\":\"https:\\\/\\\/www.ivinio.com\\\/fr\\\/#organization\"},\"potentialAction\":[{\"@type\":\"SearchAction\",\"target\":{\"@type\":\"EntryPoint\",\"urlTemplate\":\"https:\\\/\\\/www.ivinio.com\\\/fr\\\/?s={search_term_string}\"},\"query-input\":{\"@type\":\"PropertyValueSpecification\",\"valueRequired\":true,\"valueName\":\"search_term_string\"}}],\"inLanguage\":\"fr-FR\"},{\"@type\":\"Organization\",\"@id\":\"https:\\\/\\\/www.ivinio.com\\\/fr\\\/#organization\",\"name\":\"IVINIO\",\"url\":\"https:\\\/\\\/www.ivinio.com\\\/fr\\\/\",\"logo\":{\"@type\":\"ImageObject\",\"inLanguage\":\"fr-FR\",\"@id\":\"https:\\\/\\\/www.ivinio.com\\\/fr\\\/#\\\/schema\\\/logo\\\/image\\\/\",\"url\":\"https:\\\/\\\/www.ivinio.com\\\/wp-content\\\/uploads\\\/2021\\\/01\\\/Logo-Ivinio-v2.jpg\",\"contentUrl\":\"https:\\\/\\\/www.ivinio.com\\\/wp-content\\\/uploads\\\/2021\\\/01\\\/Logo-Ivinio-v2.jpg\",\"width\":1194,\"height\":1194,\"caption\":\"IVINIO\"},\"image\":{\"@id\":\"https:\\\/\\\/www.ivinio.com\\\/fr\\\/#\\\/schema\\\/logo\\\/image\\\/\"},\"sameAs\":[\"https:\\\/\\\/www.facebook.com\\\/groups\\\/165217837022391\\\/?ref=bookmarks\",\"https:\\\/\\\/www.instagram.com\\\/_ivinio_\\\/?hl=fr\"]}]}<\/script>\n<!-- \/ Yoast SEO plugin. -->","yoast_head_json":{"title":"Acheter Manera vini - Nebbiolo d'Alba - Rouge - IVINIO Caviste","description":"Manera vini - Nebbiolo d'Alba - Rouge. Compos\u00e9 du Nebbiolo. Ar\u00f4mes complexes, \u00e9l\u00e9gants et fruit\u00e9s, belle longueur en bouche.","robots":{"index":"index","follow":"follow","max-snippet":"max-snippet:-1","max-image-preview":"max-image-preview:large","max-video-preview":"max-video-preview:-1"},"canonical":"https:\/\/www.ivinio.com\/fr\/produit\/manera-vini-nebbiolo-dalba-rouge\/","og_locale":"fr_FR","og_type":"article","og_title":"Acheter Manera vini - Nebbiolo d'Alba - Rouge - IVINIO Caviste","og_description":"Manera vini - Nebbiolo d'Alba - Rouge. Compos\u00e9 du Nebbiolo. Ar\u00f4mes complexes, \u00e9l\u00e9gants et fruit\u00e9s, belle longueur en bouche.","og_url":"https:\/\/www.ivinio.com\/fr\/produit\/manera-vini-nebbiolo-dalba-rouge\/","og_site_name":"IVINIO Caviste","article_publisher":"https:\/\/www.facebook.com\/groups\/165217837022391\/?ref=bookmarks","article_modified_time":"2023-08-02T16:23:25+00:00","og_image":[{"width":500,"height":500,"url":"https:\/\/www.ivinio.com\/wp-content\/uploads\/2014\/05\/Manera-vini-Nebbiolo-dAlba-IVINIO.jpg","type":"image\/jpeg"}],"twitter_card":"summary_large_image","twitter_misc":{"Dur\u00e9e de lecture estim\u00e9e":"1 minute"},"schema":{"@context":"https:\/\/schema.org","@graph":[{"@type":"WebPage","@id":"https:\/\/www.ivinio.com\/fr\/produit\/manera-vini-nebbiolo-dalba-rouge\/","url":"https:\/\/www.ivinio.com\/fr\/produit\/manera-vini-nebbiolo-dalba-rouge\/","name":"Acheter Manera vini - Nebbiolo d'Alba - Rouge - IVINIO Caviste","isPartOf":{"@id":"https:\/\/www.ivinio.com\/fr\/#website"},"primaryImageOfPage":{"@id":"https:\/\/www.ivinio.com\/fr\/produit\/manera-vini-nebbiolo-dalba-rouge\/#primaryimage"},"image":{"@id":"https:\/\/www.ivinio.com\/fr\/produit\/manera-vini-nebbiolo-dalba-rouge\/#primaryimage"},"thumbnailUrl":"https:\/\/www.ivinio.com\/wp-content\/uploads\/2014\/05\/Manera-vini-Nebbiolo-dAlba-IVINIO.jpg","datePublished":"2014-05-21T10:20:28+00:00","dateModified":"2023-08-02T16:23:25+00:00","description":"Manera vini - Nebbiolo d'Alba - Rouge. Compos\u00e9 du Nebbiolo. Ar\u00f4mes complexes, \u00e9l\u00e9gants et fruit\u00e9s, belle longueur en bouche.","breadcrumb":{"@id":"https:\/\/www.ivinio.com\/fr\/produit\/manera-vini-nebbiolo-dalba-rouge\/#breadcrumb"},"inLanguage":"fr-FR","potentialAction":[{"@type":"ReadAction","target":["https:\/\/www.ivinio.com\/fr\/produit\/manera-vini-nebbiolo-dalba-rouge\/"]}]},{"@type":"ImageObject","inLanguage":"fr-FR","@id":"https:\/\/www.ivinio.com\/fr\/produit\/manera-vini-nebbiolo-dalba-rouge\/#primaryimage","url":"https:\/\/www.ivinio.com\/wp-content\/uploads\/2014\/05\/Manera-vini-Nebbiolo-dAlba-IVINIO.jpg","contentUrl":"https:\/\/www.ivinio.com\/wp-content\/uploads\/2014\/05\/Manera-vini-Nebbiolo-dAlba-IVINIO.jpg","width":500,"height":500,"caption":"Manera vini - Nebbiolo d'Alba"},{"@type":"BreadcrumbList","@id":"https:\/\/www.ivinio.com\/fr\/produit\/manera-vini-nebbiolo-dalba-rouge\/#breadcrumb","itemListElement":[{"@type":"ListItem","position":1,"name":"Home","item":"https:\/\/www.ivinio.com\/fr\/"},{"@type":"ListItem","position":2,"name":"Boutique de vin","item":"https:\/\/www.ivinio.com\/fr\/boutique-de-vin\/"},{"@type":"ListItem","position":3,"name":"Manera vini &#8211; Nebbiolo d&#8217;Alba &#8211; Rouge"}]},{"@type":"WebSite","@id":"https:\/\/www.ivinio.com\/fr\/#website","url":"https:\/\/www.ivinio.com\/fr\/","name":"IVINIO Caviste","description":"Vins de France et d&#039;Italie avec livraison \u00e0 domicile","publisher":{"@id":"https:\/\/www.ivinio.com\/fr\/#organization"},"potentialAction":[{"@type":"SearchAction","target":{"@type":"EntryPoint","urlTemplate":"https:\/\/www.ivinio.com\/fr\/?s={search_term_string}"},"query-input":{"@type":"PropertyValueSpecification","valueRequired":true,"valueName":"search_term_string"}}],"inLanguage":"fr-FR"},{"@type":"Organization","@id":"https:\/\/www.ivinio.com\/fr\/#organization","name":"IVINIO","url":"https:\/\/www.ivinio.com\/fr\/","logo":{"@type":"ImageObject","inLanguage":"fr-FR","@id":"https:\/\/www.ivinio.com\/fr\/#\/schema\/logo\/image\/","url":"https:\/\/www.ivinio.com\/wp-content\/uploads\/2021\/01\/Logo-Ivinio-v2.jpg","contentUrl":"https:\/\/www.ivinio.com\/wp-content\/uploads\/2021\/01\/Logo-Ivinio-v2.jpg","width":1194,"height":1194,"caption":"IVINIO"},"image":{"@id":"https:\/\/www.ivinio.com\/fr\/#\/schema\/logo\/image\/"},"sameAs":["https:\/\/www.facebook.com\/groups\/165217837022391\/?ref=bookmarks","https:\/\/www.instagram.com\/_ivinio_\/?hl=fr"]}]}},"jetpack_sharing_enabled":true,"_links":{"self":[{"href":"https:\/\/www.ivinio.com\/fr\/wp-json\/wp\/v2\/product\/117066","targetHints":{"allow":["GET"]}}],"collection":[{"href":"https:\/\/www.ivinio.com\/fr\/wp-json\/wp\/v2\/product"}],"about":[{"href":"https:\/\/www.ivinio.com\/fr\/wp-json\/wp\/v2\/types\/product"}],"replies":[{"embeddable":true,"href":"https:\/\/www.ivinio.com\/fr\/wp-json\/wp\/v2\/comments?post=117066"}],"wp:featuredmedia":[{"embeddable":true,"href":"https:\/\/www.ivinio.com\/fr\/wp-json\/wp\/v2\/media\/133272"}],"wp:attachment":[{"href":"https:\/\/www.ivinio.com\/fr\/wp-json\/wp\/v2\/media?parent=117066"}],"wp:term":[{"taxonomy":"product_brand","embeddable":true,"href":"https:\/\/www.ivinio.com\/fr\/wp-json\/wp\/v2\/product_brand?post=117066"},{"taxonomy":"product_cat","embeddable":true,"href":"https:\/\/www.ivinio.com\/fr\/wp-json\/wp\/v2\/product_cat?post=117066"},{"taxonomy":"product_tag","embeddable":true,"href":"https:\/\/www.ivinio.com\/fr\/wp-json\/wp\/v2\/product_tag?post=117066"}],"curies":[{"name":"wp","href":"https:\/\/api.w.org\/{rel}","templated":true}]}}