{"id":117028,"date":"2014-05-21T10:20:28","date_gmt":"2014-05-21T10:20:28","guid":{"rendered":"https:\/\/henrik.www.ivinio.com\/?product=manera-vini-carton-decouverte-3x2-bouteilles"},"modified":"2021-11-27T15:48:25","modified_gmt":"2021-11-27T14:48:25","slug":"manera-vini-carton-decouverte-3x2-bouteilles","status":"publish","type":"product","link":"https:\/\/www.ivinio.com\/fr\/produit\/manera-vini-carton-decouverte-3x2-bouteilles\/","title":{"rendered":"Manera vini &#8211; Carton d\u00e9couverte 3&#215;2 bouteilles"},"content":{"rendered":"<p>L\u2019Azienda Agricola Manera est Situ\u00e9e aux alentours d\u2019Alba, en plein c\u0153ur de la r\u00e9gion viticole du Pi\u00e9mont, (Barolo et Barbaresco en sont des exemples).\u00a0Manera est un domaine familial depuis plusieurs g\u00e9n\u00e9rations. Les fr\u00e8res Daniele, Gabriele et Carlo,\u00a0apr\u00e8s avoir termin\u00e9 leurs \u00e9tudes d\u2019\u0153nologie, ont repris et d\u00e9velopp\u00e9 l&#8217;entreprise familiale.\u00a0Le vignoble comprend actuellement 30 hectares de vignes et diff\u00e9rents vins\u00a0typiques de la r\u00e9gion y sont produits.<\/p>\n","protected":false},"excerpt":{"rendered":"<p>Nous vous proposons de d\u00e9vrir le magnifique Domaine Manera (du Pi\u00e9mont en Italie) \u00e0 travers leurs diff\u00e9rents vins;\u00a02\u00a0Nebbiolo d&#8217;Alba, 2 Barbera d&#8217;Alba &amp;\u00a02 Langhe Arneis.<\/p>\n","protected":false},"featured_media":117031,"comment_status":"open","ping_status":"closed","template":"","meta":{"_monsterinsights_skip_tracking":false,"_monsterinsights_sitenote_active":false,"_monsterinsights_sitenote_note":"","_monsterinsights_sitenote_category":0,"_uf_show_specific_survey":0,"_uf_disable_surveys":false},"product_brand":[],"product_cat":[36643],"product_tag":[],"class_list":{"0":"post-117028","1":"product","2":"type-product","3":"status-publish","4":"has-post-thumbnail","6":"product_cat-ronde-des-vins","7":"pa_color-blanc-fr","8":"pa_color-rouge-fr","9":"pa_country-italie-fr","10":"pa_grape-variety-arneis-fr","11":"pa_grape-variety-barbera-fr","12":"pa_package-1x1-fr","13":"pa_package-1x6-fr","14":"pa_region-piemont-fr","15":"pa_vintage-2019-fr","16":"pa_vintage-2020-fr","18":"first","19":"instock","20":"taxable","21":"shipping-taxable","22":"purchasable","23":"product-type-bundle"},"bundled_by":[],"bundle_stock_status":"instock","bundle_stock_quantity":"","bundle_virtual":false,"bundle_layout":"grid","bundle_add_to_cart_form_location":"after_summary","bundle_editable_in_cart":false,"bundle_sold_individually_context":"product","bundle_item_grouping":"noindent","bundle_min_size":"","bundle_max_size":"","bundle_price":{"price":{"min":{"incl_tax":"73.8","excl_tax":"73.75"},"max":{"incl_tax":"73.8","excl_tax":"73.75"}},"regular_price":{"min":{"incl_tax":"73.8","excl_tax":"73.75"},"max":{"incl_tax":"73.8","excl_tax":"73.75"}}},"bundled_items":[{"bundled_item_id":8050,"product_id":117066,"menu_order":0,"quantity_min":2,"quantity_max":2,"quantity_default":2,"priced_individually":false,"shipped_individually":false,"override_title":false,"title":"Manera vini &#8211; Nebbiolo d&#8217;Alba &#8211; Rouge","override_description":false,"description":"Manera vini &#8211; Nebbiolo d&#8217;Alba &#8211; Rouge","optional":false,"hide_thumbnail":false,"discount":"","override_variations":true,"allowed_variations":[""],"override_default_variation_attributes":true,"default_variation_attributes":[],"single_product_visibility":"visible","cart_visibility":"hidden","order_visibility":"visible","single_product_price_visibility":"visible","cart_price_visibility":"visible","order_price_visibility":"visible","stock_status":"in_stock"},{"bundled_item_id":8049,"product_id":117038,"menu_order":1,"quantity_min":2,"quantity_max":2,"quantity_default":2,"priced_individually":false,"shipped_individually":false,"override_title":false,"title":"Manera vini &#8211; Langhe Arneis &#8211; Blanc","override_description":false,"description":"Manera vini &#8211; Langhe Arneis &#8211; Blanc","optional":false,"hide_thumbnail":false,"discount":"","override_variations":true,"allowed_variations":[""],"override_default_variation_attributes":true,"default_variation_attributes":[],"single_product_visibility":"visible","cart_visibility":"hidden","order_visibility":"visible","single_product_price_visibility":"visible","cart_price_visibility":"visible","order_price_visibility":"visible","stock_status":"in_stock"},{"bundled_item_id":8048,"product_id":117018,"menu_order":2,"quantity_min":2,"quantity_max":2,"quantity_default":2,"priced_individually":false,"shipped_individually":false,"override_title":false,"title":"Manera vini &#8211; Barbera d&#8217;Alba &#8211; Rouge","override_description":false,"description":"Manera vini &#8211; Barbera d&#8217;Alba &#8211; Rouge","optional":false,"hide_thumbnail":false,"discount":"","override_variations":true,"allowed_variations":[""],"override_default_variation_attributes":true,"default_variation_attributes":[],"single_product_visibility":"visible","cart_visibility":"hidden","order_visibility":"visible","single_product_price_visibility":"visible","cart_price_visibility":"visible","order_price_visibility":"visible","stock_status":"in_stock"}],"bundle_sell_ids":[],"yoast_head":"<!-- This site is optimized with the Yoast SEO plugin v27.4 - https:\/\/yoast.com\/product\/yoast-seo-wordpress\/ -->\n<title>Acheter Manera vini - Carton vin m\u00e9lang\u00e9 - IVINIO Caviste<\/title>\n<meta name=\"description\" content=\"Acheter Manera vini - Carton vin m\u00e9lang\u00e9. Manera, Pi\u00e9mont avec leurs diff\u00e9rents vins; 2 Nebbiolo d&#039;Alba, 2 Barbera d&#039;Alba &amp; 2 Langhe Arneis.\" \/>\n<meta name=\"robots\" content=\"index, follow, max-snippet:-1, max-image-preview:large, max-video-preview:-1\" \/>\n<link rel=\"canonical\" href=\"https:\/\/www.ivinio.com\/fr\/produit\/manera-vini-carton-decouverte-3x2-bouteilles\/\" \/>\n<meta property=\"og:locale\" content=\"fr_FR\" \/>\n<meta property=\"og:type\" content=\"article\" \/>\n<meta property=\"og:title\" content=\"Acheter Manera vini - Carton vin m\u00e9lang\u00e9 - IVINIO Caviste\" \/>\n<meta property=\"og:description\" content=\"Acheter Manera vini - Carton vin m\u00e9lang\u00e9. Manera, Pi\u00e9mont avec leurs diff\u00e9rents vins; 2 Nebbiolo d&#039;Alba, 2 Barbera d&#039;Alba &amp; 2 Langhe Arneis.\" \/>\n<meta property=\"og:url\" content=\"https:\/\/www.ivinio.com\/fr\/produit\/manera-vini-carton-decouverte-3x2-bouteilles\/\" \/>\n<meta property=\"og:site_name\" content=\"IVINIO Caviste\" \/>\n<meta property=\"article:publisher\" content=\"https:\/\/www.facebook.com\/groups\/165217837022391\/?ref=bookmarks\" \/>\n<meta property=\"article:modified_time\" content=\"2021-11-27T14:48:25+00:00\" \/>\n<meta property=\"og:image\" content=\"https:\/\/www.ivinio.com\/wp-content\/uploads\/nc\/public\/modules\/file\/pictures\/4603.packmanera500x500.jpg\" \/>\n\t<meta property=\"og:image:width\" content=\"500\" \/>\n\t<meta property=\"og:image:height\" content=\"500\" \/>\n\t<meta property=\"og:image:type\" content=\"image\/jpeg\" \/>\n<meta name=\"twitter:card\" content=\"summary_large_image\" \/>\n<script type=\"application\/ld+json\" class=\"yoast-schema-graph\">{\"@context\":\"https:\\\/\\\/schema.org\",\"@graph\":[{\"@type\":\"WebPage\",\"@id\":\"https:\\\/\\\/www.ivinio.com\\\/fr\\\/produit\\\/manera-vini-carton-decouverte-3x2-bouteilles\\\/\",\"url\":\"https:\\\/\\\/www.ivinio.com\\\/fr\\\/produit\\\/manera-vini-carton-decouverte-3x2-bouteilles\\\/\",\"name\":\"Acheter Manera vini - Carton vin m\u00e9lang\u00e9 - IVINIO Caviste\",\"isPartOf\":{\"@id\":\"https:\\\/\\\/www.ivinio.com\\\/fr\\\/#website\"},\"primaryImageOfPage\":{\"@id\":\"https:\\\/\\\/www.ivinio.com\\\/fr\\\/produit\\\/manera-vini-carton-decouverte-3x2-bouteilles\\\/#primaryimage\"},\"image\":{\"@id\":\"https:\\\/\\\/www.ivinio.com\\\/fr\\\/produit\\\/manera-vini-carton-decouverte-3x2-bouteilles\\\/#primaryimage\"},\"thumbnailUrl\":\"https:\\\/\\\/www.ivinio.com\\\/wp-content\\\/uploads\\\/nc\\\/public\\\/modules\\\/file\\\/pictures\\\/4603.packmanera500x500.jpg\",\"datePublished\":\"2014-05-21T10:20:28+00:00\",\"dateModified\":\"2021-11-27T14:48:25+00:00\",\"description\":\"Acheter Manera vini - Carton vin m\u00e9lang\u00e9. Manera, Pi\u00e9mont avec leurs diff\u00e9rents vins; 2 Nebbiolo d'Alba, 2 Barbera d'Alba & 2 Langhe Arneis.\",\"breadcrumb\":{\"@id\":\"https:\\\/\\\/www.ivinio.com\\\/fr\\\/produit\\\/manera-vini-carton-decouverte-3x2-bouteilles\\\/#breadcrumb\"},\"inLanguage\":\"fr-FR\",\"potentialAction\":[{\"@type\":\"ReadAction\",\"target\":[\"https:\\\/\\\/www.ivinio.com\\\/fr\\\/produit\\\/manera-vini-carton-decouverte-3x2-bouteilles\\\/\"]}]},{\"@type\":\"ImageObject\",\"inLanguage\":\"fr-FR\",\"@id\":\"https:\\\/\\\/www.ivinio.com\\\/fr\\\/produit\\\/manera-vini-carton-decouverte-3x2-bouteilles\\\/#primaryimage\",\"url\":\"https:\\\/\\\/www.ivinio.com\\\/wp-content\\\/uploads\\\/nc\\\/public\\\/modules\\\/file\\\/pictures\\\/4603.packmanera500x500.jpg\",\"contentUrl\":\"https:\\\/\\\/www.ivinio.com\\\/wp-content\\\/uploads\\\/nc\\\/public\\\/modules\\\/file\\\/pictures\\\/4603.packmanera500x500.jpg\",\"width\":500,\"height\":500},{\"@type\":\"BreadcrumbList\",\"@id\":\"https:\\\/\\\/www.ivinio.com\\\/fr\\\/produit\\\/manera-vini-carton-decouverte-3x2-bouteilles\\\/#breadcrumb\",\"itemListElement\":[{\"@type\":\"ListItem\",\"position\":1,\"name\":\"Home\",\"item\":\"https:\\\/\\\/www.ivinio.com\\\/fr\\\/\"},{\"@type\":\"ListItem\",\"position\":2,\"name\":\"Boutique de vin\",\"item\":\"https:\\\/\\\/www.ivinio.com\\\/fr\\\/boutique-de-vin\\\/\"},{\"@type\":\"ListItem\",\"position\":3,\"name\":\"Manera vini &#8211; Carton d\u00e9couverte 3&#215;2 bouteilles\"}]},{\"@type\":\"WebSite\",\"@id\":\"https:\\\/\\\/www.ivinio.com\\\/fr\\\/#website\",\"url\":\"https:\\\/\\\/www.ivinio.com\\\/fr\\\/\",\"name\":\"IVINIO Caviste\",\"description\":\"Vins de France et d&#039;Italie avec livraison \u00e0 domicile\",\"publisher\":{\"@id\":\"https:\\\/\\\/www.ivinio.com\\\/fr\\\/#organization\"},\"potentialAction\":[{\"@type\":\"SearchAction\",\"target\":{\"@type\":\"EntryPoint\",\"urlTemplate\":\"https:\\\/\\\/www.ivinio.com\\\/fr\\\/?s={search_term_string}\"},\"query-input\":{\"@type\":\"PropertyValueSpecification\",\"valueRequired\":true,\"valueName\":\"search_term_string\"}}],\"inLanguage\":\"fr-FR\"},{\"@type\":\"Organization\",\"@id\":\"https:\\\/\\\/www.ivinio.com\\\/fr\\\/#organization\",\"name\":\"IVINIO\",\"url\":\"https:\\\/\\\/www.ivinio.com\\\/fr\\\/\",\"logo\":{\"@type\":\"ImageObject\",\"inLanguage\":\"fr-FR\",\"@id\":\"https:\\\/\\\/www.ivinio.com\\\/fr\\\/#\\\/schema\\\/logo\\\/image\\\/\",\"url\":\"https:\\\/\\\/www.ivinio.com\\\/wp-content\\\/uploads\\\/2021\\\/01\\\/Logo-Ivinio-v2.jpg\",\"contentUrl\":\"https:\\\/\\\/www.ivinio.com\\\/wp-content\\\/uploads\\\/2021\\\/01\\\/Logo-Ivinio-v2.jpg\",\"width\":1194,\"height\":1194,\"caption\":\"IVINIO\"},\"image\":{\"@id\":\"https:\\\/\\\/www.ivinio.com\\\/fr\\\/#\\\/schema\\\/logo\\\/image\\\/\"},\"sameAs\":[\"https:\\\/\\\/www.facebook.com\\\/groups\\\/165217837022391\\\/?ref=bookmarks\",\"https:\\\/\\\/www.instagram.com\\\/_ivinio_\\\/?hl=fr\"]}]}<\/script>\n<!-- \/ Yoast SEO plugin. -->","yoast_head_json":{"title":"Acheter Manera vini - Carton vin m\u00e9lang\u00e9 - IVINIO Caviste","description":"Acheter Manera vini - Carton vin m\u00e9lang\u00e9. Manera, Pi\u00e9mont avec leurs diff\u00e9rents vins; 2 Nebbiolo d'Alba, 2 Barbera d'Alba & 2 Langhe Arneis.","robots":{"index":"index","follow":"follow","max-snippet":"max-snippet:-1","max-image-preview":"max-image-preview:large","max-video-preview":"max-video-preview:-1"},"canonical":"https:\/\/www.ivinio.com\/fr\/produit\/manera-vini-carton-decouverte-3x2-bouteilles\/","og_locale":"fr_FR","og_type":"article","og_title":"Acheter Manera vini - Carton vin m\u00e9lang\u00e9 - IVINIO Caviste","og_description":"Acheter Manera vini - Carton vin m\u00e9lang\u00e9. Manera, Pi\u00e9mont avec leurs diff\u00e9rents vins; 2 Nebbiolo d'Alba, 2 Barbera d'Alba & 2 Langhe Arneis.","og_url":"https:\/\/www.ivinio.com\/fr\/produit\/manera-vini-carton-decouverte-3x2-bouteilles\/","og_site_name":"IVINIO Caviste","article_publisher":"https:\/\/www.facebook.com\/groups\/165217837022391\/?ref=bookmarks","article_modified_time":"2021-11-27T14:48:25+00:00","og_image":[{"width":500,"height":500,"url":"https:\/\/www.ivinio.com\/wp-content\/uploads\/nc\/public\/modules\/file\/pictures\/4603.packmanera500x500.jpg","type":"image\/jpeg"}],"twitter_card":"summary_large_image","schema":{"@context":"https:\/\/schema.org","@graph":[{"@type":"WebPage","@id":"https:\/\/www.ivinio.com\/fr\/produit\/manera-vini-carton-decouverte-3x2-bouteilles\/","url":"https:\/\/www.ivinio.com\/fr\/produit\/manera-vini-carton-decouverte-3x2-bouteilles\/","name":"Acheter Manera vini - Carton vin m\u00e9lang\u00e9 - IVINIO Caviste","isPartOf":{"@id":"https:\/\/www.ivinio.com\/fr\/#website"},"primaryImageOfPage":{"@id":"https:\/\/www.ivinio.com\/fr\/produit\/manera-vini-carton-decouverte-3x2-bouteilles\/#primaryimage"},"image":{"@id":"https:\/\/www.ivinio.com\/fr\/produit\/manera-vini-carton-decouverte-3x2-bouteilles\/#primaryimage"},"thumbnailUrl":"https:\/\/www.ivinio.com\/wp-content\/uploads\/nc\/public\/modules\/file\/pictures\/4603.packmanera500x500.jpg","datePublished":"2014-05-21T10:20:28+00:00","dateModified":"2021-11-27T14:48:25+00:00","description":"Acheter Manera vini - Carton vin m\u00e9lang\u00e9. Manera, Pi\u00e9mont avec leurs diff\u00e9rents vins; 2 Nebbiolo d'Alba, 2 Barbera d'Alba & 2 Langhe Arneis.","breadcrumb":{"@id":"https:\/\/www.ivinio.com\/fr\/produit\/manera-vini-carton-decouverte-3x2-bouteilles\/#breadcrumb"},"inLanguage":"fr-FR","potentialAction":[{"@type":"ReadAction","target":["https:\/\/www.ivinio.com\/fr\/produit\/manera-vini-carton-decouverte-3x2-bouteilles\/"]}]},{"@type":"ImageObject","inLanguage":"fr-FR","@id":"https:\/\/www.ivinio.com\/fr\/produit\/manera-vini-carton-decouverte-3x2-bouteilles\/#primaryimage","url":"https:\/\/www.ivinio.com\/wp-content\/uploads\/nc\/public\/modules\/file\/pictures\/4603.packmanera500x500.jpg","contentUrl":"https:\/\/www.ivinio.com\/wp-content\/uploads\/nc\/public\/modules\/file\/pictures\/4603.packmanera500x500.jpg","width":500,"height":500},{"@type":"BreadcrumbList","@id":"https:\/\/www.ivinio.com\/fr\/produit\/manera-vini-carton-decouverte-3x2-bouteilles\/#breadcrumb","itemListElement":[{"@type":"ListItem","position":1,"name":"Home","item":"https:\/\/www.ivinio.com\/fr\/"},{"@type":"ListItem","position":2,"name":"Boutique de vin","item":"https:\/\/www.ivinio.com\/fr\/boutique-de-vin\/"},{"@type":"ListItem","position":3,"name":"Manera vini &#8211; Carton d\u00e9couverte 3&#215;2 bouteilles"}]},{"@type":"WebSite","@id":"https:\/\/www.ivinio.com\/fr\/#website","url":"https:\/\/www.ivinio.com\/fr\/","name":"IVINIO Caviste","description":"Vins de France et d&#039;Italie avec livraison \u00e0 domicile","publisher":{"@id":"https:\/\/www.ivinio.com\/fr\/#organization"},"potentialAction":[{"@type":"SearchAction","target":{"@type":"EntryPoint","urlTemplate":"https:\/\/www.ivinio.com\/fr\/?s={search_term_string}"},"query-input":{"@type":"PropertyValueSpecification","valueRequired":true,"valueName":"search_term_string"}}],"inLanguage":"fr-FR"},{"@type":"Organization","@id":"https:\/\/www.ivinio.com\/fr\/#organization","name":"IVINIO","url":"https:\/\/www.ivinio.com\/fr\/","logo":{"@type":"ImageObject","inLanguage":"fr-FR","@id":"https:\/\/www.ivinio.com\/fr\/#\/schema\/logo\/image\/","url":"https:\/\/www.ivinio.com\/wp-content\/uploads\/2021\/01\/Logo-Ivinio-v2.jpg","contentUrl":"https:\/\/www.ivinio.com\/wp-content\/uploads\/2021\/01\/Logo-Ivinio-v2.jpg","width":1194,"height":1194,"caption":"IVINIO"},"image":{"@id":"https:\/\/www.ivinio.com\/fr\/#\/schema\/logo\/image\/"},"sameAs":["https:\/\/www.facebook.com\/groups\/165217837022391\/?ref=bookmarks","https:\/\/www.instagram.com\/_ivinio_\/?hl=fr"]}]}},"jetpack_sharing_enabled":true,"_links":{"self":[{"href":"https:\/\/www.ivinio.com\/fr\/wp-json\/wp\/v2\/product\/117028","targetHints":{"allow":["GET"]}}],"collection":[{"href":"https:\/\/www.ivinio.com\/fr\/wp-json\/wp\/v2\/product"}],"about":[{"href":"https:\/\/www.ivinio.com\/fr\/wp-json\/wp\/v2\/types\/product"}],"replies":[{"embeddable":true,"href":"https:\/\/www.ivinio.com\/fr\/wp-json\/wp\/v2\/comments?post=117028"}],"wp:featuredmedia":[{"embeddable":true,"href":"https:\/\/www.ivinio.com\/fr\/wp-json\/wp\/v2\/media\/117031"}],"wp:attachment":[{"href":"https:\/\/www.ivinio.com\/fr\/wp-json\/wp\/v2\/media?parent=117028"}],"wp:term":[{"taxonomy":"product_brand","embeddable":true,"href":"https:\/\/www.ivinio.com\/fr\/wp-json\/wp\/v2\/product_brand?post=117028"},{"taxonomy":"product_cat","embeddable":true,"href":"https:\/\/www.ivinio.com\/fr\/wp-json\/wp\/v2\/product_cat?post=117028"},{"taxonomy":"product_tag","embeddable":true,"href":"https:\/\/www.ivinio.com\/fr\/wp-json\/wp\/v2\/product_tag?post=117028"}],"curies":[{"name":"wp","href":"https:\/\/api.w.org\/{rel}","templated":true}]}}