{"id":69196,"date":"2020-09-19T14:45:16","date_gmt":"2020-09-19T12:45:16","guid":{"rendered":"https:\/\/henrik.www.ivinio.com\/ivinio\/"},"modified":"2021-08-23T18:54:27","modified_gmt":"2021-08-23T16:54:27","slug":"ivinio-boutique","status":"publish","type":"page","link":"https:\/\/www.ivinio.com\/fr\/ivinio-boutique\/","title":{"rendered":"IVINIO Boutique"},"content":{"rendered":"<div class=\"wpb-content-wrapper\"><p>[vc_row][vc_column][vc_column_text]<\/p>\n<h2><strong>IVINIO BOUTIQUE<\/strong><\/h2>\n<p>[\/vc_column_text][vc_separator color=&#8221;custom&#8221; style=&#8221;double&#8221; border_width=&#8221;8&#8243; accent_color=&#8221;#e6e6e8&#8243;][\/vc_column][\/vc_row][vc_row][vc_column width=&#8221;1\/2&#8243;][vc_column_text]IVINIO est un site internet qui vous propose des vins fran\u00e7ais et italiens \u00e0 acheter o\u00f9 que vous soyez en France.<\/p>\n<p>En m\u00eame temps, nous avons une boutique avec une gamme un peu plus \u00e9tendue qui sont presque tous des petits r\u00e9coltants et des produits d&#8217;\u00e9picerie fine comme ceux du &#8220;Manoir Alexandre&#8221;.<\/p>\n<p>Nous vous recevons\u00a0du mardi au samedi de 10h \u00e0 12h30 et de 16h00\u00a0\u00e0 19h30.<\/p>\n<p>Nous sommes ouvert aussi le lundi apr\u00e8s-midi\u00a0de 16h00 \u00e0 19h30.<\/p>\n<p>R\u00e9guli\u00e8rement, nous organisons des d\u00e9gustations et autres manifestations dans notre boutique. Vous pouvez suivre notre actualit\u00e9 sur notre blog ainsi que sur notre groupe facebook &#8220;ivinio boutique&#8221;, twitter ou Instagram !<\/p>\n<p>Vous \u00eates les bienvenues, nous parlons fran\u00e7ais, anglais, italien, su\u00e9dois, allemand, danois, norv\u00e9gien.<\/p>\n<div style=\"background: #eeeeee; padding: 5px 10px; border: 1px solid #cccccc;\">IVINIO Boutique<br \/>\n69, boulevard de Cessole<br \/>\n06100 Nice<br \/>\nN\u00b0 de t\u00e9l\u00e9phone : 04 22 167 113<\/div>\n<p>&nbsp;<\/p>\n<p>A bient\u00f4t !<\/p>\n<p><strong>H\u00e9l\u00e8ne &amp; Henrik Tauson<\/strong>[\/vc_column_text][\/vc_column][vc_column width=&#8221;1\/2&#8243;][vc_single_image image=&#8221;69186&#8243; img_size=&#8221;large&#8221; alignment=&#8221;right&#8221; style=&#8221;vc_box_shadow&#8221;][\/vc_column][\/vc_row]<\/p>\n<\/div>","protected":false},"excerpt":{"rendered":"<p>[vc_row][vc_column][vc_column_text] IVINIO BOUTIQUE [\/vc_column_text][vc_separator color=&#8221;custom&#8221; style=&#8221;double&#8221; border_width=&#8221;8&#8243; accent_color=&#8221;#e6e6e8&#8243;][\/vc_column][\/vc_row][vc_row][vc_column width=&#8221;1\/2&#8243;][vc_column_text]IVINIO est un site internet qui vous propose des vins fran\u00e7ais et italiens \u00e0 acheter o\u00f9 que vous soyez en France. En m\u00eame temps, nous avons une boutique avec une gamme un peu plus \u00e9tendue qui sont presque tous des petits r\u00e9coltants et des produits d&#8217;\u00e9picerie fine [&hellip;]<\/p>\n","protected":false},"author":1746,"featured_media":0,"parent":0,"menu_order":0,"comment_status":"open","ping_status":"closed","template":"","meta":{"_monsterinsights_skip_tracking":false,"_monsterinsights_sitenote_active":false,"_monsterinsights_sitenote_note":"","_monsterinsights_sitenote_category":0,"_uf_show_specific_survey":0,"_uf_disable_surveys":false,"footnotes":""},"class_list":["post-69196","page","type-page","status-publish","hentry"],"yoast_head":"<!-- This site is optimized with the Yoast SEO plugin v27.5 - https:\/\/yoast.com\/product\/yoast-seo-wordpress\/ -->\n<title>IVINIO Boutique - IVINIO Caviste<\/title>\n<meta name=\"robots\" content=\"index, follow, max-snippet:-1, max-image-preview:large, max-video-preview:-1\" \/>\n<link rel=\"canonical\" href=\"https:\/\/www.ivinio.com\/fr\/ivinio-boutique\/\" \/>\n<meta property=\"og:locale\" content=\"fr_FR\" \/>\n<meta property=\"og:type\" content=\"article\" \/>\n<meta property=\"og:title\" content=\"IVINIO Boutique - IVINIO Caviste\" \/>\n<meta property=\"og:description\" content=\"[vc_row][vc_column][vc_column_text] IVINIO BOUTIQUE [\/vc_column_text][vc_separator color=&#8221;custom&#8221; style=&#8221;double&#8221; border_width=&#8221;8&#8243; accent_color=&#8221;#e6e6e8&#8243;][\/vc_column][\/vc_row][vc_row][vc_column width=&#8221;1\/2&#8243;][vc_column_text]IVINIO est un site internet qui vous propose des vins fran\u00e7ais et italiens \u00e0 acheter o\u00f9 que vous soyez en France. En m\u00eame temps, nous avons une boutique avec une gamme un peu plus \u00e9tendue qui sont presque tous des petits r\u00e9coltants et des produits d&#8217;\u00e9picerie fine [&hellip;]\" \/>\n<meta property=\"og:url\" content=\"https:\/\/www.ivinio.com\/fr\/ivinio-boutique\/\" \/>\n<meta property=\"og:site_name\" content=\"IVINIO Caviste\" \/>\n<meta property=\"article:publisher\" content=\"https:\/\/www.facebook.com\/groups\/165217837022391\/?ref=bookmarks\" \/>\n<meta property=\"article:modified_time\" content=\"2021-08-23T16:54:27+00:00\" \/>\n<meta name=\"twitter:card\" content=\"summary_large_image\" \/>\n<meta name=\"twitter:label1\" content=\"Dur\u00e9e de lecture estim\u00e9e\" \/>\n\t<meta name=\"twitter:data1\" content=\"1 minute\" \/>\n<script type=\"application\/ld+json\" class=\"yoast-schema-graph\">{\"@context\":\"https:\\\/\\\/schema.org\",\"@graph\":[{\"@type\":\"WebPage\",\"@id\":\"https:\\\/\\\/www.ivinio.com\\\/fr\\\/ivinio-boutique\\\/\",\"url\":\"https:\\\/\\\/www.ivinio.com\\\/fr\\\/ivinio-boutique\\\/\",\"name\":\"IVINIO Boutique - IVINIO Caviste\",\"isPartOf\":{\"@id\":\"https:\\\/\\\/www.ivinio.com\\\/fr\\\/#website\"},\"datePublished\":\"2020-09-19T12:45:16+00:00\",\"dateModified\":\"2021-08-23T16:54:27+00:00\",\"breadcrumb\":{\"@id\":\"https:\\\/\\\/www.ivinio.com\\\/fr\\\/ivinio-boutique\\\/#breadcrumb\"},\"inLanguage\":\"fr-FR\",\"potentialAction\":[{\"@type\":\"ReadAction\",\"target\":[\"https:\\\/\\\/www.ivinio.com\\\/fr\\\/ivinio-boutique\\\/\"]}]},{\"@type\":\"BreadcrumbList\",\"@id\":\"https:\\\/\\\/www.ivinio.com\\\/fr\\\/ivinio-boutique\\\/#breadcrumb\",\"itemListElement\":[{\"@type\":\"ListItem\",\"position\":1,\"name\":\"Home\",\"item\":\"https:\\\/\\\/www.ivinio.com\\\/fr\\\/\"},{\"@type\":\"ListItem\",\"position\":2,\"name\":\"IVINIO Boutique\"}]},{\"@type\":\"WebSite\",\"@id\":\"https:\\\/\\\/www.ivinio.com\\\/fr\\\/#website\",\"url\":\"https:\\\/\\\/www.ivinio.com\\\/fr\\\/\",\"name\":\"IVINIO Caviste\",\"description\":\"Vins de France et d&#039;Italie avec livraison \u00e0 domicile\",\"publisher\":{\"@id\":\"https:\\\/\\\/www.ivinio.com\\\/fr\\\/#organization\"},\"potentialAction\":[{\"@type\":\"SearchAction\",\"target\":{\"@type\":\"EntryPoint\",\"urlTemplate\":\"https:\\\/\\\/www.ivinio.com\\\/fr\\\/?s={search_term_string}\"},\"query-input\":{\"@type\":\"PropertyValueSpecification\",\"valueRequired\":true,\"valueName\":\"search_term_string\"}}],\"inLanguage\":\"fr-FR\"},{\"@type\":\"Organization\",\"@id\":\"https:\\\/\\\/www.ivinio.com\\\/fr\\\/#organization\",\"name\":\"IVINIO\",\"url\":\"https:\\\/\\\/www.ivinio.com\\\/fr\\\/\",\"logo\":{\"@type\":\"ImageObject\",\"inLanguage\":\"fr-FR\",\"@id\":\"https:\\\/\\\/www.ivinio.com\\\/fr\\\/#\\\/schema\\\/logo\\\/image\\\/\",\"url\":\"https:\\\/\\\/www.ivinio.com\\\/wp-content\\\/uploads\\\/2021\\\/01\\\/Logo-Ivinio-v2.jpg\",\"contentUrl\":\"https:\\\/\\\/www.ivinio.com\\\/wp-content\\\/uploads\\\/2021\\\/01\\\/Logo-Ivinio-v2.jpg\",\"width\":1194,\"height\":1194,\"caption\":\"IVINIO\"},\"image\":{\"@id\":\"https:\\\/\\\/www.ivinio.com\\\/fr\\\/#\\\/schema\\\/logo\\\/image\\\/\"},\"sameAs\":[\"https:\\\/\\\/www.facebook.com\\\/groups\\\/165217837022391\\\/?ref=bookmarks\",\"https:\\\/\\\/www.instagram.com\\\/_ivinio_\\\/?hl=fr\"]}]}<\/script>\n<!-- \/ Yoast SEO plugin. -->","yoast_head_json":{"title":"IVINIO Boutique - IVINIO Caviste","robots":{"index":"index","follow":"follow","max-snippet":"max-snippet:-1","max-image-preview":"max-image-preview:large","max-video-preview":"max-video-preview:-1"},"canonical":"https:\/\/www.ivinio.com\/fr\/ivinio-boutique\/","og_locale":"fr_FR","og_type":"article","og_title":"IVINIO Boutique - IVINIO Caviste","og_description":"[vc_row][vc_column][vc_column_text] IVINIO BOUTIQUE [\/vc_column_text][vc_separator color=&#8221;custom&#8221; style=&#8221;double&#8221; border_width=&#8221;8&#8243; accent_color=&#8221;#e6e6e8&#8243;][\/vc_column][\/vc_row][vc_row][vc_column width=&#8221;1\/2&#8243;][vc_column_text]IVINIO est un site internet qui vous propose des vins fran\u00e7ais et italiens \u00e0 acheter o\u00f9 que vous soyez en France. En m\u00eame temps, nous avons une boutique avec une gamme un peu plus \u00e9tendue qui sont presque tous des petits r\u00e9coltants et des produits d&#8217;\u00e9picerie fine [&hellip;]","og_url":"https:\/\/www.ivinio.com\/fr\/ivinio-boutique\/","og_site_name":"IVINIO Caviste","article_publisher":"https:\/\/www.facebook.com\/groups\/165217837022391\/?ref=bookmarks","article_modified_time":"2021-08-23T16:54:27+00:00","twitter_card":"summary_large_image","twitter_misc":{"Dur\u00e9e de lecture estim\u00e9e":"1 minute"},"schema":{"@context":"https:\/\/schema.org","@graph":[{"@type":"WebPage","@id":"https:\/\/www.ivinio.com\/fr\/ivinio-boutique\/","url":"https:\/\/www.ivinio.com\/fr\/ivinio-boutique\/","name":"IVINIO Boutique - IVINIO Caviste","isPartOf":{"@id":"https:\/\/www.ivinio.com\/fr\/#website"},"datePublished":"2020-09-19T12:45:16+00:00","dateModified":"2021-08-23T16:54:27+00:00","breadcrumb":{"@id":"https:\/\/www.ivinio.com\/fr\/ivinio-boutique\/#breadcrumb"},"inLanguage":"fr-FR","potentialAction":[{"@type":"ReadAction","target":["https:\/\/www.ivinio.com\/fr\/ivinio-boutique\/"]}]},{"@type":"BreadcrumbList","@id":"https:\/\/www.ivinio.com\/fr\/ivinio-boutique\/#breadcrumb","itemListElement":[{"@type":"ListItem","position":1,"name":"Home","item":"https:\/\/www.ivinio.com\/fr\/"},{"@type":"ListItem","position":2,"name":"IVINIO Boutique"}]},{"@type":"WebSite","@id":"https:\/\/www.ivinio.com\/fr\/#website","url":"https:\/\/www.ivinio.com\/fr\/","name":"IVINIO Caviste","description":"Vins de France et d&#039;Italie avec livraison \u00e0 domicile","publisher":{"@id":"https:\/\/www.ivinio.com\/fr\/#organization"},"potentialAction":[{"@type":"SearchAction","target":{"@type":"EntryPoint","urlTemplate":"https:\/\/www.ivinio.com\/fr\/?s={search_term_string}"},"query-input":{"@type":"PropertyValueSpecification","valueRequired":true,"valueName":"search_term_string"}}],"inLanguage":"fr-FR"},{"@type":"Organization","@id":"https:\/\/www.ivinio.com\/fr\/#organization","name":"IVINIO","url":"https:\/\/www.ivinio.com\/fr\/","logo":{"@type":"ImageObject","inLanguage":"fr-FR","@id":"https:\/\/www.ivinio.com\/fr\/#\/schema\/logo\/image\/","url":"https:\/\/www.ivinio.com\/wp-content\/uploads\/2021\/01\/Logo-Ivinio-v2.jpg","contentUrl":"https:\/\/www.ivinio.com\/wp-content\/uploads\/2021\/01\/Logo-Ivinio-v2.jpg","width":1194,"height":1194,"caption":"IVINIO"},"image":{"@id":"https:\/\/www.ivinio.com\/fr\/#\/schema\/logo\/image\/"},"sameAs":["https:\/\/www.facebook.com\/groups\/165217837022391\/?ref=bookmarks","https:\/\/www.instagram.com\/_ivinio_\/?hl=fr"]}]}},"jetpack_shortlink":"https:\/\/wp.me\/PcK36q-i04","jetpack_sharing_enabled":true,"_links":{"self":[{"href":"https:\/\/www.ivinio.com\/fr\/wp-json\/wp\/v2\/pages\/69196","targetHints":{"allow":["GET"]}}],"collection":[{"href":"https:\/\/www.ivinio.com\/fr\/wp-json\/wp\/v2\/pages"}],"about":[{"href":"https:\/\/www.ivinio.com\/fr\/wp-json\/wp\/v2\/types\/page"}],"author":[{"embeddable":true,"href":"https:\/\/www.ivinio.com\/fr\/wp-json\/wp\/v2\/users\/1746"}],"replies":[{"embeddable":true,"href":"https:\/\/www.ivinio.com\/fr\/wp-json\/wp\/v2\/comments?post=69196"}],"version-history":[{"count":0,"href":"https:\/\/www.ivinio.com\/fr\/wp-json\/wp\/v2\/pages\/69196\/revisions"}],"wp:attachment":[{"href":"https:\/\/www.ivinio.com\/fr\/wp-json\/wp\/v2\/media?parent=69196"}],"curies":[{"name":"wp","href":"https:\/\/api.w.org\/{rel}","templated":true}]}}