{"id":69176,"date":"2020-09-19T13:19:47","date_gmt":"2020-09-19T11:19:47","guid":{"rendered":"https:\/\/henrik.www.ivinio.com\/qui-sommes-nous-2\/"},"modified":"2021-08-25T19:57:21","modified_gmt":"2021-08-25T17:57:21","slug":"qui-sommes-nous","status":"publish","type":"page","link":"https:\/\/www.ivinio.com\/fr\/qui-sommes-nous\/","title":{"rendered":"Qui sommes-nous ?"},"content":{"rendered":"<div class=\"wpb-content-wrapper\"><p>[vc_row][vc_column][vc_column_text]<\/p>\n<h2><strong>QUI SOMMES-NOUS ?<\/strong><\/h2>\n<p>[\/vc_column_text][vc_separator color=&#8221;custom&#8221; style=&#8221;double&#8221; border_width=&#8221;8&#8243; accent_color=&#8221;#e6e6e8&#8243;][\/vc_column][\/vc_row][vc_row css=&#8221;.vc_custom_1494840085149{margin-top: 15px !important;margin-bottom: 30px !important;}&#8221; el_class=&#8221;about-us&#8221;][vc_column width=&#8221;1\/2&#8243;][vc_column_text css=&#8221;.vc_custom_1598968140992{margin-bottom: 0px !important;}&#8221;]IVINIO s&#8217;adresse aux amateurs de vin qui cherchent des vins fran\u00e7ais et italiens de qualit\u00e9 \u00e0 un prix producteur. Notre entreprise est unique par <strong>plusieurs aspects<\/strong>\u00a0:<\/p>\n<p>&#8211; Nous travaillons en direct\u00a0avec les vignerons. Nos vins proviennent directement des vignobles ce qui nous permet d&#8217;assurer la qualit\u00e9. Travailler sans interm\u00e9diaires nous permet\u00a0d&#8217;offrir des prix comp\u00e9titifs.<\/p>\n<p>&#8211;\u00a0<strong>Notre s\u00e9lection se concentre sur les vins fran\u00e7ais et italiens<\/strong>. Nous pensons que ces deux pays repr\u00e9sentent le meilleur de la production mondiale de vin avec la gamme la plus diversifi\u00e9e de vins pour tous types de\u00a0repas et pour tous les go\u00fbts.<\/p>\n<p>&#8211; IVINIO\u00a0est aussi un vrai magasin de vin. Les vins que nous vous proposons sur ce site sont pour la plupart\u00a0les m\u00eames que nous avons\u00a0dans la\u00a0boutique. Les vins qui sont disponibles dans le\u00a0magasin comme sur le site ne sont pas des vins de grands volumes comme ceux propos\u00e9s en grande distribution ou \u00e0 l&#8217;exportation, mais des vins de qualit\u00e9 choisis par un panel de &#8220;tasteurs&#8221; et par nous m\u00eames.<\/p>\n<p>&#8211;<strong>\u00a0Nous ne proposons que des vins que nous avons s\u00e9lectionn\u00e9s apr\u00e8s d\u00e9gustation<\/strong>.<\/p>\n<p>&#8211; Nous nous occupons du\u00a0transport de notre entrep\u00f4t directement chez vous dans les d\u00e9lais les plus brefs\u00a0apr\u00e8s votre commande effectu\u00e9e.[\/vc_column_text][\/vc_column][vc_column width=&#8221;1\/2&#8243;]\t\t<div class=\"ftc-smooth-image smooth-image ftc-smooth\">\r\n\t\t\t\t\t\t\t\t<img decoding=\"async\" width=\"570\" height=\"354\" data-src=\"https:\/\/www.ivinio.com\/wp-content\/uploads\/2020\/09\/qui-sommes-nous-1.jpg\" class=\"img lazyload\" alt=\"\" data-srcset=\"https:\/\/www.ivinio.com\/wp-content\/uploads\/2020\/09\/qui-sommes-nous-1.jpg 570w, https:\/\/www.ivinio.com\/wp-content\/uploads\/2020\/09\/qui-sommes-nous-1-500x311.jpg 500w, https:\/\/www.ivinio.com\/wp-content\/uploads\/2020\/09\/qui-sommes-nous-1-300x186.jpg 300w\" data-sizes=\"(max-width: 570px) 100vw, 570px\" src=\"data:image\/gif;base64,R0lGODlhAQABAAAAACH5BAEKAAEALAAAAAABAAEAAAICTAEAOw==\" style=\"--smush-placeholder-width: 570px; --smush-placeholder-aspect-ratio: 570\/354;\" \/> \r\n\t\t\t\t\t\t\t<\/div>\r\n\t\t\t[\/vc_column][\/vc_row][vc_row el_class=&#8221;about-us&#8221;][vc_column][vc_column_text css=&#8221;.vc_custom_1600076934047{background-color: #f3f3f3 !important;}&#8221;]<strong>&#8220;Ivinio.com d\u00e9tenue par SAS IVINIO<\/strong>, est une soci\u00e9t\u00e9 enregistr\u00e9e au Registre du Commerce qui a \u00e9t\u00e9 cr\u00e9\u00e9e par moi-m\u00eame en 2013. J&#8217;ai moi m\u00eame\u00a0travaill\u00e9 durant toute ma carri\u00e8re\u00a0dans l&#8217;industrie alimentaire, vins et spiritueux. Apr\u00e8s avoir d\u00e9but\u00e9 la\u00a0vente de vins fran\u00e7ais et italiens sur le site vers la Su\u00e8de, nous avons ouvert une boutique\u00a0en France et nous nous sommes ouvert \u00e0 d&#8217;autres pays\u00a0dont la France bien \u00e9videmment.&#8221;<\/p>\n<h3><\/h3>\n<h3><em>HENRIK TAUSON<\/em><br \/>\nFONDATEUR DE L&#8217;ENTREPRISE<\/h3>\n<p>[\/vc_column_text][\/vc_column][\/vc_row]<\/p>\n<\/div>","protected":false},"excerpt":{"rendered":"<p>[vc_row][vc_column][vc_column_text] QUI SOMMES-NOUS ? [\/vc_column_text][vc_separator color=&#8221;custom&#8221; style=&#8221;double&#8221; border_width=&#8221;8&#8243; accent_color=&#8221;#e6e6e8&#8243;][\/vc_column][\/vc_row][vc_row css=&#8221;.vc_custom_1494840085149{margin-top: 15px !important;margin-bottom: 30px !important;}&#8221; el_class=&#8221;about-us&#8221;][vc_column width=&#8221;1\/2&#8243;][vc_column_text css=&#8221;.vc_custom_1598968140992{margin-bottom: 0px !important;}&#8221;]IVINIO s&#8217;adresse aux amateurs de vin qui cherchent des vins fran\u00e7ais et italiens de qualit\u00e9 \u00e0 un prix producteur. Notre entreprise est unique par plusieurs aspects\u00a0: &#8211; Nous travaillons en direct\u00a0avec les vignerons. Nos vins proviennent directement [&hellip;]<\/p>\n","protected":false},"author":1746,"featured_media":0,"parent":0,"menu_order":0,"comment_status":"closed","ping_status":"closed","template":"","meta":{"_monsterinsights_skip_tracking":false,"_monsterinsights_sitenote_active":false,"_monsterinsights_sitenote_note":"","_monsterinsights_sitenote_category":0,"_uf_show_specific_survey":0,"_uf_disable_surveys":false,"footnotes":""},"class_list":["post-69176","page","type-page","status-publish","hentry"],"yoast_head":"<!-- This site is optimized with the Yoast SEO plugin v27.4 - https:\/\/yoast.com\/product\/yoast-seo-wordpress\/ -->\n<title>Qui sommes-nous ? - IVINIO Caviste<\/title>\n<meta name=\"description\" content=\"IVINIO s&#039;adresse aux amateurs de vin qui cherchent des vins fran\u00e7ais et italiens de qualit\u00e9 \u00e0 un prix producteur.\" \/>\n<meta name=\"robots\" content=\"index, follow, max-snippet:-1, max-image-preview:large, max-video-preview:-1\" \/>\n<link rel=\"canonical\" href=\"https:\/\/www.ivinio.com\/fr\/qui-sommes-nous\/\" \/>\n<meta property=\"og:locale\" content=\"fr_FR\" \/>\n<meta property=\"og:type\" content=\"article\" \/>\n<meta property=\"og:title\" content=\"Qui sommes-nous ? - IVINIO Caviste\" \/>\n<meta property=\"og:description\" content=\"IVINIO s&#039;adresse aux amateurs de vin qui cherchent des vins fran\u00e7ais et italiens de qualit\u00e9 \u00e0 un prix producteur.\" \/>\n<meta property=\"og:url\" content=\"https:\/\/www.ivinio.com\/fr\/qui-sommes-nous\/\" \/>\n<meta property=\"og:site_name\" content=\"IVINIO Caviste\" \/>\n<meta property=\"article:publisher\" content=\"https:\/\/www.facebook.com\/groups\/165217837022391\/?ref=bookmarks\" \/>\n<meta property=\"article:modified_time\" content=\"2021-08-25T17:57:21+00:00\" \/>\n<meta name=\"twitter:card\" content=\"summary_large_image\" \/>\n<meta name=\"twitter:label1\" content=\"Dur\u00e9e de lecture estim\u00e9e\" \/>\n\t<meta name=\"twitter:data1\" content=\"2 minutes\" \/>\n<script type=\"application\/ld+json\" class=\"yoast-schema-graph\">{\"@context\":\"https:\\\/\\\/schema.org\",\"@graph\":[{\"@type\":\"WebPage\",\"@id\":\"https:\\\/\\\/www.ivinio.com\\\/fr\\\/qui-sommes-nous\\\/\",\"url\":\"https:\\\/\\\/www.ivinio.com\\\/fr\\\/qui-sommes-nous\\\/\",\"name\":\"Qui sommes-nous ? - IVINIO Caviste\",\"isPartOf\":{\"@id\":\"https:\\\/\\\/www.ivinio.com\\\/fr\\\/#website\"},\"datePublished\":\"2020-09-19T11:19:47+00:00\",\"dateModified\":\"2021-08-25T17:57:21+00:00\",\"description\":\"IVINIO s'adresse aux amateurs de vin qui cherchent des vins fran\u00e7ais et italiens de qualit\u00e9 \u00e0 un prix producteur.\",\"breadcrumb\":{\"@id\":\"https:\\\/\\\/www.ivinio.com\\\/fr\\\/qui-sommes-nous\\\/#breadcrumb\"},\"inLanguage\":\"fr-FR\",\"potentialAction\":[{\"@type\":\"ReadAction\",\"target\":[\"https:\\\/\\\/www.ivinio.com\\\/fr\\\/qui-sommes-nous\\\/\"]}]},{\"@type\":\"BreadcrumbList\",\"@id\":\"https:\\\/\\\/www.ivinio.com\\\/fr\\\/qui-sommes-nous\\\/#breadcrumb\",\"itemListElement\":[{\"@type\":\"ListItem\",\"position\":1,\"name\":\"Home\",\"item\":\"https:\\\/\\\/www.ivinio.com\\\/fr\\\/\"},{\"@type\":\"ListItem\",\"position\":2,\"name\":\"Qui sommes-nous ?\"}]},{\"@type\":\"WebSite\",\"@id\":\"https:\\\/\\\/www.ivinio.com\\\/fr\\\/#website\",\"url\":\"https:\\\/\\\/www.ivinio.com\\\/fr\\\/\",\"name\":\"IVINIO Caviste\",\"description\":\"Vins de France et d&#039;Italie avec livraison \u00e0 domicile\",\"publisher\":{\"@id\":\"https:\\\/\\\/www.ivinio.com\\\/fr\\\/#organization\"},\"potentialAction\":[{\"@type\":\"SearchAction\",\"target\":{\"@type\":\"EntryPoint\",\"urlTemplate\":\"https:\\\/\\\/www.ivinio.com\\\/fr\\\/?s={search_term_string}\"},\"query-input\":{\"@type\":\"PropertyValueSpecification\",\"valueRequired\":true,\"valueName\":\"search_term_string\"}}],\"inLanguage\":\"fr-FR\"},{\"@type\":\"Organization\",\"@id\":\"https:\\\/\\\/www.ivinio.com\\\/fr\\\/#organization\",\"name\":\"IVINIO\",\"url\":\"https:\\\/\\\/www.ivinio.com\\\/fr\\\/\",\"logo\":{\"@type\":\"ImageObject\",\"inLanguage\":\"fr-FR\",\"@id\":\"https:\\\/\\\/www.ivinio.com\\\/fr\\\/#\\\/schema\\\/logo\\\/image\\\/\",\"url\":\"https:\\\/\\\/www.ivinio.com\\\/wp-content\\\/uploads\\\/2021\\\/01\\\/Logo-Ivinio-v2.jpg\",\"contentUrl\":\"https:\\\/\\\/www.ivinio.com\\\/wp-content\\\/uploads\\\/2021\\\/01\\\/Logo-Ivinio-v2.jpg\",\"width\":1194,\"height\":1194,\"caption\":\"IVINIO\"},\"image\":{\"@id\":\"https:\\\/\\\/www.ivinio.com\\\/fr\\\/#\\\/schema\\\/logo\\\/image\\\/\"},\"sameAs\":[\"https:\\\/\\\/www.facebook.com\\\/groups\\\/165217837022391\\\/?ref=bookmarks\",\"https:\\\/\\\/www.instagram.com\\\/_ivinio_\\\/?hl=fr\"]}]}<\/script>\n<!-- \/ Yoast SEO plugin. -->","yoast_head_json":{"title":"Qui sommes-nous ? - IVINIO Caviste","description":"IVINIO s'adresse aux amateurs de vin qui cherchent des vins fran\u00e7ais et italiens de qualit\u00e9 \u00e0 un prix producteur.","robots":{"index":"index","follow":"follow","max-snippet":"max-snippet:-1","max-image-preview":"max-image-preview:large","max-video-preview":"max-video-preview:-1"},"canonical":"https:\/\/www.ivinio.com\/fr\/qui-sommes-nous\/","og_locale":"fr_FR","og_type":"article","og_title":"Qui sommes-nous ? - IVINIO Caviste","og_description":"IVINIO s'adresse aux amateurs de vin qui cherchent des vins fran\u00e7ais et italiens de qualit\u00e9 \u00e0 un prix producteur.","og_url":"https:\/\/www.ivinio.com\/fr\/qui-sommes-nous\/","og_site_name":"IVINIO Caviste","article_publisher":"https:\/\/www.facebook.com\/groups\/165217837022391\/?ref=bookmarks","article_modified_time":"2021-08-25T17:57:21+00:00","twitter_card":"summary_large_image","twitter_misc":{"Dur\u00e9e de lecture estim\u00e9e":"2 minutes"},"schema":{"@context":"https:\/\/schema.org","@graph":[{"@type":"WebPage","@id":"https:\/\/www.ivinio.com\/fr\/qui-sommes-nous\/","url":"https:\/\/www.ivinio.com\/fr\/qui-sommes-nous\/","name":"Qui sommes-nous ? - IVINIO Caviste","isPartOf":{"@id":"https:\/\/www.ivinio.com\/fr\/#website"},"datePublished":"2020-09-19T11:19:47+00:00","dateModified":"2021-08-25T17:57:21+00:00","description":"IVINIO s'adresse aux amateurs de vin qui cherchent des vins fran\u00e7ais et italiens de qualit\u00e9 \u00e0 un prix producteur.","breadcrumb":{"@id":"https:\/\/www.ivinio.com\/fr\/qui-sommes-nous\/#breadcrumb"},"inLanguage":"fr-FR","potentialAction":[{"@type":"ReadAction","target":["https:\/\/www.ivinio.com\/fr\/qui-sommes-nous\/"]}]},{"@type":"BreadcrumbList","@id":"https:\/\/www.ivinio.com\/fr\/qui-sommes-nous\/#breadcrumb","itemListElement":[{"@type":"ListItem","position":1,"name":"Home","item":"https:\/\/www.ivinio.com\/fr\/"},{"@type":"ListItem","position":2,"name":"Qui sommes-nous ?"}]},{"@type":"WebSite","@id":"https:\/\/www.ivinio.com\/fr\/#website","url":"https:\/\/www.ivinio.com\/fr\/","name":"IVINIO Caviste","description":"Vins de France et d&#039;Italie avec livraison \u00e0 domicile","publisher":{"@id":"https:\/\/www.ivinio.com\/fr\/#organization"},"potentialAction":[{"@type":"SearchAction","target":{"@type":"EntryPoint","urlTemplate":"https:\/\/www.ivinio.com\/fr\/?s={search_term_string}"},"query-input":{"@type":"PropertyValueSpecification","valueRequired":true,"valueName":"search_term_string"}}],"inLanguage":"fr-FR"},{"@type":"Organization","@id":"https:\/\/www.ivinio.com\/fr\/#organization","name":"IVINIO","url":"https:\/\/www.ivinio.com\/fr\/","logo":{"@type":"ImageObject","inLanguage":"fr-FR","@id":"https:\/\/www.ivinio.com\/fr\/#\/schema\/logo\/image\/","url":"https:\/\/www.ivinio.com\/wp-content\/uploads\/2021\/01\/Logo-Ivinio-v2.jpg","contentUrl":"https:\/\/www.ivinio.com\/wp-content\/uploads\/2021\/01\/Logo-Ivinio-v2.jpg","width":1194,"height":1194,"caption":"IVINIO"},"image":{"@id":"https:\/\/www.ivinio.com\/fr\/#\/schema\/logo\/image\/"},"sameAs":["https:\/\/www.facebook.com\/groups\/165217837022391\/?ref=bookmarks","https:\/\/www.instagram.com\/_ivinio_\/?hl=fr"]}]}},"jetpack_shortlink":"https:\/\/wp.me\/PcK36q-hZK","jetpack_sharing_enabled":true,"_links":{"self":[{"href":"https:\/\/www.ivinio.com\/fr\/wp-json\/wp\/v2\/pages\/69176","targetHints":{"allow":["GET"]}}],"collection":[{"href":"https:\/\/www.ivinio.com\/fr\/wp-json\/wp\/v2\/pages"}],"about":[{"href":"https:\/\/www.ivinio.com\/fr\/wp-json\/wp\/v2\/types\/page"}],"author":[{"embeddable":true,"href":"https:\/\/www.ivinio.com\/fr\/wp-json\/wp\/v2\/users\/1746"}],"replies":[{"embeddable":true,"href":"https:\/\/www.ivinio.com\/fr\/wp-json\/wp\/v2\/comments?post=69176"}],"version-history":[{"count":0,"href":"https:\/\/www.ivinio.com\/fr\/wp-json\/wp\/v2\/pages\/69176\/revisions"}],"wp:attachment":[{"href":"https:\/\/www.ivinio.com\/fr\/wp-json\/wp\/v2\/media?parent=69176"}],"curies":[{"name":"wp","href":"https:\/\/api.w.org\/{rel}","templated":true}]}}