{"id":69154,"date":"2020-09-18T18:34:08","date_gmt":"2020-09-18T16:34:08","guid":{"rendered":"https:\/\/henrik.www.ivinio.com\/contactez-nous\/"},"modified":"2021-10-02T19:46:15","modified_gmt":"2021-10-02T17:46:15","slug":"contactez-nous","status":"publish","type":"page","link":"https:\/\/www.ivinio.com\/fr\/contactez-nous\/","title":{"rendered":"Contactez-nous"},"content":{"rendered":"<div class=\"wpb-content-wrapper\"><p>[vc_row layout=&#8221;ftc-row-boxed&#8221; enable_parallax=&#8221;&#8221; css=&#8221;.vc_custom_1568946353920{margin-top: 15px !important;margin-bottom: 37px !important;}&#8221; el_class=&#8221;st-row-info-contact&#8221;][vc_column][vc_column_text]<\/p>\n<h2><strong>CONTACTEZ-NOUS<\/strong><\/h2>\n<p>[\/vc_column_text][vc_separator color=&#8221;custom&#8221; style=&#8221;double&#8221; border_width=&#8221;8&#8243; accent_color=&#8221;#e6e6e8&#8243;][\/vc_column][vc_column][vc_column_text]<\/p>\n<h3><\/h3>\n<h3><\/h3>\n<p>&nbsp;<\/p>\n<h3><strong>Avez-vous une question concernant une commande ou d\u00e9sirez-vous de plus amples informations sur nos produits ?<\/strong><\/h3>\n<p>&nbsp;<\/p>\n<p>Si vous avez des questions au sujet de nos produits, votre livraison ou vous avez d&#8217;autres commentaires, n&#8217;h\u00e9sitez pas \u00e0 nous contacter. Vous pouvez nous joindre par t\u00e9l\u00e9phone, au chat, par e-mail, ou vous pouvez nous laisser un message dans le formulaire ci-dessous.[\/vc_column_text][\/vc_column][vc_column el_class=&#8221;contact_info_map&#8221;][vc_column_text]<\/p>\n<div class=\"info_contact\">\n<div class=\"info_column address\">\n<ul>\n<li>IVINIO, 69, boulevard de Cessole, 06100 Nice, France<\/li>\n<\/ul>\n<\/div>\n<div class=\"info_column phone\">\n<ul>\n<li>T\u00e9l : <a href=\"http:\/\/0033422167113\">+33 &#8211; (0)4 22 16 71 13<\/a><\/li>\n<\/ul>\n<\/div>\n<div class=\"info_column email\">\n<ul>\n<li>Email : <a href=\"mailto:sales@yoursite.com\">contact@ivinio.com<\/a><\/li>\n<li>Web : <a href=\"#\">www.ivinio.com<\/a><\/li>\n<\/ul>\n<\/div>\n<\/div>\n<p>[\/vc_column_text][\/vc_column][\/vc_row][vc_row el_class=&#8221;st-row-mapp&#8221;][vc_column][vc_gmaps link=&#8221;#E-8_JTNDaWZyYW1lJTIwc3JjJTNEJTIyaHR0cHMlM0ElMkYlMkZ3d3cuZ29vZ2xlLmNvbSUyRm1hcHMlMkZlbWJlZCUzRnBiJTNEJTIxMW0xNCUyMTFtOCUyMTFtMyUyMTFkMjg4My42NjQwMDQxMzM4NzclMjEyZDcuMjUwNTM4NCUyMTNkNDMuNzE3NTMxMiUyMTNtMiUyMTFpMTAyNCUyMTJpNzY4JTIxNGYxMy4xJTIxM20zJTIxMW0yJTIxMXMweDEyY2RjZmZjYzYzNzcyMjMlMjUzQTB4NjA1OWU5YTFiZDMxZjE4MCUyMTJzSXZpbmlvJTIxNWUwJTIxM20yJTIxMXNmciUyMTJzZnIlMjE0djE2MDA0NDYxNzEzNDYlMjE1bTIlMjExc2ZyJTIxMnNmciUyMiUyMHdpZHRoJTNEJTIyNjAwJTIyJTIwaGVpZ2h0JTNEJTIyNDUwJTIyJTIwZnJhbWVib3JkZXIlM0QlMjIwJTIyJTIwc3R5bGUlM0QlMjJib3JkZXIlM0EwJTNCJTIyJTIwYWxsb3dmdWxsc2NyZWVuJTNEJTIyJTIyJTIwYXJpYS1oaWRkZW4lM0QlMjJmYWxzZSUyMiUyMHRhYmluZGV4JTNEJTIyMCUyMiUzRSUzQyUyRmlmcmFtZSUzRQ==&#8221;][\/vc_column][\/vc_row][vc_row css=&#8221;.vc_custom_1561173804205{margin-bottom: 40px !important;}&#8221;][vc_column width=&#8221;1\/4&#8243; el_class=&#8221;blank-column&#8221;][\/vc_column][vc_column width=&#8221;1\/2&#8243; el_class=&#8221;contact_form&#8221;]<div class=\"ftc-heading heading-1 style-1\"><h1>Laisser votre message<\/h1><\/div>[\/vc_column][vc_column width=&#8221;1\/4&#8243; el_class=&#8221;blank-column&#8221;][\/vc_column][\/vc_row][vc_row][vc_column][vc_column_text]\n<div class=\"wpcf7 no-js\" id=\"wpcf7-f123771-o1\" lang=\"fr-FR\" dir=\"ltr\" data-wpcf7-id=\"123771\">\n<div class=\"screen-reader-response\"><p role=\"status\" aria-live=\"polite\" aria-atomic=\"true\"><\/p> <ul><\/ul><\/div>\n<form action=\"\/fr\/wp-json\/wp\/v2\/pages\/69154#wpcf7-f123771-o1\" method=\"post\" class=\"wpcf7-form init\" aria-label=\"Formulaire de contact\" novalidate=\"novalidate\" data-status=\"init\">\n<fieldset class=\"hidden-fields-container\"><input type=\"hidden\" name=\"_wpcf7\" value=\"123771\" \/><input type=\"hidden\" name=\"_wpcf7_version\" value=\"6.1.5\" \/><input type=\"hidden\" name=\"_wpcf7_locale\" value=\"fr_FR\" \/><input type=\"hidden\" name=\"_wpcf7_unit_tag\" value=\"wpcf7-f123771-o1\" \/><input type=\"hidden\" name=\"_wpcf7_container_post\" value=\"0\" \/><input type=\"hidden\" name=\"_wpcf7_posted_data_hash\" value=\"\" \/><input type=\"hidden\" name=\"_wpcf7_recaptcha_response\" value=\"\" \/>\n<\/fieldset>\n<p><label> Votre Nom (requis)<br \/>\n<span class=\"wpcf7-form-control-wrap\" data-name=\"your-name\"><input size=\"40\" maxlength=\"400\" class=\"wpcf7-form-control wpcf7-text wpcf7-validates-as-required\" aria-required=\"true\" aria-invalid=\"false\" value=\"\" type=\"text\" name=\"your-name\" \/><\/span> <\/label>\n<\/p>\n<p><label> Votre Email (requis)<br \/>\n<span class=\"wpcf7-form-control-wrap\" data-name=\"your-email\"><input size=\"40\" maxlength=\"400\" class=\"wpcf7-form-control wpcf7-email wpcf7-validates-as-required wpcf7-text wpcf7-validates-as-email\" aria-required=\"true\" aria-invalid=\"false\" value=\"\" type=\"email\" name=\"your-email\" \/><\/span> <\/label>\n<\/p>\n<p><label> Objet<br \/>\n<span class=\"wpcf7-form-control-wrap\" data-name=\"your-subject\"><input size=\"40\" maxlength=\"400\" class=\"wpcf7-form-control wpcf7-text\" aria-invalid=\"false\" value=\"\" type=\"text\" name=\"your-subject\" \/><\/span> <\/label>\n<\/p>\n<p><label> Votre message<br \/>\n<span class=\"wpcf7-form-control-wrap\" data-name=\"your-message\"><textarea cols=\"40\" rows=\"10\" maxlength=\"2000\" class=\"wpcf7-form-control wpcf7-textarea\" aria-invalid=\"false\" name=\"your-message\"><\/textarea><\/span> <\/label>\n<\/p>\n<p><input class=\"wpcf7-form-control wpcf7-submit has-spinner\" type=\"submit\" value=\"Envoyer\" \/>\n<\/p><div class=\"wpcf7-response-output\" aria-hidden=\"true\"><\/div>\n<\/form>\n<\/div>\n[\/vc_column_text][\/vc_column][\/vc_row]<\/p>\n<\/div>","protected":false},"excerpt":{"rendered":"<p>[vc_row layout=&#8221;ftc-row-boxed&#8221; enable_parallax=&#8221;&#8221; css=&#8221;.vc_custom_1568946353920{margin-top: 15px !important;margin-bottom: 37px !important;}&#8221; el_class=&#8221;st-row-info-contact&#8221;][vc_column][vc_column_text] CONTACTEZ-NOUS [\/vc_column_text][vc_separator color=&#8221;custom&#8221; style=&#8221;double&#8221; border_width=&#8221;8&#8243; accent_color=&#8221;#e6e6e8&#8243;][\/vc_column][vc_column][vc_column_text] &nbsp; Avez-vous une question concernant une commande ou d\u00e9sirez-vous de plus amples informations sur nos produits ? &nbsp; Si vous avez des questions au sujet de nos produits, votre livraison ou vous avez d&#8217;autres commentaires, n&#8217;h\u00e9sitez pas \u00e0 nous contacter. [&hellip;]<\/p>\n","protected":false},"author":1746,"featured_media":0,"parent":0,"menu_order":0,"comment_status":"closed","ping_status":"closed","template":"","meta":{"_monsterinsights_skip_tracking":false,"_monsterinsights_sitenote_active":false,"_monsterinsights_sitenote_note":"","_monsterinsights_sitenote_category":0,"_uf_show_specific_survey":0,"_uf_disable_surveys":false,"footnotes":""},"class_list":["post-69154","page","type-page","status-publish","hentry"],"yoast_head":"<!-- This site is optimized with the Yoast SEO plugin v27.5 - https:\/\/yoast.com\/product\/yoast-seo-wordpress\/ -->\n<title>Contactez-nous - IVINIO Caviste<\/title>\n<meta name=\"description\" content=\"Si vous avez des questions concernant nos produits, votre livraison ou si vous avez d&#039;autres commentaires, n&#039;h\u00e9sitez pas \u00e0 nous contacter ! Vous pouvez nous joindre par t\u00e9l\u00e9phone, directement via le chat. Vous pouvez \u00e9galement nous \u00e9crire un e-mail ou nous envoyer votre demande dans le formulaire ci-dessous.\" \/>\n<meta name=\"robots\" content=\"index, follow, max-snippet:-1, max-image-preview:large, max-video-preview:-1\" \/>\n<link rel=\"canonical\" href=\"https:\/\/www.ivinio.com\/fr\/contactez-nous\/\" \/>\n<meta property=\"og:locale\" content=\"fr_FR\" \/>\n<meta property=\"og:type\" content=\"article\" \/>\n<meta property=\"og:title\" content=\"Contactez-nous - IVINIO Caviste\" \/>\n<meta property=\"og:description\" content=\"Si vous avez des questions concernant nos produits, votre livraison ou si vous avez d&#039;autres commentaires, n&#039;h\u00e9sitez pas \u00e0 nous contacter ! Vous pouvez nous joindre par t\u00e9l\u00e9phone, directement via le chat. Vous pouvez \u00e9galement nous \u00e9crire un e-mail ou nous envoyer votre demande dans le formulaire ci-dessous.\" \/>\n<meta property=\"og:url\" content=\"https:\/\/www.ivinio.com\/fr\/contactez-nous\/\" \/>\n<meta property=\"og:site_name\" content=\"IVINIO Caviste\" \/>\n<meta property=\"article:publisher\" content=\"https:\/\/www.facebook.com\/groups\/165217837022391\/?ref=bookmarks\" \/>\n<meta property=\"article:modified_time\" content=\"2021-10-02T17:46:15+00:00\" \/>\n<meta name=\"twitter:card\" content=\"summary_large_image\" \/>\n<meta name=\"twitter:label1\" content=\"Dur\u00e9e de lecture estim\u00e9e\" \/>\n\t<meta name=\"twitter:data1\" content=\"1 minute\" \/>\n<script type=\"application\/ld+json\" class=\"yoast-schema-graph\">{\"@context\":\"https:\\\/\\\/schema.org\",\"@graph\":[{\"@type\":\"WebPage\",\"@id\":\"https:\\\/\\\/www.ivinio.com\\\/fr\\\/contactez-nous\\\/\",\"url\":\"https:\\\/\\\/www.ivinio.com\\\/fr\\\/contactez-nous\\\/\",\"name\":\"Contactez-nous - IVINIO Caviste\",\"isPartOf\":{\"@id\":\"https:\\\/\\\/www.ivinio.com\\\/fr\\\/#website\"},\"datePublished\":\"2020-09-18T16:34:08+00:00\",\"dateModified\":\"2021-10-02T17:46:15+00:00\",\"description\":\"Si vous avez des questions concernant nos produits, votre livraison ou si vous avez d'autres commentaires, n'h\u00e9sitez pas \u00e0 nous contacter ! Vous pouvez nous joindre par t\u00e9l\u00e9phone, directement via le chat. Vous pouvez \u00e9galement nous \u00e9crire un e-mail ou nous envoyer votre demande dans le formulaire ci-dessous.\",\"breadcrumb\":{\"@id\":\"https:\\\/\\\/www.ivinio.com\\\/fr\\\/contactez-nous\\\/#breadcrumb\"},\"inLanguage\":\"fr-FR\",\"potentialAction\":[{\"@type\":\"ReadAction\",\"target\":[\"https:\\\/\\\/www.ivinio.com\\\/fr\\\/contactez-nous\\\/\"]}]},{\"@type\":\"BreadcrumbList\",\"@id\":\"https:\\\/\\\/www.ivinio.com\\\/fr\\\/contactez-nous\\\/#breadcrumb\",\"itemListElement\":[{\"@type\":\"ListItem\",\"position\":1,\"name\":\"Home\",\"item\":\"https:\\\/\\\/www.ivinio.com\\\/fr\\\/\"},{\"@type\":\"ListItem\",\"position\":2,\"name\":\"Contactez-nous\"}]},{\"@type\":\"WebSite\",\"@id\":\"https:\\\/\\\/www.ivinio.com\\\/fr\\\/#website\",\"url\":\"https:\\\/\\\/www.ivinio.com\\\/fr\\\/\",\"name\":\"IVINIO Caviste\",\"description\":\"Vins de France et d&#039;Italie avec livraison \u00e0 domicile\",\"publisher\":{\"@id\":\"https:\\\/\\\/www.ivinio.com\\\/fr\\\/#organization\"},\"potentialAction\":[{\"@type\":\"SearchAction\",\"target\":{\"@type\":\"EntryPoint\",\"urlTemplate\":\"https:\\\/\\\/www.ivinio.com\\\/fr\\\/?s={search_term_string}\"},\"query-input\":{\"@type\":\"PropertyValueSpecification\",\"valueRequired\":true,\"valueName\":\"search_term_string\"}}],\"inLanguage\":\"fr-FR\"},{\"@type\":\"Organization\",\"@id\":\"https:\\\/\\\/www.ivinio.com\\\/fr\\\/#organization\",\"name\":\"IVINIO\",\"url\":\"https:\\\/\\\/www.ivinio.com\\\/fr\\\/\",\"logo\":{\"@type\":\"ImageObject\",\"inLanguage\":\"fr-FR\",\"@id\":\"https:\\\/\\\/www.ivinio.com\\\/fr\\\/#\\\/schema\\\/logo\\\/image\\\/\",\"url\":\"https:\\\/\\\/www.ivinio.com\\\/wp-content\\\/uploads\\\/2021\\\/01\\\/Logo-Ivinio-v2.jpg\",\"contentUrl\":\"https:\\\/\\\/www.ivinio.com\\\/wp-content\\\/uploads\\\/2021\\\/01\\\/Logo-Ivinio-v2.jpg\",\"width\":1194,\"height\":1194,\"caption\":\"IVINIO\"},\"image\":{\"@id\":\"https:\\\/\\\/www.ivinio.com\\\/fr\\\/#\\\/schema\\\/logo\\\/image\\\/\"},\"sameAs\":[\"https:\\\/\\\/www.facebook.com\\\/groups\\\/165217837022391\\\/?ref=bookmarks\",\"https:\\\/\\\/www.instagram.com\\\/_ivinio_\\\/?hl=fr\"]}]}<\/script>\n<!-- \/ Yoast SEO plugin. -->","yoast_head_json":{"title":"Contactez-nous - IVINIO Caviste","description":"Si vous avez des questions concernant nos produits, votre livraison ou si vous avez d'autres commentaires, n'h\u00e9sitez pas \u00e0 nous contacter ! Vous pouvez nous joindre par t\u00e9l\u00e9phone, directement via le chat. Vous pouvez \u00e9galement nous \u00e9crire un e-mail ou nous envoyer votre demande dans le formulaire ci-dessous.","robots":{"index":"index","follow":"follow","max-snippet":"max-snippet:-1","max-image-preview":"max-image-preview:large","max-video-preview":"max-video-preview:-1"},"canonical":"https:\/\/www.ivinio.com\/fr\/contactez-nous\/","og_locale":"fr_FR","og_type":"article","og_title":"Contactez-nous - IVINIO Caviste","og_description":"Si vous avez des questions concernant nos produits, votre livraison ou si vous avez d'autres commentaires, n'h\u00e9sitez pas \u00e0 nous contacter ! Vous pouvez nous joindre par t\u00e9l\u00e9phone, directement via le chat. Vous pouvez \u00e9galement nous \u00e9crire un e-mail ou nous envoyer votre demande dans le formulaire ci-dessous.","og_url":"https:\/\/www.ivinio.com\/fr\/contactez-nous\/","og_site_name":"IVINIO Caviste","article_publisher":"https:\/\/www.facebook.com\/groups\/165217837022391\/?ref=bookmarks","article_modified_time":"2021-10-02T17:46:15+00:00","twitter_card":"summary_large_image","twitter_misc":{"Dur\u00e9e de lecture estim\u00e9e":"1 minute"},"schema":{"@context":"https:\/\/schema.org","@graph":[{"@type":"WebPage","@id":"https:\/\/www.ivinio.com\/fr\/contactez-nous\/","url":"https:\/\/www.ivinio.com\/fr\/contactez-nous\/","name":"Contactez-nous - IVINIO Caviste","isPartOf":{"@id":"https:\/\/www.ivinio.com\/fr\/#website"},"datePublished":"2020-09-18T16:34:08+00:00","dateModified":"2021-10-02T17:46:15+00:00","description":"Si vous avez des questions concernant nos produits, votre livraison ou si vous avez d'autres commentaires, n'h\u00e9sitez pas \u00e0 nous contacter ! Vous pouvez nous joindre par t\u00e9l\u00e9phone, directement via le chat. Vous pouvez \u00e9galement nous \u00e9crire un e-mail ou nous envoyer votre demande dans le formulaire ci-dessous.","breadcrumb":{"@id":"https:\/\/www.ivinio.com\/fr\/contactez-nous\/#breadcrumb"},"inLanguage":"fr-FR","potentialAction":[{"@type":"ReadAction","target":["https:\/\/www.ivinio.com\/fr\/contactez-nous\/"]}]},{"@type":"BreadcrumbList","@id":"https:\/\/www.ivinio.com\/fr\/contactez-nous\/#breadcrumb","itemListElement":[{"@type":"ListItem","position":1,"name":"Home","item":"https:\/\/www.ivinio.com\/fr\/"},{"@type":"ListItem","position":2,"name":"Contactez-nous"}]},{"@type":"WebSite","@id":"https:\/\/www.ivinio.com\/fr\/#website","url":"https:\/\/www.ivinio.com\/fr\/","name":"IVINIO Caviste","description":"Vins de France et d&#039;Italie avec livraison \u00e0 domicile","publisher":{"@id":"https:\/\/www.ivinio.com\/fr\/#organization"},"potentialAction":[{"@type":"SearchAction","target":{"@type":"EntryPoint","urlTemplate":"https:\/\/www.ivinio.com\/fr\/?s={search_term_string}"},"query-input":{"@type":"PropertyValueSpecification","valueRequired":true,"valueName":"search_term_string"}}],"inLanguage":"fr-FR"},{"@type":"Organization","@id":"https:\/\/www.ivinio.com\/fr\/#organization","name":"IVINIO","url":"https:\/\/www.ivinio.com\/fr\/","logo":{"@type":"ImageObject","inLanguage":"fr-FR","@id":"https:\/\/www.ivinio.com\/fr\/#\/schema\/logo\/image\/","url":"https:\/\/www.ivinio.com\/wp-content\/uploads\/2021\/01\/Logo-Ivinio-v2.jpg","contentUrl":"https:\/\/www.ivinio.com\/wp-content\/uploads\/2021\/01\/Logo-Ivinio-v2.jpg","width":1194,"height":1194,"caption":"IVINIO"},"image":{"@id":"https:\/\/www.ivinio.com\/fr\/#\/schema\/logo\/image\/"},"sameAs":["https:\/\/www.facebook.com\/groups\/165217837022391\/?ref=bookmarks","https:\/\/www.instagram.com\/_ivinio_\/?hl=fr"]}]}},"jetpack_shortlink":"https:\/\/wp.me\/PcK36q-hZo","jetpack_sharing_enabled":true,"_links":{"self":[{"href":"https:\/\/www.ivinio.com\/fr\/wp-json\/wp\/v2\/pages\/69154","targetHints":{"allow":["GET"]}}],"collection":[{"href":"https:\/\/www.ivinio.com\/fr\/wp-json\/wp\/v2\/pages"}],"about":[{"href":"https:\/\/www.ivinio.com\/fr\/wp-json\/wp\/v2\/types\/page"}],"author":[{"embeddable":true,"href":"https:\/\/www.ivinio.com\/fr\/wp-json\/wp\/v2\/users\/1746"}],"replies":[{"embeddable":true,"href":"https:\/\/www.ivinio.com\/fr\/wp-json\/wp\/v2\/comments?post=69154"}],"version-history":[{"count":0,"href":"https:\/\/www.ivinio.com\/fr\/wp-json\/wp\/v2\/pages\/69154\/revisions"}],"wp:attachment":[{"href":"https:\/\/www.ivinio.com\/fr\/wp-json\/wp\/v2\/media?parent=69154"}],"curies":[{"name":"wp","href":"https:\/\/api.w.org\/{rel}","templated":true}]}}