{"id":68165,"date":"2014-10-30T19:13:58","date_gmt":"2014-10-30T18:13:58","guid":{"rendered":"https:\/\/henrik.www.ivinio.com\/?p=68165"},"modified":"2021-11-12T00:44:47","modified_gmt":"2021-11-11T23:44:47","slug":"fr-basilicate","status":"publish","type":"page","link":"https:\/\/www.ivinio.com\/fr\/fr-basilicate\/","title":{"rendered":"Basilicate"},"content":{"rendered":"<p>La r\u00e9gion viticole de Basilicate n&#8217;est probablement pas la r\u00e9gion viticole la plus c\u00e9l\u00e8bre de l&#8217;Italie, m\u00eame si la culture de vigne se pratique ici depuis l&#8217;<a href=\"https:\/\/fr.wikipedia.org\/wiki\/Gr%C3%A8ce_antique\">Antiquit\u00e9 Grecque<\/a>. Basilicate se trouve entre deux r\u00e9gions viticoles c\u00e9l\u00e8bres qui sont les Pouilles \u00e0 l&#8217;est et la Campanie \u00e0 l&#8217;Ouest. Les Grecs ont toujours laiss\u00e9 leur marque et ont contribu\u00e9 \u00e0 l&#8217;\u00e9largissement de la gamme des c\u00e9pages et introduit en Sicile le c\u00e9page &#8220;Alberello&#8221;.<\/p>\n<p><img decoding=\"async\" class=\"wp-image-128897 alignleft lazyload\" data-src=\"https:\/\/www.ivinio.com\/wp-content\/uploads\/2021\/11\/sterlinglanier-lanier-6V0qUX3w35k-unsplash-204x300.jpg\" alt=\"La r\u00e9gion viticole Basilicate\" width=\"450\" height=\"662\" data-srcset=\"https:\/\/www.ivinio.com\/wp-content\/uploads\/2021\/11\/sterlinglanier-lanier-6V0qUX3w35k-unsplash-204x300.jpg 204w, https:\/\/www.ivinio.com\/wp-content\/uploads\/2021\/11\/sterlinglanier-lanier-6V0qUX3w35k-unsplash-500x736.jpg 500w, https:\/\/www.ivinio.com\/wp-content\/uploads\/2021\/11\/sterlinglanier-lanier-6V0qUX3w35k-unsplash.jpg 640w\" data-sizes=\"(max-width: 450px) 100vw, 450px\" src=\"data:image\/gif;base64,R0lGODlhAQABAAAAACH5BAEKAAEALAAAAAABAAEAAAICTAEAOw==\" style=\"--smush-placeholder-width: 450px; --smush-placeholder-aspect-ratio: 450\/662;\" \/>La r\u00e9gion Basilicate, comme beaucoup d&#8217;autres r\u00e9gions viticoles, a subi d&#8217;importants changements structurels au cours des derni\u00e8res ann\u00e9es. La culture viticole en quantit\u00e9 a \u00e9t\u00e9 remplac\u00e9e par la\u00a0qualit\u00e9. Il\u00a0est aujourd&#8217;hui cultiv\u00e9 moins de vin qu&#8217;auparavant, mais de meilleure qualit\u00e9 et le\u00a0nombre d&#8217;\u00e9tablissements vinicoles a diminu\u00e9. Le plus r\u00e9put\u00e9 est s\u00fbrement le &#8220;DOC Aglianico del Vulture&#8221; qui est produit dans 15 communes autour du volcan Vulture dans la partie nord de\u00a0Basilicate. Vulture a sept sommets qui atteignent 1300 m\u00e8tres d&#8217;altitude autour du lac Monticchio et l&#8217;on cultive principalement\u00a0des olives, des ch\u00e2taignes et des raisins Aglianico. l&#8217; Aglianico est d&#8217;origine grecque et a d&#8217;abord \u00e9t\u00e9 appel\u00e9\u00a0&#8220;Ellenico&#8221;. Le nom a ensuite \u00e9volu\u00e9 vers\u00a0Ellanico, Allanico pour finir en\u00a0Aglianico; suite \u00e0\u00a0la domination espagnole dans le sud de l&#8217;Italie.<\/p>\n<p>Aglianico est cultiv\u00e9e sur un sol riche en\u00a0potassium \u00e0 une altitude de\u00a0200 \u00e0\u00a0500 m\u00e8tres. La r\u00e9colte est tardive, souvent dans la seconde moiti\u00e9 d&#8217;Octbre. Ce qui caract\u00e9rise l&#8217; Aglianico del Vulture est sa couleur rouge rubis, son\u00a0ar\u00f4me agr\u00e9able et distinctif, une forte concentration\u00a0et des tanins pr\u00e9sents qui font de ce vin un vin\u00a0de caract\u00e8re,\u00a0puissants qui se distingue des autres Aglianico\u00a0du\u00a0sud de l&#8217;Italie.\u00a0Depuis 2010, il existe \u00e9galement le DOCG &#8220;Aglianico del Vulture Superiore&#8221;. La diff\u00e9rence de l&#8217;habituel Aglianico del Vulture est que le vin n&#8217;est commercialis\u00e9 qu&#8217;\u00e0\u00a0la 3\u00e8me ann\u00e9e apr\u00e8s la r\u00e9colte apr\u00e8s 1 an d&#8217;\u00e9levage en f\u00fbts de ch\u00eane, puis encore un\u00a01 an dans la bouteille. &#8220;Aglianico del Vulture Riserva&#8221; signifie que le vin est \u00e9lev\u00e9\u00a02 ans en f\u00fbts de ch\u00eane et ensuite\u00a01 an en bouteille avant la vente.<\/p>\n<p>La r\u00e9gion viticole de Basilicate n&#8217;est pas seulement l&#8217;Aglianico del Vulture, c&#8217;est \u00e9galement l&#8217; &#8220;Alta DOC Terre dell &#8216;Val d&#8217;Agri&#8221; qui est produit dans les communes de Viggiano, Moliterno et la Nouvelle-Grumentum dans la province de Potenza. Les vignes poussent \u00e0 un ealtitude de 650 \u00e0 800 m\u00e8tres. Le vin est \u00e9lev\u00e9 le long de la rivi\u00e8re depuis l&#8217;\u00e9poque romaine et se trouvent aussi Malvasia Bianca di <a href=\"https:\/\/www.ivinio.com\/fr\/produit\/re-manfredi-aglianico-de-vulture-2015-rouge\/\">Basilicata<\/a>, Malvasia nera di Basilicata et Moscato bianco di Basilicata issus du Cabernet Sauvignon et Merlot<\/p>\n<p>Plus au sud, le long de la vall\u00e9e de la r\u00e9gion de l&#8217;Agri, \u00e0 la fronti\u00e8re du Parc National du Pollino, se trouvent\u00a0les communes de\u00a0Rocca Nova, Castro Nuovo di Sant&#8217;Andrea e Santarcangelo o\u00f9 le vin IGT Grottino est produit. Le vin est produit et stock\u00e9 dans les sites rupestres creus\u00e9s dans le gr\u00e8s\u00a0situ\u00e9s dans le centre de Rocca nova, d&#8217;o\u00f9 le nom du vin : &#8220;Grottino&#8221;. IGT &#8220;Grottino Rocca Nova&#8221; sont des vins ros\u00e9s, rouges et blacs cultiv\u00e9s sur ces communes. Les c\u00e9pages les plus couramment utilis\u00e9s sont\u00a0le Sangiovese, Malvasia Bianca di Basilicata, Malvasia nera di Basilicata et Moscato bianco di Basilicata..<\/p>\n<p>Dans l&#8217;est de la Basilicate\u00a0on trouve la, par tradition et par histoire, zone sp\u00e9cifique\u00a0appel\u00e9 les collines de Materane. Ici sont cultiv\u00e9s les vignes\u00a0depuis la Gr\u00e8ce antique. Ce sont les\u00a0Grecs qui ont\u00a0plant\u00e9\u00a0des nouvelles vari\u00e9t\u00e9s et \u00e9tabli de nouvelles techniques de culture. Le paysage varie de montagne (500 m\u00e8tres au dessus du niveau de la mer) \u00e0\u00a0Tricarico, Matera et Grottole de terres c\u00f4ti\u00e8res (100-150 m\u00e8tres au dessus du niveau de la mer) avec vue sur la mer Ionienne. Ici nous trouvons les vins DOC Matera qui sont devenus\u00a0une appellation\u00a0aussi r\u00e9cemment qu&#8217;en 2005 et qui\u00a0est subdivis\u00e9e en 6 versions diff\u00e9rentes; DOC Rosso Matera,\u00a0 DOC Matera Primitivo, DOC Matera Moro, DOC Matera Greco, DOC Matera Bianco, DOC Matera Spumante. Les c\u00e9pages Sangiovese et Primitivo sont les vari\u00e9t\u00e9s les plus courantes\u00a0pour les\u00a0vins rouges. Autres vari\u00e9t\u00e9s qui sont cultiv\u00e9es sont le Montepulciano, le Merlot et le Cabernet Sauvignon. pour les blanc on cultive\u00a0le Malvasia Bianca di Basilicata et le Greco.<\/p>\n<p>En outre, nous trouvons\u00a0les vins\u00a0IGT Basilicata qui sont produit \u00e0 la fois en blancs, rouges et ros\u00e9s dans les provinces de Potenza et Matera.<\/p>\n","protected":false},"excerpt":{"rendered":"<p>La r\u00e9gion viticole de Basilicate n&#8217;est probablement pas la r\u00e9gion viticole la plus c\u00e9l\u00e8bre de l&#8217;Italie, m\u00eame si la culture de vigne se pratique ici depuis l&#8217;Antiquit\u00e9 Grecque. Basilicate se trouve entre deux r\u00e9gions viticoles c\u00e9l\u00e8bres qui sont les Pouilles \u00e0 l&#8217;est et la Campanie \u00e0 l&#8217;Ouest. Les Grecs ont toujours laiss\u00e9 leur marque et [&hellip;]<\/p>\n","protected":false},"author":1746,"featured_media":0,"parent":0,"menu_order":0,"comment_status":"open","ping_status":"closed","template":"","meta":{"_monsterinsights_skip_tracking":false,"_monsterinsights_sitenote_active":false,"_monsterinsights_sitenote_note":"","_monsterinsights_sitenote_category":0,"_uf_show_specific_survey":0,"_uf_disable_surveys":false,"footnotes":""},"class_list":["post-68165","page","type-page","status-publish","hentry"],"yoast_head":"<!-- This site is optimized with the Yoast SEO plugin v27.3 - https:\/\/yoast.com\/product\/yoast-seo-wordpress\/ -->\n<title>La r\u00e9gion viticole Basilicate - IVINIO Wine Shop<\/title>\n<meta name=\"description\" content=\"La r\u00e9gion viticole Basilicate. En savoir plus sur la r\u00e9gion viticole de Basilicate avec ses vins, ses c\u00e9pages, ses appellations.\" \/>\n<meta name=\"robots\" content=\"index, follow, max-snippet:-1, max-image-preview:large, max-video-preview:-1\" \/>\n<link rel=\"canonical\" href=\"https:\/\/www.ivinio.com\/fr\/fr-basilicate\/\" \/>\n<meta property=\"og:locale\" content=\"fr_FR\" \/>\n<meta property=\"og:type\" content=\"article\" \/>\n<meta property=\"og:title\" content=\"La r\u00e9gion viticole Basilicate - IVINIO Wine Shop\" \/>\n<meta property=\"og:description\" content=\"La r\u00e9gion viticole Basilicate. En savoir plus sur la r\u00e9gion viticole de Basilicate avec ses vins, ses c\u00e9pages, ses appellations.\" \/>\n<meta property=\"og:url\" content=\"https:\/\/www.ivinio.com\/fr\/fr-basilicate\/\" \/>\n<meta property=\"og:site_name\" content=\"IVINIO Wine Shop\" \/>\n<meta property=\"article:publisher\" content=\"https:\/\/www.facebook.com\/groups\/165217837022391\/?ref=bookmarks\" \/>\n<meta property=\"article:modified_time\" content=\"2021-11-11T23:44:47+00:00\" \/>\n<meta property=\"og:image\" content=\"https:\/\/www.ivinio.com\/wp-content\/uploads\/2021\/11\/sterlinglanier-lanier-6V0qUX3w35k-unsplash-204x300.jpg\" \/>\n<meta name=\"twitter:card\" content=\"summary_large_image\" \/>\n<meta name=\"twitter:label1\" content=\"Dur\u00e9e de lecture estim\u00e9e\" \/>\n\t<meta name=\"twitter:data1\" content=\"4 minutes\" \/>\n<script type=\"application\/ld+json\" class=\"yoast-schema-graph\">{\"@context\":\"https:\\\/\\\/schema.org\",\"@graph\":[{\"@type\":\"WebPage\",\"@id\":\"https:\\\/\\\/www.ivinio.com\\\/fr\\\/fr-basilicate\\\/\",\"url\":\"https:\\\/\\\/www.ivinio.com\\\/fr\\\/fr-basilicate\\\/\",\"name\":\"La r\u00e9gion viticole Basilicate - IVINIO Wine Shop\",\"isPartOf\":{\"@id\":\"https:\\\/\\\/www.ivinio.com\\\/fr\\\/#website\"},\"primaryImageOfPage\":{\"@id\":\"https:\\\/\\\/www.ivinio.com\\\/fr\\\/fr-basilicate\\\/#primaryimage\"},\"image\":{\"@id\":\"https:\\\/\\\/www.ivinio.com\\\/fr\\\/fr-basilicate\\\/#primaryimage\"},\"thumbnailUrl\":\"https:\\\/\\\/www.ivinio.com\\\/wp-content\\\/uploads\\\/2021\\\/11\\\/sterlinglanier-lanier-6V0qUX3w35k-unsplash-204x300.jpg\",\"datePublished\":\"2014-10-30T18:13:58+00:00\",\"dateModified\":\"2021-11-11T23:44:47+00:00\",\"description\":\"La r\u00e9gion viticole Basilicate. En savoir plus sur la r\u00e9gion viticole de Basilicate avec ses vins, ses c\u00e9pages, ses appellations.\",\"breadcrumb\":{\"@id\":\"https:\\\/\\\/www.ivinio.com\\\/fr\\\/fr-basilicate\\\/#breadcrumb\"},\"inLanguage\":\"fr-FR\",\"potentialAction\":[{\"@type\":\"ReadAction\",\"target\":[\"https:\\\/\\\/www.ivinio.com\\\/fr\\\/fr-basilicate\\\/\"]}]},{\"@type\":\"ImageObject\",\"inLanguage\":\"fr-FR\",\"@id\":\"https:\\\/\\\/www.ivinio.com\\\/fr\\\/fr-basilicate\\\/#primaryimage\",\"url\":\"https:\\\/\\\/www.ivinio.com\\\/wp-content\\\/uploads\\\/2021\\\/11\\\/sterlinglanier-lanier-6V0qUX3w35k-unsplash-204x300.jpg\",\"contentUrl\":\"https:\\\/\\\/www.ivinio.com\\\/wp-content\\\/uploads\\\/2021\\\/11\\\/sterlinglanier-lanier-6V0qUX3w35k-unsplash-204x300.jpg\"},{\"@type\":\"BreadcrumbList\",\"@id\":\"https:\\\/\\\/www.ivinio.com\\\/fr\\\/fr-basilicate\\\/#breadcrumb\",\"itemListElement\":[{\"@type\":\"ListItem\",\"position\":1,\"name\":\"Home\",\"item\":\"https:\\\/\\\/www.ivinio.com\\\/fr\\\/\"},{\"@type\":\"ListItem\",\"position\":2,\"name\":\"Basilicate\"}]},{\"@type\":\"WebSite\",\"@id\":\"https:\\\/\\\/www.ivinio.com\\\/fr\\\/#website\",\"url\":\"https:\\\/\\\/www.ivinio.com\\\/fr\\\/\",\"name\":\"IVINIO Wine Shop\",\"description\":\"French and Italian wines with delivery to your door\",\"publisher\":{\"@id\":\"https:\\\/\\\/www.ivinio.com\\\/fr\\\/#organization\"},\"potentialAction\":[{\"@type\":\"SearchAction\",\"target\":{\"@type\":\"EntryPoint\",\"urlTemplate\":\"https:\\\/\\\/www.ivinio.com\\\/fr\\\/?s={search_term_string}\"},\"query-input\":{\"@type\":\"PropertyValueSpecification\",\"valueRequired\":true,\"valueName\":\"search_term_string\"}}],\"inLanguage\":\"fr-FR\"},{\"@type\":\"Organization\",\"@id\":\"https:\\\/\\\/www.ivinio.com\\\/fr\\\/#organization\",\"name\":\"IVINIO\",\"url\":\"https:\\\/\\\/www.ivinio.com\\\/fr\\\/\",\"logo\":{\"@type\":\"ImageObject\",\"inLanguage\":\"fr-FR\",\"@id\":\"https:\\\/\\\/www.ivinio.com\\\/fr\\\/#\\\/schema\\\/logo\\\/image\\\/\",\"url\":\"https:\\\/\\\/www.ivinio.com\\\/wp-content\\\/uploads\\\/2021\\\/01\\\/Logo-Ivinio-v2.jpg\",\"contentUrl\":\"https:\\\/\\\/www.ivinio.com\\\/wp-content\\\/uploads\\\/2021\\\/01\\\/Logo-Ivinio-v2.jpg\",\"width\":1194,\"height\":1194,\"caption\":\"IVINIO\"},\"image\":{\"@id\":\"https:\\\/\\\/www.ivinio.com\\\/fr\\\/#\\\/schema\\\/logo\\\/image\\\/\"},\"sameAs\":[\"https:\\\/\\\/www.facebook.com\\\/groups\\\/165217837022391\\\/?ref=bookmarks\",\"https:\\\/\\\/www.instagram.com\\\/_ivinio_\\\/?hl=fr\"]}]}<\/script>\n<!-- \/ Yoast SEO plugin. -->","yoast_head_json":{"title":"La r\u00e9gion viticole Basilicate - IVINIO Wine Shop","description":"La r\u00e9gion viticole Basilicate. En savoir plus sur la r\u00e9gion viticole de Basilicate avec ses vins, ses c\u00e9pages, ses appellations.","robots":{"index":"index","follow":"follow","max-snippet":"max-snippet:-1","max-image-preview":"max-image-preview:large","max-video-preview":"max-video-preview:-1"},"canonical":"https:\/\/www.ivinio.com\/fr\/fr-basilicate\/","og_locale":"fr_FR","og_type":"article","og_title":"La r\u00e9gion viticole Basilicate - IVINIO Wine Shop","og_description":"La r\u00e9gion viticole Basilicate. En savoir plus sur la r\u00e9gion viticole de Basilicate avec ses vins, ses c\u00e9pages, ses appellations.","og_url":"https:\/\/www.ivinio.com\/fr\/fr-basilicate\/","og_site_name":"IVINIO Wine Shop","article_publisher":"https:\/\/www.facebook.com\/groups\/165217837022391\/?ref=bookmarks","article_modified_time":"2021-11-11T23:44:47+00:00","og_image":[{"url":"https:\/\/www.ivinio.com\/wp-content\/uploads\/2021\/11\/sterlinglanier-lanier-6V0qUX3w35k-unsplash-204x300.jpg","type":"","width":"","height":""}],"twitter_card":"summary_large_image","twitter_misc":{"Dur\u00e9e de lecture estim\u00e9e":"4 minutes"},"schema":{"@context":"https:\/\/schema.org","@graph":[{"@type":"WebPage","@id":"https:\/\/www.ivinio.com\/fr\/fr-basilicate\/","url":"https:\/\/www.ivinio.com\/fr\/fr-basilicate\/","name":"La r\u00e9gion viticole Basilicate - IVINIO Wine Shop","isPartOf":{"@id":"https:\/\/www.ivinio.com\/fr\/#website"},"primaryImageOfPage":{"@id":"https:\/\/www.ivinio.com\/fr\/fr-basilicate\/#primaryimage"},"image":{"@id":"https:\/\/www.ivinio.com\/fr\/fr-basilicate\/#primaryimage"},"thumbnailUrl":"https:\/\/www.ivinio.com\/wp-content\/uploads\/2021\/11\/sterlinglanier-lanier-6V0qUX3w35k-unsplash-204x300.jpg","datePublished":"2014-10-30T18:13:58+00:00","dateModified":"2021-11-11T23:44:47+00:00","description":"La r\u00e9gion viticole Basilicate. En savoir plus sur la r\u00e9gion viticole de Basilicate avec ses vins, ses c\u00e9pages, ses appellations.","breadcrumb":{"@id":"https:\/\/www.ivinio.com\/fr\/fr-basilicate\/#breadcrumb"},"inLanguage":"fr-FR","potentialAction":[{"@type":"ReadAction","target":["https:\/\/www.ivinio.com\/fr\/fr-basilicate\/"]}]},{"@type":"ImageObject","inLanguage":"fr-FR","@id":"https:\/\/www.ivinio.com\/fr\/fr-basilicate\/#primaryimage","url":"https:\/\/www.ivinio.com\/wp-content\/uploads\/2021\/11\/sterlinglanier-lanier-6V0qUX3w35k-unsplash-204x300.jpg","contentUrl":"https:\/\/www.ivinio.com\/wp-content\/uploads\/2021\/11\/sterlinglanier-lanier-6V0qUX3w35k-unsplash-204x300.jpg"},{"@type":"BreadcrumbList","@id":"https:\/\/www.ivinio.com\/fr\/fr-basilicate\/#breadcrumb","itemListElement":[{"@type":"ListItem","position":1,"name":"Home","item":"https:\/\/www.ivinio.com\/fr\/"},{"@type":"ListItem","position":2,"name":"Basilicate"}]},{"@type":"WebSite","@id":"https:\/\/www.ivinio.com\/fr\/#website","url":"https:\/\/www.ivinio.com\/fr\/","name":"IVINIO Wine Shop","description":"French and Italian wines with delivery to your door","publisher":{"@id":"https:\/\/www.ivinio.com\/fr\/#organization"},"potentialAction":[{"@type":"SearchAction","target":{"@type":"EntryPoint","urlTemplate":"https:\/\/www.ivinio.com\/fr\/?s={search_term_string}"},"query-input":{"@type":"PropertyValueSpecification","valueRequired":true,"valueName":"search_term_string"}}],"inLanguage":"fr-FR"},{"@type":"Organization","@id":"https:\/\/www.ivinio.com\/fr\/#organization","name":"IVINIO","url":"https:\/\/www.ivinio.com\/fr\/","logo":{"@type":"ImageObject","inLanguage":"fr-FR","@id":"https:\/\/www.ivinio.com\/fr\/#\/schema\/logo\/image\/","url":"https:\/\/www.ivinio.com\/wp-content\/uploads\/2021\/01\/Logo-Ivinio-v2.jpg","contentUrl":"https:\/\/www.ivinio.com\/wp-content\/uploads\/2021\/01\/Logo-Ivinio-v2.jpg","width":1194,"height":1194,"caption":"IVINIO"},"image":{"@id":"https:\/\/www.ivinio.com\/fr\/#\/schema\/logo\/image\/"},"sameAs":["https:\/\/www.facebook.com\/groups\/165217837022391\/?ref=bookmarks","https:\/\/www.instagram.com\/_ivinio_\/?hl=fr"]}]}},"jetpack_shortlink":"https:\/\/wp.me\/PcK36q-hJr","jetpack_sharing_enabled":true,"_links":{"self":[{"href":"https:\/\/www.ivinio.com\/fr\/wp-json\/wp\/v2\/pages\/68165","targetHints":{"allow":["GET"]}}],"collection":[{"href":"https:\/\/www.ivinio.com\/fr\/wp-json\/wp\/v2\/pages"}],"about":[{"href":"https:\/\/www.ivinio.com\/fr\/wp-json\/wp\/v2\/types\/page"}],"author":[{"embeddable":true,"href":"https:\/\/www.ivinio.com\/fr\/wp-json\/wp\/v2\/users\/1746"}],"replies":[{"embeddable":true,"href":"https:\/\/www.ivinio.com\/fr\/wp-json\/wp\/v2\/comments?post=68165"}],"version-history":[{"count":0,"href":"https:\/\/www.ivinio.com\/fr\/wp-json\/wp\/v2\/pages\/68165\/revisions"}],"wp:attachment":[{"href":"https:\/\/www.ivinio.com\/fr\/wp-json\/wp\/v2\/media?parent=68165"}],"curies":[{"name":"wp","href":"https:\/\/api.w.org\/{rel}","templated":true}]}}