{"id":68159,"date":"2014-08-22T18:03:04","date_gmt":"2014-08-22T16:03:04","guid":{"rendered":"https:\/\/henrik.www.ivinio.com\/?p=68159"},"modified":"2021-07-16T17:20:32","modified_gmt":"2021-07-16T15:20:32","slug":"fr-roussillon","status":"publish","type":"page","link":"https:\/\/www.ivinio.com\/fr\/fr-roussillon\/","title":{"rendered":"Roussillon"},"content":{"rendered":"<p><strong>Le Roussillon, se situe dans le sud ouest de la France<\/strong>, c\u00f4t\u00e9\u00a0M\u00e9diterran\u00e9e jusqu&#8217;\u00e0\u00a0la fronti\u00e8re de\u00a0l&#8217;Espagne. Cette r\u00e9gion est entour\u00e9e de montagnes. Au nord se trouvent les Corbi\u00e8res: c\u00f4teaux calcaires et abruptes. A\u00a0l&#8217;ouest s&#8217;\u00e9tend le\u00a0massif du Canigo et au\u00a0sud Alb\u00e8res et Roc de France, \u00e0 la fronti\u00e8re avec l&#8217;Espagne. Le climat du Roussillon est caract\u00e9ris\u00e9 par un \u00e9t\u00e9 sec, une saison d&#8217;automne pluvieuse\u00a0et un printemps pr\u00e9coce.<br \/>\nLe climat m\u00e9diterran\u00e9en chaud et la protection des montagnes favorisent la maturation des raisins. La culture du vin dans le Roussillon remonte aux\u00a0marins grecs au VII\u00e8me si\u00e8cle avant J.-C., attir\u00e9s par les richesses mini\u00e8res catalanes.<\/p>\n<p><img decoding=\"async\" class=\"size-medium wp-image-127444 alignleft lazyload\" data-src=\"https:\/\/www.ivinio.com\/wp-content\/uploads\/2021\/07\/roussilion-300x161.jpg\" alt=\"\" width=\"300\" height=\"161\" data-srcset=\"https:\/\/www.ivinio.com\/wp-content\/uploads\/2021\/07\/roussilion-300x161.jpg 300w, https:\/\/www.ivinio.com\/wp-content\/uploads\/2021\/07\/roussilion-240x130.jpg 240w, https:\/\/www.ivinio.com\/wp-content\/uploads\/2021\/07\/roussilion.jpg 306w\" data-sizes=\"(max-width: 300px) 100vw, 300px\" src=\"data:image\/gif;base64,R0lGODlhAQABAAAAACH5BAEKAAEALAAAAAABAAEAAAICTAEAOw==\" style=\"--smush-placeholder-width: 300px; --smush-placeholder-aspect-ratio: 300\/161;\" \/>Le\u00a0vin\u00a0a \u00e9t\u00e9 d\u00e9velopp\u00e9 pendant le Moyen-Age et ce sont surtout &#8220;les vins doux naturels&#8221; qui ont fait la r\u00e9putation du Roussillon.\u00a0On y produit des\u00a0rouge &#8220;<strong>C\u00f4tes de Roussillon<\/strong>&#8221; et &#8220;<strong>C\u00f4tes de Roussillon Villages<\/strong>&#8220;.<\/p>\n<p>Les principaux c\u00e9pages du Roussillon\u00a0sont <strong>le\u00a0Carignan<\/strong>, <strong>le Grenache<\/strong>, <strong>le Lladoner Pelut<\/strong>, <strong>le Mourv\u00e8dre<\/strong> et <strong>la Syrah<\/strong> pour les vins rouges. Les vins blancs du Roussillon sont principalement fabriqu\u00e9s \u00e0 partir de <strong>Grenache Blanc<\/strong>, <strong>Macabeo<\/strong>, <strong>Malvoisie<\/strong>, <strong>Muscat<\/strong>, <strong>Marsanne<\/strong>, <strong>Roussanne<\/strong> et <strong>Vermentino<\/strong>.<\/p>\n<p>Nous y trouvons donc \u00e9galement 90% des &#8220;vin doux naturels&#8221; produits en France. La douceur de ces vins provient exclusivement du\u00a0jus de raisin, sans sucre ajout\u00e9. Pendant le processus de fermentation, on ajoute, cependant de l&#8217;alcool\u00a0distill\u00e9\u00a0pour interrompre ce\u00a0processus de fermentation. La totalit\u00e9 du sucre naturel du raisin n&#8217;est transform\u00e9 en alcool, ainsi le vin est sucr\u00e9 naturellement.<\/p>\n<p>Le processus est similaire \u00e0 la production de Porto, de Mad\u00e8re et Marsala. Les &#8220;vins doux naturels&#8221; les plus c\u00e9l\u00e8bres du\u00a0Roussillon sont\u00a0Banyuls, Maury et Rivesaltes. Ces vins sont excellents pour accompagner un morceau de fromage bleu, avec les\u00a0desserts ou surtout avec un morceau de bon chocolat noir !<\/p>\n","protected":false},"excerpt":{"rendered":"<p>Le Roussillon, se situe dans le sud ouest de la France, c\u00f4t\u00e9\u00a0M\u00e9diterran\u00e9e jusqu&#8217;\u00e0\u00a0la fronti\u00e8re de\u00a0l&#8217;Espagne. Cette r\u00e9gion est entour\u00e9e de montagnes. Au nord se trouvent les Corbi\u00e8res: c\u00f4teaux calcaires et abruptes. A\u00a0l&#8217;ouest s&#8217;\u00e9tend le\u00a0massif du Canigo et au\u00a0sud Alb\u00e8res et Roc de France, \u00e0 la fronti\u00e8re avec l&#8217;Espagne. Le climat du Roussillon est caract\u00e9ris\u00e9 par [&hellip;]<\/p>\n","protected":false},"author":1746,"featured_media":0,"parent":0,"menu_order":0,"comment_status":"open","ping_status":"closed","template":"","meta":{"_monsterinsights_skip_tracking":false,"_monsterinsights_sitenote_active":false,"_monsterinsights_sitenote_note":"","_monsterinsights_sitenote_category":0,"_uf_show_specific_survey":0,"_uf_disable_surveys":false,"footnotes":""},"class_list":["post-68159","page","type-page","status-publish","hentry"],"yoast_head":"<!-- This site is optimized with the Yoast SEO plugin v27.5 - https:\/\/yoast.com\/product\/yoast-seo-wordpress\/ -->\n<title>Roussillon - IVINIO Caviste<\/title>\n<meta name=\"robots\" content=\"index, follow, max-snippet:-1, max-image-preview:large, max-video-preview:-1\" \/>\n<link rel=\"canonical\" href=\"https:\/\/www.ivinio.com\/fr\/fr-roussillon\/\" \/>\n<meta property=\"og:locale\" content=\"fr_FR\" \/>\n<meta property=\"og:type\" content=\"article\" \/>\n<meta property=\"og:title\" content=\"Roussillon - IVINIO Caviste\" \/>\n<meta property=\"og:description\" content=\"Le Roussillon, se situe dans le sud ouest de la France, c\u00f4t\u00e9\u00a0M\u00e9diterran\u00e9e jusqu&#8217;\u00e0\u00a0la fronti\u00e8re de\u00a0l&#8217;Espagne. Cette r\u00e9gion est entour\u00e9e de montagnes. Au nord se trouvent les Corbi\u00e8res: c\u00f4teaux calcaires et abruptes. A\u00a0l&#8217;ouest s&#8217;\u00e9tend le\u00a0massif du Canigo et au\u00a0sud Alb\u00e8res et Roc de France, \u00e0 la fronti\u00e8re avec l&#8217;Espagne. Le climat du Roussillon est caract\u00e9ris\u00e9 par [&hellip;]\" \/>\n<meta property=\"og:url\" content=\"https:\/\/www.ivinio.com\/fr\/fr-roussillon\/\" \/>\n<meta property=\"og:site_name\" content=\"IVINIO Caviste\" \/>\n<meta property=\"article:publisher\" content=\"https:\/\/www.facebook.com\/groups\/165217837022391\/?ref=bookmarks\" \/>\n<meta property=\"article:modified_time\" content=\"2021-07-16T15:20:32+00:00\" \/>\n<meta property=\"og:image\" content=\"https:\/\/www.ivinio.com\/wp-content\/uploads\/2021\/07\/roussilion-300x161.jpg\" \/>\n<meta name=\"twitter:card\" content=\"summary_large_image\" \/>\n<meta name=\"twitter:label1\" content=\"Dur\u00e9e de lecture estim\u00e9e\" \/>\n\t<meta name=\"twitter:data1\" content=\"2 minutes\" \/>\n<script type=\"application\/ld+json\" class=\"yoast-schema-graph\">{\"@context\":\"https:\\\/\\\/schema.org\",\"@graph\":[{\"@type\":\"WebPage\",\"@id\":\"https:\\\/\\\/www.ivinio.com\\\/fr\\\/fr-roussillon\\\/\",\"url\":\"https:\\\/\\\/www.ivinio.com\\\/fr\\\/fr-roussillon\\\/\",\"name\":\"Roussillon - IVINIO Caviste\",\"isPartOf\":{\"@id\":\"https:\\\/\\\/www.ivinio.com\\\/fr\\\/#website\"},\"primaryImageOfPage\":{\"@id\":\"https:\\\/\\\/www.ivinio.com\\\/fr\\\/fr-roussillon\\\/#primaryimage\"},\"image\":{\"@id\":\"https:\\\/\\\/www.ivinio.com\\\/fr\\\/fr-roussillon\\\/#primaryimage\"},\"thumbnailUrl\":\"https:\\\/\\\/www.ivinio.com\\\/wp-content\\\/uploads\\\/2021\\\/07\\\/roussilion-300x161.jpg\",\"datePublished\":\"2014-08-22T16:03:04+00:00\",\"dateModified\":\"2021-07-16T15:20:32+00:00\",\"breadcrumb\":{\"@id\":\"https:\\\/\\\/www.ivinio.com\\\/fr\\\/fr-roussillon\\\/#breadcrumb\"},\"inLanguage\":\"fr-FR\",\"potentialAction\":[{\"@type\":\"ReadAction\",\"target\":[\"https:\\\/\\\/www.ivinio.com\\\/fr\\\/fr-roussillon\\\/\"]}]},{\"@type\":\"ImageObject\",\"inLanguage\":\"fr-FR\",\"@id\":\"https:\\\/\\\/www.ivinio.com\\\/fr\\\/fr-roussillon\\\/#primaryimage\",\"url\":\"https:\\\/\\\/www.ivinio.com\\\/wp-content\\\/uploads\\\/2021\\\/07\\\/roussilion-300x161.jpg\",\"contentUrl\":\"https:\\\/\\\/www.ivinio.com\\\/wp-content\\\/uploads\\\/2021\\\/07\\\/roussilion-300x161.jpg\"},{\"@type\":\"BreadcrumbList\",\"@id\":\"https:\\\/\\\/www.ivinio.com\\\/fr\\\/fr-roussillon\\\/#breadcrumb\",\"itemListElement\":[{\"@type\":\"ListItem\",\"position\":1,\"name\":\"Home\",\"item\":\"https:\\\/\\\/www.ivinio.com\\\/fr\\\/\"},{\"@type\":\"ListItem\",\"position\":2,\"name\":\"Roussillon\"}]},{\"@type\":\"WebSite\",\"@id\":\"https:\\\/\\\/www.ivinio.com\\\/fr\\\/#website\",\"url\":\"https:\\\/\\\/www.ivinio.com\\\/fr\\\/\",\"name\":\"IVINIO Caviste\",\"description\":\"Vins de France et d&#039;Italie avec livraison \u00e0 domicile\",\"publisher\":{\"@id\":\"https:\\\/\\\/www.ivinio.com\\\/fr\\\/#organization\"},\"potentialAction\":[{\"@type\":\"SearchAction\",\"target\":{\"@type\":\"EntryPoint\",\"urlTemplate\":\"https:\\\/\\\/www.ivinio.com\\\/fr\\\/?s={search_term_string}\"},\"query-input\":{\"@type\":\"PropertyValueSpecification\",\"valueRequired\":true,\"valueName\":\"search_term_string\"}}],\"inLanguage\":\"fr-FR\"},{\"@type\":\"Organization\",\"@id\":\"https:\\\/\\\/www.ivinio.com\\\/fr\\\/#organization\",\"name\":\"IVINIO\",\"url\":\"https:\\\/\\\/www.ivinio.com\\\/fr\\\/\",\"logo\":{\"@type\":\"ImageObject\",\"inLanguage\":\"fr-FR\",\"@id\":\"https:\\\/\\\/www.ivinio.com\\\/fr\\\/#\\\/schema\\\/logo\\\/image\\\/\",\"url\":\"https:\\\/\\\/www.ivinio.com\\\/wp-content\\\/uploads\\\/2021\\\/01\\\/Logo-Ivinio-v2.jpg\",\"contentUrl\":\"https:\\\/\\\/www.ivinio.com\\\/wp-content\\\/uploads\\\/2021\\\/01\\\/Logo-Ivinio-v2.jpg\",\"width\":1194,\"height\":1194,\"caption\":\"IVINIO\"},\"image\":{\"@id\":\"https:\\\/\\\/www.ivinio.com\\\/fr\\\/#\\\/schema\\\/logo\\\/image\\\/\"},\"sameAs\":[\"https:\\\/\\\/www.facebook.com\\\/groups\\\/165217837022391\\\/?ref=bookmarks\",\"https:\\\/\\\/www.instagram.com\\\/_ivinio_\\\/?hl=fr\"]}]}<\/script>\n<!-- \/ Yoast SEO plugin. -->","yoast_head_json":{"title":"Roussillon - IVINIO Caviste","robots":{"index":"index","follow":"follow","max-snippet":"max-snippet:-1","max-image-preview":"max-image-preview:large","max-video-preview":"max-video-preview:-1"},"canonical":"https:\/\/www.ivinio.com\/fr\/fr-roussillon\/","og_locale":"fr_FR","og_type":"article","og_title":"Roussillon - IVINIO Caviste","og_description":"Le Roussillon, se situe dans le sud ouest de la France, c\u00f4t\u00e9\u00a0M\u00e9diterran\u00e9e jusqu&#8217;\u00e0\u00a0la fronti\u00e8re de\u00a0l&#8217;Espagne. Cette r\u00e9gion est entour\u00e9e de montagnes. Au nord se trouvent les Corbi\u00e8res: c\u00f4teaux calcaires et abruptes. A\u00a0l&#8217;ouest s&#8217;\u00e9tend le\u00a0massif du Canigo et au\u00a0sud Alb\u00e8res et Roc de France, \u00e0 la fronti\u00e8re avec l&#8217;Espagne. Le climat du Roussillon est caract\u00e9ris\u00e9 par [&hellip;]","og_url":"https:\/\/www.ivinio.com\/fr\/fr-roussillon\/","og_site_name":"IVINIO Caviste","article_publisher":"https:\/\/www.facebook.com\/groups\/165217837022391\/?ref=bookmarks","article_modified_time":"2021-07-16T15:20:32+00:00","og_image":[{"url":"https:\/\/www.ivinio.com\/wp-content\/uploads\/2021\/07\/roussilion-300x161.jpg","type":"","width":"","height":""}],"twitter_card":"summary_large_image","twitter_misc":{"Dur\u00e9e de lecture estim\u00e9e":"2 minutes"},"schema":{"@context":"https:\/\/schema.org","@graph":[{"@type":"WebPage","@id":"https:\/\/www.ivinio.com\/fr\/fr-roussillon\/","url":"https:\/\/www.ivinio.com\/fr\/fr-roussillon\/","name":"Roussillon - IVINIO Caviste","isPartOf":{"@id":"https:\/\/www.ivinio.com\/fr\/#website"},"primaryImageOfPage":{"@id":"https:\/\/www.ivinio.com\/fr\/fr-roussillon\/#primaryimage"},"image":{"@id":"https:\/\/www.ivinio.com\/fr\/fr-roussillon\/#primaryimage"},"thumbnailUrl":"https:\/\/www.ivinio.com\/wp-content\/uploads\/2021\/07\/roussilion-300x161.jpg","datePublished":"2014-08-22T16:03:04+00:00","dateModified":"2021-07-16T15:20:32+00:00","breadcrumb":{"@id":"https:\/\/www.ivinio.com\/fr\/fr-roussillon\/#breadcrumb"},"inLanguage":"fr-FR","potentialAction":[{"@type":"ReadAction","target":["https:\/\/www.ivinio.com\/fr\/fr-roussillon\/"]}]},{"@type":"ImageObject","inLanguage":"fr-FR","@id":"https:\/\/www.ivinio.com\/fr\/fr-roussillon\/#primaryimage","url":"https:\/\/www.ivinio.com\/wp-content\/uploads\/2021\/07\/roussilion-300x161.jpg","contentUrl":"https:\/\/www.ivinio.com\/wp-content\/uploads\/2021\/07\/roussilion-300x161.jpg"},{"@type":"BreadcrumbList","@id":"https:\/\/www.ivinio.com\/fr\/fr-roussillon\/#breadcrumb","itemListElement":[{"@type":"ListItem","position":1,"name":"Home","item":"https:\/\/www.ivinio.com\/fr\/"},{"@type":"ListItem","position":2,"name":"Roussillon"}]},{"@type":"WebSite","@id":"https:\/\/www.ivinio.com\/fr\/#website","url":"https:\/\/www.ivinio.com\/fr\/","name":"IVINIO Caviste","description":"Vins de France et d&#039;Italie avec livraison \u00e0 domicile","publisher":{"@id":"https:\/\/www.ivinio.com\/fr\/#organization"},"potentialAction":[{"@type":"SearchAction","target":{"@type":"EntryPoint","urlTemplate":"https:\/\/www.ivinio.com\/fr\/?s={search_term_string}"},"query-input":{"@type":"PropertyValueSpecification","valueRequired":true,"valueName":"search_term_string"}}],"inLanguage":"fr-FR"},{"@type":"Organization","@id":"https:\/\/www.ivinio.com\/fr\/#organization","name":"IVINIO","url":"https:\/\/www.ivinio.com\/fr\/","logo":{"@type":"ImageObject","inLanguage":"fr-FR","@id":"https:\/\/www.ivinio.com\/fr\/#\/schema\/logo\/image\/","url":"https:\/\/www.ivinio.com\/wp-content\/uploads\/2021\/01\/Logo-Ivinio-v2.jpg","contentUrl":"https:\/\/www.ivinio.com\/wp-content\/uploads\/2021\/01\/Logo-Ivinio-v2.jpg","width":1194,"height":1194,"caption":"IVINIO"},"image":{"@id":"https:\/\/www.ivinio.com\/fr\/#\/schema\/logo\/image\/"},"sameAs":["https:\/\/www.facebook.com\/groups\/165217837022391\/?ref=bookmarks","https:\/\/www.instagram.com\/_ivinio_\/?hl=fr"]}]}},"jetpack_shortlink":"https:\/\/wp.me\/PcK36q-hJl","jetpack_sharing_enabled":true,"_links":{"self":[{"href":"https:\/\/www.ivinio.com\/fr\/wp-json\/wp\/v2\/pages\/68159","targetHints":{"allow":["GET"]}}],"collection":[{"href":"https:\/\/www.ivinio.com\/fr\/wp-json\/wp\/v2\/pages"}],"about":[{"href":"https:\/\/www.ivinio.com\/fr\/wp-json\/wp\/v2\/types\/page"}],"author":[{"embeddable":true,"href":"https:\/\/www.ivinio.com\/fr\/wp-json\/wp\/v2\/users\/1746"}],"replies":[{"embeddable":true,"href":"https:\/\/www.ivinio.com\/fr\/wp-json\/wp\/v2\/comments?post=68159"}],"version-history":[{"count":0,"href":"https:\/\/www.ivinio.com\/fr\/wp-json\/wp\/v2\/pages\/68159\/revisions"}],"wp:attachment":[{"href":"https:\/\/www.ivinio.com\/fr\/wp-json\/wp\/v2\/media?parent=68159"}],"curies":[{"name":"wp","href":"https:\/\/api.w.org\/{rel}","templated":true}]}}