{"id":68156,"date":"2014-08-19T11:53:41","date_gmt":"2014-08-19T11:53:41","guid":{"rendered":"https:\/\/henrik.www.ivinio.com\/?p=68156"},"modified":"2025-06-02T19:21:27","modified_gmt":"2025-06-02T17:21:27","slug":"frais-de-livraison","status":"publish","type":"page","link":"https:\/\/www.ivinio.com\/fr\/frais-de-livraison\/","title":{"rendered":"Frais de livraison"},"content":{"rendered":"<div class=\"wpb-content-wrapper\"><p>[vc_row][vc_column][vc_column_text]<\/p>\n<h2><strong>FRAIS DE LIVRAISON<\/strong><\/h2>\n<p>[\/vc_column_text][vc_separator color=&#8221;custom&#8221; style=&#8221;double&#8221; border_width=&#8221;8&#8243; accent_color=&#8221;#e6e6e8&#8243;][\/vc_column][\/vc_row][vc_row][vc_column][vc_column_text css=&#8221;&#8221;]Veuillez trouver ci-dessous les frais de transport pour l&#8217;exp\u00e9dition de vos achats, de notre entrep\u00f4t \u00e0 la destination de votre choix, que nous vous proposons. Nous utilisons diff\u00e9rentes compagnies de transport comme DHL, UPS, TNT et Chronopost. Si vous s\u00e9lectionnez la livraison classique pour votre commande, nous choisirons le meilleur transporteur pour vous en fonction du prix par rapport \u00e0 l\u2019adresse de livraison. Vous trouverez \u00e9galement les co\u00fbts de transport vers des destinations les plus courantes en Europe. Le frais de transport minimum correspond au frais d&#8217;envoi de 6 bouteilles, m\u00eame pour des commandes &lt; 6 bouteilles. Si vous souhaitez envoyer votre vin \u00e0 un endroit qui n&#8217;est pas mentionn\u00e9 ci-dessous, merci de vous rapprocher de\u00a0 notre service client\u00e8le pour obtenir un devis pr\u00e9cis. Nous ferons notre possible pour vous satisfaire.<\/p>\n<p>Les livraisons vers la Su\u00e8de sont factur\u00e9es en couronnes su\u00e9doises (SEK) et les taxes su\u00e9doises sur l\u2019alcool ainsi que la TVA su\u00e9doise sont incluses dans les prix mentionn\u00e9s sur le site. Concernant les livraisons vers la France factur\u00e9es en euros (\u20ac), les acsises fran\u00e7aises sur le vin et la TVA fran\u00e7aise sont comprises dans les prix indiqu\u00e9s sur le site. Les livraisons \u00e0 tous les autres pays propos\u00e9s sont factur\u00e9es en euros (\u20ac) et les prix incluent les taxes d\u2019alcool et la TVA fran\u00e7aises. S&#8217;il y avait d&#8217;autres taxes ou droits dans le pays de destination, le client est responsable et doit rendre compte aux autorit\u00e9s locales en d\u00e9clarant si n\u00e9cessaire leurs achats aux autorit\u00e9s comp\u00e9tentes.<\/p>\n<table style=\"width: 500px;\" border=\"1\" cellspacing=\"1\" cellpadding=\"1\">\n<thead>\n<tr>\n<th colspan=\"2\" scope=\"col\">France<\/th>\n<\/tr>\n<\/thead>\n<tbody>\n<tr>\n<td style=\"text-align: center;\"><strong>Bouteilles 75 cl<\/strong><\/td>\n<td style=\"text-align: center;\"><strong>Prix (\u20ac)<\/strong><\/td>\n<\/tr>\n<tr>\n<td style=\"text-align: center;\">1-6<\/td>\n<td style=\"text-align: center;\">13.9<\/td>\n<\/tr>\n<tr>\n<td style=\"text-align: center;\">7-12<\/td>\n<td style=\"text-align: center;\">18.9<\/td>\n<\/tr>\n<tr>\n<td style=\"text-align: center;\">13-18<\/td>\n<td style=\"text-align: center;\">21.9<\/td>\n<\/tr>\n<tr>\n<td style=\"text-align: center;\">19-24<\/td>\n<td style=\"text-align: center;\">21.9<\/td>\n<\/tr>\n<tr>\n<td style=\"text-align: center;\">25-30<\/td>\n<td style=\"text-align: center;\">21.9<\/td>\n<\/tr>\n<tr>\n<td style=\"text-align: center;\">31-36<\/td>\n<td style=\"text-align: center;\">21.9<\/td>\n<\/tr>\n<tr>\n<td style=\"text-align: center;\">37-42<\/td>\n<td style=\"text-align: center;\">21.9<\/td>\n<\/tr>\n<tr>\n<td style=\"text-align: center;\">43-48<\/td>\n<td style=\"text-align: center;\">21.9<\/td>\n<\/tr>\n<tr>\n<td style=\"text-align: center;\">49-54<\/td>\n<td style=\"text-align: center;\">21.9<\/td>\n<\/tr>\n<tr>\n<td style=\"text-align: center;\" colspan=\"2\">Transport gratuit \u00e0 partir de 300 \u20ac TTC<\/td>\n<\/tr>\n<\/tbody>\n<\/table>\n<p>&nbsp;<\/p>\n<table style=\"width: 500px;\" border=\"1\" cellspacing=\"1\" cellpadding=\"1\">\n<thead>\n<tr>\n<th colspan=\"2\" scope=\"col\">DOM-TOM (prix pour le Martinique, Guadeloupe &amp; R\u00e9union &#8211; pour d&#8217;autres destinations, veuillez contacter le service client)<\/th>\n<\/tr>\n<\/thead>\n<tbody>\n<tr>\n<td style=\"text-align: center;\"><strong>Bouteilles 75 cl<\/strong><\/td>\n<td style=\"text-align: center;\"><strong>Prix (EUR)<\/strong><\/td>\n<\/tr>\n<tr>\n<td style=\"text-align: center;\">1-6<\/td>\n<td style=\"text-align: center;\">70<\/td>\n<\/tr>\n<tr>\n<td style=\"text-align: center;\">7-12<\/td>\n<td style=\"text-align: center;\">120<\/td>\n<\/tr>\n<tr>\n<td style=\"text-align: center;\">13-18<\/td>\n<td style=\"text-align: center;\">170<\/td>\n<\/tr>\n<tr>\n<td style=\"text-align: center;\">19-24<\/td>\n<td style=\"text-align: center;\">230<\/td>\n<\/tr>\n<tr>\n<td style=\"text-align: center;\">25-30<\/td>\n<td style=\"text-align: center;\">250<\/td>\n<\/tr>\n<tr>\n<td style=\"text-align: center;\">31-36<\/td>\n<td style=\"text-align: center;\">300<\/td>\n<\/tr>\n<tr>\n<td style=\"text-align: center;\">37-42<\/td>\n<td style=\"text-align: center;\">350<\/td>\n<\/tr>\n<tr>\n<td style=\"text-align: center;\">43-48<\/td>\n<td style=\"text-align: center;\">380<\/td>\n<\/tr>\n<tr>\n<td style=\"text-align: center;\">49-54<\/td>\n<td style=\"text-align: center;\">410<\/td>\n<\/tr>\n<tr>\n<td style=\"text-align: center;\" colspan=\"2\">Pour des plus gros envois, veuillez contacter le service client<\/td>\n<\/tr>\n<\/tbody>\n<\/table>\n<p>&nbsp;<\/p>\n<table style=\"width: 500px;\" border=\"1\" cellspacing=\"1\" cellpadding=\"1\">\n<thead>\n<tr>\n<th colspan=\"2\" scope=\"col\">Su\u00e8de<\/th>\n<\/tr>\n<\/thead>\n<tbody>\n<tr>\n<td style=\"text-align: center;\"><strong>Bouteilles 75 cl<\/strong><\/td>\n<td style=\"text-align: center;\"><strong>Prix (SEK)<\/strong><\/td>\n<\/tr>\n<tr>\n<td style=\"text-align: center;\">1-6<\/td>\n<td style=\"text-align: center;\">99<\/td>\n<\/tr>\n<tr>\n<td style=\"text-align: center;\">7-12<\/td>\n<td style=\"text-align: center;\">99<\/td>\n<\/tr>\n<tr>\n<td style=\"text-align: center;\">13-18<\/td>\n<td style=\"text-align: center;\">99<\/td>\n<\/tr>\n<tr>\n<td style=\"text-align: center;\">19-24<\/td>\n<td style=\"text-align: center;\">99<\/td>\n<\/tr>\n<tr>\n<td style=\"text-align: center;\">25-30<\/td>\n<td style=\"text-align: center;\">99<\/td>\n<\/tr>\n<tr>\n<td style=\"text-align: center;\">31-36<\/td>\n<td style=\"text-align: center;\">99<\/td>\n<\/tr>\n<tr>\n<td style=\"text-align: center;\">37-42<\/td>\n<td style=\"text-align: center;\">99<\/td>\n<\/tr>\n<tr>\n<td style=\"text-align: center;\">43-48<\/td>\n<td style=\"text-align: center;\">99<\/td>\n<\/tr>\n<tr>\n<td style=\"text-align: center;\">49-54<\/td>\n<td style=\"text-align: center;\">99<\/td>\n<\/tr>\n<tr>\n<td style=\"text-align: center;\" colspan=\"2\">Transport gratuit \u00e0 partir de 3000 SEK TTC.<\/td>\n<\/tr>\n<\/tbody>\n<\/table>\n<p>&nbsp;<\/p>\n<table style=\"width: 500px;\" border=\"1\" cellspacing=\"1\" cellpadding=\"1\">\n<thead>\n<tr>\n<th colspan=\"2\" scope=\"col\">Allemagne, Italie, Espagne, Gr\u00e8ce, Luxembourg, Autriche, Portugal, Belgique, Pays-bas, Royaume-Uni, Ireland, Danemark, Finlande<\/th>\n<\/tr>\n<\/thead>\n<tbody>\n<tr>\n<td style=\"text-align: center;\"><strong>Bouteilles 75 cl<\/strong><\/td>\n<td style=\"text-align: center;\"><strong>Prix (EUR)<\/strong><\/td>\n<\/tr>\n<tr>\n<td style=\"text-align: center;\">1-6<\/td>\n<td style=\"text-align: center;\">17<\/td>\n<\/tr>\n<tr>\n<td style=\"text-align: center;\">7-12<\/td>\n<td style=\"text-align: center;\">25<\/td>\n<\/tr>\n<tr>\n<td style=\"text-align: center;\">13-18<\/td>\n<td style=\"text-align: center;\">30<\/td>\n<\/tr>\n<tr>\n<td style=\"text-align: center;\">19-24<\/td>\n<td style=\"text-align: center;\">45<\/td>\n<\/tr>\n<tr>\n<td style=\"text-align: center;\">25-30<\/td>\n<td style=\"text-align: center;\">55<\/td>\n<\/tr>\n<tr>\n<td style=\"text-align: center;\">31-36<\/td>\n<td style=\"text-align: center;\">65<\/td>\n<\/tr>\n<tr>\n<td style=\"text-align: center;\">37-42<\/td>\n<td style=\"text-align: center;\">75<\/td>\n<\/tr>\n<tr>\n<td style=\"text-align: center;\">43-48<\/td>\n<td style=\"text-align: center;\">80<\/td>\n<\/tr>\n<tr>\n<td style=\"text-align: center;\">49-54<\/td>\n<td style=\"text-align: center;\">85<\/td>\n<\/tr>\n<tr>\n<td style=\"text-align: center;\" colspan=\"2\">Transport gratuit \u00e0 partir de 500 \u20ac TTC<\/td>\n<\/tr>\n<\/tbody>\n<\/table>\n<p>&nbsp;<\/p>\n<table style=\"width: 500px;\" border=\"1\" cellspacing=\"1\" cellpadding=\"1\">\n<tbody>\n<tr>\n<th colspan=\"2\" scope=\"col\">Royaume-Uni<\/th>\n<\/tr>\n<\/tbody>\n<tbody>\n<tr>\n<td style=\"text-align: center;\"><strong>Bouteilles 75 cl<\/strong><\/td>\n<td style=\"text-align: center;\"><strong>Prix (EUR)<\/strong><\/td>\n<\/tr>\n<tr>\n<td style=\"text-align: center;\">1-6<\/td>\n<td style=\"text-align: center;\">26<\/td>\n<\/tr>\n<tr>\n<td style=\"text-align: center;\">7-12<\/td>\n<td style=\"text-align: center;\">40<\/td>\n<\/tr>\n<tr>\n<td style=\"text-align: center;\">13-18<\/td>\n<td style=\"text-align: center;\">56<\/td>\n<\/tr>\n<tr>\n<td style=\"text-align: center;\">19-24<\/td>\n<td style=\"text-align: center;\">70<\/td>\n<\/tr>\n<tr>\n<td style=\"text-align: center;\">25-30<\/td>\n<td style=\"text-align: center;\">95<\/td>\n<\/tr>\n<tr>\n<td style=\"text-align: center;\">31-36<\/td>\n<td style=\"text-align: center;\">105<\/td>\n<\/tr>\n<tr>\n<td style=\"text-align: center;\">37-42<\/td>\n<td style=\"text-align: center;\">110<\/td>\n<\/tr>\n<tr>\n<td style=\"text-align: center;\">43-48<\/td>\n<td style=\"text-align: center;\">115<\/td>\n<\/tr>\n<tr>\n<td style=\"text-align: center;\">49-54<\/td>\n<td style=\"text-align: center;\">120<\/td>\n<\/tr>\n<tr>\n<td style=\"text-align: center;\" colspan=\"2\">Transport gratuit \u00e0 partir de 800 \u20ac TTC<\/td>\n<\/tr>\n<\/tbody>\n<\/table>\n<p>&nbsp;<\/p>\n<table style=\"width: 500px;\" border=\"1\" cellspacing=\"1\" cellpadding=\"1\">\n<thead>\n<tr>\n<th colspan=\"2\" scope=\"col\">Chypre, Malte<\/th>\n<\/tr>\n<\/thead>\n<tbody>\n<tr>\n<td style=\"text-align: center;\"><strong>Bouteilles 75 cl<\/strong><\/td>\n<td style=\"text-align: center;\"><strong>Prix (EUR)<\/strong><\/td>\n<\/tr>\n<tr>\n<td style=\"text-align: center;\">1-6<\/td>\n<td style=\"text-align: center;\">42<\/td>\n<\/tr>\n<tr>\n<td style=\"text-align: center;\">7-12<\/td>\n<td style=\"text-align: center;\">65<\/td>\n<\/tr>\n<tr>\n<td style=\"text-align: center;\">13-18<\/td>\n<td style=\"text-align: center;\">75<\/td>\n<\/tr>\n<tr>\n<td style=\"text-align: center;\">19-24<\/td>\n<td style=\"text-align: center;\">125<\/td>\n<\/tr>\n<tr>\n<td style=\"text-align: center;\">25-30<\/td>\n<td style=\"text-align: center;\">135<\/td>\n<\/tr>\n<tr>\n<td style=\"text-align: center;\">31-36<\/td>\n<td style=\"text-align: center;\">145<\/td>\n<\/tr>\n<tr>\n<td style=\"text-align: center;\">37-42<\/td>\n<td style=\"text-align: center;\">160<\/td>\n<\/tr>\n<tr>\n<td style=\"text-align: center;\">43-48<\/td>\n<td style=\"text-align: center;\">230<\/td>\n<\/tr>\n<tr>\n<td style=\"text-align: center;\">49-54<\/td>\n<td style=\"text-align: center;\">300<\/td>\n<\/tr>\n<tr>\n<td style=\"text-align: center;\" colspan=\"2\">Transport gratuit \u00e0 partir de 1200 \u20ac TTC<\/td>\n<\/tr>\n<\/tbody>\n<\/table>\n<p>&nbsp;<\/p>\n<table style=\"width: 500px;\" border=\"1\" cellspacing=\"1\" cellpadding=\"1\">\n<thead>\n<tr>\n<th colspan=\"2\" scope=\"col\">Hongrie, Rep Cz, Slovakie, Slov\u00e9nie, Pologne*, Estonie, Lettonie*, Lithuanie*<\/th>\n<\/tr>\n<\/thead>\n<tbody>\n<tr>\n<td style=\"text-align: center;\"><strong>Bouteilles 75 cl<\/strong><\/td>\n<td style=\"text-align: center;\"><strong>Prix (EUR)<\/strong><\/td>\n<\/tr>\n<tr>\n<td style=\"text-align: center;\">1-6<\/td>\n<td style=\"text-align: center;\">28<\/td>\n<\/tr>\n<tr>\n<td style=\"text-align: center;\">7-12<\/td>\n<td style=\"text-align: center;\">35<\/td>\n<\/tr>\n<tr>\n<td style=\"text-align: center;\">13-18<\/td>\n<td style=\"text-align: center;\">60<\/td>\n<\/tr>\n<tr>\n<td style=\"text-align: center;\">19-24<\/td>\n<td style=\"text-align: center;\">70<\/td>\n<\/tr>\n<tr>\n<td style=\"text-align: center;\">25-30<\/td>\n<td style=\"text-align: center;\">95<\/td>\n<\/tr>\n<tr>\n<td style=\"text-align: center;\">31-36<\/td>\n<td style=\"text-align: center;\">105<\/td>\n<\/tr>\n<tr>\n<td style=\"text-align: center;\">37-42<\/td>\n<td style=\"text-align: center;\">120<\/td>\n<\/tr>\n<tr>\n<td style=\"text-align: center;\">43-48<\/td>\n<td style=\"text-align: center;\">135<\/td>\n<\/tr>\n<tr>\n<td style=\"text-align: center;\">49-54<\/td>\n<td style=\"text-align: center;\">140<\/td>\n<\/tr>\n<tr>\n<td style=\"text-align: center;\" colspan=\"2\">Transport gratuit \u00e0 partir de 800 \u20ac TTC<\/td>\n<\/tr>\n<\/tbody>\n<\/table>\n<p>&nbsp;<\/p>\n<table style=\"width: 500px;\" border=\"1\" cellspacing=\"1\" cellpadding=\"1\">\n<thead>\n<tr>\n<th colspan=\"2\" scope=\"col\">Suisse, Liechtenstein<\/th>\n<\/tr>\n<\/thead>\n<tbody>\n<tr>\n<td style=\"text-align: center;\"><strong>Bouteilles 75 cl<\/strong><\/td>\n<td style=\"text-align: center;\"><strong>Prix (EUR)<\/strong><\/td>\n<\/tr>\n<tr>\n<td style=\"text-align: center;\">1-6<\/td>\n<td style=\"text-align: center;\">40<\/td>\n<\/tr>\n<tr>\n<td style=\"text-align: center;\">7-12<\/td>\n<td style=\"text-align: center;\">55<\/td>\n<\/tr>\n<tr>\n<td style=\"text-align: center;\">13-18<\/td>\n<td style=\"text-align: center;\">70<\/td>\n<\/tr>\n<tr>\n<td style=\"text-align: center;\">19-24<\/td>\n<td style=\"text-align: center;\">80<\/td>\n<\/tr>\n<tr>\n<td style=\"text-align: center;\">25-30<\/td>\n<td style=\"text-align: center;\">115<\/td>\n<\/tr>\n<tr>\n<td style=\"text-align: center;\">31-36<\/td>\n<td style=\"text-align: center;\">120<\/td>\n<\/tr>\n<tr>\n<td style=\"text-align: center;\">37-42<\/td>\n<td style=\"text-align: center;\">130<\/td>\n<\/tr>\n<tr>\n<td style=\"text-align: center;\">43-48<\/td>\n<td style=\"text-align: center;\">155<\/td>\n<\/tr>\n<tr>\n<td style=\"text-align: center;\">49-54<\/td>\n<td style=\"text-align: center;\">170<\/td>\n<\/tr>\n<tr>\n<td style=\"text-align: center;\" colspan=\"2\">Transport gratuit \u00e0 partir de 1000 \u20ac TTC<\/td>\n<\/tr>\n<\/tbody>\n<\/table>\n<p>[\/vc_column_text][\/vc_column][\/vc_row]<\/p>\n<\/div>","protected":false},"excerpt":{"rendered":"<p>[vc_row][vc_column][vc_column_text] FRAIS DE LIVRAISON [\/vc_column_text][vc_separator color=&#8221;custom&#8221; style=&#8221;double&#8221; border_width=&#8221;8&#8243; accent_color=&#8221;#e6e6e8&#8243;][\/vc_column][\/vc_row][vc_row][vc_column][vc_column_text css=&#8221;&#8221;]Veuillez trouver ci-dessous les frais de transport pour l&#8217;exp\u00e9dition de vos achats, de notre entrep\u00f4t \u00e0 la destination de votre choix, que nous vous proposons. Nous utilisons diff\u00e9rentes compagnies de transport comme DHL, UPS, TNT et Chronopost. Si vous s\u00e9lectionnez la livraison classique pour votre commande, [&hellip;]<\/p>\n","protected":false},"author":1746,"featured_media":0,"parent":0,"menu_order":0,"comment_status":"open","ping_status":"closed","template":"","meta":{"_monsterinsights_skip_tracking":false,"_monsterinsights_sitenote_active":false,"_monsterinsights_sitenote_note":"","_monsterinsights_sitenote_category":0,"_uf_show_specific_survey":0,"_uf_disable_surveys":false,"footnotes":""},"class_list":["post-68156","page","type-page","status-publish","hentry"],"yoast_head":"<!-- This site is optimized with the Yoast SEO plugin v27.4 - https:\/\/yoast.com\/product\/yoast-seo-wordpress\/ -->\n<title>Frais de livraison - IVINIO Caviste<\/title>\n<meta name=\"robots\" content=\"index, follow, max-snippet:-1, max-image-preview:large, max-video-preview:-1\" \/>\n<link rel=\"canonical\" href=\"https:\/\/www.ivinio.com\/fr\/frais-de-livraison\/\" \/>\n<meta property=\"og:locale\" content=\"fr_FR\" \/>\n<meta property=\"og:type\" content=\"article\" \/>\n<meta property=\"og:title\" content=\"Frais de livraison - IVINIO Caviste\" \/>\n<meta property=\"og:description\" content=\"[vc_row][vc_column][vc_column_text] FRAIS DE LIVRAISON [\/vc_column_text][vc_separator color=&#8221;custom&#8221; style=&#8221;double&#8221; border_width=&#8221;8&#8243; accent_color=&#8221;#e6e6e8&#8243;][\/vc_column][\/vc_row][vc_row][vc_column][vc_column_text css=&#8221;&#8221;]Veuillez trouver ci-dessous les frais de transport pour l&#8217;exp\u00e9dition de vos achats, de notre entrep\u00f4t \u00e0 la destination de votre choix, que nous vous proposons. Nous utilisons diff\u00e9rentes compagnies de transport comme DHL, UPS, TNT et Chronopost. Si vous s\u00e9lectionnez la livraison classique pour votre commande, [&hellip;]\" \/>\n<meta property=\"og:url\" content=\"https:\/\/www.ivinio.com\/fr\/frais-de-livraison\/\" \/>\n<meta property=\"og:site_name\" content=\"IVINIO Caviste\" \/>\n<meta property=\"article:publisher\" content=\"https:\/\/www.facebook.com\/groups\/165217837022391\/?ref=bookmarks\" \/>\n<meta property=\"article:modified_time\" content=\"2025-06-02T17:21:27+00:00\" \/>\n<meta name=\"twitter:card\" content=\"summary_large_image\" \/>\n<meta name=\"twitter:label1\" content=\"Dur\u00e9e de lecture estim\u00e9e\" \/>\n\t<meta name=\"twitter:data1\" content=\"3 minutes\" \/>\n<script type=\"application\/ld+json\" class=\"yoast-schema-graph\">{\"@context\":\"https:\\\/\\\/schema.org\",\"@graph\":[{\"@type\":\"WebPage\",\"@id\":\"https:\\\/\\\/www.ivinio.com\\\/fr\\\/frais-de-livraison\\\/\",\"url\":\"https:\\\/\\\/www.ivinio.com\\\/fr\\\/frais-de-livraison\\\/\",\"name\":\"Frais de livraison - IVINIO Caviste\",\"isPartOf\":{\"@id\":\"https:\\\/\\\/www.ivinio.com\\\/fr\\\/#website\"},\"datePublished\":\"2014-08-19T11:53:41+00:00\",\"dateModified\":\"2025-06-02T17:21:27+00:00\",\"breadcrumb\":{\"@id\":\"https:\\\/\\\/www.ivinio.com\\\/fr\\\/frais-de-livraison\\\/#breadcrumb\"},\"inLanguage\":\"fr-FR\",\"potentialAction\":[{\"@type\":\"ReadAction\",\"target\":[\"https:\\\/\\\/www.ivinio.com\\\/fr\\\/frais-de-livraison\\\/\"]}]},{\"@type\":\"BreadcrumbList\",\"@id\":\"https:\\\/\\\/www.ivinio.com\\\/fr\\\/frais-de-livraison\\\/#breadcrumb\",\"itemListElement\":[{\"@type\":\"ListItem\",\"position\":1,\"name\":\"Home\",\"item\":\"https:\\\/\\\/www.ivinio.com\\\/fr\\\/\"},{\"@type\":\"ListItem\",\"position\":2,\"name\":\"Frais de livraison\"}]},{\"@type\":\"WebSite\",\"@id\":\"https:\\\/\\\/www.ivinio.com\\\/fr\\\/#website\",\"url\":\"https:\\\/\\\/www.ivinio.com\\\/fr\\\/\",\"name\":\"IVINIO Caviste\",\"description\":\"Vins de France et d&#039;Italie avec livraison \u00e0 domicile\",\"publisher\":{\"@id\":\"https:\\\/\\\/www.ivinio.com\\\/fr\\\/#organization\"},\"potentialAction\":[{\"@type\":\"SearchAction\",\"target\":{\"@type\":\"EntryPoint\",\"urlTemplate\":\"https:\\\/\\\/www.ivinio.com\\\/fr\\\/?s={search_term_string}\"},\"query-input\":{\"@type\":\"PropertyValueSpecification\",\"valueRequired\":true,\"valueName\":\"search_term_string\"}}],\"inLanguage\":\"fr-FR\"},{\"@type\":\"Organization\",\"@id\":\"https:\\\/\\\/www.ivinio.com\\\/fr\\\/#organization\",\"name\":\"IVINIO\",\"url\":\"https:\\\/\\\/www.ivinio.com\\\/fr\\\/\",\"logo\":{\"@type\":\"ImageObject\",\"inLanguage\":\"fr-FR\",\"@id\":\"https:\\\/\\\/www.ivinio.com\\\/fr\\\/#\\\/schema\\\/logo\\\/image\\\/\",\"url\":\"https:\\\/\\\/www.ivinio.com\\\/wp-content\\\/uploads\\\/2021\\\/01\\\/Logo-Ivinio-v2.jpg\",\"contentUrl\":\"https:\\\/\\\/www.ivinio.com\\\/wp-content\\\/uploads\\\/2021\\\/01\\\/Logo-Ivinio-v2.jpg\",\"width\":1194,\"height\":1194,\"caption\":\"IVINIO\"},\"image\":{\"@id\":\"https:\\\/\\\/www.ivinio.com\\\/fr\\\/#\\\/schema\\\/logo\\\/image\\\/\"},\"sameAs\":[\"https:\\\/\\\/www.facebook.com\\\/groups\\\/165217837022391\\\/?ref=bookmarks\",\"https:\\\/\\\/www.instagram.com\\\/_ivinio_\\\/?hl=fr\"]}]}<\/script>\n<!-- \/ Yoast SEO plugin. -->","yoast_head_json":{"title":"Frais de livraison - IVINIO Caviste","robots":{"index":"index","follow":"follow","max-snippet":"max-snippet:-1","max-image-preview":"max-image-preview:large","max-video-preview":"max-video-preview:-1"},"canonical":"https:\/\/www.ivinio.com\/fr\/frais-de-livraison\/","og_locale":"fr_FR","og_type":"article","og_title":"Frais de livraison - IVINIO Caviste","og_description":"[vc_row][vc_column][vc_column_text] FRAIS DE LIVRAISON [\/vc_column_text][vc_separator color=&#8221;custom&#8221; style=&#8221;double&#8221; border_width=&#8221;8&#8243; accent_color=&#8221;#e6e6e8&#8243;][\/vc_column][\/vc_row][vc_row][vc_column][vc_column_text css=&#8221;&#8221;]Veuillez trouver ci-dessous les frais de transport pour l&#8217;exp\u00e9dition de vos achats, de notre entrep\u00f4t \u00e0 la destination de votre choix, que nous vous proposons. Nous utilisons diff\u00e9rentes compagnies de transport comme DHL, UPS, TNT et Chronopost. Si vous s\u00e9lectionnez la livraison classique pour votre commande, [&hellip;]","og_url":"https:\/\/www.ivinio.com\/fr\/frais-de-livraison\/","og_site_name":"IVINIO Caviste","article_publisher":"https:\/\/www.facebook.com\/groups\/165217837022391\/?ref=bookmarks","article_modified_time":"2025-06-02T17:21:27+00:00","twitter_card":"summary_large_image","twitter_misc":{"Dur\u00e9e de lecture estim\u00e9e":"3 minutes"},"schema":{"@context":"https:\/\/schema.org","@graph":[{"@type":"WebPage","@id":"https:\/\/www.ivinio.com\/fr\/frais-de-livraison\/","url":"https:\/\/www.ivinio.com\/fr\/frais-de-livraison\/","name":"Frais de livraison - IVINIO Caviste","isPartOf":{"@id":"https:\/\/www.ivinio.com\/fr\/#website"},"datePublished":"2014-08-19T11:53:41+00:00","dateModified":"2025-06-02T17:21:27+00:00","breadcrumb":{"@id":"https:\/\/www.ivinio.com\/fr\/frais-de-livraison\/#breadcrumb"},"inLanguage":"fr-FR","potentialAction":[{"@type":"ReadAction","target":["https:\/\/www.ivinio.com\/fr\/frais-de-livraison\/"]}]},{"@type":"BreadcrumbList","@id":"https:\/\/www.ivinio.com\/fr\/frais-de-livraison\/#breadcrumb","itemListElement":[{"@type":"ListItem","position":1,"name":"Home","item":"https:\/\/www.ivinio.com\/fr\/"},{"@type":"ListItem","position":2,"name":"Frais de livraison"}]},{"@type":"WebSite","@id":"https:\/\/www.ivinio.com\/fr\/#website","url":"https:\/\/www.ivinio.com\/fr\/","name":"IVINIO Caviste","description":"Vins de France et d&#039;Italie avec livraison \u00e0 domicile","publisher":{"@id":"https:\/\/www.ivinio.com\/fr\/#organization"},"potentialAction":[{"@type":"SearchAction","target":{"@type":"EntryPoint","urlTemplate":"https:\/\/www.ivinio.com\/fr\/?s={search_term_string}"},"query-input":{"@type":"PropertyValueSpecification","valueRequired":true,"valueName":"search_term_string"}}],"inLanguage":"fr-FR"},{"@type":"Organization","@id":"https:\/\/www.ivinio.com\/fr\/#organization","name":"IVINIO","url":"https:\/\/www.ivinio.com\/fr\/","logo":{"@type":"ImageObject","inLanguage":"fr-FR","@id":"https:\/\/www.ivinio.com\/fr\/#\/schema\/logo\/image\/","url":"https:\/\/www.ivinio.com\/wp-content\/uploads\/2021\/01\/Logo-Ivinio-v2.jpg","contentUrl":"https:\/\/www.ivinio.com\/wp-content\/uploads\/2021\/01\/Logo-Ivinio-v2.jpg","width":1194,"height":1194,"caption":"IVINIO"},"image":{"@id":"https:\/\/www.ivinio.com\/fr\/#\/schema\/logo\/image\/"},"sameAs":["https:\/\/www.facebook.com\/groups\/165217837022391\/?ref=bookmarks","https:\/\/www.instagram.com\/_ivinio_\/?hl=fr"]}]}},"jetpack_shortlink":"https:\/\/wp.me\/PcK36q-hJi","jetpack_sharing_enabled":true,"_links":{"self":[{"href":"https:\/\/www.ivinio.com\/fr\/wp-json\/wp\/v2\/pages\/68156","targetHints":{"allow":["GET"]}}],"collection":[{"href":"https:\/\/www.ivinio.com\/fr\/wp-json\/wp\/v2\/pages"}],"about":[{"href":"https:\/\/www.ivinio.com\/fr\/wp-json\/wp\/v2\/types\/page"}],"author":[{"embeddable":true,"href":"https:\/\/www.ivinio.com\/fr\/wp-json\/wp\/v2\/users\/1746"}],"replies":[{"embeddable":true,"href":"https:\/\/www.ivinio.com\/fr\/wp-json\/wp\/v2\/comments?post=68156"}],"version-history":[{"count":1,"href":"https:\/\/www.ivinio.com\/fr\/wp-json\/wp\/v2\/pages\/68156\/revisions"}],"predecessor-version":[{"id":138283,"href":"https:\/\/www.ivinio.com\/fr\/wp-json\/wp\/v2\/pages\/68156\/revisions\/138283"}],"wp:attachment":[{"href":"https:\/\/www.ivinio.com\/fr\/wp-json\/wp\/v2\/media?parent=68156"}],"curies":[{"name":"wp","href":"https:\/\/api.w.org\/{rel}","templated":true}]}}