{"id":68144,"date":"2014-05-30T17:22:33","date_gmt":"2014-05-30T15:22:33","guid":{"rendered":"https:\/\/henrik.www.ivinio.com\/?p=68144"},"modified":"2021-11-06T12:56:00","modified_gmt":"2021-11-06T11:56:00","slug":"fr-les-pouilles-campania","status":"publish","type":"page","link":"https:\/\/www.ivinio.com\/fr\/fr-les-pouilles-campania\/","title":{"rendered":"Les Pouilles &#8211; La Campanie"},"content":{"rendered":"<div class=\"wpb-content-wrapper\"><p>[vc_row][vc_column][vc_column_text css_animation=&#8221;none&#8221;]<img decoding=\"async\" class=\"alignright wp-image-128112 size-full lazyload\" data-src=\"https:\/\/www.ivinio.com\/wp-content\/uploads\/2021\/09\/mimmo-miccolis-SZbeIIZiDFE-unsplash.jpg\" alt=\"Valle d'itria - vignobles des Pouilles et la Campanie\" width=\"640\" height=\"426\" data-srcset=\"https:\/\/www.ivinio.com\/wp-content\/uploads\/2021\/09\/mimmo-miccolis-SZbeIIZiDFE-unsplash.jpg 640w, https:\/\/www.ivinio.com\/wp-content\/uploads\/2021\/09\/mimmo-miccolis-SZbeIIZiDFE-unsplash-300x200.jpg 300w, https:\/\/www.ivinio.com\/wp-content\/uploads\/2021\/09\/mimmo-miccolis-SZbeIIZiDFE-unsplash-500x333.jpg 500w\" data-sizes=\"(max-width: 640px) 100vw, 640px\" src=\"data:image\/gif;base64,R0lGODlhAQABAAAAACH5BAEKAAEALAAAAAABAAEAAAICTAEAOw==\" style=\"--smush-placeholder-width: 640px; --smush-placeholder-aspect-ratio: 640\/426;\" \/><\/p>\n<p>Les Pouilles repr\u00e9sentent le talon de la formation de bottes italiennes et sont donc la partie la plus au sud-est de l&#8217;Italie.<br \/>\nLa Calabre et la Sicile se trouvent certes plus au sud, mais dans une direction sud-ouest.<\/p>\n<p>La vigne existait probablement dans les Pouilles avant les Grecs, bien que ce soient ces derniers qui ont apport\u00e9 les c\u00e9pages bien connus <a href=\"https:\/\/www.ivinio.com\/en\/product\/vinosia-orus-negroamaro-salento-igt-2017-red\/\">Negroamaro<\/a> et Uva di Troia dans les Pouilles.<\/p>\n<p>Comme dans la plupart des r\u00e9gions, la viticulture a pris de l&#8217;ampleur avec l&#8217;arriv\u00e9e des Romains.<br \/>\nLes Pouilles sont l&#8217;une des r\u00e9gions les plus importantes d&#8217;Italie en termes de volume.<\/p>\n<p>Une grande partie a \u00e9t\u00e9 historiquement utilis\u00e9e pour m\u00e9langer des vins plus l\u00e9gers du nord qui manquaient de puissance et de titre alcoom\u00e9trique.<\/p>\n<p>Au cours des derni\u00e8res d\u00e9cennies, cependant, davantage de travail a \u00e9t\u00e9 consacr\u00e9 \u00e0 la qualit\u00e9.<\/p>\n<p>Le r\u00e9sultat s&#8217;est av\u00e9r\u00e9 tr\u00e8s favorable et aujourd&#8217;hui les vins des Pouilles sont devenus tr\u00e8s populaires dans le monde entier.<\/p>\n<p>Environ 4,9 millions d&#8217;hectolitres de vin sont produits dans les Pouilles sur 87 000 hectares de terres.<\/p>\n<p>65% des vins sont rouges ou ros\u00e9s et 35% s<\/p>\n<p>ont blancs.<\/p>\n<p>La majeure partie de la production est constitu\u00e9e de vins vari\u00e9s et les c\u00e9pages les plus couramment utilis\u00e9s pour les vins rouges sont le Primitivo, le Negroamaro et l&#8217;Uva di Troia, mais l&#8217;Aglianico, le Sangiovese, le Malvasia Nera, le Montepulciano, l&#8217;Aleatico, le <a href=\"https:\/\/fr.wikipedia.org\/wiki\/Bombino_nero\">Bombino Nero,<\/a> le Susumaniello et l&#8217;Ottavianello sont \u00e9galement cultiv\u00e9s. .<\/p>\n<p>Pour les vins blancs, on utilise Malvasia bianca, Fiano, Bombino Bianco, Verdeca, Falanghina, Bianco d&#8217;Alessano, Pampanuto, Moscato et Chardonnay, dont ces deux derniers n&#8217;ont aucun lien historique avec les Pouilles.[\/vc_column_text][\/vc_column][\/vc_row]<\/p>\n<\/div>","protected":false},"excerpt":{"rendered":"<p>[vc_row][vc_column][vc_column_text css_animation=&#8221;none&#8221;] Les Pouilles repr\u00e9sentent le talon de la formation de bottes italiennes et sont donc la partie la plus au sud-est de l&#8217;Italie. La Calabre et la Sicile se trouvent certes plus au sud, mais dans une direction sud-ouest. La vigne existait probablement dans les Pouilles avant les Grecs, bien que ce soient ces [&hellip;]<\/p>\n","protected":false},"author":1746,"featured_media":0,"parent":0,"menu_order":0,"comment_status":"open","ping_status":"closed","template":"","meta":{"_monsterinsights_skip_tracking":false,"_monsterinsights_sitenote_active":false,"_monsterinsights_sitenote_note":"","_monsterinsights_sitenote_category":0,"_uf_show_specific_survey":0,"_uf_disable_surveys":false,"footnotes":""},"class_list":["post-68144","page","type-page","status-publish","hentry"],"yoast_head":"<!-- This site is optimized with the Yoast SEO plugin v27.3 - https:\/\/yoast.com\/product\/yoast-seo-wordpress\/ -->\n<title>Les vignobles des Pouilles et la Campanie - IVINIO Wine Shop<\/title>\n<meta name=\"description\" content=\"Les vignobles des Pouilles et la Campanie. En savoir plus sur les r\u00e9gions viticoles des Pouilles et la Campanie avec ses vins, ses c\u00e9pages.\" \/>\n<meta name=\"robots\" content=\"index, follow, max-snippet:-1, max-image-preview:large, max-video-preview:-1\" \/>\n<link rel=\"canonical\" href=\"https:\/\/www.ivinio.com\/fr\/fr-les-pouilles-campania\/\" \/>\n<meta property=\"og:locale\" content=\"fr_FR\" \/>\n<meta property=\"og:type\" content=\"article\" \/>\n<meta property=\"og:title\" content=\"Les vignobles des Pouilles et la Campanie - IVINIO Wine Shop\" \/>\n<meta property=\"og:description\" content=\"Les vignobles des Pouilles et la Campanie. En savoir plus sur les r\u00e9gions viticoles des Pouilles et la Campanie avec ses vins, ses c\u00e9pages.\" \/>\n<meta property=\"og:url\" content=\"https:\/\/www.ivinio.com\/fr\/fr-les-pouilles-campania\/\" \/>\n<meta property=\"og:site_name\" content=\"IVINIO Wine Shop\" \/>\n<meta property=\"article:publisher\" content=\"https:\/\/www.facebook.com\/groups\/165217837022391\/?ref=bookmarks\" \/>\n<meta property=\"article:modified_time\" content=\"2021-11-06T11:56:00+00:00\" \/>\n<meta property=\"og:image\" content=\"https:\/\/www.ivinio.com\/wp-content\/uploads\/2021\/09\/mimmo-miccolis-SZbeIIZiDFE-unsplash.jpg\" \/>\n<meta name=\"twitter:card\" content=\"summary_large_image\" \/>\n<meta name=\"twitter:label1\" content=\"Dur\u00e9e de lecture estim\u00e9e\" \/>\n\t<meta name=\"twitter:data1\" content=\"2 minutes\" \/>\n<script type=\"application\/ld+json\" class=\"yoast-schema-graph\">{\"@context\":\"https:\\\/\\\/schema.org\",\"@graph\":[{\"@type\":\"WebPage\",\"@id\":\"https:\\\/\\\/www.ivinio.com\\\/fr\\\/fr-les-pouilles-campania\\\/\",\"url\":\"https:\\\/\\\/www.ivinio.com\\\/fr\\\/fr-les-pouilles-campania\\\/\",\"name\":\"Les vignobles des Pouilles et la Campanie - IVINIO Wine Shop\",\"isPartOf\":{\"@id\":\"https:\\\/\\\/www.ivinio.com\\\/fr\\\/#website\"},\"primaryImageOfPage\":{\"@id\":\"https:\\\/\\\/www.ivinio.com\\\/fr\\\/fr-les-pouilles-campania\\\/#primaryimage\"},\"image\":{\"@id\":\"https:\\\/\\\/www.ivinio.com\\\/fr\\\/fr-les-pouilles-campania\\\/#primaryimage\"},\"thumbnailUrl\":\"https:\\\/\\\/www.ivinio.com\\\/wp-content\\\/uploads\\\/2021\\\/09\\\/mimmo-miccolis-SZbeIIZiDFE-unsplash.jpg\",\"datePublished\":\"2014-05-30T15:22:33+00:00\",\"dateModified\":\"2021-11-06T11:56:00+00:00\",\"description\":\"Les vignobles des Pouilles et la Campanie. En savoir plus sur les r\u00e9gions viticoles des Pouilles et la Campanie avec ses vins, ses c\u00e9pages.\",\"breadcrumb\":{\"@id\":\"https:\\\/\\\/www.ivinio.com\\\/fr\\\/fr-les-pouilles-campania\\\/#breadcrumb\"},\"inLanguage\":\"fr-FR\",\"potentialAction\":[{\"@type\":\"ReadAction\",\"target\":[\"https:\\\/\\\/www.ivinio.com\\\/fr\\\/fr-les-pouilles-campania\\\/\"]}]},{\"@type\":\"ImageObject\",\"inLanguage\":\"fr-FR\",\"@id\":\"https:\\\/\\\/www.ivinio.com\\\/fr\\\/fr-les-pouilles-campania\\\/#primaryimage\",\"url\":\"https:\\\/\\\/www.ivinio.com\\\/wp-content\\\/uploads\\\/2021\\\/09\\\/mimmo-miccolis-SZbeIIZiDFE-unsplash.jpg\",\"contentUrl\":\"https:\\\/\\\/www.ivinio.com\\\/wp-content\\\/uploads\\\/2021\\\/09\\\/mimmo-miccolis-SZbeIIZiDFE-unsplash.jpg\"},{\"@type\":\"BreadcrumbList\",\"@id\":\"https:\\\/\\\/www.ivinio.com\\\/fr\\\/fr-les-pouilles-campania\\\/#breadcrumb\",\"itemListElement\":[{\"@type\":\"ListItem\",\"position\":1,\"name\":\"Home\",\"item\":\"https:\\\/\\\/www.ivinio.com\\\/fr\\\/\"},{\"@type\":\"ListItem\",\"position\":2,\"name\":\"Les Pouilles &#8211; La Campanie\"}]},{\"@type\":\"WebSite\",\"@id\":\"https:\\\/\\\/www.ivinio.com\\\/fr\\\/#website\",\"url\":\"https:\\\/\\\/www.ivinio.com\\\/fr\\\/\",\"name\":\"IVINIO Wine Shop\",\"description\":\"French and Italian wines with delivery to your door\",\"publisher\":{\"@id\":\"https:\\\/\\\/www.ivinio.com\\\/fr\\\/#organization\"},\"potentialAction\":[{\"@type\":\"SearchAction\",\"target\":{\"@type\":\"EntryPoint\",\"urlTemplate\":\"https:\\\/\\\/www.ivinio.com\\\/fr\\\/?s={search_term_string}\"},\"query-input\":{\"@type\":\"PropertyValueSpecification\",\"valueRequired\":true,\"valueName\":\"search_term_string\"}}],\"inLanguage\":\"fr-FR\"},{\"@type\":\"Organization\",\"@id\":\"https:\\\/\\\/www.ivinio.com\\\/fr\\\/#organization\",\"name\":\"IVINIO\",\"url\":\"https:\\\/\\\/www.ivinio.com\\\/fr\\\/\",\"logo\":{\"@type\":\"ImageObject\",\"inLanguage\":\"fr-FR\",\"@id\":\"https:\\\/\\\/www.ivinio.com\\\/fr\\\/#\\\/schema\\\/logo\\\/image\\\/\",\"url\":\"https:\\\/\\\/www.ivinio.com\\\/wp-content\\\/uploads\\\/2021\\\/01\\\/Logo-Ivinio-v2.jpg\",\"contentUrl\":\"https:\\\/\\\/www.ivinio.com\\\/wp-content\\\/uploads\\\/2021\\\/01\\\/Logo-Ivinio-v2.jpg\",\"width\":1194,\"height\":1194,\"caption\":\"IVINIO\"},\"image\":{\"@id\":\"https:\\\/\\\/www.ivinio.com\\\/fr\\\/#\\\/schema\\\/logo\\\/image\\\/\"},\"sameAs\":[\"https:\\\/\\\/www.facebook.com\\\/groups\\\/165217837022391\\\/?ref=bookmarks\",\"https:\\\/\\\/www.instagram.com\\\/_ivinio_\\\/?hl=fr\"]}]}<\/script>\n<!-- \/ Yoast SEO plugin. -->","yoast_head_json":{"title":"Les vignobles des Pouilles et la Campanie - IVINIO Wine Shop","description":"Les vignobles des Pouilles et la Campanie. En savoir plus sur les r\u00e9gions viticoles des Pouilles et la Campanie avec ses vins, ses c\u00e9pages.","robots":{"index":"index","follow":"follow","max-snippet":"max-snippet:-1","max-image-preview":"max-image-preview:large","max-video-preview":"max-video-preview:-1"},"canonical":"https:\/\/www.ivinio.com\/fr\/fr-les-pouilles-campania\/","og_locale":"fr_FR","og_type":"article","og_title":"Les vignobles des Pouilles et la Campanie - IVINIO Wine Shop","og_description":"Les vignobles des Pouilles et la Campanie. En savoir plus sur les r\u00e9gions viticoles des Pouilles et la Campanie avec ses vins, ses c\u00e9pages.","og_url":"https:\/\/www.ivinio.com\/fr\/fr-les-pouilles-campania\/","og_site_name":"IVINIO Wine Shop","article_publisher":"https:\/\/www.facebook.com\/groups\/165217837022391\/?ref=bookmarks","article_modified_time":"2021-11-06T11:56:00+00:00","og_image":[{"url":"https:\/\/www.ivinio.com\/wp-content\/uploads\/2021\/09\/mimmo-miccolis-SZbeIIZiDFE-unsplash.jpg","type":"","width":"","height":""}],"twitter_card":"summary_large_image","twitter_misc":{"Dur\u00e9e de lecture estim\u00e9e":"2 minutes"},"schema":{"@context":"https:\/\/schema.org","@graph":[{"@type":"WebPage","@id":"https:\/\/www.ivinio.com\/fr\/fr-les-pouilles-campania\/","url":"https:\/\/www.ivinio.com\/fr\/fr-les-pouilles-campania\/","name":"Les vignobles des Pouilles et la Campanie - IVINIO Wine Shop","isPartOf":{"@id":"https:\/\/www.ivinio.com\/fr\/#website"},"primaryImageOfPage":{"@id":"https:\/\/www.ivinio.com\/fr\/fr-les-pouilles-campania\/#primaryimage"},"image":{"@id":"https:\/\/www.ivinio.com\/fr\/fr-les-pouilles-campania\/#primaryimage"},"thumbnailUrl":"https:\/\/www.ivinio.com\/wp-content\/uploads\/2021\/09\/mimmo-miccolis-SZbeIIZiDFE-unsplash.jpg","datePublished":"2014-05-30T15:22:33+00:00","dateModified":"2021-11-06T11:56:00+00:00","description":"Les vignobles des Pouilles et la Campanie. En savoir plus sur les r\u00e9gions viticoles des Pouilles et la Campanie avec ses vins, ses c\u00e9pages.","breadcrumb":{"@id":"https:\/\/www.ivinio.com\/fr\/fr-les-pouilles-campania\/#breadcrumb"},"inLanguage":"fr-FR","potentialAction":[{"@type":"ReadAction","target":["https:\/\/www.ivinio.com\/fr\/fr-les-pouilles-campania\/"]}]},{"@type":"ImageObject","inLanguage":"fr-FR","@id":"https:\/\/www.ivinio.com\/fr\/fr-les-pouilles-campania\/#primaryimage","url":"https:\/\/www.ivinio.com\/wp-content\/uploads\/2021\/09\/mimmo-miccolis-SZbeIIZiDFE-unsplash.jpg","contentUrl":"https:\/\/www.ivinio.com\/wp-content\/uploads\/2021\/09\/mimmo-miccolis-SZbeIIZiDFE-unsplash.jpg"},{"@type":"BreadcrumbList","@id":"https:\/\/www.ivinio.com\/fr\/fr-les-pouilles-campania\/#breadcrumb","itemListElement":[{"@type":"ListItem","position":1,"name":"Home","item":"https:\/\/www.ivinio.com\/fr\/"},{"@type":"ListItem","position":2,"name":"Les Pouilles &#8211; La Campanie"}]},{"@type":"WebSite","@id":"https:\/\/www.ivinio.com\/fr\/#website","url":"https:\/\/www.ivinio.com\/fr\/","name":"IVINIO Wine Shop","description":"French and Italian wines with delivery to your door","publisher":{"@id":"https:\/\/www.ivinio.com\/fr\/#organization"},"potentialAction":[{"@type":"SearchAction","target":{"@type":"EntryPoint","urlTemplate":"https:\/\/www.ivinio.com\/fr\/?s={search_term_string}"},"query-input":{"@type":"PropertyValueSpecification","valueRequired":true,"valueName":"search_term_string"}}],"inLanguage":"fr-FR"},{"@type":"Organization","@id":"https:\/\/www.ivinio.com\/fr\/#organization","name":"IVINIO","url":"https:\/\/www.ivinio.com\/fr\/","logo":{"@type":"ImageObject","inLanguage":"fr-FR","@id":"https:\/\/www.ivinio.com\/fr\/#\/schema\/logo\/image\/","url":"https:\/\/www.ivinio.com\/wp-content\/uploads\/2021\/01\/Logo-Ivinio-v2.jpg","contentUrl":"https:\/\/www.ivinio.com\/wp-content\/uploads\/2021\/01\/Logo-Ivinio-v2.jpg","width":1194,"height":1194,"caption":"IVINIO"},"image":{"@id":"https:\/\/www.ivinio.com\/fr\/#\/schema\/logo\/image\/"},"sameAs":["https:\/\/www.facebook.com\/groups\/165217837022391\/?ref=bookmarks","https:\/\/www.instagram.com\/_ivinio_\/?hl=fr"]}]}},"jetpack_shortlink":"https:\/\/wp.me\/PcK36q-hJ6","jetpack_sharing_enabled":true,"_links":{"self":[{"href":"https:\/\/www.ivinio.com\/fr\/wp-json\/wp\/v2\/pages\/68144","targetHints":{"allow":["GET"]}}],"collection":[{"href":"https:\/\/www.ivinio.com\/fr\/wp-json\/wp\/v2\/pages"}],"about":[{"href":"https:\/\/www.ivinio.com\/fr\/wp-json\/wp\/v2\/types\/page"}],"author":[{"embeddable":true,"href":"https:\/\/www.ivinio.com\/fr\/wp-json\/wp\/v2\/users\/1746"}],"replies":[{"embeddable":true,"href":"https:\/\/www.ivinio.com\/fr\/wp-json\/wp\/v2\/comments?post=68144"}],"version-history":[{"count":0,"href":"https:\/\/www.ivinio.com\/fr\/wp-json\/wp\/v2\/pages\/68144\/revisions"}],"wp:attachment":[{"href":"https:\/\/www.ivinio.com\/fr\/wp-json\/wp\/v2\/media?parent=68144"}],"curies":[{"name":"wp","href":"https:\/\/api.w.org\/{rel}","templated":true}]}}