{"id":68132,"date":"2014-05-30T17:13:43","date_gmt":"2014-05-30T15:13:43","guid":{"rendered":"https:\/\/henrik.www.ivinio.com\/?p=68132"},"modified":"2021-10-09T15:48:00","modified_gmt":"2021-10-09T13:48:00","slug":"fr-sud-ouest","status":"publish","type":"page","link":"https:\/\/www.ivinio.com\/fr\/fr-sud-ouest\/","title":{"rendered":"La r\u00e9gion viticole du sud-ouest"},"content":{"rendered":"<p>Les vin de Sud Ouest de la France sont associ\u00e9s parfois \u00e0 tort aux vins de Bordeaux. Les vins du Sud-Ouest ont\u00a0\u00e9galement longtemps \u00e9t\u00e9 n\u00e9glig\u00e9s. Bordeaux est en fait dans le sud-ouest France, mais ne fait pas partie de\u00a0la cat\u00e9gorie des vins du sud-ouest. Le sud-ouest s&#8217;\u00e9tend g\u00e9ographiquement de la c\u00f4te atlantique \u00e0 Rodez dans le Nord-Est et jusqu&#8217;\u00e0 la fronti\u00e8re espagnole. La r\u00e9gion viticole du sud-ouest est fondamentalement l&#8217;une des plus anciennes de France. L&#8217;insecte le Phylloxera a\u00a0d\u00e9vast\u00e9\u00a0l&#8217;ensemble du district de vin dans les ann\u00e9es 1800 et il a fallu beaucoup de temps pour qu&#8217;il revienne.<\/p>\n<p>Aujourd&#8217;hui la r\u00e9gion comprend des vins tr\u00e8s diff\u00e9rents: la\u00a0vari\u00e9t\u00e9\u00a0climatique, le type et l&#8217;utilisation du sol varie selon l&#8217;endroit o\u00f9 vous \u00eates. I<strong>l y\u00a0a 22 appellations diff\u00e9rentes AOP<\/strong> dont les plus connues sont <strong>Cahors<\/strong>, <strong>Bergerac<\/strong>, <strong>Gaillac<\/strong>, <strong>Fronton<\/strong>, <strong>Buzet<\/strong>, <strong>Madiran<\/strong>, <strong>Juran\u00e7on<\/strong> et <strong>Monbazillac<\/strong>.<\/p>\n<p>Les deux derni\u00e8res appellations\u00a0sont des vins doux de desserts qui s&#8217;apparentent aux\u00a0Sauternes, mais dont le prix est plus attrayant.\u00a0La r\u00e9gion Sud-Ouest a une large gamme de c\u00e9pages. Comme \u00e0 Bordeaux l&#8217;on retrouve le Sauvignon, S\u00e9millon, Ugni Blanc et Muscadelle pour les blancs et le Cabernet Sauvignon, Cabernet Franc, Malbec et Merlot pour les rouges. La r\u00e9gion Languedoc-Roussillon \u00e0 l&#8217;Est a\u00a0\u00a0\u00e9galement une influence avec l&#8217;utilisation des Syrah et Cinsault. Comme si ce n&#8217;\u00e9tait pas suffisant, vous pouvez \u00e9galement trouver des vari\u00e9t\u00e9s locales comme Mansenc, Arrufiac, Courbu, Ondenc, Negrette et beaucoup plus &#8230; Cela donne aux vins du Sud-Ouest un large \u00e9ventail de vins qui r\u00e9pondent certainement \u00e0 la curiosit\u00e9.<\/p>\n","protected":false},"excerpt":{"rendered":"<p>Les vin de Sud Ouest de la France sont associ\u00e9s parfois \u00e0 tort aux vins de Bordeaux. Les vins du Sud-Ouest ont\u00a0\u00e9galement longtemps \u00e9t\u00e9 n\u00e9glig\u00e9s. Bordeaux est en fait dans le sud-ouest France, mais ne fait pas partie de\u00a0la cat\u00e9gorie des vins du sud-ouest. Le sud-ouest s&#8217;\u00e9tend g\u00e9ographiquement de la c\u00f4te atlantique \u00e0 Rodez dans [&hellip;]<\/p>\n","protected":false},"author":1746,"featured_media":0,"parent":0,"menu_order":0,"comment_status":"open","ping_status":"closed","template":"","meta":{"_monsterinsights_skip_tracking":false,"_monsterinsights_sitenote_active":false,"_monsterinsights_sitenote_note":"","_monsterinsights_sitenote_category":0,"_uf_show_specific_survey":0,"_uf_disable_surveys":false,"footnotes":""},"class_list":["post-68132","page","type-page","status-publish","hentry"],"yoast_head":"<!-- This site is optimized with the Yoast SEO plugin v27.5 - https:\/\/yoast.com\/product\/yoast-seo-wordpress\/ -->\n<title>La r\u00e9gion viticole du sud-ouest - IVINIO Caviste<\/title>\n<meta name=\"description\" content=\"La r\u00e9gion viticole du sud-ouest est fondamentalement l&#039;une des plus anciennes de France. Cependant, l&#039;insecte phyllox\u00e9ra a d\u00e9truit toute la r\u00e9gion viticole au XIXe si\u00e8cle et il a mis longtemps \u00e0 revenir. Aujourd&#039;hui, le quartier comprend des vins tr\u00e8s diff\u00e9rents car le climat, le type de sol et les c\u00e9pages utilis\u00e9s varient selon l&#039;endroit o\u00f9 vous vous trouvez.\" \/>\n<meta name=\"robots\" content=\"index, follow, max-snippet:-1, max-image-preview:large, max-video-preview:-1\" \/>\n<link rel=\"canonical\" href=\"https:\/\/www.ivinio.com\/fr\/fr-sud-ouest\/\" \/>\n<meta property=\"og:locale\" content=\"fr_FR\" \/>\n<meta property=\"og:type\" content=\"article\" \/>\n<meta property=\"og:title\" content=\"La r\u00e9gion viticole du sud-ouest - IVINIO Caviste\" \/>\n<meta property=\"og:description\" content=\"La r\u00e9gion viticole du sud-ouest est fondamentalement l&#039;une des plus anciennes de France. Cependant, l&#039;insecte phyllox\u00e9ra a d\u00e9truit toute la r\u00e9gion viticole au XIXe si\u00e8cle et il a mis longtemps \u00e0 revenir. Aujourd&#039;hui, le quartier comprend des vins tr\u00e8s diff\u00e9rents car le climat, le type de sol et les c\u00e9pages utilis\u00e9s varient selon l&#039;endroit o\u00f9 vous vous trouvez.\" \/>\n<meta property=\"og:url\" content=\"https:\/\/www.ivinio.com\/fr\/fr-sud-ouest\/\" \/>\n<meta property=\"og:site_name\" content=\"IVINIO Caviste\" \/>\n<meta property=\"article:publisher\" content=\"https:\/\/www.facebook.com\/groups\/165217837022391\/?ref=bookmarks\" \/>\n<meta property=\"article:modified_time\" content=\"2021-10-09T13:48:00+00:00\" \/>\n<meta name=\"twitter:card\" content=\"summary_large_image\" \/>\n<meta name=\"twitter:label1\" content=\"Dur\u00e9e de lecture estim\u00e9e\" \/>\n\t<meta name=\"twitter:data1\" content=\"1 minute\" \/>\n<script type=\"application\/ld+json\" class=\"yoast-schema-graph\">{\"@context\":\"https:\\\/\\\/schema.org\",\"@graph\":[{\"@type\":\"WebPage\",\"@id\":\"https:\\\/\\\/www.ivinio.com\\\/fr\\\/fr-sud-ouest\\\/\",\"url\":\"https:\\\/\\\/www.ivinio.com\\\/fr\\\/fr-sud-ouest\\\/\",\"name\":\"La r\u00e9gion viticole du sud-ouest - IVINIO Caviste\",\"isPartOf\":{\"@id\":\"https:\\\/\\\/www.ivinio.com\\\/fr\\\/#website\"},\"datePublished\":\"2014-05-30T15:13:43+00:00\",\"dateModified\":\"2021-10-09T13:48:00+00:00\",\"description\":\"La r\u00e9gion viticole du sud-ouest est fondamentalement l'une des plus anciennes de France. Cependant, l'insecte phyllox\u00e9ra a d\u00e9truit toute la r\u00e9gion viticole au XIXe si\u00e8cle et il a mis longtemps \u00e0 revenir. Aujourd'hui, le quartier comprend des vins tr\u00e8s diff\u00e9rents car le climat, le type de sol et les c\u00e9pages utilis\u00e9s varient selon l'endroit o\u00f9 vous vous trouvez.\",\"breadcrumb\":{\"@id\":\"https:\\\/\\\/www.ivinio.com\\\/fr\\\/fr-sud-ouest\\\/#breadcrumb\"},\"inLanguage\":\"fr-FR\",\"potentialAction\":[{\"@type\":\"ReadAction\",\"target\":[\"https:\\\/\\\/www.ivinio.com\\\/fr\\\/fr-sud-ouest\\\/\"]}]},{\"@type\":\"BreadcrumbList\",\"@id\":\"https:\\\/\\\/www.ivinio.com\\\/fr\\\/fr-sud-ouest\\\/#breadcrumb\",\"itemListElement\":[{\"@type\":\"ListItem\",\"position\":1,\"name\":\"Home\",\"item\":\"https:\\\/\\\/www.ivinio.com\\\/fr\\\/\"},{\"@type\":\"ListItem\",\"position\":2,\"name\":\"La r\u00e9gion viticole du sud-ouest\"}]},{\"@type\":\"WebSite\",\"@id\":\"https:\\\/\\\/www.ivinio.com\\\/fr\\\/#website\",\"url\":\"https:\\\/\\\/www.ivinio.com\\\/fr\\\/\",\"name\":\"IVINIO Caviste\",\"description\":\"Vins de France et d&#039;Italie avec livraison \u00e0 domicile\",\"publisher\":{\"@id\":\"https:\\\/\\\/www.ivinio.com\\\/fr\\\/#organization\"},\"potentialAction\":[{\"@type\":\"SearchAction\",\"target\":{\"@type\":\"EntryPoint\",\"urlTemplate\":\"https:\\\/\\\/www.ivinio.com\\\/fr\\\/?s={search_term_string}\"},\"query-input\":{\"@type\":\"PropertyValueSpecification\",\"valueRequired\":true,\"valueName\":\"search_term_string\"}}],\"inLanguage\":\"fr-FR\"},{\"@type\":\"Organization\",\"@id\":\"https:\\\/\\\/www.ivinio.com\\\/fr\\\/#organization\",\"name\":\"IVINIO\",\"url\":\"https:\\\/\\\/www.ivinio.com\\\/fr\\\/\",\"logo\":{\"@type\":\"ImageObject\",\"inLanguage\":\"fr-FR\",\"@id\":\"https:\\\/\\\/www.ivinio.com\\\/fr\\\/#\\\/schema\\\/logo\\\/image\\\/\",\"url\":\"https:\\\/\\\/www.ivinio.com\\\/wp-content\\\/uploads\\\/2021\\\/01\\\/Logo-Ivinio-v2.jpg\",\"contentUrl\":\"https:\\\/\\\/www.ivinio.com\\\/wp-content\\\/uploads\\\/2021\\\/01\\\/Logo-Ivinio-v2.jpg\",\"width\":1194,\"height\":1194,\"caption\":\"IVINIO\"},\"image\":{\"@id\":\"https:\\\/\\\/www.ivinio.com\\\/fr\\\/#\\\/schema\\\/logo\\\/image\\\/\"},\"sameAs\":[\"https:\\\/\\\/www.facebook.com\\\/groups\\\/165217837022391\\\/?ref=bookmarks\",\"https:\\\/\\\/www.instagram.com\\\/_ivinio_\\\/?hl=fr\"]}]}<\/script>\n<!-- \/ Yoast SEO plugin. -->","yoast_head_json":{"title":"La r\u00e9gion viticole du sud-ouest - IVINIO Caviste","description":"La r\u00e9gion viticole du sud-ouest est fondamentalement l'une des plus anciennes de France. Cependant, l'insecte phyllox\u00e9ra a d\u00e9truit toute la r\u00e9gion viticole au XIXe si\u00e8cle et il a mis longtemps \u00e0 revenir. Aujourd'hui, le quartier comprend des vins tr\u00e8s diff\u00e9rents car le climat, le type de sol et les c\u00e9pages utilis\u00e9s varient selon l'endroit o\u00f9 vous vous trouvez.","robots":{"index":"index","follow":"follow","max-snippet":"max-snippet:-1","max-image-preview":"max-image-preview:large","max-video-preview":"max-video-preview:-1"},"canonical":"https:\/\/www.ivinio.com\/fr\/fr-sud-ouest\/","og_locale":"fr_FR","og_type":"article","og_title":"La r\u00e9gion viticole du sud-ouest - IVINIO Caviste","og_description":"La r\u00e9gion viticole du sud-ouest est fondamentalement l'une des plus anciennes de France. Cependant, l'insecte phyllox\u00e9ra a d\u00e9truit toute la r\u00e9gion viticole au XIXe si\u00e8cle et il a mis longtemps \u00e0 revenir. Aujourd'hui, le quartier comprend des vins tr\u00e8s diff\u00e9rents car le climat, le type de sol et les c\u00e9pages utilis\u00e9s varient selon l'endroit o\u00f9 vous vous trouvez.","og_url":"https:\/\/www.ivinio.com\/fr\/fr-sud-ouest\/","og_site_name":"IVINIO Caviste","article_publisher":"https:\/\/www.facebook.com\/groups\/165217837022391\/?ref=bookmarks","article_modified_time":"2021-10-09T13:48:00+00:00","twitter_card":"summary_large_image","twitter_misc":{"Dur\u00e9e de lecture estim\u00e9e":"1 minute"},"schema":{"@context":"https:\/\/schema.org","@graph":[{"@type":"WebPage","@id":"https:\/\/www.ivinio.com\/fr\/fr-sud-ouest\/","url":"https:\/\/www.ivinio.com\/fr\/fr-sud-ouest\/","name":"La r\u00e9gion viticole du sud-ouest - IVINIO Caviste","isPartOf":{"@id":"https:\/\/www.ivinio.com\/fr\/#website"},"datePublished":"2014-05-30T15:13:43+00:00","dateModified":"2021-10-09T13:48:00+00:00","description":"La r\u00e9gion viticole du sud-ouest est fondamentalement l'une des plus anciennes de France. Cependant, l'insecte phyllox\u00e9ra a d\u00e9truit toute la r\u00e9gion viticole au XIXe si\u00e8cle et il a mis longtemps \u00e0 revenir. Aujourd'hui, le quartier comprend des vins tr\u00e8s diff\u00e9rents car le climat, le type de sol et les c\u00e9pages utilis\u00e9s varient selon l'endroit o\u00f9 vous vous trouvez.","breadcrumb":{"@id":"https:\/\/www.ivinio.com\/fr\/fr-sud-ouest\/#breadcrumb"},"inLanguage":"fr-FR","potentialAction":[{"@type":"ReadAction","target":["https:\/\/www.ivinio.com\/fr\/fr-sud-ouest\/"]}]},{"@type":"BreadcrumbList","@id":"https:\/\/www.ivinio.com\/fr\/fr-sud-ouest\/#breadcrumb","itemListElement":[{"@type":"ListItem","position":1,"name":"Home","item":"https:\/\/www.ivinio.com\/fr\/"},{"@type":"ListItem","position":2,"name":"La r\u00e9gion viticole du sud-ouest"}]},{"@type":"WebSite","@id":"https:\/\/www.ivinio.com\/fr\/#website","url":"https:\/\/www.ivinio.com\/fr\/","name":"IVINIO Caviste","description":"Vins de France et d&#039;Italie avec livraison \u00e0 domicile","publisher":{"@id":"https:\/\/www.ivinio.com\/fr\/#organization"},"potentialAction":[{"@type":"SearchAction","target":{"@type":"EntryPoint","urlTemplate":"https:\/\/www.ivinio.com\/fr\/?s={search_term_string}"},"query-input":{"@type":"PropertyValueSpecification","valueRequired":true,"valueName":"search_term_string"}}],"inLanguage":"fr-FR"},{"@type":"Organization","@id":"https:\/\/www.ivinio.com\/fr\/#organization","name":"IVINIO","url":"https:\/\/www.ivinio.com\/fr\/","logo":{"@type":"ImageObject","inLanguage":"fr-FR","@id":"https:\/\/www.ivinio.com\/fr\/#\/schema\/logo\/image\/","url":"https:\/\/www.ivinio.com\/wp-content\/uploads\/2021\/01\/Logo-Ivinio-v2.jpg","contentUrl":"https:\/\/www.ivinio.com\/wp-content\/uploads\/2021\/01\/Logo-Ivinio-v2.jpg","width":1194,"height":1194,"caption":"IVINIO"},"image":{"@id":"https:\/\/www.ivinio.com\/fr\/#\/schema\/logo\/image\/"},"sameAs":["https:\/\/www.facebook.com\/groups\/165217837022391\/?ref=bookmarks","https:\/\/www.instagram.com\/_ivinio_\/?hl=fr"]}]}},"jetpack_shortlink":"https:\/\/wp.me\/PcK36q-hIU","jetpack_sharing_enabled":true,"_links":{"self":[{"href":"https:\/\/www.ivinio.com\/fr\/wp-json\/wp\/v2\/pages\/68132","targetHints":{"allow":["GET"]}}],"collection":[{"href":"https:\/\/www.ivinio.com\/fr\/wp-json\/wp\/v2\/pages"}],"about":[{"href":"https:\/\/www.ivinio.com\/fr\/wp-json\/wp\/v2\/types\/page"}],"author":[{"embeddable":true,"href":"https:\/\/www.ivinio.com\/fr\/wp-json\/wp\/v2\/users\/1746"}],"replies":[{"embeddable":true,"href":"https:\/\/www.ivinio.com\/fr\/wp-json\/wp\/v2\/comments?post=68132"}],"version-history":[{"count":0,"href":"https:\/\/www.ivinio.com\/fr\/wp-json\/wp\/v2\/pages\/68132\/revisions"}],"wp:attachment":[{"href":"https:\/\/www.ivinio.com\/fr\/wp-json\/wp\/v2\/media?parent=68132"}],"curies":[{"name":"wp","href":"https:\/\/api.w.org\/{rel}","templated":true}]}}