{"id":68129,"date":"2014-05-30T17:11:09","date_gmt":"2014-05-30T15:11:09","guid":{"rendered":"https:\/\/henrik.www.ivinio.com\/?p=68129"},"modified":"2021-08-25T19:48:02","modified_gmt":"2021-08-25T17:48:02","slug":"fr-provence","status":"publish","type":"page","link":"https:\/\/www.ivinio.com\/fr\/fr-provence\/","title":{"rendered":"Provence"},"content":{"rendered":"<p>R\u00e9gion bordant\u00a0la mer M\u00e9diterran\u00e9e, pas seulement connue pour y passer les vacances, mais aussi pour les\u00a0vins. Pas moins de 3000 heures de soleil par an rend la Provence une excellente r\u00e9gion pour la viticulture. Les Grecs sont venus \u00e0 Marseille d\u00e9j\u00e0 600 ans avant J\u00e9sus-Christ, et ont\u00a0contribu\u00e9 au d\u00e9veloppement de la culture du vin. Les Romains et les moines catholiques ont\u00a0continu\u00e9 sur la m\u00eame voie. Aujourd&#8217;hui, la Provence est connue pour ses vins ros\u00e9s qui repr\u00e9sentent l&#8217;essentiel de la production. Il serait dommage de ne pas mentionner les vins rouges et blancs, qui sont souvent tout aussi int\u00e9ressants que les ros\u00e9s. La Provence est une r\u00e9gion du sud-est de la France qui couvre les trois d\u00e9partements des Bouches-du-Rh\u00f4ne, du Var et des Alpes-Maritimes.<\/p>\n<p>Les vignobles s&#8217;\u00e9tendent de la mer M\u00e9diterran\u00e9e jusqu&#8217;\u00e0 environ 50 kilom\u00e8tres \u00e0 l&#8217;int\u00e9rieur des terres. 2500 ans de\u00a0viticulture a eu pour cons\u00e9quence qu&#8217;un nombre infini de vari\u00e9t\u00e9s ont \u00e9t\u00e9 d\u00e9velopp\u00e9es. Quelques exemples; le vin de\u00a0Palette\u00a0est un tout petit AOP totalisant 20 hectares qui utilise\u00a0plus de 25 c\u00e9pages diff\u00e9rents.<\/p>\n<p>A Bandol, sont utilis\u00e9s\u00a011 vari\u00e9t\u00e9s diff\u00e9rentes et \u00e0 Bellet sur les hauteurs de\u00a0Nice utilise\u00a017 vari\u00e9t\u00e9s diff\u00e9rentes. Les vari\u00e9t\u00e9s les plus courantes sont le Grenache, Mourv\u00e8dre, Cinsault et Syrah pour les vins rouges,\u00a0Clairette et Vermentino\u00a0(appel\u00e9\u00a0Rolle en Provence)\u00a0pour les blancs. Ros\u00e9s et blancs se d\u00e9gustent jeunes ainsi que les vins rouges\u00a0l\u00e9gers.\u00a0Cependant, il y a en Provence aussi\u00a0des vins rouges puissants qui peuvent et doivent se garder. Les\u00a0jeunes g\u00e9n\u00e9rations ont travaill\u00e9\u00a0la qualit\u00e9 et ont\u00a0restaur\u00e9\u00a0la r\u00e9putation des vins de Provence. Les Romains \u00e9taient, semble-t-il,\u00a0de grands amateurs de vin de Provence.<\/p>\n<p><img decoding=\"async\" class=\"size-full wp-image-127447 alignleft lazyload\" data-src=\"https:\/\/www.ivinio.com\/wp-content\/uploads\/2021\/07\/provence.jpg\" alt=\"\" width=\"288\" height=\"175\" src=\"data:image\/gif;base64,R0lGODlhAQABAAAAACH5BAEKAAEALAAAAAABAAEAAAICTAEAOw==\" style=\"--smush-placeholder-width: 288px; --smush-placeholder-aspect-ratio: 288\/175;\" \/>En Provence, il y a 12 appellations et 18 domaines\u00a0qui ont le droit de porter le nom de\u00a0\u00abCru class\u00e9\u00bb. Ces domaines sont consid\u00e9r\u00e9s comme repr\u00e9sentatifs de la plus haute qualit\u00e9 dans leur r\u00e9gion.<br \/>Parmi les 12 appellations, on peut certainement mentionner que <strong>AOP Bandol<\/strong>, <strong>AOP Cassis<\/strong>,\u00a0<strong>AOP Aix-en-Provence<\/strong>, et <strong>AOP C\u00f4tes de Provence<\/strong> sont ceux qui sont les plus c\u00e9l\u00e8bres. <strong>Bellet<\/strong> et <strong>Pallette<\/strong> sont des\u00a0micro-appellations de vins fantastiques qui valent bien d&#8217;\u00eatre\u00a0test\u00e9s.<\/p>\n\n\n<p><\/p>\n","protected":false},"excerpt":{"rendered":"<p>R\u00e9gion bordant\u00a0la mer M\u00e9diterran\u00e9e, pas seulement connue pour y passer les vacances, mais aussi pour les\u00a0vins. Pas moins de 3000 heures de soleil par an rend la Provence une excellente r\u00e9gion pour la viticulture. Les Grecs sont venus \u00e0 Marseille d\u00e9j\u00e0 600 ans avant J\u00e9sus-Christ, et ont\u00a0contribu\u00e9 au d\u00e9veloppement de la culture du vin. Les [&hellip;]<\/p>\n","protected":false},"author":1746,"featured_media":0,"parent":0,"menu_order":0,"comment_status":"open","ping_status":"closed","template":"","meta":{"_monsterinsights_skip_tracking":false,"_monsterinsights_sitenote_active":false,"_monsterinsights_sitenote_note":"","_monsterinsights_sitenote_category":0,"_uf_show_specific_survey":0,"_uf_disable_surveys":false,"footnotes":""},"class_list":["post-68129","page","type-page","status-publish","hentry"],"yoast_head":"<!-- This site is optimized with the Yoast SEO plugin v27.4 - https:\/\/yoast.com\/product\/yoast-seo-wordpress\/ -->\n<title>Provence - IVINIO Caviste<\/title>\n<meta name=\"description\" content=\"Pas moins de 3000 heures de soleil par an rend la Provence une excellente r\u00e9gion pour la viticulture. Les Grecs sont venus \u00e0 Marseille d\u00e9j\u00e0 600 ans avant J\u00e9sus-Christ, et ont\u00a0contribu\u00e9 au d\u00e9veloppement de la culture du vin.\" \/>\n<meta name=\"robots\" content=\"index, follow, max-snippet:-1, max-image-preview:large, max-video-preview:-1\" \/>\n<link rel=\"canonical\" href=\"https:\/\/www.ivinio.com\/fr\/fr-provence\/\" \/>\n<meta property=\"og:locale\" content=\"fr_FR\" \/>\n<meta property=\"og:type\" content=\"article\" \/>\n<meta property=\"og:title\" content=\"Provence - IVINIO Caviste\" \/>\n<meta property=\"og:description\" content=\"Pas moins de 3000 heures de soleil par an rend la Provence une excellente r\u00e9gion pour la viticulture. Les Grecs sont venus \u00e0 Marseille d\u00e9j\u00e0 600 ans avant J\u00e9sus-Christ, et ont\u00a0contribu\u00e9 au d\u00e9veloppement de la culture du vin.\" \/>\n<meta property=\"og:url\" content=\"https:\/\/www.ivinio.com\/fr\/fr-provence\/\" \/>\n<meta property=\"og:site_name\" content=\"IVINIO Caviste\" \/>\n<meta property=\"article:publisher\" content=\"https:\/\/www.facebook.com\/groups\/165217837022391\/?ref=bookmarks\" \/>\n<meta property=\"article:modified_time\" content=\"2021-08-25T17:48:02+00:00\" \/>\n<meta property=\"og:image\" content=\"https:\/\/www.ivinio.com\/wp-content\/uploads\/2021\/07\/provence.jpg\" \/>\n<meta name=\"twitter:card\" content=\"summary_large_image\" \/>\n<meta name=\"twitter:label1\" content=\"Dur\u00e9e de lecture estim\u00e9e\" \/>\n\t<meta name=\"twitter:data1\" content=\"2 minutes\" \/>\n<script type=\"application\/ld+json\" class=\"yoast-schema-graph\">{\"@context\":\"https:\\\/\\\/schema.org\",\"@graph\":[{\"@type\":\"WebPage\",\"@id\":\"https:\\\/\\\/www.ivinio.com\\\/fr\\\/fr-provence\\\/\",\"url\":\"https:\\\/\\\/www.ivinio.com\\\/fr\\\/fr-provence\\\/\",\"name\":\"Provence - IVINIO Caviste\",\"isPartOf\":{\"@id\":\"https:\\\/\\\/www.ivinio.com\\\/fr\\\/#website\"},\"primaryImageOfPage\":{\"@id\":\"https:\\\/\\\/www.ivinio.com\\\/fr\\\/fr-provence\\\/#primaryimage\"},\"image\":{\"@id\":\"https:\\\/\\\/www.ivinio.com\\\/fr\\\/fr-provence\\\/#primaryimage\"},\"thumbnailUrl\":\"https:\\\/\\\/www.ivinio.com\\\/wp-content\\\/uploads\\\/2021\\\/07\\\/provence.jpg\",\"datePublished\":\"2014-05-30T15:11:09+00:00\",\"dateModified\":\"2021-08-25T17:48:02+00:00\",\"description\":\"Pas moins de 3000 heures de soleil par an rend la Provence une excellente r\u00e9gion pour la viticulture. Les Grecs sont venus \u00e0 Marseille d\u00e9j\u00e0 600 ans avant J\u00e9sus-Christ, et ont\u00a0contribu\u00e9 au d\u00e9veloppement de la culture du vin.\",\"breadcrumb\":{\"@id\":\"https:\\\/\\\/www.ivinio.com\\\/fr\\\/fr-provence\\\/#breadcrumb\"},\"inLanguage\":\"fr-FR\",\"potentialAction\":[{\"@type\":\"ReadAction\",\"target\":[\"https:\\\/\\\/www.ivinio.com\\\/fr\\\/fr-provence\\\/\"]}]},{\"@type\":\"ImageObject\",\"inLanguage\":\"fr-FR\",\"@id\":\"https:\\\/\\\/www.ivinio.com\\\/fr\\\/fr-provence\\\/#primaryimage\",\"url\":\"https:\\\/\\\/www.ivinio.com\\\/wp-content\\\/uploads\\\/2021\\\/07\\\/provence.jpg\",\"contentUrl\":\"https:\\\/\\\/www.ivinio.com\\\/wp-content\\\/uploads\\\/2021\\\/07\\\/provence.jpg\"},{\"@type\":\"BreadcrumbList\",\"@id\":\"https:\\\/\\\/www.ivinio.com\\\/fr\\\/fr-provence\\\/#breadcrumb\",\"itemListElement\":[{\"@type\":\"ListItem\",\"position\":1,\"name\":\"Home\",\"item\":\"https:\\\/\\\/www.ivinio.com\\\/fr\\\/\"},{\"@type\":\"ListItem\",\"position\":2,\"name\":\"Provence\"}]},{\"@type\":\"WebSite\",\"@id\":\"https:\\\/\\\/www.ivinio.com\\\/fr\\\/#website\",\"url\":\"https:\\\/\\\/www.ivinio.com\\\/fr\\\/\",\"name\":\"IVINIO Caviste\",\"description\":\"Vins de France et d&#039;Italie avec livraison \u00e0 domicile\",\"publisher\":{\"@id\":\"https:\\\/\\\/www.ivinio.com\\\/fr\\\/#organization\"},\"potentialAction\":[{\"@type\":\"SearchAction\",\"target\":{\"@type\":\"EntryPoint\",\"urlTemplate\":\"https:\\\/\\\/www.ivinio.com\\\/fr\\\/?s={search_term_string}\"},\"query-input\":{\"@type\":\"PropertyValueSpecification\",\"valueRequired\":true,\"valueName\":\"search_term_string\"}}],\"inLanguage\":\"fr-FR\"},{\"@type\":\"Organization\",\"@id\":\"https:\\\/\\\/www.ivinio.com\\\/fr\\\/#organization\",\"name\":\"IVINIO\",\"url\":\"https:\\\/\\\/www.ivinio.com\\\/fr\\\/\",\"logo\":{\"@type\":\"ImageObject\",\"inLanguage\":\"fr-FR\",\"@id\":\"https:\\\/\\\/www.ivinio.com\\\/fr\\\/#\\\/schema\\\/logo\\\/image\\\/\",\"url\":\"https:\\\/\\\/www.ivinio.com\\\/wp-content\\\/uploads\\\/2021\\\/01\\\/Logo-Ivinio-v2.jpg\",\"contentUrl\":\"https:\\\/\\\/www.ivinio.com\\\/wp-content\\\/uploads\\\/2021\\\/01\\\/Logo-Ivinio-v2.jpg\",\"width\":1194,\"height\":1194,\"caption\":\"IVINIO\"},\"image\":{\"@id\":\"https:\\\/\\\/www.ivinio.com\\\/fr\\\/#\\\/schema\\\/logo\\\/image\\\/\"},\"sameAs\":[\"https:\\\/\\\/www.facebook.com\\\/groups\\\/165217837022391\\\/?ref=bookmarks\",\"https:\\\/\\\/www.instagram.com\\\/_ivinio_\\\/?hl=fr\"]}]}<\/script>\n<!-- \/ Yoast SEO plugin. -->","yoast_head_json":{"title":"Provence - IVINIO Caviste","description":"Pas moins de 3000 heures de soleil par an rend la Provence une excellente r\u00e9gion pour la viticulture. Les Grecs sont venus \u00e0 Marseille d\u00e9j\u00e0 600 ans avant J\u00e9sus-Christ, et ont\u00a0contribu\u00e9 au d\u00e9veloppement de la culture du vin.","robots":{"index":"index","follow":"follow","max-snippet":"max-snippet:-1","max-image-preview":"max-image-preview:large","max-video-preview":"max-video-preview:-1"},"canonical":"https:\/\/www.ivinio.com\/fr\/fr-provence\/","og_locale":"fr_FR","og_type":"article","og_title":"Provence - IVINIO Caviste","og_description":"Pas moins de 3000 heures de soleil par an rend la Provence une excellente r\u00e9gion pour la viticulture. Les Grecs sont venus \u00e0 Marseille d\u00e9j\u00e0 600 ans avant J\u00e9sus-Christ, et ont\u00a0contribu\u00e9 au d\u00e9veloppement de la culture du vin.","og_url":"https:\/\/www.ivinio.com\/fr\/fr-provence\/","og_site_name":"IVINIO Caviste","article_publisher":"https:\/\/www.facebook.com\/groups\/165217837022391\/?ref=bookmarks","article_modified_time":"2021-08-25T17:48:02+00:00","og_image":[{"url":"https:\/\/www.ivinio.com\/wp-content\/uploads\/2021\/07\/provence.jpg","type":"","width":"","height":""}],"twitter_card":"summary_large_image","twitter_misc":{"Dur\u00e9e de lecture estim\u00e9e":"2 minutes"},"schema":{"@context":"https:\/\/schema.org","@graph":[{"@type":"WebPage","@id":"https:\/\/www.ivinio.com\/fr\/fr-provence\/","url":"https:\/\/www.ivinio.com\/fr\/fr-provence\/","name":"Provence - IVINIO Caviste","isPartOf":{"@id":"https:\/\/www.ivinio.com\/fr\/#website"},"primaryImageOfPage":{"@id":"https:\/\/www.ivinio.com\/fr\/fr-provence\/#primaryimage"},"image":{"@id":"https:\/\/www.ivinio.com\/fr\/fr-provence\/#primaryimage"},"thumbnailUrl":"https:\/\/www.ivinio.com\/wp-content\/uploads\/2021\/07\/provence.jpg","datePublished":"2014-05-30T15:11:09+00:00","dateModified":"2021-08-25T17:48:02+00:00","description":"Pas moins de 3000 heures de soleil par an rend la Provence une excellente r\u00e9gion pour la viticulture. Les Grecs sont venus \u00e0 Marseille d\u00e9j\u00e0 600 ans avant J\u00e9sus-Christ, et ont\u00a0contribu\u00e9 au d\u00e9veloppement de la culture du vin.","breadcrumb":{"@id":"https:\/\/www.ivinio.com\/fr\/fr-provence\/#breadcrumb"},"inLanguage":"fr-FR","potentialAction":[{"@type":"ReadAction","target":["https:\/\/www.ivinio.com\/fr\/fr-provence\/"]}]},{"@type":"ImageObject","inLanguage":"fr-FR","@id":"https:\/\/www.ivinio.com\/fr\/fr-provence\/#primaryimage","url":"https:\/\/www.ivinio.com\/wp-content\/uploads\/2021\/07\/provence.jpg","contentUrl":"https:\/\/www.ivinio.com\/wp-content\/uploads\/2021\/07\/provence.jpg"},{"@type":"BreadcrumbList","@id":"https:\/\/www.ivinio.com\/fr\/fr-provence\/#breadcrumb","itemListElement":[{"@type":"ListItem","position":1,"name":"Home","item":"https:\/\/www.ivinio.com\/fr\/"},{"@type":"ListItem","position":2,"name":"Provence"}]},{"@type":"WebSite","@id":"https:\/\/www.ivinio.com\/fr\/#website","url":"https:\/\/www.ivinio.com\/fr\/","name":"IVINIO Caviste","description":"Vins de France et d&#039;Italie avec livraison \u00e0 domicile","publisher":{"@id":"https:\/\/www.ivinio.com\/fr\/#organization"},"potentialAction":[{"@type":"SearchAction","target":{"@type":"EntryPoint","urlTemplate":"https:\/\/www.ivinio.com\/fr\/?s={search_term_string}"},"query-input":{"@type":"PropertyValueSpecification","valueRequired":true,"valueName":"search_term_string"}}],"inLanguage":"fr-FR"},{"@type":"Organization","@id":"https:\/\/www.ivinio.com\/fr\/#organization","name":"IVINIO","url":"https:\/\/www.ivinio.com\/fr\/","logo":{"@type":"ImageObject","inLanguage":"fr-FR","@id":"https:\/\/www.ivinio.com\/fr\/#\/schema\/logo\/image\/","url":"https:\/\/www.ivinio.com\/wp-content\/uploads\/2021\/01\/Logo-Ivinio-v2.jpg","contentUrl":"https:\/\/www.ivinio.com\/wp-content\/uploads\/2021\/01\/Logo-Ivinio-v2.jpg","width":1194,"height":1194,"caption":"IVINIO"},"image":{"@id":"https:\/\/www.ivinio.com\/fr\/#\/schema\/logo\/image\/"},"sameAs":["https:\/\/www.facebook.com\/groups\/165217837022391\/?ref=bookmarks","https:\/\/www.instagram.com\/_ivinio_\/?hl=fr"]}]}},"jetpack_shortlink":"https:\/\/wp.me\/PcK36q-hIR","jetpack_sharing_enabled":true,"_links":{"self":[{"href":"https:\/\/www.ivinio.com\/fr\/wp-json\/wp\/v2\/pages\/68129","targetHints":{"allow":["GET"]}}],"collection":[{"href":"https:\/\/www.ivinio.com\/fr\/wp-json\/wp\/v2\/pages"}],"about":[{"href":"https:\/\/www.ivinio.com\/fr\/wp-json\/wp\/v2\/types\/page"}],"author":[{"embeddable":true,"href":"https:\/\/www.ivinio.com\/fr\/wp-json\/wp\/v2\/users\/1746"}],"replies":[{"embeddable":true,"href":"https:\/\/www.ivinio.com\/fr\/wp-json\/wp\/v2\/comments?post=68129"}],"version-history":[{"count":0,"href":"https:\/\/www.ivinio.com\/fr\/wp-json\/wp\/v2\/pages\/68129\/revisions"}],"wp:attachment":[{"href":"https:\/\/www.ivinio.com\/fr\/wp-json\/wp\/v2\/media?parent=68129"}],"curies":[{"name":"wp","href":"https:\/\/api.w.org\/{rel}","templated":true}]}}