{"id":68123,"date":"2014-05-30T17:07:54","date_gmt":"2014-05-30T15:07:54","guid":{"rendered":"https:\/\/henrik.www.ivinio.com\/?p=68123"},"modified":"2021-09-16T19:40:55","modified_gmt":"2021-09-16T17:40:55","slug":"fr-languedoc","status":"publish","type":"page","link":"https:\/\/www.ivinio.com\/fr\/fr-languedoc\/","title":{"rendered":"Languedoc"},"content":{"rendered":"<div class=\"wpb-content-wrapper\"><p>[vc_row][vc_column][vc_column_text]<img decoding=\"async\" class=\"alignright wp-image-127451 lazyload\" data-src=\"https:\/\/www.ivinio.com\/wp-content\/uploads\/2021\/07\/languedoc.jpg\" alt=\"\" width=\"346\" height=\"161\" data-srcset=\"https:\/\/www.ivinio.com\/wp-content\/uploads\/2021\/07\/languedoc.jpg 329w, https:\/\/www.ivinio.com\/wp-content\/uploads\/2021\/07\/languedoc-300x140.jpg 300w\" data-sizes=\"(max-width: 346px) 100vw, 346px\" src=\"data:image\/gif;base64,R0lGODlhAQABAAAAACH5BAEKAAEALAAAAAABAAEAAAICTAEAOw==\" style=\"--smush-placeholder-width: 346px; --smush-placeholder-aspect-ratio: 346\/161;\" \/><\/p>\n<p>Le Languedoc fait partie de ce qu&#8217;on appelle souvent la r\u00e9gion viticole du Languedoc-Roussillon. <strong>Mais il est naturel de les dissocier<\/strong> tous les deux car ils repr\u00e9sentent des styles de vins, des c\u00e9pages et des types de terroirs diff\u00e9rents en g\u00e9n\u00e9ral.<\/p>\n<p>Le Languedoc s&#8217;\u00e9tend sur 3 d\u00e9partements diff\u00e9rents, \u00e0 savoir L&#8217;Aude, le Gard et l&#8217;H\u00e9rault. En terme plus viticoles, cela signifie que la r\u00e9gion s&#8217;\u00e9tend de Sommi\u00e8res (Languedoc-Sommi\u00e8res) \u00e0 l&#8217;est situ\u00e9 pr\u00e8s de la ville de N\u00eemes, aux appellations Fitou et Corbi\u00e8res au sud-ouest, pr\u00e8s de la ville de Fitou, o\u00f9 la r\u00e9gion de Roussillon prend le relais. <strong>Le vin a pouss\u00e9 ici depuis 600 avant JC.<\/strong> Les conditions de viticulture sont tr\u00e8s favorables avec un climat m\u00e9diterran\u00e9en qui couvre une plus grande partie de la r\u00e9gion. Mais on y retrouve aussi des paysages et des terroirs tr\u00e8s diff\u00e9rents, ce qui implique aussi des types de vins tr\u00e8s diff\u00e9rents.<\/p>\n<p>Comme ailleurs, ce sont les Grecs qui ont cr\u00e9\u00e9 le vignoble de Languedoc pendant l&#8217;Antiquit\u00e9 et les Romains qui l&#8217;ont d\u00e9velopp\u00e9 et les moines qui l&#8217;ont am\u00e9lior\u00e9 au Moyen \u00c2ge. <strong>L&#8217;expansion du Canal du Midi au XVIIe si\u00e8cle,<\/strong> a reli\u00e9 la M\u00e9diterran\u00e9e \u00e0 l&#8217;Atlantique et a donn\u00e9 au commerce des vins du Languedoc de nouvelles opportunit\u00e9s et de nouveaux d\u00e9bouch\u00e9s.<\/p>\n<p>En 1863, le Languedoc est durement touch\u00e9 par la crise du Phylloxera. Les vignes ont d\u00fb \u00eatre remplac\u00e9es par des vari\u00e9t\u00e9s hybrides et la production de masse de qualit\u00e9 moyenne a \u00e9t\u00e9 privil\u00e9gi\u00e9e. C&#8217;\u00e9tait le cas jusqu&#8217;aux ann\u00e9es 1980, lorsque la r\u00e9flexion sur la qualit\u00e9 s&#8217;est impos\u00e9e alors que la r\u00e9gion produit encore aujourd&#8217;hui <strong>1\/3 des vins fran\u00e7ais AOP et IGP.<\/strong><\/p>\n<p>Aujourd&#8217;hui, le Languedoc comprend 246 000 hectares de terres cultiv\u00e9es et 12,7 millions d&#8217;hectolitres de vin sont produits en Languedoc. 76% de la production est du vin rouge, 14% du ros\u00e9 et 10% du vin blanc. Un grand nombre de c\u00e9pages sont utilis\u00e9s, mais les plus courants sont <strong>Grenache, Syrah, Carignan, Mourv\u00e8dre et Cinsault parmi les c\u00e9pages rouges<\/strong> et <strong>Grenache blanc, Macabeu, Clairette, Picpoul, Vermentino, Bourbelenc, Muscat \u00e0 petit grains, Muscat d&#8217; Alexandrie, Mauzac, Chenin et Ugni blanc, Marsanne, Roussanne et Chardonnay parmi les c\u00e9pages blancs.<\/strong><\/p>\n<p>Le Languedoc s&#8217;est profond\u00e9ment transform\u00e9 au cours des derni\u00e8res d\u00e9cennies o\u00f9 de nouvelles appellations de prestige ont \u00e9t\u00e9 cr\u00e9\u00e9es telles que <strong>Terasses de Larzac, La Clape, Pic-saint-Loup, Corbi\u00e8res-Boutenac\u2026<\/strong> La palette gustative est tr\u00e8s large avec des vins majoritairement rouges couvrant la gamme des vins complets. -des vins cors\u00e9s, \u00e9pic\u00e9s et bois\u00e9s \u00e0 des vins fruit\u00e9s plus l\u00e9gers. Comme mentionn\u00e9, les vins blancs sont \u00e9labor\u00e9s \u00e0 partir de nombreux c\u00e9pages diff\u00e9rents et donnent \u00e0 la fois des vins secs aromatiques ainsi que des vins variants avec leur propre style et personnalit\u00e9. Les vins de dessert Muscat de Frontignan, Muscat-de-Mireval, Muscat-de-Saint-Jean-de-Minervois et Muscat de Lunel ne sont pas en reste et repr\u00e9sentent leur part de la pr\u00e9cieuse production viticole du Langedoc.[\/vc_column_text][\/vc_column][\/vc_row]<\/p>\n<\/div>","protected":false},"excerpt":{"rendered":"<p>[vc_row][vc_column][vc_column_text] Le Languedoc fait partie de ce qu&#8217;on appelle souvent la r\u00e9gion viticole du Languedoc-Roussillon. Mais il est naturel de les dissocier tous les deux car ils repr\u00e9sentent des styles de vins, des c\u00e9pages et des types de terroirs diff\u00e9rents en g\u00e9n\u00e9ral. Le Languedoc s&#8217;\u00e9tend sur 3 d\u00e9partements diff\u00e9rents, \u00e0 savoir L&#8217;Aude, le Gard et [&hellip;]<\/p>\n","protected":false},"author":1746,"featured_media":0,"parent":0,"menu_order":0,"comment_status":"open","ping_status":"closed","template":"","meta":{"_monsterinsights_skip_tracking":false,"_monsterinsights_sitenote_active":false,"_monsterinsights_sitenote_note":"","_monsterinsights_sitenote_category":0,"_uf_show_specific_survey":0,"_uf_disable_surveys":false,"footnotes":""},"class_list":["post-68123","page","type-page","status-publish","hentry"],"yoast_head":"<!-- This site is optimized with the Yoast SEO plugin v27.3 - https:\/\/yoast.com\/product\/yoast-seo-wordpress\/ -->\n<title>Languedoc - IVINIO Wine Shop<\/title>\n<meta name=\"description\" content=\"Le Languedoc fait partie de ce qu&#039;on appelle souvent la r\u00e9gion viticole du Languedoc-Roussillon. Mais il est naturel de les dissocier tous les deux car ils repr\u00e9sentent des styles de vins, des c\u00e9pages et des types de terroirs diff\u00e9rents en g\u00e9n\u00e9ral.\" \/>\n<meta name=\"robots\" content=\"index, follow, max-snippet:-1, max-image-preview:large, max-video-preview:-1\" \/>\n<link rel=\"canonical\" href=\"https:\/\/www.ivinio.com\/fr\/fr-languedoc\/\" \/>\n<meta property=\"og:locale\" content=\"fr_FR\" \/>\n<meta property=\"og:type\" content=\"article\" \/>\n<meta property=\"og:title\" content=\"Languedoc - IVINIO Wine Shop\" \/>\n<meta property=\"og:description\" content=\"Le Languedoc fait partie de ce qu&#039;on appelle souvent la r\u00e9gion viticole du Languedoc-Roussillon. Mais il est naturel de les dissocier tous les deux car ils repr\u00e9sentent des styles de vins, des c\u00e9pages et des types de terroirs diff\u00e9rents en g\u00e9n\u00e9ral.\" \/>\n<meta property=\"og:url\" content=\"https:\/\/www.ivinio.com\/fr\/fr-languedoc\/\" \/>\n<meta property=\"og:site_name\" content=\"IVINIO Wine Shop\" \/>\n<meta property=\"article:publisher\" content=\"https:\/\/www.facebook.com\/groups\/165217837022391\/?ref=bookmarks\" \/>\n<meta property=\"article:modified_time\" content=\"2021-09-16T17:40:55+00:00\" \/>\n<meta property=\"og:image\" content=\"https:\/\/www.ivinio.com\/wp-content\/uploads\/2021\/07\/languedoc.jpg\" \/>\n<meta name=\"twitter:card\" content=\"summary_large_image\" \/>\n<meta name=\"twitter:label1\" content=\"Dur\u00e9e de lecture estim\u00e9e\" \/>\n\t<meta name=\"twitter:data1\" content=\"3 minutes\" \/>\n<script type=\"application\/ld+json\" class=\"yoast-schema-graph\">{\"@context\":\"https:\\\/\\\/schema.org\",\"@graph\":[{\"@type\":\"WebPage\",\"@id\":\"https:\\\/\\\/www.ivinio.com\\\/fr\\\/fr-languedoc\\\/\",\"url\":\"https:\\\/\\\/www.ivinio.com\\\/fr\\\/fr-languedoc\\\/\",\"name\":\"Languedoc - IVINIO Wine Shop\",\"isPartOf\":{\"@id\":\"https:\\\/\\\/www.ivinio.com\\\/fr\\\/#website\"},\"primaryImageOfPage\":{\"@id\":\"https:\\\/\\\/www.ivinio.com\\\/fr\\\/fr-languedoc\\\/#primaryimage\"},\"image\":{\"@id\":\"https:\\\/\\\/www.ivinio.com\\\/fr\\\/fr-languedoc\\\/#primaryimage\"},\"thumbnailUrl\":\"https:\\\/\\\/www.ivinio.com\\\/wp-content\\\/uploads\\\/2021\\\/07\\\/languedoc.jpg\",\"datePublished\":\"2014-05-30T15:07:54+00:00\",\"dateModified\":\"2021-09-16T17:40:55+00:00\",\"description\":\"Le Languedoc fait partie de ce qu'on appelle souvent la r\u00e9gion viticole du Languedoc-Roussillon. Mais il est naturel de les dissocier tous les deux car ils repr\u00e9sentent des styles de vins, des c\u00e9pages et des types de terroirs diff\u00e9rents en g\u00e9n\u00e9ral.\",\"breadcrumb\":{\"@id\":\"https:\\\/\\\/www.ivinio.com\\\/fr\\\/fr-languedoc\\\/#breadcrumb\"},\"inLanguage\":\"fr-FR\",\"potentialAction\":[{\"@type\":\"ReadAction\",\"target\":[\"https:\\\/\\\/www.ivinio.com\\\/fr\\\/fr-languedoc\\\/\"]}]},{\"@type\":\"ImageObject\",\"inLanguage\":\"fr-FR\",\"@id\":\"https:\\\/\\\/www.ivinio.com\\\/fr\\\/fr-languedoc\\\/#primaryimage\",\"url\":\"https:\\\/\\\/www.ivinio.com\\\/wp-content\\\/uploads\\\/2021\\\/07\\\/languedoc.jpg\",\"contentUrl\":\"https:\\\/\\\/www.ivinio.com\\\/wp-content\\\/uploads\\\/2021\\\/07\\\/languedoc.jpg\"},{\"@type\":\"BreadcrumbList\",\"@id\":\"https:\\\/\\\/www.ivinio.com\\\/fr\\\/fr-languedoc\\\/#breadcrumb\",\"itemListElement\":[{\"@type\":\"ListItem\",\"position\":1,\"name\":\"Home\",\"item\":\"https:\\\/\\\/www.ivinio.com\\\/fr\\\/\"},{\"@type\":\"ListItem\",\"position\":2,\"name\":\"Languedoc\"}]},{\"@type\":\"WebSite\",\"@id\":\"https:\\\/\\\/www.ivinio.com\\\/fr\\\/#website\",\"url\":\"https:\\\/\\\/www.ivinio.com\\\/fr\\\/\",\"name\":\"IVINIO Wine Shop\",\"description\":\"French and Italian wines with delivery to your door\",\"publisher\":{\"@id\":\"https:\\\/\\\/www.ivinio.com\\\/fr\\\/#organization\"},\"potentialAction\":[{\"@type\":\"SearchAction\",\"target\":{\"@type\":\"EntryPoint\",\"urlTemplate\":\"https:\\\/\\\/www.ivinio.com\\\/fr\\\/?s={search_term_string}\"},\"query-input\":{\"@type\":\"PropertyValueSpecification\",\"valueRequired\":true,\"valueName\":\"search_term_string\"}}],\"inLanguage\":\"fr-FR\"},{\"@type\":\"Organization\",\"@id\":\"https:\\\/\\\/www.ivinio.com\\\/fr\\\/#organization\",\"name\":\"IVINIO\",\"url\":\"https:\\\/\\\/www.ivinio.com\\\/fr\\\/\",\"logo\":{\"@type\":\"ImageObject\",\"inLanguage\":\"fr-FR\",\"@id\":\"https:\\\/\\\/www.ivinio.com\\\/fr\\\/#\\\/schema\\\/logo\\\/image\\\/\",\"url\":\"https:\\\/\\\/www.ivinio.com\\\/wp-content\\\/uploads\\\/2021\\\/01\\\/Logo-Ivinio-v2.jpg\",\"contentUrl\":\"https:\\\/\\\/www.ivinio.com\\\/wp-content\\\/uploads\\\/2021\\\/01\\\/Logo-Ivinio-v2.jpg\",\"width\":1194,\"height\":1194,\"caption\":\"IVINIO\"},\"image\":{\"@id\":\"https:\\\/\\\/www.ivinio.com\\\/fr\\\/#\\\/schema\\\/logo\\\/image\\\/\"},\"sameAs\":[\"https:\\\/\\\/www.facebook.com\\\/groups\\\/165217837022391\\\/?ref=bookmarks\",\"https:\\\/\\\/www.instagram.com\\\/_ivinio_\\\/?hl=fr\"]}]}<\/script>\n<!-- \/ Yoast SEO plugin. -->","yoast_head_json":{"title":"Languedoc - IVINIO Wine Shop","description":"Le Languedoc fait partie de ce qu'on appelle souvent la r\u00e9gion viticole du Languedoc-Roussillon. Mais il est naturel de les dissocier tous les deux car ils repr\u00e9sentent des styles de vins, des c\u00e9pages et des types de terroirs diff\u00e9rents en g\u00e9n\u00e9ral.","robots":{"index":"index","follow":"follow","max-snippet":"max-snippet:-1","max-image-preview":"max-image-preview:large","max-video-preview":"max-video-preview:-1"},"canonical":"https:\/\/www.ivinio.com\/fr\/fr-languedoc\/","og_locale":"fr_FR","og_type":"article","og_title":"Languedoc - IVINIO Wine Shop","og_description":"Le Languedoc fait partie de ce qu'on appelle souvent la r\u00e9gion viticole du Languedoc-Roussillon. Mais il est naturel de les dissocier tous les deux car ils repr\u00e9sentent des styles de vins, des c\u00e9pages et des types de terroirs diff\u00e9rents en g\u00e9n\u00e9ral.","og_url":"https:\/\/www.ivinio.com\/fr\/fr-languedoc\/","og_site_name":"IVINIO Wine Shop","article_publisher":"https:\/\/www.facebook.com\/groups\/165217837022391\/?ref=bookmarks","article_modified_time":"2021-09-16T17:40:55+00:00","og_image":[{"url":"https:\/\/www.ivinio.com\/wp-content\/uploads\/2021\/07\/languedoc.jpg","type":"","width":"","height":""}],"twitter_card":"summary_large_image","twitter_misc":{"Dur\u00e9e de lecture estim\u00e9e":"3 minutes"},"schema":{"@context":"https:\/\/schema.org","@graph":[{"@type":"WebPage","@id":"https:\/\/www.ivinio.com\/fr\/fr-languedoc\/","url":"https:\/\/www.ivinio.com\/fr\/fr-languedoc\/","name":"Languedoc - IVINIO Wine Shop","isPartOf":{"@id":"https:\/\/www.ivinio.com\/fr\/#website"},"primaryImageOfPage":{"@id":"https:\/\/www.ivinio.com\/fr\/fr-languedoc\/#primaryimage"},"image":{"@id":"https:\/\/www.ivinio.com\/fr\/fr-languedoc\/#primaryimage"},"thumbnailUrl":"https:\/\/www.ivinio.com\/wp-content\/uploads\/2021\/07\/languedoc.jpg","datePublished":"2014-05-30T15:07:54+00:00","dateModified":"2021-09-16T17:40:55+00:00","description":"Le Languedoc fait partie de ce qu'on appelle souvent la r\u00e9gion viticole du Languedoc-Roussillon. Mais il est naturel de les dissocier tous les deux car ils repr\u00e9sentent des styles de vins, des c\u00e9pages et des types de terroirs diff\u00e9rents en g\u00e9n\u00e9ral.","breadcrumb":{"@id":"https:\/\/www.ivinio.com\/fr\/fr-languedoc\/#breadcrumb"},"inLanguage":"fr-FR","potentialAction":[{"@type":"ReadAction","target":["https:\/\/www.ivinio.com\/fr\/fr-languedoc\/"]}]},{"@type":"ImageObject","inLanguage":"fr-FR","@id":"https:\/\/www.ivinio.com\/fr\/fr-languedoc\/#primaryimage","url":"https:\/\/www.ivinio.com\/wp-content\/uploads\/2021\/07\/languedoc.jpg","contentUrl":"https:\/\/www.ivinio.com\/wp-content\/uploads\/2021\/07\/languedoc.jpg"},{"@type":"BreadcrumbList","@id":"https:\/\/www.ivinio.com\/fr\/fr-languedoc\/#breadcrumb","itemListElement":[{"@type":"ListItem","position":1,"name":"Home","item":"https:\/\/www.ivinio.com\/fr\/"},{"@type":"ListItem","position":2,"name":"Languedoc"}]},{"@type":"WebSite","@id":"https:\/\/www.ivinio.com\/fr\/#website","url":"https:\/\/www.ivinio.com\/fr\/","name":"IVINIO Wine Shop","description":"French and Italian wines with delivery to your door","publisher":{"@id":"https:\/\/www.ivinio.com\/fr\/#organization"},"potentialAction":[{"@type":"SearchAction","target":{"@type":"EntryPoint","urlTemplate":"https:\/\/www.ivinio.com\/fr\/?s={search_term_string}"},"query-input":{"@type":"PropertyValueSpecification","valueRequired":true,"valueName":"search_term_string"}}],"inLanguage":"fr-FR"},{"@type":"Organization","@id":"https:\/\/www.ivinio.com\/fr\/#organization","name":"IVINIO","url":"https:\/\/www.ivinio.com\/fr\/","logo":{"@type":"ImageObject","inLanguage":"fr-FR","@id":"https:\/\/www.ivinio.com\/fr\/#\/schema\/logo\/image\/","url":"https:\/\/www.ivinio.com\/wp-content\/uploads\/2021\/01\/Logo-Ivinio-v2.jpg","contentUrl":"https:\/\/www.ivinio.com\/wp-content\/uploads\/2021\/01\/Logo-Ivinio-v2.jpg","width":1194,"height":1194,"caption":"IVINIO"},"image":{"@id":"https:\/\/www.ivinio.com\/fr\/#\/schema\/logo\/image\/"},"sameAs":["https:\/\/www.facebook.com\/groups\/165217837022391\/?ref=bookmarks","https:\/\/www.instagram.com\/_ivinio_\/?hl=fr"]}]}},"jetpack_shortlink":"https:\/\/wp.me\/PcK36q-hIL","jetpack_sharing_enabled":true,"_links":{"self":[{"href":"https:\/\/www.ivinio.com\/fr\/wp-json\/wp\/v2\/pages\/68123","targetHints":{"allow":["GET"]}}],"collection":[{"href":"https:\/\/www.ivinio.com\/fr\/wp-json\/wp\/v2\/pages"}],"about":[{"href":"https:\/\/www.ivinio.com\/fr\/wp-json\/wp\/v2\/types\/page"}],"author":[{"embeddable":true,"href":"https:\/\/www.ivinio.com\/fr\/wp-json\/wp\/v2\/users\/1746"}],"replies":[{"embeddable":true,"href":"https:\/\/www.ivinio.com\/fr\/wp-json\/wp\/v2\/comments?post=68123"}],"version-history":[{"count":0,"href":"https:\/\/www.ivinio.com\/fr\/wp-json\/wp\/v2\/pages\/68123\/revisions"}],"wp:attachment":[{"href":"https:\/\/www.ivinio.com\/fr\/wp-json\/wp\/v2\/media?parent=68123"}],"curies":[{"name":"wp","href":"https:\/\/api.w.org\/{rel}","templated":true}]}}