{"id":68120,"date":"2014-05-30T17:05:11","date_gmt":"2014-05-30T15:05:11","guid":{"rendered":"https:\/\/henrik.www.ivinio.com\/?p=68120"},"modified":"2021-08-25T19:39:18","modified_gmt":"2021-08-25T17:39:18","slug":"fr-cotes-du-rhone","status":"publish","type":"page","link":"https:\/\/www.ivinio.com\/fr\/fr-cotes-du-rhone\/","title":{"rendered":"C\u00f4tes-du-Rh\u00f4ne"},"content":{"rendered":"<p>Les C\u00f4tes du Rh\u00f4ne est la r\u00e9gion viticole de la vall\u00e9e du Rh\u00f4ne qui borde le fleuve du Rh\u00f4ne. Cette r\u00e9gion est la deuxi\u00e8me plus grande r\u00e9gion fran\u00e7aise de vin apr\u00e8s Bordeaux. Elle s&#8217;\u00e9tend du sud de Lyon \u00e0 la mer M\u00e9diterran\u00e9e et l&#8217;effet du soleil sur les raisins est tr\u00e8s \u00e9vident lors de la d\u00e9gustation de ces vins. Ils sont \u00e9pic\u00e9s, la puissance et la force de l&#8217;alcool a tendance \u00e0 \u00eatre les marques distinctives des vins des C\u00f4tes du Rh\u00f4ne. Historiquement, les C\u00f4tes du Rh\u00f4ne avait une r\u00e9putation de vin relativement simple. Au cours des derni\u00e8res d\u00e9cennies, cette tendance a chang\u00e9 et l&#8217;image de ces vins s&#8217;est bien am\u00e9lior\u00e9e voir le commentaire de nombreux guides, en particulier aux \u00c9tats-Unis. Ils ont m\u00eame \u00e9taient \u00e9lus meilleurs vins du monde. Un autre point positif est que les vins des C\u00f4tes du Rh\u00f4ne sont aujourd&#8217;hui parmi les vins les plus hon\u00e9reux de France.<\/p>\n<p>Les vins des\u00a0C\u00f4tes du Rh\u00f4ne ne sont pas tous les m\u00eames;\u00a0la diff\u00e9rence entre les appellations est grande. Pour avoir une meilleure id\u00e9e, il faut diviser les C\u00f4tes du Rh\u00f4ne en trois districts g\u00e9ographiques diff\u00e9rents.<\/p>\n<p>*Tout d&#8217;abord, le nord de Valence, o\u00f9 nous avons un climat continental et un sol compos\u00e9 de granit et d&#8217;ardoise. Les vignes sont plant\u00e9es sur des collines escarp\u00e9es qui rend extr\u00eamement difficile la\u00a0r\u00e9colte\u00a0des raisins. Les vins rouges sont compos\u00e9s\u00a0de Syrah. Marsanne et Roussanne. Le\u00a0Viognier est utilis\u00e9\u00a0pour les blancs.<\/p>\n<p>*Au milieu des C\u00f4tes du Rh\u00f4ne, le climat est influenc\u00e9 par le relief\u00a0et la terre y est calcaire. Les c\u00e9pages utilis\u00e9s sont Clairette et Muscat.<\/p>\n<p>*Au sud de Mont\u00e9limar, nous atteignons le royaume du soleil et donc\u00a0la partie la plus chaude des C\u00f4tes du Rhone. La\u00a0terre est diverse\u00a0mais g\u00e9n\u00e9ralement calcaire.<\/p>\n<p>Le c\u00e9page le plus utilis\u00e9 est le grenache.\u00a0Le climat peut \u00eatre tr\u00e8s dur\u00a0et lunatique avec de grandes amplitudes thermiques.\u00a0Sont souvent cultiv\u00e9es plusieurs vari\u00e9t\u00e9s comme une sorte d &#8216;\u00abassurance\u00bb. Le\u00a0Ch\u00e2teauneuf-du-Pape, par exemple, peut contenir jusqu&#8217;\u00e0 13 c\u00e9pages diff\u00e9rents.<\/p>\n<h3>Pour les C\u00f4tes du Rh\u00f4ne, il existe\u00a0deux appellations r\u00e9gionales qui sont :<\/h3>\n<ol>\n<li><strong>C\u00f4tes du Rh\u00f4ne<\/strong> : Au moins 40% sont compos\u00e9s\u00a0de Grenache et 70% ont du\u00a0Grenache, du Syrah et du Mourd\u00e8vre.<\/li>\n<li><strong>C\u00f4tes du Rh\u00f4ne Villages<\/strong> : certaines communes dans les C\u00f4tes du Rh\u00f4ne ont\u00a0atteint un statut afin de se diff\u00e9rencier des autres C\u00f4tes du Rh\u00f4ne, en indiquant le nom de leur\u00a0commune sur l&#8217;\u00e9tiquette. Il y a alors des r\u00e8gles que le vigneron doit respecter afin d&#8217;atteindre ce niveau,\u00a0principalement li\u00e9\u00a0\u00e0 l&#8217;origine g\u00e9ographique du\u00a0raisin, les rendements de la r\u00e9colte par m\u00e8tre carr\u00e9 et le taux d&#8217;alcool.<\/li>\n<\/ol>\n<p>18 villages des\u00a0C\u00f4tes du Rh\u00f4ne ont l&#8217;autorisation\u00a0d&#8217;ajouter leurs noms sur l&#8217;\u00e9tiquette. Les plus connus sont: Rasteau, Cairanne, Valr\u00e9as et Visan. Ces villages produisent souvent de superbes\u00a0vins. A c\u00f4t\u00e9 de ces deux appellations r\u00e9gionales ont \u00e9t\u00e9 cr\u00e9\u00e9es des appellations communales. On\u00a0divise souvent les appellations\u00a0municipales en deux cat\u00e9gories selon qu&#8217;ils sont du nord des C\u00f4tes du Rh\u00f4ne ou du sud.<\/p>\n<p><img decoding=\"async\" class=\"size-full wp-image-127456 alignleft lazyload\" data-src=\"https:\/\/www.ivinio.com\/wp-content\/uploads\/2021\/07\/Cotes-du-rhone.jpg\" alt=\"\" width=\"258\" height=\"195\" src=\"data:image\/gif;base64,R0lGODlhAQABAAAAACH5BAEKAAEALAAAAAABAAEAAAICTAEAOw==\" style=\"--smush-placeholder-width: 258px; --smush-placeholder-aspect-ratio: 258\/195;\" \/>Ces appellations communales sont souvent appel\u00e9es &#8220;crus&#8221; et sont consid\u00e9r\u00e9es par de nombreuses \u00e9valuations internationales comme\u00a0repr\u00e9sentant quelques-uns des meilleurs vins du monde :<\/p>\n<ol>\n<li><strong>Les appellations communales du Nord (entre Vienne et Valence)<\/strong> : C\u00f4tes-R\u00f4tie, Condrieu, Saint-Joseph, Crozes-Hermitage, Hermitage, Cornas, Saint-Peray, Clairette-de-die, Cr\u00e9mant-de-die, Ch\u00e2tillon-en -Diois.<\/li>\n<li><strong>Les appellations communales du Sud (de Valence et en dessous)<\/strong> : Vinsobres, Gigondas, Beaumes-de-venise, Vacqueyras, Ch\u00e2teauneuf-du-Pape, Lirac, Image, Costi\u00e8res-de-N\u00eemes, Coteaux-de-Tricastin, Ventoux, Luberon, Pierrevert, C\u00f4tes-du-viva.<\/li>\n<\/ol>\n","protected":false},"excerpt":{"rendered":"<p>Les C\u00f4tes du Rh\u00f4ne est la r\u00e9gion viticole de la vall\u00e9e du Rh\u00f4ne qui borde le fleuve du Rh\u00f4ne. Cette r\u00e9gion est la deuxi\u00e8me plus grande r\u00e9gion fran\u00e7aise de vin apr\u00e8s Bordeaux. Elle s&#8217;\u00e9tend du sud de Lyon \u00e0 la mer M\u00e9diterran\u00e9e et l&#8217;effet du soleil sur les raisins est tr\u00e8s \u00e9vident lors de la [&hellip;]<\/p>\n","protected":false},"author":1746,"featured_media":0,"parent":0,"menu_order":0,"comment_status":"open","ping_status":"closed","template":"","meta":{"_monsterinsights_skip_tracking":false,"_monsterinsights_sitenote_active":false,"_monsterinsights_sitenote_note":"","_monsterinsights_sitenote_category":0,"_uf_show_specific_survey":0,"_uf_disable_surveys":false,"footnotes":""},"class_list":["post-68120","page","type-page","status-publish","hentry"],"yoast_head":"<!-- This site is optimized with the Yoast SEO plugin v27.4 - https:\/\/yoast.com\/product\/yoast-seo-wordpress\/ -->\n<title>C\u00f4tes-du-Rh\u00f4ne - IVINIO Caviste<\/title>\n<meta name=\"description\" content=\"Les C\u00f4tes du Rh\u00f4ne est la r\u00e9gion viticole de la vall\u00e9e du Rh\u00f4ne qui borde le fleuve du Rh\u00f4ne.\" \/>\n<meta name=\"robots\" content=\"index, follow, max-snippet:-1, max-image-preview:large, max-video-preview:-1\" \/>\n<link rel=\"canonical\" href=\"https:\/\/www.ivinio.com\/fr\/fr-cotes-du-rhone\/\" \/>\n<meta property=\"og:locale\" content=\"fr_FR\" \/>\n<meta property=\"og:type\" content=\"article\" \/>\n<meta property=\"og:title\" content=\"C\u00f4tes-du-Rh\u00f4ne - IVINIO Caviste\" \/>\n<meta property=\"og:description\" content=\"Les C\u00f4tes du Rh\u00f4ne est la r\u00e9gion viticole de la vall\u00e9e du Rh\u00f4ne qui borde le fleuve du Rh\u00f4ne.\" \/>\n<meta property=\"og:url\" content=\"https:\/\/www.ivinio.com\/fr\/fr-cotes-du-rhone\/\" \/>\n<meta property=\"og:site_name\" content=\"IVINIO Caviste\" \/>\n<meta property=\"article:publisher\" content=\"https:\/\/www.facebook.com\/groups\/165217837022391\/?ref=bookmarks\" \/>\n<meta property=\"article:modified_time\" content=\"2021-08-25T17:39:18+00:00\" \/>\n<meta property=\"og:image\" content=\"https:\/\/www.ivinio.com\/wp-content\/uploads\/2021\/07\/Cotes-du-rhone.jpg\" \/>\n<meta name=\"twitter:card\" content=\"summary_large_image\" \/>\n<meta name=\"twitter:label1\" content=\"Dur\u00e9e de lecture estim\u00e9e\" \/>\n\t<meta name=\"twitter:data1\" content=\"3 minutes\" \/>\n<script type=\"application\/ld+json\" class=\"yoast-schema-graph\">{\"@context\":\"https:\\\/\\\/schema.org\",\"@graph\":[{\"@type\":\"WebPage\",\"@id\":\"https:\\\/\\\/www.ivinio.com\\\/fr\\\/fr-cotes-du-rhone\\\/\",\"url\":\"https:\\\/\\\/www.ivinio.com\\\/fr\\\/fr-cotes-du-rhone\\\/\",\"name\":\"C\u00f4tes-du-Rh\u00f4ne - IVINIO Caviste\",\"isPartOf\":{\"@id\":\"https:\\\/\\\/www.ivinio.com\\\/fr\\\/#website\"},\"primaryImageOfPage\":{\"@id\":\"https:\\\/\\\/www.ivinio.com\\\/fr\\\/fr-cotes-du-rhone\\\/#primaryimage\"},\"image\":{\"@id\":\"https:\\\/\\\/www.ivinio.com\\\/fr\\\/fr-cotes-du-rhone\\\/#primaryimage\"},\"thumbnailUrl\":\"https:\\\/\\\/www.ivinio.com\\\/wp-content\\\/uploads\\\/2021\\\/07\\\/Cotes-du-rhone.jpg\",\"datePublished\":\"2014-05-30T15:05:11+00:00\",\"dateModified\":\"2021-08-25T17:39:18+00:00\",\"description\":\"Les C\u00f4tes du Rh\u00f4ne est la r\u00e9gion viticole de la vall\u00e9e du Rh\u00f4ne qui borde le fleuve du Rh\u00f4ne.\",\"breadcrumb\":{\"@id\":\"https:\\\/\\\/www.ivinio.com\\\/fr\\\/fr-cotes-du-rhone\\\/#breadcrumb\"},\"inLanguage\":\"fr-FR\",\"potentialAction\":[{\"@type\":\"ReadAction\",\"target\":[\"https:\\\/\\\/www.ivinio.com\\\/fr\\\/fr-cotes-du-rhone\\\/\"]}]},{\"@type\":\"ImageObject\",\"inLanguage\":\"fr-FR\",\"@id\":\"https:\\\/\\\/www.ivinio.com\\\/fr\\\/fr-cotes-du-rhone\\\/#primaryimage\",\"url\":\"https:\\\/\\\/www.ivinio.com\\\/wp-content\\\/uploads\\\/2021\\\/07\\\/Cotes-du-rhone.jpg\",\"contentUrl\":\"https:\\\/\\\/www.ivinio.com\\\/wp-content\\\/uploads\\\/2021\\\/07\\\/Cotes-du-rhone.jpg\"},{\"@type\":\"BreadcrumbList\",\"@id\":\"https:\\\/\\\/www.ivinio.com\\\/fr\\\/fr-cotes-du-rhone\\\/#breadcrumb\",\"itemListElement\":[{\"@type\":\"ListItem\",\"position\":1,\"name\":\"Home\",\"item\":\"https:\\\/\\\/www.ivinio.com\\\/fr\\\/\"},{\"@type\":\"ListItem\",\"position\":2,\"name\":\"C\u00f4tes-du-Rh\u00f4ne\"}]},{\"@type\":\"WebSite\",\"@id\":\"https:\\\/\\\/www.ivinio.com\\\/fr\\\/#website\",\"url\":\"https:\\\/\\\/www.ivinio.com\\\/fr\\\/\",\"name\":\"IVINIO Caviste\",\"description\":\"Vins de France et d&#039;Italie avec livraison \u00e0 domicile\",\"publisher\":{\"@id\":\"https:\\\/\\\/www.ivinio.com\\\/fr\\\/#organization\"},\"potentialAction\":[{\"@type\":\"SearchAction\",\"target\":{\"@type\":\"EntryPoint\",\"urlTemplate\":\"https:\\\/\\\/www.ivinio.com\\\/fr\\\/?s={search_term_string}\"},\"query-input\":{\"@type\":\"PropertyValueSpecification\",\"valueRequired\":true,\"valueName\":\"search_term_string\"}}],\"inLanguage\":\"fr-FR\"},{\"@type\":\"Organization\",\"@id\":\"https:\\\/\\\/www.ivinio.com\\\/fr\\\/#organization\",\"name\":\"IVINIO\",\"url\":\"https:\\\/\\\/www.ivinio.com\\\/fr\\\/\",\"logo\":{\"@type\":\"ImageObject\",\"inLanguage\":\"fr-FR\",\"@id\":\"https:\\\/\\\/www.ivinio.com\\\/fr\\\/#\\\/schema\\\/logo\\\/image\\\/\",\"url\":\"https:\\\/\\\/www.ivinio.com\\\/wp-content\\\/uploads\\\/2021\\\/01\\\/Logo-Ivinio-v2.jpg\",\"contentUrl\":\"https:\\\/\\\/www.ivinio.com\\\/wp-content\\\/uploads\\\/2021\\\/01\\\/Logo-Ivinio-v2.jpg\",\"width\":1194,\"height\":1194,\"caption\":\"IVINIO\"},\"image\":{\"@id\":\"https:\\\/\\\/www.ivinio.com\\\/fr\\\/#\\\/schema\\\/logo\\\/image\\\/\"},\"sameAs\":[\"https:\\\/\\\/www.facebook.com\\\/groups\\\/165217837022391\\\/?ref=bookmarks\",\"https:\\\/\\\/www.instagram.com\\\/_ivinio_\\\/?hl=fr\"]}]}<\/script>\n<!-- \/ Yoast SEO plugin. -->","yoast_head_json":{"title":"C\u00f4tes-du-Rh\u00f4ne - IVINIO Caviste","description":"Les C\u00f4tes du Rh\u00f4ne est la r\u00e9gion viticole de la vall\u00e9e du Rh\u00f4ne qui borde le fleuve du Rh\u00f4ne.","robots":{"index":"index","follow":"follow","max-snippet":"max-snippet:-1","max-image-preview":"max-image-preview:large","max-video-preview":"max-video-preview:-1"},"canonical":"https:\/\/www.ivinio.com\/fr\/fr-cotes-du-rhone\/","og_locale":"fr_FR","og_type":"article","og_title":"C\u00f4tes-du-Rh\u00f4ne - IVINIO Caviste","og_description":"Les C\u00f4tes du Rh\u00f4ne est la r\u00e9gion viticole de la vall\u00e9e du Rh\u00f4ne qui borde le fleuve du Rh\u00f4ne.","og_url":"https:\/\/www.ivinio.com\/fr\/fr-cotes-du-rhone\/","og_site_name":"IVINIO Caviste","article_publisher":"https:\/\/www.facebook.com\/groups\/165217837022391\/?ref=bookmarks","article_modified_time":"2021-08-25T17:39:18+00:00","og_image":[{"url":"https:\/\/www.ivinio.com\/wp-content\/uploads\/2021\/07\/Cotes-du-rhone.jpg","type":"","width":"","height":""}],"twitter_card":"summary_large_image","twitter_misc":{"Dur\u00e9e de lecture estim\u00e9e":"3 minutes"},"schema":{"@context":"https:\/\/schema.org","@graph":[{"@type":"WebPage","@id":"https:\/\/www.ivinio.com\/fr\/fr-cotes-du-rhone\/","url":"https:\/\/www.ivinio.com\/fr\/fr-cotes-du-rhone\/","name":"C\u00f4tes-du-Rh\u00f4ne - IVINIO Caviste","isPartOf":{"@id":"https:\/\/www.ivinio.com\/fr\/#website"},"primaryImageOfPage":{"@id":"https:\/\/www.ivinio.com\/fr\/fr-cotes-du-rhone\/#primaryimage"},"image":{"@id":"https:\/\/www.ivinio.com\/fr\/fr-cotes-du-rhone\/#primaryimage"},"thumbnailUrl":"https:\/\/www.ivinio.com\/wp-content\/uploads\/2021\/07\/Cotes-du-rhone.jpg","datePublished":"2014-05-30T15:05:11+00:00","dateModified":"2021-08-25T17:39:18+00:00","description":"Les C\u00f4tes du Rh\u00f4ne est la r\u00e9gion viticole de la vall\u00e9e du Rh\u00f4ne qui borde le fleuve du Rh\u00f4ne.","breadcrumb":{"@id":"https:\/\/www.ivinio.com\/fr\/fr-cotes-du-rhone\/#breadcrumb"},"inLanguage":"fr-FR","potentialAction":[{"@type":"ReadAction","target":["https:\/\/www.ivinio.com\/fr\/fr-cotes-du-rhone\/"]}]},{"@type":"ImageObject","inLanguage":"fr-FR","@id":"https:\/\/www.ivinio.com\/fr\/fr-cotes-du-rhone\/#primaryimage","url":"https:\/\/www.ivinio.com\/wp-content\/uploads\/2021\/07\/Cotes-du-rhone.jpg","contentUrl":"https:\/\/www.ivinio.com\/wp-content\/uploads\/2021\/07\/Cotes-du-rhone.jpg"},{"@type":"BreadcrumbList","@id":"https:\/\/www.ivinio.com\/fr\/fr-cotes-du-rhone\/#breadcrumb","itemListElement":[{"@type":"ListItem","position":1,"name":"Home","item":"https:\/\/www.ivinio.com\/fr\/"},{"@type":"ListItem","position":2,"name":"C\u00f4tes-du-Rh\u00f4ne"}]},{"@type":"WebSite","@id":"https:\/\/www.ivinio.com\/fr\/#website","url":"https:\/\/www.ivinio.com\/fr\/","name":"IVINIO Caviste","description":"Vins de France et d&#039;Italie avec livraison \u00e0 domicile","publisher":{"@id":"https:\/\/www.ivinio.com\/fr\/#organization"},"potentialAction":[{"@type":"SearchAction","target":{"@type":"EntryPoint","urlTemplate":"https:\/\/www.ivinio.com\/fr\/?s={search_term_string}"},"query-input":{"@type":"PropertyValueSpecification","valueRequired":true,"valueName":"search_term_string"}}],"inLanguage":"fr-FR"},{"@type":"Organization","@id":"https:\/\/www.ivinio.com\/fr\/#organization","name":"IVINIO","url":"https:\/\/www.ivinio.com\/fr\/","logo":{"@type":"ImageObject","inLanguage":"fr-FR","@id":"https:\/\/www.ivinio.com\/fr\/#\/schema\/logo\/image\/","url":"https:\/\/www.ivinio.com\/wp-content\/uploads\/2021\/01\/Logo-Ivinio-v2.jpg","contentUrl":"https:\/\/www.ivinio.com\/wp-content\/uploads\/2021\/01\/Logo-Ivinio-v2.jpg","width":1194,"height":1194,"caption":"IVINIO"},"image":{"@id":"https:\/\/www.ivinio.com\/fr\/#\/schema\/logo\/image\/"},"sameAs":["https:\/\/www.facebook.com\/groups\/165217837022391\/?ref=bookmarks","https:\/\/www.instagram.com\/_ivinio_\/?hl=fr"]}]}},"jetpack_shortlink":"https:\/\/wp.me\/PcK36q-hII","jetpack_sharing_enabled":true,"_links":{"self":[{"href":"https:\/\/www.ivinio.com\/fr\/wp-json\/wp\/v2\/pages\/68120","targetHints":{"allow":["GET"]}}],"collection":[{"href":"https:\/\/www.ivinio.com\/fr\/wp-json\/wp\/v2\/pages"}],"about":[{"href":"https:\/\/www.ivinio.com\/fr\/wp-json\/wp\/v2\/types\/page"}],"author":[{"embeddable":true,"href":"https:\/\/www.ivinio.com\/fr\/wp-json\/wp\/v2\/users\/1746"}],"replies":[{"embeddable":true,"href":"https:\/\/www.ivinio.com\/fr\/wp-json\/wp\/v2\/comments?post=68120"}],"version-history":[{"count":0,"href":"https:\/\/www.ivinio.com\/fr\/wp-json\/wp\/v2\/pages\/68120\/revisions"}],"wp:attachment":[{"href":"https:\/\/www.ivinio.com\/fr\/wp-json\/wp\/v2\/media?parent=68120"}],"curies":[{"name":"wp","href":"https:\/\/api.w.org\/{rel}","templated":true}]}}