{"id":68117,"date":"2014-05-30T17:03:17","date_gmt":"2014-05-30T15:03:17","guid":{"rendered":"https:\/\/henrik.www.ivinio.com\/?p=68117"},"modified":"2023-09-16T11:20:03","modified_gmt":"2023-09-16T09:20:03","slug":"fr-corse","status":"publish","type":"page","link":"https:\/\/www.ivinio.com\/fr\/fr-corse\/","title":{"rendered":"Corse"},"content":{"rendered":"<p><strong>Historiquement, les vins corses ont une double origine<\/strong>. Tout d\u2019abord, tout comme en Provence, ce sont les Grecs qui ont introduit la viticulture en Corse. <strong>La diff\u00e9rence avec la Provence, c\u2019est l\u2019influence de l\u2019Italie sur la Corse<\/strong>, ou plus exactement ce qui \u00e9tait alors l\u2019Italie (elle n\u2019existait pas r\u00e9unifi\u00e9e): Lombardie, puis Pise et G\u00e8nes. Les vari\u00e9t\u00e9s de c\u00e9pages en Corse sont comparable \u00e0 celles utilis\u00e9es en Italie. Nielluccio s\u2019appelle Sangiovese en Italie, Moscata, Aleatico, Vermentino, Genovese, Biancone et Biancolella, pour n\u2019en nommer que quelques-uns. Si la culture du vin en Corse a commenc\u00e9e dans l\u2019antiquit\u00e9, c\u2019est seulement apr\u00e8s la r\u00e9conciliation avec la France que la production est r\u00e9elle. Tant et si bien qu\u2019 en 1850, la viticulture repr\u00e9sentait les \u00be du revenu de la Corse.<\/p>\n<p><img decoding=\"async\" class=\"alignleft wp-image-127422 size-full lazyload\" data-src=\"https:\/\/www.ivinio.com\/wp-content\/uploads\/2021\/07\/corse.jpg\" alt=\"Vins corses\" width=\"451\" height=\"267\" data-srcset=\"https:\/\/www.ivinio.com\/wp-content\/uploads\/2021\/07\/corse.jpg 451w, https:\/\/www.ivinio.com\/wp-content\/uploads\/2021\/07\/corse-300x178.jpg 300w\" data-sizes=\"(max-width: 451px) 100vw, 451px\" src=\"data:image\/gif;base64,R0lGODlhAQABAAAAACH5BAEKAAEALAAAAAABAAEAAAICTAEAOw==\" style=\"--smush-placeholder-width: 451px; --smush-placeholder-aspect-ratio: 451\/267;\" \/>Les vins blanc et ros\u00e9 sont bien adapt\u00e9s aux fruits de mer et au poisson. Les vins rouges s\u2019accordent \u00e0 diff\u00e9rents types de plats de viande. Ce qui est \u00e0 noter c\u2019est que certains vins blancs vieillissent tr\u00e8s bien jusqu\u2019\u00e0 plusieurs ann\u00e9es. <strong>Il y a quatre appellations AOC de vins corses o\u00f9 le \u00abVin-de-Corse\u00bb peut \u00eatre divis\u00e9 en 5 mini appellations.<\/strong>.<br \/>\nOn peut donc, dans un sens, consid\u00e9rer qu\u2019il y a 9 appellations diff\u00e9rentes:<\/p>\n<ol>\n<li><strong>Vin de Corse:<\/strong> produit en rouge, blanc et ros\u00e9 et peut \u00eatre fait n\u2019importe o\u00f9 sur l\u2019\u00eele, sauf dans la zone d\u00e9finie pour le Patrimonio dans le nord. \u201cVin de Corse\u201d varie en go\u00fbt selon l\u2019endroit o\u00f9 il a \u00e9t\u00e9 produit, et il a donc \u00e9t\u00e9 mis en place cinq sous-cat\u00e9gories de types de vin: -Coteaux du Cap Corse (Corse du Nord) -Calvi -Sart\u00e8ne -Figari et Porto-Vecchio.<\/li>\n<li><strong>Ajaccio:<\/strong> une petite appellation, qui s\u2019\u00e9tend un peu autour d\u2019Ajaccio. Ce sont principalement les c\u00e9pages: Sciaccarellu utilis\u00e9s pour les vins rouges et ros\u00e9s et Vermentino pour les blancs.<\/li>\n<li><strong>Muscat-du-Cap-Corse:<\/strong> une minuscule appellation dans le nord de la Corse produisant des vins blancs liquoreux. Convient parfaitement dans le fromage et les desserts.<\/li>\n<li><strong>Patrimonio:<\/strong> sans doute le plus prestigieux des vins de Corse.<\/li>\n<li>Ce sont les c\u00e9pages Niellucciu pour les vins rouges et ros\u00e9s et le Vermentino pour le blanc; cela cr\u00e9e des vins typiques, de caract\u00e8re et de haute qualit\u00e9: le rouge est fruit\u00e9, \u00e9pic\u00e9 et adapt\u00e9 \u00e0 la garde. Le ros\u00e9 est fruit\u00e9 et puissant. <strong>Les Blancs sont g\u00e9n\u00e9reux et savoureux.<\/strong><\/li>\n<\/ol>\n<p><!--\n\n\n<p class=\"title_block\">Lista av sidor i %:<\/p>\n\n\n--><\/p>\n","protected":false},"excerpt":{"rendered":"<p>Historiquement, les vins corses ont une double origine. Tout d\u2019abord, tout comme en Provence, ce sont les Grecs qui ont introduit la viticulture en Corse. La diff\u00e9rence avec la Provence, c\u2019est l\u2019influence de l\u2019Italie sur la Corse, ou plus exactement ce qui \u00e9tait alors l\u2019Italie (elle n\u2019existait pas r\u00e9unifi\u00e9e): Lombardie, puis Pise et G\u00e8nes. Les [&hellip;]<\/p>\n","protected":false},"author":1746,"featured_media":0,"parent":0,"menu_order":0,"comment_status":"open","ping_status":"closed","template":"","meta":{"_monsterinsights_skip_tracking":false,"_monsterinsights_sitenote_active":false,"_monsterinsights_sitenote_note":"","_monsterinsights_sitenote_category":0,"_uf_show_specific_survey":0,"_uf_disable_surveys":false,"footnotes":""},"class_list":["post-68117","page","type-page","status-publish","hentry"],"yoast_head":"<!-- This site is optimized with the Yoast SEO plugin v27.5 - https:\/\/yoast.com\/product\/yoast-seo-wordpress\/ -->\n<title>Vins corses - IVINIO Caviste<\/title>\n<meta name=\"description\" content=\"Historiquement, les vins corses ont une double origine Tout comme en Provence, ce sont les Grecs qui ont introduit la viticulture en Corse...\" \/>\n<meta name=\"robots\" content=\"index, follow, max-snippet:-1, max-image-preview:large, max-video-preview:-1\" \/>\n<link rel=\"canonical\" href=\"https:\/\/www.ivinio.com\/fr\/fr-corse\/\" \/>\n<meta property=\"og:locale\" content=\"fr_FR\" \/>\n<meta property=\"og:type\" content=\"article\" \/>\n<meta property=\"og:title\" content=\"Vins corses - IVINIO Caviste\" \/>\n<meta property=\"og:description\" content=\"Historiquement, les vins corses ont une double origine Tout comme en Provence, ce sont les Grecs qui ont introduit la viticulture en Corse...\" \/>\n<meta property=\"og:url\" content=\"https:\/\/www.ivinio.com\/fr\/fr-corse\/\" \/>\n<meta property=\"og:site_name\" content=\"IVINIO Caviste\" \/>\n<meta property=\"article:publisher\" content=\"https:\/\/www.facebook.com\/groups\/165217837022391\/?ref=bookmarks\" \/>\n<meta property=\"article:modified_time\" content=\"2023-09-16T09:20:03+00:00\" \/>\n<meta property=\"og:image\" content=\"https:\/\/www.ivinio.com\/wp-content\/uploads\/2021\/07\/corse.jpg\" \/>\n<meta name=\"twitter:card\" content=\"summary_large_image\" \/>\n<meta name=\"twitter:label1\" content=\"Dur\u00e9e de lecture estim\u00e9e\" \/>\n\t<meta name=\"twitter:data1\" content=\"2 minutes\" \/>\n<script type=\"application\/ld+json\" class=\"yoast-schema-graph\">{\"@context\":\"https:\\\/\\\/schema.org\",\"@graph\":[{\"@type\":\"WebPage\",\"@id\":\"https:\\\/\\\/www.ivinio.com\\\/fr\\\/fr-corse\\\/\",\"url\":\"https:\\\/\\\/www.ivinio.com\\\/fr\\\/fr-corse\\\/\",\"name\":\"Vins corses - IVINIO Caviste\",\"isPartOf\":{\"@id\":\"https:\\\/\\\/www.ivinio.com\\\/fr\\\/#website\"},\"primaryImageOfPage\":{\"@id\":\"https:\\\/\\\/www.ivinio.com\\\/fr\\\/fr-corse\\\/#primaryimage\"},\"image\":{\"@id\":\"https:\\\/\\\/www.ivinio.com\\\/fr\\\/fr-corse\\\/#primaryimage\"},\"thumbnailUrl\":\"https:\\\/\\\/www.ivinio.com\\\/wp-content\\\/uploads\\\/2021\\\/07\\\/corse.jpg\",\"datePublished\":\"2014-05-30T15:03:17+00:00\",\"dateModified\":\"2023-09-16T09:20:03+00:00\",\"description\":\"Historiquement, les vins corses ont une double origine Tout comme en Provence, ce sont les Grecs qui ont introduit la viticulture en Corse...\",\"breadcrumb\":{\"@id\":\"https:\\\/\\\/www.ivinio.com\\\/fr\\\/fr-corse\\\/#breadcrumb\"},\"inLanguage\":\"fr-FR\",\"potentialAction\":[{\"@type\":\"ReadAction\",\"target\":[\"https:\\\/\\\/www.ivinio.com\\\/fr\\\/fr-corse\\\/\"]}]},{\"@type\":\"ImageObject\",\"inLanguage\":\"fr-FR\",\"@id\":\"https:\\\/\\\/www.ivinio.com\\\/fr\\\/fr-corse\\\/#primaryimage\",\"url\":\"https:\\\/\\\/www.ivinio.com\\\/wp-content\\\/uploads\\\/2021\\\/07\\\/corse.jpg\",\"contentUrl\":\"https:\\\/\\\/www.ivinio.com\\\/wp-content\\\/uploads\\\/2021\\\/07\\\/corse.jpg\"},{\"@type\":\"BreadcrumbList\",\"@id\":\"https:\\\/\\\/www.ivinio.com\\\/fr\\\/fr-corse\\\/#breadcrumb\",\"itemListElement\":[{\"@type\":\"ListItem\",\"position\":1,\"name\":\"Home\",\"item\":\"https:\\\/\\\/www.ivinio.com\\\/fr\\\/\"},{\"@type\":\"ListItem\",\"position\":2,\"name\":\"Corse\"}]},{\"@type\":\"WebSite\",\"@id\":\"https:\\\/\\\/www.ivinio.com\\\/fr\\\/#website\",\"url\":\"https:\\\/\\\/www.ivinio.com\\\/fr\\\/\",\"name\":\"IVINIO Caviste\",\"description\":\"Vins de France et d&#039;Italie avec livraison \u00e0 domicile\",\"publisher\":{\"@id\":\"https:\\\/\\\/www.ivinio.com\\\/fr\\\/#organization\"},\"potentialAction\":[{\"@type\":\"SearchAction\",\"target\":{\"@type\":\"EntryPoint\",\"urlTemplate\":\"https:\\\/\\\/www.ivinio.com\\\/fr\\\/?s={search_term_string}\"},\"query-input\":{\"@type\":\"PropertyValueSpecification\",\"valueRequired\":true,\"valueName\":\"search_term_string\"}}],\"inLanguage\":\"fr-FR\"},{\"@type\":\"Organization\",\"@id\":\"https:\\\/\\\/www.ivinio.com\\\/fr\\\/#organization\",\"name\":\"IVINIO\",\"url\":\"https:\\\/\\\/www.ivinio.com\\\/fr\\\/\",\"logo\":{\"@type\":\"ImageObject\",\"inLanguage\":\"fr-FR\",\"@id\":\"https:\\\/\\\/www.ivinio.com\\\/fr\\\/#\\\/schema\\\/logo\\\/image\\\/\",\"url\":\"https:\\\/\\\/www.ivinio.com\\\/wp-content\\\/uploads\\\/2021\\\/01\\\/Logo-Ivinio-v2.jpg\",\"contentUrl\":\"https:\\\/\\\/www.ivinio.com\\\/wp-content\\\/uploads\\\/2021\\\/01\\\/Logo-Ivinio-v2.jpg\",\"width\":1194,\"height\":1194,\"caption\":\"IVINIO\"},\"image\":{\"@id\":\"https:\\\/\\\/www.ivinio.com\\\/fr\\\/#\\\/schema\\\/logo\\\/image\\\/\"},\"sameAs\":[\"https:\\\/\\\/www.facebook.com\\\/groups\\\/165217837022391\\\/?ref=bookmarks\",\"https:\\\/\\\/www.instagram.com\\\/_ivinio_\\\/?hl=fr\"]}]}<\/script>\n<!-- \/ Yoast SEO plugin. -->","yoast_head_json":{"title":"Vins corses - IVINIO Caviste","description":"Historiquement, les vins corses ont une double origine Tout comme en Provence, ce sont les Grecs qui ont introduit la viticulture en Corse...","robots":{"index":"index","follow":"follow","max-snippet":"max-snippet:-1","max-image-preview":"max-image-preview:large","max-video-preview":"max-video-preview:-1"},"canonical":"https:\/\/www.ivinio.com\/fr\/fr-corse\/","og_locale":"fr_FR","og_type":"article","og_title":"Vins corses - IVINIO Caviste","og_description":"Historiquement, les vins corses ont une double origine Tout comme en Provence, ce sont les Grecs qui ont introduit la viticulture en Corse...","og_url":"https:\/\/www.ivinio.com\/fr\/fr-corse\/","og_site_name":"IVINIO Caviste","article_publisher":"https:\/\/www.facebook.com\/groups\/165217837022391\/?ref=bookmarks","article_modified_time":"2023-09-16T09:20:03+00:00","og_image":[{"url":"https:\/\/www.ivinio.com\/wp-content\/uploads\/2021\/07\/corse.jpg","type":"","width":"","height":""}],"twitter_card":"summary_large_image","twitter_misc":{"Dur\u00e9e de lecture estim\u00e9e":"2 minutes"},"schema":{"@context":"https:\/\/schema.org","@graph":[{"@type":"WebPage","@id":"https:\/\/www.ivinio.com\/fr\/fr-corse\/","url":"https:\/\/www.ivinio.com\/fr\/fr-corse\/","name":"Vins corses - IVINIO Caviste","isPartOf":{"@id":"https:\/\/www.ivinio.com\/fr\/#website"},"primaryImageOfPage":{"@id":"https:\/\/www.ivinio.com\/fr\/fr-corse\/#primaryimage"},"image":{"@id":"https:\/\/www.ivinio.com\/fr\/fr-corse\/#primaryimage"},"thumbnailUrl":"https:\/\/www.ivinio.com\/wp-content\/uploads\/2021\/07\/corse.jpg","datePublished":"2014-05-30T15:03:17+00:00","dateModified":"2023-09-16T09:20:03+00:00","description":"Historiquement, les vins corses ont une double origine Tout comme en Provence, ce sont les Grecs qui ont introduit la viticulture en Corse...","breadcrumb":{"@id":"https:\/\/www.ivinio.com\/fr\/fr-corse\/#breadcrumb"},"inLanguage":"fr-FR","potentialAction":[{"@type":"ReadAction","target":["https:\/\/www.ivinio.com\/fr\/fr-corse\/"]}]},{"@type":"ImageObject","inLanguage":"fr-FR","@id":"https:\/\/www.ivinio.com\/fr\/fr-corse\/#primaryimage","url":"https:\/\/www.ivinio.com\/wp-content\/uploads\/2021\/07\/corse.jpg","contentUrl":"https:\/\/www.ivinio.com\/wp-content\/uploads\/2021\/07\/corse.jpg"},{"@type":"BreadcrumbList","@id":"https:\/\/www.ivinio.com\/fr\/fr-corse\/#breadcrumb","itemListElement":[{"@type":"ListItem","position":1,"name":"Home","item":"https:\/\/www.ivinio.com\/fr\/"},{"@type":"ListItem","position":2,"name":"Corse"}]},{"@type":"WebSite","@id":"https:\/\/www.ivinio.com\/fr\/#website","url":"https:\/\/www.ivinio.com\/fr\/","name":"IVINIO Caviste","description":"Vins de France et d&#039;Italie avec livraison \u00e0 domicile","publisher":{"@id":"https:\/\/www.ivinio.com\/fr\/#organization"},"potentialAction":[{"@type":"SearchAction","target":{"@type":"EntryPoint","urlTemplate":"https:\/\/www.ivinio.com\/fr\/?s={search_term_string}"},"query-input":{"@type":"PropertyValueSpecification","valueRequired":true,"valueName":"search_term_string"}}],"inLanguage":"fr-FR"},{"@type":"Organization","@id":"https:\/\/www.ivinio.com\/fr\/#organization","name":"IVINIO","url":"https:\/\/www.ivinio.com\/fr\/","logo":{"@type":"ImageObject","inLanguage":"fr-FR","@id":"https:\/\/www.ivinio.com\/fr\/#\/schema\/logo\/image\/","url":"https:\/\/www.ivinio.com\/wp-content\/uploads\/2021\/01\/Logo-Ivinio-v2.jpg","contentUrl":"https:\/\/www.ivinio.com\/wp-content\/uploads\/2021\/01\/Logo-Ivinio-v2.jpg","width":1194,"height":1194,"caption":"IVINIO"},"image":{"@id":"https:\/\/www.ivinio.com\/fr\/#\/schema\/logo\/image\/"},"sameAs":["https:\/\/www.facebook.com\/groups\/165217837022391\/?ref=bookmarks","https:\/\/www.instagram.com\/_ivinio_\/?hl=fr"]}]}},"jetpack_shortlink":"https:\/\/wp.me\/PcK36q-hIF","jetpack_sharing_enabled":true,"_links":{"self":[{"href":"https:\/\/www.ivinio.com\/fr\/wp-json\/wp\/v2\/pages\/68117","targetHints":{"allow":["GET"]}}],"collection":[{"href":"https:\/\/www.ivinio.com\/fr\/wp-json\/wp\/v2\/pages"}],"about":[{"href":"https:\/\/www.ivinio.com\/fr\/wp-json\/wp\/v2\/types\/page"}],"author":[{"embeddable":true,"href":"https:\/\/www.ivinio.com\/fr\/wp-json\/wp\/v2\/users\/1746"}],"replies":[{"embeddable":true,"href":"https:\/\/www.ivinio.com\/fr\/wp-json\/wp\/v2\/comments?post=68117"}],"version-history":[{"count":0,"href":"https:\/\/www.ivinio.com\/fr\/wp-json\/wp\/v2\/pages\/68117\/revisions"}],"wp:attachment":[{"href":"https:\/\/www.ivinio.com\/fr\/wp-json\/wp\/v2\/media?parent=68117"}],"curies":[{"name":"wp","href":"https:\/\/api.w.org\/{rel}","templated":true}]}}