{"id":68111,"date":"2014-05-30T16:58:14","date_gmt":"2014-05-30T14:58:14","guid":{"rendered":"https:\/\/henrik.www.ivinio.com\/?p=68111"},"modified":"2021-11-06T20:10:09","modified_gmt":"2021-11-06T19:10:09","slug":"fr-bourgogne","status":"publish","type":"page","link":"https:\/\/www.ivinio.com\/fr\/fr-bourgogne\/","title":{"rendered":"Bourgogne"},"content":{"rendered":"<figure id=\"attachment_128950\" aria-describedby=\"caption-attachment-128950\" style=\"width: 300px\" class=\"wp-caption alignleft\"><img decoding=\"async\" class=\"wp-image-128950 lazyload\" data-src=\"https:\/\/www.ivinio.com\/wp-content\/uploads\/2021\/11\/vinregionen-bourgogne-200x300.jpg\" alt=\"Le vignoble de Bourgogne\" width=\"300\" height=\"450\" data-srcset=\"https:\/\/www.ivinio.com\/wp-content\/uploads\/2021\/11\/vinregionen-bourgogne-200x300.jpg 200w, https:\/\/www.ivinio.com\/wp-content\/uploads\/2021\/11\/vinregionen-bourgogne-500x750.jpg 500w, https:\/\/www.ivinio.com\/wp-content\/uploads\/2021\/11\/vinregionen-bourgogne.jpg 640w\" data-sizes=\"(max-width: 300px) 100vw, 300px\" src=\"data:image\/gif;base64,R0lGODlhAQABAAAAACH5BAEKAAEALAAAAAABAAEAAAICTAEAOw==\" style=\"--smush-placeholder-width: 300px; --smush-placeholder-aspect-ratio: 300\/450;\" \/><figcaption id=\"caption-attachment-128950\" class=\"wp-caption-text\">Photo by <a href=\"https:\/\/unsplash.com\/@joliejennyphotography?utm_source=unsplash&amp;utm_medium=referral&amp;utm_content=creditCopyText\">Nadeykina Evgeniya<\/a> on <a href=\"https:\/\/unsplash.com\/s\/photos\/bourgogne?utm_source=unsplash&amp;utm_medium=referral&amp;utm_content=creditCopyText\">Unsplash<\/a><\/figcaption><\/figure>\n<p>Le vignoble de Bourgogne sont souvent en concurrence avec ceux de Bordeaux pour le titre de la plus prestigieuse r\u00e9gion du vin en France. Il s&#8217;agit d&#8217;une vaste r\u00e9gion g\u00e9ographique comprenant les vins de Chablis blancs au nord,\u00a0et au sud de la ville de Dijon, nous trouvons les vins exclusifs et c\u00e9l\u00e8bres de C\u00f4tes-de-Nuits (o\u00f9 le Domaine Roman\u00e9e-Conti est connu \u00e0 travers le monde comme le plus exclusive et surtout le vin le plus cher). Nous continuons au sud avec les C\u00f4tes de Beaune et les C\u00f4tes Chalonnaise. Loin au sud, \u00e0 la fronti\u00e8re du Beaujolais, nous trouvons aussi les vins de Macon qui s&#8217;est fait conna\u00eetre pour ses magnifiques blancs Chardonnay.<\/p>\n<p>Tr\u00e8s g\u00e9n\u00e9ralement, on peut dire que dans la partie nord de la Bourgogne, au sud de Dijon ce sont les vins rouges qui r\u00e9put\u00e9s. Plus au sud, ce sont plut\u00f4t les vins blancs, (C\u00f4tes de Beaune, C\u00f4tes Chalonnaises et M\u00e2con). Les vins rouges du nord sont fruit\u00e9s, l\u00e9gers et fins. <strong>Le vignoble de Bourgogne couvre 38000 ha de vignes<\/strong>.<\/p>\n<p><a href=\"https:\/\/fr.wikipedia.org\/wiki\/Bourgogne_(ancienne_r%C3%A9gion_administrative)\">La Bourgogne<\/a> est une grande r\u00e9gion viticole en superficie, mais ce qui est particuli\u00e8rement caract\u00e9ristique de la Bourgogne c&#8217;est la tr\u00e8s petite taille des parcelles. Cette division peut parfois appara\u00eetre comme une simple mosa\u00efque. Il existe des variations consid\u00e9rables dans le vignoble de Bourgogne et ce, malgr\u00e9 le fait que la plupart de la production utilise seulement quatre c\u00e9pages diff\u00e9rents. Pinot Noir et Gamay pour les vins rouges et <a href=\"https:\/\/www.ivinio.com\/fr\/produit\/domaine-garnier-fils-chablis\/\">Chardonnay<\/a> et Aligot\u00e9 pour les blancs. En fait, vous pouvez limiter ces quatre vari\u00e9t\u00e9s \u00e0 seulement 2 quand Gamay est utilis\u00e9 principalement dans les vins l\u00e9gers et fruit\u00e9s du Beaujolais. Les vins Aligot\u00e9 sont\u00a0principalement utilis\u00e9s pour faire du Kir. Kir \u00e9tait le maire de Dijon, il a invent\u00e9 un\u00a0ap\u00e9ritif baptis\u00e9 le Kir qui est \u00e0 base de\u00a0liqueur de cassis m\u00e9lang\u00e9e \u00e0 du vin\u00a0blanc Aligot\u00e9\u00a0. Si vous souhaitez effectuer un\u00a0v\u00e9ritable Kir, vous\u00a0devez\u00a0utiliser du blanc\u00a0Aligot\u00e9. Les Pinots noir et Chardonnays qui sont des c\u00e9pages que l&#8217;on retrouve partout dans le monde a son origine pr\u00e9cis\u00e9ment en Bourgogne o\u00f9 ces raisins cultiv\u00e9s depuis plus de 2000 ans. Si les nouvelles plantations de Cabernet Sauvignon et de Merlot \u00e0 travers le monde a permis de reproduire le go\u00fbt des vins de Bordeaux avec un r\u00e9sultat relativement bon, les pinots noir de Bourgogne n&#8217;ont\u00a0jamais \u00e9t\u00e9 imit\u00e9s. La raison en est certainement le sol particulier qui joue\u00a0dans la saveur du raisin, ainsi que le climat.<\/p>\n<p>Les amateurs de Bourgogne appr\u00e9cient donc la finesse et\u00a0la subtilit\u00e9 de ces\u00a0vins rouges. Compar\u00e9 au\u00a0Bordeaux, \u00a0le\u00a0processus de fermentation dure la moiti\u00e9 du temps (10 jours), les peaux de raisin et les graines s\u00e9cr\u00e8tent alors de petites quantit\u00e9s de tannins. Le Pinot noir est \u00e9galement plus l\u00e9ger et plus fruit\u00e9 que le Cabernet Sauvignon utilis\u00e9 dans le\u00a0Bordelais.<\/p>\n<p>Compr\u00e9hension de\u00a0la classification des vins de\u00a0Bourgogne ? \u00c0 premi\u00e8re vue, il peut sembler aussi complexe que la compr\u00e9hension des Bordeaux. La Bourgogne produit, par exemple,\u00a010 fois moins de vin que la r\u00e9gion de Bordeaux, mais il a deux fois plus d&#8217;appellations. En fait, la classification\u00a0en Bourgogne est assez simple \u00e0 comprendre, surtout si vous connaissez les noms des villages. Il y a six cat\u00e9gories de Bourgogne. Ceux-ci sont ensuite divis\u00e9s en quatre niveaux diff\u00e9rents. Nous commen\u00e7ons avec les six cat\u00e9gories diff\u00e9rentes :<strong><img decoding=\"async\" style=\"--smush-placeholder-width: 512px; --smush-placeholder-aspect-ratio: 512\/339;float: right; margin-left: 20px; margin-right: 20px;\" data-src=\"https:\/\/www.ivinio.com\/wp-content\/uploads\/modules\/file\/pictures\/4812.beaune_hotel.jpg\" src=\"data:image\/gif;base64,R0lGODlhAQABAAAAACH5BAEKAAEALAAAAAABAAEAAAICTAEAOw==\" class=\"lazyload\" \/> <\/strong><\/p>\n<ol>\n<li><strong>Bourgogne<\/strong> : C&#8217;est l&#8217;appellation pour tous les vins produits en Bourgogne, Pinot noir pour les vins rouges et Chardonnay pour les vins blancs.<\/li>\n<li><strong>Bourgogne Aligot\u00e9<\/strong> : C&#8217;est le vin\u00a0aligot\u00e9. Jusqu&#8217;\u00e0 12% peut \u00eatre m\u00e9lang\u00e9 avec du Chardonnay.<\/li>\n<li><strong>Bourgogne Passetoutgrains<\/strong> : vin rouge ou ros\u00e9 fait en m\u00e9langeant du\u00a0Pinot noir et du Gamay. Le vin doit contenir au moins 1\/3 de Pinot noir. C&#8217;est souvent des vins l\u00e9gers et fruit\u00e9s.<\/li>\n<li><strong>Bourgogne ordinaire et Bourgogne Grand Ordinaire<\/strong> : vins rouges, blancs ou ros\u00e9s produits \u00e0 partir de Pinot Noir et de Gamay pour les vins rouges et Chardonnay ou Aligot\u00e9 pour les blancs.<\/li>\n<li><strong>Bourgogne mousseux<\/strong> : Tout type de vin mousseux, rouge, blanc ou ros\u00e9.<\/li>\n<li><strong>Cr\u00e9mant de Bourgogne<\/strong> : c&#8217;est l&#8217;\u00e9quivalent du\u00a0Champagne en Bourgogne. Il est g\u00e9n\u00e9ralement fait de Chardonnay. C&#8217;est ce qu&#8217;on appelle la m\u00e9thode classique et naturelle. On peut dire que l&#8217;utilisation de raisins Chardonnay et la proximit\u00e9 g\u00e9ographique de la Champagne fait du Cr\u00e9mant de Bourgogne le vin mousseux le plus ressemblant \u00e0 un\u00a0vrai\u00a0champagne. En outre, un Cr\u00e9mant est beaucoup plus attrayant\u00a0en terme de prix.<\/li>\n<\/ol>\n<p>Apr\u00e8s avoir d\u00e9crit les cat\u00e9gories, il est important de comprendre les 4 niveaux diff\u00e9rents dans la classification :<\/p>\n<ol>\n<li><strong>Niveau r\u00e9gional<\/strong> : c&#8217;est le niveau g\u00e9n\u00e9ral qui repr\u00e9sente 55% de la production totale de vin. Nous y retrouvons\u00a0la Bourgogne pr\u00e9cit\u00e9e, Bourgogne Grand Ordinaire, Bourgogne Passe-tout-grains, Bourgogne Aligot\u00e9, Bourgogne Mousseux et Cr\u00e9mant de Bourgogne.<\/li>\n<li><strong>Niveau municipal<\/strong> : \u00e0 ce niveau, nous trouvons tous les vins portant le nom du village d&#8217;o\u00f9 il vient. (Ex. Gevrey-Chambertin, Volnay, Pommard, etc &#8230;). Ce niveau correspond \u00e0 34% de la production totale de vin en Bourgogne.<\/li>\n<li><strong>Premier cru<\/strong> : nous avons maintenant atteint un niveau qui ne repr\u00e9sente que 10% de la production. Ce niveau correspond non seulement \u00e0\u00a0un village particulier, mais aussi \u00e0\u00a0une partie sp\u00e9ciale dans le village appel\u00e9 un \u00abclimat\u00bb. Il y a\u00a0des vignes\u00a0qui sont mieux expos\u00e9es au soleil et qui sont les mieux plac\u00e9es pour cr\u00e9er un grand vin. Ces diff\u00e9rents climats ont des noms sp\u00e9cifiques au-del\u00e0 du nom du village. Le nom du climat est souvent inscrit sur l&#8217;\u00e9tiquette de la bouteille.<\/li>\n<li><strong>Grand Cru<\/strong> : nous avons maintenant atteint le niveau des cr\u00eates. Pour ces vins, le nom du village n&#8217;a plus d&#8217;importance car le \u00abclimat\u00bb ou le nom lui-m\u00eame est si r\u00e9put\u00e9 que ca devient aussi le nom du vin. Quelques exemples sont Montrachet, Corton, Chambertin et Clos de Vougeot. Seulement 1,5% de la production du vignoble de Bourgogne entre dans cette cat\u00e9gorie, et il doit \u00eatre satisfaire les clients du monde entier. C&#8217;est cette raret\u00e9 qui rend les prix des vins dans cette cat\u00e9gorie tr\u00e8s \u00e9lev\u00e9s, qui d\u00e9passe souvent toute logique.<\/li>\n<\/ol>\n","protected":false},"excerpt":{"rendered":"<p>Le vignoble de Bourgogne sont souvent en concurrence avec ceux de Bordeaux pour le titre de la plus prestigieuse r\u00e9gion du vin en France. Il s&#8217;agit d&#8217;une vaste r\u00e9gion g\u00e9ographique comprenant les vins de Chablis blancs au nord,\u00a0et au sud de la ville de Dijon, nous trouvons les vins exclusifs et c\u00e9l\u00e8bres de C\u00f4tes-de-Nuits (o\u00f9 [&hellip;]<\/p>\n","protected":false},"author":1746,"featured_media":0,"parent":0,"menu_order":0,"comment_status":"open","ping_status":"closed","template":"","meta":{"_monsterinsights_skip_tracking":false,"_monsterinsights_sitenote_active":false,"_monsterinsights_sitenote_note":"","_monsterinsights_sitenote_category":0,"_uf_show_specific_survey":0,"_uf_disable_surveys":false,"footnotes":""},"class_list":["post-68111","page","type-page","status-publish","hentry"],"yoast_head":"<!-- This site is optimized with the Yoast SEO plugin v27.4 - https:\/\/yoast.com\/product\/yoast-seo-wordpress\/ -->\n<title>Le vignoble de Bourgogne - IVINIO Caviste<\/title>\n<meta name=\"description\" content=\"Le vignoble de Bourgogne. D\u00e9couvrier le vignoble de Bourgogne avec ses vins, ses c\u00e9pages, ses appellations et ses sp\u00e9cificit\u00e9s locales.\" \/>\n<meta name=\"robots\" content=\"index, follow, max-snippet:-1, max-image-preview:large, max-video-preview:-1\" \/>\n<link rel=\"canonical\" href=\"https:\/\/www.ivinio.com\/fr\/fr-bourgogne\/\" \/>\n<meta property=\"og:locale\" content=\"fr_FR\" \/>\n<meta property=\"og:type\" content=\"article\" \/>\n<meta property=\"og:title\" content=\"Le vignoble de Bourgogne - IVINIO Caviste\" \/>\n<meta property=\"og:description\" content=\"Le vignoble de Bourgogne. D\u00e9couvrier le vignoble de Bourgogne avec ses vins, ses c\u00e9pages, ses appellations et ses sp\u00e9cificit\u00e9s locales.\" \/>\n<meta property=\"og:url\" content=\"https:\/\/www.ivinio.com\/fr\/fr-bourgogne\/\" \/>\n<meta property=\"og:site_name\" content=\"IVINIO Caviste\" \/>\n<meta property=\"article:publisher\" content=\"https:\/\/www.facebook.com\/groups\/165217837022391\/?ref=bookmarks\" \/>\n<meta property=\"article:modified_time\" content=\"2021-11-06T19:10:09+00:00\" \/>\n<meta property=\"og:image\" content=\"https:\/\/www.ivinio.com\/wp-content\/uploads\/2021\/11\/vinregionen-bourgogne-200x300.jpg\" \/>\n<meta name=\"twitter:card\" content=\"summary_large_image\" \/>\n<meta name=\"twitter:label1\" content=\"Dur\u00e9e de lecture estim\u00e9e\" \/>\n\t<meta name=\"twitter:data1\" content=\"5 minutes\" \/>\n<script type=\"application\/ld+json\" class=\"yoast-schema-graph\">{\"@context\":\"https:\\\/\\\/schema.org\",\"@graph\":[{\"@type\":\"WebPage\",\"@id\":\"https:\\\/\\\/www.ivinio.com\\\/fr\\\/fr-bourgogne\\\/\",\"url\":\"https:\\\/\\\/www.ivinio.com\\\/fr\\\/fr-bourgogne\\\/\",\"name\":\"Le vignoble de Bourgogne - IVINIO Caviste\",\"isPartOf\":{\"@id\":\"https:\\\/\\\/www.ivinio.com\\\/fr\\\/#website\"},\"primaryImageOfPage\":{\"@id\":\"https:\\\/\\\/www.ivinio.com\\\/fr\\\/fr-bourgogne\\\/#primaryimage\"},\"image\":{\"@id\":\"https:\\\/\\\/www.ivinio.com\\\/fr\\\/fr-bourgogne\\\/#primaryimage\"},\"thumbnailUrl\":\"https:\\\/\\\/www.ivinio.com\\\/wp-content\\\/uploads\\\/2021\\\/11\\\/vinregionen-bourgogne-200x300.jpg\",\"datePublished\":\"2014-05-30T14:58:14+00:00\",\"dateModified\":\"2021-11-06T19:10:09+00:00\",\"description\":\"Le vignoble de Bourgogne. D\u00e9couvrier le vignoble de Bourgogne avec ses vins, ses c\u00e9pages, ses appellations et ses sp\u00e9cificit\u00e9s locales.\",\"breadcrumb\":{\"@id\":\"https:\\\/\\\/www.ivinio.com\\\/fr\\\/fr-bourgogne\\\/#breadcrumb\"},\"inLanguage\":\"fr-FR\",\"potentialAction\":[{\"@type\":\"ReadAction\",\"target\":[\"https:\\\/\\\/www.ivinio.com\\\/fr\\\/fr-bourgogne\\\/\"]}]},{\"@type\":\"ImageObject\",\"inLanguage\":\"fr-FR\",\"@id\":\"https:\\\/\\\/www.ivinio.com\\\/fr\\\/fr-bourgogne\\\/#primaryimage\",\"url\":\"https:\\\/\\\/www.ivinio.com\\\/wp-content\\\/uploads\\\/2021\\\/11\\\/vinregionen-bourgogne-200x300.jpg\",\"contentUrl\":\"https:\\\/\\\/www.ivinio.com\\\/wp-content\\\/uploads\\\/2021\\\/11\\\/vinregionen-bourgogne-200x300.jpg\"},{\"@type\":\"BreadcrumbList\",\"@id\":\"https:\\\/\\\/www.ivinio.com\\\/fr\\\/fr-bourgogne\\\/#breadcrumb\",\"itemListElement\":[{\"@type\":\"ListItem\",\"position\":1,\"name\":\"Home\",\"item\":\"https:\\\/\\\/www.ivinio.com\\\/fr\\\/\"},{\"@type\":\"ListItem\",\"position\":2,\"name\":\"Bourgogne\"}]},{\"@type\":\"WebSite\",\"@id\":\"https:\\\/\\\/www.ivinio.com\\\/fr\\\/#website\",\"url\":\"https:\\\/\\\/www.ivinio.com\\\/fr\\\/\",\"name\":\"IVINIO Caviste\",\"description\":\"Vins de France et d&#039;Italie avec livraison \u00e0 domicile\",\"publisher\":{\"@id\":\"https:\\\/\\\/www.ivinio.com\\\/fr\\\/#organization\"},\"potentialAction\":[{\"@type\":\"SearchAction\",\"target\":{\"@type\":\"EntryPoint\",\"urlTemplate\":\"https:\\\/\\\/www.ivinio.com\\\/fr\\\/?s={search_term_string}\"},\"query-input\":{\"@type\":\"PropertyValueSpecification\",\"valueRequired\":true,\"valueName\":\"search_term_string\"}}],\"inLanguage\":\"fr-FR\"},{\"@type\":\"Organization\",\"@id\":\"https:\\\/\\\/www.ivinio.com\\\/fr\\\/#organization\",\"name\":\"IVINIO\",\"url\":\"https:\\\/\\\/www.ivinio.com\\\/fr\\\/\",\"logo\":{\"@type\":\"ImageObject\",\"inLanguage\":\"fr-FR\",\"@id\":\"https:\\\/\\\/www.ivinio.com\\\/fr\\\/#\\\/schema\\\/logo\\\/image\\\/\",\"url\":\"https:\\\/\\\/www.ivinio.com\\\/wp-content\\\/uploads\\\/2021\\\/01\\\/Logo-Ivinio-v2.jpg\",\"contentUrl\":\"https:\\\/\\\/www.ivinio.com\\\/wp-content\\\/uploads\\\/2021\\\/01\\\/Logo-Ivinio-v2.jpg\",\"width\":1194,\"height\":1194,\"caption\":\"IVINIO\"},\"image\":{\"@id\":\"https:\\\/\\\/www.ivinio.com\\\/fr\\\/#\\\/schema\\\/logo\\\/image\\\/\"},\"sameAs\":[\"https:\\\/\\\/www.facebook.com\\\/groups\\\/165217837022391\\\/?ref=bookmarks\",\"https:\\\/\\\/www.instagram.com\\\/_ivinio_\\\/?hl=fr\"]}]}<\/script>\n<!-- \/ Yoast SEO plugin. -->","yoast_head_json":{"title":"Le vignoble de Bourgogne - IVINIO Caviste","description":"Le vignoble de Bourgogne. D\u00e9couvrier le vignoble de Bourgogne avec ses vins, ses c\u00e9pages, ses appellations et ses sp\u00e9cificit\u00e9s locales.","robots":{"index":"index","follow":"follow","max-snippet":"max-snippet:-1","max-image-preview":"max-image-preview:large","max-video-preview":"max-video-preview:-1"},"canonical":"https:\/\/www.ivinio.com\/fr\/fr-bourgogne\/","og_locale":"fr_FR","og_type":"article","og_title":"Le vignoble de Bourgogne - IVINIO Caviste","og_description":"Le vignoble de Bourgogne. D\u00e9couvrier le vignoble de Bourgogne avec ses vins, ses c\u00e9pages, ses appellations et ses sp\u00e9cificit\u00e9s locales.","og_url":"https:\/\/www.ivinio.com\/fr\/fr-bourgogne\/","og_site_name":"IVINIO Caviste","article_publisher":"https:\/\/www.facebook.com\/groups\/165217837022391\/?ref=bookmarks","article_modified_time":"2021-11-06T19:10:09+00:00","og_image":[{"url":"https:\/\/www.ivinio.com\/wp-content\/uploads\/2021\/11\/vinregionen-bourgogne-200x300.jpg","type":"","width":"","height":""}],"twitter_card":"summary_large_image","twitter_misc":{"Dur\u00e9e de lecture estim\u00e9e":"5 minutes"},"schema":{"@context":"https:\/\/schema.org","@graph":[{"@type":"WebPage","@id":"https:\/\/www.ivinio.com\/fr\/fr-bourgogne\/","url":"https:\/\/www.ivinio.com\/fr\/fr-bourgogne\/","name":"Le vignoble de Bourgogne - IVINIO Caviste","isPartOf":{"@id":"https:\/\/www.ivinio.com\/fr\/#website"},"primaryImageOfPage":{"@id":"https:\/\/www.ivinio.com\/fr\/fr-bourgogne\/#primaryimage"},"image":{"@id":"https:\/\/www.ivinio.com\/fr\/fr-bourgogne\/#primaryimage"},"thumbnailUrl":"https:\/\/www.ivinio.com\/wp-content\/uploads\/2021\/11\/vinregionen-bourgogne-200x300.jpg","datePublished":"2014-05-30T14:58:14+00:00","dateModified":"2021-11-06T19:10:09+00:00","description":"Le vignoble de Bourgogne. D\u00e9couvrier le vignoble de Bourgogne avec ses vins, ses c\u00e9pages, ses appellations et ses sp\u00e9cificit\u00e9s locales.","breadcrumb":{"@id":"https:\/\/www.ivinio.com\/fr\/fr-bourgogne\/#breadcrumb"},"inLanguage":"fr-FR","potentialAction":[{"@type":"ReadAction","target":["https:\/\/www.ivinio.com\/fr\/fr-bourgogne\/"]}]},{"@type":"ImageObject","inLanguage":"fr-FR","@id":"https:\/\/www.ivinio.com\/fr\/fr-bourgogne\/#primaryimage","url":"https:\/\/www.ivinio.com\/wp-content\/uploads\/2021\/11\/vinregionen-bourgogne-200x300.jpg","contentUrl":"https:\/\/www.ivinio.com\/wp-content\/uploads\/2021\/11\/vinregionen-bourgogne-200x300.jpg"},{"@type":"BreadcrumbList","@id":"https:\/\/www.ivinio.com\/fr\/fr-bourgogne\/#breadcrumb","itemListElement":[{"@type":"ListItem","position":1,"name":"Home","item":"https:\/\/www.ivinio.com\/fr\/"},{"@type":"ListItem","position":2,"name":"Bourgogne"}]},{"@type":"WebSite","@id":"https:\/\/www.ivinio.com\/fr\/#website","url":"https:\/\/www.ivinio.com\/fr\/","name":"IVINIO Caviste","description":"Vins de France et d&#039;Italie avec livraison \u00e0 domicile","publisher":{"@id":"https:\/\/www.ivinio.com\/fr\/#organization"},"potentialAction":[{"@type":"SearchAction","target":{"@type":"EntryPoint","urlTemplate":"https:\/\/www.ivinio.com\/fr\/?s={search_term_string}"},"query-input":{"@type":"PropertyValueSpecification","valueRequired":true,"valueName":"search_term_string"}}],"inLanguage":"fr-FR"},{"@type":"Organization","@id":"https:\/\/www.ivinio.com\/fr\/#organization","name":"IVINIO","url":"https:\/\/www.ivinio.com\/fr\/","logo":{"@type":"ImageObject","inLanguage":"fr-FR","@id":"https:\/\/www.ivinio.com\/fr\/#\/schema\/logo\/image\/","url":"https:\/\/www.ivinio.com\/wp-content\/uploads\/2021\/01\/Logo-Ivinio-v2.jpg","contentUrl":"https:\/\/www.ivinio.com\/wp-content\/uploads\/2021\/01\/Logo-Ivinio-v2.jpg","width":1194,"height":1194,"caption":"IVINIO"},"image":{"@id":"https:\/\/www.ivinio.com\/fr\/#\/schema\/logo\/image\/"},"sameAs":["https:\/\/www.facebook.com\/groups\/165217837022391\/?ref=bookmarks","https:\/\/www.instagram.com\/_ivinio_\/?hl=fr"]}]}},"jetpack_shortlink":"https:\/\/wp.me\/PcK36q-hIz","jetpack_sharing_enabled":true,"_links":{"self":[{"href":"https:\/\/www.ivinio.com\/fr\/wp-json\/wp\/v2\/pages\/68111","targetHints":{"allow":["GET"]}}],"collection":[{"href":"https:\/\/www.ivinio.com\/fr\/wp-json\/wp\/v2\/pages"}],"about":[{"href":"https:\/\/www.ivinio.com\/fr\/wp-json\/wp\/v2\/types\/page"}],"author":[{"embeddable":true,"href":"https:\/\/www.ivinio.com\/fr\/wp-json\/wp\/v2\/users\/1746"}],"replies":[{"embeddable":true,"href":"https:\/\/www.ivinio.com\/fr\/wp-json\/wp\/v2\/comments?post=68111"}],"version-history":[{"count":0,"href":"https:\/\/www.ivinio.com\/fr\/wp-json\/wp\/v2\/pages\/68111\/revisions"}],"wp:attachment":[{"href":"https:\/\/www.ivinio.com\/fr\/wp-json\/wp\/v2\/media?parent=68111"}],"curies":[{"name":"wp","href":"https:\/\/api.w.org\/{rel}","templated":true}]}}