{"id":68108,"date":"2014-05-30T16:56:03","date_gmt":"2014-05-30T14:56:03","guid":{"rendered":"https:\/\/henrik.www.ivinio.com\/?p=68108"},"modified":"2021-11-06T17:39:44","modified_gmt":"2021-11-06T16:39:44","slug":"fr-bordeaux","status":"publish","type":"page","link":"https:\/\/www.ivinio.com\/fr\/fr-bordeaux\/","title":{"rendered":"Bordeaux"},"content":{"rendered":"<p>Le vignoble de Bordeaux est sans doute l&#8217;un des plus c\u00e9l\u00e8bres et peut-\u00eatre la plus prestigieuse r\u00e9gion du vin, non seulement la France, mais dans le monde entier. Avec ses 115 000 ha de vignes bien align\u00e9es le long de la c\u00f4te atlantique. Pr\u00e8s de la moiti\u00e9 des grands vins fran\u00e7ais de renomm\u00e9e mondiale sont des vins &#8220;Grands crus&#8221; de Bordeaux. Le vin est organis\u00e9 autour des fleuves la Garonne et la Dordogne, qui se jettent dans la Gironde. Et la Gironde se jette dans l&#8217;oc\u00e9an Atlantique. La vigne est partout et n&#8217;est jamais loin des rivi\u00e8res. Sur le c\u00f4t\u00e9 gauche de la Gironde, nous trouvons la c\u00e9l\u00e8bre appellation du M\u00e9doc qui inclut probablement les plus c\u00e9l\u00e8bres et les plus prestigieux vins rouges du le monde. Plus au sud, et de l&#8217;autre c\u00f4t\u00e9 de la ville de Bordeaux, nous trouvons Graves, une autre r\u00e9gion viticole bien connue.<\/p>\n<p>C&#8217;est dans cette r\u00e9gion que nous pouvons appr\u00e9cier des vins rouges exquis, mais aussi les vins blancs de Sauternes Ch\u00e2teau d&#8217;Yquem qui\u00a0est certainement le plus<img decoding=\"async\" class=\"wp-image-127431 alignright lazyload\" data-src=\"https:\/\/www.ivinio.com\/wp-content\/uploads\/2021\/07\/bordeaux.jpg\" alt=\"Le vignoble de Bordeaux\" width=\"280\" height=\"306\" src=\"data:image\/gif;base64,R0lGODlhAQABAAAAACH5BAEKAAEALAAAAAABAAEAAAICTAEAOw==\" style=\"--smush-placeholder-width: 280px; --smush-placeholder-aspect-ratio: 280\/306;\" \/> c\u00e9l\u00e8bre vignoble. Sur le c\u00f4t\u00e9 est de la Garonne se trouve l&#8217;Entre-deux-mer qui produit des vins plus accessibles en prix. Nous continuons au nord de l&#8217;autre c\u00f4t\u00e9 de la Dordogne o\u00f9 se situent les prestigieux Saint-Emilion et Pomerol. Dans ce dernier, on trouve, entre autres, le pr\u00e9cieux Ch\u00e2teau Petrus. Enfin, en face du M\u00e9doc et \u00e0 l&#8217;est de la Gironde, on retrouve les appellations les plus abordables telles que les C\u00f4tes de Blaye et C\u00f4tes de Bourg. Les chiffres parlent d&#8217;eux-m\u00eames; le vignoble de Bordeaux compte 57 appellations, plus de 4000 &#8220;ch\u00e2teaux&#8221; ( maisons de vin appel\u00e9es \u00abch\u00e2teau\u00bb \u00e0 Bordeaux sont\u00a0\u00a0souvent de simples maisons). 75% des vins sont rouges, produits essentiellement au nord de Bordeaux. La participation restante de 25% de vin blanc est produit principalement dans le sud-est de Bordeaux. Ce qui distingue les vins de Bordeaux est la grande variation de type de sol et le grand nombre de c\u00e9pages utilis\u00e9s dans les vignobles. A Bordeaux vous m\u00e9langez plusieurs vari\u00e9t\u00e9s diff\u00e9rentes d&#8217;un m\u00eame vin. Les conditions requises pour le maintien d&#8217;une qualit\u00e9 constante et le succ\u00e8s de chaque mill\u00e9sime sont donc relativement importantes, parce que vous pouvez toujours faire une vendange m\u00e9diocre avec un c\u00e9page diff\u00e9rent qui a eu une meilleure r\u00e9colte. En Bourgogne, par exemple, ce qui est impossible lorsque seuls les deux c\u00e9pages Pinot Noir et Chardonnay sont utilis\u00e9s.<\/p>\n<p>Le vignoble de Bordeaux a souvent utilis\u00e9s des f\u00fbts de ch\u00eane pour l&#8217;\u00e9levage. Les viticulteurs du monde entier ont malheureusement choisi d&#8217;imiter le caract\u00e8re typique de Bordeaux avec des f\u00fbts de ch\u00eane au lieu de d\u00e9velopper leur propre style personnel. A Bordeaux le Cabernet Sauvignon est un c\u00e9page du M\u00e9doc souvent utilis\u00e9. Les Merlot et Cabernet Franc ET sont d&#8217;autres vari\u00e9t\u00e9s \u00e9galement utilis\u00e9s \u00e0 grande \u00e9chelle.<\/p>\n<p>Comprendre le classement des vins de Bordeaux n&#8217;est pas si facile. Pour commencer, il faut distinguer la \u00abhi\u00e9rarchie\u00bb des\u00a0\u00abappellations\u00bb. En ce qui concerne les appellations, il existe trois grandes cat\u00e9gories. La r\u00e8gle dit qu&#8217;il ne devrait pas y avoir de hi\u00e9rarchie en termes de AOP en France. Exception \u00e0 Bordeaux;\u00a0il y a donc trois cat\u00e9gories avec des appellations dans l&#8217;ordre croissant d&#8217;importance:<\/p>\n<p>1; Appellation g\u00e9n\u00e9rale: c&#8217;est ce que nous appelons le &#8220;Bordeaux&#8221; ou &#8220;Bordeaux sup\u00e9rieur&#8221;. Cette cat\u00e9gorie comprend tous les vins cultiv\u00e9s dans la r\u00e9gion de Bordeaux, plus pr\u00e9cis\u00e9ment dans la r\u00e9gion de la Gironde.<\/p>\n<p>2.\u00a0r\u00e9gional: ce sont des vins qui proviennent d&#8217;une zone plus pr\u00e9cise que la simple &#8220;Gironde&#8221;. Graves, M\u00e9doc, C\u00f4tes de Blaye en sont quelques exemples.<\/p>\n<p>3.\u00a0Municipal: certains vignerons ont ressenti le besoin d&#8217;exceller, et ont cr\u00e9\u00e9 des appellations se r\u00e9f\u00e9rant \u00e0 la municipalit\u00e9 dont le vin est issu. Bordeaux: Saint-Est\u00e8phe, Pauillac, <a href=\"https:\/\/fr.wikipedia.org\/wiki\/Pomerol_(AOC)\">Pomerol<\/a> ou Saint-Emilion sont des exemples de ces appellations communales.<\/p>\n<p>En plus de ces trois cat\u00e9gories d&#8217;appellations, il faut mentionner quelques mots sur le classement officiel qui a \u00e9t\u00e9 fait \u00e0 la demande de Napol\u00e9on III pour l&#8217;exposition universelle de 1855. L&#8217;objectif \u00e9tait de classer\u00a0les vins produits autour de Bordeaux en 5 cat\u00e9gories. Tous les vins s\u00e9lectionn\u00e9s, sauf un, Ch\u00e2teau Haut-Brion de <a href=\"https:\/\/www.ivinio.com\/fr\/produit\/chateau-de-respide-reserve-graves-rouge\/\">Graves<\/a>, proviennent de la r\u00e9gion du M\u00e9doc, qui, bien s\u00fbr, en soi, est une lacune majeure.<\/p>\n<p>Par cons\u00e9quent, pour compl\u00e9ter la classification de 1855, a \u00e9t\u00e9 cr\u00e9\u00e9e en 1959 une classification des vins de Graves. La diff\u00e9rence avec la premi\u00e8re de1855 est qu&#8217;il n&#8217;y a pas de hi\u00e9rarchie interne entre les vins de Graves. Elle contient 8 vins blancs et 13 rouges. Saint-Emilion qui n&#8217;est pas arriv\u00e9 \u00e0 \u00eatre classifi\u00e9 en 1855, a cr\u00e9\u00e9 sa propre classification, modifi\u00e9 en 1996. Ces classifications sont aujourd&#8217;hui incompl\u00e8tes \u00e0 bien des \u00e9gards. D&#8217;une part, elles ne repr\u00e9sentent que quelques vins tr\u00e8s exclusifs et ne tiennent pas compte de la large gamme de vins accessibles et de tr\u00e8s bonne qualit\u00e9. Ensuite, il n&#8217;a pas de classement officielle faite entre les diff\u00e9rentes appellations (on ne peut donc pas dire que par exemple un Pauillac est mieux qu&#8217;un Saint-Emilion, ou vice versa -) c&#8217;est plut\u00f4t une question de go\u00fbt. Enfin, il convient de noter que Pomerol n&#8217;appartient \u00e0 aucune classification officielle, et a pourtant une renomm\u00e9e mondiale, comme par exemple Ch\u00e2teau P\u00e9trus !<\/p>\n","protected":false},"excerpt":{"rendered":"<p>Le vignoble de Bordeaux est sans doute l&#8217;un des plus c\u00e9l\u00e8bres et peut-\u00eatre la plus prestigieuse r\u00e9gion du vin, non seulement la France, mais dans le monde entier. Avec ses 115 000 ha de vignes bien align\u00e9es le long de la c\u00f4te atlantique. Pr\u00e8s de la moiti\u00e9 des grands vins fran\u00e7ais de renomm\u00e9e mondiale sont [&hellip;]<\/p>\n","protected":false},"author":1746,"featured_media":0,"parent":0,"menu_order":0,"comment_status":"open","ping_status":"closed","template":"","meta":{"_monsterinsights_skip_tracking":false,"_monsterinsights_sitenote_active":false,"_monsterinsights_sitenote_note":"","_monsterinsights_sitenote_category":0,"_uf_show_specific_survey":0,"_uf_disable_surveys":false,"footnotes":""},"class_list":["post-68108","page","type-page","status-publish","hentry"],"yoast_head":"<!-- This site is optimized with the Yoast SEO plugin v27.3 - https:\/\/yoast.com\/product\/yoast-seo-wordpress\/ -->\n<title>Le vignoble de Bordeaux - IVINIO Wine Shop<\/title>\n<meta name=\"description\" content=\"Le vignoble de Bordeaux. En savoir plus sur le vignoble de Bordeaux avec ses vins, ses c\u00e9pages, ses appellations et ses sp\u00e9cificit\u00e9s locales.\" \/>\n<meta name=\"robots\" content=\"index, follow, max-snippet:-1, max-image-preview:large, max-video-preview:-1\" \/>\n<link rel=\"canonical\" href=\"https:\/\/www.ivinio.com\/fr\/fr-bordeaux\/\" \/>\n<meta property=\"og:locale\" content=\"fr_FR\" \/>\n<meta property=\"og:type\" content=\"article\" \/>\n<meta property=\"og:title\" content=\"Le vignoble de Bordeaux - IVINIO Wine Shop\" \/>\n<meta property=\"og:description\" content=\"Le vignoble de Bordeaux. En savoir plus sur le vignoble de Bordeaux avec ses vins, ses c\u00e9pages, ses appellations et ses sp\u00e9cificit\u00e9s locales.\" \/>\n<meta property=\"og:url\" content=\"https:\/\/www.ivinio.com\/fr\/fr-bordeaux\/\" \/>\n<meta property=\"og:site_name\" content=\"IVINIO Wine Shop\" \/>\n<meta property=\"article:publisher\" content=\"https:\/\/www.facebook.com\/groups\/165217837022391\/?ref=bookmarks\" \/>\n<meta property=\"article:modified_time\" content=\"2021-11-06T16:39:44+00:00\" \/>\n<meta property=\"og:image\" content=\"https:\/\/www.ivinio.com\/wp-content\/uploads\/2021\/07\/bordeaux.jpg\" \/>\n<meta name=\"twitter:card\" content=\"summary_large_image\" \/>\n<meta name=\"twitter:label1\" content=\"Dur\u00e9e de lecture estim\u00e9e\" \/>\n\t<meta name=\"twitter:data1\" content=\"4 minutes\" \/>\n<script type=\"application\/ld+json\" class=\"yoast-schema-graph\">{\"@context\":\"https:\\\/\\\/schema.org\",\"@graph\":[{\"@type\":\"WebPage\",\"@id\":\"https:\\\/\\\/www.ivinio.com\\\/fr\\\/fr-bordeaux\\\/\",\"url\":\"https:\\\/\\\/www.ivinio.com\\\/fr\\\/fr-bordeaux\\\/\",\"name\":\"Le vignoble de Bordeaux - IVINIO Wine Shop\",\"isPartOf\":{\"@id\":\"https:\\\/\\\/www.ivinio.com\\\/fr\\\/#website\"},\"primaryImageOfPage\":{\"@id\":\"https:\\\/\\\/www.ivinio.com\\\/fr\\\/fr-bordeaux\\\/#primaryimage\"},\"image\":{\"@id\":\"https:\\\/\\\/www.ivinio.com\\\/fr\\\/fr-bordeaux\\\/#primaryimage\"},\"thumbnailUrl\":\"https:\\\/\\\/www.ivinio.com\\\/wp-content\\\/uploads\\\/2021\\\/07\\\/bordeaux.jpg\",\"datePublished\":\"2014-05-30T14:56:03+00:00\",\"dateModified\":\"2021-11-06T16:39:44+00:00\",\"description\":\"Le vignoble de Bordeaux. En savoir plus sur le vignoble de Bordeaux avec ses vins, ses c\u00e9pages, ses appellations et ses sp\u00e9cificit\u00e9s locales.\",\"breadcrumb\":{\"@id\":\"https:\\\/\\\/www.ivinio.com\\\/fr\\\/fr-bordeaux\\\/#breadcrumb\"},\"inLanguage\":\"fr-FR\",\"potentialAction\":[{\"@type\":\"ReadAction\",\"target\":[\"https:\\\/\\\/www.ivinio.com\\\/fr\\\/fr-bordeaux\\\/\"]}]},{\"@type\":\"ImageObject\",\"inLanguage\":\"fr-FR\",\"@id\":\"https:\\\/\\\/www.ivinio.com\\\/fr\\\/fr-bordeaux\\\/#primaryimage\",\"url\":\"https:\\\/\\\/www.ivinio.com\\\/wp-content\\\/uploads\\\/2021\\\/07\\\/bordeaux.jpg\",\"contentUrl\":\"https:\\\/\\\/www.ivinio.com\\\/wp-content\\\/uploads\\\/2021\\\/07\\\/bordeaux.jpg\"},{\"@type\":\"BreadcrumbList\",\"@id\":\"https:\\\/\\\/www.ivinio.com\\\/fr\\\/fr-bordeaux\\\/#breadcrumb\",\"itemListElement\":[{\"@type\":\"ListItem\",\"position\":1,\"name\":\"Home\",\"item\":\"https:\\\/\\\/www.ivinio.com\\\/fr\\\/\"},{\"@type\":\"ListItem\",\"position\":2,\"name\":\"Bordeaux\"}]},{\"@type\":\"WebSite\",\"@id\":\"https:\\\/\\\/www.ivinio.com\\\/fr\\\/#website\",\"url\":\"https:\\\/\\\/www.ivinio.com\\\/fr\\\/\",\"name\":\"IVINIO Wine Shop\",\"description\":\"French and Italian wines with delivery to your door\",\"publisher\":{\"@id\":\"https:\\\/\\\/www.ivinio.com\\\/fr\\\/#organization\"},\"potentialAction\":[{\"@type\":\"SearchAction\",\"target\":{\"@type\":\"EntryPoint\",\"urlTemplate\":\"https:\\\/\\\/www.ivinio.com\\\/fr\\\/?s={search_term_string}\"},\"query-input\":{\"@type\":\"PropertyValueSpecification\",\"valueRequired\":true,\"valueName\":\"search_term_string\"}}],\"inLanguage\":\"fr-FR\"},{\"@type\":\"Organization\",\"@id\":\"https:\\\/\\\/www.ivinio.com\\\/fr\\\/#organization\",\"name\":\"IVINIO\",\"url\":\"https:\\\/\\\/www.ivinio.com\\\/fr\\\/\",\"logo\":{\"@type\":\"ImageObject\",\"inLanguage\":\"fr-FR\",\"@id\":\"https:\\\/\\\/www.ivinio.com\\\/fr\\\/#\\\/schema\\\/logo\\\/image\\\/\",\"url\":\"https:\\\/\\\/www.ivinio.com\\\/wp-content\\\/uploads\\\/2021\\\/01\\\/Logo-Ivinio-v2.jpg\",\"contentUrl\":\"https:\\\/\\\/www.ivinio.com\\\/wp-content\\\/uploads\\\/2021\\\/01\\\/Logo-Ivinio-v2.jpg\",\"width\":1194,\"height\":1194,\"caption\":\"IVINIO\"},\"image\":{\"@id\":\"https:\\\/\\\/www.ivinio.com\\\/fr\\\/#\\\/schema\\\/logo\\\/image\\\/\"},\"sameAs\":[\"https:\\\/\\\/www.facebook.com\\\/groups\\\/165217837022391\\\/?ref=bookmarks\",\"https:\\\/\\\/www.instagram.com\\\/_ivinio_\\\/?hl=fr\"]}]}<\/script>\n<!-- \/ Yoast SEO plugin. -->","yoast_head_json":{"title":"Le vignoble de Bordeaux - IVINIO Wine Shop","description":"Le vignoble de Bordeaux. En savoir plus sur le vignoble de Bordeaux avec ses vins, ses c\u00e9pages, ses appellations et ses sp\u00e9cificit\u00e9s locales.","robots":{"index":"index","follow":"follow","max-snippet":"max-snippet:-1","max-image-preview":"max-image-preview:large","max-video-preview":"max-video-preview:-1"},"canonical":"https:\/\/www.ivinio.com\/fr\/fr-bordeaux\/","og_locale":"fr_FR","og_type":"article","og_title":"Le vignoble de Bordeaux - IVINIO Wine Shop","og_description":"Le vignoble de Bordeaux. En savoir plus sur le vignoble de Bordeaux avec ses vins, ses c\u00e9pages, ses appellations et ses sp\u00e9cificit\u00e9s locales.","og_url":"https:\/\/www.ivinio.com\/fr\/fr-bordeaux\/","og_site_name":"IVINIO Wine Shop","article_publisher":"https:\/\/www.facebook.com\/groups\/165217837022391\/?ref=bookmarks","article_modified_time":"2021-11-06T16:39:44+00:00","og_image":[{"url":"https:\/\/www.ivinio.com\/wp-content\/uploads\/2021\/07\/bordeaux.jpg","type":"","width":"","height":""}],"twitter_card":"summary_large_image","twitter_misc":{"Dur\u00e9e de lecture estim\u00e9e":"4 minutes"},"schema":{"@context":"https:\/\/schema.org","@graph":[{"@type":"WebPage","@id":"https:\/\/www.ivinio.com\/fr\/fr-bordeaux\/","url":"https:\/\/www.ivinio.com\/fr\/fr-bordeaux\/","name":"Le vignoble de Bordeaux - IVINIO Wine Shop","isPartOf":{"@id":"https:\/\/www.ivinio.com\/fr\/#website"},"primaryImageOfPage":{"@id":"https:\/\/www.ivinio.com\/fr\/fr-bordeaux\/#primaryimage"},"image":{"@id":"https:\/\/www.ivinio.com\/fr\/fr-bordeaux\/#primaryimage"},"thumbnailUrl":"https:\/\/www.ivinio.com\/wp-content\/uploads\/2021\/07\/bordeaux.jpg","datePublished":"2014-05-30T14:56:03+00:00","dateModified":"2021-11-06T16:39:44+00:00","description":"Le vignoble de Bordeaux. En savoir plus sur le vignoble de Bordeaux avec ses vins, ses c\u00e9pages, ses appellations et ses sp\u00e9cificit\u00e9s locales.","breadcrumb":{"@id":"https:\/\/www.ivinio.com\/fr\/fr-bordeaux\/#breadcrumb"},"inLanguage":"fr-FR","potentialAction":[{"@type":"ReadAction","target":["https:\/\/www.ivinio.com\/fr\/fr-bordeaux\/"]}]},{"@type":"ImageObject","inLanguage":"fr-FR","@id":"https:\/\/www.ivinio.com\/fr\/fr-bordeaux\/#primaryimage","url":"https:\/\/www.ivinio.com\/wp-content\/uploads\/2021\/07\/bordeaux.jpg","contentUrl":"https:\/\/www.ivinio.com\/wp-content\/uploads\/2021\/07\/bordeaux.jpg"},{"@type":"BreadcrumbList","@id":"https:\/\/www.ivinio.com\/fr\/fr-bordeaux\/#breadcrumb","itemListElement":[{"@type":"ListItem","position":1,"name":"Home","item":"https:\/\/www.ivinio.com\/fr\/"},{"@type":"ListItem","position":2,"name":"Bordeaux"}]},{"@type":"WebSite","@id":"https:\/\/www.ivinio.com\/fr\/#website","url":"https:\/\/www.ivinio.com\/fr\/","name":"IVINIO Wine Shop","description":"French and Italian wines with delivery to your door","publisher":{"@id":"https:\/\/www.ivinio.com\/fr\/#organization"},"potentialAction":[{"@type":"SearchAction","target":{"@type":"EntryPoint","urlTemplate":"https:\/\/www.ivinio.com\/fr\/?s={search_term_string}"},"query-input":{"@type":"PropertyValueSpecification","valueRequired":true,"valueName":"search_term_string"}}],"inLanguage":"fr-FR"},{"@type":"Organization","@id":"https:\/\/www.ivinio.com\/fr\/#organization","name":"IVINIO","url":"https:\/\/www.ivinio.com\/fr\/","logo":{"@type":"ImageObject","inLanguage":"fr-FR","@id":"https:\/\/www.ivinio.com\/fr\/#\/schema\/logo\/image\/","url":"https:\/\/www.ivinio.com\/wp-content\/uploads\/2021\/01\/Logo-Ivinio-v2.jpg","contentUrl":"https:\/\/www.ivinio.com\/wp-content\/uploads\/2021\/01\/Logo-Ivinio-v2.jpg","width":1194,"height":1194,"caption":"IVINIO"},"image":{"@id":"https:\/\/www.ivinio.com\/fr\/#\/schema\/logo\/image\/"},"sameAs":["https:\/\/www.facebook.com\/groups\/165217837022391\/?ref=bookmarks","https:\/\/www.instagram.com\/_ivinio_\/?hl=fr"]}]}},"jetpack_shortlink":"https:\/\/wp.me\/PcK36q-hIw","jetpack_sharing_enabled":true,"_links":{"self":[{"href":"https:\/\/www.ivinio.com\/fr\/wp-json\/wp\/v2\/pages\/68108","targetHints":{"allow":["GET"]}}],"collection":[{"href":"https:\/\/www.ivinio.com\/fr\/wp-json\/wp\/v2\/pages"}],"about":[{"href":"https:\/\/www.ivinio.com\/fr\/wp-json\/wp\/v2\/types\/page"}],"author":[{"embeddable":true,"href":"https:\/\/www.ivinio.com\/fr\/wp-json\/wp\/v2\/users\/1746"}],"replies":[{"embeddable":true,"href":"https:\/\/www.ivinio.com\/fr\/wp-json\/wp\/v2\/comments?post=68108"}],"version-history":[{"count":0,"href":"https:\/\/www.ivinio.com\/fr\/wp-json\/wp\/v2\/pages\/68108\/revisions"}],"wp:attachment":[{"href":"https:\/\/www.ivinio.com\/fr\/wp-json\/wp\/v2\/media?parent=68108"}],"curies":[{"name":"wp","href":"https:\/\/api.w.org\/{rel}","templated":true}]}}