{"id":68105,"date":"2014-05-30T16:53:13","date_gmt":"2014-05-30T14:53:13","guid":{"rendered":"https:\/\/henrik.www.ivinio.com\/?p=68105"},"modified":"2021-11-06T16:29:36","modified_gmt":"2021-11-06T15:29:36","slug":"fr-beaujolais","status":"publish","type":"page","link":"https:\/\/www.ivinio.com\/fr\/fr-beaujolais\/","title":{"rendered":"Beaujolais"},"content":{"rendered":"<p><strong>Le vignoble du Beaujolais<\/strong> est la partie m\u00e9ridionale de la Bourgogne. Le plus connu est sans doute Beaujolais est devenu connu pour son le \u00abBeaujolais<img decoding=\"async\" class=\"wp-image-127428 alignright lazyload\" data-src=\"https:\/\/www.ivinio.com\/wp-content\/uploads\/2021\/07\/th.jpg\" alt=\"Le vignoble du Beaujolais\" width=\"200\" height=\"200\" data-srcset=\"https:\/\/www.ivinio.com\/wp-content\/uploads\/2021\/07\/th.jpg 180w, https:\/\/www.ivinio.com\/wp-content\/uploads\/2021\/07\/th-150x150.jpg 150w, https:\/\/www.ivinio.com\/wp-content\/uploads\/2021\/07\/th-30x30.jpg 30w, https:\/\/www.ivinio.com\/wp-content\/uploads\/2021\/07\/th-100x100.jpg 100w\" data-sizes=\"(max-width: 200px) 100vw, 200px\" src=\"data:image\/gif;base64,R0lGODlhAQABAAAAACH5BAEKAAEALAAAAAABAAEAAAICTAEAOw==\" style=\"--smush-placeholder-width: 200px; --smush-placeholder-aspect-ratio: 200\/200;\" \/> Nouveau&#8221; sorti en Novembre de chaque ann\u00e9e. Le lancement du Beaujolais Nouveau est presque comme une c\u00e9l\u00e9bration du Nouvel An pour les amateurs de vin du monde entier, car il est le premier vin vendu d\u00e9j\u00e0 2 mois apr\u00e8s la r\u00e9colte. Le vignoble du Beaujolais est beaucoup plus que le Beaujolais Nouveau. Il y a des vins blancs et rouges de haute qualit\u00e9.<\/p>\n<p>Le c\u00e9page du Beaujolais est le <a href=\"https:\/\/fr.wikipedia.org\/wiki\/Gamay\">Gamay<\/a> qui\u00a0donne un vin l\u00e9ger et fruit\u00e9,\u00a0parfait pour un ap\u00e9ritif et des plats froids. Il y a des exceptions, comme Saint-Amour et Moulin-\u00e0-Vent, des vins rouges puissants et cors\u00e9s. La classification des vins du Beaujolais n&#8217;est pas particuli\u00e8rement compliqu\u00e9e. Il y a deux appellations r\u00e9gionales (AOP) et les 10 appellations communales avec leur propre nom.<\/p>\n<h3>Les deux AOP appellations\u00a0r\u00e9gionales sont :<\/h3>\n<ol>\n<li><strong>AOP Beaujolais<\/strong> : c&#8217;est le nom des vins du sud du Beaujolais, la partie la plus proche de la ville de Lyon. Environ la moiti\u00e9 de la production totale du Beaujolais\u00a0vient de l\u00e0 et repr\u00e9sente 75% des vins du Beaujolais Nouveau. Principalement des vins rouges et ros\u00e9s sont produits, mais il y a aussi des vins blancs issus du c\u00e9page Chardonnay.<\/li>\n<li><strong>AOP Beaujolais Villages <\/strong>: il y a 38 municipalit\u00e9s dans le Beaujolais du nord qui se sont associ\u00e9s pour former une auto-appellation. Les vins ici sont semblables aux appellations communales qui sont d\u00e9crits ci-dessous.<\/li>\n<li><strong>Les 10 appellations communales<\/strong> : 10 villages du Beaujolais ont leur\u00a0propre appellation, ou un nom distinctif. Il s&#8217;agit de <strong>Brouilly<\/strong>, <strong>Ch\u00e9nas<\/strong>, <strong>Chiroubles<\/strong>, <strong>C\u00f4te-de-Brouilly<\/strong>, <strong>Fleurie<\/strong>, <strong>Juli\u00e9nas<\/strong>, <strong>Morgon<\/strong>, <strong>Moulin-\u00e0-Vent<\/strong>, <strong>R\u00e9gni\u00e9<\/strong> et <strong>Saint-Amour<\/strong> qui, ensemble, sont souvent appel\u00e9s &#8220;Crus de Beaujolais.&#8221; Ils utilisent tous le m\u00eame c\u00e9page:\u00a0le Gamay.\u00a0Les vins ont des saveurs diff\u00e9rentes selon l&#8217;endroit d&#8217;o\u00f9 ils viennent.<\/li>\n<\/ol>\n<h3>Les caract\u00e9ristiques des diff\u00e9rents vins du vignoble du Beaujolais :<\/h3>\n<ul>\n<li><strong>Juli\u00e9nas<\/strong> : la p\u00eache<\/li>\n<li><a href=\"https:\/\/www.ivinio.com\/fr\/produit\/chateau-de-belleverne-saint-amour-2017-rouge\/\"><strong>Saint-Amour<\/strong><\/a> : r\u00e9s\u00e9da des teinturiers ou r\u00e9s\u00e9da jaun\u00e2tre<\/li>\n<li><strong>Moulin-\u00e0-vent<\/strong> : violette<\/li>\n<li><strong>Ch\u00e9nas<\/strong> : la pivoine<\/li>\n<li><strong>Fleurie<\/strong> : roses, iris<\/li>\n<li><strong>Morgon<\/strong> : cerises<\/li>\n<li><strong>C\u00f4te-de-Brouilly<\/strong> : myrtilles<\/li>\n<li><strong>Brouilly<\/strong> : prunes &amp; raisins<\/li>\n<\/ul>\n<p><!--\n\n\n<p class=\"title_block\">Lista av sidor i %:<\/p>\n\n\n--><\/p>\n","protected":false},"excerpt":{"rendered":"<p>Le vignoble du Beaujolais est la partie m\u00e9ridionale de la Bourgogne. Le plus connu est sans doute Beaujolais est devenu connu pour son le \u00abBeaujolais Nouveau&#8221; sorti en Novembre de chaque ann\u00e9e. Le lancement du Beaujolais Nouveau est presque comme une c\u00e9l\u00e9bration du Nouvel An pour les amateurs de vin du monde entier, car il [&hellip;]<\/p>\n","protected":false},"author":1746,"featured_media":0,"parent":0,"menu_order":0,"comment_status":"open","ping_status":"closed","template":"","meta":{"_monsterinsights_skip_tracking":false,"_monsterinsights_sitenote_active":false,"_monsterinsights_sitenote_note":"","_monsterinsights_sitenote_category":0,"_uf_show_specific_survey":0,"_uf_disable_surveys":false,"footnotes":""},"class_list":["post-68105","page","type-page","status-publish","hentry"],"yoast_head":"<!-- This site is optimized with the Yoast SEO plugin v27.3 - https:\/\/yoast.com\/product\/yoast-seo-wordpress\/ -->\n<title>Le vignoble du Beaujolais - IVINIO Caviste<\/title>\n<meta name=\"description\" content=\"Le vignoble du Beaujolais. En savoir plus sur la r\u00e9gion viticole de Beaujolais avec ses vins, ses c\u00e9pages, ses appellations et ses sp\u00e9cificit\u00e9s.\" \/>\n<meta name=\"robots\" content=\"index, follow, max-snippet:-1, max-image-preview:large, max-video-preview:-1\" \/>\n<link rel=\"canonical\" href=\"https:\/\/www.ivinio.com\/fr\/fr-beaujolais\/\" \/>\n<meta property=\"og:locale\" content=\"fr_FR\" \/>\n<meta property=\"og:type\" content=\"article\" \/>\n<meta property=\"og:title\" content=\"Le vignoble du Beaujolais - IVINIO Caviste\" \/>\n<meta property=\"og:description\" content=\"Le vignoble du Beaujolais. En savoir plus sur la r\u00e9gion viticole de Beaujolais avec ses vins, ses c\u00e9pages, ses appellations et ses sp\u00e9cificit\u00e9s.\" \/>\n<meta property=\"og:url\" content=\"https:\/\/www.ivinio.com\/fr\/fr-beaujolais\/\" \/>\n<meta property=\"og:site_name\" content=\"IVINIO Caviste\" \/>\n<meta property=\"article:publisher\" content=\"https:\/\/www.facebook.com\/groups\/165217837022391\/?ref=bookmarks\" \/>\n<meta property=\"article:modified_time\" content=\"2021-11-06T15:29:36+00:00\" \/>\n<meta property=\"og:image\" content=\"https:\/\/www.ivinio.com\/wp-content\/uploads\/2021\/07\/th.jpg\" \/>\n<meta name=\"twitter:card\" content=\"summary_large_image\" \/>\n<meta name=\"twitter:label1\" content=\"Dur\u00e9e de lecture estim\u00e9e\" \/>\n\t<meta name=\"twitter:data1\" content=\"2 minutes\" \/>\n<script type=\"application\/ld+json\" class=\"yoast-schema-graph\">{\"@context\":\"https:\\\/\\\/schema.org\",\"@graph\":[{\"@type\":\"WebPage\",\"@id\":\"https:\\\/\\\/www.ivinio.com\\\/fr\\\/fr-beaujolais\\\/\",\"url\":\"https:\\\/\\\/www.ivinio.com\\\/fr\\\/fr-beaujolais\\\/\",\"name\":\"Le vignoble du Beaujolais - IVINIO Caviste\",\"isPartOf\":{\"@id\":\"https:\\\/\\\/www.ivinio.com\\\/fr\\\/#website\"},\"primaryImageOfPage\":{\"@id\":\"https:\\\/\\\/www.ivinio.com\\\/fr\\\/fr-beaujolais\\\/#primaryimage\"},\"image\":{\"@id\":\"https:\\\/\\\/www.ivinio.com\\\/fr\\\/fr-beaujolais\\\/#primaryimage\"},\"thumbnailUrl\":\"https:\\\/\\\/www.ivinio.com\\\/wp-content\\\/uploads\\\/2021\\\/07\\\/th.jpg\",\"datePublished\":\"2014-05-30T14:53:13+00:00\",\"dateModified\":\"2021-11-06T15:29:36+00:00\",\"description\":\"Le vignoble du Beaujolais. En savoir plus sur la r\u00e9gion viticole de Beaujolais avec ses vins, ses c\u00e9pages, ses appellations et ses sp\u00e9cificit\u00e9s.\",\"breadcrumb\":{\"@id\":\"https:\\\/\\\/www.ivinio.com\\\/fr\\\/fr-beaujolais\\\/#breadcrumb\"},\"inLanguage\":\"fr-FR\",\"potentialAction\":[{\"@type\":\"ReadAction\",\"target\":[\"https:\\\/\\\/www.ivinio.com\\\/fr\\\/fr-beaujolais\\\/\"]}]},{\"@type\":\"ImageObject\",\"inLanguage\":\"fr-FR\",\"@id\":\"https:\\\/\\\/www.ivinio.com\\\/fr\\\/fr-beaujolais\\\/#primaryimage\",\"url\":\"https:\\\/\\\/www.ivinio.com\\\/wp-content\\\/uploads\\\/2021\\\/07\\\/th.jpg\",\"contentUrl\":\"https:\\\/\\\/www.ivinio.com\\\/wp-content\\\/uploads\\\/2021\\\/07\\\/th.jpg\"},{\"@type\":\"BreadcrumbList\",\"@id\":\"https:\\\/\\\/www.ivinio.com\\\/fr\\\/fr-beaujolais\\\/#breadcrumb\",\"itemListElement\":[{\"@type\":\"ListItem\",\"position\":1,\"name\":\"Home\",\"item\":\"https:\\\/\\\/www.ivinio.com\\\/fr\\\/\"},{\"@type\":\"ListItem\",\"position\":2,\"name\":\"Beaujolais\"}]},{\"@type\":\"WebSite\",\"@id\":\"https:\\\/\\\/www.ivinio.com\\\/fr\\\/#website\",\"url\":\"https:\\\/\\\/www.ivinio.com\\\/fr\\\/\",\"name\":\"IVINIO Caviste\",\"description\":\"Vins de France et d&#039;Italie avec livraison \u00e0 domicile\",\"publisher\":{\"@id\":\"https:\\\/\\\/www.ivinio.com\\\/fr\\\/#organization\"},\"potentialAction\":[{\"@type\":\"SearchAction\",\"target\":{\"@type\":\"EntryPoint\",\"urlTemplate\":\"https:\\\/\\\/www.ivinio.com\\\/fr\\\/?s={search_term_string}\"},\"query-input\":{\"@type\":\"PropertyValueSpecification\",\"valueRequired\":true,\"valueName\":\"search_term_string\"}}],\"inLanguage\":\"fr-FR\"},{\"@type\":\"Organization\",\"@id\":\"https:\\\/\\\/www.ivinio.com\\\/fr\\\/#organization\",\"name\":\"IVINIO\",\"url\":\"https:\\\/\\\/www.ivinio.com\\\/fr\\\/\",\"logo\":{\"@type\":\"ImageObject\",\"inLanguage\":\"fr-FR\",\"@id\":\"https:\\\/\\\/www.ivinio.com\\\/fr\\\/#\\\/schema\\\/logo\\\/image\\\/\",\"url\":\"https:\\\/\\\/www.ivinio.com\\\/wp-content\\\/uploads\\\/2021\\\/01\\\/Logo-Ivinio-v2.jpg\",\"contentUrl\":\"https:\\\/\\\/www.ivinio.com\\\/wp-content\\\/uploads\\\/2021\\\/01\\\/Logo-Ivinio-v2.jpg\",\"width\":1194,\"height\":1194,\"caption\":\"IVINIO\"},\"image\":{\"@id\":\"https:\\\/\\\/www.ivinio.com\\\/fr\\\/#\\\/schema\\\/logo\\\/image\\\/\"},\"sameAs\":[\"https:\\\/\\\/www.facebook.com\\\/groups\\\/165217837022391\\\/?ref=bookmarks\",\"https:\\\/\\\/www.instagram.com\\\/_ivinio_\\\/?hl=fr\"]}]}<\/script>\n<!-- \/ Yoast SEO plugin. -->","yoast_head_json":{"title":"Le vignoble du Beaujolais - IVINIO Caviste","description":"Le vignoble du Beaujolais. En savoir plus sur la r\u00e9gion viticole de Beaujolais avec ses vins, ses c\u00e9pages, ses appellations et ses sp\u00e9cificit\u00e9s.","robots":{"index":"index","follow":"follow","max-snippet":"max-snippet:-1","max-image-preview":"max-image-preview:large","max-video-preview":"max-video-preview:-1"},"canonical":"https:\/\/www.ivinio.com\/fr\/fr-beaujolais\/","og_locale":"fr_FR","og_type":"article","og_title":"Le vignoble du Beaujolais - IVINIO Caviste","og_description":"Le vignoble du Beaujolais. En savoir plus sur la r\u00e9gion viticole de Beaujolais avec ses vins, ses c\u00e9pages, ses appellations et ses sp\u00e9cificit\u00e9s.","og_url":"https:\/\/www.ivinio.com\/fr\/fr-beaujolais\/","og_site_name":"IVINIO Caviste","article_publisher":"https:\/\/www.facebook.com\/groups\/165217837022391\/?ref=bookmarks","article_modified_time":"2021-11-06T15:29:36+00:00","og_image":[{"url":"https:\/\/www.ivinio.com\/wp-content\/uploads\/2021\/07\/th.jpg","type":"","width":"","height":""}],"twitter_card":"summary_large_image","twitter_misc":{"Dur\u00e9e de lecture estim\u00e9e":"2 minutes"},"schema":{"@context":"https:\/\/schema.org","@graph":[{"@type":"WebPage","@id":"https:\/\/www.ivinio.com\/fr\/fr-beaujolais\/","url":"https:\/\/www.ivinio.com\/fr\/fr-beaujolais\/","name":"Le vignoble du Beaujolais - IVINIO Caviste","isPartOf":{"@id":"https:\/\/www.ivinio.com\/fr\/#website"},"primaryImageOfPage":{"@id":"https:\/\/www.ivinio.com\/fr\/fr-beaujolais\/#primaryimage"},"image":{"@id":"https:\/\/www.ivinio.com\/fr\/fr-beaujolais\/#primaryimage"},"thumbnailUrl":"https:\/\/www.ivinio.com\/wp-content\/uploads\/2021\/07\/th.jpg","datePublished":"2014-05-30T14:53:13+00:00","dateModified":"2021-11-06T15:29:36+00:00","description":"Le vignoble du Beaujolais. En savoir plus sur la r\u00e9gion viticole de Beaujolais avec ses vins, ses c\u00e9pages, ses appellations et ses sp\u00e9cificit\u00e9s.","breadcrumb":{"@id":"https:\/\/www.ivinio.com\/fr\/fr-beaujolais\/#breadcrumb"},"inLanguage":"fr-FR","potentialAction":[{"@type":"ReadAction","target":["https:\/\/www.ivinio.com\/fr\/fr-beaujolais\/"]}]},{"@type":"ImageObject","inLanguage":"fr-FR","@id":"https:\/\/www.ivinio.com\/fr\/fr-beaujolais\/#primaryimage","url":"https:\/\/www.ivinio.com\/wp-content\/uploads\/2021\/07\/th.jpg","contentUrl":"https:\/\/www.ivinio.com\/wp-content\/uploads\/2021\/07\/th.jpg"},{"@type":"BreadcrumbList","@id":"https:\/\/www.ivinio.com\/fr\/fr-beaujolais\/#breadcrumb","itemListElement":[{"@type":"ListItem","position":1,"name":"Home","item":"https:\/\/www.ivinio.com\/fr\/"},{"@type":"ListItem","position":2,"name":"Beaujolais"}]},{"@type":"WebSite","@id":"https:\/\/www.ivinio.com\/fr\/#website","url":"https:\/\/www.ivinio.com\/fr\/","name":"IVINIO Caviste","description":"Vins de France et d&#039;Italie avec livraison \u00e0 domicile","publisher":{"@id":"https:\/\/www.ivinio.com\/fr\/#organization"},"potentialAction":[{"@type":"SearchAction","target":{"@type":"EntryPoint","urlTemplate":"https:\/\/www.ivinio.com\/fr\/?s={search_term_string}"},"query-input":{"@type":"PropertyValueSpecification","valueRequired":true,"valueName":"search_term_string"}}],"inLanguage":"fr-FR"},{"@type":"Organization","@id":"https:\/\/www.ivinio.com\/fr\/#organization","name":"IVINIO","url":"https:\/\/www.ivinio.com\/fr\/","logo":{"@type":"ImageObject","inLanguage":"fr-FR","@id":"https:\/\/www.ivinio.com\/fr\/#\/schema\/logo\/image\/","url":"https:\/\/www.ivinio.com\/wp-content\/uploads\/2021\/01\/Logo-Ivinio-v2.jpg","contentUrl":"https:\/\/www.ivinio.com\/wp-content\/uploads\/2021\/01\/Logo-Ivinio-v2.jpg","width":1194,"height":1194,"caption":"IVINIO"},"image":{"@id":"https:\/\/www.ivinio.com\/fr\/#\/schema\/logo\/image\/"},"sameAs":["https:\/\/www.facebook.com\/groups\/165217837022391\/?ref=bookmarks","https:\/\/www.instagram.com\/_ivinio_\/?hl=fr"]}]}},"jetpack_shortlink":"https:\/\/wp.me\/PcK36q-hIt","jetpack_sharing_enabled":true,"_links":{"self":[{"href":"https:\/\/www.ivinio.com\/fr\/wp-json\/wp\/v2\/pages\/68105","targetHints":{"allow":["GET"]}}],"collection":[{"href":"https:\/\/www.ivinio.com\/fr\/wp-json\/wp\/v2\/pages"}],"about":[{"href":"https:\/\/www.ivinio.com\/fr\/wp-json\/wp\/v2\/types\/page"}],"author":[{"embeddable":true,"href":"https:\/\/www.ivinio.com\/fr\/wp-json\/wp\/v2\/users\/1746"}],"replies":[{"embeddable":true,"href":"https:\/\/www.ivinio.com\/fr\/wp-json\/wp\/v2\/comments?post=68105"}],"version-history":[{"count":0,"href":"https:\/\/www.ivinio.com\/fr\/wp-json\/wp\/v2\/pages\/68105\/revisions"}],"wp:attachment":[{"href":"https:\/\/www.ivinio.com\/fr\/wp-json\/wp\/v2\/media?parent=68105"}],"curies":[{"name":"wp","href":"https:\/\/api.w.org\/{rel}","templated":true}]}}