{"id":68084,"date":"2014-05-30T16:30:28","date_gmt":"2014-05-30T16:30:28","guid":{"rendered":"https:\/\/henrik.www.ivinio.com\/?p=68084"},"modified":"2021-08-26T10:24:12","modified_gmt":"2021-08-26T08:24:12","slug":"notre-sommelier","status":"publish","type":"page","link":"https:\/\/www.ivinio.com\/fr\/notre-sommelier\/","title":{"rendered":"Notre sommelier"},"content":{"rendered":"<p>Ivinio a son propre comit\u00e9 de d\u00e9gustation qui est g\u00e9n\u00e9ralement dirig\u00e9 \u00a0par<strong>\u00a0Christophe\u00a0<\/strong><strong>\u00a0Moreau, sommelier professionnel, enseignant en oenologie et art de la table \u00e0 l&#8217;\u00e9cole hoteli\u00e8re de Menton<\/strong>. Nous avons des crit\u00e8res sp\u00e9cifiques pour notre s\u00e9lection de vins de la meilleure qualit\u00e9 au meilleur prix possible:<\/p>\n<p><img decoding=\"async\" class=\"size-medium wp-image-127715 alignleft lazyload\" data-src=\"https:\/\/www.ivinio.com\/wp-content\/uploads\/2021\/08\/Christophe-Moreau-277x300.jpg\" alt=\"\" width=\"277\" height=\"300\" data-srcset=\"https:\/\/www.ivinio.com\/wp-content\/uploads\/2021\/08\/Christophe-Moreau-277x300.jpg 277w, https:\/\/www.ivinio.com\/wp-content\/uploads\/2021\/08\/Christophe-Moreau-500x541.jpg 500w, https:\/\/www.ivinio.com\/wp-content\/uploads\/2021\/08\/Christophe-Moreau.jpg 508w\" data-sizes=\"(max-width: 277px) 100vw, 277px\" src=\"data:image\/gif;base64,R0lGODlhAQABAAAAACH5BAEKAAEALAAAAAABAAEAAAICTAEAOw==\" style=\"--smush-placeholder-width: 277px; --smush-placeholder-aspect-ratio: 277\/300;\" \/><strong>1.<\/strong> \u00a0Tous les vins qui mis en ligne sur notre site sont d\u00e9gust\u00e9s\u00a0et approuv\u00e9s par notre comit\u00e9 de d\u00e9gustation<strong>.<\/strong><\/p>\n<p><strong>2. <\/strong>Nous vous offrons l<strong>&#8216;acc\u00e8s \u00e0 des vins de\u00a0vignerons ind\u00e9pendants<\/strong> qui \u00e9l\u00e8vent eux-m\u00eames la vigne, r\u00e9coltent les raisins et vinifient.\u00a0En France, ces vignerons\u00a0&#8220;R\u00e9coltants\u00bb sont ind\u00e9pendants dans leur\u00a0profession et fiers\u00a0de leur travail\u00a0et\u00a0de la <strong>grande qualit\u00e9<\/strong> dans leurs produits.<\/p>\n<p>En France, il est possible de lire sur la bouteille de vin si producteur appartient \u00e0 cette cat\u00e9gorie. Au sommet du goulot des bouteilles de vin, <strong>sur le cachet<\/strong>, il <strong>est inscrit &#8220;R\u00e9coltant&#8221; ou &#8220;R&#8221;<\/strong> si c&#8217;est le cas. Beaucoup de maisons de vin, surtout les plus grandes, ach\u00e8tent\u00a0les raisins \u00e0 des vignerons, ce qui\u00a0en soi ne signifie pas n\u00e9cessairement que le vin soit\u00a0mauvais. Est\u00a0vigneron &#8220;R\u00e9coltant&#8221; celui qui ma\u00eetrise l&#8217;ensemble du processus de fabrication, et en particulier la culture de la vigne elle-m\u00eame, qui est la mati\u00e8re premi\u00e8re essentielle.<\/p>\n<p><strong>3. <\/strong>Nous nous tenons inform\u00e9s sur les vins qui ont re\u00e7u des<strong>\u00a0m\u00e9dailles et r\u00e9compenses<\/strong>. Lorsque c&#8217;est le cas, nous le notons sur la fiche technique du vin.<\/p>\n<p><strong>4. Nous essayons de vous proposer la\u00a0gamme la plus large possible de vins.<\/strong>\u00a0Nous prenons en compte \u00e0 la fois la vari\u00e9t\u00e9 des c\u00e9pages,\u00a0le type de sol et la r\u00e9gion dans notre \u00e9vantail de vins fran\u00e7ais et italiens.<\/p>\n","protected":false},"excerpt":{"rendered":"<p>Ivinio a son propre comit\u00e9 de d\u00e9gustation qui est g\u00e9n\u00e9ralement dirig\u00e9 \u00a0par\u00a0Christophe\u00a0\u00a0Moreau, sommelier professionnel, enseignant en oenologie et art de la table \u00e0 l&#8217;\u00e9cole hoteli\u00e8re de Menton. Nous avons des crit\u00e8res sp\u00e9cifiques pour notre s\u00e9lection de vins de la meilleure qualit\u00e9 au meilleur prix possible: 1. \u00a0Tous les vins qui mis en ligne sur notre [&hellip;]<\/p>\n","protected":false},"author":1746,"featured_media":0,"parent":0,"menu_order":0,"comment_status":"open","ping_status":"closed","template":"","meta":{"_monsterinsights_skip_tracking":false,"_monsterinsights_sitenote_active":false,"_monsterinsights_sitenote_note":"","_monsterinsights_sitenote_category":0,"_uf_show_specific_survey":0,"_uf_disable_surveys":false,"footnotes":""},"class_list":["post-68084","page","type-page","status-publish","hentry"],"yoast_head":"<!-- This site is optimized with the Yoast SEO plugin v27.6 - https:\/\/yoast.com\/product\/yoast-seo-wordpress\/ -->\n<title>Notre sommelier - IVINIO Caviste<\/title>\n<meta name=\"robots\" content=\"index, follow, max-snippet:-1, max-image-preview:large, max-video-preview:-1\" \/>\n<link rel=\"canonical\" href=\"https:\/\/www.ivinio.com\/fr\/notre-sommelier\/\" \/>\n<meta property=\"og:locale\" content=\"fr_FR\" \/>\n<meta property=\"og:type\" content=\"article\" \/>\n<meta property=\"og:title\" content=\"Notre sommelier - IVINIO Caviste\" \/>\n<meta property=\"og:description\" content=\"Ivinio a son propre comit\u00e9 de d\u00e9gustation qui est g\u00e9n\u00e9ralement dirig\u00e9 \u00a0par\u00a0Christophe\u00a0\u00a0Moreau, sommelier professionnel, enseignant en oenologie et art de la table \u00e0 l&#8217;\u00e9cole hoteli\u00e8re de Menton. Nous avons des crit\u00e8res sp\u00e9cifiques pour notre s\u00e9lection de vins de la meilleure qualit\u00e9 au meilleur prix possible: 1. \u00a0Tous les vins qui mis en ligne sur notre [&hellip;]\" \/>\n<meta property=\"og:url\" content=\"https:\/\/www.ivinio.com\/fr\/notre-sommelier\/\" \/>\n<meta property=\"og:site_name\" content=\"IVINIO Caviste\" \/>\n<meta property=\"article:publisher\" content=\"https:\/\/www.facebook.com\/groups\/165217837022391\/?ref=bookmarks\" \/>\n<meta property=\"article:modified_time\" content=\"2021-08-26T08:24:12+00:00\" \/>\n<meta property=\"og:image\" content=\"https:\/\/www.ivinio.com\/wp-content\/uploads\/2021\/08\/Christophe-Moreau-277x300.jpg\" \/>\n<meta name=\"twitter:card\" content=\"summary_large_image\" \/>\n<meta name=\"twitter:label1\" content=\"Dur\u00e9e de lecture estim\u00e9e\" \/>\n\t<meta name=\"twitter:data1\" content=\"2 minutes\" \/>\n<script type=\"application\/ld+json\" class=\"yoast-schema-graph\">{\"@context\":\"https:\\\/\\\/schema.org\",\"@graph\":[{\"@type\":\"WebPage\",\"@id\":\"https:\\\/\\\/www.ivinio.com\\\/fr\\\/notre-sommelier\\\/\",\"url\":\"https:\\\/\\\/www.ivinio.com\\\/fr\\\/notre-sommelier\\\/\",\"name\":\"Notre sommelier - IVINIO Caviste\",\"isPartOf\":{\"@id\":\"https:\\\/\\\/www.ivinio.com\\\/fr\\\/#website\"},\"primaryImageOfPage\":{\"@id\":\"https:\\\/\\\/www.ivinio.com\\\/fr\\\/notre-sommelier\\\/#primaryimage\"},\"image\":{\"@id\":\"https:\\\/\\\/www.ivinio.com\\\/fr\\\/notre-sommelier\\\/#primaryimage\"},\"thumbnailUrl\":\"https:\\\/\\\/www.ivinio.com\\\/wp-content\\\/uploads\\\/2021\\\/08\\\/Christophe-Moreau-277x300.jpg\",\"datePublished\":\"2014-05-30T16:30:28+00:00\",\"dateModified\":\"2021-08-26T08:24:12+00:00\",\"breadcrumb\":{\"@id\":\"https:\\\/\\\/www.ivinio.com\\\/fr\\\/notre-sommelier\\\/#breadcrumb\"},\"inLanguage\":\"fr-FR\",\"potentialAction\":[{\"@type\":\"ReadAction\",\"target\":[\"https:\\\/\\\/www.ivinio.com\\\/fr\\\/notre-sommelier\\\/\"]}]},{\"@type\":\"ImageObject\",\"inLanguage\":\"fr-FR\",\"@id\":\"https:\\\/\\\/www.ivinio.com\\\/fr\\\/notre-sommelier\\\/#primaryimage\",\"url\":\"https:\\\/\\\/www.ivinio.com\\\/wp-content\\\/uploads\\\/2021\\\/08\\\/Christophe-Moreau-277x300.jpg\",\"contentUrl\":\"https:\\\/\\\/www.ivinio.com\\\/wp-content\\\/uploads\\\/2021\\\/08\\\/Christophe-Moreau-277x300.jpg\"},{\"@type\":\"BreadcrumbList\",\"@id\":\"https:\\\/\\\/www.ivinio.com\\\/fr\\\/notre-sommelier\\\/#breadcrumb\",\"itemListElement\":[{\"@type\":\"ListItem\",\"position\":1,\"name\":\"Home\",\"item\":\"https:\\\/\\\/www.ivinio.com\\\/fr\\\/\"},{\"@type\":\"ListItem\",\"position\":2,\"name\":\"Notre sommelier\"}]},{\"@type\":\"WebSite\",\"@id\":\"https:\\\/\\\/www.ivinio.com\\\/fr\\\/#website\",\"url\":\"https:\\\/\\\/www.ivinio.com\\\/fr\\\/\",\"name\":\"IVINIO Caviste\",\"description\":\"Vins de France et d&#039;Italie avec livraison \u00e0 domicile\",\"publisher\":{\"@id\":\"https:\\\/\\\/www.ivinio.com\\\/fr\\\/#organization\"},\"potentialAction\":[{\"@type\":\"SearchAction\",\"target\":{\"@type\":\"EntryPoint\",\"urlTemplate\":\"https:\\\/\\\/www.ivinio.com\\\/fr\\\/?s={search_term_string}\"},\"query-input\":{\"@type\":\"PropertyValueSpecification\",\"valueRequired\":true,\"valueName\":\"search_term_string\"}}],\"inLanguage\":\"fr-FR\"},{\"@type\":\"Organization\",\"@id\":\"https:\\\/\\\/www.ivinio.com\\\/fr\\\/#organization\",\"name\":\"IVINIO\",\"url\":\"https:\\\/\\\/www.ivinio.com\\\/fr\\\/\",\"logo\":{\"@type\":\"ImageObject\",\"inLanguage\":\"fr-FR\",\"@id\":\"https:\\\/\\\/www.ivinio.com\\\/fr\\\/#\\\/schema\\\/logo\\\/image\\\/\",\"url\":\"https:\\\/\\\/www.ivinio.com\\\/wp-content\\\/uploads\\\/2021\\\/01\\\/Logo-Ivinio-v2.jpg\",\"contentUrl\":\"https:\\\/\\\/www.ivinio.com\\\/wp-content\\\/uploads\\\/2021\\\/01\\\/Logo-Ivinio-v2.jpg\",\"width\":1194,\"height\":1194,\"caption\":\"IVINIO\"},\"image\":{\"@id\":\"https:\\\/\\\/www.ivinio.com\\\/fr\\\/#\\\/schema\\\/logo\\\/image\\\/\"},\"sameAs\":[\"https:\\\/\\\/www.facebook.com\\\/groups\\\/165217837022391\\\/?ref=bookmarks\",\"https:\\\/\\\/www.instagram.com\\\/_ivinio_\\\/?hl=fr\"]}]}<\/script>\n<!-- \/ Yoast SEO plugin. -->","yoast_head_json":{"title":"Notre sommelier - IVINIO Caviste","robots":{"index":"index","follow":"follow","max-snippet":"max-snippet:-1","max-image-preview":"max-image-preview:large","max-video-preview":"max-video-preview:-1"},"canonical":"https:\/\/www.ivinio.com\/fr\/notre-sommelier\/","og_locale":"fr_FR","og_type":"article","og_title":"Notre sommelier - IVINIO Caviste","og_description":"Ivinio a son propre comit\u00e9 de d\u00e9gustation qui est g\u00e9n\u00e9ralement dirig\u00e9 \u00a0par\u00a0Christophe\u00a0\u00a0Moreau, sommelier professionnel, enseignant en oenologie et art de la table \u00e0 l&#8217;\u00e9cole hoteli\u00e8re de Menton. Nous avons des crit\u00e8res sp\u00e9cifiques pour notre s\u00e9lection de vins de la meilleure qualit\u00e9 au meilleur prix possible: 1. \u00a0Tous les vins qui mis en ligne sur notre [&hellip;]","og_url":"https:\/\/www.ivinio.com\/fr\/notre-sommelier\/","og_site_name":"IVINIO Caviste","article_publisher":"https:\/\/www.facebook.com\/groups\/165217837022391\/?ref=bookmarks","article_modified_time":"2021-08-26T08:24:12+00:00","og_image":[{"url":"https:\/\/www.ivinio.com\/wp-content\/uploads\/2021\/08\/Christophe-Moreau-277x300.jpg","type":"","width":"","height":""}],"twitter_card":"summary_large_image","twitter_misc":{"Dur\u00e9e de lecture estim\u00e9e":"2 minutes"},"schema":{"@context":"https:\/\/schema.org","@graph":[{"@type":"WebPage","@id":"https:\/\/www.ivinio.com\/fr\/notre-sommelier\/","url":"https:\/\/www.ivinio.com\/fr\/notre-sommelier\/","name":"Notre sommelier - IVINIO Caviste","isPartOf":{"@id":"https:\/\/www.ivinio.com\/fr\/#website"},"primaryImageOfPage":{"@id":"https:\/\/www.ivinio.com\/fr\/notre-sommelier\/#primaryimage"},"image":{"@id":"https:\/\/www.ivinio.com\/fr\/notre-sommelier\/#primaryimage"},"thumbnailUrl":"https:\/\/www.ivinio.com\/wp-content\/uploads\/2021\/08\/Christophe-Moreau-277x300.jpg","datePublished":"2014-05-30T16:30:28+00:00","dateModified":"2021-08-26T08:24:12+00:00","breadcrumb":{"@id":"https:\/\/www.ivinio.com\/fr\/notre-sommelier\/#breadcrumb"},"inLanguage":"fr-FR","potentialAction":[{"@type":"ReadAction","target":["https:\/\/www.ivinio.com\/fr\/notre-sommelier\/"]}]},{"@type":"ImageObject","inLanguage":"fr-FR","@id":"https:\/\/www.ivinio.com\/fr\/notre-sommelier\/#primaryimage","url":"https:\/\/www.ivinio.com\/wp-content\/uploads\/2021\/08\/Christophe-Moreau-277x300.jpg","contentUrl":"https:\/\/www.ivinio.com\/wp-content\/uploads\/2021\/08\/Christophe-Moreau-277x300.jpg"},{"@type":"BreadcrumbList","@id":"https:\/\/www.ivinio.com\/fr\/notre-sommelier\/#breadcrumb","itemListElement":[{"@type":"ListItem","position":1,"name":"Home","item":"https:\/\/www.ivinio.com\/fr\/"},{"@type":"ListItem","position":2,"name":"Notre sommelier"}]},{"@type":"WebSite","@id":"https:\/\/www.ivinio.com\/fr\/#website","url":"https:\/\/www.ivinio.com\/fr\/","name":"IVINIO Caviste","description":"Vins de France et d&#039;Italie avec livraison \u00e0 domicile","publisher":{"@id":"https:\/\/www.ivinio.com\/fr\/#organization"},"potentialAction":[{"@type":"SearchAction","target":{"@type":"EntryPoint","urlTemplate":"https:\/\/www.ivinio.com\/fr\/?s={search_term_string}"},"query-input":{"@type":"PropertyValueSpecification","valueRequired":true,"valueName":"search_term_string"}}],"inLanguage":"fr-FR"},{"@type":"Organization","@id":"https:\/\/www.ivinio.com\/fr\/#organization","name":"IVINIO","url":"https:\/\/www.ivinio.com\/fr\/","logo":{"@type":"ImageObject","inLanguage":"fr-FR","@id":"https:\/\/www.ivinio.com\/fr\/#\/schema\/logo\/image\/","url":"https:\/\/www.ivinio.com\/wp-content\/uploads\/2021\/01\/Logo-Ivinio-v2.jpg","contentUrl":"https:\/\/www.ivinio.com\/wp-content\/uploads\/2021\/01\/Logo-Ivinio-v2.jpg","width":1194,"height":1194,"caption":"IVINIO"},"image":{"@id":"https:\/\/www.ivinio.com\/fr\/#\/schema\/logo\/image\/"},"sameAs":["https:\/\/www.facebook.com\/groups\/165217837022391\/?ref=bookmarks","https:\/\/www.instagram.com\/_ivinio_\/?hl=fr"]}]}},"jetpack_shortlink":"https:\/\/wp.me\/PcK36q-hI8","jetpack_sharing_enabled":true,"_links":{"self":[{"href":"https:\/\/www.ivinio.com\/fr\/wp-json\/wp\/v2\/pages\/68084","targetHints":{"allow":["GET"]}}],"collection":[{"href":"https:\/\/www.ivinio.com\/fr\/wp-json\/wp\/v2\/pages"}],"about":[{"href":"https:\/\/www.ivinio.com\/fr\/wp-json\/wp\/v2\/types\/page"}],"author":[{"embeddable":true,"href":"https:\/\/www.ivinio.com\/fr\/wp-json\/wp\/v2\/users\/1746"}],"replies":[{"embeddable":true,"href":"https:\/\/www.ivinio.com\/fr\/wp-json\/wp\/v2\/comments?post=68084"}],"version-history":[{"count":0,"href":"https:\/\/www.ivinio.com\/fr\/wp-json\/wp\/v2\/pages\/68084\/revisions"}],"wp:attachment":[{"href":"https:\/\/www.ivinio.com\/fr\/wp-json\/wp\/v2\/media?parent=68084"}],"curies":[{"name":"wp","href":"https:\/\/api.w.org\/{rel}","templated":true}]}}