{"id":127372,"date":"2021-07-09T19:16:17","date_gmt":"2021-07-09T17:16:17","guid":{"rendered":"https:\/\/www.ivinio.com\/les-abruzzes\/"},"modified":"2023-07-06T18:06:51","modified_gmt":"2023-07-06T16:06:51","slug":"les-abruzzes","status":"publish","type":"page","link":"https:\/\/www.ivinio.com\/fr\/les-abruzzes\/","title":{"rendered":"Les Abruzzes"},"content":{"rendered":"\r\n<h1>La r\u00e9gion viticole des Abruzzes<\/h1>\r\n\r\n\r\n\r\n<p>La r\u00e9gion viticole des Abruzzes est situ\u00e9e dans le centre-est de l&#8217;Italie bordant la c\u00f4te adriatique. Le vin y est cultiv\u00e9 depuis l&#8217;antiquit\u00e9. A cette \u00e9poque principalement dans la Valle Peligna, qui est situ\u00e9e \u00e0 l&#8217;int\u00e9rieur des terres, \u00e0 50 km au sud de la ville de L&#8217;Aquila. Aujourd&#8217;hui, la viticulture a \u00e9t\u00e9 restructur\u00e9e et s&#8217;est \u00e9tendue \u00e0 des zones plus accessibles autour de la c\u00f4te de la mer Adriatique. On peut donc diviser le vignoble en 2 terroirs diff\u00e9rents, o\u00f9 le climat int\u00e9rieur plus difficile avec des temp\u00e9ratures tr\u00e8s variables repr\u00e9sente une partie et la partie plus c\u00f4ti\u00e8re avec un paysage plus vallonn\u00e9 et un climat plus doux. La plus grande partie de la viticulture se situe aujourd&#8217;hui dans la province de Chieti, autour de la ville du m\u00eame nom.<\/p>\r\n\r\n\r\n\r\n<p>Les Abruzzes bordent les Marches au nord et les r\u00e9gions sont divis\u00e9es par le fleuve Tronto. \u00c0 l&#8217;ouest, les Abruzzes bordent le Latium via les Apennins centraux, \u00e0 l&#8217;est jusqu&#8217;\u00e0 la mer Adriatique et au sud, les Abruzzes atteignent le fleuve Trigno, qui borde la r\u00e9gion du Molise.<\/p>\r\n<h2>La production de vin des Abruzzes<\/h2>\r\n\r\n\r\n\r\n<p>Au total, pr\u00e8s de 3 millions d&#8217;hectolitres de vin sont produits, dont un peu plus de la moiti\u00e9 en rouge ou ros\u00e9 et le reste en blanc. Cela repr\u00e9sente environ 6 % de la production de vin en Italie, mais la r\u00e9gion viticole des Abruzzes repr\u00e9sente jusqu&#8217;\u00e0 10 % du vin de table, <em>vino di tavola<\/em>. C&#8217;est donc une r\u00e9gion viticole qui, malgr\u00e9 ses vins tr\u00e8s fins et int\u00e9ressants, produit aussi une grosse quantit\u00e9 de vins simples, souvent bon rapport qualit\u00e9\/ prix simples qui ne sont pas des moindres export\u00e9s. La r\u00e9gion viticole des Abruzzes ne repr\u00e9sente que 4% des vins DOC italiens, bien que Montepulciano d&#8217;Abruzzo et Trebbiano d&#8217;Abruzzo soient 2 des appellations les plus importantes d&#8217;Italie.<\/p>\r\n<h2>Les c\u00e9pages des Abruzzes<\/h2>\r\n\r\n\r\n\r\n<p class=\"has-text-align-left\">Les Abruzzes sont probablement le mieux connues pour leur c\u00e9page Montepulciano utilis\u00e9 pour le vin Montepulciano d&#8217;Abruzzo qui repr\u00e9sentent plus de la moiti\u00e9 des 32 000 hectares de terres cultiv\u00e9es de la r\u00e9gion et la tendance est toujours \u00e0 la hausse. Montepulciano est \u00e9galement utilis\u00e9 pour un autre vin DOC qui est Cerasuolo d&#8217;Abruzzo. L&#8217;autre c\u00e9page majeur des Abruzzes est blanc et s&#8217;appelle Trebbiano et il est utilis\u00e9 pour la production du<a href=\"https:\/\/fr.wikipedia.org\/wiki\/Trebbiano\"> Trebbiano<\/a> d&#8217;Abruzzo. Trebbiano repr\u00e9sente un peu plus de 40 % des terres cultiv\u00e9es. Trebbiano cr\u00e9e des vins frais, l\u00e9gers avec des belles acidit\u00e9s. En outre, d&#8217;autres c\u00e9pages blancs locaux tels que le Montonico y sont \u00e9galement cultiv\u00e9s. Le Montonico est un c\u00e9page qui est vinifi\u00e9 \u00e0 la fois en vin blanc et en mousseux selon la m\u00e9thode classique.<\/p>\r\n\r\n\r\n\r\n<div class=\"wp-block-media-text alignfull is-stacked-on-mobile is-vertically-aligned-center\" style=\"grid-template-columns: 40% auto;\">\r\n<figure class=\"wp-block-media-text__media\"><img decoding=\"async\" class=\"alignnone wp-image-127745 size-full lazyload\" data-src=\"https:\/\/www.ivinio.com\/wp-content\/uploads\/2021\/08\/Abruzzo.jpg\" alt=\"La r\u00e9gion viticole des Abruzzes. Atri avec le massif du Gran Sasso en arri\u00e8re-plan.\" width=\"640\" height=\"427\" data-srcset=\"https:\/\/www.ivinio.com\/wp-content\/uploads\/2021\/08\/Abruzzo.jpg 640w, https:\/\/www.ivinio.com\/wp-content\/uploads\/2021\/08\/Abruzzo-300x200.jpg 300w, https:\/\/www.ivinio.com\/wp-content\/uploads\/2021\/08\/Abruzzo-500x334.jpg 500w, https:\/\/www.ivinio.com\/wp-content\/uploads\/2021\/08\/Abruzzo-90x60.jpg 90w, https:\/\/www.ivinio.com\/wp-content\/uploads\/2021\/08\/Abruzzo-135x90.jpg 135w\" data-sizes=\"(max-width: 640px) 100vw, 640px\" src=\"data:image\/gif;base64,R0lGODlhAQABAAAAACH5BAEKAAEALAAAAAABAAEAAAICTAEAOw==\" style=\"--smush-placeholder-width: 640px; --smush-placeholder-aspect-ratio: 640\/427;\" \/><\/figure>\r\n<div class=\"wp-block-media-text__content\">\r\n<div class=\"wp-block-columns is-layout-flex wp-container-core-columns-is-layout-9d6595d7 wp-block-columns-is-layout-flex\">\r\n<div class=\"wp-block-column is-layout-flow wp-block-column-is-layout-flow\" style=\"flex-basis: 100%;\">\r\n<div class=\"wp-block-group\"><div class=\"wp-block-group__inner-container is-layout-flow wp-block-group-is-layout-flow\">\r\n<div class=\"wp-block-columns is-layout-flex wp-container-core-columns-is-layout-9d6595d7 wp-block-columns-is-layout-flex\">\r\n<div class=\"wp-block-column is-layout-flow wp-block-column-is-layout-flow\" style=\"flex-basis: 100%;\">\r\n<ul class=\"wp-block-list\">\r\n<li>Le c\u00e9page est document\u00e9 depuis le XVIIe si\u00e8cle, lorsqu&#8217;il \u00e9tait cultiv\u00e9 sur les collines du Gran Sasso dans la cha\u00eene de montagnes des Apennins. Les troupes fran\u00e7aises auraient tellement appr\u00e9ci\u00e9 ce c\u00e9page lorsqu&#8217;elles sont arriv\u00e9es dans les Abruzzes pendant la guerre napol\u00e9onienne, que le vin aurait \u00e9t\u00e9 appel\u00e9 &#8220;Le petit champagne&#8221;. Passerina a \u00e9t\u00e9 principalement produit \u00e0 Teramano, mais est maintenant cultiv\u00e9 dans toute la r\u00e9gion viticole. Le c\u00e9page a une acidit\u00e9 \u00e9lev\u00e9e qui le rend appropri\u00e9 pour les vins effervescents. Le Pecorino, qui n&#8217;a rien \u00e0 voir avec le fromage du m\u00eame nom, est un c\u00e9page tr\u00e8s ancien utilis\u00e9 pour plusieurs vins d&#8217;appellation dans les Marches tels que le DOCG l&#8217;Offida Pecorino et les vins DOC Falerio dei Colli Ascolani et le Colli Macerates. Le Chardonnay est \u00e9galement cultiv\u00e9 dans une certaine mesure dans la r\u00e9gion des Abruzzes.<\/li>\r\n<\/ul>\r\n\r\n\r\n\r\n<p>&nbsp;<\/p>\r\n<\/div>\r\n<\/div>\r\n<\/div><\/div>\r\n<\/div>\r\n<\/div>\r\n<\/div>\r\n<\/div>\r\n\r\n\r\n\r\n<p><em>Atri avec le massif du Gran Sasso en arri\u00e8re-plan.<\/em><\/p>\r\n\r\n\r\n\r\n<p>Parmi les c\u00e9pages rouges, nous trouvons \u00e0 c\u00f4t\u00e9 du c\u00e9page Montepulciano, le Sangiovese toscan ainsi que les Cabernet Sauvignon et Merlot plus internationaux.<\/p>\r\n<h2>Les diff\u00e9rents vins des Abruzzes<\/h2>\r\n\r\n\r\n\r\n<p>Les Abruzzes produisent 2 vins DOCG, 7 vins DOC et 8 vins IGT que vous trouverez d\u00e9crits dans le tableau ci-dessous :<\/p>\r\n\r\n\r\n\r\n<div class=\"wp-block-columns is-layout-flex wp-container-core-columns-is-layout-9d6595d7 wp-block-columns-is-layout-flex\">\r\n<div class=\"wp-block-column is-layout-flow wp-block-column-is-layout-flow\" style=\"flex-basis: 100%;\">\r\n<figure class=\"wp-block-table is-style-regular\">\r\n<table>\r\n<thead>\r\n<tr>\r\n<th>Vins DOCG<\/th>\r\n<th>Couleur<\/th>\r\n<th>Province<\/th>\r\n<\/tr>\r\n<\/thead>\r\n<tbody>\r\n<tr>\r\n<td>Terre Tollesi o Tullum DOCG<\/td>\r\n<td>Rouge, blanc, mousseux<\/td>\r\n<td>Chieti<\/td>\r\n<\/tr>\r\n<tr>\r\n<td>Montepulciano d\u2019Abruzzo Colline Teramane DOCG<\/td>\r\n<td>Rouge<\/td>\r\n<td>Teramo<\/td>\r\n<\/tr>\r\n<\/tbody>\r\n<\/table>\r\n<\/figure>\r\n\r\n\r\n\r\n<figure class=\"wp-block-table\">\r\n<table>\r\n<tbody>\r\n<tr>\r\n<td><strong>Vins DOC<\/strong><\/td>\r\n<td><strong>Couleur<\/strong><\/td>\r\n<td><strong>Province<\/strong><\/td>\r\n<\/tr>\r\n<tr>\r\n<td>Abruzzo DOC<\/td>\r\n<td>Rouge, blanc, mousseux<\/td>\r\n<td>Chieti, L\u2019Aquila, Teramo, Pescara<\/td>\r\n<\/tr>\r\n<tr>\r\n<td>Cerasuolo d\u2019Abruzzo DOC<\/td>\r\n<td>Ros\u00e9<\/td>\r\n<td>Chieti, L\u2019Aquila, Teramo, Pescara<\/td>\r\n<\/tr>\r\n<tr>\r\n<td>Controguerra DOC<\/td>\r\n<td>Rouge, blanc, ros\u00e9, mousseux<\/td>\r\n<td>Teramo<\/td>\r\n<\/tr>\r\n<tr>\r\n<td>Montepulciano d\u2019Abruzzo DOC<\/td>\r\n<td>Rouge<\/td>\r\n<td>Chieti, L\u2019Aquila, Teramo, Pescara<\/td>\r\n<\/tr>\r\n<tr>\r\n<td>Ortona DOC<\/td>\r\n<td>Rouge, blanc<\/td>\r\n<td>Chieti<\/td>\r\n<\/tr>\r\n<tr>\r\n<td>Trebbiano d\u2019Abruzzo DOC<\/td>\r\n<td>Blanc<\/td>\r\n<td>Chieti, L\u2019Aquila, Teramo, Pescara<\/td>\r\n<\/tr>\r\n<tr>\r\n<td>Villamagna DOC<\/td>\r\n<td>Rouge<\/td>\r\n<td>Chieti<\/td>\r\n<\/tr>\r\n<\/tbody>\r\n<\/table>\r\n<\/figure>\r\n\r\n\r\n\r\n<figure class=\"wp-block-table\">\r\n<table>\r\n<tbody>\r\n<tr>\r\n<td><strong>Vins IGT<\/strong><\/td>\r\n<td><strong>Couleur<\/strong><\/td>\r\n<td><strong>Province<\/strong><\/td>\r\n<\/tr>\r\n<tr>\r\n<td>Colli Aprutini IGT<\/td>\r\n<td>Rouge, blanc, ros\u00e9<\/td>\r\n<td>Teramo<\/td>\r\n<\/tr>\r\n<tr>\r\n<td>Colli del Sangro IGT<\/td>\r\n<td>Rouge, blanc, ros\u00e9<\/td>\r\n<td>Chieti<\/td>\r\n<\/tr>\r\n<tr>\r\n<td>Colline Frentane IGT<\/td>\r\n<td>Rouge, blanc, ros\u00e9<\/td>\r\n<td>Chieti<\/td>\r\n<\/tr>\r\n<tr>\r\n<td>Colline Pescaresi IGT<\/td>\r\n<td>Rouge, blanc, ros\u00e9<\/td>\r\n<td>Pescara<\/td>\r\n<\/tr>\r\n<tr>\r\n<td>Colline Teatine IGT<\/td>\r\n<td>Rouge, blanc, ros\u00e9<\/td>\r\n<td>Chieti<\/td>\r\n<\/tr>\r\n<tr>\r\n<td>Del Vastese o Histonium IGT<\/td>\r\n<td>Rouge, blanc, ros\u00e9<\/td>\r\n<td>Chieti<\/td>\r\n<\/tr>\r\n<tr>\r\n<td>Terre Aquilane o Terre de l\u2019Aquila IGT<\/td>\r\n<td>Rouge, blanc, ros\u00e9<\/td>\r\n<td>L&#8217;Aquila<\/td>\r\n<\/tr>\r\n<tr>\r\n<td>Terre di Chieti IGT<\/td>\r\n<td>Rouge, blanc, ros\u00e9<\/td>\r\n<td>Chieti<\/td>\r\n<\/tr>\r\n<\/tbody>\r\n<\/table>\r\n<\/figure>\r\n<\/div>\r\n<\/div>\r\n\r\n\r\n\r\n<p>&nbsp;<\/p>\r\n","protected":false},"excerpt":{"rendered":"<p>La r\u00e9gion viticole des Abruzzes La r\u00e9gion viticole des Abruzzes est situ\u00e9e dans le centre-est de l&#8217;Italie bordant la c\u00f4te adriatique. Le vin y est cultiv\u00e9 depuis l&#8217;antiquit\u00e9. A cette \u00e9poque principalement dans la Valle Peligna, qui est situ\u00e9e \u00e0 l&#8217;int\u00e9rieur des terres, \u00e0 50 km au sud de la ville de L&#8217;Aquila. Aujourd&#8217;hui, la [&hellip;]<\/p>\n","protected":false},"author":1746,"featured_media":0,"parent":0,"menu_order":0,"comment_status":"closed","ping_status":"closed","template":"","meta":{"_monsterinsights_skip_tracking":false,"_monsterinsights_sitenote_active":false,"_monsterinsights_sitenote_note":"","_monsterinsights_sitenote_category":0,"_uf_show_specific_survey":0,"_uf_disable_surveys":false,"footnotes":""},"class_list":["post-127372","page","type-page","status-publish","hentry"],"yoast_head":"<!-- This site is optimized with the Yoast SEO plugin v27.5 - https:\/\/yoast.com\/product\/yoast-seo-wordpress\/ -->\n<title>La r\u00e9gion viticole des Abruzzes - IVINIO Caviste<\/title>\n<meta name=\"description\" content=\"La r\u00e9gion viticole des Abruzzes. D\u00e9couvrez la r\u00e9gion viticole des Abruzzes avec ses vins, c\u00e9pages, appellations et sp\u00e9cificit\u00e9s locales.\" \/>\n<meta name=\"robots\" content=\"index, follow, max-snippet:-1, max-image-preview:large, max-video-preview:-1\" \/>\n<link rel=\"canonical\" href=\"https:\/\/www.ivinio.com\/fr\/les-abruzzes\/\" \/>\n<meta property=\"og:locale\" content=\"fr_FR\" \/>\n<meta property=\"og:type\" content=\"article\" \/>\n<meta property=\"og:title\" content=\"La r\u00e9gion viticole des Abruzzes - IVINIO Caviste\" \/>\n<meta property=\"og:description\" content=\"La r\u00e9gion viticole des Abruzzes. D\u00e9couvrez la r\u00e9gion viticole des Abruzzes avec ses vins, c\u00e9pages, appellations et sp\u00e9cificit\u00e9s locales.\" \/>\n<meta property=\"og:url\" content=\"https:\/\/www.ivinio.com\/fr\/les-abruzzes\/\" \/>\n<meta property=\"og:site_name\" content=\"IVINIO Caviste\" \/>\n<meta property=\"article:publisher\" content=\"https:\/\/www.facebook.com\/groups\/165217837022391\/?ref=bookmarks\" \/>\n<meta property=\"article:modified_time\" content=\"2023-07-06T16:06:51+00:00\" \/>\n<meta property=\"og:image\" content=\"https:\/\/www.ivinio.com\/wp-content\/uploads\/2021\/08\/Abruzzo.jpg\" \/>\n<meta name=\"twitter:card\" content=\"summary_large_image\" \/>\n<meta name=\"twitter:label1\" content=\"Dur\u00e9e de lecture estim\u00e9e\" \/>\n\t<meta name=\"twitter:data1\" content=\"4 minutes\" \/>\n<script type=\"application\/ld+json\" class=\"yoast-schema-graph\">{\"@context\":\"https:\\\/\\\/schema.org\",\"@graph\":[{\"@type\":\"WebPage\",\"@id\":\"https:\\\/\\\/www.ivinio.com\\\/fr\\\/les-abruzzes\\\/\",\"url\":\"https:\\\/\\\/www.ivinio.com\\\/fr\\\/les-abruzzes\\\/\",\"name\":\"La r\u00e9gion viticole des Abruzzes - IVINIO Caviste\",\"isPartOf\":{\"@id\":\"https:\\\/\\\/www.ivinio.com\\\/fr\\\/#website\"},\"primaryImageOfPage\":{\"@id\":\"https:\\\/\\\/www.ivinio.com\\\/fr\\\/les-abruzzes\\\/#primaryimage\"},\"image\":{\"@id\":\"https:\\\/\\\/www.ivinio.com\\\/fr\\\/les-abruzzes\\\/#primaryimage\"},\"thumbnailUrl\":\"https:\\\/\\\/www.ivinio.com\\\/wp-content\\\/uploads\\\/2021\\\/08\\\/Abruzzo.jpg\",\"datePublished\":\"2021-07-09T17:16:17+00:00\",\"dateModified\":\"2023-07-06T16:06:51+00:00\",\"description\":\"La r\u00e9gion viticole des Abruzzes. D\u00e9couvrez la r\u00e9gion viticole des Abruzzes avec ses vins, c\u00e9pages, appellations et sp\u00e9cificit\u00e9s locales.\",\"breadcrumb\":{\"@id\":\"https:\\\/\\\/www.ivinio.com\\\/fr\\\/les-abruzzes\\\/#breadcrumb\"},\"inLanguage\":\"fr-FR\",\"potentialAction\":[{\"@type\":\"ReadAction\",\"target\":[\"https:\\\/\\\/www.ivinio.com\\\/fr\\\/les-abruzzes\\\/\"]}]},{\"@type\":\"ImageObject\",\"inLanguage\":\"fr-FR\",\"@id\":\"https:\\\/\\\/www.ivinio.com\\\/fr\\\/les-abruzzes\\\/#primaryimage\",\"url\":\"https:\\\/\\\/www.ivinio.com\\\/wp-content\\\/uploads\\\/2021\\\/08\\\/Abruzzo.jpg\",\"contentUrl\":\"https:\\\/\\\/www.ivinio.com\\\/wp-content\\\/uploads\\\/2021\\\/08\\\/Abruzzo.jpg\"},{\"@type\":\"BreadcrumbList\",\"@id\":\"https:\\\/\\\/www.ivinio.com\\\/fr\\\/les-abruzzes\\\/#breadcrumb\",\"itemListElement\":[{\"@type\":\"ListItem\",\"position\":1,\"name\":\"Home\",\"item\":\"https:\\\/\\\/www.ivinio.com\\\/fr\\\/\"},{\"@type\":\"ListItem\",\"position\":2,\"name\":\"Les Abruzzes\"}]},{\"@type\":\"WebSite\",\"@id\":\"https:\\\/\\\/www.ivinio.com\\\/fr\\\/#website\",\"url\":\"https:\\\/\\\/www.ivinio.com\\\/fr\\\/\",\"name\":\"IVINIO Caviste\",\"description\":\"Vins de France et d&#039;Italie avec livraison \u00e0 domicile\",\"publisher\":{\"@id\":\"https:\\\/\\\/www.ivinio.com\\\/fr\\\/#organization\"},\"potentialAction\":[{\"@type\":\"SearchAction\",\"target\":{\"@type\":\"EntryPoint\",\"urlTemplate\":\"https:\\\/\\\/www.ivinio.com\\\/fr\\\/?s={search_term_string}\"},\"query-input\":{\"@type\":\"PropertyValueSpecification\",\"valueRequired\":true,\"valueName\":\"search_term_string\"}}],\"inLanguage\":\"fr-FR\"},{\"@type\":\"Organization\",\"@id\":\"https:\\\/\\\/www.ivinio.com\\\/fr\\\/#organization\",\"name\":\"IVINIO\",\"url\":\"https:\\\/\\\/www.ivinio.com\\\/fr\\\/\",\"logo\":{\"@type\":\"ImageObject\",\"inLanguage\":\"fr-FR\",\"@id\":\"https:\\\/\\\/www.ivinio.com\\\/fr\\\/#\\\/schema\\\/logo\\\/image\\\/\",\"url\":\"https:\\\/\\\/www.ivinio.com\\\/wp-content\\\/uploads\\\/2021\\\/01\\\/Logo-Ivinio-v2.jpg\",\"contentUrl\":\"https:\\\/\\\/www.ivinio.com\\\/wp-content\\\/uploads\\\/2021\\\/01\\\/Logo-Ivinio-v2.jpg\",\"width\":1194,\"height\":1194,\"caption\":\"IVINIO\"},\"image\":{\"@id\":\"https:\\\/\\\/www.ivinio.com\\\/fr\\\/#\\\/schema\\\/logo\\\/image\\\/\"},\"sameAs\":[\"https:\\\/\\\/www.facebook.com\\\/groups\\\/165217837022391\\\/?ref=bookmarks\",\"https:\\\/\\\/www.instagram.com\\\/_ivinio_\\\/?hl=fr\"]}]}<\/script>\n<!-- \/ Yoast SEO plugin. -->","yoast_head_json":{"title":"La r\u00e9gion viticole des Abruzzes - IVINIO Caviste","description":"La r\u00e9gion viticole des Abruzzes. D\u00e9couvrez la r\u00e9gion viticole des Abruzzes avec ses vins, c\u00e9pages, appellations et sp\u00e9cificit\u00e9s locales.","robots":{"index":"index","follow":"follow","max-snippet":"max-snippet:-1","max-image-preview":"max-image-preview:large","max-video-preview":"max-video-preview:-1"},"canonical":"https:\/\/www.ivinio.com\/fr\/les-abruzzes\/","og_locale":"fr_FR","og_type":"article","og_title":"La r\u00e9gion viticole des Abruzzes - IVINIO Caviste","og_description":"La r\u00e9gion viticole des Abruzzes. D\u00e9couvrez la r\u00e9gion viticole des Abruzzes avec ses vins, c\u00e9pages, appellations et sp\u00e9cificit\u00e9s locales.","og_url":"https:\/\/www.ivinio.com\/fr\/les-abruzzes\/","og_site_name":"IVINIO Caviste","article_publisher":"https:\/\/www.facebook.com\/groups\/165217837022391\/?ref=bookmarks","article_modified_time":"2023-07-06T16:06:51+00:00","og_image":[{"url":"https:\/\/www.ivinio.com\/wp-content\/uploads\/2021\/08\/Abruzzo.jpg","type":"","width":"","height":""}],"twitter_card":"summary_large_image","twitter_misc":{"Dur\u00e9e de lecture estim\u00e9e":"4 minutes"},"schema":{"@context":"https:\/\/schema.org","@graph":[{"@type":"WebPage","@id":"https:\/\/www.ivinio.com\/fr\/les-abruzzes\/","url":"https:\/\/www.ivinio.com\/fr\/les-abruzzes\/","name":"La r\u00e9gion viticole des Abruzzes - IVINIO Caviste","isPartOf":{"@id":"https:\/\/www.ivinio.com\/fr\/#website"},"primaryImageOfPage":{"@id":"https:\/\/www.ivinio.com\/fr\/les-abruzzes\/#primaryimage"},"image":{"@id":"https:\/\/www.ivinio.com\/fr\/les-abruzzes\/#primaryimage"},"thumbnailUrl":"https:\/\/www.ivinio.com\/wp-content\/uploads\/2021\/08\/Abruzzo.jpg","datePublished":"2021-07-09T17:16:17+00:00","dateModified":"2023-07-06T16:06:51+00:00","description":"La r\u00e9gion viticole des Abruzzes. D\u00e9couvrez la r\u00e9gion viticole des Abruzzes avec ses vins, c\u00e9pages, appellations et sp\u00e9cificit\u00e9s locales.","breadcrumb":{"@id":"https:\/\/www.ivinio.com\/fr\/les-abruzzes\/#breadcrumb"},"inLanguage":"fr-FR","potentialAction":[{"@type":"ReadAction","target":["https:\/\/www.ivinio.com\/fr\/les-abruzzes\/"]}]},{"@type":"ImageObject","inLanguage":"fr-FR","@id":"https:\/\/www.ivinio.com\/fr\/les-abruzzes\/#primaryimage","url":"https:\/\/www.ivinio.com\/wp-content\/uploads\/2021\/08\/Abruzzo.jpg","contentUrl":"https:\/\/www.ivinio.com\/wp-content\/uploads\/2021\/08\/Abruzzo.jpg"},{"@type":"BreadcrumbList","@id":"https:\/\/www.ivinio.com\/fr\/les-abruzzes\/#breadcrumb","itemListElement":[{"@type":"ListItem","position":1,"name":"Home","item":"https:\/\/www.ivinio.com\/fr\/"},{"@type":"ListItem","position":2,"name":"Les Abruzzes"}]},{"@type":"WebSite","@id":"https:\/\/www.ivinio.com\/fr\/#website","url":"https:\/\/www.ivinio.com\/fr\/","name":"IVINIO Caviste","description":"Vins de France et d&#039;Italie avec livraison \u00e0 domicile","publisher":{"@id":"https:\/\/www.ivinio.com\/fr\/#organization"},"potentialAction":[{"@type":"SearchAction","target":{"@type":"EntryPoint","urlTemplate":"https:\/\/www.ivinio.com\/fr\/?s={search_term_string}"},"query-input":{"@type":"PropertyValueSpecification","valueRequired":true,"valueName":"search_term_string"}}],"inLanguage":"fr-FR"},{"@type":"Organization","@id":"https:\/\/www.ivinio.com\/fr\/#organization","name":"IVINIO","url":"https:\/\/www.ivinio.com\/fr\/","logo":{"@type":"ImageObject","inLanguage":"fr-FR","@id":"https:\/\/www.ivinio.com\/fr\/#\/schema\/logo\/image\/","url":"https:\/\/www.ivinio.com\/wp-content\/uploads\/2021\/01\/Logo-Ivinio-v2.jpg","contentUrl":"https:\/\/www.ivinio.com\/wp-content\/uploads\/2021\/01\/Logo-Ivinio-v2.jpg","width":1194,"height":1194,"caption":"IVINIO"},"image":{"@id":"https:\/\/www.ivinio.com\/fr\/#\/schema\/logo\/image\/"},"sameAs":["https:\/\/www.facebook.com\/groups\/165217837022391\/?ref=bookmarks","https:\/\/www.instagram.com\/_ivinio_\/?hl=fr"]}]}},"jetpack_shortlink":"https:\/\/wp.me\/PcK36q-x8o","jetpack_sharing_enabled":true,"_links":{"self":[{"href":"https:\/\/www.ivinio.com\/fr\/wp-json\/wp\/v2\/pages\/127372","targetHints":{"allow":["GET"]}}],"collection":[{"href":"https:\/\/www.ivinio.com\/fr\/wp-json\/wp\/v2\/pages"}],"about":[{"href":"https:\/\/www.ivinio.com\/fr\/wp-json\/wp\/v2\/types\/page"}],"author":[{"embeddable":true,"href":"https:\/\/www.ivinio.com\/fr\/wp-json\/wp\/v2\/users\/1746"}],"replies":[{"embeddable":true,"href":"https:\/\/www.ivinio.com\/fr\/wp-json\/wp\/v2\/comments?post=127372"}],"version-history":[{"count":0,"href":"https:\/\/www.ivinio.com\/fr\/wp-json\/wp\/v2\/pages\/127372\/revisions"}],"wp:attachment":[{"href":"https:\/\/www.ivinio.com\/fr\/wp-json\/wp\/v2\/media?parent=127372"}],"curies":[{"name":"wp","href":"https:\/\/api.w.org\/{rel}","templated":true}]}}