{"id":127352,"date":"2021-07-09T19:02:12","date_gmt":"2021-07-09T17:02:12","guid":{"rendered":"https:\/\/www.ivinio.com\/alto-adige\/"},"modified":"2021-11-06T11:30:21","modified_gmt":"2021-11-06T10:30:21","slug":"fr-alto-adige","status":"publish","type":"page","link":"https:\/\/www.ivinio.com\/fr\/fr-alto-adige\/","title":{"rendered":"Alto-Adige"},"content":{"rendered":"<p>Le vignoble d&#8217;Alto-Adige est la deuxi\u00e8me plus petite r\u00e9gion viticole d\u2019Italie, juste devant la Vall\u00e9e d\u2019Aoste et se situe dans la partie nord-est, au sud de la fronti\u00e8re autrichienne. L\u2019Alto-Adige est souvent divis\u00e9 en 2 parties; le nord du Tyrol du Sud, qui faisait partie de l\u2019Autriche jusqu\u2019\u00e0 la fin de la Premi\u00e8re Guerre mondiale, mais qui \u00e9tait li\u00e9 \u00e0 l\u2019Italie en 1919. <img decoding=\"async\" class=\"alignright wp-image-127266 size-full lazyload\" title=\"Photo by Markus Spiske on Unsplash\" data-src=\"https:\/\/www.ivinio.com\/wp-content\/uploads\/2021\/07\/Alto-Adige-IVINIO.jpg\" alt=\"Alte-Adige -Tyrol-du-sud\" width=\"333\" height=\"500\" data-srcset=\"https:\/\/www.ivinio.com\/wp-content\/uploads\/2021\/07\/Alto-Adige-IVINIO.jpg 333w, https:\/\/www.ivinio.com\/wp-content\/uploads\/2021\/07\/Alto-Adige-IVINIO-200x300.jpg 200w\" data-sizes=\"(max-width: 333px) 100vw, 333px\" src=\"data:image\/gif;base64,R0lGODlhAQABAAAAACH5BAEKAAEALAAAAAABAAEAAAICTAEAOw==\" style=\"--smush-placeholder-width: 333px; --smush-placeholder-aspect-ratio: 333\/500;\" \/>Ensuite le Trentin, qui est la partie sud du vignoble d&#8217;Alto-Adige. Le vin est cultiv\u00e9 ici depuis l\u2019Antiquit\u00e9 et avait \u00e9t\u00e9 introduit par les Illyriens, un peuple qui vivait entre la c\u00f4te adriatique et le Danube Les Romains ont ensuite, comme dans beaucoup d\u2019autres endroits, d\u00e9velopp\u00e9 la production de vin. Dans le sud de la r\u00e9gion viticole du Trentin, on produit le Schiava qui est un vin local et dans le nord du Tyrol du Sud c\u2019est surtout le c\u00e9page Lagrein qui est principalement cultiv\u00e9. Le chardonnay est le c\u00e9page blanc tr\u00e8s r\u00e9pandu et qu\u2019on utilise pour produire du vin effervescent selon la m\u00e9thode classique.<\/p>\n<p>Au total, 40 millions de bouteilles sont produites par an dans le\u00a0vignoble d&#8217;Alto-Adige. 2\/3 du vin produit est blanc (64%) et le reste rouge (34%). Le vin mousseux est produit dans une moindre mesure et ne repr\u00e9sente pas plus d&#8217;environ 1% de la production totale. Les vins rouges sont principalement produits \u00e0 partir du c\u00e9page local Schiva, mais aussi \u00e0 partir de Pinot noir, Lagrein, Merlot, Cabernet, Zweigelt et Moscato rosa. Les vins blancs qui composent la majorit\u00e9 de la production sont issus de c\u00e9pages nettement plus nombreux, mais ce sont les 5 c\u00e9pages Pinot grigio, <a href=\"https:\/\/www.ivinio.com\/fr\/produit\/muri-gries-gewurtztraminer-blanc\/\">Gew\u00fcrztraminer<\/a>, Chardonnay, Pinot bianco et Sauvignon blanc qui repr\u00e9sentent plus de 50% de la production totale. Au del\u00e0 de ces vari\u00e9t\u00e9s, M\u00fcller-Thurgau, Kerner, Moscato giallo, Riesling, Sylvaner, <a href=\"https:\/\/fr.wikipedia.org\/wiki\/Veltliner#:~:text=Veltliner%20est%20un%20terme%20g%C3%A9n%C3%A9rique,connu%20est%20le%20Gr%C3%BCner%20Veltliner.\">Veltliner<\/a>, Bronner et Solaris sont \u00e9galement cultiv\u00e9s.<\/p>\n<p><img decoding=\"async\" class=\"alignleft wp-image-127345 lazyload\" title=\"Photo by Markus Spiske on Unsplash\" data-src=\"https:\/\/www.ivinio.com\/wp-content\/uploads\/2021\/07\/markus-spiske-yRzWVnvnoyQ-unsplash.jpg\" alt=\"Le vignoble d'Alto-Adige\" width=\"333\" height=\"500\" data-srcset=\"https:\/\/www.ivinio.com\/wp-content\/uploads\/2021\/07\/markus-spiske-yRzWVnvnoyQ-unsplash.jpg 640w, https:\/\/www.ivinio.com\/wp-content\/uploads\/2021\/07\/markus-spiske-yRzWVnvnoyQ-unsplash-200x300.jpg 200w, https:\/\/www.ivinio.com\/wp-content\/uploads\/2021\/07\/markus-spiske-yRzWVnvnoyQ-unsplash-500x750.jpg 500w\" data-sizes=\"(max-width: 333px) 100vw, 333px\" src=\"data:image\/gif;base64,R0lGODlhAQABAAAAACH5BAEKAAEALAAAAAABAAEAAAICTAEAOw==\" style=\"--smush-placeholder-width: 333px; --smush-placeholder-aspect-ratio: 333\/500;\" \/>Le terroir du Alto-Adige est assez vari\u00e9, notamment en raison du d\u00e9nivel\u00e9 de la r\u00e9gion. Le vin est produit \u00e0 diff\u00e9rentes altitudes allant de 200 m\u00e8tres au-dessus du niveau de la mer \u00e0 plus de 1000 m\u00e8tres d&#8217;altitude. 85% du vin est produit jusqu&#8217;\u00e0 500 m\u00e8tres d&#8217;altitude et ce sont principalement des c\u00e9pages nordiques comme le Sylvaner, le Riesling, le M\u00fcller Thurgau, mais aussi le Kerner et le Vetliner qui sont cultiv\u00e9s \u00e0 plus de 500 m\u00e8tres d&#8217;altitude.<\/p>\n","protected":false},"excerpt":{"rendered":"<p>Le vignoble d&#8217;Alto-Adige est la deuxi\u00e8me plus petite r\u00e9gion viticole d\u2019Italie, juste devant la Vall\u00e9e d\u2019Aoste et se situe dans la partie nord-est, au sud de la fronti\u00e8re autrichienne. L\u2019Alto-Adige est souvent divis\u00e9 en 2 parties; le nord du Tyrol du Sud, qui faisait partie de l\u2019Autriche jusqu\u2019\u00e0 la fin de la Premi\u00e8re Guerre mondiale, [&hellip;]<\/p>\n","protected":false},"author":1746,"featured_media":0,"parent":0,"menu_order":0,"comment_status":"closed","ping_status":"closed","template":"","meta":{"_monsterinsights_skip_tracking":false,"_monsterinsights_sitenote_active":false,"_monsterinsights_sitenote_note":"","_monsterinsights_sitenote_category":0,"_uf_show_specific_survey":0,"_uf_disable_surveys":false,"footnotes":""},"class_list":["post-127352","page","type-page","status-publish","hentry"],"yoast_head":"<!-- This site is optimized with the Yoast SEO plugin v27.5 - https:\/\/yoast.com\/product\/yoast-seo-wordpress\/ -->\n<title>Le vignoble d&#039;Alto-Adige - IVINIO Caviste<\/title>\n<meta name=\"description\" content=\"Le vignoble d&#039;Alto-Adige. En savoir plus sur la r\u00e9gion viticole d&#039;Alto-Adige avec ses vins, ses c\u00e9pages, ses appellations et ses sp\u00e9cificit\u00e9s.\" \/>\n<meta name=\"robots\" content=\"index, follow, max-snippet:-1, max-image-preview:large, max-video-preview:-1\" \/>\n<link rel=\"canonical\" href=\"https:\/\/www.ivinio.com\/fr\/fr-alto-adige\/\" \/>\n<meta property=\"og:locale\" content=\"fr_FR\" \/>\n<meta property=\"og:type\" content=\"article\" \/>\n<meta property=\"og:title\" content=\"Le vignoble d&#039;Alto-Adige - IVINIO Caviste\" \/>\n<meta property=\"og:description\" content=\"Le vignoble d&#039;Alto-Adige. En savoir plus sur la r\u00e9gion viticole d&#039;Alto-Adige avec ses vins, ses c\u00e9pages, ses appellations et ses sp\u00e9cificit\u00e9s.\" \/>\n<meta property=\"og:url\" content=\"https:\/\/www.ivinio.com\/fr\/fr-alto-adige\/\" \/>\n<meta property=\"og:site_name\" content=\"IVINIO Caviste\" \/>\n<meta property=\"article:publisher\" content=\"https:\/\/www.facebook.com\/groups\/165217837022391\/?ref=bookmarks\" \/>\n<meta property=\"article:modified_time\" content=\"2021-11-06T10:30:21+00:00\" \/>\n<meta property=\"og:image\" content=\"https:\/\/www.ivinio.com\/wp-content\/uploads\/2021\/07\/Alto-Adige-IVINIO.jpg\" \/>\n<meta name=\"twitter:card\" content=\"summary_large_image\" \/>\n<meta name=\"twitter:label1\" content=\"Dur\u00e9e de lecture estim\u00e9e\" \/>\n\t<meta name=\"twitter:data1\" content=\"3 minutes\" \/>\n<script type=\"application\/ld+json\" class=\"yoast-schema-graph\">{\"@context\":\"https:\\\/\\\/schema.org\",\"@graph\":[{\"@type\":\"WebPage\",\"@id\":\"https:\\\/\\\/www.ivinio.com\\\/fr\\\/fr-alto-adige\\\/\",\"url\":\"https:\\\/\\\/www.ivinio.com\\\/fr\\\/fr-alto-adige\\\/\",\"name\":\"Le vignoble d'Alto-Adige - IVINIO Caviste\",\"isPartOf\":{\"@id\":\"https:\\\/\\\/www.ivinio.com\\\/fr\\\/#website\"},\"primaryImageOfPage\":{\"@id\":\"https:\\\/\\\/www.ivinio.com\\\/fr\\\/fr-alto-adige\\\/#primaryimage\"},\"image\":{\"@id\":\"https:\\\/\\\/www.ivinio.com\\\/fr\\\/fr-alto-adige\\\/#primaryimage\"},\"thumbnailUrl\":\"https:\\\/\\\/www.ivinio.com\\\/wp-content\\\/uploads\\\/2021\\\/07\\\/Alto-Adige-IVINIO.jpg\",\"datePublished\":\"2021-07-09T17:02:12+00:00\",\"dateModified\":\"2021-11-06T10:30:21+00:00\",\"description\":\"Le vignoble d'Alto-Adige. En savoir plus sur la r\u00e9gion viticole d'Alto-Adige avec ses vins, ses c\u00e9pages, ses appellations et ses sp\u00e9cificit\u00e9s.\",\"breadcrumb\":{\"@id\":\"https:\\\/\\\/www.ivinio.com\\\/fr\\\/fr-alto-adige\\\/#breadcrumb\"},\"inLanguage\":\"fr-FR\",\"potentialAction\":[{\"@type\":\"ReadAction\",\"target\":[\"https:\\\/\\\/www.ivinio.com\\\/fr\\\/fr-alto-adige\\\/\"]}]},{\"@type\":\"ImageObject\",\"inLanguage\":\"fr-FR\",\"@id\":\"https:\\\/\\\/www.ivinio.com\\\/fr\\\/fr-alto-adige\\\/#primaryimage\",\"url\":\"https:\\\/\\\/www.ivinio.com\\\/wp-content\\\/uploads\\\/2021\\\/07\\\/Alto-Adige-IVINIO.jpg\",\"contentUrl\":\"https:\\\/\\\/www.ivinio.com\\\/wp-content\\\/uploads\\\/2021\\\/07\\\/Alto-Adige-IVINIO.jpg\"},{\"@type\":\"BreadcrumbList\",\"@id\":\"https:\\\/\\\/www.ivinio.com\\\/fr\\\/fr-alto-adige\\\/#breadcrumb\",\"itemListElement\":[{\"@type\":\"ListItem\",\"position\":1,\"name\":\"Home\",\"item\":\"https:\\\/\\\/www.ivinio.com\\\/fr\\\/\"},{\"@type\":\"ListItem\",\"position\":2,\"name\":\"Alto-Adige\"}]},{\"@type\":\"WebSite\",\"@id\":\"https:\\\/\\\/www.ivinio.com\\\/fr\\\/#website\",\"url\":\"https:\\\/\\\/www.ivinio.com\\\/fr\\\/\",\"name\":\"IVINIO Caviste\",\"description\":\"Vins de France et d&#039;Italie avec livraison \u00e0 domicile\",\"publisher\":{\"@id\":\"https:\\\/\\\/www.ivinio.com\\\/fr\\\/#organization\"},\"potentialAction\":[{\"@type\":\"SearchAction\",\"target\":{\"@type\":\"EntryPoint\",\"urlTemplate\":\"https:\\\/\\\/www.ivinio.com\\\/fr\\\/?s={search_term_string}\"},\"query-input\":{\"@type\":\"PropertyValueSpecification\",\"valueRequired\":true,\"valueName\":\"search_term_string\"}}],\"inLanguage\":\"fr-FR\"},{\"@type\":\"Organization\",\"@id\":\"https:\\\/\\\/www.ivinio.com\\\/fr\\\/#organization\",\"name\":\"IVINIO\",\"url\":\"https:\\\/\\\/www.ivinio.com\\\/fr\\\/\",\"logo\":{\"@type\":\"ImageObject\",\"inLanguage\":\"fr-FR\",\"@id\":\"https:\\\/\\\/www.ivinio.com\\\/fr\\\/#\\\/schema\\\/logo\\\/image\\\/\",\"url\":\"https:\\\/\\\/www.ivinio.com\\\/wp-content\\\/uploads\\\/2021\\\/01\\\/Logo-Ivinio-v2.jpg\",\"contentUrl\":\"https:\\\/\\\/www.ivinio.com\\\/wp-content\\\/uploads\\\/2021\\\/01\\\/Logo-Ivinio-v2.jpg\",\"width\":1194,\"height\":1194,\"caption\":\"IVINIO\"},\"image\":{\"@id\":\"https:\\\/\\\/www.ivinio.com\\\/fr\\\/#\\\/schema\\\/logo\\\/image\\\/\"},\"sameAs\":[\"https:\\\/\\\/www.facebook.com\\\/groups\\\/165217837022391\\\/?ref=bookmarks\",\"https:\\\/\\\/www.instagram.com\\\/_ivinio_\\\/?hl=fr\"]}]}<\/script>\n<!-- \/ Yoast SEO plugin. -->","yoast_head_json":{"title":"Le vignoble d'Alto-Adige - IVINIO Caviste","description":"Le vignoble d'Alto-Adige. En savoir plus sur la r\u00e9gion viticole d'Alto-Adige avec ses vins, ses c\u00e9pages, ses appellations et ses sp\u00e9cificit\u00e9s.","robots":{"index":"index","follow":"follow","max-snippet":"max-snippet:-1","max-image-preview":"max-image-preview:large","max-video-preview":"max-video-preview:-1"},"canonical":"https:\/\/www.ivinio.com\/fr\/fr-alto-adige\/","og_locale":"fr_FR","og_type":"article","og_title":"Le vignoble d'Alto-Adige - IVINIO Caviste","og_description":"Le vignoble d'Alto-Adige. En savoir plus sur la r\u00e9gion viticole d'Alto-Adige avec ses vins, ses c\u00e9pages, ses appellations et ses sp\u00e9cificit\u00e9s.","og_url":"https:\/\/www.ivinio.com\/fr\/fr-alto-adige\/","og_site_name":"IVINIO Caviste","article_publisher":"https:\/\/www.facebook.com\/groups\/165217837022391\/?ref=bookmarks","article_modified_time":"2021-11-06T10:30:21+00:00","og_image":[{"url":"https:\/\/www.ivinio.com\/wp-content\/uploads\/2021\/07\/Alto-Adige-IVINIO.jpg","type":"","width":"","height":""}],"twitter_card":"summary_large_image","twitter_misc":{"Dur\u00e9e de lecture estim\u00e9e":"3 minutes"},"schema":{"@context":"https:\/\/schema.org","@graph":[{"@type":"WebPage","@id":"https:\/\/www.ivinio.com\/fr\/fr-alto-adige\/","url":"https:\/\/www.ivinio.com\/fr\/fr-alto-adige\/","name":"Le vignoble d'Alto-Adige - IVINIO Caviste","isPartOf":{"@id":"https:\/\/www.ivinio.com\/fr\/#website"},"primaryImageOfPage":{"@id":"https:\/\/www.ivinio.com\/fr\/fr-alto-adige\/#primaryimage"},"image":{"@id":"https:\/\/www.ivinio.com\/fr\/fr-alto-adige\/#primaryimage"},"thumbnailUrl":"https:\/\/www.ivinio.com\/wp-content\/uploads\/2021\/07\/Alto-Adige-IVINIO.jpg","datePublished":"2021-07-09T17:02:12+00:00","dateModified":"2021-11-06T10:30:21+00:00","description":"Le vignoble d'Alto-Adige. En savoir plus sur la r\u00e9gion viticole d'Alto-Adige avec ses vins, ses c\u00e9pages, ses appellations et ses sp\u00e9cificit\u00e9s.","breadcrumb":{"@id":"https:\/\/www.ivinio.com\/fr\/fr-alto-adige\/#breadcrumb"},"inLanguage":"fr-FR","potentialAction":[{"@type":"ReadAction","target":["https:\/\/www.ivinio.com\/fr\/fr-alto-adige\/"]}]},{"@type":"ImageObject","inLanguage":"fr-FR","@id":"https:\/\/www.ivinio.com\/fr\/fr-alto-adige\/#primaryimage","url":"https:\/\/www.ivinio.com\/wp-content\/uploads\/2021\/07\/Alto-Adige-IVINIO.jpg","contentUrl":"https:\/\/www.ivinio.com\/wp-content\/uploads\/2021\/07\/Alto-Adige-IVINIO.jpg"},{"@type":"BreadcrumbList","@id":"https:\/\/www.ivinio.com\/fr\/fr-alto-adige\/#breadcrumb","itemListElement":[{"@type":"ListItem","position":1,"name":"Home","item":"https:\/\/www.ivinio.com\/fr\/"},{"@type":"ListItem","position":2,"name":"Alto-Adige"}]},{"@type":"WebSite","@id":"https:\/\/www.ivinio.com\/fr\/#website","url":"https:\/\/www.ivinio.com\/fr\/","name":"IVINIO Caviste","description":"Vins de France et d&#039;Italie avec livraison \u00e0 domicile","publisher":{"@id":"https:\/\/www.ivinio.com\/fr\/#organization"},"potentialAction":[{"@type":"SearchAction","target":{"@type":"EntryPoint","urlTemplate":"https:\/\/www.ivinio.com\/fr\/?s={search_term_string}"},"query-input":{"@type":"PropertyValueSpecification","valueRequired":true,"valueName":"search_term_string"}}],"inLanguage":"fr-FR"},{"@type":"Organization","@id":"https:\/\/www.ivinio.com\/fr\/#organization","name":"IVINIO","url":"https:\/\/www.ivinio.com\/fr\/","logo":{"@type":"ImageObject","inLanguage":"fr-FR","@id":"https:\/\/www.ivinio.com\/fr\/#\/schema\/logo\/image\/","url":"https:\/\/www.ivinio.com\/wp-content\/uploads\/2021\/01\/Logo-Ivinio-v2.jpg","contentUrl":"https:\/\/www.ivinio.com\/wp-content\/uploads\/2021\/01\/Logo-Ivinio-v2.jpg","width":1194,"height":1194,"caption":"IVINIO"},"image":{"@id":"https:\/\/www.ivinio.com\/fr\/#\/schema\/logo\/image\/"},"sameAs":["https:\/\/www.facebook.com\/groups\/165217837022391\/?ref=bookmarks","https:\/\/www.instagram.com\/_ivinio_\/?hl=fr"]}]}},"jetpack_shortlink":"https:\/\/wp.me\/PcK36q-x84","jetpack_sharing_enabled":true,"_links":{"self":[{"href":"https:\/\/www.ivinio.com\/fr\/wp-json\/wp\/v2\/pages\/127352","targetHints":{"allow":["GET"]}}],"collection":[{"href":"https:\/\/www.ivinio.com\/fr\/wp-json\/wp\/v2\/pages"}],"about":[{"href":"https:\/\/www.ivinio.com\/fr\/wp-json\/wp\/v2\/types\/page"}],"author":[{"embeddable":true,"href":"https:\/\/www.ivinio.com\/fr\/wp-json\/wp\/v2\/users\/1746"}],"replies":[{"embeddable":true,"href":"https:\/\/www.ivinio.com\/fr\/wp-json\/wp\/v2\/comments?post=127352"}],"version-history":[{"count":0,"href":"https:\/\/www.ivinio.com\/fr\/wp-json\/wp\/v2\/pages\/127352\/revisions"}],"wp:attachment":[{"href":"https:\/\/www.ivinio.com\/fr\/wp-json\/wp\/v2\/media?parent=127352"}],"curies":[{"name":"wp","href":"https:\/\/api.w.org\/{rel}","templated":true}]}}