{"id":123327,"date":"2021-02-11T21:38:32","date_gmt":"2021-02-11T20:38:32","guid":{"rendered":"https:\/\/henrik.www.ivinio.com\/?page_id=123327"},"modified":"2023-07-06T16:53:45","modified_gmt":"2023-07-06T14:53:45","slug":"abonnement","status":"publish","type":"page","link":"https:\/\/www.ivinio.com\/fr\/abonnement\/","title":{"rendered":"Abonnement vin"},"content":{"rendered":"<div class=\"wpb-content-wrapper\"><p>[vc_row content_placement=&#8221;top&#8221; css=&#8221;.vc_custom_1625731491528{background-image: url(https:\/\/www.ivinio.com\/wp-content\/uploads\/2021\/02\/Abonnement-FR-1.jpg?id=123852) !important;}&#8221;][vc_column][vc_column_text]<\/p>\n<p>&nbsp;<\/p>\n<p>&nbsp;<\/p>\n<p>&nbsp;<\/p>\n<p>&nbsp;<\/p>\n<p>&nbsp;<\/p>\n<p>&nbsp;<\/p>\n<p>[\/vc_column_text][vc_column_text]<\/p>\n<p>&nbsp;<\/p>\n<p>&nbsp;<\/p>\n<p>&nbsp;<\/p>\n<p>&nbsp;<\/p>\n<p>&nbsp;<\/p>\n<p>&nbsp;<\/p>\n<h1><\/h1>\n<h1><\/h1>\n<h2 style=\"text-align: center;\"><span style=\"color: #000000;\"><strong>\u00a0 \u00a0 \u00a0 \u00a0 \u00a0 \u00a0 \u00a0 \u00a0 \u00a0 \u00a0 \u00a0 \u00a0<\/strong><\/span><\/h2>\n<h2><\/h2>\n<h2 style=\"text-align: center;\"><span style=\"color: #000000;\"><strong>\u00a0 \u00a0 \u00a0 \u00a0 \u00a0 \u00a0 \u00a0 \u00a0 \u00a0 \u00a0 \u00a0 \u00a0 \u00a0 \u00a0 \u00a0 \u00a0 \u00a0 \u00a0 \u00a0 \u00a0 \u00a0 \u00a0 \u00a0 \u00a0 \u00a0 \u00a0 \u00a0<\/strong><\/span><\/h2>\n<h2 style=\"text-align: center;\"><span style=\"color: #000000;\"><strong>\u00a0 \u00a0 \u00a0 \u00a0 \u00a0 \u00a0 \u00a0 \u00a0 \u00a0 \u00a0 \u00a0 \u00a0 \u00a0 \u00a0 \u00a0 \u00a0 \u00a0 \u00a0 \u00a0 \u00a0 \u00a0 \u00a0 \u00a0 \u00a0 \u00a0 \u00a0 \u00a0Chez vous \u00e0 partir de <span class=\"woocommerce-Price-amount amount\"><bdi>65.0<span class=\"woocommerce-Price-currencySymbol\">&euro;<\/span><\/bdi><\/span><\/strong><\/span><\/h2>\n<p>[\/vc_column_text][vc_column_text]<\/p>\n<p>&nbsp;<\/p>\n<p>&nbsp;<\/p>\n<p>&nbsp;<\/p>\n<p>&nbsp;<\/p>\n<p>&nbsp;<\/p>\n<p>&nbsp;<\/p>\n<p>[\/vc_column_text][vc_column_text]<\/p>\n<p>&nbsp;<\/p>\n<p>&nbsp;<\/p>\n<p>[\/vc_column_text][\/vc_column][\/vc_row][vc_row][vc_column width=&#8221;1\/5&#8243;]\t<div class=\"ftc-feature feature-icon-red\">\r\n\t\t<div class=\"feature-content\">\r\n\r\n\t\t\t\t\t\t<a target=\"_blank\" class=\"feature-icon\" href=\"javascript: void(0)\">\r\n\t\t\t\t<i class=\"fa fas fa-wine-bottle\"><\/i>\r\n\t\t\t<\/a>\r\n\t\t\t\t\r\n\t\t\t\r\n\t\t\t<div class=\"ftc_feature_content\">\r\n\t\t\t\r\n\t\t\t\t\t\t\t\t\t<h3 class=\"feature-title product_title entry-title\">\r\n\t\t\t\t\t\t<a target=\"_blank\" href=\"javascript: void(0)\">Vous choisissez le type de vin que vous aimez &amp; la fr\u00e9quence des livraisons dans l\u2019ann\u00e9e.<\/a>\r\n\t\t\t\t\t<\/h3>\r\n\t\t\t\t\r\n\t\t\t\t\r\n\t\t\t\t\t\t\t\t<\/div>\r\n\t\t\t\t\t\t<\/div>\r\n\t<\/div>\r\n\t[\/vc_column][vc_column width=&#8221;1\/5&#8243;][vc_icon icon_fontawesome=&#8221;fas fa-arrow-circle-right&#8221; color=&#8221;custom&#8221; size=&#8221;lg&#8221; align=&#8221;center&#8221; custom_color=&#8221;#901509&#8243;][\/vc_column][vc_column width=&#8221;1\/5&#8243;]\t<div class=\"ftc-feature \">\r\n\t\t<div class=\"feature-content\">\r\n\r\n\t\t\t\t\t\t<a target=\"_blank\" class=\"feature-icon\" href=\"javascript: void(0)\">\r\n\t\t\t\t<i class=\"fa fas fa-home\"><\/i>\r\n\t\t\t<\/a>\r\n\t\t\t\t\r\n\t\t\t\r\n\t\t\t<div class=\"ftc_feature_content\">\r\n\t\t\t\r\n\t\t\t\t\t\t\t\t\t<h3 class=\"feature-title product_title entry-title\">\r\n\t\t\t\t\t\t<a target=\"_blank\" href=\"javascript: void(0)\">Les vins vous seront envoy\u00e9s \u00e0 domicile sans que vous ne fassiez quoique ce soit.<\/a>\r\n\t\t\t\t\t<\/h3>\r\n\t\t\t\t\r\n\t\t\t\t\r\n\t\t\t\t\t\t\t\t<\/div>\r\n\t\t\t\t\t\t<\/div>\r\n\t<\/div>\r\n\t[\/vc_column][vc_column width=&#8221;1\/5&#8243;][vc_icon icon_fontawesome=&#8221;fas fa-arrow-circle-right&#8221; color=&#8221;custom&#8221; size=&#8221;lg&#8221; align=&#8221;center&#8221; custom_color=&#8221;#901509&#8243;][\/vc_column][vc_column width=&#8221;1\/5&#8243;]\t<div class=\"ftc-feature \">\r\n\t\t<div class=\"feature-content\">\r\n\r\n\t\t\t\t\t\t<a target=\"_blank\" class=\"feature-icon\" href=\"javascript: void(0)\">\r\n\t\t\t\t<i class=\"fa far fa-money-bill-alt\"><\/i>\r\n\t\t\t<\/a>\r\n\t\t\t\t\r\n\t\t\t\r\n\t\t\t<div class=\"ftc_feature_content\">\r\n\t\t\t\r\n\t\t\t\t\t\t\t\t\t<h3 class=\"feature-title product_title entry-title\">\r\n\t\t\t\t\t\t<a target=\"_blank\" href=\"javascript: void(0)\">Le paiement ne s\u2019effectue qu\u2019\u00e0 chaque livraison.<\/a>\r\n\t\t\t\t\t<\/h3>\r\n\t\t\t\t\r\n\t\t\t\t\r\n\t\t\t\t\t\t\t\t<\/div>\r\n\t\t\t\t\t\t<\/div>\r\n\t<\/div>\r\n\t[\/vc_column][\/vc_row][vc_row][vc_column][vc_separator border_width=&#8221;3&#8243;][vc_column_text]<\/p>\n<h1><\/h1>\n<h1 class=\"title1\" style=\"text-align: center;\">S\u00c9LECTIONNEZ VOTRE ABONNEMENT<\/h1>\n<p>[\/vc_column_text][vc_separator border_width=&#8221;3&#8243;][\/vc_column][\/vc_row][vc_row][vc_column width=&#8221;1\/3&#8243; css=&#8221;.vc_custom_1625731601216{background-image: url(https:\/\/www.ivinio.com\/wp-content\/uploads\/2021\/02\/1-5-2.png?id=123956) !important;}&#8221;][vc_column_text]<\/p>\n<h1><\/h1>\n<p>[\/vc_column_text][vc_column_text]<\/p>\n<h1><\/h1>\n<p>[\/vc_column_text][vc_column_text]<\/p>\n<h3 style=\"text-align: center;\"><strong>A partir de<\/strong><\/h3>\n<p>&nbsp;<\/p>\n<p style=\"text-align: center;\"><strong><span class=\"woocommerce-Price-amount amount\"><bdi>65.0<span class=\"woocommerce-Price-currencySymbol\">&euro;<\/span><\/bdi><\/span><\/strong><\/p>\n<p>[\/vc_column_text][vc_column_text]<\/p>\n<p>&nbsp;<\/p>\n<p>&nbsp;<\/p>\n<p>[\/vc_column_text][vc_column_text]<\/p>\n<h2 style=\"text-align: center;\"><span style=\"color: #ffffff;\">CLASSIQUE<\/span><\/h2>\n<p>&nbsp;<\/p>\n<p style=\"text-align: center;\"><span style=\"color: #ffffff;\">L&#8217;abonnement &#8220;Classique&#8221; est le choix parfait pour vous qui aimez le bon vin, mais qui ne voulez pas vous compliquer la vie. Vous\u00a0 \u00eates simplement \u00e0 la recherche de bons vins que vous pouvez servir spontan\u00e9ment, \u00e0 tout moment de la semaine !<\/span><\/p>\n<p>[\/vc_column_text][vc_column_text]<\/p>\n<p>&nbsp;<\/p>\n<p>&nbsp;<\/p>\n<p>[\/vc_column_text][vc_btn title=&#8221;Je configure mon abonnement !&#8221; size=&#8221;lg&#8221; align=&#8221;center&#8221; link=&#8221;url:https%3A%2F%2Fwww.ivinio.com%2Ffr%2Fproduit%2Fabonnement-classique-configuration%2F|title:Abonnement%20%E2%80%9CClassique%E2%80%9D%20%E2%80%93%20Configuration||&#8221;][\/vc_column][vc_column width=&#8221;1\/3&#8243; css=&#8221;.vc_custom_1625731620216{background-image: url(https:\/\/www.ivinio.com\/wp-content\/uploads\/2021\/02\/2-1-2.png?id=123959) !important;}&#8221;][vc_column_text]<\/p>\n<h1><\/h1>\n<p>[\/vc_column_text][vc_column_text]<\/p>\n<h1><\/h1>\n<p>[\/vc_column_text][vc_column_text]<\/p>\n<h3 style=\"text-align: center;\"><strong>A partir de<\/strong><\/h3>\n<p>&nbsp;<\/p>\n<p style=\"text-align: center;\"><strong><span class=\"woocommerce-Price-amount amount\"><bdi>95.0<span class=\"woocommerce-Price-currencySymbol\">&euro;<\/span><\/bdi><\/span><\/strong><\/p>\n<p>[\/vc_column_text][vc_column_text]<\/p>\n<p>&nbsp;<\/p>\n<p>&nbsp;<\/p>\n<p>[\/vc_column_text][vc_column_text]<\/p>\n<h2 style=\"text-align: center;\">DINER ENTRE AMIS<\/h2>\n<p>&nbsp;<\/p>\n<p style=\"text-align: center;\">Le d\u00eener entre amis est le choix pour vous qui \u00eates \u00e0 la recherche de &#8220;vins du week-end&#8221; un peu plus exclusifs, mais qui voudrez de l&#8217;aide pour choisir les p\u00e9pites. Cet abonnement s&#8217;adresse \u00e0 vous qui voulez des vins hors du commun, mais sans snobisme.<\/p>\n<p>[\/vc_column_text][vc_column_text]<\/p>\n<p>&nbsp;<\/p>\n<p>&nbsp;<\/p>\n<p>[\/vc_column_text][vc_btn title=&#8221;Je configure mon abonnement !&#8221; size=&#8221;lg&#8221; align=&#8221;center&#8221; link=&#8221;url:https%3A%2F%2Fwww.ivinio.com%2Ffr%2Fproduit%2Fabonnement-diner-entre-amis-configuration%2F|title:Abonnement%20%E2%80%9CDiner%20entre%20amis%E2%80%9D%20%E2%80%93%20Configuration||&#8221;][\/vc_column][vc_column width=&#8221;1\/3&#8243; css=&#8221;.vc_custom_1625731639229{background-image: url(https:\/\/www.ivinio.com\/wp-content\/uploads\/2021\/02\/3-1-2.png?id=123962) !important;}&#8221;][vc_column_text]<\/p>\n<h1><\/h1>\n<p>[\/vc_column_text][vc_column_text]<\/p>\n<h1><\/h1>\n<p>[\/vc_column_text][vc_column_text]<\/p>\n<h3 style=\"text-align: center;\"><strong>A partir de<\/strong><\/h3>\n<p>&nbsp;<\/p>\n<p style=\"text-align: center;\"><strong><span class=\"woocommerce-Price-amount amount\"><bdi>150.0<span class=\"woocommerce-Price-currencySymbol\">&euro;<\/span><\/bdi><\/span><\/strong><\/p>\n<p>[\/vc_column_text][vc_column_text]<\/p>\n<p>&nbsp;<\/p>\n<p>&nbsp;<\/p>\n<p>[\/vc_column_text][vc_column_text]<\/p>\n<h2 style=\"text-align: center;\"><span style=\"color: #ffffff;\">EXCEPTION<\/span><\/h2>\n<p>&nbsp;<\/p>\n<p style=\"text-align: center;\"><span style=\"color: #ffffff;\">&#8220;Exception&#8221; est le choix pour vous qui \u00eates pointilleux et qui voulez le meilleur. Il doit s&#8217;agir de vins d&#8217;appellations bien connues ou de surprises \u00e9tonnantes. Les vins propos\u00e9s sont presque toujours issus de la gamme la plus exclusive du vignoble.<\/span><\/p>\n<p>[\/vc_column_text][vc_column_text]<\/p>\n<p>&nbsp;<\/p>\n<p>&nbsp;<\/p>\n<p>[\/vc_column_text][vc_btn title=&#8221;Je configure mon abonnement !&#8221; size=&#8221;lg&#8221; align=&#8221;center&#8221; link=&#8221;url:https%3A%2F%2Fwww.ivinio.com%2Ffr%2Fproduit%2Fabonnement-exception-configuration%2F|title:Abonnement%20%E2%80%9CException%E2%80%9D%20%E2%80%93%20Configuration||&#8221;][\/vc_column][\/vc_row][vc_row][vc_column][vc_separator border_width=&#8221;3&#8243;][vc_column_text]<\/p>\n<h2><\/h2>\n<h3 class=\"title1\" style=\"text-align: center;\"><strong>EN SAVOIR PLUS SUR NOS ABONNEMENTS VIN<\/strong><\/h3>\n<p>[\/vc_column_text][vc_separator border_width=&#8221;3&#8243;][\/vc_column][\/vc_row][vc_row][vc_column][vc_column_text]S\u2019il vous est difficile et fastidieux de choisir vos vins et\/ou si vous manquez de temps et d\u2019\u00e9nergie pour passer une commande ; vous devriez alors vous inscrire \u00e0 un abonnement de vin sur le site IVINIO et laisser des passionn\u00e9s de vin faire le travail \u00e0 votre place!<\/p>\n<p>Vous avez juste \u00e0 choisir le nombre de bouteilles que vous souhaitez commander, combien de fois dans l\u2019ann\u00e9e vous souhaitez \u00eatre livr\u00e9 et le type de vins que vous pr\u00e9f\u00e9rez \u2013 rouge, blanc, ros\u00e9 ou mixte. Vous d\u00e9cidez en fonction de vos besoins et de vos go\u00fbts.<\/p>\n<p>La commande sera automatiquement envoy\u00e9e directement \u00e0 l\u2019adresse de votre choix aux dates pr\u00e9vues.<\/p>\n<p>Le paiement a lieu au moment de l\u2019envoi du vin et non au moment de l\u2019abonnement. A chaque envoi, le paiement sera automatiquement d\u00e9bit\u00e9 de votre compte (dont les renseignements sont donn\u00e9s au moment de l\u2019inscription \u00e0 l\u2019abonnement). Le paiement est donc comme lorsque vous effectuez un achat r\u00e9gulier, la seule diff\u00e9rence est que vous ne perdez pas de temps \u00e0 commander et que vous n\u2019avez pas le souci du choix entre les diff\u00e9rents vins ; IVINIO le fait pour vous !<\/p>\n<h3 style=\"text-align: center;\"><strong>COMMENT SONT S\u00c9LECTIONN\u00c9S LES VINS<\/strong>\u00a0?<\/h3>\n<p>Nous faisons une s\u00e9lection parmi les vins propos\u00e9s sur IVINIO selon vos crit\u00e8res de go\u00fbt. Nous garantissons que les vins envoy\u00e9s ont au moins la valeur correspondant \u00e0 votre abonnement.<\/p>\n<p>L\u2019abonnement vous simplifie l\u2019achat de vin, vous assure la s\u00e9curit\u00e9 et vous permet de d\u00e9guster diff\u00e9rents vins.<\/p>\n<p>A tout moment, vous avez la possibilit\u00e9 de r\u00e9silier votre abonnement sans frais suppl\u00e9mentaires. Nous demandons seulement d\u2019\u00eatre inform\u00e9 au plus tard 2 semaines (14 jours) avant l\u2019envoi \u00e0 venir, ce afin d\u2019avoir le temps de proc\u00e9der \u00e0 l\u2019annulation.<\/p>\n<p>Enfin et surtout, s\u2019il vous arrive de ne pas \u00eatre satisfaits de l\u2019envoi, vous pouvez retourner les bouteilles et \u00eatre rembours\u00e9. L\u2019abonnement doit \u00eatre simple, efficace s\u00e9curis\u00e9 et vous donner enti\u00e8re satisfaction.[\/vc_column_text][\/vc_column][\/vc_row]<\/p>\n<\/div>","protected":false},"excerpt":{"rendered":"<p>[vc_row content_placement=&#8221;top&#8221; css=&#8221;.vc_custom_1625731491528{background-image: url(https:\/\/www.ivinio.com\/wp-content\/uploads\/2021\/02\/Abonnement-FR-1.jpg?id=123852) !important;}&#8221;][vc_column][vc_column_text] &nbsp; &nbsp; &nbsp; &nbsp; &nbsp; &nbsp; [\/vc_column_text][vc_column_text] &nbsp; &nbsp; &nbsp; &nbsp; &nbsp; &nbsp; \u00a0 \u00a0 \u00a0 \u00a0 \u00a0 \u00a0 \u00a0 \u00a0 \u00a0 \u00a0 \u00a0 \u00a0 \u00a0 \u00a0 \u00a0 \u00a0 \u00a0 \u00a0 \u00a0 \u00a0 \u00a0 \u00a0 \u00a0 \u00a0 \u00a0 \u00a0 \u00a0 \u00a0 \u00a0 \u00a0 \u00a0 \u00a0 \u00a0 \u00a0 \u00a0 \u00a0 \u00a0 [&hellip;]<\/p>\n","protected":false},"author":1746,"featured_media":0,"parent":0,"menu_order":0,"comment_status":"closed","ping_status":"closed","template":"","meta":{"_monsterinsights_skip_tracking":false,"_monsterinsights_sitenote_active":false,"_monsterinsights_sitenote_note":"","_monsterinsights_sitenote_category":0,"_uf_show_specific_survey":0,"_uf_disable_surveys":false,"footnotes":""},"class_list":["post-123327","page","type-page","status-publish","hentry"],"yoast_head":"<!-- This site is optimized with the Yoast SEO plugin v27.3 - https:\/\/yoast.com\/product\/yoast-seo-wordpress\/ -->\n<title>Abonnement box de vin avec livraison \u00e0 domicile - IVINIO Wine Shop<\/title>\n<meta name=\"description\" content=\"S\u2019il vous est difficile et fastidieux de choisir vos vins vous devriez alors vous inscrire \u00e0 un abonnement de vin sur le site IVINIO.\" \/>\n<meta name=\"robots\" content=\"index, follow, max-snippet:-1, max-image-preview:large, max-video-preview:-1\" \/>\n<link rel=\"canonical\" href=\"https:\/\/www.ivinio.com\/fr\/abonnement\/\" \/>\n<meta property=\"og:locale\" content=\"fr_FR\" \/>\n<meta property=\"og:type\" content=\"article\" \/>\n<meta property=\"og:title\" content=\"Abonnement box de vin avec livraison \u00e0 domicile - IVINIO Wine Shop\" \/>\n<meta property=\"og:description\" content=\"S\u2019il vous est difficile et fastidieux de choisir vos vins vous devriez alors vous inscrire \u00e0 un abonnement de vin sur le site IVINIO.\" \/>\n<meta property=\"og:url\" content=\"https:\/\/www.ivinio.com\/fr\/abonnement\/\" \/>\n<meta property=\"og:site_name\" content=\"IVINIO Wine Shop\" \/>\n<meta property=\"article:publisher\" content=\"https:\/\/www.facebook.com\/groups\/165217837022391\/?ref=bookmarks\" \/>\n<meta property=\"article:modified_time\" content=\"2023-07-06T14:53:45+00:00\" \/>\n<meta name=\"twitter:card\" content=\"summary_large_image\" \/>\n<meta name=\"twitter:label1\" content=\"Dur\u00e9e de lecture estim\u00e9e\" \/>\n\t<meta name=\"twitter:data1\" content=\"3 minutes\" \/>\n<script type=\"application\/ld+json\" class=\"yoast-schema-graph\">{\"@context\":\"https:\\\/\\\/schema.org\",\"@graph\":[{\"@type\":\"WebPage\",\"@id\":\"https:\\\/\\\/www.ivinio.com\\\/fr\\\/abonnement\\\/\",\"url\":\"https:\\\/\\\/www.ivinio.com\\\/fr\\\/abonnement\\\/\",\"name\":\"Abonnement box de vin avec livraison \u00e0 domicile - IVINIO Wine Shop\",\"isPartOf\":{\"@id\":\"https:\\\/\\\/www.ivinio.com\\\/fr\\\/#website\"},\"datePublished\":\"2021-02-11T20:38:32+00:00\",\"dateModified\":\"2023-07-06T14:53:45+00:00\",\"description\":\"S\u2019il vous est difficile et fastidieux de choisir vos vins vous devriez alors vous inscrire \u00e0 un abonnement de vin sur le site IVINIO.\",\"breadcrumb\":{\"@id\":\"https:\\\/\\\/www.ivinio.com\\\/fr\\\/abonnement\\\/#breadcrumb\"},\"inLanguage\":\"fr-FR\",\"potentialAction\":[{\"@type\":\"ReadAction\",\"target\":[\"https:\\\/\\\/www.ivinio.com\\\/fr\\\/abonnement\\\/\"]}]},{\"@type\":\"BreadcrumbList\",\"@id\":\"https:\\\/\\\/www.ivinio.com\\\/fr\\\/abonnement\\\/#breadcrumb\",\"itemListElement\":[{\"@type\":\"ListItem\",\"position\":1,\"name\":\"Home\",\"item\":\"https:\\\/\\\/www.ivinio.com\\\/fr\\\/\"},{\"@type\":\"ListItem\",\"position\":2,\"name\":\"Abonnement vin\"}]},{\"@type\":\"WebSite\",\"@id\":\"https:\\\/\\\/www.ivinio.com\\\/fr\\\/#website\",\"url\":\"https:\\\/\\\/www.ivinio.com\\\/fr\\\/\",\"name\":\"IVINIO Wine Shop\",\"description\":\"French and Italian wines with delivery to your door\",\"publisher\":{\"@id\":\"https:\\\/\\\/www.ivinio.com\\\/fr\\\/#organization\"},\"potentialAction\":[{\"@type\":\"SearchAction\",\"target\":{\"@type\":\"EntryPoint\",\"urlTemplate\":\"https:\\\/\\\/www.ivinio.com\\\/fr\\\/?s={search_term_string}\"},\"query-input\":{\"@type\":\"PropertyValueSpecification\",\"valueRequired\":true,\"valueName\":\"search_term_string\"}}],\"inLanguage\":\"fr-FR\"},{\"@type\":\"Organization\",\"@id\":\"https:\\\/\\\/www.ivinio.com\\\/fr\\\/#organization\",\"name\":\"IVINIO\",\"url\":\"https:\\\/\\\/www.ivinio.com\\\/fr\\\/\",\"logo\":{\"@type\":\"ImageObject\",\"inLanguage\":\"fr-FR\",\"@id\":\"https:\\\/\\\/www.ivinio.com\\\/fr\\\/#\\\/schema\\\/logo\\\/image\\\/\",\"url\":\"https:\\\/\\\/www.ivinio.com\\\/wp-content\\\/uploads\\\/2021\\\/01\\\/Logo-Ivinio-v2.jpg\",\"contentUrl\":\"https:\\\/\\\/www.ivinio.com\\\/wp-content\\\/uploads\\\/2021\\\/01\\\/Logo-Ivinio-v2.jpg\",\"width\":1194,\"height\":1194,\"caption\":\"IVINIO\"},\"image\":{\"@id\":\"https:\\\/\\\/www.ivinio.com\\\/fr\\\/#\\\/schema\\\/logo\\\/image\\\/\"},\"sameAs\":[\"https:\\\/\\\/www.facebook.com\\\/groups\\\/165217837022391\\\/?ref=bookmarks\",\"https:\\\/\\\/www.instagram.com\\\/_ivinio_\\\/?hl=fr\"]}]}<\/script>\n<!-- \/ Yoast SEO plugin. -->","yoast_head_json":{"title":"Abonnement box de vin avec livraison \u00e0 domicile - IVINIO Wine Shop","description":"S\u2019il vous est difficile et fastidieux de choisir vos vins vous devriez alors vous inscrire \u00e0 un abonnement de vin sur le site IVINIO.","robots":{"index":"index","follow":"follow","max-snippet":"max-snippet:-1","max-image-preview":"max-image-preview:large","max-video-preview":"max-video-preview:-1"},"canonical":"https:\/\/www.ivinio.com\/fr\/abonnement\/","og_locale":"fr_FR","og_type":"article","og_title":"Abonnement box de vin avec livraison \u00e0 domicile - IVINIO Wine Shop","og_description":"S\u2019il vous est difficile et fastidieux de choisir vos vins vous devriez alors vous inscrire \u00e0 un abonnement de vin sur le site IVINIO.","og_url":"https:\/\/www.ivinio.com\/fr\/abonnement\/","og_site_name":"IVINIO Wine Shop","article_publisher":"https:\/\/www.facebook.com\/groups\/165217837022391\/?ref=bookmarks","article_modified_time":"2023-07-06T14:53:45+00:00","twitter_card":"summary_large_image","twitter_misc":{"Dur\u00e9e de lecture estim\u00e9e":"3 minutes"},"schema":{"@context":"https:\/\/schema.org","@graph":[{"@type":"WebPage","@id":"https:\/\/www.ivinio.com\/fr\/abonnement\/","url":"https:\/\/www.ivinio.com\/fr\/abonnement\/","name":"Abonnement box de vin avec livraison \u00e0 domicile - IVINIO Wine Shop","isPartOf":{"@id":"https:\/\/www.ivinio.com\/fr\/#website"},"datePublished":"2021-02-11T20:38:32+00:00","dateModified":"2023-07-06T14:53:45+00:00","description":"S\u2019il vous est difficile et fastidieux de choisir vos vins vous devriez alors vous inscrire \u00e0 un abonnement de vin sur le site IVINIO.","breadcrumb":{"@id":"https:\/\/www.ivinio.com\/fr\/abonnement\/#breadcrumb"},"inLanguage":"fr-FR","potentialAction":[{"@type":"ReadAction","target":["https:\/\/www.ivinio.com\/fr\/abonnement\/"]}]},{"@type":"BreadcrumbList","@id":"https:\/\/www.ivinio.com\/fr\/abonnement\/#breadcrumb","itemListElement":[{"@type":"ListItem","position":1,"name":"Home","item":"https:\/\/www.ivinio.com\/fr\/"},{"@type":"ListItem","position":2,"name":"Abonnement vin"}]},{"@type":"WebSite","@id":"https:\/\/www.ivinio.com\/fr\/#website","url":"https:\/\/www.ivinio.com\/fr\/","name":"IVINIO Wine Shop","description":"French and Italian wines with delivery to your door","publisher":{"@id":"https:\/\/www.ivinio.com\/fr\/#organization"},"potentialAction":[{"@type":"SearchAction","target":{"@type":"EntryPoint","urlTemplate":"https:\/\/www.ivinio.com\/fr\/?s={search_term_string}"},"query-input":{"@type":"PropertyValueSpecification","valueRequired":true,"valueName":"search_term_string"}}],"inLanguage":"fr-FR"},{"@type":"Organization","@id":"https:\/\/www.ivinio.com\/fr\/#organization","name":"IVINIO","url":"https:\/\/www.ivinio.com\/fr\/","logo":{"@type":"ImageObject","inLanguage":"fr-FR","@id":"https:\/\/www.ivinio.com\/fr\/#\/schema\/logo\/image\/","url":"https:\/\/www.ivinio.com\/wp-content\/uploads\/2021\/01\/Logo-Ivinio-v2.jpg","contentUrl":"https:\/\/www.ivinio.com\/wp-content\/uploads\/2021\/01\/Logo-Ivinio-v2.jpg","width":1194,"height":1194,"caption":"IVINIO"},"image":{"@id":"https:\/\/www.ivinio.com\/fr\/#\/schema\/logo\/image\/"},"sameAs":["https:\/\/www.facebook.com\/groups\/165217837022391\/?ref=bookmarks","https:\/\/www.instagram.com\/_ivinio_\/?hl=fr"]}]}},"jetpack_shortlink":"https:\/\/wp.me\/PcK36q-w59","jetpack_sharing_enabled":true,"_links":{"self":[{"href":"https:\/\/www.ivinio.com\/fr\/wp-json\/wp\/v2\/pages\/123327","targetHints":{"allow":["GET"]}}],"collection":[{"href":"https:\/\/www.ivinio.com\/fr\/wp-json\/wp\/v2\/pages"}],"about":[{"href":"https:\/\/www.ivinio.com\/fr\/wp-json\/wp\/v2\/types\/page"}],"author":[{"embeddable":true,"href":"https:\/\/www.ivinio.com\/fr\/wp-json\/wp\/v2\/users\/1746"}],"replies":[{"embeddable":true,"href":"https:\/\/www.ivinio.com\/fr\/wp-json\/wp\/v2\/comments?post=123327"}],"version-history":[{"count":0,"href":"https:\/\/www.ivinio.com\/fr\/wp-json\/wp\/v2\/pages\/123327\/revisions"}],"wp:attachment":[{"href":"https:\/\/www.ivinio.com\/fr\/wp-json\/wp\/v2\/media?parent=123327"}],"curies":[{"name":"wp","href":"https:\/\/api.w.org\/{rel}","templated":true}]}}