{"id":139641,"date":"2026-02-26T17:22:21","date_gmt":"2026-02-26T16:22:21","guid":{"rendered":"https:\/\/www.ivinio.com\/product\/bordeaux-fine-wine-from-2014-mixed-wine-case-2x3-bottles\/"},"modified":"2026-04-22T10:00:18","modified_gmt":"2026-04-22T08:00:18","slug":"bordeaux-fine-wine-from-2014-mixed-wine-case-2x3-bottles","status":"publish","type":"product","link":"https:\/\/www.ivinio.com\/en\/product\/bordeaux-fine-wine-from-2014-mixed-wine-case-2x3-bottles\/","title":{"rendered":"Bordeaux &#8211; fine wine from 2014 &#8211; mixed wine case 2&#215;3 bottles"},"content":{"rendered":"<h2 data-start=\"60\" data-end=\"124\">Mixed box Bordeaux 2014 &#8211; two classic chateaux in a great vintage.<\/h2>\n<p data-start=\"126\" data-end=\"315\">This mixed box brings together two outstanding Bordeaux wines from the fine 2014 vintage: Ch\u00e2teau Grand Ormeau &#8211; El\u00e9gance (Lalande-de-Pomerol) and Ch\u00e2teau Fourcas-Borie (Listrac-M\u00e9doc), three bottles of each.<\/p>\n<p data-start=\"317\" data-end=\"565\">The 2014 vintage is characterized by excellent balance, fine structure and a beautiful aromatic development. After several years of aging, the wines have reached a harmonious maturity, where the fruit is still alive and the tannins have become softer and elegantly integrated. <\/p>\n<p data-start=\"567\" data-end=\"844\">Ch\u00e2teau Grand Ormeau &#8211; El\u00e9gance shows a round and generous style with ripe fruit and a silky texture, while Ch\u00e2teau Fourcas-Borie offers depth, structure and classic M\u00e9doc character. Together, they express both the elegance and aging potential of Bordeaux from a very successful vintage. <\/p>\n<p data-start=\"846\" data-end=\"950\">An ideal box to discover the maturity and complexity of Bordeaux 2014 \u2013 ready to be enjoyed today.<\/p>\n","protected":false},"excerpt":{"rendered":"<p>Mixed box Bordeaux 2014 &#8211; two classic chateaux in a great vintage.<\/p>\n","protected":false},"featured_media":139640,"comment_status":"open","ping_status":"closed","template":"","meta":{"_monsterinsights_skip_tracking":false,"_monsterinsights_sitenote_active":false,"_monsterinsights_sitenote_note":"","_monsterinsights_sitenote_category":0,"_uf_show_specific_survey":0,"_uf_disable_surveys":false},"product_brand":[],"product_cat":[36643],"product_tag":[],"class_list":{"0":"post-139641","1":"product","2":"type-product","3":"status-publish","4":"has-post-thumbnail","6":"product_cat-ronde-des-vins","8":"first","9":"instock","10":"virtual","11":"taxable","12":"purchasable","13":"product-type-bundle"},"bundled_by":[],"bundle_stock_status":"instock","bundle_stock_quantity":"","bundle_virtual":false,"bundle_layout":"grid","bundle_add_to_cart_form_location":"after_summary","bundle_editable_in_cart":false,"bundle_sold_individually_context":"product","bundle_item_grouping":"noindent","bundle_min_size":"","bundle_max_size":"","bundle_price":{"price":{"min":{"incl_tax":"89","excl_tax":"89"},"max":{"incl_tax":"89","excl_tax":"89"}},"regular_price":{"min":{"incl_tax":"118.3","excl_tax":"118.25"},"max":{"incl_tax":"118.3","excl_tax":"118.25"}}},"bundled_items":[{"bundled_item_id":9246,"product_id":139635,"menu_order":0,"quantity_min":3,"quantity_max":3,"quantity_default":3,"priced_individually":false,"shipped_individually":false,"override_title":false,"title":"Ch\u00e2teau Grand Ormeau &#8211; El\u00e9gance &#8211; Lalande de Pomerol &#8211; Red","override_description":false,"description":"Ch\u00e2teau Grand Ormeau &#8211; El\u00e9gance &#8211; Lalande de Pomerol &#8211; Red","optional":false,"hide_thumbnail":false,"discount":"","override_variations":false,"allowed_variations":[""],"override_default_variation_attributes":false,"default_variation_attributes":[],"single_product_visibility":"visible","cart_visibility":"visible","order_visibility":"visible","single_product_price_visibility":"visible","cart_price_visibility":"visible","order_price_visibility":"visible","stock_status":"in_stock"},{"bundled_item_id":9247,"product_id":139630,"menu_order":1,"quantity_min":3,"quantity_max":3,"quantity_default":3,"priced_individually":false,"shipped_individually":false,"override_title":false,"title":"Ch\u00e2teau Fourcas-Borie &#8211; Listrac-M\u00e9doc &#8211; Red","override_description":false,"description":"Ch\u00e2teau Fourcas-Borie &#8211; Listrac-M\u00e9doc &#8211; Red","optional":false,"hide_thumbnail":false,"discount":"","override_variations":false,"allowed_variations":[""],"override_default_variation_attributes":false,"default_variation_attributes":[],"single_product_visibility":"visible","cart_visibility":"visible","order_visibility":"visible","single_product_price_visibility":"visible","cart_price_visibility":"visible","order_price_visibility":"visible","stock_status":"in_stock"}],"bundle_sell_ids":[],"yoast_head":"<!-- This site is optimized with the Yoast SEO plugin v27.4 - https:\/\/yoast.com\/product\/yoast-seo-wordpress\/ -->\n<title>Bordeaux - fine wine from 2014 - mixed wine case 2x3 bottles - IVINIO Wine Shop<\/title>\n<meta name=\"description\" content=\"Bordeaux - fine wine from 2014 - mixed wine case 2x3 bottles. Ttwo outstanding Bordeaux wines from the fine 2014 vintage - three bottles of each.\" \/>\n<meta name=\"robots\" content=\"index, follow, max-snippet:-1, max-image-preview:large, max-video-preview:-1\" \/>\n<link rel=\"canonical\" href=\"https:\/\/www.ivinio.com\/en\/product\/bordeaux-fine-wine-from-2014-mixed-wine-case-2x3-bottles\/\" \/>\n<meta property=\"og:locale\" content=\"en_US\" \/>\n<meta property=\"og:type\" content=\"article\" \/>\n<meta property=\"og:title\" content=\"Bordeaux - fine wine from 2014 - mixed wine case 2x3 bottles - IVINIO Wine Shop\" \/>\n<meta property=\"og:description\" content=\"Bordeaux - fine wine from 2014 - mixed wine case 2x3 bottles. Ttwo outstanding Bordeaux wines from the fine 2014 vintage - three bottles of each.\" \/>\n<meta property=\"og:url\" content=\"https:\/\/www.ivinio.com\/en\/product\/bordeaux-fine-wine-from-2014-mixed-wine-case-2x3-bottles\/\" \/>\n<meta property=\"og:site_name\" content=\"IVINIO Wine Shop\" \/>\n<meta property=\"article:publisher\" content=\"https:\/\/www.facebook.com\/groups\/165217837022391\/?ref=bookmarks\" \/>\n<meta property=\"article:modified_time\" content=\"2026-04-22T08:00:18+00:00\" \/>\n<meta property=\"og:image\" content=\"https:\/\/www.ivinio.com\/wp-content\/uploads\/2026\/02\/Finvin-fran-Bordeaux-2014-IVINIO-1.jpg\" \/>\n\t<meta property=\"og:image:width\" content=\"500\" \/>\n\t<meta property=\"og:image:height\" content=\"500\" \/>\n\t<meta property=\"og:image:type\" content=\"image\/jpeg\" \/>\n<meta name=\"twitter:card\" content=\"summary_large_image\" \/>\n<meta name=\"twitter:label1\" content=\"Est. reading time\" \/>\n\t<meta name=\"twitter:data1\" content=\"1 minute\" \/>\n<script type=\"application\/ld+json\" class=\"yoast-schema-graph\">{\"@context\":\"https:\\\/\\\/schema.org\",\"@graph\":[{\"@type\":\"WebPage\",\"@id\":\"https:\\\/\\\/www.ivinio.com\\\/en\\\/product\\\/bordeaux-fine-wine-from-2014-mixed-wine-case-2x3-bottles\\\/\",\"url\":\"https:\\\/\\\/www.ivinio.com\\\/en\\\/product\\\/bordeaux-fine-wine-from-2014-mixed-wine-case-2x3-bottles\\\/\",\"name\":\"Bordeaux - fine wine from 2014 - mixed wine case 2x3 bottles - IVINIO Wine Shop\",\"isPartOf\":{\"@id\":\"https:\\\/\\\/www.ivinio.com\\\/en\\\/#website\"},\"primaryImageOfPage\":{\"@id\":\"https:\\\/\\\/www.ivinio.com\\\/en\\\/product\\\/bordeaux-fine-wine-from-2014-mixed-wine-case-2x3-bottles\\\/#primaryimage\"},\"image\":{\"@id\":\"https:\\\/\\\/www.ivinio.com\\\/en\\\/product\\\/bordeaux-fine-wine-from-2014-mixed-wine-case-2x3-bottles\\\/#primaryimage\"},\"thumbnailUrl\":\"https:\\\/\\\/www.ivinio.com\\\/wp-content\\\/uploads\\\/2026\\\/02\\\/Finvin-fran-Bordeaux-2014-IVINIO-1.jpg\",\"datePublished\":\"2026-02-26T16:22:21+00:00\",\"dateModified\":\"2026-04-22T08:00:18+00:00\",\"description\":\"Bordeaux - fine wine from 2014 - mixed wine case 2x3 bottles. Ttwo outstanding Bordeaux wines from the fine 2014 vintage - three bottles of each.\",\"breadcrumb\":{\"@id\":\"https:\\\/\\\/www.ivinio.com\\\/en\\\/product\\\/bordeaux-fine-wine-from-2014-mixed-wine-case-2x3-bottles\\\/#breadcrumb\"},\"inLanguage\":\"en-US\",\"potentialAction\":[{\"@type\":\"ReadAction\",\"target\":[\"https:\\\/\\\/www.ivinio.com\\\/en\\\/product\\\/bordeaux-fine-wine-from-2014-mixed-wine-case-2x3-bottles\\\/\"]}]},{\"@type\":\"ImageObject\",\"inLanguage\":\"en-US\",\"@id\":\"https:\\\/\\\/www.ivinio.com\\\/en\\\/product\\\/bordeaux-fine-wine-from-2014-mixed-wine-case-2x3-bottles\\\/#primaryimage\",\"url\":\"https:\\\/\\\/www.ivinio.com\\\/wp-content\\\/uploads\\\/2026\\\/02\\\/Finvin-fran-Bordeaux-2014-IVINIO-1.jpg\",\"contentUrl\":\"https:\\\/\\\/www.ivinio.com\\\/wp-content\\\/uploads\\\/2026\\\/02\\\/Finvin-fran-Bordeaux-2014-IVINIO-1.jpg\",\"width\":500,\"height\":500},{\"@type\":\"BreadcrumbList\",\"@id\":\"https:\\\/\\\/www.ivinio.com\\\/en\\\/product\\\/bordeaux-fine-wine-from-2014-mixed-wine-case-2x3-bottles\\\/#breadcrumb\",\"itemListElement\":[{\"@type\":\"ListItem\",\"position\":1,\"name\":\"Home\",\"item\":\"https:\\\/\\\/www.ivinio.com\\\/en\\\/\"},{\"@type\":\"ListItem\",\"position\":2,\"name\":\"Wine-shop\",\"item\":\"https:\\\/\\\/www.ivinio.com\\\/en\\\/wine-shop\\\/\"},{\"@type\":\"ListItem\",\"position\":3,\"name\":\"Bordeaux &#8211; fine wine from 2014 &#8211; mixed wine case 2&#215;3 bottles\"}]},{\"@type\":\"WebSite\",\"@id\":\"https:\\\/\\\/www.ivinio.com\\\/en\\\/#website\",\"url\":\"https:\\\/\\\/www.ivinio.com\\\/en\\\/\",\"name\":\"IVINIO Wine Shop\",\"description\":\"French and Italian wines with delivery to your door\",\"publisher\":{\"@id\":\"https:\\\/\\\/www.ivinio.com\\\/en\\\/#organization\"},\"potentialAction\":[{\"@type\":\"SearchAction\",\"target\":{\"@type\":\"EntryPoint\",\"urlTemplate\":\"https:\\\/\\\/www.ivinio.com\\\/en\\\/?s={search_term_string}\"},\"query-input\":{\"@type\":\"PropertyValueSpecification\",\"valueRequired\":true,\"valueName\":\"search_term_string\"}}],\"inLanguage\":\"en-US\"},{\"@type\":\"Organization\",\"@id\":\"https:\\\/\\\/www.ivinio.com\\\/en\\\/#organization\",\"name\":\"IVINIO\",\"url\":\"https:\\\/\\\/www.ivinio.com\\\/en\\\/\",\"logo\":{\"@type\":\"ImageObject\",\"inLanguage\":\"en-US\",\"@id\":\"https:\\\/\\\/www.ivinio.com\\\/en\\\/#\\\/schema\\\/logo\\\/image\\\/\",\"url\":\"https:\\\/\\\/www.ivinio.com\\\/wp-content\\\/uploads\\\/2021\\\/01\\\/Logo-Ivinio-v2.jpg\",\"contentUrl\":\"https:\\\/\\\/www.ivinio.com\\\/wp-content\\\/uploads\\\/2021\\\/01\\\/Logo-Ivinio-v2.jpg\",\"width\":1194,\"height\":1194,\"caption\":\"IVINIO\"},\"image\":{\"@id\":\"https:\\\/\\\/www.ivinio.com\\\/en\\\/#\\\/schema\\\/logo\\\/image\\\/\"},\"sameAs\":[\"https:\\\/\\\/www.facebook.com\\\/groups\\\/165217837022391\\\/?ref=bookmarks\",\"https:\\\/\\\/www.instagram.com\\\/_ivinio_\\\/?hl=fr\"]}]}<\/script>\n<!-- \/ Yoast SEO plugin. -->","yoast_head_json":{"title":"Bordeaux - fine wine from 2014 - mixed wine case 2x3 bottles - IVINIO Wine Shop","description":"Bordeaux - fine wine from 2014 - mixed wine case 2x3 bottles. Ttwo outstanding Bordeaux wines from the fine 2014 vintage - three bottles of each.","robots":{"index":"index","follow":"follow","max-snippet":"max-snippet:-1","max-image-preview":"max-image-preview:large","max-video-preview":"max-video-preview:-1"},"canonical":"https:\/\/www.ivinio.com\/en\/product\/bordeaux-fine-wine-from-2014-mixed-wine-case-2x3-bottles\/","og_locale":"en_US","og_type":"article","og_title":"Bordeaux - fine wine from 2014 - mixed wine case 2x3 bottles - IVINIO Wine Shop","og_description":"Bordeaux - fine wine from 2014 - mixed wine case 2x3 bottles. Ttwo outstanding Bordeaux wines from the fine 2014 vintage - three bottles of each.","og_url":"https:\/\/www.ivinio.com\/en\/product\/bordeaux-fine-wine-from-2014-mixed-wine-case-2x3-bottles\/","og_site_name":"IVINIO Wine Shop","article_publisher":"https:\/\/www.facebook.com\/groups\/165217837022391\/?ref=bookmarks","article_modified_time":"2026-04-22T08:00:18+00:00","og_image":[{"width":500,"height":500,"url":"https:\/\/www.ivinio.com\/wp-content\/uploads\/2026\/02\/Finvin-fran-Bordeaux-2014-IVINIO-1.jpg","type":"image\/jpeg"}],"twitter_card":"summary_large_image","twitter_misc":{"Est. reading time":"1 minute"},"schema":{"@context":"https:\/\/schema.org","@graph":[{"@type":"WebPage","@id":"https:\/\/www.ivinio.com\/en\/product\/bordeaux-fine-wine-from-2014-mixed-wine-case-2x3-bottles\/","url":"https:\/\/www.ivinio.com\/en\/product\/bordeaux-fine-wine-from-2014-mixed-wine-case-2x3-bottles\/","name":"Bordeaux - fine wine from 2014 - mixed wine case 2x3 bottles - IVINIO Wine Shop","isPartOf":{"@id":"https:\/\/www.ivinio.com\/en\/#website"},"primaryImageOfPage":{"@id":"https:\/\/www.ivinio.com\/en\/product\/bordeaux-fine-wine-from-2014-mixed-wine-case-2x3-bottles\/#primaryimage"},"image":{"@id":"https:\/\/www.ivinio.com\/en\/product\/bordeaux-fine-wine-from-2014-mixed-wine-case-2x3-bottles\/#primaryimage"},"thumbnailUrl":"https:\/\/www.ivinio.com\/wp-content\/uploads\/2026\/02\/Finvin-fran-Bordeaux-2014-IVINIO-1.jpg","datePublished":"2026-02-26T16:22:21+00:00","dateModified":"2026-04-22T08:00:18+00:00","description":"Bordeaux - fine wine from 2014 - mixed wine case 2x3 bottles. Ttwo outstanding Bordeaux wines from the fine 2014 vintage - three bottles of each.","breadcrumb":{"@id":"https:\/\/www.ivinio.com\/en\/product\/bordeaux-fine-wine-from-2014-mixed-wine-case-2x3-bottles\/#breadcrumb"},"inLanguage":"en-US","potentialAction":[{"@type":"ReadAction","target":["https:\/\/www.ivinio.com\/en\/product\/bordeaux-fine-wine-from-2014-mixed-wine-case-2x3-bottles\/"]}]},{"@type":"ImageObject","inLanguage":"en-US","@id":"https:\/\/www.ivinio.com\/en\/product\/bordeaux-fine-wine-from-2014-mixed-wine-case-2x3-bottles\/#primaryimage","url":"https:\/\/www.ivinio.com\/wp-content\/uploads\/2026\/02\/Finvin-fran-Bordeaux-2014-IVINIO-1.jpg","contentUrl":"https:\/\/www.ivinio.com\/wp-content\/uploads\/2026\/02\/Finvin-fran-Bordeaux-2014-IVINIO-1.jpg","width":500,"height":500},{"@type":"BreadcrumbList","@id":"https:\/\/www.ivinio.com\/en\/product\/bordeaux-fine-wine-from-2014-mixed-wine-case-2x3-bottles\/#breadcrumb","itemListElement":[{"@type":"ListItem","position":1,"name":"Home","item":"https:\/\/www.ivinio.com\/en\/"},{"@type":"ListItem","position":2,"name":"Wine-shop","item":"https:\/\/www.ivinio.com\/en\/wine-shop\/"},{"@type":"ListItem","position":3,"name":"Bordeaux &#8211; fine wine from 2014 &#8211; mixed wine case 2&#215;3 bottles"}]},{"@type":"WebSite","@id":"https:\/\/www.ivinio.com\/en\/#website","url":"https:\/\/www.ivinio.com\/en\/","name":"IVINIO Wine Shop","description":"French and Italian wines with delivery to your door","publisher":{"@id":"https:\/\/www.ivinio.com\/en\/#organization"},"potentialAction":[{"@type":"SearchAction","target":{"@type":"EntryPoint","urlTemplate":"https:\/\/www.ivinio.com\/en\/?s={search_term_string}"},"query-input":{"@type":"PropertyValueSpecification","valueRequired":true,"valueName":"search_term_string"}}],"inLanguage":"en-US"},{"@type":"Organization","@id":"https:\/\/www.ivinio.com\/en\/#organization","name":"IVINIO","url":"https:\/\/www.ivinio.com\/en\/","logo":{"@type":"ImageObject","inLanguage":"en-US","@id":"https:\/\/www.ivinio.com\/en\/#\/schema\/logo\/image\/","url":"https:\/\/www.ivinio.com\/wp-content\/uploads\/2021\/01\/Logo-Ivinio-v2.jpg","contentUrl":"https:\/\/www.ivinio.com\/wp-content\/uploads\/2021\/01\/Logo-Ivinio-v2.jpg","width":1194,"height":1194,"caption":"IVINIO"},"image":{"@id":"https:\/\/www.ivinio.com\/en\/#\/schema\/logo\/image\/"},"sameAs":["https:\/\/www.facebook.com\/groups\/165217837022391\/?ref=bookmarks","https:\/\/www.instagram.com\/_ivinio_\/?hl=fr"]}]}},"jetpack_sharing_enabled":true,"_links":{"self":[{"href":"https:\/\/www.ivinio.com\/en\/wp-json\/wp\/v2\/product\/139641","targetHints":{"allow":["GET"]}}],"collection":[{"href":"https:\/\/www.ivinio.com\/en\/wp-json\/wp\/v2\/product"}],"about":[{"href":"https:\/\/www.ivinio.com\/en\/wp-json\/wp\/v2\/types\/product"}],"replies":[{"embeddable":true,"href":"https:\/\/www.ivinio.com\/en\/wp-json\/wp\/v2\/comments?post=139641"}],"wp:featuredmedia":[{"embeddable":true,"href":"https:\/\/www.ivinio.com\/en\/wp-json\/wp\/v2\/media\/139640"}],"wp:attachment":[{"href":"https:\/\/www.ivinio.com\/en\/wp-json\/wp\/v2\/media?parent=139641"}],"wp:term":[{"taxonomy":"product_brand","embeddable":true,"href":"https:\/\/www.ivinio.com\/en\/wp-json\/wp\/v2\/product_brand?post=139641"},{"taxonomy":"product_cat","embeddable":true,"href":"https:\/\/www.ivinio.com\/en\/wp-json\/wp\/v2\/product_cat?post=139641"},{"taxonomy":"product_tag","embeddable":true,"href":"https:\/\/www.ivinio.com\/en\/wp-json\/wp\/v2\/product_tag?post=139641"}],"curies":[{"name":"wp","href":"https:\/\/api.w.org\/{rel}","templated":true}]}}