{"id":139635,"date":"2026-02-26T16:47:39","date_gmt":"2026-02-26T15:47:39","guid":{"rendered":"https:\/\/www.ivinio.com\/product\/chateau-grand-ormeau-elegance-lalande-de-pomerol-red\/"},"modified":"2026-03-07T19:23:16","modified_gmt":"2026-03-07T18:23:16","slug":"chateau-grand-ormeau-elegance-lalande-de-pomerol-red","status":"publish","type":"product","link":"https:\/\/www.ivinio.com\/en\/product\/chateau-grand-ormeau-elegance-lalande-de-pomerol-red\/","title":{"rendered":"Ch\u00e2teau Grand Ormeau &#8211; El\u00e9gance &#8211; Lalande de Pomerol &#8211; Red"},"content":{"rendered":"<p>Ch\u00e2teau Grand Ormeau &#8211; El\u00e9gance &#8211; Lalande de Pomerol &#8211; Red wine is made from 70% Merlot, 15% Cabernet Franc and 15% Cabernet Sauvignon. The grapes grow in a selection of terroirs characterized by surface gravel over a clay subsoil. The vines are over 20 years old. The harvest is done by hand, followed by a rigorous thinning. The grapes are fermented in temperature-controlled stainless steel and wooden barrels, with an average maceration period of 3 weeks. Some of the wines undergo malolactic fermentation in barrels. The rest are aged in tanks until bottling. The wine is aged for 13 to 16 months in barrels, depending on the vintage. The aging takes place in French oak barrels, with 30% new barrels renewed each year. A light filtration is carried out before bottling.<\/p>\n<p>&nbsp;<\/p>\n<p>&nbsp;<\/p>\n","protected":false},"excerpt":{"rendered":"<p>A finely styled Lalande-de-Pomerol in a medium to full-bodied style. Very elegant!<\/p>\n","protected":false},"featured_media":139634,"comment_status":"open","ping_status":"closed","template":"","meta":{"_monsterinsights_skip_tracking":false,"_monsterinsights_sitenote_active":false,"_monsterinsights_sitenote_note":"","_monsterinsights_sitenote_category":0,"_uf_show_specific_survey":0,"_uf_disable_surveys":false},"product_brand":[],"product_cat":[36632,36587],"product_tag":[],"class_list":{"0":"post-139635","1":"product","2":"type-product","3":"status-publish","4":"has-post-thumbnail","6":"product_cat-en-bordeaux","7":"product_cat-french-wines","8":"pa_alcohol-degree-13-en","9":"pa_awards-concours-general-agricole-de-paris-en","10":"pa_awards-guide-hachette-en","11":"pa_classification-lalande-de-pomerol","12":"pa_color-red","13":"pa_country-france-en","14":"pa_grape-variety-cabernet-franc-en","15":"pa_grape-variety-cabernet-sauvignon-en","16":"pa_grape-variety-merlot","17":"pa_region-bordeaux","18":"pa_storage-potential-more-than-10-years","19":"pa_vintage-2014-en","20":"pa_volume-75-cl-en","22":"first","23":"instock","24":"sale","25":"taxable","26":"shipping-taxable","27":"purchasable","28":"product-type-simple"},"bundled_by":["139641"],"bundle_stock_status":"instock","bundle_stock_quantity":null,"bundle_virtual":false,"bundle_layout":"","bundle_add_to_cart_form_location":"","bundle_editable_in_cart":false,"bundle_sold_individually_context":"","bundle_item_grouping":"","bundle_min_size":"","bundle_max_size":"","bundle_price":[],"bundled_items":[],"bundle_sell_ids":[],"yoast_head":"<!-- This site is optimized with the Yoast SEO plugin v27.4 - https:\/\/yoast.com\/product\/yoast-seo-wordpress\/ -->\n<title>Ch\u00e2teau Grand Ormeau - El\u00e9gance - Lalande de Pomerol - Red - IVINIO Wine Shop<\/title>\n<meta name=\"description\" content=\"Ch\u00e2teau Grand Ormeau - El\u00e9gance - Lalande de Pomerol - Red wine. Complex aroma of plums, black cherries, tobacco and spices.\" \/>\n<meta name=\"robots\" content=\"index, follow, max-snippet:-1, max-image-preview:large, max-video-preview:-1\" \/>\n<link rel=\"canonical\" href=\"https:\/\/www.ivinio.com\/en\/product\/chateau-grand-ormeau-elegance-lalande-de-pomerol-red\/\" \/>\n<meta property=\"og:locale\" content=\"en_US\" \/>\n<meta property=\"og:type\" content=\"article\" \/>\n<meta property=\"og:title\" content=\"Ch\u00e2teau Grand Ormeau - El\u00e9gance - Lalande de Pomerol - Red - IVINIO Wine Shop\" \/>\n<meta property=\"og:description\" content=\"Ch\u00e2teau Grand Ormeau - El\u00e9gance - Lalande de Pomerol - Red wine. Complex aroma of plums, black cherries, tobacco and spices.\" \/>\n<meta property=\"og:url\" content=\"https:\/\/www.ivinio.com\/en\/product\/chateau-grand-ormeau-elegance-lalande-de-pomerol-red\/\" \/>\n<meta property=\"og:site_name\" content=\"IVINIO Wine Shop\" \/>\n<meta property=\"article:publisher\" content=\"https:\/\/www.facebook.com\/groups\/165217837022391\/?ref=bookmarks\" \/>\n<meta property=\"article:modified_time\" content=\"2026-03-07T18:23:16+00:00\" \/>\n<meta property=\"og:image\" content=\"https:\/\/www.ivinio.com\/wp-content\/uploads\/2026\/02\/Chateau-Grand-Ormeau-Elegance-IVINIO.jpg\" \/>\n\t<meta property=\"og:image:width\" content=\"500\" \/>\n\t<meta property=\"og:image:height\" content=\"500\" \/>\n\t<meta property=\"og:image:type\" content=\"image\/jpeg\" \/>\n<meta name=\"twitter:card\" content=\"summary_large_image\" \/>\n<meta name=\"twitter:label1\" content=\"Est. reading time\" \/>\n\t<meta name=\"twitter:data1\" content=\"1 minute\" \/>\n<script type=\"application\/ld+json\" class=\"yoast-schema-graph\">{\"@context\":\"https:\\\/\\\/schema.org\",\"@graph\":[{\"@type\":\"WebPage\",\"@id\":\"https:\\\/\\\/www.ivinio.com\\\/en\\\/product\\\/chateau-grand-ormeau-elegance-lalande-de-pomerol-red\\\/\",\"url\":\"https:\\\/\\\/www.ivinio.com\\\/en\\\/product\\\/chateau-grand-ormeau-elegance-lalande-de-pomerol-red\\\/\",\"name\":\"Ch\u00e2teau Grand Ormeau - El\u00e9gance - Lalande de Pomerol - Red - IVINIO Wine Shop\",\"isPartOf\":{\"@id\":\"https:\\\/\\\/www.ivinio.com\\\/en\\\/#website\"},\"primaryImageOfPage\":{\"@id\":\"https:\\\/\\\/www.ivinio.com\\\/en\\\/product\\\/chateau-grand-ormeau-elegance-lalande-de-pomerol-red\\\/#primaryimage\"},\"image\":{\"@id\":\"https:\\\/\\\/www.ivinio.com\\\/en\\\/product\\\/chateau-grand-ormeau-elegance-lalande-de-pomerol-red\\\/#primaryimage\"},\"thumbnailUrl\":\"https:\\\/\\\/www.ivinio.com\\\/wp-content\\\/uploads\\\/2026\\\/02\\\/Chateau-Grand-Ormeau-Elegance-IVINIO.jpg\",\"datePublished\":\"2026-02-26T15:47:39+00:00\",\"dateModified\":\"2026-03-07T18:23:16+00:00\",\"description\":\"Ch\u00e2teau Grand Ormeau - El\u00e9gance - Lalande de Pomerol - Red wine. Complex aroma of plums, black cherries, tobacco and spices.\",\"breadcrumb\":{\"@id\":\"https:\\\/\\\/www.ivinio.com\\\/en\\\/product\\\/chateau-grand-ormeau-elegance-lalande-de-pomerol-red\\\/#breadcrumb\"},\"inLanguage\":\"en-US\",\"potentialAction\":[{\"@type\":\"ReadAction\",\"target\":[\"https:\\\/\\\/www.ivinio.com\\\/en\\\/product\\\/chateau-grand-ormeau-elegance-lalande-de-pomerol-red\\\/\"]}]},{\"@type\":\"ImageObject\",\"inLanguage\":\"en-US\",\"@id\":\"https:\\\/\\\/www.ivinio.com\\\/en\\\/product\\\/chateau-grand-ormeau-elegance-lalande-de-pomerol-red\\\/#primaryimage\",\"url\":\"https:\\\/\\\/www.ivinio.com\\\/wp-content\\\/uploads\\\/2026\\\/02\\\/Chateau-Grand-Ormeau-Elegance-IVINIO.jpg\",\"contentUrl\":\"https:\\\/\\\/www.ivinio.com\\\/wp-content\\\/uploads\\\/2026\\\/02\\\/Chateau-Grand-Ormeau-Elegance-IVINIO.jpg\",\"width\":500,\"height\":500},{\"@type\":\"BreadcrumbList\",\"@id\":\"https:\\\/\\\/www.ivinio.com\\\/en\\\/product\\\/chateau-grand-ormeau-elegance-lalande-de-pomerol-red\\\/#breadcrumb\",\"itemListElement\":[{\"@type\":\"ListItem\",\"position\":1,\"name\":\"Home\",\"item\":\"https:\\\/\\\/www.ivinio.com\\\/en\\\/\"},{\"@type\":\"ListItem\",\"position\":2,\"name\":\"Wine-shop\",\"item\":\"https:\\\/\\\/www.ivinio.com\\\/en\\\/wine-shop\\\/\"},{\"@type\":\"ListItem\",\"position\":3,\"name\":\"Ch\u00e2teau Grand Ormeau &#8211; El\u00e9gance &#8211; Lalande de Pomerol &#8211; Red\"}]},{\"@type\":\"WebSite\",\"@id\":\"https:\\\/\\\/www.ivinio.com\\\/en\\\/#website\",\"url\":\"https:\\\/\\\/www.ivinio.com\\\/en\\\/\",\"name\":\"IVINIO Wine Shop\",\"description\":\"French and Italian wines with delivery to your door\",\"publisher\":{\"@id\":\"https:\\\/\\\/www.ivinio.com\\\/en\\\/#organization\"},\"potentialAction\":[{\"@type\":\"SearchAction\",\"target\":{\"@type\":\"EntryPoint\",\"urlTemplate\":\"https:\\\/\\\/www.ivinio.com\\\/en\\\/?s={search_term_string}\"},\"query-input\":{\"@type\":\"PropertyValueSpecification\",\"valueRequired\":true,\"valueName\":\"search_term_string\"}}],\"inLanguage\":\"en-US\"},{\"@type\":\"Organization\",\"@id\":\"https:\\\/\\\/www.ivinio.com\\\/en\\\/#organization\",\"name\":\"IVINIO\",\"url\":\"https:\\\/\\\/www.ivinio.com\\\/en\\\/\",\"logo\":{\"@type\":\"ImageObject\",\"inLanguage\":\"en-US\",\"@id\":\"https:\\\/\\\/www.ivinio.com\\\/en\\\/#\\\/schema\\\/logo\\\/image\\\/\",\"url\":\"https:\\\/\\\/www.ivinio.com\\\/wp-content\\\/uploads\\\/2021\\\/01\\\/Logo-Ivinio-v2.jpg\",\"contentUrl\":\"https:\\\/\\\/www.ivinio.com\\\/wp-content\\\/uploads\\\/2021\\\/01\\\/Logo-Ivinio-v2.jpg\",\"width\":1194,\"height\":1194,\"caption\":\"IVINIO\"},\"image\":{\"@id\":\"https:\\\/\\\/www.ivinio.com\\\/en\\\/#\\\/schema\\\/logo\\\/image\\\/\"},\"sameAs\":[\"https:\\\/\\\/www.facebook.com\\\/groups\\\/165217837022391\\\/?ref=bookmarks\",\"https:\\\/\\\/www.instagram.com\\\/_ivinio_\\\/?hl=fr\"]}]}<\/script>\n<!-- \/ Yoast SEO plugin. -->","yoast_head_json":{"title":"Ch\u00e2teau Grand Ormeau - El\u00e9gance - Lalande de Pomerol - Red - IVINIO Wine Shop","description":"Ch\u00e2teau Grand Ormeau - El\u00e9gance - Lalande de Pomerol - Red wine. Complex aroma of plums, black cherries, tobacco and spices.","robots":{"index":"index","follow":"follow","max-snippet":"max-snippet:-1","max-image-preview":"max-image-preview:large","max-video-preview":"max-video-preview:-1"},"canonical":"https:\/\/www.ivinio.com\/en\/product\/chateau-grand-ormeau-elegance-lalande-de-pomerol-red\/","og_locale":"en_US","og_type":"article","og_title":"Ch\u00e2teau Grand Ormeau - El\u00e9gance - Lalande de Pomerol - Red - IVINIO Wine Shop","og_description":"Ch\u00e2teau Grand Ormeau - El\u00e9gance - Lalande de Pomerol - Red wine. Complex aroma of plums, black cherries, tobacco and spices.","og_url":"https:\/\/www.ivinio.com\/en\/product\/chateau-grand-ormeau-elegance-lalande-de-pomerol-red\/","og_site_name":"IVINIO Wine Shop","article_publisher":"https:\/\/www.facebook.com\/groups\/165217837022391\/?ref=bookmarks","article_modified_time":"2026-03-07T18:23:16+00:00","og_image":[{"width":500,"height":500,"url":"https:\/\/www.ivinio.com\/wp-content\/uploads\/2026\/02\/Chateau-Grand-Ormeau-Elegance-IVINIO.jpg","type":"image\/jpeg"}],"twitter_card":"summary_large_image","twitter_misc":{"Est. reading time":"1 minute"},"schema":{"@context":"https:\/\/schema.org","@graph":[{"@type":"WebPage","@id":"https:\/\/www.ivinio.com\/en\/product\/chateau-grand-ormeau-elegance-lalande-de-pomerol-red\/","url":"https:\/\/www.ivinio.com\/en\/product\/chateau-grand-ormeau-elegance-lalande-de-pomerol-red\/","name":"Ch\u00e2teau Grand Ormeau - El\u00e9gance - Lalande de Pomerol - Red - IVINIO Wine Shop","isPartOf":{"@id":"https:\/\/www.ivinio.com\/en\/#website"},"primaryImageOfPage":{"@id":"https:\/\/www.ivinio.com\/en\/product\/chateau-grand-ormeau-elegance-lalande-de-pomerol-red\/#primaryimage"},"image":{"@id":"https:\/\/www.ivinio.com\/en\/product\/chateau-grand-ormeau-elegance-lalande-de-pomerol-red\/#primaryimage"},"thumbnailUrl":"https:\/\/www.ivinio.com\/wp-content\/uploads\/2026\/02\/Chateau-Grand-Ormeau-Elegance-IVINIO.jpg","datePublished":"2026-02-26T15:47:39+00:00","dateModified":"2026-03-07T18:23:16+00:00","description":"Ch\u00e2teau Grand Ormeau - El\u00e9gance - Lalande de Pomerol - Red wine. Complex aroma of plums, black cherries, tobacco and spices.","breadcrumb":{"@id":"https:\/\/www.ivinio.com\/en\/product\/chateau-grand-ormeau-elegance-lalande-de-pomerol-red\/#breadcrumb"},"inLanguage":"en-US","potentialAction":[{"@type":"ReadAction","target":["https:\/\/www.ivinio.com\/en\/product\/chateau-grand-ormeau-elegance-lalande-de-pomerol-red\/"]}]},{"@type":"ImageObject","inLanguage":"en-US","@id":"https:\/\/www.ivinio.com\/en\/product\/chateau-grand-ormeau-elegance-lalande-de-pomerol-red\/#primaryimage","url":"https:\/\/www.ivinio.com\/wp-content\/uploads\/2026\/02\/Chateau-Grand-Ormeau-Elegance-IVINIO.jpg","contentUrl":"https:\/\/www.ivinio.com\/wp-content\/uploads\/2026\/02\/Chateau-Grand-Ormeau-Elegance-IVINIO.jpg","width":500,"height":500},{"@type":"BreadcrumbList","@id":"https:\/\/www.ivinio.com\/en\/product\/chateau-grand-ormeau-elegance-lalande-de-pomerol-red\/#breadcrumb","itemListElement":[{"@type":"ListItem","position":1,"name":"Home","item":"https:\/\/www.ivinio.com\/en\/"},{"@type":"ListItem","position":2,"name":"Wine-shop","item":"https:\/\/www.ivinio.com\/en\/wine-shop\/"},{"@type":"ListItem","position":3,"name":"Ch\u00e2teau Grand Ormeau &#8211; El\u00e9gance &#8211; Lalande de Pomerol &#8211; Red"}]},{"@type":"WebSite","@id":"https:\/\/www.ivinio.com\/en\/#website","url":"https:\/\/www.ivinio.com\/en\/","name":"IVINIO Wine Shop","description":"French and Italian wines with delivery to your door","publisher":{"@id":"https:\/\/www.ivinio.com\/en\/#organization"},"potentialAction":[{"@type":"SearchAction","target":{"@type":"EntryPoint","urlTemplate":"https:\/\/www.ivinio.com\/en\/?s={search_term_string}"},"query-input":{"@type":"PropertyValueSpecification","valueRequired":true,"valueName":"search_term_string"}}],"inLanguage":"en-US"},{"@type":"Organization","@id":"https:\/\/www.ivinio.com\/en\/#organization","name":"IVINIO","url":"https:\/\/www.ivinio.com\/en\/","logo":{"@type":"ImageObject","inLanguage":"en-US","@id":"https:\/\/www.ivinio.com\/en\/#\/schema\/logo\/image\/","url":"https:\/\/www.ivinio.com\/wp-content\/uploads\/2021\/01\/Logo-Ivinio-v2.jpg","contentUrl":"https:\/\/www.ivinio.com\/wp-content\/uploads\/2021\/01\/Logo-Ivinio-v2.jpg","width":1194,"height":1194,"caption":"IVINIO"},"image":{"@id":"https:\/\/www.ivinio.com\/en\/#\/schema\/logo\/image\/"},"sameAs":["https:\/\/www.facebook.com\/groups\/165217837022391\/?ref=bookmarks","https:\/\/www.instagram.com\/_ivinio_\/?hl=fr"]}]}},"jetpack_sharing_enabled":true,"_links":{"self":[{"href":"https:\/\/www.ivinio.com\/en\/wp-json\/wp\/v2\/product\/139635","targetHints":{"allow":["GET"]}}],"collection":[{"href":"https:\/\/www.ivinio.com\/en\/wp-json\/wp\/v2\/product"}],"about":[{"href":"https:\/\/www.ivinio.com\/en\/wp-json\/wp\/v2\/types\/product"}],"replies":[{"embeddable":true,"href":"https:\/\/www.ivinio.com\/en\/wp-json\/wp\/v2\/comments?post=139635"}],"wp:featuredmedia":[{"embeddable":true,"href":"https:\/\/www.ivinio.com\/en\/wp-json\/wp\/v2\/media\/139634"}],"wp:attachment":[{"href":"https:\/\/www.ivinio.com\/en\/wp-json\/wp\/v2\/media?parent=139635"}],"wp:term":[{"taxonomy":"product_brand","embeddable":true,"href":"https:\/\/www.ivinio.com\/en\/wp-json\/wp\/v2\/product_brand?post=139635"},{"taxonomy":"product_cat","embeddable":true,"href":"https:\/\/www.ivinio.com\/en\/wp-json\/wp\/v2\/product_cat?post=139635"},{"taxonomy":"product_tag","embeddable":true,"href":"https:\/\/www.ivinio.com\/en\/wp-json\/wp\/v2\/product_tag?post=139635"}],"curies":[{"name":"wp","href":"https:\/\/api.w.org\/{rel}","templated":true}]}}