{"id":139333,"date":"2026-01-16T14:42:37","date_gmt":"2026-01-16T13:42:37","guid":{"rendered":"https:\/\/www.ivinio.com\/product\/mas-gabinele-pechaligous-faugeres-white\/"},"modified":"2026-01-17T17:41:12","modified_gmt":"2026-01-17T16:41:12","slug":"mas-gabinele-pechaligous-faugeres-white","status":"publish","type":"product","link":"https:\/\/www.ivinio.com\/en\/product\/mas-gabinele-pechaligous-faugeres-white\/","title":{"rendered":"Mas Gabin\u00e8le &#8211; P\u00e9chaligous \u2013 Faug\u00e8res &#8211; White"},"content":{"rendered":"<p>Mas Gabin\u00e8le \u2013 P\u00e9chaligous \u2013 Faug\u00e8res \u2013 White Wine is made from a unique blend of 12 grey- and pink-skinned grape varieties, grown on a terroir of blue and ochre schist soils. The grape varieties include Pinot Gris, Gewurztraminer, Sauvignon Gris, Muscat \u00e0 Petits Grains Rose, Piquepoul Gris, Savagnin Rose, Clairette Rose, Trousseau Gris, Grolleau Gris, Mauzac Rose, Riveyrenc Gris, and Grenache Gris. The harvest is done manually.<br \/>\nDirect pressing and temperature-controlled fermentation. 75% of the wine is vinified in stainless steel tanks, while the remaining portion is fermented in new oak barrels. The wine is aged on fine lees for six months.<\/p>\n<p data-start=\"1259\" data-end=\"1361\">\n","protected":false},"excerpt":{"rendered":"<p>A white wine from Faug\u00e8res produced with 12 different grape varieties.<\/p>\n","protected":false},"featured_media":139327,"comment_status":"open","ping_status":"closed","template":"","meta":{"_monsterinsights_skip_tracking":false,"_monsterinsights_sitenote_active":false,"_monsterinsights_sitenote_note":"","_monsterinsights_sitenote_category":0,"_uf_show_specific_survey":0,"_uf_disable_surveys":false},"product_brand":[],"product_cat":[36587,36626],"product_tag":[],"class_list":{"0":"post-139333","1":"product","2":"type-product","3":"status-publish","4":"has-post-thumbnail","6":"product_cat-french-wines","7":"product_cat-en-languedoc","8":"pa_alcohol-degree-14-en","9":"pa_classification-aop-faugeres-en","10":"pa_grape-variety-clairette-en","11":"pa_grape-variety-gewurtztraminer-en","12":"pa_grape-variety-grenache-gris","13":"pa_grape-variety-muscat-petits-grains-en","14":"pa_grape-variety-picpoul","15":"pa_grape-variety-pinot-gris","16":"pa_grape-variety-sauvignon-gris","17":"pa_region-languedoc-en","18":"pa_vintage-2021-en","19":"pa_volume-75-cl-en","21":"first","22":"instock","23":"sale","24":"taxable","25":"shipping-taxable","26":"purchasable","27":"product-type-simple"},"bundled_by":["139322"],"bundle_stock_status":"instock","bundle_stock_quantity":null,"bundle_virtual":false,"bundle_layout":"","bundle_add_to_cart_form_location":"","bundle_editable_in_cart":false,"bundle_sold_individually_context":"","bundle_item_grouping":"","bundle_min_size":"","bundle_max_size":"","bundle_price":[],"bundled_items":[],"bundle_sell_ids":[],"yoast_head":"<!-- This site is optimized with the Yoast SEO plugin v27.4 - https:\/\/yoast.com\/product\/yoast-seo-wordpress\/ -->\n<title>Mas Gabin\u00e8le - P\u00e9chaligous \u2013 Faug\u00e8res - White - IVINIO Wine Shop<\/title>\n<meta name=\"description\" content=\"Mas Gabin\u00e8le - P\u00e9chaligous - Faug\u00e8res - White wine is a characterful wine with notes of rose, grapefruit and fresh pineapple, which is produced with 12 different grape varieties.\" \/>\n<meta name=\"robots\" content=\"index, follow, max-snippet:-1, max-image-preview:large, max-video-preview:-1\" \/>\n<link rel=\"canonical\" href=\"https:\/\/www.ivinio.com\/en\/product\/mas-gabinele-pechaligous-faugeres-white\/\" \/>\n<meta property=\"og:locale\" content=\"en_US\" \/>\n<meta property=\"og:type\" content=\"article\" \/>\n<meta property=\"og:title\" content=\"Mas Gabin\u00e8le - P\u00e9chaligous \u2013 Faug\u00e8res - White - IVINIO Wine Shop\" \/>\n<meta property=\"og:description\" content=\"Mas Gabin\u00e8le - P\u00e9chaligous - Faug\u00e8res - White wine is a characterful wine with notes of rose, grapefruit and fresh pineapple, which is produced with 12 different grape varieties.\" \/>\n<meta property=\"og:url\" content=\"https:\/\/www.ivinio.com\/en\/product\/mas-gabinele-pechaligous-faugeres-white\/\" \/>\n<meta property=\"og:site_name\" content=\"IVINIO Wine Shop\" \/>\n<meta property=\"article:publisher\" content=\"https:\/\/www.facebook.com\/groups\/165217837022391\/?ref=bookmarks\" \/>\n<meta property=\"article:modified_time\" content=\"2026-01-17T16:41:12+00:00\" \/>\n<meta property=\"og:image\" content=\"https:\/\/www.ivinio.com\/wp-content\/uploads\/2026\/01\/Mas-Gabinele-Pechaligous-Faugeres-IVINIO.jpg\" \/>\n\t<meta property=\"og:image:width\" content=\"500\" \/>\n\t<meta property=\"og:image:height\" content=\"500\" \/>\n\t<meta property=\"og:image:type\" content=\"image\/jpeg\" \/>\n<meta name=\"twitter:card\" content=\"summary_large_image\" \/>\n<meta name=\"twitter:label1\" content=\"Est. reading time\" \/>\n\t<meta name=\"twitter:data1\" content=\"1 minute\" \/>\n<script type=\"application\/ld+json\" class=\"yoast-schema-graph\">{\"@context\":\"https:\\\/\\\/schema.org\",\"@graph\":[{\"@type\":\"WebPage\",\"@id\":\"https:\\\/\\\/www.ivinio.com\\\/en\\\/product\\\/mas-gabinele-pechaligous-faugeres-white\\\/\",\"url\":\"https:\\\/\\\/www.ivinio.com\\\/en\\\/product\\\/mas-gabinele-pechaligous-faugeres-white\\\/\",\"name\":\"Mas Gabin\u00e8le - P\u00e9chaligous \u2013 Faug\u00e8res - White - IVINIO Wine Shop\",\"isPartOf\":{\"@id\":\"https:\\\/\\\/www.ivinio.com\\\/en\\\/#website\"},\"primaryImageOfPage\":{\"@id\":\"https:\\\/\\\/www.ivinio.com\\\/en\\\/product\\\/mas-gabinele-pechaligous-faugeres-white\\\/#primaryimage\"},\"image\":{\"@id\":\"https:\\\/\\\/www.ivinio.com\\\/en\\\/product\\\/mas-gabinele-pechaligous-faugeres-white\\\/#primaryimage\"},\"thumbnailUrl\":\"https:\\\/\\\/www.ivinio.com\\\/wp-content\\\/uploads\\\/2026\\\/01\\\/Mas-Gabinele-Pechaligous-Faugeres-IVINIO.jpg\",\"datePublished\":\"2026-01-16T13:42:37+00:00\",\"dateModified\":\"2026-01-17T16:41:12+00:00\",\"description\":\"Mas Gabin\u00e8le - P\u00e9chaligous - Faug\u00e8res - White wine is a characterful wine with notes of rose, grapefruit and fresh pineapple, which is produced with 12 different grape varieties.\",\"breadcrumb\":{\"@id\":\"https:\\\/\\\/www.ivinio.com\\\/en\\\/product\\\/mas-gabinele-pechaligous-faugeres-white\\\/#breadcrumb\"},\"inLanguage\":\"en-US\",\"potentialAction\":[{\"@type\":\"ReadAction\",\"target\":[\"https:\\\/\\\/www.ivinio.com\\\/en\\\/product\\\/mas-gabinele-pechaligous-faugeres-white\\\/\"]}]},{\"@type\":\"ImageObject\",\"inLanguage\":\"en-US\",\"@id\":\"https:\\\/\\\/www.ivinio.com\\\/en\\\/product\\\/mas-gabinele-pechaligous-faugeres-white\\\/#primaryimage\",\"url\":\"https:\\\/\\\/www.ivinio.com\\\/wp-content\\\/uploads\\\/2026\\\/01\\\/Mas-Gabinele-Pechaligous-Faugeres-IVINIO.jpg\",\"contentUrl\":\"https:\\\/\\\/www.ivinio.com\\\/wp-content\\\/uploads\\\/2026\\\/01\\\/Mas-Gabinele-Pechaligous-Faugeres-IVINIO.jpg\",\"width\":500,\"height\":500},{\"@type\":\"BreadcrumbList\",\"@id\":\"https:\\\/\\\/www.ivinio.com\\\/en\\\/product\\\/mas-gabinele-pechaligous-faugeres-white\\\/#breadcrumb\",\"itemListElement\":[{\"@type\":\"ListItem\",\"position\":1,\"name\":\"Home\",\"item\":\"https:\\\/\\\/www.ivinio.com\\\/en\\\/\"},{\"@type\":\"ListItem\",\"position\":2,\"name\":\"Wine-shop\",\"item\":\"https:\\\/\\\/www.ivinio.com\\\/en\\\/wine-shop\\\/\"},{\"@type\":\"ListItem\",\"position\":3,\"name\":\"Mas Gabin\u00e8le &#8211; P\u00e9chaligous \u2013 Faug\u00e8res &#8211; White\"}]},{\"@type\":\"WebSite\",\"@id\":\"https:\\\/\\\/www.ivinio.com\\\/en\\\/#website\",\"url\":\"https:\\\/\\\/www.ivinio.com\\\/en\\\/\",\"name\":\"IVINIO Wine Shop\",\"description\":\"French and Italian wines with delivery to your door\",\"publisher\":{\"@id\":\"https:\\\/\\\/www.ivinio.com\\\/en\\\/#organization\"},\"potentialAction\":[{\"@type\":\"SearchAction\",\"target\":{\"@type\":\"EntryPoint\",\"urlTemplate\":\"https:\\\/\\\/www.ivinio.com\\\/en\\\/?s={search_term_string}\"},\"query-input\":{\"@type\":\"PropertyValueSpecification\",\"valueRequired\":true,\"valueName\":\"search_term_string\"}}],\"inLanguage\":\"en-US\"},{\"@type\":\"Organization\",\"@id\":\"https:\\\/\\\/www.ivinio.com\\\/en\\\/#organization\",\"name\":\"IVINIO\",\"url\":\"https:\\\/\\\/www.ivinio.com\\\/en\\\/\",\"logo\":{\"@type\":\"ImageObject\",\"inLanguage\":\"en-US\",\"@id\":\"https:\\\/\\\/www.ivinio.com\\\/en\\\/#\\\/schema\\\/logo\\\/image\\\/\",\"url\":\"https:\\\/\\\/www.ivinio.com\\\/wp-content\\\/uploads\\\/2021\\\/01\\\/Logo-Ivinio-v2.jpg\",\"contentUrl\":\"https:\\\/\\\/www.ivinio.com\\\/wp-content\\\/uploads\\\/2021\\\/01\\\/Logo-Ivinio-v2.jpg\",\"width\":1194,\"height\":1194,\"caption\":\"IVINIO\"},\"image\":{\"@id\":\"https:\\\/\\\/www.ivinio.com\\\/en\\\/#\\\/schema\\\/logo\\\/image\\\/\"},\"sameAs\":[\"https:\\\/\\\/www.facebook.com\\\/groups\\\/165217837022391\\\/?ref=bookmarks\",\"https:\\\/\\\/www.instagram.com\\\/_ivinio_\\\/?hl=fr\"]}]}<\/script>\n<!-- \/ Yoast SEO plugin. -->","yoast_head_json":{"title":"Mas Gabin\u00e8le - P\u00e9chaligous \u2013 Faug\u00e8res - White - IVINIO Wine Shop","description":"Mas Gabin\u00e8le - P\u00e9chaligous - Faug\u00e8res - White wine is a characterful wine with notes of rose, grapefruit and fresh pineapple, which is produced with 12 different grape varieties.","robots":{"index":"index","follow":"follow","max-snippet":"max-snippet:-1","max-image-preview":"max-image-preview:large","max-video-preview":"max-video-preview:-1"},"canonical":"https:\/\/www.ivinio.com\/en\/product\/mas-gabinele-pechaligous-faugeres-white\/","og_locale":"en_US","og_type":"article","og_title":"Mas Gabin\u00e8le - P\u00e9chaligous \u2013 Faug\u00e8res - White - IVINIO Wine Shop","og_description":"Mas Gabin\u00e8le - P\u00e9chaligous - Faug\u00e8res - White wine is a characterful wine with notes of rose, grapefruit and fresh pineapple, which is produced with 12 different grape varieties.","og_url":"https:\/\/www.ivinio.com\/en\/product\/mas-gabinele-pechaligous-faugeres-white\/","og_site_name":"IVINIO Wine Shop","article_publisher":"https:\/\/www.facebook.com\/groups\/165217837022391\/?ref=bookmarks","article_modified_time":"2026-01-17T16:41:12+00:00","og_image":[{"width":500,"height":500,"url":"https:\/\/www.ivinio.com\/wp-content\/uploads\/2026\/01\/Mas-Gabinele-Pechaligous-Faugeres-IVINIO.jpg","type":"image\/jpeg"}],"twitter_card":"summary_large_image","twitter_misc":{"Est. reading time":"1 minute"},"schema":{"@context":"https:\/\/schema.org","@graph":[{"@type":"WebPage","@id":"https:\/\/www.ivinio.com\/en\/product\/mas-gabinele-pechaligous-faugeres-white\/","url":"https:\/\/www.ivinio.com\/en\/product\/mas-gabinele-pechaligous-faugeres-white\/","name":"Mas Gabin\u00e8le - P\u00e9chaligous \u2013 Faug\u00e8res - White - IVINIO Wine Shop","isPartOf":{"@id":"https:\/\/www.ivinio.com\/en\/#website"},"primaryImageOfPage":{"@id":"https:\/\/www.ivinio.com\/en\/product\/mas-gabinele-pechaligous-faugeres-white\/#primaryimage"},"image":{"@id":"https:\/\/www.ivinio.com\/en\/product\/mas-gabinele-pechaligous-faugeres-white\/#primaryimage"},"thumbnailUrl":"https:\/\/www.ivinio.com\/wp-content\/uploads\/2026\/01\/Mas-Gabinele-Pechaligous-Faugeres-IVINIO.jpg","datePublished":"2026-01-16T13:42:37+00:00","dateModified":"2026-01-17T16:41:12+00:00","description":"Mas Gabin\u00e8le - P\u00e9chaligous - Faug\u00e8res - White wine is a characterful wine with notes of rose, grapefruit and fresh pineapple, which is produced with 12 different grape varieties.","breadcrumb":{"@id":"https:\/\/www.ivinio.com\/en\/product\/mas-gabinele-pechaligous-faugeres-white\/#breadcrumb"},"inLanguage":"en-US","potentialAction":[{"@type":"ReadAction","target":["https:\/\/www.ivinio.com\/en\/product\/mas-gabinele-pechaligous-faugeres-white\/"]}]},{"@type":"ImageObject","inLanguage":"en-US","@id":"https:\/\/www.ivinio.com\/en\/product\/mas-gabinele-pechaligous-faugeres-white\/#primaryimage","url":"https:\/\/www.ivinio.com\/wp-content\/uploads\/2026\/01\/Mas-Gabinele-Pechaligous-Faugeres-IVINIO.jpg","contentUrl":"https:\/\/www.ivinio.com\/wp-content\/uploads\/2026\/01\/Mas-Gabinele-Pechaligous-Faugeres-IVINIO.jpg","width":500,"height":500},{"@type":"BreadcrumbList","@id":"https:\/\/www.ivinio.com\/en\/product\/mas-gabinele-pechaligous-faugeres-white\/#breadcrumb","itemListElement":[{"@type":"ListItem","position":1,"name":"Home","item":"https:\/\/www.ivinio.com\/en\/"},{"@type":"ListItem","position":2,"name":"Wine-shop","item":"https:\/\/www.ivinio.com\/en\/wine-shop\/"},{"@type":"ListItem","position":3,"name":"Mas Gabin\u00e8le &#8211; P\u00e9chaligous \u2013 Faug\u00e8res &#8211; White"}]},{"@type":"WebSite","@id":"https:\/\/www.ivinio.com\/en\/#website","url":"https:\/\/www.ivinio.com\/en\/","name":"IVINIO Wine Shop","description":"French and Italian wines with delivery to your door","publisher":{"@id":"https:\/\/www.ivinio.com\/en\/#organization"},"potentialAction":[{"@type":"SearchAction","target":{"@type":"EntryPoint","urlTemplate":"https:\/\/www.ivinio.com\/en\/?s={search_term_string}"},"query-input":{"@type":"PropertyValueSpecification","valueRequired":true,"valueName":"search_term_string"}}],"inLanguage":"en-US"},{"@type":"Organization","@id":"https:\/\/www.ivinio.com\/en\/#organization","name":"IVINIO","url":"https:\/\/www.ivinio.com\/en\/","logo":{"@type":"ImageObject","inLanguage":"en-US","@id":"https:\/\/www.ivinio.com\/en\/#\/schema\/logo\/image\/","url":"https:\/\/www.ivinio.com\/wp-content\/uploads\/2021\/01\/Logo-Ivinio-v2.jpg","contentUrl":"https:\/\/www.ivinio.com\/wp-content\/uploads\/2021\/01\/Logo-Ivinio-v2.jpg","width":1194,"height":1194,"caption":"IVINIO"},"image":{"@id":"https:\/\/www.ivinio.com\/en\/#\/schema\/logo\/image\/"},"sameAs":["https:\/\/www.facebook.com\/groups\/165217837022391\/?ref=bookmarks","https:\/\/www.instagram.com\/_ivinio_\/?hl=fr"]}]}},"jetpack_sharing_enabled":true,"_links":{"self":[{"href":"https:\/\/www.ivinio.com\/en\/wp-json\/wp\/v2\/product\/139333","targetHints":{"allow":["GET"]}}],"collection":[{"href":"https:\/\/www.ivinio.com\/en\/wp-json\/wp\/v2\/product"}],"about":[{"href":"https:\/\/www.ivinio.com\/en\/wp-json\/wp\/v2\/types\/product"}],"replies":[{"embeddable":true,"href":"https:\/\/www.ivinio.com\/en\/wp-json\/wp\/v2\/comments?post=139333"}],"wp:featuredmedia":[{"embeddable":true,"href":"https:\/\/www.ivinio.com\/en\/wp-json\/wp\/v2\/media\/139327"}],"wp:attachment":[{"href":"https:\/\/www.ivinio.com\/en\/wp-json\/wp\/v2\/media?parent=139333"}],"wp:term":[{"taxonomy":"product_brand","embeddable":true,"href":"https:\/\/www.ivinio.com\/en\/wp-json\/wp\/v2\/product_brand?post=139333"},{"taxonomy":"product_cat","embeddable":true,"href":"https:\/\/www.ivinio.com\/en\/wp-json\/wp\/v2\/product_cat?post=139333"},{"taxonomy":"product_tag","embeddable":true,"href":"https:\/\/www.ivinio.com\/en\/wp-json\/wp\/v2\/product_tag?post=139333"}],"curies":[{"name":"wp","href":"https:\/\/api.w.org\/{rel}","templated":true}]}}