{"id":139326,"date":"2026-01-16T14:07:11","date_gmt":"2026-01-16T13:07:11","guid":{"rendered":"https:\/\/www.ivinio.com\/product\/mas-gabinele-grenache-gris-vieilles-vignes-white\/"},"modified":"2026-01-17T16:44:37","modified_gmt":"2026-01-17T15:44:37","slug":"mas-gabinele-grenache-gris-vieilles-vignes-white","status":"publish","type":"product","link":"https:\/\/www.ivinio.com\/en\/product\/mas-gabinele-grenache-gris-vieilles-vignes-white\/","title":{"rendered":"Mas Gabin\u00e8le &#8211; Grenache Gris &#8211; Vieilles vignes &#8211; White"},"content":{"rendered":"<p>Mas Gabin\u00e8le \u2013 Grenache Gris \u2013 Vieilles Vignes \u2013 White Wine is made from 100% Grenache Gris sourced from vines over 50 years old. The vineyards are ideally located at an altitude of 180 metres, naturally producing low yields. The soils are dominated by sandstone-rich schist from Laurens\u2013Cabri\u00e8res, closely related to the schist formations of the Faug\u00e8res hills. These soils have a fragile structure and tend toward low pH levels\u2014sometimes challenging, but when combined with adapted vineyard practices, they provide excellent balance to the vines.The harvest is done manually. The grapes are hand-harvested, followed by direct pressing and temperature-controlled fermentation. 80% of the wine is vinified in stainless steel tanks, while 20% is aged in oak barrels. A total of 5,100 bottles of this cuv\u00e9e were produced.<\/p>\n<p data-start=\"1259\" data-end=\"1361\">\n","protected":false},"excerpt":{"rendered":"<p>A partially aged white wine made from Grenache gris vieilles vignes.<\/p>\n","protected":false},"featured_media":139325,"comment_status":"open","ping_status":"closed","template":"","meta":{"_monsterinsights_skip_tracking":false,"_monsterinsights_sitenote_active":false,"_monsterinsights_sitenote_note":"","_monsterinsights_sitenote_category":0,"_uf_show_specific_survey":0,"_uf_disable_surveys":false},"product_brand":[],"product_cat":[36587,36626],"product_tag":[],"class_list":{"0":"post-139326","1":"product","2":"type-product","3":"status-publish","4":"has-post-thumbnail","6":"product_cat-french-wines","7":"product_cat-en-languedoc","8":"pa_alcohol-degree-15-en","9":"pa_classification-igp-pays-dherault-en","10":"pa_grape-variety-clairette-en","11":"pa_grape-variety-gewurtztraminer-en","12":"pa_grape-variety-grenache-gris","13":"pa_grape-variety-muscat-petits-grains-en","14":"pa_grape-variety-picpoul","15":"pa_grape-variety-pinot-gris","16":"pa_grape-variety-sauvignon-gris","17":"pa_region-languedoc-en","18":"pa_vintage-2021-en","19":"pa_volume-75-cl-en","21":"first","22":"instock","23":"sale","24":"taxable","25":"shipping-taxable","26":"purchasable","27":"product-type-simple"},"bundled_by":["139322"],"bundle_stock_status":"instock","bundle_stock_quantity":null,"bundle_virtual":false,"bundle_layout":"","bundle_add_to_cart_form_location":"","bundle_editable_in_cart":false,"bundle_sold_individually_context":"","bundle_item_grouping":"","bundle_min_size":"","bundle_max_size":"","bundle_price":[],"bundled_items":[],"bundle_sell_ids":[],"yoast_head":"<!-- This site is optimized with the Yoast SEO plugin v27.4 - https:\/\/yoast.com\/product\/yoast-seo-wordpress\/ -->\n<title>Mas Gabin\u00e8le - Grenache Gris - Vieilles vignes - White - IVINIO Wine Shop<\/title>\n<meta name=\"description\" content=\"Mas Gabin\u00e8le - Grenache Gris - Vieilles vignes - White wine with notes of pear, yuzu, c\u00e9drat and flowering verbena. The taste is dense and full-bodied.\" \/>\n<meta name=\"robots\" content=\"index, follow, max-snippet:-1, max-image-preview:large, max-video-preview:-1\" \/>\n<link rel=\"canonical\" href=\"https:\/\/www.ivinio.com\/en\/product\/mas-gabinele-grenache-gris-vieilles-vignes-white\/\" \/>\n<meta property=\"og:locale\" content=\"en_US\" \/>\n<meta property=\"og:type\" content=\"article\" \/>\n<meta property=\"og:title\" content=\"Mas Gabin\u00e8le - Grenache Gris - Vieilles vignes - White - IVINIO Wine Shop\" \/>\n<meta property=\"og:description\" content=\"Mas Gabin\u00e8le - Grenache Gris - Vieilles vignes - White wine with notes of pear, yuzu, c\u00e9drat and flowering verbena. The taste is dense and full-bodied.\" \/>\n<meta property=\"og:url\" content=\"https:\/\/www.ivinio.com\/en\/product\/mas-gabinele-grenache-gris-vieilles-vignes-white\/\" \/>\n<meta property=\"og:site_name\" content=\"IVINIO Wine Shop\" \/>\n<meta property=\"article:publisher\" content=\"https:\/\/www.facebook.com\/groups\/165217837022391\/?ref=bookmarks\" \/>\n<meta property=\"article:modified_time\" content=\"2026-01-17T15:44:37+00:00\" \/>\n<meta property=\"og:image\" content=\"https:\/\/www.ivinio.com\/wp-content\/uploads\/2026\/01\/Mas-Gabinele-Grenache-gris-IVINIO.jpg\" \/>\n\t<meta property=\"og:image:width\" content=\"500\" \/>\n\t<meta property=\"og:image:height\" content=\"500\" \/>\n\t<meta property=\"og:image:type\" content=\"image\/jpeg\" \/>\n<meta name=\"twitter:card\" content=\"summary_large_image\" \/>\n<meta name=\"twitter:label1\" content=\"Est. reading time\" \/>\n\t<meta name=\"twitter:data1\" content=\"1 minute\" \/>\n<script type=\"application\/ld+json\" class=\"yoast-schema-graph\">{\"@context\":\"https:\\\/\\\/schema.org\",\"@graph\":[{\"@type\":\"WebPage\",\"@id\":\"https:\\\/\\\/www.ivinio.com\\\/en\\\/product\\\/mas-gabinele-grenache-gris-vieilles-vignes-white\\\/\",\"url\":\"https:\\\/\\\/www.ivinio.com\\\/en\\\/product\\\/mas-gabinele-grenache-gris-vieilles-vignes-white\\\/\",\"name\":\"Mas Gabin\u00e8le - Grenache Gris - Vieilles vignes - White - IVINIO Wine Shop\",\"isPartOf\":{\"@id\":\"https:\\\/\\\/www.ivinio.com\\\/en\\\/#website\"},\"primaryImageOfPage\":{\"@id\":\"https:\\\/\\\/www.ivinio.com\\\/en\\\/product\\\/mas-gabinele-grenache-gris-vieilles-vignes-white\\\/#primaryimage\"},\"image\":{\"@id\":\"https:\\\/\\\/www.ivinio.com\\\/en\\\/product\\\/mas-gabinele-grenache-gris-vieilles-vignes-white\\\/#primaryimage\"},\"thumbnailUrl\":\"https:\\\/\\\/www.ivinio.com\\\/wp-content\\\/uploads\\\/2026\\\/01\\\/Mas-Gabinele-Grenache-gris-IVINIO.jpg\",\"datePublished\":\"2026-01-16T13:07:11+00:00\",\"dateModified\":\"2026-01-17T15:44:37+00:00\",\"description\":\"Mas Gabin\u00e8le - Grenache Gris - Vieilles vignes - White wine with notes of pear, yuzu, c\u00e9drat and flowering verbena. The taste is dense and full-bodied.\",\"breadcrumb\":{\"@id\":\"https:\\\/\\\/www.ivinio.com\\\/en\\\/product\\\/mas-gabinele-grenache-gris-vieilles-vignes-white\\\/#breadcrumb\"},\"inLanguage\":\"en-US\",\"potentialAction\":[{\"@type\":\"ReadAction\",\"target\":[\"https:\\\/\\\/www.ivinio.com\\\/en\\\/product\\\/mas-gabinele-grenache-gris-vieilles-vignes-white\\\/\"]}]},{\"@type\":\"ImageObject\",\"inLanguage\":\"en-US\",\"@id\":\"https:\\\/\\\/www.ivinio.com\\\/en\\\/product\\\/mas-gabinele-grenache-gris-vieilles-vignes-white\\\/#primaryimage\",\"url\":\"https:\\\/\\\/www.ivinio.com\\\/wp-content\\\/uploads\\\/2026\\\/01\\\/Mas-Gabinele-Grenache-gris-IVINIO.jpg\",\"contentUrl\":\"https:\\\/\\\/www.ivinio.com\\\/wp-content\\\/uploads\\\/2026\\\/01\\\/Mas-Gabinele-Grenache-gris-IVINIO.jpg\",\"width\":500,\"height\":500},{\"@type\":\"BreadcrumbList\",\"@id\":\"https:\\\/\\\/www.ivinio.com\\\/en\\\/product\\\/mas-gabinele-grenache-gris-vieilles-vignes-white\\\/#breadcrumb\",\"itemListElement\":[{\"@type\":\"ListItem\",\"position\":1,\"name\":\"Home\",\"item\":\"https:\\\/\\\/www.ivinio.com\\\/en\\\/\"},{\"@type\":\"ListItem\",\"position\":2,\"name\":\"Wine-shop\",\"item\":\"https:\\\/\\\/www.ivinio.com\\\/en\\\/wine-shop\\\/\"},{\"@type\":\"ListItem\",\"position\":3,\"name\":\"Mas Gabin\u00e8le &#8211; Grenache Gris &#8211; Vieilles vignes &#8211; White\"}]},{\"@type\":\"WebSite\",\"@id\":\"https:\\\/\\\/www.ivinio.com\\\/en\\\/#website\",\"url\":\"https:\\\/\\\/www.ivinio.com\\\/en\\\/\",\"name\":\"IVINIO Wine Shop\",\"description\":\"French and Italian wines with delivery to your door\",\"publisher\":{\"@id\":\"https:\\\/\\\/www.ivinio.com\\\/en\\\/#organization\"},\"potentialAction\":[{\"@type\":\"SearchAction\",\"target\":{\"@type\":\"EntryPoint\",\"urlTemplate\":\"https:\\\/\\\/www.ivinio.com\\\/en\\\/?s={search_term_string}\"},\"query-input\":{\"@type\":\"PropertyValueSpecification\",\"valueRequired\":true,\"valueName\":\"search_term_string\"}}],\"inLanguage\":\"en-US\"},{\"@type\":\"Organization\",\"@id\":\"https:\\\/\\\/www.ivinio.com\\\/en\\\/#organization\",\"name\":\"IVINIO\",\"url\":\"https:\\\/\\\/www.ivinio.com\\\/en\\\/\",\"logo\":{\"@type\":\"ImageObject\",\"inLanguage\":\"en-US\",\"@id\":\"https:\\\/\\\/www.ivinio.com\\\/en\\\/#\\\/schema\\\/logo\\\/image\\\/\",\"url\":\"https:\\\/\\\/www.ivinio.com\\\/wp-content\\\/uploads\\\/2021\\\/01\\\/Logo-Ivinio-v2.jpg\",\"contentUrl\":\"https:\\\/\\\/www.ivinio.com\\\/wp-content\\\/uploads\\\/2021\\\/01\\\/Logo-Ivinio-v2.jpg\",\"width\":1194,\"height\":1194,\"caption\":\"IVINIO\"},\"image\":{\"@id\":\"https:\\\/\\\/www.ivinio.com\\\/en\\\/#\\\/schema\\\/logo\\\/image\\\/\"},\"sameAs\":[\"https:\\\/\\\/www.facebook.com\\\/groups\\\/165217837022391\\\/?ref=bookmarks\",\"https:\\\/\\\/www.instagram.com\\\/_ivinio_\\\/?hl=fr\"]}]}<\/script>\n<!-- \/ Yoast SEO plugin. -->","yoast_head_json":{"title":"Mas Gabin\u00e8le - Grenache Gris - Vieilles vignes - White - IVINIO Wine Shop","description":"Mas Gabin\u00e8le - Grenache Gris - Vieilles vignes - White wine with notes of pear, yuzu, c\u00e9drat and flowering verbena. The taste is dense and full-bodied.","robots":{"index":"index","follow":"follow","max-snippet":"max-snippet:-1","max-image-preview":"max-image-preview:large","max-video-preview":"max-video-preview:-1"},"canonical":"https:\/\/www.ivinio.com\/en\/product\/mas-gabinele-grenache-gris-vieilles-vignes-white\/","og_locale":"en_US","og_type":"article","og_title":"Mas Gabin\u00e8le - Grenache Gris - Vieilles vignes - White - IVINIO Wine Shop","og_description":"Mas Gabin\u00e8le - Grenache Gris - Vieilles vignes - White wine with notes of pear, yuzu, c\u00e9drat and flowering verbena. The taste is dense and full-bodied.","og_url":"https:\/\/www.ivinio.com\/en\/product\/mas-gabinele-grenache-gris-vieilles-vignes-white\/","og_site_name":"IVINIO Wine Shop","article_publisher":"https:\/\/www.facebook.com\/groups\/165217837022391\/?ref=bookmarks","article_modified_time":"2026-01-17T15:44:37+00:00","og_image":[{"width":500,"height":500,"url":"https:\/\/www.ivinio.com\/wp-content\/uploads\/2026\/01\/Mas-Gabinele-Grenache-gris-IVINIO.jpg","type":"image\/jpeg"}],"twitter_card":"summary_large_image","twitter_misc":{"Est. reading time":"1 minute"},"schema":{"@context":"https:\/\/schema.org","@graph":[{"@type":"WebPage","@id":"https:\/\/www.ivinio.com\/en\/product\/mas-gabinele-grenache-gris-vieilles-vignes-white\/","url":"https:\/\/www.ivinio.com\/en\/product\/mas-gabinele-grenache-gris-vieilles-vignes-white\/","name":"Mas Gabin\u00e8le - Grenache Gris - Vieilles vignes - White - IVINIO Wine Shop","isPartOf":{"@id":"https:\/\/www.ivinio.com\/en\/#website"},"primaryImageOfPage":{"@id":"https:\/\/www.ivinio.com\/en\/product\/mas-gabinele-grenache-gris-vieilles-vignes-white\/#primaryimage"},"image":{"@id":"https:\/\/www.ivinio.com\/en\/product\/mas-gabinele-grenache-gris-vieilles-vignes-white\/#primaryimage"},"thumbnailUrl":"https:\/\/www.ivinio.com\/wp-content\/uploads\/2026\/01\/Mas-Gabinele-Grenache-gris-IVINIO.jpg","datePublished":"2026-01-16T13:07:11+00:00","dateModified":"2026-01-17T15:44:37+00:00","description":"Mas Gabin\u00e8le - Grenache Gris - Vieilles vignes - White wine with notes of pear, yuzu, c\u00e9drat and flowering verbena. The taste is dense and full-bodied.","breadcrumb":{"@id":"https:\/\/www.ivinio.com\/en\/product\/mas-gabinele-grenache-gris-vieilles-vignes-white\/#breadcrumb"},"inLanguage":"en-US","potentialAction":[{"@type":"ReadAction","target":["https:\/\/www.ivinio.com\/en\/product\/mas-gabinele-grenache-gris-vieilles-vignes-white\/"]}]},{"@type":"ImageObject","inLanguage":"en-US","@id":"https:\/\/www.ivinio.com\/en\/product\/mas-gabinele-grenache-gris-vieilles-vignes-white\/#primaryimage","url":"https:\/\/www.ivinio.com\/wp-content\/uploads\/2026\/01\/Mas-Gabinele-Grenache-gris-IVINIO.jpg","contentUrl":"https:\/\/www.ivinio.com\/wp-content\/uploads\/2026\/01\/Mas-Gabinele-Grenache-gris-IVINIO.jpg","width":500,"height":500},{"@type":"BreadcrumbList","@id":"https:\/\/www.ivinio.com\/en\/product\/mas-gabinele-grenache-gris-vieilles-vignes-white\/#breadcrumb","itemListElement":[{"@type":"ListItem","position":1,"name":"Home","item":"https:\/\/www.ivinio.com\/en\/"},{"@type":"ListItem","position":2,"name":"Wine-shop","item":"https:\/\/www.ivinio.com\/en\/wine-shop\/"},{"@type":"ListItem","position":3,"name":"Mas Gabin\u00e8le &#8211; Grenache Gris &#8211; Vieilles vignes &#8211; White"}]},{"@type":"WebSite","@id":"https:\/\/www.ivinio.com\/en\/#website","url":"https:\/\/www.ivinio.com\/en\/","name":"IVINIO Wine Shop","description":"French and Italian wines with delivery to your door","publisher":{"@id":"https:\/\/www.ivinio.com\/en\/#organization"},"potentialAction":[{"@type":"SearchAction","target":{"@type":"EntryPoint","urlTemplate":"https:\/\/www.ivinio.com\/en\/?s={search_term_string}"},"query-input":{"@type":"PropertyValueSpecification","valueRequired":true,"valueName":"search_term_string"}}],"inLanguage":"en-US"},{"@type":"Organization","@id":"https:\/\/www.ivinio.com\/en\/#organization","name":"IVINIO","url":"https:\/\/www.ivinio.com\/en\/","logo":{"@type":"ImageObject","inLanguage":"en-US","@id":"https:\/\/www.ivinio.com\/en\/#\/schema\/logo\/image\/","url":"https:\/\/www.ivinio.com\/wp-content\/uploads\/2021\/01\/Logo-Ivinio-v2.jpg","contentUrl":"https:\/\/www.ivinio.com\/wp-content\/uploads\/2021\/01\/Logo-Ivinio-v2.jpg","width":1194,"height":1194,"caption":"IVINIO"},"image":{"@id":"https:\/\/www.ivinio.com\/en\/#\/schema\/logo\/image\/"},"sameAs":["https:\/\/www.facebook.com\/groups\/165217837022391\/?ref=bookmarks","https:\/\/www.instagram.com\/_ivinio_\/?hl=fr"]}]}},"jetpack_sharing_enabled":true,"_links":{"self":[{"href":"https:\/\/www.ivinio.com\/en\/wp-json\/wp\/v2\/product\/139326","targetHints":{"allow":["GET"]}}],"collection":[{"href":"https:\/\/www.ivinio.com\/en\/wp-json\/wp\/v2\/product"}],"about":[{"href":"https:\/\/www.ivinio.com\/en\/wp-json\/wp\/v2\/types\/product"}],"replies":[{"embeddable":true,"href":"https:\/\/www.ivinio.com\/en\/wp-json\/wp\/v2\/comments?post=139326"}],"wp:featuredmedia":[{"embeddable":true,"href":"https:\/\/www.ivinio.com\/en\/wp-json\/wp\/v2\/media\/139325"}],"wp:attachment":[{"href":"https:\/\/www.ivinio.com\/en\/wp-json\/wp\/v2\/media?parent=139326"}],"wp:term":[{"taxonomy":"product_brand","embeddable":true,"href":"https:\/\/www.ivinio.com\/en\/wp-json\/wp\/v2\/product_brand?post=139326"},{"taxonomy":"product_cat","embeddable":true,"href":"https:\/\/www.ivinio.com\/en\/wp-json\/wp\/v2\/product_cat?post=139326"},{"taxonomy":"product_tag","embeddable":true,"href":"https:\/\/www.ivinio.com\/en\/wp-json\/wp\/v2\/product_tag?post=139326"}],"curies":[{"name":"wp","href":"https:\/\/api.w.org\/{rel}","templated":true}]}}