{"id":139322,"date":"2026-01-16T16:58:57","date_gmt":"2026-01-16T15:58:57","guid":{"rendered":"https:\/\/www.ivinio.com\/product\/mas-gabinele-mixed-discovery-case-3x2-bottles\/"},"modified":"2026-01-17T16:16:27","modified_gmt":"2026-01-17T15:16:27","slug":"mas-gabinele-mixed-discovery-case-3x2-bottles","status":"publish","type":"product","link":"https:\/\/www.ivinio.com\/en\/product\/mas-gabinele-mixed-discovery-case-3x2-bottles\/","title":{"rendered":"Mas Gabin\u00e8le &#8211; Mixed discovery case &#8211; 3&#215;2 bottles"},"content":{"rendered":"<h4 data-start=\"134\" data-end=\"194\">Mixed wine case from Mas Gabin\u00e8le \u2013 6 bottles from Faug\u00e8res<\/h4>\n<p data-start=\"196\" data-end=\"386\">Here you have the opportunity to discover different wines from the Faug\u00e8res district in Languedoc, a wine region known for its distinctive schist soils. You will receive three different wines from Mas Gabin\u00e8le, with <strong data-start=\"252\" data-end=\"278\">two bottles of each<\/strong> \u2013 two white wines in different styles and one classic red wine. <\/p>\n<ol>\n<li data-start=\"196\" data-end=\"386\"><strong data-start=\"388\" data-end=\"405\">Grenache Gris<\/strong> is a full-bodied yet fresh white wine with fine structure and good balance.<\/li>\n<li data-start=\"196\" data-end=\"386\"><strong data-start=\"476\" data-end=\"491\">P\u00e9chaligous<\/strong> is a personal and slightly unconventional wine made from as many as 12 grape varieties, aromatic and intriguing.<\/li>\n<li data-start=\"196\" data-end=\"386\"><strong data-start=\"591\" data-end=\"619\">Faug\u00e8res Tradition Rouge<\/strong> is a smooth and spicy red wine that pairs well with a wide range of dishes.<\/li>\n<\/ol>\n<p data-start=\"692\" data-end=\"816\">A perfect selection for those who want to explore different expressions of the same producer \u2013 ideal for dinners or for hosting your own wine tasting.<\/p>\n","protected":false},"excerpt":{"rendered":"<p>Mixed wine case from Mas Gabin\u00e8le featuring three wines in different styles from Faug\u00e8res.<\/p>\n","protected":false},"featured_media":139320,"comment_status":"open","ping_status":"closed","template":"","meta":{"_monsterinsights_skip_tracking":false,"_monsterinsights_sitenote_active":false,"_monsterinsights_sitenote_note":"","_monsterinsights_sitenote_category":0,"_uf_show_specific_survey":0,"_uf_disable_surveys":false},"product_brand":[],"product_cat":[36644],"product_tag":[],"class_list":{"0":"post-139322","1":"product","2":"type-product","3":"status-publish","4":"has-post-thumbnail","6":"product_cat-mixed-wine-cases","8":"first","9":"instock","10":"sale","11":"virtual","12":"taxable","13":"purchasable","14":"product-type-bundle"},"bundled_by":[],"bundle_stock_status":"instock","bundle_stock_quantity":"","bundle_virtual":false,"bundle_layout":"grid","bundle_add_to_cart_form_location":"after_summary","bundle_editable_in_cart":false,"bundle_sold_individually_context":"product","bundle_item_grouping":"noindent","bundle_min_size":"","bundle_max_size":"","bundle_price":{"price":{"min":{"incl_tax":"66.3","excl_tax":"66.25"},"max":{"incl_tax":"66.3","excl_tax":"66.25"}},"regular_price":{"min":{"incl_tax":"85.7","excl_tax":"85.666667"},"max":{"incl_tax":"85.7","excl_tax":"85.666667"}}},"bundled_items":[{"bundled_item_id":9238,"product_id":139326,"menu_order":0,"quantity_min":2,"quantity_max":2,"quantity_default":2,"priced_individually":false,"shipped_individually":false,"override_title":false,"title":"Mas Gabin\u00e8le &#8211; Grenache Gris &#8211; Vieilles vignes &#8211; White","override_description":false,"description":"Mas Gabin\u00e8le &#8211; Grenache Gris &#8211; Vieilles vignes &#8211; White","optional":false,"hide_thumbnail":false,"discount":"","override_variations":false,"allowed_variations":[""],"override_default_variation_attributes":false,"default_variation_attributes":[],"single_product_visibility":"visible","cart_visibility":"visible","order_visibility":"visible","single_product_price_visibility":"visible","cart_price_visibility":"visible","order_price_visibility":"visible","stock_status":"in_stock"},{"bundled_item_id":9239,"product_id":139333,"menu_order":1,"quantity_min":2,"quantity_max":2,"quantity_default":2,"priced_individually":false,"shipped_individually":false,"override_title":false,"title":"Mas Gabin\u00e8le &#8211; P\u00e9chaligous \u2013 Faug\u00e8res &#8211; White","override_description":false,"description":"Mas Gabin\u00e8le &#8211; P\u00e9chaligous \u2013 Faug\u00e8res &#8211; White","optional":false,"hide_thumbnail":false,"discount":"","override_variations":false,"allowed_variations":[""],"override_default_variation_attributes":false,"default_variation_attributes":[],"single_product_visibility":"visible","cart_visibility":"visible","order_visibility":"visible","single_product_price_visibility":"visible","cart_price_visibility":"visible","order_price_visibility":"visible","stock_status":"in_stock"},{"bundled_item_id":9240,"product_id":139336,"menu_order":2,"quantity_min":2,"quantity_max":2,"quantity_default":2,"priced_individually":false,"shipped_individually":false,"override_title":false,"title":"Mas Gabin\u00e8le &#8211; Faug\u00e8res &#8211; Red","override_description":false,"description":"Mas Gabin\u00e8le &#8211; Faug\u00e8res &#8211; Red","optional":false,"hide_thumbnail":false,"discount":"","override_variations":false,"allowed_variations":[""],"override_default_variation_attributes":false,"default_variation_attributes":[],"single_product_visibility":"visible","cart_visibility":"visible","order_visibility":"visible","single_product_price_visibility":"visible","cart_price_visibility":"visible","order_price_visibility":"visible","stock_status":"in_stock"}],"bundle_sell_ids":[],"yoast_head":"<!-- This site is optimized with the Yoast SEO plugin v27.4 - https:\/\/yoast.com\/product\/yoast-seo-wordpress\/ -->\n<title>Mas Gabin\u00e8le - Mixed discovery case - 3x2 bottles - IVINIO Wine Shop<\/title>\n<meta name=\"description\" content=\"Mas Gabin\u00e8le - Mixed wine case with 3 different wines from Mas Gabin\u00e8le, with 2 bottles of each \u2013 2 white wines in different styles and 1 classic red wine.\" \/>\n<meta name=\"robots\" content=\"index, follow, max-snippet:-1, max-image-preview:large, max-video-preview:-1\" \/>\n<link rel=\"canonical\" href=\"https:\/\/www.ivinio.com\/en\/product\/mas-gabinele-mixed-discovery-case-3x2-bottles\/\" \/>\n<meta property=\"og:locale\" content=\"en_US\" \/>\n<meta property=\"og:type\" content=\"article\" \/>\n<meta property=\"og:title\" content=\"Mas Gabin\u00e8le - Mixed discovery case - 3x2 bottles - IVINIO Wine Shop\" \/>\n<meta property=\"og:description\" content=\"Mas Gabin\u00e8le - Mixed wine case with 3 different wines from Mas Gabin\u00e8le, with 2 bottles of each \u2013 2 white wines in different styles and 1 classic red wine.\" \/>\n<meta property=\"og:url\" content=\"https:\/\/www.ivinio.com\/en\/product\/mas-gabinele-mixed-discovery-case-3x2-bottles\/\" \/>\n<meta property=\"og:site_name\" content=\"IVINIO Wine Shop\" \/>\n<meta property=\"article:publisher\" content=\"https:\/\/www.facebook.com\/groups\/165217837022391\/?ref=bookmarks\" \/>\n<meta property=\"article:modified_time\" content=\"2026-01-17T15:16:27+00:00\" \/>\n<meta property=\"og:image\" content=\"https:\/\/www.ivinio.com\/wp-content\/uploads\/2026\/01\/Mas-gabinele-mix-IVINIO.jpg\" \/>\n\t<meta property=\"og:image:width\" content=\"500\" \/>\n\t<meta property=\"og:image:height\" content=\"500\" \/>\n\t<meta property=\"og:image:type\" content=\"image\/jpeg\" \/>\n<meta name=\"twitter:card\" content=\"summary_large_image\" \/>\n<meta name=\"twitter:label1\" content=\"Est. reading time\" \/>\n\t<meta name=\"twitter:data1\" content=\"1 minute\" \/>\n<script type=\"application\/ld+json\" class=\"yoast-schema-graph\">{\"@context\":\"https:\\\/\\\/schema.org\",\"@graph\":[{\"@type\":\"WebPage\",\"@id\":\"https:\\\/\\\/www.ivinio.com\\\/en\\\/product\\\/mas-gabinele-mixed-discovery-case-3x2-bottles\\\/\",\"url\":\"https:\\\/\\\/www.ivinio.com\\\/en\\\/product\\\/mas-gabinele-mixed-discovery-case-3x2-bottles\\\/\",\"name\":\"Mas Gabin\u00e8le - Mixed discovery case - 3x2 bottles - IVINIO Wine Shop\",\"isPartOf\":{\"@id\":\"https:\\\/\\\/www.ivinio.com\\\/en\\\/#website\"},\"primaryImageOfPage\":{\"@id\":\"https:\\\/\\\/www.ivinio.com\\\/en\\\/product\\\/mas-gabinele-mixed-discovery-case-3x2-bottles\\\/#primaryimage\"},\"image\":{\"@id\":\"https:\\\/\\\/www.ivinio.com\\\/en\\\/product\\\/mas-gabinele-mixed-discovery-case-3x2-bottles\\\/#primaryimage\"},\"thumbnailUrl\":\"https:\\\/\\\/www.ivinio.com\\\/wp-content\\\/uploads\\\/2026\\\/01\\\/Mas-gabinele-mix-IVINIO.jpg\",\"datePublished\":\"2026-01-16T15:58:57+00:00\",\"dateModified\":\"2026-01-17T15:16:27+00:00\",\"description\":\"Mas Gabin\u00e8le - Mixed wine case with 3 different wines from Mas Gabin\u00e8le, with 2 bottles of each \u2013 2 white wines in different styles and 1 classic red wine.\",\"breadcrumb\":{\"@id\":\"https:\\\/\\\/www.ivinio.com\\\/en\\\/product\\\/mas-gabinele-mixed-discovery-case-3x2-bottles\\\/#breadcrumb\"},\"inLanguage\":\"en-US\",\"potentialAction\":[{\"@type\":\"ReadAction\",\"target\":[\"https:\\\/\\\/www.ivinio.com\\\/en\\\/product\\\/mas-gabinele-mixed-discovery-case-3x2-bottles\\\/\"]}]},{\"@type\":\"ImageObject\",\"inLanguage\":\"en-US\",\"@id\":\"https:\\\/\\\/www.ivinio.com\\\/en\\\/product\\\/mas-gabinele-mixed-discovery-case-3x2-bottles\\\/#primaryimage\",\"url\":\"https:\\\/\\\/www.ivinio.com\\\/wp-content\\\/uploads\\\/2026\\\/01\\\/Mas-gabinele-mix-IVINIO.jpg\",\"contentUrl\":\"https:\\\/\\\/www.ivinio.com\\\/wp-content\\\/uploads\\\/2026\\\/01\\\/Mas-gabinele-mix-IVINIO.jpg\",\"width\":500,\"height\":500},{\"@type\":\"BreadcrumbList\",\"@id\":\"https:\\\/\\\/www.ivinio.com\\\/en\\\/product\\\/mas-gabinele-mixed-discovery-case-3x2-bottles\\\/#breadcrumb\",\"itemListElement\":[{\"@type\":\"ListItem\",\"position\":1,\"name\":\"Home\",\"item\":\"https:\\\/\\\/www.ivinio.com\\\/en\\\/\"},{\"@type\":\"ListItem\",\"position\":2,\"name\":\"Wine-shop\",\"item\":\"https:\\\/\\\/www.ivinio.com\\\/en\\\/wine-shop\\\/\"},{\"@type\":\"ListItem\",\"position\":3,\"name\":\"Mas Gabin\u00e8le &#8211; Mixed discovery case &#8211; 3&#215;2 bottles\"}]},{\"@type\":\"WebSite\",\"@id\":\"https:\\\/\\\/www.ivinio.com\\\/en\\\/#website\",\"url\":\"https:\\\/\\\/www.ivinio.com\\\/en\\\/\",\"name\":\"IVINIO Wine Shop\",\"description\":\"French and Italian wines with delivery to your door\",\"publisher\":{\"@id\":\"https:\\\/\\\/www.ivinio.com\\\/en\\\/#organization\"},\"potentialAction\":[{\"@type\":\"SearchAction\",\"target\":{\"@type\":\"EntryPoint\",\"urlTemplate\":\"https:\\\/\\\/www.ivinio.com\\\/en\\\/?s={search_term_string}\"},\"query-input\":{\"@type\":\"PropertyValueSpecification\",\"valueRequired\":true,\"valueName\":\"search_term_string\"}}],\"inLanguage\":\"en-US\"},{\"@type\":\"Organization\",\"@id\":\"https:\\\/\\\/www.ivinio.com\\\/en\\\/#organization\",\"name\":\"IVINIO\",\"url\":\"https:\\\/\\\/www.ivinio.com\\\/en\\\/\",\"logo\":{\"@type\":\"ImageObject\",\"inLanguage\":\"en-US\",\"@id\":\"https:\\\/\\\/www.ivinio.com\\\/en\\\/#\\\/schema\\\/logo\\\/image\\\/\",\"url\":\"https:\\\/\\\/www.ivinio.com\\\/wp-content\\\/uploads\\\/2021\\\/01\\\/Logo-Ivinio-v2.jpg\",\"contentUrl\":\"https:\\\/\\\/www.ivinio.com\\\/wp-content\\\/uploads\\\/2021\\\/01\\\/Logo-Ivinio-v2.jpg\",\"width\":1194,\"height\":1194,\"caption\":\"IVINIO\"},\"image\":{\"@id\":\"https:\\\/\\\/www.ivinio.com\\\/en\\\/#\\\/schema\\\/logo\\\/image\\\/\"},\"sameAs\":[\"https:\\\/\\\/www.facebook.com\\\/groups\\\/165217837022391\\\/?ref=bookmarks\",\"https:\\\/\\\/www.instagram.com\\\/_ivinio_\\\/?hl=fr\"]}]}<\/script>\n<!-- \/ Yoast SEO plugin. -->","yoast_head_json":{"title":"Mas Gabin\u00e8le - Mixed discovery case - 3x2 bottles - IVINIO Wine Shop","description":"Mas Gabin\u00e8le - Mixed wine case with 3 different wines from Mas Gabin\u00e8le, with 2 bottles of each \u2013 2 white wines in different styles and 1 classic red wine.","robots":{"index":"index","follow":"follow","max-snippet":"max-snippet:-1","max-image-preview":"max-image-preview:large","max-video-preview":"max-video-preview:-1"},"canonical":"https:\/\/www.ivinio.com\/en\/product\/mas-gabinele-mixed-discovery-case-3x2-bottles\/","og_locale":"en_US","og_type":"article","og_title":"Mas Gabin\u00e8le - Mixed discovery case - 3x2 bottles - IVINIO Wine Shop","og_description":"Mas Gabin\u00e8le - Mixed wine case with 3 different wines from Mas Gabin\u00e8le, with 2 bottles of each \u2013 2 white wines in different styles and 1 classic red wine.","og_url":"https:\/\/www.ivinio.com\/en\/product\/mas-gabinele-mixed-discovery-case-3x2-bottles\/","og_site_name":"IVINIO Wine Shop","article_publisher":"https:\/\/www.facebook.com\/groups\/165217837022391\/?ref=bookmarks","article_modified_time":"2026-01-17T15:16:27+00:00","og_image":[{"width":500,"height":500,"url":"https:\/\/www.ivinio.com\/wp-content\/uploads\/2026\/01\/Mas-gabinele-mix-IVINIO.jpg","type":"image\/jpeg"}],"twitter_card":"summary_large_image","twitter_misc":{"Est. reading time":"1 minute"},"schema":{"@context":"https:\/\/schema.org","@graph":[{"@type":"WebPage","@id":"https:\/\/www.ivinio.com\/en\/product\/mas-gabinele-mixed-discovery-case-3x2-bottles\/","url":"https:\/\/www.ivinio.com\/en\/product\/mas-gabinele-mixed-discovery-case-3x2-bottles\/","name":"Mas Gabin\u00e8le - Mixed discovery case - 3x2 bottles - IVINIO Wine Shop","isPartOf":{"@id":"https:\/\/www.ivinio.com\/en\/#website"},"primaryImageOfPage":{"@id":"https:\/\/www.ivinio.com\/en\/product\/mas-gabinele-mixed-discovery-case-3x2-bottles\/#primaryimage"},"image":{"@id":"https:\/\/www.ivinio.com\/en\/product\/mas-gabinele-mixed-discovery-case-3x2-bottles\/#primaryimage"},"thumbnailUrl":"https:\/\/www.ivinio.com\/wp-content\/uploads\/2026\/01\/Mas-gabinele-mix-IVINIO.jpg","datePublished":"2026-01-16T15:58:57+00:00","dateModified":"2026-01-17T15:16:27+00:00","description":"Mas Gabin\u00e8le - Mixed wine case with 3 different wines from Mas Gabin\u00e8le, with 2 bottles of each \u2013 2 white wines in different styles and 1 classic red wine.","breadcrumb":{"@id":"https:\/\/www.ivinio.com\/en\/product\/mas-gabinele-mixed-discovery-case-3x2-bottles\/#breadcrumb"},"inLanguage":"en-US","potentialAction":[{"@type":"ReadAction","target":["https:\/\/www.ivinio.com\/en\/product\/mas-gabinele-mixed-discovery-case-3x2-bottles\/"]}]},{"@type":"ImageObject","inLanguage":"en-US","@id":"https:\/\/www.ivinio.com\/en\/product\/mas-gabinele-mixed-discovery-case-3x2-bottles\/#primaryimage","url":"https:\/\/www.ivinio.com\/wp-content\/uploads\/2026\/01\/Mas-gabinele-mix-IVINIO.jpg","contentUrl":"https:\/\/www.ivinio.com\/wp-content\/uploads\/2026\/01\/Mas-gabinele-mix-IVINIO.jpg","width":500,"height":500},{"@type":"BreadcrumbList","@id":"https:\/\/www.ivinio.com\/en\/product\/mas-gabinele-mixed-discovery-case-3x2-bottles\/#breadcrumb","itemListElement":[{"@type":"ListItem","position":1,"name":"Home","item":"https:\/\/www.ivinio.com\/en\/"},{"@type":"ListItem","position":2,"name":"Wine-shop","item":"https:\/\/www.ivinio.com\/en\/wine-shop\/"},{"@type":"ListItem","position":3,"name":"Mas Gabin\u00e8le &#8211; Mixed discovery case &#8211; 3&#215;2 bottles"}]},{"@type":"WebSite","@id":"https:\/\/www.ivinio.com\/en\/#website","url":"https:\/\/www.ivinio.com\/en\/","name":"IVINIO Wine Shop","description":"French and Italian wines with delivery to your door","publisher":{"@id":"https:\/\/www.ivinio.com\/en\/#organization"},"potentialAction":[{"@type":"SearchAction","target":{"@type":"EntryPoint","urlTemplate":"https:\/\/www.ivinio.com\/en\/?s={search_term_string}"},"query-input":{"@type":"PropertyValueSpecification","valueRequired":true,"valueName":"search_term_string"}}],"inLanguage":"en-US"},{"@type":"Organization","@id":"https:\/\/www.ivinio.com\/en\/#organization","name":"IVINIO","url":"https:\/\/www.ivinio.com\/en\/","logo":{"@type":"ImageObject","inLanguage":"en-US","@id":"https:\/\/www.ivinio.com\/en\/#\/schema\/logo\/image\/","url":"https:\/\/www.ivinio.com\/wp-content\/uploads\/2021\/01\/Logo-Ivinio-v2.jpg","contentUrl":"https:\/\/www.ivinio.com\/wp-content\/uploads\/2021\/01\/Logo-Ivinio-v2.jpg","width":1194,"height":1194,"caption":"IVINIO"},"image":{"@id":"https:\/\/www.ivinio.com\/en\/#\/schema\/logo\/image\/"},"sameAs":["https:\/\/www.facebook.com\/groups\/165217837022391\/?ref=bookmarks","https:\/\/www.instagram.com\/_ivinio_\/?hl=fr"]}]}},"jetpack_sharing_enabled":true,"_links":{"self":[{"href":"https:\/\/www.ivinio.com\/en\/wp-json\/wp\/v2\/product\/139322","targetHints":{"allow":["GET"]}}],"collection":[{"href":"https:\/\/www.ivinio.com\/en\/wp-json\/wp\/v2\/product"}],"about":[{"href":"https:\/\/www.ivinio.com\/en\/wp-json\/wp\/v2\/types\/product"}],"replies":[{"embeddable":true,"href":"https:\/\/www.ivinio.com\/en\/wp-json\/wp\/v2\/comments?post=139322"}],"wp:featuredmedia":[{"embeddable":true,"href":"https:\/\/www.ivinio.com\/en\/wp-json\/wp\/v2\/media\/139320"}],"wp:attachment":[{"href":"https:\/\/www.ivinio.com\/en\/wp-json\/wp\/v2\/media?parent=139322"}],"wp:term":[{"taxonomy":"product_brand","embeddable":true,"href":"https:\/\/www.ivinio.com\/en\/wp-json\/wp\/v2\/product_brand?post=139322"},{"taxonomy":"product_cat","embeddable":true,"href":"https:\/\/www.ivinio.com\/en\/wp-json\/wp\/v2\/product_cat?post=139322"},{"taxonomy":"product_tag","embeddable":true,"href":"https:\/\/www.ivinio.com\/en\/wp-json\/wp\/v2\/product_tag?post=139322"}],"curies":[{"name":"wp","href":"https:\/\/api.w.org\/{rel}","templated":true}]}}