{"id":138929,"date":"2025-10-09T12:02:30","date_gmt":"2025-10-09T10:02:30","guid":{"rendered":"https:\/\/www.ivinio.com\/?post_type=product&#038;p=138929"},"modified":"2025-12-27T00:25:45","modified_gmt":"2025-12-26T23:25:45","slug":"domaine-vidal-fleury-cotes-du-rhone-red","status":"publish","type":"product","link":"https:\/\/www.ivinio.com\/en\/product\/domaine-vidal-fleury-cotes-du-rhone-red\/","title":{"rendered":"Domaine Vidal-Fleury C\u00f4tes-du-Rh\u00f4ne &#8211; Red"},"content":{"rendered":"<p>Domaine Vidal-Fleury C\u00f4tes-du-Rh\u00f4ne &#8211; Red wine made from Grenache, Syrah and Mourv\u00e8dre. The wine is grown on the right bank of the Rh\u00f4ne, in the south-eastern Ard\u00e8che region. These soils, facing the river, are clayey and consist of stony alluvium with Rh\u00f4ne stones. The climate is Mediterranean, influenced by the mistral wind. The wine is made with destemmed grapes. Alcoholic fermentation at a controlled temperature and three to four weeks of aging depending on the grape variety. 70% of the wine is aged on the lees in stainless steel tanks, 20% in barrels and 10% in oak barrels.<\/p>\n","protected":false},"excerpt":{"rendered":"<p>C\u00f4tes-du-Rh\u00f4ne made mainly from Grenache, but also from Syrah and Mourv\u00e8dre. A quality wine from the oldest, still active, wine house in the C\u00f4tes-du-Rh\u00f4ne!<\/p>\n","protected":false},"featured_media":138932,"comment_status":"open","ping_status":"closed","template":"","meta":{"_monsterinsights_skip_tracking":false,"_monsterinsights_sitenote_active":false,"_monsterinsights_sitenote_note":"","_monsterinsights_sitenote_category":0,"_uf_show_specific_survey":0,"_uf_disable_surveys":false},"product_brand":[],"product_cat":[36587,36620],"product_tag":[],"class_list":{"0":"post-138929","1":"product","2":"type-product","3":"status-publish","4":"has-post-thumbnail","6":"product_cat-french-wines","7":"product_cat-en-rhone-valley","8":"pa_alcohol-degree-14-5-en","9":"pa_awards-jeb-dunnuck-en","10":"pa_classification-aop-cotes-du-rhone-en","11":"pa_grape-variety-grenache-en","12":"pa_grape-variety-mourvedre","13":"pa_grape-variety-syrah","14":"pa_vintage-2022-en","15":"pa_volume-75-cl-en","17":"first","18":"instock","19":"taxable","20":"shipping-taxable","21":"purchasable","22":"product-type-simple"},"bundled_by":["138955"],"bundle_stock_status":"instock","bundle_stock_quantity":null,"bundle_virtual":false,"bundle_layout":"","bundle_add_to_cart_form_location":"","bundle_editable_in_cart":false,"bundle_sold_individually_context":"","bundle_item_grouping":"","bundle_min_size":"","bundle_max_size":"","bundle_price":[],"bundled_items":[],"bundle_sell_ids":[],"yoast_head":"<!-- This site is optimized with the Yoast SEO plugin v27.3 - https:\/\/yoast.com\/product\/yoast-seo-wordpress\/ -->\n<title>Buy Vidal-Fleury C\u00f4tes-du-Rh\u00f4ne - IVINIO Wine Shop<\/title>\n<meta name=\"description\" content=\"Buy Vidal-Fleury C\u00f4tes-du-Rh\u00f4ne. Aromas of candied red fruits, black pepper and thyme. A round taste with a present and balanced tannin structure.\" \/>\n<meta name=\"robots\" content=\"index, follow, max-snippet:-1, max-image-preview:large, max-video-preview:-1\" \/>\n<link rel=\"canonical\" href=\"https:\/\/www.ivinio.com\/en\/product\/domaine-vidal-fleury-cotes-du-rhone-red\/\" \/>\n<meta property=\"og:locale\" content=\"en_US\" \/>\n<meta property=\"og:type\" content=\"article\" \/>\n<meta property=\"og:title\" content=\"Buy Vidal-Fleury C\u00f4tes-du-Rh\u00f4ne - IVINIO Wine Shop\" \/>\n<meta property=\"og:description\" content=\"Buy Vidal-Fleury C\u00f4tes-du-Rh\u00f4ne. Aromas of candied red fruits, black pepper and thyme. A round taste with a present and balanced tannin structure.\" \/>\n<meta property=\"og:url\" content=\"https:\/\/www.ivinio.com\/en\/product\/domaine-vidal-fleury-cotes-du-rhone-red\/\" \/>\n<meta property=\"og:site_name\" content=\"IVINIO Wine Shop\" \/>\n<meta property=\"article:publisher\" content=\"https:\/\/www.facebook.com\/groups\/165217837022391\/?ref=bookmarks\" \/>\n<meta property=\"article:modified_time\" content=\"2025-12-26T23:25:45+00:00\" \/>\n<meta property=\"og:image\" content=\"https:\/\/www.ivinio.com\/wp-content\/uploads\/2025\/10\/vidal-fleury-Cotes-du-Rhone.jpg\" \/>\n\t<meta property=\"og:image:width\" content=\"500\" \/>\n\t<meta property=\"og:image:height\" content=\"500\" \/>\n\t<meta property=\"og:image:type\" content=\"image\/jpeg\" \/>\n<meta name=\"twitter:card\" content=\"summary_large_image\" \/>\n<meta name=\"twitter:label1\" content=\"Est. reading time\" \/>\n\t<meta name=\"twitter:data1\" content=\"1 minute\" \/>\n<script type=\"application\/ld+json\" class=\"yoast-schema-graph\">{\"@context\":\"https:\\\/\\\/schema.org\",\"@graph\":[{\"@type\":\"WebPage\",\"@id\":\"https:\\\/\\\/www.ivinio.com\\\/en\\\/product\\\/domaine-vidal-fleury-cotes-du-rhone-red\\\/\",\"url\":\"https:\\\/\\\/www.ivinio.com\\\/en\\\/product\\\/domaine-vidal-fleury-cotes-du-rhone-red\\\/\",\"name\":\"Buy Vidal-Fleury C\u00f4tes-du-Rh\u00f4ne - IVINIO Wine Shop\",\"isPartOf\":{\"@id\":\"https:\\\/\\\/www.ivinio.com\\\/en\\\/#website\"},\"primaryImageOfPage\":{\"@id\":\"https:\\\/\\\/www.ivinio.com\\\/en\\\/product\\\/domaine-vidal-fleury-cotes-du-rhone-red\\\/#primaryimage\"},\"image\":{\"@id\":\"https:\\\/\\\/www.ivinio.com\\\/en\\\/product\\\/domaine-vidal-fleury-cotes-du-rhone-red\\\/#primaryimage\"},\"thumbnailUrl\":\"https:\\\/\\\/www.ivinio.com\\\/wp-content\\\/uploads\\\/2025\\\/10\\\/vidal-fleury-Cotes-du-Rhone.jpg\",\"datePublished\":\"2025-10-09T10:02:30+00:00\",\"dateModified\":\"2025-12-26T23:25:45+00:00\",\"description\":\"Buy Vidal-Fleury C\u00f4tes-du-Rh\u00f4ne. Aromas of candied red fruits, black pepper and thyme. A round taste with a present and balanced tannin structure.\",\"breadcrumb\":{\"@id\":\"https:\\\/\\\/www.ivinio.com\\\/en\\\/product\\\/domaine-vidal-fleury-cotes-du-rhone-red\\\/#breadcrumb\"},\"inLanguage\":\"en-US\",\"potentialAction\":[{\"@type\":\"ReadAction\",\"target\":[\"https:\\\/\\\/www.ivinio.com\\\/en\\\/product\\\/domaine-vidal-fleury-cotes-du-rhone-red\\\/\"]}]},{\"@type\":\"ImageObject\",\"inLanguage\":\"en-US\",\"@id\":\"https:\\\/\\\/www.ivinio.com\\\/en\\\/product\\\/domaine-vidal-fleury-cotes-du-rhone-red\\\/#primaryimage\",\"url\":\"https:\\\/\\\/www.ivinio.com\\\/wp-content\\\/uploads\\\/2025\\\/10\\\/vidal-fleury-Cotes-du-Rhone.jpg\",\"contentUrl\":\"https:\\\/\\\/www.ivinio.com\\\/wp-content\\\/uploads\\\/2025\\\/10\\\/vidal-fleury-Cotes-du-Rhone.jpg\",\"width\":500,\"height\":500},{\"@type\":\"BreadcrumbList\",\"@id\":\"https:\\\/\\\/www.ivinio.com\\\/en\\\/product\\\/domaine-vidal-fleury-cotes-du-rhone-red\\\/#breadcrumb\",\"itemListElement\":[{\"@type\":\"ListItem\",\"position\":1,\"name\":\"Home\",\"item\":\"https:\\\/\\\/www.ivinio.com\\\/en\\\/\"},{\"@type\":\"ListItem\",\"position\":2,\"name\":\"Wine-shop\",\"item\":\"https:\\\/\\\/www.ivinio.com\\\/en\\\/wine-shop\\\/\"},{\"@type\":\"ListItem\",\"position\":3,\"name\":\"Domaine Vidal-Fleury C\u00f4tes-du-Rh\u00f4ne &#8211; Red\"}]},{\"@type\":\"WebSite\",\"@id\":\"https:\\\/\\\/www.ivinio.com\\\/en\\\/#website\",\"url\":\"https:\\\/\\\/www.ivinio.com\\\/en\\\/\",\"name\":\"IVINIO Wine Shop\",\"description\":\"French and Italian wines with delivery to your door\",\"publisher\":{\"@id\":\"https:\\\/\\\/www.ivinio.com\\\/en\\\/#organization\"},\"potentialAction\":[{\"@type\":\"SearchAction\",\"target\":{\"@type\":\"EntryPoint\",\"urlTemplate\":\"https:\\\/\\\/www.ivinio.com\\\/en\\\/?s={search_term_string}\"},\"query-input\":{\"@type\":\"PropertyValueSpecification\",\"valueRequired\":true,\"valueName\":\"search_term_string\"}}],\"inLanguage\":\"en-US\"},{\"@type\":\"Organization\",\"@id\":\"https:\\\/\\\/www.ivinio.com\\\/en\\\/#organization\",\"name\":\"IVINIO\",\"url\":\"https:\\\/\\\/www.ivinio.com\\\/en\\\/\",\"logo\":{\"@type\":\"ImageObject\",\"inLanguage\":\"en-US\",\"@id\":\"https:\\\/\\\/www.ivinio.com\\\/en\\\/#\\\/schema\\\/logo\\\/image\\\/\",\"url\":\"https:\\\/\\\/www.ivinio.com\\\/wp-content\\\/uploads\\\/2021\\\/01\\\/Logo-Ivinio-v2.jpg\",\"contentUrl\":\"https:\\\/\\\/www.ivinio.com\\\/wp-content\\\/uploads\\\/2021\\\/01\\\/Logo-Ivinio-v2.jpg\",\"width\":1194,\"height\":1194,\"caption\":\"IVINIO\"},\"image\":{\"@id\":\"https:\\\/\\\/www.ivinio.com\\\/en\\\/#\\\/schema\\\/logo\\\/image\\\/\"},\"sameAs\":[\"https:\\\/\\\/www.facebook.com\\\/groups\\\/165217837022391\\\/?ref=bookmarks\",\"https:\\\/\\\/www.instagram.com\\\/_ivinio_\\\/?hl=fr\"]}]}<\/script>\n<!-- \/ Yoast SEO plugin. -->","yoast_head_json":{"title":"Buy Vidal-Fleury C\u00f4tes-du-Rh\u00f4ne - IVINIO Wine Shop","description":"Buy Vidal-Fleury C\u00f4tes-du-Rh\u00f4ne. Aromas of candied red fruits, black pepper and thyme. A round taste with a present and balanced tannin structure.","robots":{"index":"index","follow":"follow","max-snippet":"max-snippet:-1","max-image-preview":"max-image-preview:large","max-video-preview":"max-video-preview:-1"},"canonical":"https:\/\/www.ivinio.com\/en\/product\/domaine-vidal-fleury-cotes-du-rhone-red\/","og_locale":"en_US","og_type":"article","og_title":"Buy Vidal-Fleury C\u00f4tes-du-Rh\u00f4ne - IVINIO Wine Shop","og_description":"Buy Vidal-Fleury C\u00f4tes-du-Rh\u00f4ne. Aromas of candied red fruits, black pepper and thyme. A round taste with a present and balanced tannin structure.","og_url":"https:\/\/www.ivinio.com\/en\/product\/domaine-vidal-fleury-cotes-du-rhone-red\/","og_site_name":"IVINIO Wine Shop","article_publisher":"https:\/\/www.facebook.com\/groups\/165217837022391\/?ref=bookmarks","article_modified_time":"2025-12-26T23:25:45+00:00","og_image":[{"width":500,"height":500,"url":"https:\/\/www.ivinio.com\/wp-content\/uploads\/2025\/10\/vidal-fleury-Cotes-du-Rhone.jpg","type":"image\/jpeg"}],"twitter_card":"summary_large_image","twitter_misc":{"Est. reading time":"1 minute"},"schema":{"@context":"https:\/\/schema.org","@graph":[{"@type":"WebPage","@id":"https:\/\/www.ivinio.com\/en\/product\/domaine-vidal-fleury-cotes-du-rhone-red\/","url":"https:\/\/www.ivinio.com\/en\/product\/domaine-vidal-fleury-cotes-du-rhone-red\/","name":"Buy Vidal-Fleury C\u00f4tes-du-Rh\u00f4ne - IVINIO Wine Shop","isPartOf":{"@id":"https:\/\/www.ivinio.com\/en\/#website"},"primaryImageOfPage":{"@id":"https:\/\/www.ivinio.com\/en\/product\/domaine-vidal-fleury-cotes-du-rhone-red\/#primaryimage"},"image":{"@id":"https:\/\/www.ivinio.com\/en\/product\/domaine-vidal-fleury-cotes-du-rhone-red\/#primaryimage"},"thumbnailUrl":"https:\/\/www.ivinio.com\/wp-content\/uploads\/2025\/10\/vidal-fleury-Cotes-du-Rhone.jpg","datePublished":"2025-10-09T10:02:30+00:00","dateModified":"2025-12-26T23:25:45+00:00","description":"Buy Vidal-Fleury C\u00f4tes-du-Rh\u00f4ne. Aromas of candied red fruits, black pepper and thyme. A round taste with a present and balanced tannin structure.","breadcrumb":{"@id":"https:\/\/www.ivinio.com\/en\/product\/domaine-vidal-fleury-cotes-du-rhone-red\/#breadcrumb"},"inLanguage":"en-US","potentialAction":[{"@type":"ReadAction","target":["https:\/\/www.ivinio.com\/en\/product\/domaine-vidal-fleury-cotes-du-rhone-red\/"]}]},{"@type":"ImageObject","inLanguage":"en-US","@id":"https:\/\/www.ivinio.com\/en\/product\/domaine-vidal-fleury-cotes-du-rhone-red\/#primaryimage","url":"https:\/\/www.ivinio.com\/wp-content\/uploads\/2025\/10\/vidal-fleury-Cotes-du-Rhone.jpg","contentUrl":"https:\/\/www.ivinio.com\/wp-content\/uploads\/2025\/10\/vidal-fleury-Cotes-du-Rhone.jpg","width":500,"height":500},{"@type":"BreadcrumbList","@id":"https:\/\/www.ivinio.com\/en\/product\/domaine-vidal-fleury-cotes-du-rhone-red\/#breadcrumb","itemListElement":[{"@type":"ListItem","position":1,"name":"Home","item":"https:\/\/www.ivinio.com\/en\/"},{"@type":"ListItem","position":2,"name":"Wine-shop","item":"https:\/\/www.ivinio.com\/en\/wine-shop\/"},{"@type":"ListItem","position":3,"name":"Domaine Vidal-Fleury C\u00f4tes-du-Rh\u00f4ne &#8211; Red"}]},{"@type":"WebSite","@id":"https:\/\/www.ivinio.com\/en\/#website","url":"https:\/\/www.ivinio.com\/en\/","name":"IVINIO Wine Shop","description":"French and Italian wines with delivery to your door","publisher":{"@id":"https:\/\/www.ivinio.com\/en\/#organization"},"potentialAction":[{"@type":"SearchAction","target":{"@type":"EntryPoint","urlTemplate":"https:\/\/www.ivinio.com\/en\/?s={search_term_string}"},"query-input":{"@type":"PropertyValueSpecification","valueRequired":true,"valueName":"search_term_string"}}],"inLanguage":"en-US"},{"@type":"Organization","@id":"https:\/\/www.ivinio.com\/en\/#organization","name":"IVINIO","url":"https:\/\/www.ivinio.com\/en\/","logo":{"@type":"ImageObject","inLanguage":"en-US","@id":"https:\/\/www.ivinio.com\/en\/#\/schema\/logo\/image\/","url":"https:\/\/www.ivinio.com\/wp-content\/uploads\/2021\/01\/Logo-Ivinio-v2.jpg","contentUrl":"https:\/\/www.ivinio.com\/wp-content\/uploads\/2021\/01\/Logo-Ivinio-v2.jpg","width":1194,"height":1194,"caption":"IVINIO"},"image":{"@id":"https:\/\/www.ivinio.com\/en\/#\/schema\/logo\/image\/"},"sameAs":["https:\/\/www.facebook.com\/groups\/165217837022391\/?ref=bookmarks","https:\/\/www.instagram.com\/_ivinio_\/?hl=fr"]}]}},"jetpack_sharing_enabled":true,"_links":{"self":[{"href":"https:\/\/www.ivinio.com\/en\/wp-json\/wp\/v2\/product\/138929","targetHints":{"allow":["GET"]}}],"collection":[{"href":"https:\/\/www.ivinio.com\/en\/wp-json\/wp\/v2\/product"}],"about":[{"href":"https:\/\/www.ivinio.com\/en\/wp-json\/wp\/v2\/types\/product"}],"replies":[{"embeddable":true,"href":"https:\/\/www.ivinio.com\/en\/wp-json\/wp\/v2\/comments?post=138929"}],"wp:featuredmedia":[{"embeddable":true,"href":"https:\/\/www.ivinio.com\/en\/wp-json\/wp\/v2\/media\/138932"}],"wp:attachment":[{"href":"https:\/\/www.ivinio.com\/en\/wp-json\/wp\/v2\/media?parent=138929"}],"wp:term":[{"taxonomy":"product_brand","embeddable":true,"href":"https:\/\/www.ivinio.com\/en\/wp-json\/wp\/v2\/product_brand?post=138929"},{"taxonomy":"product_cat","embeddable":true,"href":"https:\/\/www.ivinio.com\/en\/wp-json\/wp\/v2\/product_cat?post=138929"},{"taxonomy":"product_tag","embeddable":true,"href":"https:\/\/www.ivinio.com\/en\/wp-json\/wp\/v2\/product_tag?post=138929"}],"curies":[{"name":"wp","href":"https:\/\/api.w.org\/{rel}","templated":true}]}}