{"id":137508,"date":"2025-04-26T18:53:04","date_gmt":"2025-04-30T16:31:19","guid":{"rendered":"https:\/\/www.ivinio.com\/product\/mixed-wine-case-of-provencal-white-wines-from-st-tropez\/"},"modified":"2025-04-30T18:31:19","modified_gmt":"2025-04-30T16:31:19","slug":"mixed-wine-case-of-provencal-white-wines-from-st-tropez","status":"publish","type":"product","link":"https:\/\/www.ivinio.com\/en\/product\/mixed-wine-case-of-provencal-white-wines-from-st-tropez\/","title":{"rendered":"Mixed wine case of Proven\u00e7al white wines from St-Tropez!"},"content":{"rendered":"<p>This mixed wine box contains 2 bottles of 3 different white wines from the winemasters of Saint Tropez. The wines have a Proven\u00e7al style, with a typical floral style with hints of citrus fruits. An excellent choice for spring and summer light meals and buffets, or with grilled fish and dishes with Mediterranean inspiration. Take advantage of the special price that we are now offering!   <\/p>\n","protected":false},"excerpt":{"rendered":"<p>Mixed box of Proven\u00e7al white wines from the winemasters in St-Tropez!<\/p>\n","protected":false},"featured_media":137456,"comment_status":"open","ping_status":"closed","template":"","meta":{"_monsterinsights_skip_tracking":false,"_monsterinsights_sitenote_active":false,"_monsterinsights_sitenote_note":"","_monsterinsights_sitenote_category":0,"_uf_show_specific_survey":0,"_uf_disable_surveys":false},"product_brand":[],"product_cat":[36644],"product_tag":[],"class_list":{"0":"post-137508","1":"product","2":"type-product","3":"status-publish","4":"has-post-thumbnail","6":"product_cat-mixed-wine-cases","7":"pa_classification-aop-cotes-de-provence-en","8":"pa_color-white-en","9":"pa_country-france-en","10":"pa_grape-variety-clairette-en","11":"pa_grape-variety-rolle-en","12":"pa_grape-variety-ugni-blanc-en","13":"pa_region-provence-en","14":"pa_vintage-2023-en","16":"first","17":"instock","18":"sale","19":"virtual","20":"taxable","21":"purchasable","22":"product-type-bundle"},"bundled_by":[],"bundle_stock_status":"instock","bundle_stock_quantity":"","bundle_virtual":false,"bundle_layout":"grid","bundle_add_to_cart_form_location":"after_summary","bundle_editable_in_cart":false,"bundle_sold_individually_context":"product","bundle_item_grouping":"noindent","bundle_min_size":"","bundle_max_size":"","bundle_price":{"price":{"min":{"incl_tax":"44.8","excl_tax":"44.75"},"max":{"incl_tax":"44.8","excl_tax":"44.75"}},"regular_price":{"min":{"incl_tax":"61","excl_tax":"61"},"max":{"incl_tax":"61","excl_tax":"61"}}},"bundled_items":[{"bundled_item_id":9161,"product_id":137492,"menu_order":0,"quantity_min":3,"quantity_max":3,"quantity_default":3,"priced_individually":false,"shipped_individually":false,"override_title":false,"title":"Ma\u00eetres vignerons de la presqu&#8217;\u00eele de Saint-Tropez &#8211; Rose &#038; clair &#8211; Ros\u00e9","override_description":false,"description":"Ma\u00eetres vignerons de la presqu&#8217;\u00eele de Saint-Tropez &#8211; Rose &#038; clair &#8211; Ros\u00e9","optional":false,"hide_thumbnail":false,"discount":"","override_variations":false,"allowed_variations":[""],"override_default_variation_attributes":false,"default_variation_attributes":[],"single_product_visibility":"visible","cart_visibility":"visible","order_visibility":"visible","single_product_price_visibility":"visible","cart_price_visibility":"visible","order_price_visibility":"visible","stock_status":"in_stock"},{"bundled_item_id":9162,"product_id":137501,"menu_order":1,"quantity_min":1,"quantity_max":1,"quantity_default":1,"priced_individually":false,"shipped_individually":false,"override_title":false,"title":"Domaine Siouvette &#8211; L&#8217;Exception &#8211; Ros\u00e9","override_description":false,"description":"Domaine Siouvette &#8211; L&#8217;Exception &#8211; Ros\u00e9","optional":false,"hide_thumbnail":false,"discount":"","override_variations":false,"allowed_variations":[""],"override_default_variation_attributes":false,"default_variation_attributes":[],"single_product_visibility":"visible","cart_visibility":"visible","order_visibility":"visible","single_product_price_visibility":"visible","cart_price_visibility":"visible","order_price_visibility":"visible","stock_status":"in_stock"},{"bundled_item_id":9163,"product_id":137495,"menu_order":2,"quantity_min":1,"quantity_max":1,"quantity_default":1,"priced_individually":false,"shipped_individually":false,"override_title":false,"title":"Ch\u00e2teau Barrali\u00e8re &#8211; Ros\u00e9","override_description":false,"description":"Ch\u00e2teau Barrali\u00e8re &#8211; Ros\u00e9","optional":false,"hide_thumbnail":false,"discount":"","override_variations":false,"allowed_variations":[""],"override_default_variation_attributes":false,"default_variation_attributes":[],"single_product_visibility":"visible","cart_visibility":"visible","order_visibility":"visible","single_product_price_visibility":"visible","cart_price_visibility":"visible","order_price_visibility":"visible","stock_status":"in_stock"},{"bundled_item_id":9164,"product_id":137499,"menu_order":3,"quantity_min":1,"quantity_max":1,"quantity_default":1,"priced_individually":false,"shipped_individually":false,"override_title":false,"title":"Domaine de Carteyron &#8211; Malyse &#8211; Ros\u00e9","override_description":false,"description":"Domaine de Carteyron &#8211; Malyse &#8211; Ros\u00e9","optional":false,"hide_thumbnail":false,"discount":"","override_variations":false,"allowed_variations":[""],"override_default_variation_attributes":false,"default_variation_attributes":[],"single_product_visibility":"visible","cart_visibility":"visible","order_visibility":"visible","single_product_price_visibility":"visible","cart_price_visibility":"visible","order_price_visibility":"visible","stock_status":"in_stock"}],"bundle_sell_ids":[],"yoast_head":"<!-- This site is optimized with the Yoast SEO plugin v27.4 - https:\/\/yoast.com\/product\/yoast-seo-wordpress\/ -->\n<title>Mixed wine case of Proven\u00e7al white wines from St-Tropez! - IVINIO Wine Shop<\/title>\n<meta name=\"description\" content=\"Mixed box of Proven\u00e7al white wines from St-Tropez! This mixed wine box contains 2 bottles of 3 different white wines from the winemakers in Saint Tropez&#039;s range.\" \/>\n<meta name=\"robots\" content=\"index, follow, max-snippet:-1, max-image-preview:large, max-video-preview:-1\" \/>\n<link rel=\"canonical\" href=\"https:\/\/www.ivinio.com\/en\/product\/mixed-wine-case-of-provencal-white-wines-from-st-tropez\/\" \/>\n<meta property=\"og:locale\" content=\"en_US\" \/>\n<meta property=\"og:type\" content=\"article\" \/>\n<meta property=\"og:title\" content=\"Mixed wine case of Proven\u00e7al white wines from St-Tropez! - IVINIO Wine Shop\" \/>\n<meta property=\"og:description\" content=\"Mixed box of Proven\u00e7al white wines from St-Tropez! This mixed wine box contains 2 bottles of 3 different white wines from the winemakers in Saint Tropez&#039;s range.\" \/>\n<meta property=\"og:url\" content=\"https:\/\/www.ivinio.com\/en\/product\/mixed-wine-case-of-provencal-white-wines-from-st-tropez\/\" \/>\n<meta property=\"og:site_name\" content=\"IVINIO Wine Shop\" \/>\n<meta property=\"article:publisher\" content=\"https:\/\/www.facebook.com\/groups\/165217837022391\/?ref=bookmarks\" \/>\n<meta property=\"og:image\" content=\"https:\/\/www.ivinio.com\/wp-content\/uploads\/2025\/04\/Vitviner-fran-Saint-Tropez-IVINIO.jpg\" \/>\n\t<meta property=\"og:image:width\" content=\"500\" \/>\n\t<meta property=\"og:image:height\" content=\"500\" \/>\n\t<meta property=\"og:image:type\" content=\"image\/jpeg\" \/>\n<meta name=\"twitter:card\" content=\"summary_large_image\" \/>\n<script type=\"application\/ld+json\" class=\"yoast-schema-graph\">{\"@context\":\"https:\\\/\\\/schema.org\",\"@graph\":[{\"@type\":\"WebPage\",\"@id\":\"https:\\\/\\\/www.ivinio.com\\\/en\\\/product\\\/mixed-wine-case-of-provencal-white-wines-from-st-tropez\\\/\",\"url\":\"https:\\\/\\\/www.ivinio.com\\\/en\\\/product\\\/mixed-wine-case-of-provencal-white-wines-from-st-tropez\\\/\",\"name\":\"Mixed wine case of Proven\u00e7al white wines from St-Tropez! - IVINIO Wine Shop\",\"isPartOf\":{\"@id\":\"https:\\\/\\\/www.ivinio.com\\\/en\\\/#website\"},\"primaryImageOfPage\":{\"@id\":\"https:\\\/\\\/www.ivinio.com\\\/en\\\/product\\\/mixed-wine-case-of-provencal-white-wines-from-st-tropez\\\/#primaryimage\"},\"image\":{\"@id\":\"https:\\\/\\\/www.ivinio.com\\\/en\\\/product\\\/mixed-wine-case-of-provencal-white-wines-from-st-tropez\\\/#primaryimage\"},\"thumbnailUrl\":\"https:\\\/\\\/www.ivinio.com\\\/wp-content\\\/uploads\\\/2025\\\/04\\\/Vitviner-fran-Saint-Tropez-IVINIO.jpg\",\"datePublished\":\"2025-04-30T16:31:19+00:00\",\"description\":\"Mixed box of Proven\u00e7al white wines from St-Tropez! This mixed wine box contains 2 bottles of 3 different white wines from the winemakers in Saint Tropez's range.\",\"breadcrumb\":{\"@id\":\"https:\\\/\\\/www.ivinio.com\\\/en\\\/product\\\/mixed-wine-case-of-provencal-white-wines-from-st-tropez\\\/#breadcrumb\"},\"inLanguage\":\"en-US\",\"potentialAction\":[{\"@type\":\"ReadAction\",\"target\":[\"https:\\\/\\\/www.ivinio.com\\\/en\\\/product\\\/mixed-wine-case-of-provencal-white-wines-from-st-tropez\\\/\"]}]},{\"@type\":\"ImageObject\",\"inLanguage\":\"en-US\",\"@id\":\"https:\\\/\\\/www.ivinio.com\\\/en\\\/product\\\/mixed-wine-case-of-provencal-white-wines-from-st-tropez\\\/#primaryimage\",\"url\":\"https:\\\/\\\/www.ivinio.com\\\/wp-content\\\/uploads\\\/2025\\\/04\\\/Vitviner-fran-Saint-Tropez-IVINIO.jpg\",\"contentUrl\":\"https:\\\/\\\/www.ivinio.com\\\/wp-content\\\/uploads\\\/2025\\\/04\\\/Vitviner-fran-Saint-Tropez-IVINIO.jpg\",\"width\":500,\"height\":500},{\"@type\":\"BreadcrumbList\",\"@id\":\"https:\\\/\\\/www.ivinio.com\\\/en\\\/product\\\/mixed-wine-case-of-provencal-white-wines-from-st-tropez\\\/#breadcrumb\",\"itemListElement\":[{\"@type\":\"ListItem\",\"position\":1,\"name\":\"Home\",\"item\":\"https:\\\/\\\/www.ivinio.com\\\/en\\\/\"},{\"@type\":\"ListItem\",\"position\":2,\"name\":\"Wine-shop\",\"item\":\"https:\\\/\\\/www.ivinio.com\\\/en\\\/wine-shop\\\/\"},{\"@type\":\"ListItem\",\"position\":3,\"name\":\"Mixed wine case of Proven\u00e7al white wines from St-Tropez!\"}]},{\"@type\":\"WebSite\",\"@id\":\"https:\\\/\\\/www.ivinio.com\\\/en\\\/#website\",\"url\":\"https:\\\/\\\/www.ivinio.com\\\/en\\\/\",\"name\":\"IVINIO Wine Shop\",\"description\":\"French and Italian wines with delivery to your door\",\"publisher\":{\"@id\":\"https:\\\/\\\/www.ivinio.com\\\/en\\\/#organization\"},\"potentialAction\":[{\"@type\":\"SearchAction\",\"target\":{\"@type\":\"EntryPoint\",\"urlTemplate\":\"https:\\\/\\\/www.ivinio.com\\\/en\\\/?s={search_term_string}\"},\"query-input\":{\"@type\":\"PropertyValueSpecification\",\"valueRequired\":true,\"valueName\":\"search_term_string\"}}],\"inLanguage\":\"en-US\"},{\"@type\":\"Organization\",\"@id\":\"https:\\\/\\\/www.ivinio.com\\\/en\\\/#organization\",\"name\":\"IVINIO\",\"url\":\"https:\\\/\\\/www.ivinio.com\\\/en\\\/\",\"logo\":{\"@type\":\"ImageObject\",\"inLanguage\":\"en-US\",\"@id\":\"https:\\\/\\\/www.ivinio.com\\\/en\\\/#\\\/schema\\\/logo\\\/image\\\/\",\"url\":\"https:\\\/\\\/www.ivinio.com\\\/wp-content\\\/uploads\\\/2021\\\/01\\\/Logo-Ivinio-v2.jpg\",\"contentUrl\":\"https:\\\/\\\/www.ivinio.com\\\/wp-content\\\/uploads\\\/2021\\\/01\\\/Logo-Ivinio-v2.jpg\",\"width\":1194,\"height\":1194,\"caption\":\"IVINIO\"},\"image\":{\"@id\":\"https:\\\/\\\/www.ivinio.com\\\/en\\\/#\\\/schema\\\/logo\\\/image\\\/\"},\"sameAs\":[\"https:\\\/\\\/www.facebook.com\\\/groups\\\/165217837022391\\\/?ref=bookmarks\",\"https:\\\/\\\/www.instagram.com\\\/_ivinio_\\\/?hl=fr\"]}]}<\/script>\n<!-- \/ Yoast SEO plugin. -->","yoast_head_json":{"title":"Mixed wine case of Proven\u00e7al white wines from St-Tropez! - IVINIO Wine Shop","description":"Mixed box of Proven\u00e7al white wines from St-Tropez! This mixed wine box contains 2 bottles of 3 different white wines from the winemakers in Saint Tropez's range.","robots":{"index":"index","follow":"follow","max-snippet":"max-snippet:-1","max-image-preview":"max-image-preview:large","max-video-preview":"max-video-preview:-1"},"canonical":"https:\/\/www.ivinio.com\/en\/product\/mixed-wine-case-of-provencal-white-wines-from-st-tropez\/","og_locale":"en_US","og_type":"article","og_title":"Mixed wine case of Proven\u00e7al white wines from St-Tropez! - IVINIO Wine Shop","og_description":"Mixed box of Proven\u00e7al white wines from St-Tropez! This mixed wine box contains 2 bottles of 3 different white wines from the winemakers in Saint Tropez's range.","og_url":"https:\/\/www.ivinio.com\/en\/product\/mixed-wine-case-of-provencal-white-wines-from-st-tropez\/","og_site_name":"IVINIO Wine Shop","article_publisher":"https:\/\/www.facebook.com\/groups\/165217837022391\/?ref=bookmarks","og_image":[{"width":500,"height":500,"url":"https:\/\/www.ivinio.com\/wp-content\/uploads\/2025\/04\/Vitviner-fran-Saint-Tropez-IVINIO.jpg","type":"image\/jpeg"}],"twitter_card":"summary_large_image","schema":{"@context":"https:\/\/schema.org","@graph":[{"@type":"WebPage","@id":"https:\/\/www.ivinio.com\/en\/product\/mixed-wine-case-of-provencal-white-wines-from-st-tropez\/","url":"https:\/\/www.ivinio.com\/en\/product\/mixed-wine-case-of-provencal-white-wines-from-st-tropez\/","name":"Mixed wine case of Proven\u00e7al white wines from St-Tropez! - IVINIO Wine Shop","isPartOf":{"@id":"https:\/\/www.ivinio.com\/en\/#website"},"primaryImageOfPage":{"@id":"https:\/\/www.ivinio.com\/en\/product\/mixed-wine-case-of-provencal-white-wines-from-st-tropez\/#primaryimage"},"image":{"@id":"https:\/\/www.ivinio.com\/en\/product\/mixed-wine-case-of-provencal-white-wines-from-st-tropez\/#primaryimage"},"thumbnailUrl":"https:\/\/www.ivinio.com\/wp-content\/uploads\/2025\/04\/Vitviner-fran-Saint-Tropez-IVINIO.jpg","datePublished":"2025-04-30T16:31:19+00:00","description":"Mixed box of Proven\u00e7al white wines from St-Tropez! This mixed wine box contains 2 bottles of 3 different white wines from the winemakers in Saint Tropez's range.","breadcrumb":{"@id":"https:\/\/www.ivinio.com\/en\/product\/mixed-wine-case-of-provencal-white-wines-from-st-tropez\/#breadcrumb"},"inLanguage":"en-US","potentialAction":[{"@type":"ReadAction","target":["https:\/\/www.ivinio.com\/en\/product\/mixed-wine-case-of-provencal-white-wines-from-st-tropez\/"]}]},{"@type":"ImageObject","inLanguage":"en-US","@id":"https:\/\/www.ivinio.com\/en\/product\/mixed-wine-case-of-provencal-white-wines-from-st-tropez\/#primaryimage","url":"https:\/\/www.ivinio.com\/wp-content\/uploads\/2025\/04\/Vitviner-fran-Saint-Tropez-IVINIO.jpg","contentUrl":"https:\/\/www.ivinio.com\/wp-content\/uploads\/2025\/04\/Vitviner-fran-Saint-Tropez-IVINIO.jpg","width":500,"height":500},{"@type":"BreadcrumbList","@id":"https:\/\/www.ivinio.com\/en\/product\/mixed-wine-case-of-provencal-white-wines-from-st-tropez\/#breadcrumb","itemListElement":[{"@type":"ListItem","position":1,"name":"Home","item":"https:\/\/www.ivinio.com\/en\/"},{"@type":"ListItem","position":2,"name":"Wine-shop","item":"https:\/\/www.ivinio.com\/en\/wine-shop\/"},{"@type":"ListItem","position":3,"name":"Mixed wine case of Proven\u00e7al white wines from St-Tropez!"}]},{"@type":"WebSite","@id":"https:\/\/www.ivinio.com\/en\/#website","url":"https:\/\/www.ivinio.com\/en\/","name":"IVINIO Wine Shop","description":"French and Italian wines with delivery to your door","publisher":{"@id":"https:\/\/www.ivinio.com\/en\/#organization"},"potentialAction":[{"@type":"SearchAction","target":{"@type":"EntryPoint","urlTemplate":"https:\/\/www.ivinio.com\/en\/?s={search_term_string}"},"query-input":{"@type":"PropertyValueSpecification","valueRequired":true,"valueName":"search_term_string"}}],"inLanguage":"en-US"},{"@type":"Organization","@id":"https:\/\/www.ivinio.com\/en\/#organization","name":"IVINIO","url":"https:\/\/www.ivinio.com\/en\/","logo":{"@type":"ImageObject","inLanguage":"en-US","@id":"https:\/\/www.ivinio.com\/en\/#\/schema\/logo\/image\/","url":"https:\/\/www.ivinio.com\/wp-content\/uploads\/2021\/01\/Logo-Ivinio-v2.jpg","contentUrl":"https:\/\/www.ivinio.com\/wp-content\/uploads\/2021\/01\/Logo-Ivinio-v2.jpg","width":1194,"height":1194,"caption":"IVINIO"},"image":{"@id":"https:\/\/www.ivinio.com\/en\/#\/schema\/logo\/image\/"},"sameAs":["https:\/\/www.facebook.com\/groups\/165217837022391\/?ref=bookmarks","https:\/\/www.instagram.com\/_ivinio_\/?hl=fr"]}]}},"jetpack_sharing_enabled":true,"_links":{"self":[{"href":"https:\/\/www.ivinio.com\/en\/wp-json\/wp\/v2\/product\/137508","targetHints":{"allow":["GET"]}}],"collection":[{"href":"https:\/\/www.ivinio.com\/en\/wp-json\/wp\/v2\/product"}],"about":[{"href":"https:\/\/www.ivinio.com\/en\/wp-json\/wp\/v2\/types\/product"}],"replies":[{"embeddable":true,"href":"https:\/\/www.ivinio.com\/en\/wp-json\/wp\/v2\/comments?post=137508"}],"wp:featuredmedia":[{"embeddable":true,"href":"https:\/\/www.ivinio.com\/en\/wp-json\/wp\/v2\/media\/137456"}],"wp:attachment":[{"href":"https:\/\/www.ivinio.com\/en\/wp-json\/wp\/v2\/media?parent=137508"}],"wp:term":[{"taxonomy":"product_brand","embeddable":true,"href":"https:\/\/www.ivinio.com\/en\/wp-json\/wp\/v2\/product_brand?post=137508"},{"taxonomy":"product_cat","embeddable":true,"href":"https:\/\/www.ivinio.com\/en\/wp-json\/wp\/v2\/product_cat?post=137508"},{"taxonomy":"product_tag","embeddable":true,"href":"https:\/\/www.ivinio.com\/en\/wp-json\/wp\/v2\/product_tag?post=137508"}],"curies":[{"name":"wp","href":"https:\/\/api.w.org\/{rel}","templated":true}]}}