{"id":137480,"date":"2025-04-25T17:58:49","date_gmt":"2025-04-30T09:46:08","guid":{"rendered":"https:\/\/www.ivinio.com\/product\/maitres-vignerons-de-la-presquile-de-saint-tropez-gold-white\/"},"modified":"2025-04-30T11:57:48","modified_gmt":"2025-04-30T09:57:48","slug":"maitres-vignerons-de-la-presquile-de-saint-tropez-gold-white","status":"publish","type":"product","link":"https:\/\/www.ivinio.com\/en\/product\/maitres-vignerons-de-la-presquile-de-saint-tropez-gold-white\/","title":{"rendered":"Ma\u00eetres vignerons de la presqu&#8217;\u00eele de Saint-Tropez &#8211; Gold &#8211; White"},"content":{"rendered":"<p>Ma\u00eetres vignerons de la presqu&#8217;\u00eele de Saint-Tropez &#8211; Gold &#8211; White wine is produced from Rolle, Clairette and Ugni Blanc. The grapes are selected from the best vineyards in the &#8220;Golden Triangle&#8221;, an exceptional terroir in the C\u00f4tes de Provence appellation, located between Cuers, Pierrefeu and Puget-Ville, at the foot of the Maures massif. The grapes are harvested early in the morning to take advantage of the freshness of the berries, then destemmed and cooled to 8\u00b0C. They are pressed directly with a light press to extract only the best must.<\/p>\n","protected":false},"excerpt":{"rendered":"<p>A dry, yet aromatic white wine with notes of citrus fruits, acacia flowers, lemon verbena and white-fleshed fruits.<\/p>\n","protected":false},"featured_media":137418,"comment_status":"open","ping_status":"closed","template":"","meta":{"_monsterinsights_skip_tracking":false,"_monsterinsights_sitenote_active":false,"_monsterinsights_sitenote_note":"","_monsterinsights_sitenote_category":0,"_uf_show_specific_survey":0,"_uf_disable_surveys":false},"product_brand":[],"product_cat":[36587,36623],"product_tag":[],"class_list":{"0":"post-137480","1":"product","2":"type-product","3":"status-publish","4":"has-post-thumbnail","6":"product_cat-french-wines","7":"product_cat-en-provence","8":"pa_alcohol-degree-13-en","9":"pa_classification-aop-cotes-de-provence-en","10":"pa_color-white-en","11":"pa_country-france-en","12":"pa_grape-variety-clairette-en","13":"pa_grape-variety-rolle-en","14":"pa_grape-variety-ugni-blanc-en","15":"pa_region-provence-en","16":"pa_storage-potential-a-couple-of-years","17":"pa_vintage-2023-en","18":"pa_volume-75-cl-en","20":"first","21":"instock","22":"sale","23":"taxable","24":"shipping-taxable","25":"purchasable","26":"product-type-simple"},"bundled_by":[],"bundle_stock_status":"instock","bundle_stock_quantity":null,"bundle_virtual":false,"bundle_layout":"","bundle_add_to_cart_form_location":"","bundle_editable_in_cart":false,"bundle_sold_individually_context":"","bundle_item_grouping":"","bundle_min_size":"","bundle_max_size":"","bundle_price":[],"bundled_items":[],"bundle_sell_ids":[],"yoast_head":"<!-- This site is optimized with the Yoast SEO plugin v27.4 - https:\/\/yoast.com\/product\/yoast-seo-wordpress\/ -->\n<title>Ma\u00eetres vignerons de la presqu&#039;\u00eele de Saint-Tropez - Gold - White wine - IVINIO Wine Shop<\/title>\n<meta name=\"description\" content=\"Ma\u00eetres vignerons de la presqu&#039;\u00eele de Saint-Tropez - Gold - White wine has aromatic notes of citrus fruits. The palate is round and full, but with good freshness.\" \/>\n<meta name=\"robots\" content=\"index, follow, max-snippet:-1, max-image-preview:large, max-video-preview:-1\" \/>\n<link rel=\"canonical\" href=\"https:\/\/www.ivinio.com\/en\/product\/maitres-vignerons-de-la-presquile-de-saint-tropez-gold-white\/\" \/>\n<meta property=\"og:locale\" content=\"en_US\" \/>\n<meta property=\"og:type\" content=\"article\" \/>\n<meta property=\"og:title\" content=\"Ma\u00eetres vignerons de la presqu&#039;\u00eele de Saint-Tropez - Gold - White wine - IVINIO Wine Shop\" \/>\n<meta property=\"og:description\" content=\"Ma\u00eetres vignerons de la presqu&#039;\u00eele de Saint-Tropez - Gold - White wine has aromatic notes of citrus fruits. The palate is round and full, but with good freshness.\" \/>\n<meta property=\"og:url\" content=\"https:\/\/www.ivinio.com\/en\/product\/maitres-vignerons-de-la-presquile-de-saint-tropez-gold-white\/\" \/>\n<meta property=\"og:site_name\" content=\"IVINIO Wine Shop\" \/>\n<meta property=\"article:publisher\" content=\"https:\/\/www.facebook.com\/groups\/165217837022391\/?ref=bookmarks\" \/>\n<meta property=\"article:modified_time\" content=\"2025-04-30T09:57:48+00:00\" \/>\n<meta property=\"og:image\" content=\"https:\/\/www.ivinio.com\/wp-content\/uploads\/2025\/04\/Maitres-vignerons-de-la-presquile-de-saint-tropez-Gold-IVINIO.jpg\" \/>\n\t<meta property=\"og:image:width\" content=\"500\" \/>\n\t<meta property=\"og:image:height\" content=\"500\" \/>\n\t<meta property=\"og:image:type\" content=\"image\/jpeg\" \/>\n<meta name=\"twitter:card\" content=\"summary_large_image\" \/>\n<meta name=\"twitter:label1\" content=\"Est. reading time\" \/>\n\t<meta name=\"twitter:data1\" content=\"1 minute\" \/>\n<script type=\"application\/ld+json\" class=\"yoast-schema-graph\">{\"@context\":\"https:\\\/\\\/schema.org\",\"@graph\":[{\"@type\":\"WebPage\",\"@id\":\"https:\\\/\\\/www.ivinio.com\\\/en\\\/product\\\/maitres-vignerons-de-la-presquile-de-saint-tropez-gold-white\\\/\",\"url\":\"https:\\\/\\\/www.ivinio.com\\\/en\\\/product\\\/maitres-vignerons-de-la-presquile-de-saint-tropez-gold-white\\\/\",\"name\":\"Ma\u00eetres vignerons de la presqu'\u00eele de Saint-Tropez - Gold - White wine - IVINIO Wine Shop\",\"isPartOf\":{\"@id\":\"https:\\\/\\\/www.ivinio.com\\\/en\\\/#website\"},\"primaryImageOfPage\":{\"@id\":\"https:\\\/\\\/www.ivinio.com\\\/en\\\/product\\\/maitres-vignerons-de-la-presquile-de-saint-tropez-gold-white\\\/#primaryimage\"},\"image\":{\"@id\":\"https:\\\/\\\/www.ivinio.com\\\/en\\\/product\\\/maitres-vignerons-de-la-presquile-de-saint-tropez-gold-white\\\/#primaryimage\"},\"thumbnailUrl\":\"https:\\\/\\\/www.ivinio.com\\\/wp-content\\\/uploads\\\/2025\\\/04\\\/Maitres-vignerons-de-la-presquile-de-saint-tropez-Gold-IVINIO.jpg\",\"datePublished\":\"2025-04-30T09:46:08+00:00\",\"dateModified\":\"2025-04-30T09:57:48+00:00\",\"description\":\"Ma\u00eetres vignerons de la presqu'\u00eele de Saint-Tropez - Gold - White wine has aromatic notes of citrus fruits. The palate is round and full, but with good freshness.\",\"breadcrumb\":{\"@id\":\"https:\\\/\\\/www.ivinio.com\\\/en\\\/product\\\/maitres-vignerons-de-la-presquile-de-saint-tropez-gold-white\\\/#breadcrumb\"},\"inLanguage\":\"en-US\",\"potentialAction\":[{\"@type\":\"ReadAction\",\"target\":[\"https:\\\/\\\/www.ivinio.com\\\/en\\\/product\\\/maitres-vignerons-de-la-presquile-de-saint-tropez-gold-white\\\/\"]}]},{\"@type\":\"ImageObject\",\"inLanguage\":\"en-US\",\"@id\":\"https:\\\/\\\/www.ivinio.com\\\/en\\\/product\\\/maitres-vignerons-de-la-presquile-de-saint-tropez-gold-white\\\/#primaryimage\",\"url\":\"https:\\\/\\\/www.ivinio.com\\\/wp-content\\\/uploads\\\/2025\\\/04\\\/Maitres-vignerons-de-la-presquile-de-saint-tropez-Gold-IVINIO.jpg\",\"contentUrl\":\"https:\\\/\\\/www.ivinio.com\\\/wp-content\\\/uploads\\\/2025\\\/04\\\/Maitres-vignerons-de-la-presquile-de-saint-tropez-Gold-IVINIO.jpg\",\"width\":500,\"height\":500,\"caption\":\"Ma\u00eetres vignerons de la presqu'\u00eele de Saint-Tropez - Gold\"},{\"@type\":\"BreadcrumbList\",\"@id\":\"https:\\\/\\\/www.ivinio.com\\\/en\\\/product\\\/maitres-vignerons-de-la-presquile-de-saint-tropez-gold-white\\\/#breadcrumb\",\"itemListElement\":[{\"@type\":\"ListItem\",\"position\":1,\"name\":\"Home\",\"item\":\"https:\\\/\\\/www.ivinio.com\\\/en\\\/\"},{\"@type\":\"ListItem\",\"position\":2,\"name\":\"Wine-shop\",\"item\":\"https:\\\/\\\/www.ivinio.com\\\/en\\\/wine-shop\\\/\"},{\"@type\":\"ListItem\",\"position\":3,\"name\":\"Ma\u00eetres vignerons de la presqu&#8217;\u00eele de Saint-Tropez &#8211; Gold &#8211; White\"}]},{\"@type\":\"WebSite\",\"@id\":\"https:\\\/\\\/www.ivinio.com\\\/en\\\/#website\",\"url\":\"https:\\\/\\\/www.ivinio.com\\\/en\\\/\",\"name\":\"IVINIO Wine Shop\",\"description\":\"French and Italian wines with delivery to your door\",\"publisher\":{\"@id\":\"https:\\\/\\\/www.ivinio.com\\\/en\\\/#organization\"},\"potentialAction\":[{\"@type\":\"SearchAction\",\"target\":{\"@type\":\"EntryPoint\",\"urlTemplate\":\"https:\\\/\\\/www.ivinio.com\\\/en\\\/?s={search_term_string}\"},\"query-input\":{\"@type\":\"PropertyValueSpecification\",\"valueRequired\":true,\"valueName\":\"search_term_string\"}}],\"inLanguage\":\"en-US\"},{\"@type\":\"Organization\",\"@id\":\"https:\\\/\\\/www.ivinio.com\\\/en\\\/#organization\",\"name\":\"IVINIO\",\"url\":\"https:\\\/\\\/www.ivinio.com\\\/en\\\/\",\"logo\":{\"@type\":\"ImageObject\",\"inLanguage\":\"en-US\",\"@id\":\"https:\\\/\\\/www.ivinio.com\\\/en\\\/#\\\/schema\\\/logo\\\/image\\\/\",\"url\":\"https:\\\/\\\/www.ivinio.com\\\/wp-content\\\/uploads\\\/2021\\\/01\\\/Logo-Ivinio-v2.jpg\",\"contentUrl\":\"https:\\\/\\\/www.ivinio.com\\\/wp-content\\\/uploads\\\/2021\\\/01\\\/Logo-Ivinio-v2.jpg\",\"width\":1194,\"height\":1194,\"caption\":\"IVINIO\"},\"image\":{\"@id\":\"https:\\\/\\\/www.ivinio.com\\\/en\\\/#\\\/schema\\\/logo\\\/image\\\/\"},\"sameAs\":[\"https:\\\/\\\/www.facebook.com\\\/groups\\\/165217837022391\\\/?ref=bookmarks\",\"https:\\\/\\\/www.instagram.com\\\/_ivinio_\\\/?hl=fr\"]}]}<\/script>\n<!-- \/ Yoast SEO plugin. -->","yoast_head_json":{"title":"Ma\u00eetres vignerons de la presqu'\u00eele de Saint-Tropez - Gold - White wine - IVINIO Wine Shop","description":"Ma\u00eetres vignerons de la presqu'\u00eele de Saint-Tropez - Gold - White wine has aromatic notes of citrus fruits. The palate is round and full, but with good freshness.","robots":{"index":"index","follow":"follow","max-snippet":"max-snippet:-1","max-image-preview":"max-image-preview:large","max-video-preview":"max-video-preview:-1"},"canonical":"https:\/\/www.ivinio.com\/en\/product\/maitres-vignerons-de-la-presquile-de-saint-tropez-gold-white\/","og_locale":"en_US","og_type":"article","og_title":"Ma\u00eetres vignerons de la presqu'\u00eele de Saint-Tropez - Gold - White wine - IVINIO Wine Shop","og_description":"Ma\u00eetres vignerons de la presqu'\u00eele de Saint-Tropez - Gold - White wine has aromatic notes of citrus fruits. The palate is round and full, but with good freshness.","og_url":"https:\/\/www.ivinio.com\/en\/product\/maitres-vignerons-de-la-presquile-de-saint-tropez-gold-white\/","og_site_name":"IVINIO Wine Shop","article_publisher":"https:\/\/www.facebook.com\/groups\/165217837022391\/?ref=bookmarks","article_modified_time":"2025-04-30T09:57:48+00:00","og_image":[{"width":500,"height":500,"url":"https:\/\/www.ivinio.com\/wp-content\/uploads\/2025\/04\/Maitres-vignerons-de-la-presquile-de-saint-tropez-Gold-IVINIO.jpg","type":"image\/jpeg"}],"twitter_card":"summary_large_image","twitter_misc":{"Est. reading time":"1 minute"},"schema":{"@context":"https:\/\/schema.org","@graph":[{"@type":"WebPage","@id":"https:\/\/www.ivinio.com\/en\/product\/maitres-vignerons-de-la-presquile-de-saint-tropez-gold-white\/","url":"https:\/\/www.ivinio.com\/en\/product\/maitres-vignerons-de-la-presquile-de-saint-tropez-gold-white\/","name":"Ma\u00eetres vignerons de la presqu'\u00eele de Saint-Tropez - Gold - White wine - IVINIO Wine Shop","isPartOf":{"@id":"https:\/\/www.ivinio.com\/en\/#website"},"primaryImageOfPage":{"@id":"https:\/\/www.ivinio.com\/en\/product\/maitres-vignerons-de-la-presquile-de-saint-tropez-gold-white\/#primaryimage"},"image":{"@id":"https:\/\/www.ivinio.com\/en\/product\/maitres-vignerons-de-la-presquile-de-saint-tropez-gold-white\/#primaryimage"},"thumbnailUrl":"https:\/\/www.ivinio.com\/wp-content\/uploads\/2025\/04\/Maitres-vignerons-de-la-presquile-de-saint-tropez-Gold-IVINIO.jpg","datePublished":"2025-04-30T09:46:08+00:00","dateModified":"2025-04-30T09:57:48+00:00","description":"Ma\u00eetres vignerons de la presqu'\u00eele de Saint-Tropez - Gold - White wine has aromatic notes of citrus fruits. The palate is round and full, but with good freshness.","breadcrumb":{"@id":"https:\/\/www.ivinio.com\/en\/product\/maitres-vignerons-de-la-presquile-de-saint-tropez-gold-white\/#breadcrumb"},"inLanguage":"en-US","potentialAction":[{"@type":"ReadAction","target":["https:\/\/www.ivinio.com\/en\/product\/maitres-vignerons-de-la-presquile-de-saint-tropez-gold-white\/"]}]},{"@type":"ImageObject","inLanguage":"en-US","@id":"https:\/\/www.ivinio.com\/en\/product\/maitres-vignerons-de-la-presquile-de-saint-tropez-gold-white\/#primaryimage","url":"https:\/\/www.ivinio.com\/wp-content\/uploads\/2025\/04\/Maitres-vignerons-de-la-presquile-de-saint-tropez-Gold-IVINIO.jpg","contentUrl":"https:\/\/www.ivinio.com\/wp-content\/uploads\/2025\/04\/Maitres-vignerons-de-la-presquile-de-saint-tropez-Gold-IVINIO.jpg","width":500,"height":500,"caption":"Ma\u00eetres vignerons de la presqu'\u00eele de Saint-Tropez - Gold"},{"@type":"BreadcrumbList","@id":"https:\/\/www.ivinio.com\/en\/product\/maitres-vignerons-de-la-presquile-de-saint-tropez-gold-white\/#breadcrumb","itemListElement":[{"@type":"ListItem","position":1,"name":"Home","item":"https:\/\/www.ivinio.com\/en\/"},{"@type":"ListItem","position":2,"name":"Wine-shop","item":"https:\/\/www.ivinio.com\/en\/wine-shop\/"},{"@type":"ListItem","position":3,"name":"Ma\u00eetres vignerons de la presqu&#8217;\u00eele de Saint-Tropez &#8211; Gold &#8211; White"}]},{"@type":"WebSite","@id":"https:\/\/www.ivinio.com\/en\/#website","url":"https:\/\/www.ivinio.com\/en\/","name":"IVINIO Wine Shop","description":"French and Italian wines with delivery to your door","publisher":{"@id":"https:\/\/www.ivinio.com\/en\/#organization"},"potentialAction":[{"@type":"SearchAction","target":{"@type":"EntryPoint","urlTemplate":"https:\/\/www.ivinio.com\/en\/?s={search_term_string}"},"query-input":{"@type":"PropertyValueSpecification","valueRequired":true,"valueName":"search_term_string"}}],"inLanguage":"en-US"},{"@type":"Organization","@id":"https:\/\/www.ivinio.com\/en\/#organization","name":"IVINIO","url":"https:\/\/www.ivinio.com\/en\/","logo":{"@type":"ImageObject","inLanguage":"en-US","@id":"https:\/\/www.ivinio.com\/en\/#\/schema\/logo\/image\/","url":"https:\/\/www.ivinio.com\/wp-content\/uploads\/2021\/01\/Logo-Ivinio-v2.jpg","contentUrl":"https:\/\/www.ivinio.com\/wp-content\/uploads\/2021\/01\/Logo-Ivinio-v2.jpg","width":1194,"height":1194,"caption":"IVINIO"},"image":{"@id":"https:\/\/www.ivinio.com\/en\/#\/schema\/logo\/image\/"},"sameAs":["https:\/\/www.facebook.com\/groups\/165217837022391\/?ref=bookmarks","https:\/\/www.instagram.com\/_ivinio_\/?hl=fr"]}]}},"jetpack_sharing_enabled":true,"_links":{"self":[{"href":"https:\/\/www.ivinio.com\/en\/wp-json\/wp\/v2\/product\/137480","targetHints":{"allow":["GET"]}}],"collection":[{"href":"https:\/\/www.ivinio.com\/en\/wp-json\/wp\/v2\/product"}],"about":[{"href":"https:\/\/www.ivinio.com\/en\/wp-json\/wp\/v2\/types\/product"}],"replies":[{"embeddable":true,"href":"https:\/\/www.ivinio.com\/en\/wp-json\/wp\/v2\/comments?post=137480"}],"wp:featuredmedia":[{"embeddable":true,"href":"https:\/\/www.ivinio.com\/en\/wp-json\/wp\/v2\/media\/137418"}],"wp:attachment":[{"href":"https:\/\/www.ivinio.com\/en\/wp-json\/wp\/v2\/media?parent=137480"}],"wp:term":[{"taxonomy":"product_brand","embeddable":true,"href":"https:\/\/www.ivinio.com\/en\/wp-json\/wp\/v2\/product_brand?post=137480"},{"taxonomy":"product_cat","embeddable":true,"href":"https:\/\/www.ivinio.com\/en\/wp-json\/wp\/v2\/product_cat?post=137480"},{"taxonomy":"product_tag","embeddable":true,"href":"https:\/\/www.ivinio.com\/en\/wp-json\/wp\/v2\/product_tag?post=137480"}],"curies":[{"name":"wp","href":"https:\/\/api.w.org\/{rel}","templated":true}]}}