{"id":137356,"date":"2025-04-18T17:28:28","date_gmt":"2025-04-18T15:28:39","guid":{"rendered":"https:\/\/www.ivinio.com\/?post_type=product&#038;p=137356"},"modified":"2025-04-29T19:45:22","modified_gmt":"2025-04-29T17:45:22","slug":"champagne-deutz-rose-brut-kopia","status":"publish","type":"product","link":"https:\/\/www.ivinio.com\/en\/product\/champagne-deutz-rose-brut-kopia\/","title":{"rendered":"Champagne Deutz &#8211; Ros\u00e9 Sakura Brut"},"content":{"rendered":"<p>Champagne Deutz &#8211; Ros\u00e9 Sakura Brut is a ros\u00e9 Champagne &#8220;Limited Edition&#8221;. <span style=\"font-size: 1rem;\">The word &#8220;Sakura&#8221; refers to the Japanese cherry tree and its beautiful pink flowers. To celebrate spring, Maison Deutz has created this limited edition of its Brut Ros\u00e9.  The wine<\/span><span style=\"font-size: 1rem;\"> <\/span><span style=\"font-size: 1rem;\">is made from approximately 90% Pinot noir grapes grown on the Montage de Reims and the rest is Chardonnay. The beautiful pink color is achieved by adding approximately 8% Pinot noir red wine from &#8220;Vieilles vignes&#8221; grape vines located on a smaller area near A\u00ff, called &#8220;Meurtet&#8221;. The finished wine is aged for 3 years on its lees to mature and merge into its final elegant structure.  <\/span><\/p>\n","protected":false},"excerpt":{"rendered":"<p>Champagne Deutz Sakura Ros\u00e9 Brut is a ros\u00e9 champagne that refers to the Japanese pink cherry trees &#8211; Limited Edition!<\/p>\n","protected":false},"featured_media":137377,"comment_status":"open","ping_status":"closed","template":"","meta":{"_monsterinsights_skip_tracking":false,"_monsterinsights_sitenote_active":false,"_monsterinsights_sitenote_note":"","_monsterinsights_sitenote_category":0,"_uf_show_specific_survey":0,"_uf_disable_surveys":false},"product_brand":[],"product_cat":[36614,36587],"product_tag":[],"class_list":{"0":"post-137356","1":"product","2":"type-product","3":"status-publish","4":"has-post-thumbnail","6":"product_cat-en-champagne","7":"product_cat-french-wines","8":"pa_alcohol-degree-12-en","9":"pa_awards-bettanedesseauve-en","10":"pa_awards-la-revue-du-vins-de-france-en","11":"pa_awards-the-wine-advocate-en","12":"pa_awards-wine-spectator-en","13":"pa_classification-aop-champagne-en","14":"pa_color-sparkling-en","15":"pa_country-france-en","16":"pa_grape-variety-chardonnay-en","17":"pa_grape-variety-pinot-noir","18":"pa_package-1x1-en","19":"pa_package-1x6-en","20":"pa_region-champagne","21":"pa_storage-potential-3-years-en","22":"pa_volume-75-cl-en","24":"first","25":"instock","26":"taxable","27":"shipping-taxable","28":"purchasable","29":"product-type-variable"},"bundled_by":["137477"],"bundle_stock_status":"instock","bundle_stock_quantity":null,"bundle_virtual":false,"bundle_layout":"","bundle_add_to_cart_form_location":"","bundle_editable_in_cart":false,"bundle_sold_individually_context":"","bundle_item_grouping":"","bundle_min_size":"","bundle_max_size":"","bundle_price":[],"bundled_items":[],"bundle_sell_ids":[],"yoast_head":"<!-- This site is optimized with the Yoast SEO plugin v27.4 - https:\/\/yoast.com\/product\/yoast-seo-wordpress\/ -->\n<title>Buy Champagne Deutz - Ros\u00e9 Sakura Brut - IVINIO Wine Shop<\/title>\n<meta name=\"description\" content=\"Buy Champagne Deutz - Ros\u00e9 Sakura Brut. A round and fruity ros\u00e9 Champagne with hints of cherry, blackberry, pomegranate and red currant.\" \/>\n<meta name=\"robots\" content=\"index, follow, max-snippet:-1, max-image-preview:large, max-video-preview:-1\" \/>\n<link rel=\"canonical\" href=\"https:\/\/www.ivinio.com\/en\/product\/champagne-deutz-rose-brut-kopia\/\" \/>\n<meta property=\"og:locale\" content=\"en_US\" \/>\n<meta property=\"og:type\" content=\"article\" \/>\n<meta property=\"og:title\" content=\"Buy Champagne Deutz - Ros\u00e9 Sakura Brut - IVINIO Wine Shop\" \/>\n<meta property=\"og:description\" content=\"Buy Champagne Deutz - Ros\u00e9 Sakura Brut. A round and fruity ros\u00e9 Champagne with hints of cherry, blackberry, pomegranate and red currant.\" \/>\n<meta property=\"og:url\" content=\"https:\/\/www.ivinio.com\/en\/product\/champagne-deutz-rose-brut-kopia\/\" \/>\n<meta property=\"og:site_name\" content=\"IVINIO Wine Shop\" \/>\n<meta property=\"article:publisher\" content=\"https:\/\/www.facebook.com\/groups\/165217837022391\/?ref=bookmarks\" \/>\n<meta property=\"article:modified_time\" content=\"2025-04-29T17:45:22+00:00\" \/>\n<meta property=\"og:image\" content=\"https:\/\/www.ivinio.com\/wp-content\/uploads\/2025\/04\/Champagne-Deutz-rose-Sakura-IVINIO.jpg\" \/>\n\t<meta property=\"og:image:width\" content=\"500\" \/>\n\t<meta property=\"og:image:height\" content=\"500\" \/>\n\t<meta property=\"og:image:type\" content=\"image\/jpeg\" \/>\n<meta name=\"twitter:card\" content=\"summary_large_image\" \/>\n<meta name=\"twitter:label1\" content=\"Est. reading time\" \/>\n\t<meta name=\"twitter:data1\" content=\"1 minute\" \/>\n<script type=\"application\/ld+json\" class=\"yoast-schema-graph\">{\"@context\":\"https:\\\/\\\/schema.org\",\"@graph\":[{\"@type\":\"WebPage\",\"@id\":\"https:\\\/\\\/www.ivinio.com\\\/en\\\/product\\\/champagne-deutz-rose-brut-kopia\\\/\",\"url\":\"https:\\\/\\\/www.ivinio.com\\\/en\\\/product\\\/champagne-deutz-rose-brut-kopia\\\/\",\"name\":\"Buy Champagne Deutz - Ros\u00e9 Sakura Brut - IVINIO Wine Shop\",\"isPartOf\":{\"@id\":\"https:\\\/\\\/www.ivinio.com\\\/en\\\/#website\"},\"primaryImageOfPage\":{\"@id\":\"https:\\\/\\\/www.ivinio.com\\\/en\\\/product\\\/champagne-deutz-rose-brut-kopia\\\/#primaryimage\"},\"image\":{\"@id\":\"https:\\\/\\\/www.ivinio.com\\\/en\\\/product\\\/champagne-deutz-rose-brut-kopia\\\/#primaryimage\"},\"thumbnailUrl\":\"https:\\\/\\\/www.ivinio.com\\\/wp-content\\\/uploads\\\/2025\\\/04\\\/Champagne-Deutz-rose-Sakura-IVINIO.jpg\",\"datePublished\":\"2025-04-18T15:28:39+00:00\",\"dateModified\":\"2025-04-29T17:45:22+00:00\",\"description\":\"Buy Champagne Deutz - Ros\u00e9 Sakura Brut. A round and fruity ros\u00e9 Champagne with hints of cherry, blackberry, pomegranate and red currant.\",\"breadcrumb\":{\"@id\":\"https:\\\/\\\/www.ivinio.com\\\/en\\\/product\\\/champagne-deutz-rose-brut-kopia\\\/#breadcrumb\"},\"inLanguage\":\"en-US\",\"potentialAction\":[{\"@type\":\"ReadAction\",\"target\":[\"https:\\\/\\\/www.ivinio.com\\\/en\\\/product\\\/champagne-deutz-rose-brut-kopia\\\/\"]}]},{\"@type\":\"ImageObject\",\"inLanguage\":\"en-US\",\"@id\":\"https:\\\/\\\/www.ivinio.com\\\/en\\\/product\\\/champagne-deutz-rose-brut-kopia\\\/#primaryimage\",\"url\":\"https:\\\/\\\/www.ivinio.com\\\/wp-content\\\/uploads\\\/2025\\\/04\\\/Champagne-Deutz-rose-Sakura-IVINIO.jpg\",\"contentUrl\":\"https:\\\/\\\/www.ivinio.com\\\/wp-content\\\/uploads\\\/2025\\\/04\\\/Champagne-Deutz-rose-Sakura-IVINIO.jpg\",\"width\":500,\"height\":500},{\"@type\":\"BreadcrumbList\",\"@id\":\"https:\\\/\\\/www.ivinio.com\\\/en\\\/product\\\/champagne-deutz-rose-brut-kopia\\\/#breadcrumb\",\"itemListElement\":[{\"@type\":\"ListItem\",\"position\":1,\"name\":\"Home\",\"item\":\"https:\\\/\\\/www.ivinio.com\\\/en\\\/\"},{\"@type\":\"ListItem\",\"position\":2,\"name\":\"Wine-shop\",\"item\":\"https:\\\/\\\/www.ivinio.com\\\/en\\\/wine-shop\\\/\"},{\"@type\":\"ListItem\",\"position\":3,\"name\":\"Champagne Deutz &#8211; Ros\u00e9 Sakura Brut\"}]},{\"@type\":\"WebSite\",\"@id\":\"https:\\\/\\\/www.ivinio.com\\\/en\\\/#website\",\"url\":\"https:\\\/\\\/www.ivinio.com\\\/en\\\/\",\"name\":\"IVINIO Wine Shop\",\"description\":\"French and Italian wines with delivery to your door\",\"publisher\":{\"@id\":\"https:\\\/\\\/www.ivinio.com\\\/en\\\/#organization\"},\"potentialAction\":[{\"@type\":\"SearchAction\",\"target\":{\"@type\":\"EntryPoint\",\"urlTemplate\":\"https:\\\/\\\/www.ivinio.com\\\/en\\\/?s={search_term_string}\"},\"query-input\":{\"@type\":\"PropertyValueSpecification\",\"valueRequired\":true,\"valueName\":\"search_term_string\"}}],\"inLanguage\":\"en-US\"},{\"@type\":\"Organization\",\"@id\":\"https:\\\/\\\/www.ivinio.com\\\/en\\\/#organization\",\"name\":\"IVINIO\",\"url\":\"https:\\\/\\\/www.ivinio.com\\\/en\\\/\",\"logo\":{\"@type\":\"ImageObject\",\"inLanguage\":\"en-US\",\"@id\":\"https:\\\/\\\/www.ivinio.com\\\/en\\\/#\\\/schema\\\/logo\\\/image\\\/\",\"url\":\"https:\\\/\\\/www.ivinio.com\\\/wp-content\\\/uploads\\\/2021\\\/01\\\/Logo-Ivinio-v2.jpg\",\"contentUrl\":\"https:\\\/\\\/www.ivinio.com\\\/wp-content\\\/uploads\\\/2021\\\/01\\\/Logo-Ivinio-v2.jpg\",\"width\":1194,\"height\":1194,\"caption\":\"IVINIO\"},\"image\":{\"@id\":\"https:\\\/\\\/www.ivinio.com\\\/en\\\/#\\\/schema\\\/logo\\\/image\\\/\"},\"sameAs\":[\"https:\\\/\\\/www.facebook.com\\\/groups\\\/165217837022391\\\/?ref=bookmarks\",\"https:\\\/\\\/www.instagram.com\\\/_ivinio_\\\/?hl=fr\"]}]}<\/script>\n<!-- \/ Yoast SEO plugin. -->","yoast_head_json":{"title":"Buy Champagne Deutz - Ros\u00e9 Sakura Brut - IVINIO Wine Shop","description":"Buy Champagne Deutz - Ros\u00e9 Sakura Brut. A round and fruity ros\u00e9 Champagne with hints of cherry, blackberry, pomegranate and red currant.","robots":{"index":"index","follow":"follow","max-snippet":"max-snippet:-1","max-image-preview":"max-image-preview:large","max-video-preview":"max-video-preview:-1"},"canonical":"https:\/\/www.ivinio.com\/en\/product\/champagne-deutz-rose-brut-kopia\/","og_locale":"en_US","og_type":"article","og_title":"Buy Champagne Deutz - Ros\u00e9 Sakura Brut - IVINIO Wine Shop","og_description":"Buy Champagne Deutz - Ros\u00e9 Sakura Brut. A round and fruity ros\u00e9 Champagne with hints of cherry, blackberry, pomegranate and red currant.","og_url":"https:\/\/www.ivinio.com\/en\/product\/champagne-deutz-rose-brut-kopia\/","og_site_name":"IVINIO Wine Shop","article_publisher":"https:\/\/www.facebook.com\/groups\/165217837022391\/?ref=bookmarks","article_modified_time":"2025-04-29T17:45:22+00:00","og_image":[{"width":500,"height":500,"url":"https:\/\/www.ivinio.com\/wp-content\/uploads\/2025\/04\/Champagne-Deutz-rose-Sakura-IVINIO.jpg","type":"image\/jpeg"}],"twitter_card":"summary_large_image","twitter_misc":{"Est. reading time":"1 minute"},"schema":{"@context":"https:\/\/schema.org","@graph":[{"@type":"WebPage","@id":"https:\/\/www.ivinio.com\/en\/product\/champagne-deutz-rose-brut-kopia\/","url":"https:\/\/www.ivinio.com\/en\/product\/champagne-deutz-rose-brut-kopia\/","name":"Buy Champagne Deutz - Ros\u00e9 Sakura Brut - IVINIO Wine Shop","isPartOf":{"@id":"https:\/\/www.ivinio.com\/en\/#website"},"primaryImageOfPage":{"@id":"https:\/\/www.ivinio.com\/en\/product\/champagne-deutz-rose-brut-kopia\/#primaryimage"},"image":{"@id":"https:\/\/www.ivinio.com\/en\/product\/champagne-deutz-rose-brut-kopia\/#primaryimage"},"thumbnailUrl":"https:\/\/www.ivinio.com\/wp-content\/uploads\/2025\/04\/Champagne-Deutz-rose-Sakura-IVINIO.jpg","datePublished":"2025-04-18T15:28:39+00:00","dateModified":"2025-04-29T17:45:22+00:00","description":"Buy Champagne Deutz - Ros\u00e9 Sakura Brut. A round and fruity ros\u00e9 Champagne with hints of cherry, blackberry, pomegranate and red currant.","breadcrumb":{"@id":"https:\/\/www.ivinio.com\/en\/product\/champagne-deutz-rose-brut-kopia\/#breadcrumb"},"inLanguage":"en-US","potentialAction":[{"@type":"ReadAction","target":["https:\/\/www.ivinio.com\/en\/product\/champagne-deutz-rose-brut-kopia\/"]}]},{"@type":"ImageObject","inLanguage":"en-US","@id":"https:\/\/www.ivinio.com\/en\/product\/champagne-deutz-rose-brut-kopia\/#primaryimage","url":"https:\/\/www.ivinio.com\/wp-content\/uploads\/2025\/04\/Champagne-Deutz-rose-Sakura-IVINIO.jpg","contentUrl":"https:\/\/www.ivinio.com\/wp-content\/uploads\/2025\/04\/Champagne-Deutz-rose-Sakura-IVINIO.jpg","width":500,"height":500},{"@type":"BreadcrumbList","@id":"https:\/\/www.ivinio.com\/en\/product\/champagne-deutz-rose-brut-kopia\/#breadcrumb","itemListElement":[{"@type":"ListItem","position":1,"name":"Home","item":"https:\/\/www.ivinio.com\/en\/"},{"@type":"ListItem","position":2,"name":"Wine-shop","item":"https:\/\/www.ivinio.com\/en\/wine-shop\/"},{"@type":"ListItem","position":3,"name":"Champagne Deutz &#8211; Ros\u00e9 Sakura Brut"}]},{"@type":"WebSite","@id":"https:\/\/www.ivinio.com\/en\/#website","url":"https:\/\/www.ivinio.com\/en\/","name":"IVINIO Wine Shop","description":"French and Italian wines with delivery to your door","publisher":{"@id":"https:\/\/www.ivinio.com\/en\/#organization"},"potentialAction":[{"@type":"SearchAction","target":{"@type":"EntryPoint","urlTemplate":"https:\/\/www.ivinio.com\/en\/?s={search_term_string}"},"query-input":{"@type":"PropertyValueSpecification","valueRequired":true,"valueName":"search_term_string"}}],"inLanguage":"en-US"},{"@type":"Organization","@id":"https:\/\/www.ivinio.com\/en\/#organization","name":"IVINIO","url":"https:\/\/www.ivinio.com\/en\/","logo":{"@type":"ImageObject","inLanguage":"en-US","@id":"https:\/\/www.ivinio.com\/en\/#\/schema\/logo\/image\/","url":"https:\/\/www.ivinio.com\/wp-content\/uploads\/2021\/01\/Logo-Ivinio-v2.jpg","contentUrl":"https:\/\/www.ivinio.com\/wp-content\/uploads\/2021\/01\/Logo-Ivinio-v2.jpg","width":1194,"height":1194,"caption":"IVINIO"},"image":{"@id":"https:\/\/www.ivinio.com\/en\/#\/schema\/logo\/image\/"},"sameAs":["https:\/\/www.facebook.com\/groups\/165217837022391\/?ref=bookmarks","https:\/\/www.instagram.com\/_ivinio_\/?hl=fr"]}]}},"jetpack_sharing_enabled":true,"_links":{"self":[{"href":"https:\/\/www.ivinio.com\/en\/wp-json\/wp\/v2\/product\/137356","targetHints":{"allow":["GET"]}}],"collection":[{"href":"https:\/\/www.ivinio.com\/en\/wp-json\/wp\/v2\/product"}],"about":[{"href":"https:\/\/www.ivinio.com\/en\/wp-json\/wp\/v2\/types\/product"}],"replies":[{"embeddable":true,"href":"https:\/\/www.ivinio.com\/en\/wp-json\/wp\/v2\/comments?post=137356"}],"wp:featuredmedia":[{"embeddable":true,"href":"https:\/\/www.ivinio.com\/en\/wp-json\/wp\/v2\/media\/137377"}],"wp:attachment":[{"href":"https:\/\/www.ivinio.com\/en\/wp-json\/wp\/v2\/media?parent=137356"}],"wp:term":[{"taxonomy":"product_brand","embeddable":true,"href":"https:\/\/www.ivinio.com\/en\/wp-json\/wp\/v2\/product_brand?post=137356"},{"taxonomy":"product_cat","embeddable":true,"href":"https:\/\/www.ivinio.com\/en\/wp-json\/wp\/v2\/product_cat?post=137356"},{"taxonomy":"product_tag","embeddable":true,"href":"https:\/\/www.ivinio.com\/en\/wp-json\/wp\/v2\/product_tag?post=137356"}],"curies":[{"name":"wp","href":"https:\/\/api.w.org\/{rel}","templated":true}]}}