{"id":135758,"date":"2024-07-17T18:14:54","date_gmt":"2024-07-19T16:56:03","guid":{"rendered":"https:\/\/www.ivinio.com\/product\/domaine-marie-berenice-bandol-mixed-wine-case-2x3-bottles\/"},"modified":"2024-07-19T18:56:03","modified_gmt":"2024-07-19T16:56:03","slug":"domaine-marie-berenice-bandol-mixed-wine-case-2x3-bottles","status":"publish","type":"product","link":"https:\/\/www.ivinio.com\/en\/product\/domaine-marie-berenice-bandol-mixed-wine-case-2x3-bottles\/","title":{"rendered":"Domaine Marie B\u00e9r\u00e9nice \u2013 Bandol \u2013 Mixed wine case 2&#215;3 bottles"},"content":{"rendered":"<p>A lovely summer offer with refreshing ros\u00e9 and white wines from prestigious Bandol in Provence ! You receive 3 bottles of each color in this mixed wine box from Domaine Marie B\u00e9r\u00e9nice in Bandol &#8211; 3 bottles of ros\u00e9 and 3 bottles of white. The box is currently proposed to a discount price. NOTE Take advantage while it lasts &#8211; limited stock!<\/p>\n","protected":false},"excerpt":{"rendered":"<p>In this mixed wine box you will find 3 bottles of ros\u00e9 and 3 bottles of white from Domaine Marie B\u00e9r\u00e9nice in Bandol!<\/p>\n","protected":false},"featured_media":135742,"comment_status":"open","ping_status":"closed","template":"","meta":{"_monsterinsights_skip_tracking":false,"_monsterinsights_sitenote_active":false,"_monsterinsights_sitenote_note":"","_monsterinsights_sitenote_category":0,"_uf_show_specific_survey":0,"_uf_disable_surveys":false},"product_brand":[],"product_cat":[36644],"product_tag":[],"class_list":{"0":"post-135758","1":"product","2":"type-product","3":"status-publish","4":"has-post-thumbnail","6":"product_cat-mixed-wine-cases","7":"pa_classification-aop-bandol-en","8":"pa_color-rose-en","9":"pa_color-white-en","10":"pa_grape-variety-cinsault-en","11":"pa_grape-variety-clairette-en","12":"pa_grape-variety-grenache-en","13":"pa_grape-variety-mourvedre","14":"pa_grape-variety-ugni-blanc-en","16":"first","17":"instock","18":"sale","19":"virtual","20":"taxable","21":"purchasable","22":"product-type-bundle"},"bundled_by":[],"bundle_stock_status":"insufficientstock","bundle_stock_quantity":0,"bundle_virtual":false,"bundle_layout":"grid","bundle_add_to_cart_form_location":"default","bundle_editable_in_cart":false,"bundle_sold_individually_context":"product","bundle_item_grouping":"parent","bundle_min_size":"","bundle_max_size":"","bundle_price":{"price":{"min":{"incl_tax":"64.5","excl_tax":"64.5"},"max":{"incl_tax":"64.5","excl_tax":"64.5"}},"regular_price":{"min":{"incl_tax":"89.5","excl_tax":"89.5"},"max":{"incl_tax":"89.5","excl_tax":"89.5"}}},"bundled_items":[{"bundled_item_id":9051,"product_id":135752,"menu_order":0,"quantity_min":3,"quantity_max":3,"quantity_default":3,"priced_individually":false,"shipped_individually":false,"override_title":false,"title":"Domaine Marie B\u00e9r\u00e9nice &#8211; Bandol &#8211; Ros\u00e9","override_description":false,"description":"Domaine Marie B\u00e9r\u00e9nice &#8211; Bandol &#8211; Ros\u00e9","optional":false,"hide_thumbnail":false,"discount":"","override_variations":false,"allowed_variations":[""],"override_default_variation_attributes":false,"default_variation_attributes":[],"single_product_visibility":"visible","cart_visibility":"visible","order_visibility":"visible","single_product_price_visibility":"visible","cart_price_visibility":"visible","order_price_visibility":"visible","stock_status":"out_of_stock"},{"bundled_item_id":9052,"product_id":135755,"menu_order":1,"quantity_min":3,"quantity_max":3,"quantity_default":3,"priced_individually":false,"shipped_individually":false,"override_title":false,"title":"Domaine Marie B\u00e9r\u00e9nice &#8211; Bandol &#8211; White","override_description":false,"description":"Domaine Marie B\u00e9r\u00e9nice &#8211; Bandol &#8211; White","optional":false,"hide_thumbnail":false,"discount":"","override_variations":false,"allowed_variations":[""],"override_default_variation_attributes":false,"default_variation_attributes":[],"single_product_visibility":"visible","cart_visibility":"visible","order_visibility":"visible","single_product_price_visibility":"visible","cart_price_visibility":"visible","order_price_visibility":"visible","stock_status":"in_stock"}],"bundle_sell_ids":[],"yoast_head":"<!-- This site is optimized with the Yoast SEO plugin v27.4 - https:\/\/yoast.com\/product\/yoast-seo-wordpress\/ -->\n<title>Domaine Marie B\u00e9r\u00e9nice \u2013 Bandol \u2013 Mixed wine case 2x3 bottles - IVINIO Wine Shop<\/title>\n<meta name=\"description\" content=\"Domaine Marie B\u00e9r\u00e9nice \u2013 Bandol \u2013 Mixed wine case 2x3 bottles. A lovely mixed box of white and ros\u00e9 wine from prestigious Bandol with discount price.\" \/>\n<meta name=\"robots\" content=\"index, follow, max-snippet:-1, max-image-preview:large, max-video-preview:-1\" \/>\n<link rel=\"canonical\" href=\"https:\/\/www.ivinio.com\/en\/product\/domaine-marie-berenice-bandol-mixed-wine-case-2x3-bottles\/\" \/>\n<meta property=\"og:locale\" content=\"en_US\" \/>\n<meta property=\"og:type\" content=\"article\" \/>\n<meta property=\"og:title\" content=\"Domaine Marie B\u00e9r\u00e9nice \u2013 Bandol \u2013 Mixed wine case 2x3 bottles - IVINIO Wine Shop\" \/>\n<meta property=\"og:description\" content=\"Domaine Marie B\u00e9r\u00e9nice \u2013 Bandol \u2013 Mixed wine case 2x3 bottles. A lovely mixed box of white and ros\u00e9 wine from prestigious Bandol with discount price.\" \/>\n<meta property=\"og:url\" content=\"https:\/\/www.ivinio.com\/en\/product\/domaine-marie-berenice-bandol-mixed-wine-case-2x3-bottles\/\" \/>\n<meta property=\"og:site_name\" content=\"IVINIO Wine Shop\" \/>\n<meta property=\"article:publisher\" content=\"https:\/\/www.facebook.com\/groups\/165217837022391\/?ref=bookmarks\" \/>\n<meta property=\"og:image\" content=\"https:\/\/www.ivinio.com\/wp-content\/uploads\/2024\/07\/Domaine-Marie-Berenice-mix-.jpg\" \/>\n\t<meta property=\"og:image:width\" content=\"500\" \/>\n\t<meta property=\"og:image:height\" content=\"500\" \/>\n\t<meta property=\"og:image:type\" content=\"image\/jpeg\" \/>\n<meta name=\"twitter:card\" content=\"summary_large_image\" \/>\n<script type=\"application\/ld+json\" class=\"yoast-schema-graph\">{\"@context\":\"https:\\\/\\\/schema.org\",\"@graph\":[{\"@type\":\"WebPage\",\"@id\":\"https:\\\/\\\/www.ivinio.com\\\/en\\\/product\\\/domaine-marie-berenice-bandol-mixed-wine-case-2x3-bottles\\\/\",\"url\":\"https:\\\/\\\/www.ivinio.com\\\/en\\\/product\\\/domaine-marie-berenice-bandol-mixed-wine-case-2x3-bottles\\\/\",\"name\":\"Domaine Marie B\u00e9r\u00e9nice \u2013 Bandol \u2013 Mixed wine case 2x3 bottles - IVINIO Wine Shop\",\"isPartOf\":{\"@id\":\"https:\\\/\\\/www.ivinio.com\\\/en\\\/#website\"},\"primaryImageOfPage\":{\"@id\":\"https:\\\/\\\/www.ivinio.com\\\/en\\\/product\\\/domaine-marie-berenice-bandol-mixed-wine-case-2x3-bottles\\\/#primaryimage\"},\"image\":{\"@id\":\"https:\\\/\\\/www.ivinio.com\\\/en\\\/product\\\/domaine-marie-berenice-bandol-mixed-wine-case-2x3-bottles\\\/#primaryimage\"},\"thumbnailUrl\":\"https:\\\/\\\/www.ivinio.com\\\/wp-content\\\/uploads\\\/2024\\\/07\\\/Domaine-Marie-Berenice-mix-.jpg\",\"datePublished\":\"2024-07-19T16:56:03+00:00\",\"description\":\"Domaine Marie B\u00e9r\u00e9nice \u2013 Bandol \u2013 Mixed wine case 2x3 bottles. A lovely mixed box of white and ros\u00e9 wine from prestigious Bandol with discount price.\",\"breadcrumb\":{\"@id\":\"https:\\\/\\\/www.ivinio.com\\\/en\\\/product\\\/domaine-marie-berenice-bandol-mixed-wine-case-2x3-bottles\\\/#breadcrumb\"},\"inLanguage\":\"en-US\",\"potentialAction\":[{\"@type\":\"ReadAction\",\"target\":[\"https:\\\/\\\/www.ivinio.com\\\/en\\\/product\\\/domaine-marie-berenice-bandol-mixed-wine-case-2x3-bottles\\\/\"]}]},{\"@type\":\"ImageObject\",\"inLanguage\":\"en-US\",\"@id\":\"https:\\\/\\\/www.ivinio.com\\\/en\\\/product\\\/domaine-marie-berenice-bandol-mixed-wine-case-2x3-bottles\\\/#primaryimage\",\"url\":\"https:\\\/\\\/www.ivinio.com\\\/wp-content\\\/uploads\\\/2024\\\/07\\\/Domaine-Marie-Berenice-mix-.jpg\",\"contentUrl\":\"https:\\\/\\\/www.ivinio.com\\\/wp-content\\\/uploads\\\/2024\\\/07\\\/Domaine-Marie-Berenice-mix-.jpg\",\"width\":500,\"height\":500},{\"@type\":\"BreadcrumbList\",\"@id\":\"https:\\\/\\\/www.ivinio.com\\\/en\\\/product\\\/domaine-marie-berenice-bandol-mixed-wine-case-2x3-bottles\\\/#breadcrumb\",\"itemListElement\":[{\"@type\":\"ListItem\",\"position\":1,\"name\":\"Home\",\"item\":\"https:\\\/\\\/www.ivinio.com\\\/en\\\/\"},{\"@type\":\"ListItem\",\"position\":2,\"name\":\"Wine-shop\",\"item\":\"https:\\\/\\\/www.ivinio.com\\\/en\\\/wine-shop\\\/\"},{\"@type\":\"ListItem\",\"position\":3,\"name\":\"Domaine Marie B\u00e9r\u00e9nice \u2013 Bandol \u2013 Mixed wine case 2&#215;3 bottles\"}]},{\"@type\":\"WebSite\",\"@id\":\"https:\\\/\\\/www.ivinio.com\\\/en\\\/#website\",\"url\":\"https:\\\/\\\/www.ivinio.com\\\/en\\\/\",\"name\":\"IVINIO Wine Shop\",\"description\":\"French and Italian wines with delivery to your door\",\"publisher\":{\"@id\":\"https:\\\/\\\/www.ivinio.com\\\/en\\\/#organization\"},\"potentialAction\":[{\"@type\":\"SearchAction\",\"target\":{\"@type\":\"EntryPoint\",\"urlTemplate\":\"https:\\\/\\\/www.ivinio.com\\\/en\\\/?s={search_term_string}\"},\"query-input\":{\"@type\":\"PropertyValueSpecification\",\"valueRequired\":true,\"valueName\":\"search_term_string\"}}],\"inLanguage\":\"en-US\"},{\"@type\":\"Organization\",\"@id\":\"https:\\\/\\\/www.ivinio.com\\\/en\\\/#organization\",\"name\":\"IVINIO\",\"url\":\"https:\\\/\\\/www.ivinio.com\\\/en\\\/\",\"logo\":{\"@type\":\"ImageObject\",\"inLanguage\":\"en-US\",\"@id\":\"https:\\\/\\\/www.ivinio.com\\\/en\\\/#\\\/schema\\\/logo\\\/image\\\/\",\"url\":\"https:\\\/\\\/www.ivinio.com\\\/wp-content\\\/uploads\\\/2021\\\/01\\\/Logo-Ivinio-v2.jpg\",\"contentUrl\":\"https:\\\/\\\/www.ivinio.com\\\/wp-content\\\/uploads\\\/2021\\\/01\\\/Logo-Ivinio-v2.jpg\",\"width\":1194,\"height\":1194,\"caption\":\"IVINIO\"},\"image\":{\"@id\":\"https:\\\/\\\/www.ivinio.com\\\/en\\\/#\\\/schema\\\/logo\\\/image\\\/\"},\"sameAs\":[\"https:\\\/\\\/www.facebook.com\\\/groups\\\/165217837022391\\\/?ref=bookmarks\",\"https:\\\/\\\/www.instagram.com\\\/_ivinio_\\\/?hl=fr\"]}]}<\/script>\n<!-- \/ Yoast SEO plugin. -->","yoast_head_json":{"title":"Domaine Marie B\u00e9r\u00e9nice \u2013 Bandol \u2013 Mixed wine case 2x3 bottles - IVINIO Wine Shop","description":"Domaine Marie B\u00e9r\u00e9nice \u2013 Bandol \u2013 Mixed wine case 2x3 bottles. A lovely mixed box of white and ros\u00e9 wine from prestigious Bandol with discount price.","robots":{"index":"index","follow":"follow","max-snippet":"max-snippet:-1","max-image-preview":"max-image-preview:large","max-video-preview":"max-video-preview:-1"},"canonical":"https:\/\/www.ivinio.com\/en\/product\/domaine-marie-berenice-bandol-mixed-wine-case-2x3-bottles\/","og_locale":"en_US","og_type":"article","og_title":"Domaine Marie B\u00e9r\u00e9nice \u2013 Bandol \u2013 Mixed wine case 2x3 bottles - IVINIO Wine Shop","og_description":"Domaine Marie B\u00e9r\u00e9nice \u2013 Bandol \u2013 Mixed wine case 2x3 bottles. A lovely mixed box of white and ros\u00e9 wine from prestigious Bandol with discount price.","og_url":"https:\/\/www.ivinio.com\/en\/product\/domaine-marie-berenice-bandol-mixed-wine-case-2x3-bottles\/","og_site_name":"IVINIO Wine Shop","article_publisher":"https:\/\/www.facebook.com\/groups\/165217837022391\/?ref=bookmarks","og_image":[{"width":500,"height":500,"url":"https:\/\/www.ivinio.com\/wp-content\/uploads\/2024\/07\/Domaine-Marie-Berenice-mix-.jpg","type":"image\/jpeg"}],"twitter_card":"summary_large_image","schema":{"@context":"https:\/\/schema.org","@graph":[{"@type":"WebPage","@id":"https:\/\/www.ivinio.com\/en\/product\/domaine-marie-berenice-bandol-mixed-wine-case-2x3-bottles\/","url":"https:\/\/www.ivinio.com\/en\/product\/domaine-marie-berenice-bandol-mixed-wine-case-2x3-bottles\/","name":"Domaine Marie B\u00e9r\u00e9nice \u2013 Bandol \u2013 Mixed wine case 2x3 bottles - IVINIO Wine Shop","isPartOf":{"@id":"https:\/\/www.ivinio.com\/en\/#website"},"primaryImageOfPage":{"@id":"https:\/\/www.ivinio.com\/en\/product\/domaine-marie-berenice-bandol-mixed-wine-case-2x3-bottles\/#primaryimage"},"image":{"@id":"https:\/\/www.ivinio.com\/en\/product\/domaine-marie-berenice-bandol-mixed-wine-case-2x3-bottles\/#primaryimage"},"thumbnailUrl":"https:\/\/www.ivinio.com\/wp-content\/uploads\/2024\/07\/Domaine-Marie-Berenice-mix-.jpg","datePublished":"2024-07-19T16:56:03+00:00","description":"Domaine Marie B\u00e9r\u00e9nice \u2013 Bandol \u2013 Mixed wine case 2x3 bottles. A lovely mixed box of white and ros\u00e9 wine from prestigious Bandol with discount price.","breadcrumb":{"@id":"https:\/\/www.ivinio.com\/en\/product\/domaine-marie-berenice-bandol-mixed-wine-case-2x3-bottles\/#breadcrumb"},"inLanguage":"en-US","potentialAction":[{"@type":"ReadAction","target":["https:\/\/www.ivinio.com\/en\/product\/domaine-marie-berenice-bandol-mixed-wine-case-2x3-bottles\/"]}]},{"@type":"ImageObject","inLanguage":"en-US","@id":"https:\/\/www.ivinio.com\/en\/product\/domaine-marie-berenice-bandol-mixed-wine-case-2x3-bottles\/#primaryimage","url":"https:\/\/www.ivinio.com\/wp-content\/uploads\/2024\/07\/Domaine-Marie-Berenice-mix-.jpg","contentUrl":"https:\/\/www.ivinio.com\/wp-content\/uploads\/2024\/07\/Domaine-Marie-Berenice-mix-.jpg","width":500,"height":500},{"@type":"BreadcrumbList","@id":"https:\/\/www.ivinio.com\/en\/product\/domaine-marie-berenice-bandol-mixed-wine-case-2x3-bottles\/#breadcrumb","itemListElement":[{"@type":"ListItem","position":1,"name":"Home","item":"https:\/\/www.ivinio.com\/en\/"},{"@type":"ListItem","position":2,"name":"Wine-shop","item":"https:\/\/www.ivinio.com\/en\/wine-shop\/"},{"@type":"ListItem","position":3,"name":"Domaine Marie B\u00e9r\u00e9nice \u2013 Bandol \u2013 Mixed wine case 2&#215;3 bottles"}]},{"@type":"WebSite","@id":"https:\/\/www.ivinio.com\/en\/#website","url":"https:\/\/www.ivinio.com\/en\/","name":"IVINIO Wine Shop","description":"French and Italian wines with delivery to your door","publisher":{"@id":"https:\/\/www.ivinio.com\/en\/#organization"},"potentialAction":[{"@type":"SearchAction","target":{"@type":"EntryPoint","urlTemplate":"https:\/\/www.ivinio.com\/en\/?s={search_term_string}"},"query-input":{"@type":"PropertyValueSpecification","valueRequired":true,"valueName":"search_term_string"}}],"inLanguage":"en-US"},{"@type":"Organization","@id":"https:\/\/www.ivinio.com\/en\/#organization","name":"IVINIO","url":"https:\/\/www.ivinio.com\/en\/","logo":{"@type":"ImageObject","inLanguage":"en-US","@id":"https:\/\/www.ivinio.com\/en\/#\/schema\/logo\/image\/","url":"https:\/\/www.ivinio.com\/wp-content\/uploads\/2021\/01\/Logo-Ivinio-v2.jpg","contentUrl":"https:\/\/www.ivinio.com\/wp-content\/uploads\/2021\/01\/Logo-Ivinio-v2.jpg","width":1194,"height":1194,"caption":"IVINIO"},"image":{"@id":"https:\/\/www.ivinio.com\/en\/#\/schema\/logo\/image\/"},"sameAs":["https:\/\/www.facebook.com\/groups\/165217837022391\/?ref=bookmarks","https:\/\/www.instagram.com\/_ivinio_\/?hl=fr"]}]}},"jetpack_sharing_enabled":true,"_links":{"self":[{"href":"https:\/\/www.ivinio.com\/en\/wp-json\/wp\/v2\/product\/135758","targetHints":{"allow":["GET"]}}],"collection":[{"href":"https:\/\/www.ivinio.com\/en\/wp-json\/wp\/v2\/product"}],"about":[{"href":"https:\/\/www.ivinio.com\/en\/wp-json\/wp\/v2\/types\/product"}],"replies":[{"embeddable":true,"href":"https:\/\/www.ivinio.com\/en\/wp-json\/wp\/v2\/comments?post=135758"}],"wp:featuredmedia":[{"embeddable":true,"href":"https:\/\/www.ivinio.com\/en\/wp-json\/wp\/v2\/media\/135742"}],"wp:attachment":[{"href":"https:\/\/www.ivinio.com\/en\/wp-json\/wp\/v2\/media?parent=135758"}],"wp:term":[{"taxonomy":"product_brand","embeddable":true,"href":"https:\/\/www.ivinio.com\/en\/wp-json\/wp\/v2\/product_brand?post=135758"},{"taxonomy":"product_cat","embeddable":true,"href":"https:\/\/www.ivinio.com\/en\/wp-json\/wp\/v2\/product_cat?post=135758"},{"taxonomy":"product_tag","embeddable":true,"href":"https:\/\/www.ivinio.com\/en\/wp-json\/wp\/v2\/product_tag?post=135758"}],"curies":[{"name":"wp","href":"https:\/\/api.w.org\/{rel}","templated":true}]}}