{"id":135752,"date":"2024-07-16T19:16:37","date_gmt":"2024-07-19T15:10:44","guid":{"rendered":"https:\/\/www.ivinio.com\/product\/domaine-marie-berenice-bandol-rose\/"},"modified":"2024-07-19T18:04:33","modified_gmt":"2024-07-19T16:04:33","slug":"domaine-marie-berenice-bandol-rose","status":"publish","type":"product","link":"https:\/\/www.ivinio.com\/en\/product\/domaine-marie-berenice-bandol-rose\/","title":{"rendered":"Domaine Marie B\u00e9r\u00e9nice &#8211; Bandol &#8211; Ros\u00e9"},"content":{"rendered":"<p>Domaine Marie B\u00e9r\u00e9nice &#8211; Bandol &#8211; Ros\u00e9 wine is produced mainly from Mourv\u00e8dre (80%), but complemented by 10% Grenache and 10% Cinsault. The grapes are grown in limestone and clay soils typical of Bandol, which gives the wines a distinct minerality. The grapes are harvested manually to ensure that only the best grapes are used. They are then pressed to extract the fine ros\u00e9 colour. Only the Grenache grapes macerate for a short time with the skins. The fermentation is done intemperature-controlled stainless steel tanks to preserve the fruitiness and freshness. Short storage in steel tank to maintain the crispy character of the wine.<\/p>\n","protected":false},"excerpt":{"rendered":"<p>A fruity and full-bodied ros\u00e9 wine from Bandol to drink with Mediterranean-inspired meals.<\/p>\n","protected":false},"featured_media":135732,"comment_status":"open","ping_status":"closed","template":"","meta":{"_monsterinsights_skip_tracking":false,"_monsterinsights_sitenote_active":false,"_monsterinsights_sitenote_note":"","_monsterinsights_sitenote_category":0,"_uf_show_specific_survey":0,"_uf_disable_surveys":false},"product_brand":[],"product_cat":[39812],"product_tag":[],"class_list":{"0":"post-135752","1":"product","2":"type-product","3":"status-publish","4":"has-post-thumbnail","6":"product_cat-uncategorized-2","7":"pa_alcohol-degree-13-en","8":"pa_classification-aop-bandol-en","9":"pa_color-rose-en","10":"pa_country-france-en","11":"pa_grape-variety-cinsault-en","12":"pa_grape-variety-grenache-en","13":"pa_grape-variety-mourvedre","14":"pa_region-provence-en","15":"pa_storage-potential-5-years-en","16":"pa_vintage-2022-en","17":"pa_volume-75-cl-en","19":"first","20":"outofstock","21":"sale","22":"taxable","23":"shipping-taxable","24":"purchasable","25":"product-type-simple"},"bundled_by":["135758"],"bundle_stock_status":"outofstock","bundle_stock_quantity":null,"bundle_virtual":false,"bundle_layout":"","bundle_add_to_cart_form_location":"","bundle_editable_in_cart":false,"bundle_sold_individually_context":"","bundle_item_grouping":"","bundle_min_size":"","bundle_max_size":"","bundle_price":[],"bundled_items":[],"bundle_sell_ids":[],"yoast_head":"<!-- This site is optimized with the Yoast SEO plugin v27.4 - https:\/\/yoast.com\/product\/yoast-seo-wordpress\/ -->\n<title>Domaine Marie B\u00e9r\u00e9nice - Bandol - Ros\u00e9 - IVINIO Wine Shop<\/title>\n<meta name=\"description\" content=\"Domaine Marie B\u00e9r\u00e9nice - Bandol - Ros\u00e9 wine. The nose has reminds of citrus. A fruity and round palate with very good length, nice fatness. A meal ros\u00e9.\" \/>\n<meta name=\"robots\" content=\"index, follow, max-snippet:-1, max-image-preview:large, max-video-preview:-1\" \/>\n<link rel=\"canonical\" href=\"https:\/\/www.ivinio.com\/en\/product\/domaine-marie-berenice-bandol-rose\/\" \/>\n<meta property=\"og:locale\" content=\"en_US\" \/>\n<meta property=\"og:type\" content=\"article\" \/>\n<meta property=\"og:title\" content=\"Domaine Marie B\u00e9r\u00e9nice - Bandol - Ros\u00e9 - IVINIO Wine Shop\" \/>\n<meta property=\"og:description\" content=\"Domaine Marie B\u00e9r\u00e9nice - Bandol - Ros\u00e9 wine. The nose has reminds of citrus. A fruity and round palate with very good length, nice fatness. A meal ros\u00e9.\" \/>\n<meta property=\"og:url\" content=\"https:\/\/www.ivinio.com\/en\/product\/domaine-marie-berenice-bandol-rose\/\" \/>\n<meta property=\"og:site_name\" content=\"IVINIO Wine Shop\" \/>\n<meta property=\"article:publisher\" content=\"https:\/\/www.facebook.com\/groups\/165217837022391\/?ref=bookmarks\" \/>\n<meta property=\"article:modified_time\" content=\"2024-07-19T16:04:33+00:00\" \/>\n<meta property=\"og:image\" content=\"https:\/\/www.ivinio.com\/wp-content\/uploads\/2024\/07\/Domaine-Marie-Berenice-Rose-IVINIO.jpg\" \/>\n\t<meta property=\"og:image:width\" content=\"500\" \/>\n\t<meta property=\"og:image:height\" content=\"500\" \/>\n\t<meta property=\"og:image:type\" content=\"image\/jpeg\" \/>\n<meta name=\"twitter:card\" content=\"summary_large_image\" \/>\n<meta name=\"twitter:label1\" content=\"Est. reading time\" \/>\n\t<meta name=\"twitter:data1\" content=\"1 minute\" \/>\n<script type=\"application\/ld+json\" class=\"yoast-schema-graph\">{\"@context\":\"https:\\\/\\\/schema.org\",\"@graph\":[{\"@type\":\"WebPage\",\"@id\":\"https:\\\/\\\/www.ivinio.com\\\/en\\\/product\\\/domaine-marie-berenice-bandol-rose\\\/\",\"url\":\"https:\\\/\\\/www.ivinio.com\\\/en\\\/product\\\/domaine-marie-berenice-bandol-rose\\\/\",\"name\":\"Domaine Marie B\u00e9r\u00e9nice - Bandol - Ros\u00e9 - IVINIO Wine Shop\",\"isPartOf\":{\"@id\":\"https:\\\/\\\/www.ivinio.com\\\/en\\\/#website\"},\"primaryImageOfPage\":{\"@id\":\"https:\\\/\\\/www.ivinio.com\\\/en\\\/product\\\/domaine-marie-berenice-bandol-rose\\\/#primaryimage\"},\"image\":{\"@id\":\"https:\\\/\\\/www.ivinio.com\\\/en\\\/product\\\/domaine-marie-berenice-bandol-rose\\\/#primaryimage\"},\"thumbnailUrl\":\"https:\\\/\\\/www.ivinio.com\\\/wp-content\\\/uploads\\\/2024\\\/07\\\/Domaine-Marie-Berenice-Rose-IVINIO.jpg\",\"datePublished\":\"2024-07-19T15:10:44+00:00\",\"dateModified\":\"2024-07-19T16:04:33+00:00\",\"description\":\"Domaine Marie B\u00e9r\u00e9nice - Bandol - Ros\u00e9 wine. The nose has reminds of citrus. A fruity and round palate with very good length, nice fatness. A meal ros\u00e9.\",\"breadcrumb\":{\"@id\":\"https:\\\/\\\/www.ivinio.com\\\/en\\\/product\\\/domaine-marie-berenice-bandol-rose\\\/#breadcrumb\"},\"inLanguage\":\"en-US\",\"potentialAction\":[{\"@type\":\"ReadAction\",\"target\":[\"https:\\\/\\\/www.ivinio.com\\\/en\\\/product\\\/domaine-marie-berenice-bandol-rose\\\/\"]}]},{\"@type\":\"ImageObject\",\"inLanguage\":\"en-US\",\"@id\":\"https:\\\/\\\/www.ivinio.com\\\/en\\\/product\\\/domaine-marie-berenice-bandol-rose\\\/#primaryimage\",\"url\":\"https:\\\/\\\/www.ivinio.com\\\/wp-content\\\/uploads\\\/2024\\\/07\\\/Domaine-Marie-Berenice-Rose-IVINIO.jpg\",\"contentUrl\":\"https:\\\/\\\/www.ivinio.com\\\/wp-content\\\/uploads\\\/2024\\\/07\\\/Domaine-Marie-Berenice-Rose-IVINIO.jpg\",\"width\":500,\"height\":500},{\"@type\":\"BreadcrumbList\",\"@id\":\"https:\\\/\\\/www.ivinio.com\\\/en\\\/product\\\/domaine-marie-berenice-bandol-rose\\\/#breadcrumb\",\"itemListElement\":[{\"@type\":\"ListItem\",\"position\":1,\"name\":\"Home\",\"item\":\"https:\\\/\\\/www.ivinio.com\\\/en\\\/\"},{\"@type\":\"ListItem\",\"position\":2,\"name\":\"Wine-shop\",\"item\":\"https:\\\/\\\/www.ivinio.com\\\/en\\\/wine-shop\\\/\"},{\"@type\":\"ListItem\",\"position\":3,\"name\":\"Domaine Marie B\u00e9r\u00e9nice &#8211; Bandol &#8211; Ros\u00e9\"}]},{\"@type\":\"WebSite\",\"@id\":\"https:\\\/\\\/www.ivinio.com\\\/en\\\/#website\",\"url\":\"https:\\\/\\\/www.ivinio.com\\\/en\\\/\",\"name\":\"IVINIO Wine Shop\",\"description\":\"French and Italian wines with delivery to your door\",\"publisher\":{\"@id\":\"https:\\\/\\\/www.ivinio.com\\\/en\\\/#organization\"},\"potentialAction\":[{\"@type\":\"SearchAction\",\"target\":{\"@type\":\"EntryPoint\",\"urlTemplate\":\"https:\\\/\\\/www.ivinio.com\\\/en\\\/?s={search_term_string}\"},\"query-input\":{\"@type\":\"PropertyValueSpecification\",\"valueRequired\":true,\"valueName\":\"search_term_string\"}}],\"inLanguage\":\"en-US\"},{\"@type\":\"Organization\",\"@id\":\"https:\\\/\\\/www.ivinio.com\\\/en\\\/#organization\",\"name\":\"IVINIO\",\"url\":\"https:\\\/\\\/www.ivinio.com\\\/en\\\/\",\"logo\":{\"@type\":\"ImageObject\",\"inLanguage\":\"en-US\",\"@id\":\"https:\\\/\\\/www.ivinio.com\\\/en\\\/#\\\/schema\\\/logo\\\/image\\\/\",\"url\":\"https:\\\/\\\/www.ivinio.com\\\/wp-content\\\/uploads\\\/2021\\\/01\\\/Logo-Ivinio-v2.jpg\",\"contentUrl\":\"https:\\\/\\\/www.ivinio.com\\\/wp-content\\\/uploads\\\/2021\\\/01\\\/Logo-Ivinio-v2.jpg\",\"width\":1194,\"height\":1194,\"caption\":\"IVINIO\"},\"image\":{\"@id\":\"https:\\\/\\\/www.ivinio.com\\\/en\\\/#\\\/schema\\\/logo\\\/image\\\/\"},\"sameAs\":[\"https:\\\/\\\/www.facebook.com\\\/groups\\\/165217837022391\\\/?ref=bookmarks\",\"https:\\\/\\\/www.instagram.com\\\/_ivinio_\\\/?hl=fr\"]}]}<\/script>\n<!-- \/ Yoast SEO plugin. -->","yoast_head_json":{"title":"Domaine Marie B\u00e9r\u00e9nice - Bandol - Ros\u00e9 - IVINIO Wine Shop","description":"Domaine Marie B\u00e9r\u00e9nice - Bandol - Ros\u00e9 wine. The nose has reminds of citrus. A fruity and round palate with very good length, nice fatness. A meal ros\u00e9.","robots":{"index":"index","follow":"follow","max-snippet":"max-snippet:-1","max-image-preview":"max-image-preview:large","max-video-preview":"max-video-preview:-1"},"canonical":"https:\/\/www.ivinio.com\/en\/product\/domaine-marie-berenice-bandol-rose\/","og_locale":"en_US","og_type":"article","og_title":"Domaine Marie B\u00e9r\u00e9nice - Bandol - Ros\u00e9 - IVINIO Wine Shop","og_description":"Domaine Marie B\u00e9r\u00e9nice - Bandol - Ros\u00e9 wine. The nose has reminds of citrus. A fruity and round palate with very good length, nice fatness. A meal ros\u00e9.","og_url":"https:\/\/www.ivinio.com\/en\/product\/domaine-marie-berenice-bandol-rose\/","og_site_name":"IVINIO Wine Shop","article_publisher":"https:\/\/www.facebook.com\/groups\/165217837022391\/?ref=bookmarks","article_modified_time":"2024-07-19T16:04:33+00:00","og_image":[{"width":500,"height":500,"url":"https:\/\/www.ivinio.com\/wp-content\/uploads\/2024\/07\/Domaine-Marie-Berenice-Rose-IVINIO.jpg","type":"image\/jpeg"}],"twitter_card":"summary_large_image","twitter_misc":{"Est. reading time":"1 minute"},"schema":{"@context":"https:\/\/schema.org","@graph":[{"@type":"WebPage","@id":"https:\/\/www.ivinio.com\/en\/product\/domaine-marie-berenice-bandol-rose\/","url":"https:\/\/www.ivinio.com\/en\/product\/domaine-marie-berenice-bandol-rose\/","name":"Domaine Marie B\u00e9r\u00e9nice - Bandol - Ros\u00e9 - IVINIO Wine Shop","isPartOf":{"@id":"https:\/\/www.ivinio.com\/en\/#website"},"primaryImageOfPage":{"@id":"https:\/\/www.ivinio.com\/en\/product\/domaine-marie-berenice-bandol-rose\/#primaryimage"},"image":{"@id":"https:\/\/www.ivinio.com\/en\/product\/domaine-marie-berenice-bandol-rose\/#primaryimage"},"thumbnailUrl":"https:\/\/www.ivinio.com\/wp-content\/uploads\/2024\/07\/Domaine-Marie-Berenice-Rose-IVINIO.jpg","datePublished":"2024-07-19T15:10:44+00:00","dateModified":"2024-07-19T16:04:33+00:00","description":"Domaine Marie B\u00e9r\u00e9nice - Bandol - Ros\u00e9 wine. The nose has reminds of citrus. A fruity and round palate with very good length, nice fatness. A meal ros\u00e9.","breadcrumb":{"@id":"https:\/\/www.ivinio.com\/en\/product\/domaine-marie-berenice-bandol-rose\/#breadcrumb"},"inLanguage":"en-US","potentialAction":[{"@type":"ReadAction","target":["https:\/\/www.ivinio.com\/en\/product\/domaine-marie-berenice-bandol-rose\/"]}]},{"@type":"ImageObject","inLanguage":"en-US","@id":"https:\/\/www.ivinio.com\/en\/product\/domaine-marie-berenice-bandol-rose\/#primaryimage","url":"https:\/\/www.ivinio.com\/wp-content\/uploads\/2024\/07\/Domaine-Marie-Berenice-Rose-IVINIO.jpg","contentUrl":"https:\/\/www.ivinio.com\/wp-content\/uploads\/2024\/07\/Domaine-Marie-Berenice-Rose-IVINIO.jpg","width":500,"height":500},{"@type":"BreadcrumbList","@id":"https:\/\/www.ivinio.com\/en\/product\/domaine-marie-berenice-bandol-rose\/#breadcrumb","itemListElement":[{"@type":"ListItem","position":1,"name":"Home","item":"https:\/\/www.ivinio.com\/en\/"},{"@type":"ListItem","position":2,"name":"Wine-shop","item":"https:\/\/www.ivinio.com\/en\/wine-shop\/"},{"@type":"ListItem","position":3,"name":"Domaine Marie B\u00e9r\u00e9nice &#8211; Bandol &#8211; Ros\u00e9"}]},{"@type":"WebSite","@id":"https:\/\/www.ivinio.com\/en\/#website","url":"https:\/\/www.ivinio.com\/en\/","name":"IVINIO Wine Shop","description":"French and Italian wines with delivery to your door","publisher":{"@id":"https:\/\/www.ivinio.com\/en\/#organization"},"potentialAction":[{"@type":"SearchAction","target":{"@type":"EntryPoint","urlTemplate":"https:\/\/www.ivinio.com\/en\/?s={search_term_string}"},"query-input":{"@type":"PropertyValueSpecification","valueRequired":true,"valueName":"search_term_string"}}],"inLanguage":"en-US"},{"@type":"Organization","@id":"https:\/\/www.ivinio.com\/en\/#organization","name":"IVINIO","url":"https:\/\/www.ivinio.com\/en\/","logo":{"@type":"ImageObject","inLanguage":"en-US","@id":"https:\/\/www.ivinio.com\/en\/#\/schema\/logo\/image\/","url":"https:\/\/www.ivinio.com\/wp-content\/uploads\/2021\/01\/Logo-Ivinio-v2.jpg","contentUrl":"https:\/\/www.ivinio.com\/wp-content\/uploads\/2021\/01\/Logo-Ivinio-v2.jpg","width":1194,"height":1194,"caption":"IVINIO"},"image":{"@id":"https:\/\/www.ivinio.com\/en\/#\/schema\/logo\/image\/"},"sameAs":["https:\/\/www.facebook.com\/groups\/165217837022391\/?ref=bookmarks","https:\/\/www.instagram.com\/_ivinio_\/?hl=fr"]}]}},"jetpack_sharing_enabled":true,"_links":{"self":[{"href":"https:\/\/www.ivinio.com\/en\/wp-json\/wp\/v2\/product\/135752","targetHints":{"allow":["GET"]}}],"collection":[{"href":"https:\/\/www.ivinio.com\/en\/wp-json\/wp\/v2\/product"}],"about":[{"href":"https:\/\/www.ivinio.com\/en\/wp-json\/wp\/v2\/types\/product"}],"replies":[{"embeddable":true,"href":"https:\/\/www.ivinio.com\/en\/wp-json\/wp\/v2\/comments?post=135752"}],"wp:featuredmedia":[{"embeddable":true,"href":"https:\/\/www.ivinio.com\/en\/wp-json\/wp\/v2\/media\/135732"}],"wp:attachment":[{"href":"https:\/\/www.ivinio.com\/en\/wp-json\/wp\/v2\/media?parent=135752"}],"wp:term":[{"taxonomy":"product_brand","embeddable":true,"href":"https:\/\/www.ivinio.com\/en\/wp-json\/wp\/v2\/product_brand?post=135752"},{"taxonomy":"product_cat","embeddable":true,"href":"https:\/\/www.ivinio.com\/en\/wp-json\/wp\/v2\/product_cat?post=135752"},{"taxonomy":"product_tag","embeddable":true,"href":"https:\/\/www.ivinio.com\/en\/wp-json\/wp\/v2\/product_tag?post=135752"}],"curies":[{"name":"wp","href":"https:\/\/api.w.org\/{rel}","templated":true}]}}