{"id":135392,"date":"2024-05-03T19:22:42","date_gmt":"2024-05-04T17:41:58","guid":{"rendered":"https:\/\/www.ivinio.com\/product\/chateau-baronne-tedaldi-cuvee-ornella-red\/"},"modified":"2024-05-04T19:57:43","modified_gmt":"2024-05-04T17:57:43","slug":"chateau-baronne-tedaldi-cuvee-ornella-red","status":"publish","type":"product","link":"https:\/\/www.ivinio.com\/en\/product\/chateau-baronne-tedaldi-cuvee-ornella-red\/","title":{"rendered":"Ch\u00e2teau Baronne Tedaldi &#8211; Cuv\u00e9e Ornella &#8211; Red"},"content":{"rendered":"<p>Ch\u00e2teau Baronne Tedaldi &#8211; Cuv\u00e9e Ornella &#8211; Red wine made from 70% Carignan, 20% Syrah &amp; 10% Grenache. Winemaking is done separately per grape variety and per land area. The grapes are de-stemmed and fermented under controlled temperature. Vinification is long and lasts 40 days for the Carignan, 30 days for the Syrah and 10 days shorter for the Grenache. This is to preserve the fruitiness and freshness of the finished wine.<\/p>\n","protected":false},"excerpt":{"rendered":"<p>A rich and spicy Minervois for the barbecue!<\/p>\n","protected":false},"featured_media":135331,"comment_status":"open","ping_status":"closed","template":"","meta":{"_monsterinsights_skip_tracking":false,"_monsterinsights_sitenote_active":false,"_monsterinsights_sitenote_note":"","_monsterinsights_sitenote_category":0,"_uf_show_specific_survey":0,"_uf_disable_surveys":false},"product_brand":[],"product_cat":[36587,36626],"product_tag":[],"class_list":{"0":"post-135392","1":"product","2":"type-product","3":"status-publish","4":"has-post-thumbnail","6":"product_cat-french-wines","7":"product_cat-en-languedoc","8":"pa_alcohol-degree-14-5-en","9":"pa_classification-aop-minervois-en","10":"pa_color-red","11":"pa_country-france-en","12":"pa_grape-variety-carignan-en","13":"pa_grape-variety-grenache-en","14":"pa_grape-variety-syrah","15":"pa_region-languedoc-en","16":"pa_storage-potential-8-years","17":"pa_vintage-2017-en","18":"pa_volume-75-cl-en","20":"first","21":"outofstock","22":"sale","23":"taxable","24":"shipping-taxable","25":"purchasable","26":"product-type-simple"},"bundled_by":["135396"],"bundle_stock_status":"outofstock","bundle_stock_quantity":null,"bundle_virtual":false,"bundle_layout":"","bundle_add_to_cart_form_location":"","bundle_editable_in_cart":false,"bundle_sold_individually_context":"","bundle_item_grouping":"","bundle_min_size":"","bundle_max_size":"","bundle_price":[],"bundled_items":[],"bundle_sell_ids":[],"yoast_head":"<!-- This site is optimized with the Yoast SEO plugin v27.5 - https:\/\/yoast.com\/product\/yoast-seo-wordpress\/ -->\n<title>Ch\u00e2teau Baronne Tedaldi - Cuv\u00e9e Ornella - Red wine - IVINIO Wine Shop<\/title>\n<meta name=\"description\" content=\"K\u00f6pa Ch\u00e2teau Baronne Tedaldi - Cuv\u00e9e Ornella - Red wine. A full-bodied taste and fruity elements of southern French scrubland (garrigue) and spices.\" \/>\n<meta name=\"robots\" content=\"index, follow, max-snippet:-1, max-image-preview:large, max-video-preview:-1\" \/>\n<link rel=\"canonical\" href=\"https:\/\/www.ivinio.com\/en\/product\/chateau-baronne-tedaldi-cuvee-ornella-red\/\" \/>\n<meta property=\"og:locale\" content=\"en_US\" \/>\n<meta property=\"og:type\" content=\"article\" \/>\n<meta property=\"og:title\" content=\"Ch\u00e2teau Baronne Tedaldi - Cuv\u00e9e Ornella - Red wine - IVINIO Wine Shop\" \/>\n<meta property=\"og:description\" content=\"K\u00f6pa Ch\u00e2teau Baronne Tedaldi - Cuv\u00e9e Ornella - Red wine. A full-bodied taste and fruity elements of southern French scrubland (garrigue) and spices.\" \/>\n<meta property=\"og:url\" content=\"https:\/\/www.ivinio.com\/en\/product\/chateau-baronne-tedaldi-cuvee-ornella-red\/\" \/>\n<meta property=\"og:site_name\" content=\"IVINIO Wine Shop\" \/>\n<meta property=\"article:publisher\" content=\"https:\/\/www.facebook.com\/groups\/165217837022391\/?ref=bookmarks\" \/>\n<meta property=\"article:modified_time\" content=\"2024-05-04T17:57:43+00:00\" \/>\n<meta property=\"og:image\" content=\"https:\/\/www.ivinio.com\/wp-content\/uploads\/2024\/05\/Chateau-Baronne-Tedaldi-cuvee-Ornella-IVINIO-1.jpg\" \/>\n\t<meta property=\"og:image:width\" content=\"500\" \/>\n\t<meta property=\"og:image:height\" content=\"500\" \/>\n\t<meta property=\"og:image:type\" content=\"image\/jpeg\" \/>\n<meta name=\"twitter:card\" content=\"summary_large_image\" \/>\n<meta name=\"twitter:label1\" content=\"Est. reading time\" \/>\n\t<meta name=\"twitter:data1\" content=\"1 minute\" \/>\n<script type=\"application\/ld+json\" class=\"yoast-schema-graph\">{\"@context\":\"https:\\\/\\\/schema.org\",\"@graph\":[{\"@type\":\"WebPage\",\"@id\":\"https:\\\/\\\/www.ivinio.com\\\/en\\\/product\\\/chateau-baronne-tedaldi-cuvee-ornella-red\\\/\",\"url\":\"https:\\\/\\\/www.ivinio.com\\\/en\\\/product\\\/chateau-baronne-tedaldi-cuvee-ornella-red\\\/\",\"name\":\"Ch\u00e2teau Baronne Tedaldi - Cuv\u00e9e Ornella - Red wine - IVINIO Wine Shop\",\"isPartOf\":{\"@id\":\"https:\\\/\\\/www.ivinio.com\\\/en\\\/#website\"},\"primaryImageOfPage\":{\"@id\":\"https:\\\/\\\/www.ivinio.com\\\/en\\\/product\\\/chateau-baronne-tedaldi-cuvee-ornella-red\\\/#primaryimage\"},\"image\":{\"@id\":\"https:\\\/\\\/www.ivinio.com\\\/en\\\/product\\\/chateau-baronne-tedaldi-cuvee-ornella-red\\\/#primaryimage\"},\"thumbnailUrl\":\"https:\\\/\\\/www.ivinio.com\\\/wp-content\\\/uploads\\\/2024\\\/05\\\/Chateau-Baronne-Tedaldi-cuvee-Ornella-IVINIO-1.jpg\",\"datePublished\":\"2024-05-04T17:41:58+00:00\",\"dateModified\":\"2024-05-04T17:57:43+00:00\",\"description\":\"K\u00f6pa Ch\u00e2teau Baronne Tedaldi - Cuv\u00e9e Ornella - Red wine. A full-bodied taste and fruity elements of southern French scrubland (garrigue) and spices.\",\"breadcrumb\":{\"@id\":\"https:\\\/\\\/www.ivinio.com\\\/en\\\/product\\\/chateau-baronne-tedaldi-cuvee-ornella-red\\\/#breadcrumb\"},\"inLanguage\":\"en-US\",\"potentialAction\":[{\"@type\":\"ReadAction\",\"target\":[\"https:\\\/\\\/www.ivinio.com\\\/en\\\/product\\\/chateau-baronne-tedaldi-cuvee-ornella-red\\\/\"]}]},{\"@type\":\"ImageObject\",\"inLanguage\":\"en-US\",\"@id\":\"https:\\\/\\\/www.ivinio.com\\\/en\\\/product\\\/chateau-baronne-tedaldi-cuvee-ornella-red\\\/#primaryimage\",\"url\":\"https:\\\/\\\/www.ivinio.com\\\/wp-content\\\/uploads\\\/2024\\\/05\\\/Chateau-Baronne-Tedaldi-cuvee-Ornella-IVINIO-1.jpg\",\"contentUrl\":\"https:\\\/\\\/www.ivinio.com\\\/wp-content\\\/uploads\\\/2024\\\/05\\\/Chateau-Baronne-Tedaldi-cuvee-Ornella-IVINIO-1.jpg\",\"width\":500,\"height\":500},{\"@type\":\"BreadcrumbList\",\"@id\":\"https:\\\/\\\/www.ivinio.com\\\/en\\\/product\\\/chateau-baronne-tedaldi-cuvee-ornella-red\\\/#breadcrumb\",\"itemListElement\":[{\"@type\":\"ListItem\",\"position\":1,\"name\":\"Home\",\"item\":\"https:\\\/\\\/www.ivinio.com\\\/en\\\/\"},{\"@type\":\"ListItem\",\"position\":2,\"name\":\"Wine-shop\",\"item\":\"https:\\\/\\\/www.ivinio.com\\\/en\\\/wine-shop\\\/\"},{\"@type\":\"ListItem\",\"position\":3,\"name\":\"Ch\u00e2teau Baronne Tedaldi &#8211; Cuv\u00e9e Ornella &#8211; Red\"}]},{\"@type\":\"WebSite\",\"@id\":\"https:\\\/\\\/www.ivinio.com\\\/en\\\/#website\",\"url\":\"https:\\\/\\\/www.ivinio.com\\\/en\\\/\",\"name\":\"IVINIO Wine Shop\",\"description\":\"French and Italian wines with delivery to your door\",\"publisher\":{\"@id\":\"https:\\\/\\\/www.ivinio.com\\\/en\\\/#organization\"},\"potentialAction\":[{\"@type\":\"SearchAction\",\"target\":{\"@type\":\"EntryPoint\",\"urlTemplate\":\"https:\\\/\\\/www.ivinio.com\\\/en\\\/?s={search_term_string}\"},\"query-input\":{\"@type\":\"PropertyValueSpecification\",\"valueRequired\":true,\"valueName\":\"search_term_string\"}}],\"inLanguage\":\"en-US\"},{\"@type\":\"Organization\",\"@id\":\"https:\\\/\\\/www.ivinio.com\\\/en\\\/#organization\",\"name\":\"IVINIO\",\"url\":\"https:\\\/\\\/www.ivinio.com\\\/en\\\/\",\"logo\":{\"@type\":\"ImageObject\",\"inLanguage\":\"en-US\",\"@id\":\"https:\\\/\\\/www.ivinio.com\\\/en\\\/#\\\/schema\\\/logo\\\/image\\\/\",\"url\":\"https:\\\/\\\/www.ivinio.com\\\/wp-content\\\/uploads\\\/2021\\\/01\\\/Logo-Ivinio-v2.jpg\",\"contentUrl\":\"https:\\\/\\\/www.ivinio.com\\\/wp-content\\\/uploads\\\/2021\\\/01\\\/Logo-Ivinio-v2.jpg\",\"width\":1194,\"height\":1194,\"caption\":\"IVINIO\"},\"image\":{\"@id\":\"https:\\\/\\\/www.ivinio.com\\\/en\\\/#\\\/schema\\\/logo\\\/image\\\/\"},\"sameAs\":[\"https:\\\/\\\/www.facebook.com\\\/groups\\\/165217837022391\\\/?ref=bookmarks\",\"https:\\\/\\\/www.instagram.com\\\/_ivinio_\\\/?hl=fr\"]}]}<\/script>\n<!-- \/ Yoast SEO plugin. -->","yoast_head_json":{"title":"Ch\u00e2teau Baronne Tedaldi - Cuv\u00e9e Ornella - Red wine - IVINIO Wine Shop","description":"K\u00f6pa Ch\u00e2teau Baronne Tedaldi - Cuv\u00e9e Ornella - Red wine. A full-bodied taste and fruity elements of southern French scrubland (garrigue) and spices.","robots":{"index":"index","follow":"follow","max-snippet":"max-snippet:-1","max-image-preview":"max-image-preview:large","max-video-preview":"max-video-preview:-1"},"canonical":"https:\/\/www.ivinio.com\/en\/product\/chateau-baronne-tedaldi-cuvee-ornella-red\/","og_locale":"en_US","og_type":"article","og_title":"Ch\u00e2teau Baronne Tedaldi - Cuv\u00e9e Ornella - Red wine - IVINIO Wine Shop","og_description":"K\u00f6pa Ch\u00e2teau Baronne Tedaldi - Cuv\u00e9e Ornella - Red wine. A full-bodied taste and fruity elements of southern French scrubland (garrigue) and spices.","og_url":"https:\/\/www.ivinio.com\/en\/product\/chateau-baronne-tedaldi-cuvee-ornella-red\/","og_site_name":"IVINIO Wine Shop","article_publisher":"https:\/\/www.facebook.com\/groups\/165217837022391\/?ref=bookmarks","article_modified_time":"2024-05-04T17:57:43+00:00","og_image":[{"width":500,"height":500,"url":"https:\/\/www.ivinio.com\/wp-content\/uploads\/2024\/05\/Chateau-Baronne-Tedaldi-cuvee-Ornella-IVINIO-1.jpg","type":"image\/jpeg"}],"twitter_card":"summary_large_image","twitter_misc":{"Est. reading time":"1 minute"},"schema":{"@context":"https:\/\/schema.org","@graph":[{"@type":"WebPage","@id":"https:\/\/www.ivinio.com\/en\/product\/chateau-baronne-tedaldi-cuvee-ornella-red\/","url":"https:\/\/www.ivinio.com\/en\/product\/chateau-baronne-tedaldi-cuvee-ornella-red\/","name":"Ch\u00e2teau Baronne Tedaldi - Cuv\u00e9e Ornella - Red wine - IVINIO Wine Shop","isPartOf":{"@id":"https:\/\/www.ivinio.com\/en\/#website"},"primaryImageOfPage":{"@id":"https:\/\/www.ivinio.com\/en\/product\/chateau-baronne-tedaldi-cuvee-ornella-red\/#primaryimage"},"image":{"@id":"https:\/\/www.ivinio.com\/en\/product\/chateau-baronne-tedaldi-cuvee-ornella-red\/#primaryimage"},"thumbnailUrl":"https:\/\/www.ivinio.com\/wp-content\/uploads\/2024\/05\/Chateau-Baronne-Tedaldi-cuvee-Ornella-IVINIO-1.jpg","datePublished":"2024-05-04T17:41:58+00:00","dateModified":"2024-05-04T17:57:43+00:00","description":"K\u00f6pa Ch\u00e2teau Baronne Tedaldi - Cuv\u00e9e Ornella - Red wine. A full-bodied taste and fruity elements of southern French scrubland (garrigue) and spices.","breadcrumb":{"@id":"https:\/\/www.ivinio.com\/en\/product\/chateau-baronne-tedaldi-cuvee-ornella-red\/#breadcrumb"},"inLanguage":"en-US","potentialAction":[{"@type":"ReadAction","target":["https:\/\/www.ivinio.com\/en\/product\/chateau-baronne-tedaldi-cuvee-ornella-red\/"]}]},{"@type":"ImageObject","inLanguage":"en-US","@id":"https:\/\/www.ivinio.com\/en\/product\/chateau-baronne-tedaldi-cuvee-ornella-red\/#primaryimage","url":"https:\/\/www.ivinio.com\/wp-content\/uploads\/2024\/05\/Chateau-Baronne-Tedaldi-cuvee-Ornella-IVINIO-1.jpg","contentUrl":"https:\/\/www.ivinio.com\/wp-content\/uploads\/2024\/05\/Chateau-Baronne-Tedaldi-cuvee-Ornella-IVINIO-1.jpg","width":500,"height":500},{"@type":"BreadcrumbList","@id":"https:\/\/www.ivinio.com\/en\/product\/chateau-baronne-tedaldi-cuvee-ornella-red\/#breadcrumb","itemListElement":[{"@type":"ListItem","position":1,"name":"Home","item":"https:\/\/www.ivinio.com\/en\/"},{"@type":"ListItem","position":2,"name":"Wine-shop","item":"https:\/\/www.ivinio.com\/en\/wine-shop\/"},{"@type":"ListItem","position":3,"name":"Ch\u00e2teau Baronne Tedaldi &#8211; Cuv\u00e9e Ornella &#8211; Red"}]},{"@type":"WebSite","@id":"https:\/\/www.ivinio.com\/en\/#website","url":"https:\/\/www.ivinio.com\/en\/","name":"IVINIO Wine Shop","description":"French and Italian wines with delivery to your door","publisher":{"@id":"https:\/\/www.ivinio.com\/en\/#organization"},"potentialAction":[{"@type":"SearchAction","target":{"@type":"EntryPoint","urlTemplate":"https:\/\/www.ivinio.com\/en\/?s={search_term_string}"},"query-input":{"@type":"PropertyValueSpecification","valueRequired":true,"valueName":"search_term_string"}}],"inLanguage":"en-US"},{"@type":"Organization","@id":"https:\/\/www.ivinio.com\/en\/#organization","name":"IVINIO","url":"https:\/\/www.ivinio.com\/en\/","logo":{"@type":"ImageObject","inLanguage":"en-US","@id":"https:\/\/www.ivinio.com\/en\/#\/schema\/logo\/image\/","url":"https:\/\/www.ivinio.com\/wp-content\/uploads\/2021\/01\/Logo-Ivinio-v2.jpg","contentUrl":"https:\/\/www.ivinio.com\/wp-content\/uploads\/2021\/01\/Logo-Ivinio-v2.jpg","width":1194,"height":1194,"caption":"IVINIO"},"image":{"@id":"https:\/\/www.ivinio.com\/en\/#\/schema\/logo\/image\/"},"sameAs":["https:\/\/www.facebook.com\/groups\/165217837022391\/?ref=bookmarks","https:\/\/www.instagram.com\/_ivinio_\/?hl=fr"]}]}},"jetpack_sharing_enabled":true,"_links":{"self":[{"href":"https:\/\/www.ivinio.com\/en\/wp-json\/wp\/v2\/product\/135392","targetHints":{"allow":["GET"]}}],"collection":[{"href":"https:\/\/www.ivinio.com\/en\/wp-json\/wp\/v2\/product"}],"about":[{"href":"https:\/\/www.ivinio.com\/en\/wp-json\/wp\/v2\/types\/product"}],"replies":[{"embeddable":true,"href":"https:\/\/www.ivinio.com\/en\/wp-json\/wp\/v2\/comments?post=135392"}],"wp:featuredmedia":[{"embeddable":true,"href":"https:\/\/www.ivinio.com\/en\/wp-json\/wp\/v2\/media\/135331"}],"wp:attachment":[{"href":"https:\/\/www.ivinio.com\/en\/wp-json\/wp\/v2\/media?parent=135392"}],"wp:term":[{"taxonomy":"product_brand","embeddable":true,"href":"https:\/\/www.ivinio.com\/en\/wp-json\/wp\/v2\/product_brand?post=135392"},{"taxonomy":"product_cat","embeddable":true,"href":"https:\/\/www.ivinio.com\/en\/wp-json\/wp\/v2\/product_cat?post=135392"},{"taxonomy":"product_tag","embeddable":true,"href":"https:\/\/www.ivinio.com\/en\/wp-json\/wp\/v2\/product_tag?post=135392"}],"curies":[{"name":"wp","href":"https:\/\/api.w.org\/{rel}","templated":true}]}}