{"id":135086,"date":"2024-03-16T18:32:31","date_gmt":"2024-03-22T18:09:06","guid":{"rendered":"https:\/\/www.ivinio.com\/product\/domaine-francoise-andre-beaune-montee-rouge-red\/"},"modified":"2024-03-22T19:22:02","modified_gmt":"2024-03-22T18:22:02","slug":"domaine-francoise-andre-beaune-montee-rouge-red","status":"publish","type":"product","link":"https:\/\/www.ivinio.com\/en\/product\/domaine-francoise-andre-beaune-montee-rouge-red\/","title":{"rendered":"Domaine Fran\u00e7oise Andr\u00e9 &#8211; Beaune &#8211; Mont\u00e9e Rouge &#8211; Red"},"content":{"rendered":"<p>Domaine Fran\u00e7oise Andr\u00e9 &#8211; Beaune &#8211; Mont\u00e9e Rouge &#8211; Red wine is produced from 100% Pinot noir grapes grown on just under half a hectare of land. The harvest is carried out manually with careful sorting of the bunches. Destemming is categorical to enhance finesse and the elegance of the tannins. A pre-fermentation maceration of around 7 days is carried out in temperature-controlled steel vats, which guarantees precision in the various stages of vinification. During fermentation, the must is tasted daily to adjust the process (remontage\/pigeage). The goal is to achieve optimal extraction from the skins by limiting as much as possible the contribution of the coarser seeds. After fermentation, the wine is stored in 228 liter barrels for 12 months. The proportion of new casks is deliberately moderate (approximately 25 to 30% per year) to allow the terroir of the appellation to express itself rather than the oak. The barrels are developed in collaboration with the barrel manufacturer to best match the character of the wine.<\/p>\n","protected":false},"excerpt":{"rendered":"<p>A light and refined Beaune with floral elements of peonies and roses &#8211; the palate is fruity and fresh.<\/p>\n","protected":false},"featured_media":135033,"comment_status":"open","ping_status":"closed","template":"","meta":{"_monsterinsights_skip_tracking":false,"_monsterinsights_sitenote_active":false,"_monsterinsights_sitenote_note":"","_monsterinsights_sitenote_category":0,"_uf_show_specific_survey":0,"_uf_disable_surveys":false},"product_brand":[],"product_cat":[36611,36587],"product_tag":[],"class_list":{"0":"post-135086","1":"product","2":"type-product","3":"status-publish","4":"has-post-thumbnail","6":"product_cat-en-burgundy","7":"product_cat-french-wines","8":"pa_alcohol-degree-13-en","9":"pa_classification-aop-beaune-en","10":"pa_color-red","11":"pa_country-france-en","12":"pa_grape-variety-pinot-noir","13":"pa_region-burgundy","14":"pa_storage-potential-10-years-en","15":"pa_vintage-2017-en","16":"pa_volume-75-cl-en","18":"first","19":"outofstock","20":"taxable","21":"shipping-taxable","22":"purchasable","23":"product-type-simple"},"bundled_by":["135088"],"bundle_stock_status":"outofstock","bundle_stock_quantity":null,"bundle_virtual":false,"bundle_layout":"","bundle_add_to_cart_form_location":"","bundle_editable_in_cart":false,"bundle_sold_individually_context":"","bundle_item_grouping":"","bundle_min_size":"","bundle_max_size":"","bundle_price":[],"bundled_items":[],"bundle_sell_ids":[],"yoast_head":"<!-- This site is optimized with the Yoast SEO plugin v27.5 - https:\/\/yoast.com\/product\/yoast-seo-wordpress\/ -->\n<title>Domaine Fran\u00e7oise Andr\u00e9 - Beaune - Mont\u00e9e Rouge - Red wine - IVINIO Wine Shop<\/title>\n<meta name=\"description\" content=\"Domaine Fran\u00e7oise Andr\u00e9 - Beaune - Mont\u00e9e Rouge - Red wine. The nose has floral elements of peonies and roses, the palate is fruity and fresh.\" \/>\n<meta name=\"robots\" content=\"index, follow, max-snippet:-1, max-image-preview:large, max-video-preview:-1\" \/>\n<link rel=\"canonical\" href=\"https:\/\/www.ivinio.com\/en\/product\/domaine-francoise-andre-beaune-montee-rouge-red\/\" \/>\n<meta property=\"og:locale\" content=\"en_US\" \/>\n<meta property=\"og:type\" content=\"article\" \/>\n<meta property=\"og:title\" content=\"Domaine Fran\u00e7oise Andr\u00e9 - Beaune - Mont\u00e9e Rouge - Red wine - IVINIO Wine Shop\" \/>\n<meta property=\"og:description\" content=\"Domaine Fran\u00e7oise Andr\u00e9 - Beaune - Mont\u00e9e Rouge - Red wine. The nose has floral elements of peonies and roses, the palate is fruity and fresh.\" \/>\n<meta property=\"og:url\" content=\"https:\/\/www.ivinio.com\/en\/product\/domaine-francoise-andre-beaune-montee-rouge-red\/\" \/>\n<meta property=\"og:site_name\" content=\"IVINIO Wine Shop\" \/>\n<meta property=\"article:publisher\" content=\"https:\/\/www.facebook.com\/groups\/165217837022391\/?ref=bookmarks\" \/>\n<meta property=\"article:modified_time\" content=\"2024-03-22T18:22:02+00:00\" \/>\n<meta property=\"og:image\" content=\"https:\/\/www.ivinio.com\/wp-content\/uploads\/2024\/03\/Domaine-Francoise-Andre-Beane-Montee-rouge-IVINIO.jpg\" \/>\n\t<meta property=\"og:image:width\" content=\"500\" \/>\n\t<meta property=\"og:image:height\" content=\"500\" \/>\n\t<meta property=\"og:image:type\" content=\"image\/jpeg\" \/>\n<meta name=\"twitter:card\" content=\"summary_large_image\" \/>\n<meta name=\"twitter:label1\" content=\"Est. reading time\" \/>\n\t<meta name=\"twitter:data1\" content=\"1 minute\" \/>\n<script type=\"application\/ld+json\" class=\"yoast-schema-graph\">{\"@context\":\"https:\\\/\\\/schema.org\",\"@graph\":[{\"@type\":\"WebPage\",\"@id\":\"https:\\\/\\\/www.ivinio.com\\\/en\\\/product\\\/domaine-francoise-andre-beaune-montee-rouge-red\\\/\",\"url\":\"https:\\\/\\\/www.ivinio.com\\\/en\\\/product\\\/domaine-francoise-andre-beaune-montee-rouge-red\\\/\",\"name\":\"Domaine Fran\u00e7oise Andr\u00e9 - Beaune - Mont\u00e9e Rouge - Red wine - IVINIO Wine Shop\",\"isPartOf\":{\"@id\":\"https:\\\/\\\/www.ivinio.com\\\/en\\\/#website\"},\"primaryImageOfPage\":{\"@id\":\"https:\\\/\\\/www.ivinio.com\\\/en\\\/product\\\/domaine-francoise-andre-beaune-montee-rouge-red\\\/#primaryimage\"},\"image\":{\"@id\":\"https:\\\/\\\/www.ivinio.com\\\/en\\\/product\\\/domaine-francoise-andre-beaune-montee-rouge-red\\\/#primaryimage\"},\"thumbnailUrl\":\"https:\\\/\\\/www.ivinio.com\\\/wp-content\\\/uploads\\\/2024\\\/03\\\/Domaine-Francoise-Andre-Beane-Montee-rouge-IVINIO.jpg\",\"datePublished\":\"2024-03-22T18:09:06+00:00\",\"dateModified\":\"2024-03-22T18:22:02+00:00\",\"description\":\"Domaine Fran\u00e7oise Andr\u00e9 - Beaune - Mont\u00e9e Rouge - Red wine. The nose has floral elements of peonies and roses, the palate is fruity and fresh.\",\"breadcrumb\":{\"@id\":\"https:\\\/\\\/www.ivinio.com\\\/en\\\/product\\\/domaine-francoise-andre-beaune-montee-rouge-red\\\/#breadcrumb\"},\"inLanguage\":\"en-US\",\"potentialAction\":[{\"@type\":\"ReadAction\",\"target\":[\"https:\\\/\\\/www.ivinio.com\\\/en\\\/product\\\/domaine-francoise-andre-beaune-montee-rouge-red\\\/\"]}]},{\"@type\":\"ImageObject\",\"inLanguage\":\"en-US\",\"@id\":\"https:\\\/\\\/www.ivinio.com\\\/en\\\/product\\\/domaine-francoise-andre-beaune-montee-rouge-red\\\/#primaryimage\",\"url\":\"https:\\\/\\\/www.ivinio.com\\\/wp-content\\\/uploads\\\/2024\\\/03\\\/Domaine-Francoise-Andre-Beane-Montee-rouge-IVINIO.jpg\",\"contentUrl\":\"https:\\\/\\\/www.ivinio.com\\\/wp-content\\\/uploads\\\/2024\\\/03\\\/Domaine-Francoise-Andre-Beane-Montee-rouge-IVINIO.jpg\",\"width\":500,\"height\":500},{\"@type\":\"BreadcrumbList\",\"@id\":\"https:\\\/\\\/www.ivinio.com\\\/en\\\/product\\\/domaine-francoise-andre-beaune-montee-rouge-red\\\/#breadcrumb\",\"itemListElement\":[{\"@type\":\"ListItem\",\"position\":1,\"name\":\"Home\",\"item\":\"https:\\\/\\\/www.ivinio.com\\\/en\\\/\"},{\"@type\":\"ListItem\",\"position\":2,\"name\":\"Wine-shop\",\"item\":\"https:\\\/\\\/www.ivinio.com\\\/en\\\/wine-shop\\\/\"},{\"@type\":\"ListItem\",\"position\":3,\"name\":\"Domaine Fran\u00e7oise Andr\u00e9 &#8211; Beaune &#8211; Mont\u00e9e Rouge &#8211; Red\"}]},{\"@type\":\"WebSite\",\"@id\":\"https:\\\/\\\/www.ivinio.com\\\/en\\\/#website\",\"url\":\"https:\\\/\\\/www.ivinio.com\\\/en\\\/\",\"name\":\"IVINIO Wine Shop\",\"description\":\"French and Italian wines with delivery to your door\",\"publisher\":{\"@id\":\"https:\\\/\\\/www.ivinio.com\\\/en\\\/#organization\"},\"potentialAction\":[{\"@type\":\"SearchAction\",\"target\":{\"@type\":\"EntryPoint\",\"urlTemplate\":\"https:\\\/\\\/www.ivinio.com\\\/en\\\/?s={search_term_string}\"},\"query-input\":{\"@type\":\"PropertyValueSpecification\",\"valueRequired\":true,\"valueName\":\"search_term_string\"}}],\"inLanguage\":\"en-US\"},{\"@type\":\"Organization\",\"@id\":\"https:\\\/\\\/www.ivinio.com\\\/en\\\/#organization\",\"name\":\"IVINIO\",\"url\":\"https:\\\/\\\/www.ivinio.com\\\/en\\\/\",\"logo\":{\"@type\":\"ImageObject\",\"inLanguage\":\"en-US\",\"@id\":\"https:\\\/\\\/www.ivinio.com\\\/en\\\/#\\\/schema\\\/logo\\\/image\\\/\",\"url\":\"https:\\\/\\\/www.ivinio.com\\\/wp-content\\\/uploads\\\/2021\\\/01\\\/Logo-Ivinio-v2.jpg\",\"contentUrl\":\"https:\\\/\\\/www.ivinio.com\\\/wp-content\\\/uploads\\\/2021\\\/01\\\/Logo-Ivinio-v2.jpg\",\"width\":1194,\"height\":1194,\"caption\":\"IVINIO\"},\"image\":{\"@id\":\"https:\\\/\\\/www.ivinio.com\\\/en\\\/#\\\/schema\\\/logo\\\/image\\\/\"},\"sameAs\":[\"https:\\\/\\\/www.facebook.com\\\/groups\\\/165217837022391\\\/?ref=bookmarks\",\"https:\\\/\\\/www.instagram.com\\\/_ivinio_\\\/?hl=fr\"]}]}<\/script>\n<!-- \/ Yoast SEO plugin. -->","yoast_head_json":{"title":"Domaine Fran\u00e7oise Andr\u00e9 - Beaune - Mont\u00e9e Rouge - Red wine - IVINIO Wine Shop","description":"Domaine Fran\u00e7oise Andr\u00e9 - Beaune - Mont\u00e9e Rouge - Red wine. The nose has floral elements of peonies and roses, the palate is fruity and fresh.","robots":{"index":"index","follow":"follow","max-snippet":"max-snippet:-1","max-image-preview":"max-image-preview:large","max-video-preview":"max-video-preview:-1"},"canonical":"https:\/\/www.ivinio.com\/en\/product\/domaine-francoise-andre-beaune-montee-rouge-red\/","og_locale":"en_US","og_type":"article","og_title":"Domaine Fran\u00e7oise Andr\u00e9 - Beaune - Mont\u00e9e Rouge - Red wine - IVINIO Wine Shop","og_description":"Domaine Fran\u00e7oise Andr\u00e9 - Beaune - Mont\u00e9e Rouge - Red wine. The nose has floral elements of peonies and roses, the palate is fruity and fresh.","og_url":"https:\/\/www.ivinio.com\/en\/product\/domaine-francoise-andre-beaune-montee-rouge-red\/","og_site_name":"IVINIO Wine Shop","article_publisher":"https:\/\/www.facebook.com\/groups\/165217837022391\/?ref=bookmarks","article_modified_time":"2024-03-22T18:22:02+00:00","og_image":[{"width":500,"height":500,"url":"https:\/\/www.ivinio.com\/wp-content\/uploads\/2024\/03\/Domaine-Francoise-Andre-Beane-Montee-rouge-IVINIO.jpg","type":"image\/jpeg"}],"twitter_card":"summary_large_image","twitter_misc":{"Est. reading time":"1 minute"},"schema":{"@context":"https:\/\/schema.org","@graph":[{"@type":"WebPage","@id":"https:\/\/www.ivinio.com\/en\/product\/domaine-francoise-andre-beaune-montee-rouge-red\/","url":"https:\/\/www.ivinio.com\/en\/product\/domaine-francoise-andre-beaune-montee-rouge-red\/","name":"Domaine Fran\u00e7oise Andr\u00e9 - Beaune - Mont\u00e9e Rouge - Red wine - IVINIO Wine Shop","isPartOf":{"@id":"https:\/\/www.ivinio.com\/en\/#website"},"primaryImageOfPage":{"@id":"https:\/\/www.ivinio.com\/en\/product\/domaine-francoise-andre-beaune-montee-rouge-red\/#primaryimage"},"image":{"@id":"https:\/\/www.ivinio.com\/en\/product\/domaine-francoise-andre-beaune-montee-rouge-red\/#primaryimage"},"thumbnailUrl":"https:\/\/www.ivinio.com\/wp-content\/uploads\/2024\/03\/Domaine-Francoise-Andre-Beane-Montee-rouge-IVINIO.jpg","datePublished":"2024-03-22T18:09:06+00:00","dateModified":"2024-03-22T18:22:02+00:00","description":"Domaine Fran\u00e7oise Andr\u00e9 - Beaune - Mont\u00e9e Rouge - Red wine. The nose has floral elements of peonies and roses, the palate is fruity and fresh.","breadcrumb":{"@id":"https:\/\/www.ivinio.com\/en\/product\/domaine-francoise-andre-beaune-montee-rouge-red\/#breadcrumb"},"inLanguage":"en-US","potentialAction":[{"@type":"ReadAction","target":["https:\/\/www.ivinio.com\/en\/product\/domaine-francoise-andre-beaune-montee-rouge-red\/"]}]},{"@type":"ImageObject","inLanguage":"en-US","@id":"https:\/\/www.ivinio.com\/en\/product\/domaine-francoise-andre-beaune-montee-rouge-red\/#primaryimage","url":"https:\/\/www.ivinio.com\/wp-content\/uploads\/2024\/03\/Domaine-Francoise-Andre-Beane-Montee-rouge-IVINIO.jpg","contentUrl":"https:\/\/www.ivinio.com\/wp-content\/uploads\/2024\/03\/Domaine-Francoise-Andre-Beane-Montee-rouge-IVINIO.jpg","width":500,"height":500},{"@type":"BreadcrumbList","@id":"https:\/\/www.ivinio.com\/en\/product\/domaine-francoise-andre-beaune-montee-rouge-red\/#breadcrumb","itemListElement":[{"@type":"ListItem","position":1,"name":"Home","item":"https:\/\/www.ivinio.com\/en\/"},{"@type":"ListItem","position":2,"name":"Wine-shop","item":"https:\/\/www.ivinio.com\/en\/wine-shop\/"},{"@type":"ListItem","position":3,"name":"Domaine Fran\u00e7oise Andr\u00e9 &#8211; Beaune &#8211; Mont\u00e9e Rouge &#8211; Red"}]},{"@type":"WebSite","@id":"https:\/\/www.ivinio.com\/en\/#website","url":"https:\/\/www.ivinio.com\/en\/","name":"IVINIO Wine Shop","description":"French and Italian wines with delivery to your door","publisher":{"@id":"https:\/\/www.ivinio.com\/en\/#organization"},"potentialAction":[{"@type":"SearchAction","target":{"@type":"EntryPoint","urlTemplate":"https:\/\/www.ivinio.com\/en\/?s={search_term_string}"},"query-input":{"@type":"PropertyValueSpecification","valueRequired":true,"valueName":"search_term_string"}}],"inLanguage":"en-US"},{"@type":"Organization","@id":"https:\/\/www.ivinio.com\/en\/#organization","name":"IVINIO","url":"https:\/\/www.ivinio.com\/en\/","logo":{"@type":"ImageObject","inLanguage":"en-US","@id":"https:\/\/www.ivinio.com\/en\/#\/schema\/logo\/image\/","url":"https:\/\/www.ivinio.com\/wp-content\/uploads\/2021\/01\/Logo-Ivinio-v2.jpg","contentUrl":"https:\/\/www.ivinio.com\/wp-content\/uploads\/2021\/01\/Logo-Ivinio-v2.jpg","width":1194,"height":1194,"caption":"IVINIO"},"image":{"@id":"https:\/\/www.ivinio.com\/en\/#\/schema\/logo\/image\/"},"sameAs":["https:\/\/www.facebook.com\/groups\/165217837022391\/?ref=bookmarks","https:\/\/www.instagram.com\/_ivinio_\/?hl=fr"]}]}},"jetpack_sharing_enabled":true,"_links":{"self":[{"href":"https:\/\/www.ivinio.com\/en\/wp-json\/wp\/v2\/product\/135086","targetHints":{"allow":["GET"]}}],"collection":[{"href":"https:\/\/www.ivinio.com\/en\/wp-json\/wp\/v2\/product"}],"about":[{"href":"https:\/\/www.ivinio.com\/en\/wp-json\/wp\/v2\/types\/product"}],"replies":[{"embeddable":true,"href":"https:\/\/www.ivinio.com\/en\/wp-json\/wp\/v2\/comments?post=135086"}],"wp:featuredmedia":[{"embeddable":true,"href":"https:\/\/www.ivinio.com\/en\/wp-json\/wp\/v2\/media\/135033"}],"wp:attachment":[{"href":"https:\/\/www.ivinio.com\/en\/wp-json\/wp\/v2\/media?parent=135086"}],"wp:term":[{"taxonomy":"product_brand","embeddable":true,"href":"https:\/\/www.ivinio.com\/en\/wp-json\/wp\/v2\/product_brand?post=135086"},{"taxonomy":"product_cat","embeddable":true,"href":"https:\/\/www.ivinio.com\/en\/wp-json\/wp\/v2\/product_cat?post=135086"},{"taxonomy":"product_tag","embeddable":true,"href":"https:\/\/www.ivinio.com\/en\/wp-json\/wp\/v2\/product_tag?post=135086"}],"curies":[{"name":"wp","href":"https:\/\/api.w.org\/{rel}","templated":true}]}}