{"id":133376,"date":"2023-07-28T11:19:10","date_gmt":"2023-08-30T10:29:47","guid":{"rendered":"https:\/\/www.ivinio.com\/product\/chateau-de-la-negly-la-falaise-la-clape-red\/"},"modified":"2023-08-30T12:39:24","modified_gmt":"2023-08-30T10:39:24","slug":"chateau-de-la-negly-la-falaise-la-clape-red","status":"publish","type":"product","link":"https:\/\/www.ivinio.com\/en\/product\/chateau-de-la-negly-la-falaise-la-clape-red\/","title":{"rendered":"Ch\u00e2teau de la N\u00e9gly &#8211; La Falaise &#8211; La Clape &#8211; Red"},"content":{"rendered":"<p>Ch\u00e2teau de la N\u00e9gly &#8211; La Falaise &#8211; La Clape &#8211; Red wine is produced from 50% Syrah, 40% Grenache and 10% Mourv\u00e8dre. The grapes are picked by hand in boxes. The Syrah grapes are then fermented in oak tanks, while the Grenache and Mourv\u00e8dre grapes are fermented in concrete tanks. The wine is then put together and aged for 12 months in oak barrels.<\/p>\n","protected":false},"excerpt":{"rendered":"<p>A full-bodied red wine with complex aromas of blackberry, licorice and oak.<\/p>\n","protected":false},"featured_media":133250,"comment_status":"open","ping_status":"closed","template":"","meta":{"_monsterinsights_skip_tracking":false,"_monsterinsights_sitenote_active":false,"_monsterinsights_sitenote_note":"","_monsterinsights_sitenote_category":0,"_uf_show_specific_survey":0,"_uf_disable_surveys":false},"product_brand":[],"product_cat":[36587,36626],"product_tag":[],"class_list":{"0":"post-133376","1":"product","2":"type-product","3":"status-publish","4":"has-post-thumbnail","6":"product_cat-french-wines","7":"product_cat-en-languedoc","8":"pa_alcohol-degree-15-en","9":"pa_awards-jancis-robinson-en","10":"pa_awards-jeb-dunnuck-en","11":"pa_classification-aop-la-clape-en","12":"pa_color-red","13":"pa_country-france-en","14":"pa_grape-variety-grenache-en","15":"pa_grape-variety-mourvedre","16":"pa_grape-variety-syrah","17":"pa_region-languedoc-en","18":"pa_storage-potential-5-years-en","19":"pa_vintage-2020-en","20":"pa_volume-75-cl-en","22":"first","23":"outofstock","24":"sale","25":"taxable","26":"shipping-taxable","27":"purchasable","28":"product-type-simple"},"bundled_by":["133404"],"bundle_stock_status":"outofstock","bundle_stock_quantity":null,"bundle_virtual":false,"bundle_layout":"","bundle_add_to_cart_form_location":"","bundle_editable_in_cart":false,"bundle_sold_individually_context":"","bundle_item_grouping":"","bundle_min_size":"","bundle_max_size":"","bundle_price":[],"bundled_items":[],"bundle_sell_ids":[],"yoast_head":"<!-- This site is optimized with the Yoast SEO plugin v27.4 - https:\/\/yoast.com\/product\/yoast-seo-wordpress\/ -->\n<title>Ch\u00e2teau de la N\u00e9gly - La Falaise - La Clape - Red wine - IVINIO Wine Shop<\/title>\n<meta name=\"description\" content=\"Ch\u00e2teau de la N\u00e9gly - La Falaise - La Clape - Red wine. Full-bodied with volume, velvety tannins and warm generous elements, but also a fresh touch.\" \/>\n<meta name=\"robots\" content=\"index, follow, max-snippet:-1, max-image-preview:large, max-video-preview:-1\" \/>\n<link rel=\"canonical\" href=\"https:\/\/www.ivinio.com\/en\/product\/chateau-de-la-negly-la-falaise-la-clape-red\/\" \/>\n<meta property=\"og:locale\" content=\"en_US\" \/>\n<meta property=\"og:type\" content=\"article\" \/>\n<meta property=\"og:title\" content=\"Ch\u00e2teau de la N\u00e9gly - La Falaise - La Clape - Red wine - IVINIO Wine Shop\" \/>\n<meta property=\"og:description\" content=\"Ch\u00e2teau de la N\u00e9gly - La Falaise - La Clape - Red wine. Full-bodied with volume, velvety tannins and warm generous elements, but also a fresh touch.\" \/>\n<meta property=\"og:url\" content=\"https:\/\/www.ivinio.com\/en\/product\/chateau-de-la-negly-la-falaise-la-clape-red\/\" \/>\n<meta property=\"og:site_name\" content=\"IVINIO Wine Shop\" \/>\n<meta property=\"article:publisher\" content=\"https:\/\/www.facebook.com\/groups\/165217837022391\/?ref=bookmarks\" \/>\n<meta property=\"article:modified_time\" content=\"2023-08-30T10:39:24+00:00\" \/>\n<meta property=\"og:image\" content=\"https:\/\/www.ivinio.com\/wp-content\/uploads\/2023\/07\/Chateau-de-la-Negly-la-Falaise-IVINIO.jpg\" \/>\n\t<meta property=\"og:image:width\" content=\"500\" \/>\n\t<meta property=\"og:image:height\" content=\"500\" \/>\n\t<meta property=\"og:image:type\" content=\"image\/jpeg\" \/>\n<meta name=\"twitter:card\" content=\"summary_large_image\" \/>\n<meta name=\"twitter:label1\" content=\"Est. reading time\" \/>\n\t<meta name=\"twitter:data1\" content=\"1 minute\" \/>\n<script type=\"application\/ld+json\" class=\"yoast-schema-graph\">{\"@context\":\"https:\\\/\\\/schema.org\",\"@graph\":[{\"@type\":\"WebPage\",\"@id\":\"https:\\\/\\\/www.ivinio.com\\\/en\\\/product\\\/chateau-de-la-negly-la-falaise-la-clape-red\\\/\",\"url\":\"https:\\\/\\\/www.ivinio.com\\\/en\\\/product\\\/chateau-de-la-negly-la-falaise-la-clape-red\\\/\",\"name\":\"Ch\u00e2teau de la N\u00e9gly - La Falaise - La Clape - Red wine - IVINIO Wine Shop\",\"isPartOf\":{\"@id\":\"https:\\\/\\\/www.ivinio.com\\\/en\\\/#website\"},\"primaryImageOfPage\":{\"@id\":\"https:\\\/\\\/www.ivinio.com\\\/en\\\/product\\\/chateau-de-la-negly-la-falaise-la-clape-red\\\/#primaryimage\"},\"image\":{\"@id\":\"https:\\\/\\\/www.ivinio.com\\\/en\\\/product\\\/chateau-de-la-negly-la-falaise-la-clape-red\\\/#primaryimage\"},\"thumbnailUrl\":\"https:\\\/\\\/www.ivinio.com\\\/wp-content\\\/uploads\\\/2023\\\/07\\\/Chateau-de-la-Negly-la-Falaise-IVINIO.jpg\",\"datePublished\":\"2023-08-30T10:29:47+00:00\",\"dateModified\":\"2023-08-30T10:39:24+00:00\",\"description\":\"Ch\u00e2teau de la N\u00e9gly - La Falaise - La Clape - Red wine. Full-bodied with volume, velvety tannins and warm generous elements, but also a fresh touch.\",\"breadcrumb\":{\"@id\":\"https:\\\/\\\/www.ivinio.com\\\/en\\\/product\\\/chateau-de-la-negly-la-falaise-la-clape-red\\\/#breadcrumb\"},\"inLanguage\":\"en-US\",\"potentialAction\":[{\"@type\":\"ReadAction\",\"target\":[\"https:\\\/\\\/www.ivinio.com\\\/en\\\/product\\\/chateau-de-la-negly-la-falaise-la-clape-red\\\/\"]}]},{\"@type\":\"ImageObject\",\"inLanguage\":\"en-US\",\"@id\":\"https:\\\/\\\/www.ivinio.com\\\/en\\\/product\\\/chateau-de-la-negly-la-falaise-la-clape-red\\\/#primaryimage\",\"url\":\"https:\\\/\\\/www.ivinio.com\\\/wp-content\\\/uploads\\\/2023\\\/07\\\/Chateau-de-la-Negly-la-Falaise-IVINIO.jpg\",\"contentUrl\":\"https:\\\/\\\/www.ivinio.com\\\/wp-content\\\/uploads\\\/2023\\\/07\\\/Chateau-de-la-Negly-la-Falaise-IVINIO.jpg\",\"width\":500,\"height\":500},{\"@type\":\"BreadcrumbList\",\"@id\":\"https:\\\/\\\/www.ivinio.com\\\/en\\\/product\\\/chateau-de-la-negly-la-falaise-la-clape-red\\\/#breadcrumb\",\"itemListElement\":[{\"@type\":\"ListItem\",\"position\":1,\"name\":\"Home\",\"item\":\"https:\\\/\\\/www.ivinio.com\\\/en\\\/\"},{\"@type\":\"ListItem\",\"position\":2,\"name\":\"Wine-shop\",\"item\":\"https:\\\/\\\/www.ivinio.com\\\/en\\\/wine-shop\\\/\"},{\"@type\":\"ListItem\",\"position\":3,\"name\":\"Ch\u00e2teau de la N\u00e9gly &#8211; La Falaise &#8211; La Clape &#8211; Red\"}]},{\"@type\":\"WebSite\",\"@id\":\"https:\\\/\\\/www.ivinio.com\\\/en\\\/#website\",\"url\":\"https:\\\/\\\/www.ivinio.com\\\/en\\\/\",\"name\":\"IVINIO Wine Shop\",\"description\":\"French and Italian wines with delivery to your door\",\"publisher\":{\"@id\":\"https:\\\/\\\/www.ivinio.com\\\/en\\\/#organization\"},\"potentialAction\":[{\"@type\":\"SearchAction\",\"target\":{\"@type\":\"EntryPoint\",\"urlTemplate\":\"https:\\\/\\\/www.ivinio.com\\\/en\\\/?s={search_term_string}\"},\"query-input\":{\"@type\":\"PropertyValueSpecification\",\"valueRequired\":true,\"valueName\":\"search_term_string\"}}],\"inLanguage\":\"en-US\"},{\"@type\":\"Organization\",\"@id\":\"https:\\\/\\\/www.ivinio.com\\\/en\\\/#organization\",\"name\":\"IVINIO\",\"url\":\"https:\\\/\\\/www.ivinio.com\\\/en\\\/\",\"logo\":{\"@type\":\"ImageObject\",\"inLanguage\":\"en-US\",\"@id\":\"https:\\\/\\\/www.ivinio.com\\\/en\\\/#\\\/schema\\\/logo\\\/image\\\/\",\"url\":\"https:\\\/\\\/www.ivinio.com\\\/wp-content\\\/uploads\\\/2021\\\/01\\\/Logo-Ivinio-v2.jpg\",\"contentUrl\":\"https:\\\/\\\/www.ivinio.com\\\/wp-content\\\/uploads\\\/2021\\\/01\\\/Logo-Ivinio-v2.jpg\",\"width\":1194,\"height\":1194,\"caption\":\"IVINIO\"},\"image\":{\"@id\":\"https:\\\/\\\/www.ivinio.com\\\/en\\\/#\\\/schema\\\/logo\\\/image\\\/\"},\"sameAs\":[\"https:\\\/\\\/www.facebook.com\\\/groups\\\/165217837022391\\\/?ref=bookmarks\",\"https:\\\/\\\/www.instagram.com\\\/_ivinio_\\\/?hl=fr\"]}]}<\/script>\n<!-- \/ Yoast SEO plugin. -->","yoast_head_json":{"title":"Ch\u00e2teau de la N\u00e9gly - La Falaise - La Clape - Red wine - IVINIO Wine Shop","description":"Ch\u00e2teau de la N\u00e9gly - La Falaise - La Clape - Red wine. Full-bodied with volume, velvety tannins and warm generous elements, but also a fresh touch.","robots":{"index":"index","follow":"follow","max-snippet":"max-snippet:-1","max-image-preview":"max-image-preview:large","max-video-preview":"max-video-preview:-1"},"canonical":"https:\/\/www.ivinio.com\/en\/product\/chateau-de-la-negly-la-falaise-la-clape-red\/","og_locale":"en_US","og_type":"article","og_title":"Ch\u00e2teau de la N\u00e9gly - La Falaise - La Clape - Red wine - IVINIO Wine Shop","og_description":"Ch\u00e2teau de la N\u00e9gly - La Falaise - La Clape - Red wine. Full-bodied with volume, velvety tannins and warm generous elements, but also a fresh touch.","og_url":"https:\/\/www.ivinio.com\/en\/product\/chateau-de-la-negly-la-falaise-la-clape-red\/","og_site_name":"IVINIO Wine Shop","article_publisher":"https:\/\/www.facebook.com\/groups\/165217837022391\/?ref=bookmarks","article_modified_time":"2023-08-30T10:39:24+00:00","og_image":[{"width":500,"height":500,"url":"https:\/\/www.ivinio.com\/wp-content\/uploads\/2023\/07\/Chateau-de-la-Negly-la-Falaise-IVINIO.jpg","type":"image\/jpeg"}],"twitter_card":"summary_large_image","twitter_misc":{"Est. reading time":"1 minute"},"schema":{"@context":"https:\/\/schema.org","@graph":[{"@type":"WebPage","@id":"https:\/\/www.ivinio.com\/en\/product\/chateau-de-la-negly-la-falaise-la-clape-red\/","url":"https:\/\/www.ivinio.com\/en\/product\/chateau-de-la-negly-la-falaise-la-clape-red\/","name":"Ch\u00e2teau de la N\u00e9gly - La Falaise - La Clape - Red wine - IVINIO Wine Shop","isPartOf":{"@id":"https:\/\/www.ivinio.com\/en\/#website"},"primaryImageOfPage":{"@id":"https:\/\/www.ivinio.com\/en\/product\/chateau-de-la-negly-la-falaise-la-clape-red\/#primaryimage"},"image":{"@id":"https:\/\/www.ivinio.com\/en\/product\/chateau-de-la-negly-la-falaise-la-clape-red\/#primaryimage"},"thumbnailUrl":"https:\/\/www.ivinio.com\/wp-content\/uploads\/2023\/07\/Chateau-de-la-Negly-la-Falaise-IVINIO.jpg","datePublished":"2023-08-30T10:29:47+00:00","dateModified":"2023-08-30T10:39:24+00:00","description":"Ch\u00e2teau de la N\u00e9gly - La Falaise - La Clape - Red wine. Full-bodied with volume, velvety tannins and warm generous elements, but also a fresh touch.","breadcrumb":{"@id":"https:\/\/www.ivinio.com\/en\/product\/chateau-de-la-negly-la-falaise-la-clape-red\/#breadcrumb"},"inLanguage":"en-US","potentialAction":[{"@type":"ReadAction","target":["https:\/\/www.ivinio.com\/en\/product\/chateau-de-la-negly-la-falaise-la-clape-red\/"]}]},{"@type":"ImageObject","inLanguage":"en-US","@id":"https:\/\/www.ivinio.com\/en\/product\/chateau-de-la-negly-la-falaise-la-clape-red\/#primaryimage","url":"https:\/\/www.ivinio.com\/wp-content\/uploads\/2023\/07\/Chateau-de-la-Negly-la-Falaise-IVINIO.jpg","contentUrl":"https:\/\/www.ivinio.com\/wp-content\/uploads\/2023\/07\/Chateau-de-la-Negly-la-Falaise-IVINIO.jpg","width":500,"height":500},{"@type":"BreadcrumbList","@id":"https:\/\/www.ivinio.com\/en\/product\/chateau-de-la-negly-la-falaise-la-clape-red\/#breadcrumb","itemListElement":[{"@type":"ListItem","position":1,"name":"Home","item":"https:\/\/www.ivinio.com\/en\/"},{"@type":"ListItem","position":2,"name":"Wine-shop","item":"https:\/\/www.ivinio.com\/en\/wine-shop\/"},{"@type":"ListItem","position":3,"name":"Ch\u00e2teau de la N\u00e9gly &#8211; La Falaise &#8211; La Clape &#8211; Red"}]},{"@type":"WebSite","@id":"https:\/\/www.ivinio.com\/en\/#website","url":"https:\/\/www.ivinio.com\/en\/","name":"IVINIO Wine Shop","description":"French and Italian wines with delivery to your door","publisher":{"@id":"https:\/\/www.ivinio.com\/en\/#organization"},"potentialAction":[{"@type":"SearchAction","target":{"@type":"EntryPoint","urlTemplate":"https:\/\/www.ivinio.com\/en\/?s={search_term_string}"},"query-input":{"@type":"PropertyValueSpecification","valueRequired":true,"valueName":"search_term_string"}}],"inLanguage":"en-US"},{"@type":"Organization","@id":"https:\/\/www.ivinio.com\/en\/#organization","name":"IVINIO","url":"https:\/\/www.ivinio.com\/en\/","logo":{"@type":"ImageObject","inLanguage":"en-US","@id":"https:\/\/www.ivinio.com\/en\/#\/schema\/logo\/image\/","url":"https:\/\/www.ivinio.com\/wp-content\/uploads\/2021\/01\/Logo-Ivinio-v2.jpg","contentUrl":"https:\/\/www.ivinio.com\/wp-content\/uploads\/2021\/01\/Logo-Ivinio-v2.jpg","width":1194,"height":1194,"caption":"IVINIO"},"image":{"@id":"https:\/\/www.ivinio.com\/en\/#\/schema\/logo\/image\/"},"sameAs":["https:\/\/www.facebook.com\/groups\/165217837022391\/?ref=bookmarks","https:\/\/www.instagram.com\/_ivinio_\/?hl=fr"]}]}},"jetpack_sharing_enabled":true,"_links":{"self":[{"href":"https:\/\/www.ivinio.com\/en\/wp-json\/wp\/v2\/product\/133376","targetHints":{"allow":["GET"]}}],"collection":[{"href":"https:\/\/www.ivinio.com\/en\/wp-json\/wp\/v2\/product"}],"about":[{"href":"https:\/\/www.ivinio.com\/en\/wp-json\/wp\/v2\/types\/product"}],"replies":[{"embeddable":true,"href":"https:\/\/www.ivinio.com\/en\/wp-json\/wp\/v2\/comments?post=133376"}],"wp:featuredmedia":[{"embeddable":true,"href":"https:\/\/www.ivinio.com\/en\/wp-json\/wp\/v2\/media\/133250"}],"wp:attachment":[{"href":"https:\/\/www.ivinio.com\/en\/wp-json\/wp\/v2\/media?parent=133376"}],"wp:term":[{"taxonomy":"product_brand","embeddable":true,"href":"https:\/\/www.ivinio.com\/en\/wp-json\/wp\/v2\/product_brand?post=133376"},{"taxonomy":"product_cat","embeddable":true,"href":"https:\/\/www.ivinio.com\/en\/wp-json\/wp\/v2\/product_cat?post=133376"},{"taxonomy":"product_tag","embeddable":true,"href":"https:\/\/www.ivinio.com\/en\/wp-json\/wp\/v2\/product_tag?post=133376"}],"curies":[{"name":"wp","href":"https:\/\/api.w.org\/{rel}","templated":true}]}}