{"id":131789,"date":"2022-11-05T16:26:34","date_gmt":"2022-11-05T15:40:53","guid":{"rendered":"https:\/\/www.ivinio.com\/product\/chateau-malescasse-haut-medoc-cru-bourgeois-exceptionnel\/"},"modified":"2022-11-05T17:12:54","modified_gmt":"2022-11-05T16:12:54","slug":"chateau-malescasse-haut-medoc-cru-bourgeois-exceptionnel","status":"publish","type":"product","link":"https:\/\/www.ivinio.com\/en\/product\/chateau-malescasse-haut-medoc-cru-bourgeois-exceptionnel\/","title":{"rendered":"Ch\u00e2teau Malescasse &#8211; Haut-M\u00e9doc &#8211; Cru Bourgeois Exceptionnel"},"content":{"rendered":"<p>Ch\u00e2teau Malescasse is a Haut-M\u00e9doc &#8211; Cru Bourgeois Exceptionnel, made from 60% Merlot, 35% Cabernet-Sauvignon and 5% Petit Verdot.<br \/>\nViticulture is carried out according to the standard for Reasonable agriculture. No herbicides are used. Manual harvesting done in small boxes of 4 kg to preserve the berries.<br \/>\nThe grapes are fermented at a temperature of between 26\u00b0 and 28\u00b0C. Regular pressing down of skins and seeds that stays at the surface (pigeage). It allows to extract extra tannins. Fermentation takes 4 weeks. The malolactic fermentation is done in barrels, of which 30% in new oak barrels. Vertical pneumatic press of the wine and then 14 months of storage in oak barrels, of which 35% are new oak barrels.<\/p>\n","protected":false},"excerpt":{"rendered":"<p>Ch\u00e2teau Malescasse is a Haut-M\u00e9doc &#8211; Cru Bourgeois Exceptionnel with complex aromas of black berries, cocoa and licorice.<\/p>\n","protected":false},"featured_media":131787,"comment_status":"open","ping_status":"closed","template":"","meta":{"_monsterinsights_skip_tracking":false,"_monsterinsights_sitenote_active":false,"_monsterinsights_sitenote_note":"","_monsterinsights_sitenote_category":0,"_uf_show_specific_survey":0,"_uf_disable_surveys":false},"product_brand":[],"product_cat":[36632,36587],"product_tag":[],"class_list":{"0":"post-131789","1":"product","2":"type-product","3":"status-publish","4":"has-post-thumbnail","6":"product_cat-en-bordeaux","7":"product_cat-french-wines","8":"pa_alcohol-degree-14-en","9":"pa_awards-decanter-en","10":"pa_classification-aop-haut-medoc-cru-bourgeois-exceptionnel-en","11":"pa_color-red","12":"pa_country-france-en","13":"pa_grape-variety-cabernet-sauvignon-en","14":"pa_grape-variety-merlot","15":"pa_grape-variety-petit-verdot-en","16":"pa_region-bordeaux","17":"pa_storage-potential-more-than-15-years","18":"pa_vintage-2018-en","19":"pa_volume-75-cl-en","21":"first","22":"instock","23":"sale","24":"taxable","25":"shipping-taxable","26":"purchasable","27":"product-type-simple"},"bundled_by":[],"bundle_stock_status":"instock","bundle_stock_quantity":null,"bundle_virtual":false,"bundle_layout":"","bundle_add_to_cart_form_location":"","bundle_editable_in_cart":false,"bundle_sold_individually_context":"","bundle_item_grouping":"","bundle_min_size":"","bundle_max_size":"","bundle_price":[],"bundled_items":[],"bundle_sell_ids":[],"yoast_head":"<!-- This site is optimized with the Yoast SEO plugin v27.5 - https:\/\/yoast.com\/product\/yoast-seo-wordpress\/ -->\n<title>Ch\u00e2teau Malescasse - Haut-M\u00e9doc - Cru Bourgeois Exceptionnel<\/title>\n<meta name=\"description\" content=\"Buy Ch\u00e2teau Malescasse - Haut-M\u00e9doc - Cru Bourgeois Exceptionnel. With complex aromas of black berries, cocoa and licorice.\" \/>\n<meta name=\"robots\" content=\"index, follow, max-snippet:-1, max-image-preview:large, max-video-preview:-1\" \/>\n<link rel=\"canonical\" href=\"https:\/\/www.ivinio.com\/en\/product\/chateau-malescasse-haut-medoc-cru-bourgeois-exceptionnel\/\" \/>\n<meta property=\"og:locale\" content=\"en_US\" \/>\n<meta property=\"og:type\" content=\"article\" \/>\n<meta property=\"og:title\" content=\"Ch\u00e2teau Malescasse - Haut-M\u00e9doc - Cru Bourgeois Exceptionnel\" \/>\n<meta property=\"og:description\" content=\"Buy Ch\u00e2teau Malescasse - Haut-M\u00e9doc - Cru Bourgeois Exceptionnel. With complex aromas of black berries, cocoa and licorice.\" \/>\n<meta property=\"og:url\" content=\"https:\/\/www.ivinio.com\/en\/product\/chateau-malescasse-haut-medoc-cru-bourgeois-exceptionnel\/\" \/>\n<meta property=\"og:site_name\" content=\"IVINIO Wine Shop\" \/>\n<meta property=\"article:publisher\" content=\"https:\/\/www.facebook.com\/groups\/165217837022391\/?ref=bookmarks\" \/>\n<meta property=\"article:modified_time\" content=\"2022-11-05T16:12:54+00:00\" \/>\n<meta property=\"og:image\" content=\"https:\/\/www.ivinio.com\/wp-content\/uploads\/2022\/11\/Chateau-Malescasse-IVINIO.jpg\" \/>\n\t<meta property=\"og:image:width\" content=\"500\" \/>\n\t<meta property=\"og:image:height\" content=\"500\" \/>\n\t<meta property=\"og:image:type\" content=\"image\/jpeg\" \/>\n<meta name=\"twitter:card\" content=\"summary_large_image\" \/>\n<meta name=\"twitter:label1\" content=\"Est. reading time\" \/>\n\t<meta name=\"twitter:data1\" content=\"1 minute\" \/>\n<script type=\"application\/ld+json\" class=\"yoast-schema-graph\">{\"@context\":\"https:\\\/\\\/schema.org\",\"@graph\":[{\"@type\":\"WebPage\",\"@id\":\"https:\\\/\\\/www.ivinio.com\\\/en\\\/product\\\/chateau-malescasse-haut-medoc-cru-bourgeois-exceptionnel\\\/\",\"url\":\"https:\\\/\\\/www.ivinio.com\\\/en\\\/product\\\/chateau-malescasse-haut-medoc-cru-bourgeois-exceptionnel\\\/\",\"name\":\"Ch\u00e2teau Malescasse - Haut-M\u00e9doc - Cru Bourgeois Exceptionnel\",\"isPartOf\":{\"@id\":\"https:\\\/\\\/www.ivinio.com\\\/en\\\/#website\"},\"primaryImageOfPage\":{\"@id\":\"https:\\\/\\\/www.ivinio.com\\\/en\\\/product\\\/chateau-malescasse-haut-medoc-cru-bourgeois-exceptionnel\\\/#primaryimage\"},\"image\":{\"@id\":\"https:\\\/\\\/www.ivinio.com\\\/en\\\/product\\\/chateau-malescasse-haut-medoc-cru-bourgeois-exceptionnel\\\/#primaryimage\"},\"thumbnailUrl\":\"https:\\\/\\\/www.ivinio.com\\\/wp-content\\\/uploads\\\/2022\\\/11\\\/Chateau-Malescasse-IVINIO.jpg\",\"datePublished\":\"2022-11-05T15:40:53+00:00\",\"dateModified\":\"2022-11-05T16:12:54+00:00\",\"description\":\"Buy Ch\u00e2teau Malescasse - Haut-M\u00e9doc - Cru Bourgeois Exceptionnel. With complex aromas of black berries, cocoa and licorice.\",\"breadcrumb\":{\"@id\":\"https:\\\/\\\/www.ivinio.com\\\/en\\\/product\\\/chateau-malescasse-haut-medoc-cru-bourgeois-exceptionnel\\\/#breadcrumb\"},\"inLanguage\":\"en-US\",\"potentialAction\":[{\"@type\":\"ReadAction\",\"target\":[\"https:\\\/\\\/www.ivinio.com\\\/en\\\/product\\\/chateau-malescasse-haut-medoc-cru-bourgeois-exceptionnel\\\/\"]}]},{\"@type\":\"ImageObject\",\"inLanguage\":\"en-US\",\"@id\":\"https:\\\/\\\/www.ivinio.com\\\/en\\\/product\\\/chateau-malescasse-haut-medoc-cru-bourgeois-exceptionnel\\\/#primaryimage\",\"url\":\"https:\\\/\\\/www.ivinio.com\\\/wp-content\\\/uploads\\\/2022\\\/11\\\/Chateau-Malescasse-IVINIO.jpg\",\"contentUrl\":\"https:\\\/\\\/www.ivinio.com\\\/wp-content\\\/uploads\\\/2022\\\/11\\\/Chateau-Malescasse-IVINIO.jpg\",\"width\":500,\"height\":500},{\"@type\":\"BreadcrumbList\",\"@id\":\"https:\\\/\\\/www.ivinio.com\\\/en\\\/product\\\/chateau-malescasse-haut-medoc-cru-bourgeois-exceptionnel\\\/#breadcrumb\",\"itemListElement\":[{\"@type\":\"ListItem\",\"position\":1,\"name\":\"Home\",\"item\":\"https:\\\/\\\/www.ivinio.com\\\/en\\\/\"},{\"@type\":\"ListItem\",\"position\":2,\"name\":\"Wine-shop\",\"item\":\"https:\\\/\\\/www.ivinio.com\\\/en\\\/wine-shop\\\/\"},{\"@type\":\"ListItem\",\"position\":3,\"name\":\"Ch\u00e2teau Malescasse &#8211; Haut-M\u00e9doc &#8211; Cru Bourgeois Exceptionnel\"}]},{\"@type\":\"WebSite\",\"@id\":\"https:\\\/\\\/www.ivinio.com\\\/en\\\/#website\",\"url\":\"https:\\\/\\\/www.ivinio.com\\\/en\\\/\",\"name\":\"IVINIO Wine Shop\",\"description\":\"French and Italian wines with delivery to your door\",\"publisher\":{\"@id\":\"https:\\\/\\\/www.ivinio.com\\\/en\\\/#organization\"},\"potentialAction\":[{\"@type\":\"SearchAction\",\"target\":{\"@type\":\"EntryPoint\",\"urlTemplate\":\"https:\\\/\\\/www.ivinio.com\\\/en\\\/?s={search_term_string}\"},\"query-input\":{\"@type\":\"PropertyValueSpecification\",\"valueRequired\":true,\"valueName\":\"search_term_string\"}}],\"inLanguage\":\"en-US\"},{\"@type\":\"Organization\",\"@id\":\"https:\\\/\\\/www.ivinio.com\\\/en\\\/#organization\",\"name\":\"IVINIO\",\"url\":\"https:\\\/\\\/www.ivinio.com\\\/en\\\/\",\"logo\":{\"@type\":\"ImageObject\",\"inLanguage\":\"en-US\",\"@id\":\"https:\\\/\\\/www.ivinio.com\\\/en\\\/#\\\/schema\\\/logo\\\/image\\\/\",\"url\":\"https:\\\/\\\/www.ivinio.com\\\/wp-content\\\/uploads\\\/2021\\\/01\\\/Logo-Ivinio-v2.jpg\",\"contentUrl\":\"https:\\\/\\\/www.ivinio.com\\\/wp-content\\\/uploads\\\/2021\\\/01\\\/Logo-Ivinio-v2.jpg\",\"width\":1194,\"height\":1194,\"caption\":\"IVINIO\"},\"image\":{\"@id\":\"https:\\\/\\\/www.ivinio.com\\\/en\\\/#\\\/schema\\\/logo\\\/image\\\/\"},\"sameAs\":[\"https:\\\/\\\/www.facebook.com\\\/groups\\\/165217837022391\\\/?ref=bookmarks\",\"https:\\\/\\\/www.instagram.com\\\/_ivinio_\\\/?hl=fr\"]}]}<\/script>\n<!-- \/ Yoast SEO plugin. -->","yoast_head_json":{"title":"Ch\u00e2teau Malescasse - Haut-M\u00e9doc - Cru Bourgeois Exceptionnel","description":"Buy Ch\u00e2teau Malescasse - Haut-M\u00e9doc - Cru Bourgeois Exceptionnel. With complex aromas of black berries, cocoa and licorice.","robots":{"index":"index","follow":"follow","max-snippet":"max-snippet:-1","max-image-preview":"max-image-preview:large","max-video-preview":"max-video-preview:-1"},"canonical":"https:\/\/www.ivinio.com\/en\/product\/chateau-malescasse-haut-medoc-cru-bourgeois-exceptionnel\/","og_locale":"en_US","og_type":"article","og_title":"Ch\u00e2teau Malescasse - Haut-M\u00e9doc - Cru Bourgeois Exceptionnel","og_description":"Buy Ch\u00e2teau Malescasse - Haut-M\u00e9doc - Cru Bourgeois Exceptionnel. With complex aromas of black berries, cocoa and licorice.","og_url":"https:\/\/www.ivinio.com\/en\/product\/chateau-malescasse-haut-medoc-cru-bourgeois-exceptionnel\/","og_site_name":"IVINIO Wine Shop","article_publisher":"https:\/\/www.facebook.com\/groups\/165217837022391\/?ref=bookmarks","article_modified_time":"2022-11-05T16:12:54+00:00","og_image":[{"width":500,"height":500,"url":"https:\/\/www.ivinio.com\/wp-content\/uploads\/2022\/11\/Chateau-Malescasse-IVINIO.jpg","type":"image\/jpeg"}],"twitter_card":"summary_large_image","twitter_misc":{"Est. reading time":"1 minute"},"schema":{"@context":"https:\/\/schema.org","@graph":[{"@type":"WebPage","@id":"https:\/\/www.ivinio.com\/en\/product\/chateau-malescasse-haut-medoc-cru-bourgeois-exceptionnel\/","url":"https:\/\/www.ivinio.com\/en\/product\/chateau-malescasse-haut-medoc-cru-bourgeois-exceptionnel\/","name":"Ch\u00e2teau Malescasse - Haut-M\u00e9doc - Cru Bourgeois Exceptionnel","isPartOf":{"@id":"https:\/\/www.ivinio.com\/en\/#website"},"primaryImageOfPage":{"@id":"https:\/\/www.ivinio.com\/en\/product\/chateau-malescasse-haut-medoc-cru-bourgeois-exceptionnel\/#primaryimage"},"image":{"@id":"https:\/\/www.ivinio.com\/en\/product\/chateau-malescasse-haut-medoc-cru-bourgeois-exceptionnel\/#primaryimage"},"thumbnailUrl":"https:\/\/www.ivinio.com\/wp-content\/uploads\/2022\/11\/Chateau-Malescasse-IVINIO.jpg","datePublished":"2022-11-05T15:40:53+00:00","dateModified":"2022-11-05T16:12:54+00:00","description":"Buy Ch\u00e2teau Malescasse - Haut-M\u00e9doc - Cru Bourgeois Exceptionnel. With complex aromas of black berries, cocoa and licorice.","breadcrumb":{"@id":"https:\/\/www.ivinio.com\/en\/product\/chateau-malescasse-haut-medoc-cru-bourgeois-exceptionnel\/#breadcrumb"},"inLanguage":"en-US","potentialAction":[{"@type":"ReadAction","target":["https:\/\/www.ivinio.com\/en\/product\/chateau-malescasse-haut-medoc-cru-bourgeois-exceptionnel\/"]}]},{"@type":"ImageObject","inLanguage":"en-US","@id":"https:\/\/www.ivinio.com\/en\/product\/chateau-malescasse-haut-medoc-cru-bourgeois-exceptionnel\/#primaryimage","url":"https:\/\/www.ivinio.com\/wp-content\/uploads\/2022\/11\/Chateau-Malescasse-IVINIO.jpg","contentUrl":"https:\/\/www.ivinio.com\/wp-content\/uploads\/2022\/11\/Chateau-Malescasse-IVINIO.jpg","width":500,"height":500},{"@type":"BreadcrumbList","@id":"https:\/\/www.ivinio.com\/en\/product\/chateau-malescasse-haut-medoc-cru-bourgeois-exceptionnel\/#breadcrumb","itemListElement":[{"@type":"ListItem","position":1,"name":"Home","item":"https:\/\/www.ivinio.com\/en\/"},{"@type":"ListItem","position":2,"name":"Wine-shop","item":"https:\/\/www.ivinio.com\/en\/wine-shop\/"},{"@type":"ListItem","position":3,"name":"Ch\u00e2teau Malescasse &#8211; Haut-M\u00e9doc &#8211; Cru Bourgeois Exceptionnel"}]},{"@type":"WebSite","@id":"https:\/\/www.ivinio.com\/en\/#website","url":"https:\/\/www.ivinio.com\/en\/","name":"IVINIO Wine Shop","description":"French and Italian wines with delivery to your door","publisher":{"@id":"https:\/\/www.ivinio.com\/en\/#organization"},"potentialAction":[{"@type":"SearchAction","target":{"@type":"EntryPoint","urlTemplate":"https:\/\/www.ivinio.com\/en\/?s={search_term_string}"},"query-input":{"@type":"PropertyValueSpecification","valueRequired":true,"valueName":"search_term_string"}}],"inLanguage":"en-US"},{"@type":"Organization","@id":"https:\/\/www.ivinio.com\/en\/#organization","name":"IVINIO","url":"https:\/\/www.ivinio.com\/en\/","logo":{"@type":"ImageObject","inLanguage":"en-US","@id":"https:\/\/www.ivinio.com\/en\/#\/schema\/logo\/image\/","url":"https:\/\/www.ivinio.com\/wp-content\/uploads\/2021\/01\/Logo-Ivinio-v2.jpg","contentUrl":"https:\/\/www.ivinio.com\/wp-content\/uploads\/2021\/01\/Logo-Ivinio-v2.jpg","width":1194,"height":1194,"caption":"IVINIO"},"image":{"@id":"https:\/\/www.ivinio.com\/en\/#\/schema\/logo\/image\/"},"sameAs":["https:\/\/www.facebook.com\/groups\/165217837022391\/?ref=bookmarks","https:\/\/www.instagram.com\/_ivinio_\/?hl=fr"]}]}},"jetpack_sharing_enabled":true,"_links":{"self":[{"href":"https:\/\/www.ivinio.com\/en\/wp-json\/wp\/v2\/product\/131789","targetHints":{"allow":["GET"]}}],"collection":[{"href":"https:\/\/www.ivinio.com\/en\/wp-json\/wp\/v2\/product"}],"about":[{"href":"https:\/\/www.ivinio.com\/en\/wp-json\/wp\/v2\/types\/product"}],"replies":[{"embeddable":true,"href":"https:\/\/www.ivinio.com\/en\/wp-json\/wp\/v2\/comments?post=131789"}],"wp:featuredmedia":[{"embeddable":true,"href":"https:\/\/www.ivinio.com\/en\/wp-json\/wp\/v2\/media\/131787"}],"wp:attachment":[{"href":"https:\/\/www.ivinio.com\/en\/wp-json\/wp\/v2\/media?parent=131789"}],"wp:term":[{"taxonomy":"product_brand","embeddable":true,"href":"https:\/\/www.ivinio.com\/en\/wp-json\/wp\/v2\/product_brand?post=131789"},{"taxonomy":"product_cat","embeddable":true,"href":"https:\/\/www.ivinio.com\/en\/wp-json\/wp\/v2\/product_cat?post=131789"},{"taxonomy":"product_tag","embeddable":true,"href":"https:\/\/www.ivinio.com\/en\/wp-json\/wp\/v2\/product_tag?post=131789"}],"curies":[{"name":"wp","href":"https:\/\/api.w.org\/{rel}","templated":true}]}}