{"id":131086,"date":"2021-12-10T19:48:42","date_gmt":"2022-05-04T10:21:20","guid":{"rendered":"https:\/\/www.ivinio.com\/product\/chateau-de-valcombe-les-vignes-de-valcombe-le-soufre-coupe-red\/"},"modified":"2022-05-04T12:41:17","modified_gmt":"2022-05-04T10:41:17","slug":"chateau-de-valcombe-les-vignes-de-valcombe-le-soufre-coupe-red","status":"publish","type":"product","link":"https:\/\/www.ivinio.com\/en\/product\/chateau-de-valcombe-les-vignes-de-valcombe-le-soufre-coupe-red\/","title":{"rendered":"Ch\u00e2teau de Valcombe &#8211; Les vignes de Valcombe &#8211; le soufre coup\u00e9 &#8211; Red"},"content":{"rendered":"<p>Ch\u00e2teau de Valcombe &#8211; le soufre coup\u00e9 is a fruity red wine made from 50% Syrah and 50% Grenache without added sulphites. The wine is grown on the hills overlooking the ponds of the <a href=\"http:\/\/www.parc-camargue.fr\/\">Camargue<\/a>. The soil has a, for the <a href=\"https:\/\/www.ivinio.com\/sv\/categorie-produit\/franska-viner\/?wpf_filter_classification=aop-costieres-de-nimes-sv\">Costi\u00e8res de N\u00eemes<\/a>, unique limestone layer that gives the wine an obvious freshness and minerality. The grapes are stalked immediately after harvest and then vinified in cement tanks without the addition of either yeast or sulfur. Fermentation is done at around 25-27 \u00b0 C temperature. Slow and repeated mixes (remontages). No malolactic fermentation. The wine is stored without added sulfur in cement tanks.<\/p>\n<p>&nbsp;<\/p>\n<p>&nbsp;<\/p>\n","protected":false},"excerpt":{"rendered":"<p>Ch\u00e2teau de Valcombe &#8211; le soufre coup\u00e9 is a fruity red wine made from 50% Syrah and 50% Grenache without added sulphites. Full-bodied, fruity with great complexity.<\/p>\n","protected":false},"featured_media":131079,"comment_status":"open","ping_status":"closed","template":"","meta":{"_monsterinsights_skip_tracking":false,"_monsterinsights_sitenote_active":false,"_monsterinsights_sitenote_note":"","_monsterinsights_sitenote_category":0,"_uf_show_specific_survey":0,"_uf_disable_surveys":false},"product_brand":[],"product_cat":[36587,36620],"product_tag":[],"class_list":{"0":"post-131086","1":"product","2":"type-product","3":"status-publish","4":"has-post-thumbnail","6":"product_cat-french-wines","7":"product_cat-en-rhone-valley","8":"pa_alcohol-degree-12-en","9":"pa_classification-vin-de-france-en","10":"pa_color-red","11":"pa_country-france-en","12":"pa_grape-variety-grenache-en","13":"pa_grape-variety-syrah","14":"pa_region-rhone-valley","15":"pa_storage-potential-3-years-en","16":"pa_vintage-2021-en","17":"pa_volume-75-cl-en","19":"first","20":"instock","21":"taxable","22":"shipping-taxable","23":"purchasable","24":"product-type-simple"},"bundled_by":["121220"],"bundle_stock_status":"instock","bundle_stock_quantity":null,"bundle_virtual":false,"bundle_layout":"","bundle_add_to_cart_form_location":"","bundle_editable_in_cart":false,"bundle_sold_individually_context":"","bundle_item_grouping":"","bundle_min_size":"","bundle_max_size":"","bundle_price":[],"bundled_items":[],"bundle_sell_ids":[],"yoast_head":"<!-- This site is optimized with the Yoast SEO plugin v27.5 - https:\/\/yoast.com\/product\/yoast-seo-wordpress\/ -->\n<title>Ch\u00e2teau de Valcombe - Les vignes de Valcombe - le soufre coup\u00e9 - IVINIO Wine Shop<\/title>\n<meta name=\"description\" content=\"Buy Ch\u00e2teau de Valcombe - Les vignes de Valcombe - le soufre coup\u00e9 . A fruity red wine made from Syrah and Grenachewithout added sulfites.\" \/>\n<meta name=\"robots\" content=\"index, follow, max-snippet:-1, max-image-preview:large, max-video-preview:-1\" \/>\n<link rel=\"canonical\" href=\"https:\/\/www.ivinio.com\/en\/product\/chateau-de-valcombe-les-vignes-de-valcombe-le-soufre-coupe-red\/\" \/>\n<meta property=\"og:locale\" content=\"en_US\" \/>\n<meta property=\"og:type\" content=\"article\" \/>\n<meta property=\"og:title\" content=\"Ch\u00e2teau de Valcombe - Les vignes de Valcombe - le soufre coup\u00e9 - IVINIO Wine Shop\" \/>\n<meta property=\"og:description\" content=\"Buy Ch\u00e2teau de Valcombe - Les vignes de Valcombe - le soufre coup\u00e9 . A fruity red wine made from Syrah and Grenachewithout added sulfites.\" \/>\n<meta property=\"og:url\" content=\"https:\/\/www.ivinio.com\/en\/product\/chateau-de-valcombe-les-vignes-de-valcombe-le-soufre-coupe-red\/\" \/>\n<meta property=\"og:site_name\" content=\"IVINIO Wine Shop\" \/>\n<meta property=\"article:publisher\" content=\"https:\/\/www.facebook.com\/groups\/165217837022391\/?ref=bookmarks\" \/>\n<meta property=\"article:modified_time\" content=\"2022-05-04T10:41:17+00:00\" \/>\n<meta property=\"og:image\" content=\"https:\/\/www.ivinio.com\/wp-content\/uploads\/2021\/12\/Chateau-de-Valcombe-soufre-coupe-IVINIO.jpg\" \/>\n\t<meta property=\"og:image:width\" content=\"500\" \/>\n\t<meta property=\"og:image:height\" content=\"500\" \/>\n\t<meta property=\"og:image:type\" content=\"image\/jpeg\" \/>\n<meta name=\"twitter:card\" content=\"summary_large_image\" \/>\n<meta name=\"twitter:label1\" content=\"Est. reading time\" \/>\n\t<meta name=\"twitter:data1\" content=\"1 minute\" \/>\n<script type=\"application\/ld+json\" class=\"yoast-schema-graph\">{\"@context\":\"https:\\\/\\\/schema.org\",\"@graph\":[{\"@type\":\"WebPage\",\"@id\":\"https:\\\/\\\/www.ivinio.com\\\/en\\\/product\\\/chateau-de-valcombe-les-vignes-de-valcombe-le-soufre-coupe-red\\\/\",\"url\":\"https:\\\/\\\/www.ivinio.com\\\/en\\\/product\\\/chateau-de-valcombe-les-vignes-de-valcombe-le-soufre-coupe-red\\\/\",\"name\":\"Ch\u00e2teau de Valcombe - Les vignes de Valcombe - le soufre coup\u00e9 - IVINIO Wine Shop\",\"isPartOf\":{\"@id\":\"https:\\\/\\\/www.ivinio.com\\\/en\\\/#website\"},\"primaryImageOfPage\":{\"@id\":\"https:\\\/\\\/www.ivinio.com\\\/en\\\/product\\\/chateau-de-valcombe-les-vignes-de-valcombe-le-soufre-coupe-red\\\/#primaryimage\"},\"image\":{\"@id\":\"https:\\\/\\\/www.ivinio.com\\\/en\\\/product\\\/chateau-de-valcombe-les-vignes-de-valcombe-le-soufre-coupe-red\\\/#primaryimage\"},\"thumbnailUrl\":\"https:\\\/\\\/www.ivinio.com\\\/wp-content\\\/uploads\\\/2021\\\/12\\\/Chateau-de-Valcombe-soufre-coupe-IVINIO.jpg\",\"datePublished\":\"2022-05-04T10:21:20+00:00\",\"dateModified\":\"2022-05-04T10:41:17+00:00\",\"description\":\"Buy Ch\u00e2teau de Valcombe - Les vignes de Valcombe - le soufre coup\u00e9 . A fruity red wine made from Syrah and Grenachewithout added sulfites.\",\"breadcrumb\":{\"@id\":\"https:\\\/\\\/www.ivinio.com\\\/en\\\/product\\\/chateau-de-valcombe-les-vignes-de-valcombe-le-soufre-coupe-red\\\/#breadcrumb\"},\"inLanguage\":\"en-US\",\"potentialAction\":[{\"@type\":\"ReadAction\",\"target\":[\"https:\\\/\\\/www.ivinio.com\\\/en\\\/product\\\/chateau-de-valcombe-les-vignes-de-valcombe-le-soufre-coupe-red\\\/\"]}]},{\"@type\":\"ImageObject\",\"inLanguage\":\"en-US\",\"@id\":\"https:\\\/\\\/www.ivinio.com\\\/en\\\/product\\\/chateau-de-valcombe-les-vignes-de-valcombe-le-soufre-coupe-red\\\/#primaryimage\",\"url\":\"https:\\\/\\\/www.ivinio.com\\\/wp-content\\\/uploads\\\/2021\\\/12\\\/Chateau-de-Valcombe-soufre-coupe-IVINIO.jpg\",\"contentUrl\":\"https:\\\/\\\/www.ivinio.com\\\/wp-content\\\/uploads\\\/2021\\\/12\\\/Chateau-de-Valcombe-soufre-coupe-IVINIO.jpg\",\"width\":500,\"height\":500},{\"@type\":\"BreadcrumbList\",\"@id\":\"https:\\\/\\\/www.ivinio.com\\\/en\\\/product\\\/chateau-de-valcombe-les-vignes-de-valcombe-le-soufre-coupe-red\\\/#breadcrumb\",\"itemListElement\":[{\"@type\":\"ListItem\",\"position\":1,\"name\":\"Home\",\"item\":\"https:\\\/\\\/www.ivinio.com\\\/en\\\/\"},{\"@type\":\"ListItem\",\"position\":2,\"name\":\"Wine-shop\",\"item\":\"https:\\\/\\\/www.ivinio.com\\\/en\\\/wine-shop\\\/\"},{\"@type\":\"ListItem\",\"position\":3,\"name\":\"Ch\u00e2teau de Valcombe &#8211; Les vignes de Valcombe &#8211; le soufre coup\u00e9 &#8211; Red\"}]},{\"@type\":\"WebSite\",\"@id\":\"https:\\\/\\\/www.ivinio.com\\\/en\\\/#website\",\"url\":\"https:\\\/\\\/www.ivinio.com\\\/en\\\/\",\"name\":\"IVINIO Wine Shop\",\"description\":\"French and Italian wines with delivery to your door\",\"publisher\":{\"@id\":\"https:\\\/\\\/www.ivinio.com\\\/en\\\/#organization\"},\"potentialAction\":[{\"@type\":\"SearchAction\",\"target\":{\"@type\":\"EntryPoint\",\"urlTemplate\":\"https:\\\/\\\/www.ivinio.com\\\/en\\\/?s={search_term_string}\"},\"query-input\":{\"@type\":\"PropertyValueSpecification\",\"valueRequired\":true,\"valueName\":\"search_term_string\"}}],\"inLanguage\":\"en-US\"},{\"@type\":\"Organization\",\"@id\":\"https:\\\/\\\/www.ivinio.com\\\/en\\\/#organization\",\"name\":\"IVINIO\",\"url\":\"https:\\\/\\\/www.ivinio.com\\\/en\\\/\",\"logo\":{\"@type\":\"ImageObject\",\"inLanguage\":\"en-US\",\"@id\":\"https:\\\/\\\/www.ivinio.com\\\/en\\\/#\\\/schema\\\/logo\\\/image\\\/\",\"url\":\"https:\\\/\\\/www.ivinio.com\\\/wp-content\\\/uploads\\\/2021\\\/01\\\/Logo-Ivinio-v2.jpg\",\"contentUrl\":\"https:\\\/\\\/www.ivinio.com\\\/wp-content\\\/uploads\\\/2021\\\/01\\\/Logo-Ivinio-v2.jpg\",\"width\":1194,\"height\":1194,\"caption\":\"IVINIO\"},\"image\":{\"@id\":\"https:\\\/\\\/www.ivinio.com\\\/en\\\/#\\\/schema\\\/logo\\\/image\\\/\"},\"sameAs\":[\"https:\\\/\\\/www.facebook.com\\\/groups\\\/165217837022391\\\/?ref=bookmarks\",\"https:\\\/\\\/www.instagram.com\\\/_ivinio_\\\/?hl=fr\"]}]}<\/script>\n<!-- \/ Yoast SEO plugin. -->","yoast_head_json":{"title":"Ch\u00e2teau de Valcombe - Les vignes de Valcombe - le soufre coup\u00e9 - IVINIO Wine Shop","description":"Buy Ch\u00e2teau de Valcombe - Les vignes de Valcombe - le soufre coup\u00e9 . A fruity red wine made from Syrah and Grenachewithout added sulfites.","robots":{"index":"index","follow":"follow","max-snippet":"max-snippet:-1","max-image-preview":"max-image-preview:large","max-video-preview":"max-video-preview:-1"},"canonical":"https:\/\/www.ivinio.com\/en\/product\/chateau-de-valcombe-les-vignes-de-valcombe-le-soufre-coupe-red\/","og_locale":"en_US","og_type":"article","og_title":"Ch\u00e2teau de Valcombe - Les vignes de Valcombe - le soufre coup\u00e9 - IVINIO Wine Shop","og_description":"Buy Ch\u00e2teau de Valcombe - Les vignes de Valcombe - le soufre coup\u00e9 . A fruity red wine made from Syrah and Grenachewithout added sulfites.","og_url":"https:\/\/www.ivinio.com\/en\/product\/chateau-de-valcombe-les-vignes-de-valcombe-le-soufre-coupe-red\/","og_site_name":"IVINIO Wine Shop","article_publisher":"https:\/\/www.facebook.com\/groups\/165217837022391\/?ref=bookmarks","article_modified_time":"2022-05-04T10:41:17+00:00","og_image":[{"width":500,"height":500,"url":"https:\/\/www.ivinio.com\/wp-content\/uploads\/2021\/12\/Chateau-de-Valcombe-soufre-coupe-IVINIO.jpg","type":"image\/jpeg"}],"twitter_card":"summary_large_image","twitter_misc":{"Est. reading time":"1 minute"},"schema":{"@context":"https:\/\/schema.org","@graph":[{"@type":"WebPage","@id":"https:\/\/www.ivinio.com\/en\/product\/chateau-de-valcombe-les-vignes-de-valcombe-le-soufre-coupe-red\/","url":"https:\/\/www.ivinio.com\/en\/product\/chateau-de-valcombe-les-vignes-de-valcombe-le-soufre-coupe-red\/","name":"Ch\u00e2teau de Valcombe - Les vignes de Valcombe - le soufre coup\u00e9 - IVINIO Wine Shop","isPartOf":{"@id":"https:\/\/www.ivinio.com\/en\/#website"},"primaryImageOfPage":{"@id":"https:\/\/www.ivinio.com\/en\/product\/chateau-de-valcombe-les-vignes-de-valcombe-le-soufre-coupe-red\/#primaryimage"},"image":{"@id":"https:\/\/www.ivinio.com\/en\/product\/chateau-de-valcombe-les-vignes-de-valcombe-le-soufre-coupe-red\/#primaryimage"},"thumbnailUrl":"https:\/\/www.ivinio.com\/wp-content\/uploads\/2021\/12\/Chateau-de-Valcombe-soufre-coupe-IVINIO.jpg","datePublished":"2022-05-04T10:21:20+00:00","dateModified":"2022-05-04T10:41:17+00:00","description":"Buy Ch\u00e2teau de Valcombe - Les vignes de Valcombe - le soufre coup\u00e9 . A fruity red wine made from Syrah and Grenachewithout added sulfites.","breadcrumb":{"@id":"https:\/\/www.ivinio.com\/en\/product\/chateau-de-valcombe-les-vignes-de-valcombe-le-soufre-coupe-red\/#breadcrumb"},"inLanguage":"en-US","potentialAction":[{"@type":"ReadAction","target":["https:\/\/www.ivinio.com\/en\/product\/chateau-de-valcombe-les-vignes-de-valcombe-le-soufre-coupe-red\/"]}]},{"@type":"ImageObject","inLanguage":"en-US","@id":"https:\/\/www.ivinio.com\/en\/product\/chateau-de-valcombe-les-vignes-de-valcombe-le-soufre-coupe-red\/#primaryimage","url":"https:\/\/www.ivinio.com\/wp-content\/uploads\/2021\/12\/Chateau-de-Valcombe-soufre-coupe-IVINIO.jpg","contentUrl":"https:\/\/www.ivinio.com\/wp-content\/uploads\/2021\/12\/Chateau-de-Valcombe-soufre-coupe-IVINIO.jpg","width":500,"height":500},{"@type":"BreadcrumbList","@id":"https:\/\/www.ivinio.com\/en\/product\/chateau-de-valcombe-les-vignes-de-valcombe-le-soufre-coupe-red\/#breadcrumb","itemListElement":[{"@type":"ListItem","position":1,"name":"Home","item":"https:\/\/www.ivinio.com\/en\/"},{"@type":"ListItem","position":2,"name":"Wine-shop","item":"https:\/\/www.ivinio.com\/en\/wine-shop\/"},{"@type":"ListItem","position":3,"name":"Ch\u00e2teau de Valcombe &#8211; Les vignes de Valcombe &#8211; le soufre coup\u00e9 &#8211; Red"}]},{"@type":"WebSite","@id":"https:\/\/www.ivinio.com\/en\/#website","url":"https:\/\/www.ivinio.com\/en\/","name":"IVINIO Wine Shop","description":"French and Italian wines with delivery to your door","publisher":{"@id":"https:\/\/www.ivinio.com\/en\/#organization"},"potentialAction":[{"@type":"SearchAction","target":{"@type":"EntryPoint","urlTemplate":"https:\/\/www.ivinio.com\/en\/?s={search_term_string}"},"query-input":{"@type":"PropertyValueSpecification","valueRequired":true,"valueName":"search_term_string"}}],"inLanguage":"en-US"},{"@type":"Organization","@id":"https:\/\/www.ivinio.com\/en\/#organization","name":"IVINIO","url":"https:\/\/www.ivinio.com\/en\/","logo":{"@type":"ImageObject","inLanguage":"en-US","@id":"https:\/\/www.ivinio.com\/en\/#\/schema\/logo\/image\/","url":"https:\/\/www.ivinio.com\/wp-content\/uploads\/2021\/01\/Logo-Ivinio-v2.jpg","contentUrl":"https:\/\/www.ivinio.com\/wp-content\/uploads\/2021\/01\/Logo-Ivinio-v2.jpg","width":1194,"height":1194,"caption":"IVINIO"},"image":{"@id":"https:\/\/www.ivinio.com\/en\/#\/schema\/logo\/image\/"},"sameAs":["https:\/\/www.facebook.com\/groups\/165217837022391\/?ref=bookmarks","https:\/\/www.instagram.com\/_ivinio_\/?hl=fr"]}]}},"jetpack_sharing_enabled":true,"_links":{"self":[{"href":"https:\/\/www.ivinio.com\/en\/wp-json\/wp\/v2\/product\/131086","targetHints":{"allow":["GET"]}}],"collection":[{"href":"https:\/\/www.ivinio.com\/en\/wp-json\/wp\/v2\/product"}],"about":[{"href":"https:\/\/www.ivinio.com\/en\/wp-json\/wp\/v2\/types\/product"}],"replies":[{"embeddable":true,"href":"https:\/\/www.ivinio.com\/en\/wp-json\/wp\/v2\/comments?post=131086"}],"wp:featuredmedia":[{"embeddable":true,"href":"https:\/\/www.ivinio.com\/en\/wp-json\/wp\/v2\/media\/131079"}],"wp:attachment":[{"href":"https:\/\/www.ivinio.com\/en\/wp-json\/wp\/v2\/media?parent=131086"}],"wp:term":[{"taxonomy":"product_brand","embeddable":true,"href":"https:\/\/www.ivinio.com\/en\/wp-json\/wp\/v2\/product_brand?post=131086"},{"taxonomy":"product_cat","embeddable":true,"href":"https:\/\/www.ivinio.com\/en\/wp-json\/wp\/v2\/product_cat?post=131086"},{"taxonomy":"product_tag","embeddable":true,"href":"https:\/\/www.ivinio.com\/en\/wp-json\/wp\/v2\/product_tag?post=131086"}],"curies":[{"name":"wp","href":"https:\/\/api.w.org\/{rel}","templated":true}]}}