{"id":130889,"date":"2022-04-09T10:57:22","date_gmt":"2022-04-09T08:57:24","guid":{"rendered":"https:\/\/www.ivinio.com\/?post_type=product&#038;p=130889"},"modified":"2023-05-26T19:16:09","modified_gmt":"2023-05-26T17:16:09","slug":"domaines-bunan-belouve-cotes-de-provence-red","status":"publish","type":"product","link":"https:\/\/www.ivinio.com\/en\/product\/domaines-bunan-belouve-cotes-de-provence-red\/","title":{"rendered":"Domaines Bunan &#8211; B\u00e9louv\u00e9 &#8211; C\u00f4tes de Provence &#8211; Red"},"content":{"rendered":"<p>Domaines Bunan &#8211; B\u00e9louv\u00e9 &#8211; C\u00f4tes de Provence &#8211; Red wine is a &#8220;classic&#8221; <a href=\"https:\/\/www.ivinio.com\/sv\/sv-provence\/\">C\u00f4tes de Provence.<\/a> The wine is grown in an area located between Cadi\u00e8re d&#8217;Azur and Le Castellet, in Var, in the region of Provence. The winemaking is done according to the same process as Bunan&#8217;s exclusive Bandol wines. B\u00e9louv\u00e9 in red is produced from 22% Grenache, 25% Mourv\u00e8dre, 27% Syrah, and 26% Cabernet. In the 18th century, the property belonged to monks who vinified &#8220;B\u00e9louv\u00e9&#8221; which in Provencal means &#8220;beautiful grape&#8221;. The vineyard is surrounded by olive trees and Florentine cypresses and the place radiates peace and quiet. The vineyard was rebuilt by the Bunan family in 1978.<\/p>\n","protected":false},"excerpt":{"rendered":"<p>Domaines Bunan &#8211; B\u00e9louv\u00e9 &#8211; C\u00f4tes de Provence &#8211; Red wine is a &#8220;classic&#8221; C\u00f4tes de Provence. Fruity and full-bodied with silky tannins.<\/p>\n","protected":false},"featured_media":130892,"comment_status":"open","ping_status":"closed","template":"","meta":{"_monsterinsights_skip_tracking":false,"_monsterinsights_sitenote_active":false,"_monsterinsights_sitenote_note":"","_monsterinsights_sitenote_category":0,"_uf_show_specific_survey":0,"_uf_disable_surveys":false},"product_brand":[],"product_cat":[36587,36623],"product_tag":[],"class_list":{"0":"post-130889","1":"product","2":"type-product","3":"status-publish","4":"has-post-thumbnail","6":"product_cat-french-wines","7":"product_cat-en-provence","8":"pa_alcohol-degree-15-en","9":"pa_classification-aop-cotes-de-provence-en","10":"pa_color-red","11":"pa_country-france-en","12":"pa_grape-variety-cabernet-sauvignon-en","13":"pa_grape-variety-grenache-en","14":"pa_region-provence-en","15":"pa_storage-potential-7-years-en","16":"pa_vintage-2020-en","17":"pa_volume-75-cl-en","19":"first","20":"instock","21":"taxable","22":"shipping-taxable","23":"purchasable","24":"product-type-simple"},"bundled_by":[],"bundle_stock_status":"instock","bundle_stock_quantity":null,"bundle_virtual":false,"bundle_layout":"","bundle_add_to_cart_form_location":"","bundle_editable_in_cart":false,"bundle_sold_individually_context":"","bundle_item_grouping":"","bundle_min_size":"","bundle_max_size":"","bundle_price":[],"bundled_items":[],"bundle_sell_ids":[],"yoast_head":"<!-- This site is optimized with the Yoast SEO plugin v27.3 - https:\/\/yoast.com\/product\/yoast-seo-wordpress\/ -->\n<title>Domaines Bunan - B\u00e9louv\u00e9 - C\u00f4tes de Provence - Red wine - IVINIO Wine Shop<\/title>\n<meta name=\"description\" content=\"Domaines Bunan - B\u00e9louv\u00e9 - C\u00f4tes de Provence - Red wine. Elegant and fruity with a full-bodied taste of black berries and licorice.\" \/>\n<meta name=\"robots\" content=\"index, follow, max-snippet:-1, max-image-preview:large, max-video-preview:-1\" \/>\n<link rel=\"canonical\" href=\"https:\/\/www.ivinio.com\/en\/product\/domaines-bunan-belouve-cotes-de-provence-red\/\" \/>\n<meta property=\"og:locale\" content=\"en_US\" \/>\n<meta property=\"og:type\" content=\"article\" \/>\n<meta property=\"og:title\" content=\"Domaines Bunan - B\u00e9louv\u00e9 - C\u00f4tes de Provence - Red wine - IVINIO Wine Shop\" \/>\n<meta property=\"og:description\" content=\"Domaines Bunan - B\u00e9louv\u00e9 - C\u00f4tes de Provence - Red wine. Elegant and fruity with a full-bodied taste of black berries and licorice.\" \/>\n<meta property=\"og:url\" content=\"https:\/\/www.ivinio.com\/en\/product\/domaines-bunan-belouve-cotes-de-provence-red\/\" \/>\n<meta property=\"og:site_name\" content=\"IVINIO Wine Shop\" \/>\n<meta property=\"article:publisher\" content=\"https:\/\/www.facebook.com\/groups\/165217837022391\/?ref=bookmarks\" \/>\n<meta property=\"article:modified_time\" content=\"2023-05-26T17:16:09+00:00\" \/>\n<meta property=\"og:image\" content=\"https:\/\/www.ivinio.com\/wp-content\/uploads\/2022\/04\/Domaines-Bunan-belouve-cotes-de-provence-rouge-IVINIO.jpg\" \/>\n\t<meta property=\"og:image:width\" content=\"500\" \/>\n\t<meta property=\"og:image:height\" content=\"500\" \/>\n\t<meta property=\"og:image:type\" content=\"image\/jpeg\" \/>\n<meta name=\"twitter:card\" content=\"summary_large_image\" \/>\n<meta name=\"twitter:label1\" content=\"Est. reading time\" \/>\n\t<meta name=\"twitter:data1\" content=\"1 minute\" \/>\n<script type=\"application\/ld+json\" class=\"yoast-schema-graph\">{\"@context\":\"https:\\\/\\\/schema.org\",\"@graph\":[{\"@type\":\"WebPage\",\"@id\":\"https:\\\/\\\/www.ivinio.com\\\/en\\\/product\\\/domaines-bunan-belouve-cotes-de-provence-red\\\/\",\"url\":\"https:\\\/\\\/www.ivinio.com\\\/en\\\/product\\\/domaines-bunan-belouve-cotes-de-provence-red\\\/\",\"name\":\"Domaines Bunan - B\u00e9louv\u00e9 - C\u00f4tes de Provence - Red wine - IVINIO Wine Shop\",\"isPartOf\":{\"@id\":\"https:\\\/\\\/www.ivinio.com\\\/en\\\/#website\"},\"primaryImageOfPage\":{\"@id\":\"https:\\\/\\\/www.ivinio.com\\\/en\\\/product\\\/domaines-bunan-belouve-cotes-de-provence-red\\\/#primaryimage\"},\"image\":{\"@id\":\"https:\\\/\\\/www.ivinio.com\\\/en\\\/product\\\/domaines-bunan-belouve-cotes-de-provence-red\\\/#primaryimage\"},\"thumbnailUrl\":\"https:\\\/\\\/www.ivinio.com\\\/wp-content\\\/uploads\\\/2022\\\/04\\\/Domaines-Bunan-belouve-cotes-de-provence-rouge-IVINIO.jpg\",\"datePublished\":\"2022-04-09T08:57:24+00:00\",\"dateModified\":\"2023-05-26T17:16:09+00:00\",\"description\":\"Domaines Bunan - B\u00e9louv\u00e9 - C\u00f4tes de Provence - Red wine. Elegant and fruity with a full-bodied taste of black berries and licorice.\",\"breadcrumb\":{\"@id\":\"https:\\\/\\\/www.ivinio.com\\\/en\\\/product\\\/domaines-bunan-belouve-cotes-de-provence-red\\\/#breadcrumb\"},\"inLanguage\":\"en-US\",\"potentialAction\":[{\"@type\":\"ReadAction\",\"target\":[\"https:\\\/\\\/www.ivinio.com\\\/en\\\/product\\\/domaines-bunan-belouve-cotes-de-provence-red\\\/\"]}]},{\"@type\":\"ImageObject\",\"inLanguage\":\"en-US\",\"@id\":\"https:\\\/\\\/www.ivinio.com\\\/en\\\/product\\\/domaines-bunan-belouve-cotes-de-provence-red\\\/#primaryimage\",\"url\":\"https:\\\/\\\/www.ivinio.com\\\/wp-content\\\/uploads\\\/2022\\\/04\\\/Domaines-Bunan-belouve-cotes-de-provence-rouge-IVINIO.jpg\",\"contentUrl\":\"https:\\\/\\\/www.ivinio.com\\\/wp-content\\\/uploads\\\/2022\\\/04\\\/Domaines-Bunan-belouve-cotes-de-provence-rouge-IVINIO.jpg\",\"width\":500,\"height\":500,\"caption\":\"Domaines Bunan - B\u00e9louv\u00e9 - C\u00f4tes de Provence\"},{\"@type\":\"BreadcrumbList\",\"@id\":\"https:\\\/\\\/www.ivinio.com\\\/en\\\/product\\\/domaines-bunan-belouve-cotes-de-provence-red\\\/#breadcrumb\",\"itemListElement\":[{\"@type\":\"ListItem\",\"position\":1,\"name\":\"Home\",\"item\":\"https:\\\/\\\/www.ivinio.com\\\/en\\\/\"},{\"@type\":\"ListItem\",\"position\":2,\"name\":\"Wine-shop\",\"item\":\"https:\\\/\\\/www.ivinio.com\\\/en\\\/wine-shop\\\/\"},{\"@type\":\"ListItem\",\"position\":3,\"name\":\"Domaines Bunan &#8211; B\u00e9louv\u00e9 &#8211; C\u00f4tes de Provence &#8211; Red\"}]},{\"@type\":\"WebSite\",\"@id\":\"https:\\\/\\\/www.ivinio.com\\\/en\\\/#website\",\"url\":\"https:\\\/\\\/www.ivinio.com\\\/en\\\/\",\"name\":\"IVINIO Wine Shop\",\"description\":\"French and Italian wines with delivery to your door\",\"publisher\":{\"@id\":\"https:\\\/\\\/www.ivinio.com\\\/en\\\/#organization\"},\"potentialAction\":[{\"@type\":\"SearchAction\",\"target\":{\"@type\":\"EntryPoint\",\"urlTemplate\":\"https:\\\/\\\/www.ivinio.com\\\/en\\\/?s={search_term_string}\"},\"query-input\":{\"@type\":\"PropertyValueSpecification\",\"valueRequired\":true,\"valueName\":\"search_term_string\"}}],\"inLanguage\":\"en-US\"},{\"@type\":\"Organization\",\"@id\":\"https:\\\/\\\/www.ivinio.com\\\/en\\\/#organization\",\"name\":\"IVINIO\",\"url\":\"https:\\\/\\\/www.ivinio.com\\\/en\\\/\",\"logo\":{\"@type\":\"ImageObject\",\"inLanguage\":\"en-US\",\"@id\":\"https:\\\/\\\/www.ivinio.com\\\/en\\\/#\\\/schema\\\/logo\\\/image\\\/\",\"url\":\"https:\\\/\\\/www.ivinio.com\\\/wp-content\\\/uploads\\\/2021\\\/01\\\/Logo-Ivinio-v2.jpg\",\"contentUrl\":\"https:\\\/\\\/www.ivinio.com\\\/wp-content\\\/uploads\\\/2021\\\/01\\\/Logo-Ivinio-v2.jpg\",\"width\":1194,\"height\":1194,\"caption\":\"IVINIO\"},\"image\":{\"@id\":\"https:\\\/\\\/www.ivinio.com\\\/en\\\/#\\\/schema\\\/logo\\\/image\\\/\"},\"sameAs\":[\"https:\\\/\\\/www.facebook.com\\\/groups\\\/165217837022391\\\/?ref=bookmarks\",\"https:\\\/\\\/www.instagram.com\\\/_ivinio_\\\/?hl=fr\"]}]}<\/script>\n<!-- \/ Yoast SEO plugin. -->","yoast_head_json":{"title":"Domaines Bunan - B\u00e9louv\u00e9 - C\u00f4tes de Provence - Red wine - IVINIO Wine Shop","description":"Domaines Bunan - B\u00e9louv\u00e9 - C\u00f4tes de Provence - Red wine. Elegant and fruity with a full-bodied taste of black berries and licorice.","robots":{"index":"index","follow":"follow","max-snippet":"max-snippet:-1","max-image-preview":"max-image-preview:large","max-video-preview":"max-video-preview:-1"},"canonical":"https:\/\/www.ivinio.com\/en\/product\/domaines-bunan-belouve-cotes-de-provence-red\/","og_locale":"en_US","og_type":"article","og_title":"Domaines Bunan - B\u00e9louv\u00e9 - C\u00f4tes de Provence - Red wine - IVINIO Wine Shop","og_description":"Domaines Bunan - B\u00e9louv\u00e9 - C\u00f4tes de Provence - Red wine. Elegant and fruity with a full-bodied taste of black berries and licorice.","og_url":"https:\/\/www.ivinio.com\/en\/product\/domaines-bunan-belouve-cotes-de-provence-red\/","og_site_name":"IVINIO Wine Shop","article_publisher":"https:\/\/www.facebook.com\/groups\/165217837022391\/?ref=bookmarks","article_modified_time":"2023-05-26T17:16:09+00:00","og_image":[{"width":500,"height":500,"url":"https:\/\/www.ivinio.com\/wp-content\/uploads\/2022\/04\/Domaines-Bunan-belouve-cotes-de-provence-rouge-IVINIO.jpg","type":"image\/jpeg"}],"twitter_card":"summary_large_image","twitter_misc":{"Est. reading time":"1 minute"},"schema":{"@context":"https:\/\/schema.org","@graph":[{"@type":"WebPage","@id":"https:\/\/www.ivinio.com\/en\/product\/domaines-bunan-belouve-cotes-de-provence-red\/","url":"https:\/\/www.ivinio.com\/en\/product\/domaines-bunan-belouve-cotes-de-provence-red\/","name":"Domaines Bunan - B\u00e9louv\u00e9 - C\u00f4tes de Provence - Red wine - IVINIO Wine Shop","isPartOf":{"@id":"https:\/\/www.ivinio.com\/en\/#website"},"primaryImageOfPage":{"@id":"https:\/\/www.ivinio.com\/en\/product\/domaines-bunan-belouve-cotes-de-provence-red\/#primaryimage"},"image":{"@id":"https:\/\/www.ivinio.com\/en\/product\/domaines-bunan-belouve-cotes-de-provence-red\/#primaryimage"},"thumbnailUrl":"https:\/\/www.ivinio.com\/wp-content\/uploads\/2022\/04\/Domaines-Bunan-belouve-cotes-de-provence-rouge-IVINIO.jpg","datePublished":"2022-04-09T08:57:24+00:00","dateModified":"2023-05-26T17:16:09+00:00","description":"Domaines Bunan - B\u00e9louv\u00e9 - C\u00f4tes de Provence - Red wine. Elegant and fruity with a full-bodied taste of black berries and licorice.","breadcrumb":{"@id":"https:\/\/www.ivinio.com\/en\/product\/domaines-bunan-belouve-cotes-de-provence-red\/#breadcrumb"},"inLanguage":"en-US","potentialAction":[{"@type":"ReadAction","target":["https:\/\/www.ivinio.com\/en\/product\/domaines-bunan-belouve-cotes-de-provence-red\/"]}]},{"@type":"ImageObject","inLanguage":"en-US","@id":"https:\/\/www.ivinio.com\/en\/product\/domaines-bunan-belouve-cotes-de-provence-red\/#primaryimage","url":"https:\/\/www.ivinio.com\/wp-content\/uploads\/2022\/04\/Domaines-Bunan-belouve-cotes-de-provence-rouge-IVINIO.jpg","contentUrl":"https:\/\/www.ivinio.com\/wp-content\/uploads\/2022\/04\/Domaines-Bunan-belouve-cotes-de-provence-rouge-IVINIO.jpg","width":500,"height":500,"caption":"Domaines Bunan - B\u00e9louv\u00e9 - C\u00f4tes de Provence"},{"@type":"BreadcrumbList","@id":"https:\/\/www.ivinio.com\/en\/product\/domaines-bunan-belouve-cotes-de-provence-red\/#breadcrumb","itemListElement":[{"@type":"ListItem","position":1,"name":"Home","item":"https:\/\/www.ivinio.com\/en\/"},{"@type":"ListItem","position":2,"name":"Wine-shop","item":"https:\/\/www.ivinio.com\/en\/wine-shop\/"},{"@type":"ListItem","position":3,"name":"Domaines Bunan &#8211; B\u00e9louv\u00e9 &#8211; C\u00f4tes de Provence &#8211; Red"}]},{"@type":"WebSite","@id":"https:\/\/www.ivinio.com\/en\/#website","url":"https:\/\/www.ivinio.com\/en\/","name":"IVINIO Wine Shop","description":"French and Italian wines with delivery to your door","publisher":{"@id":"https:\/\/www.ivinio.com\/en\/#organization"},"potentialAction":[{"@type":"SearchAction","target":{"@type":"EntryPoint","urlTemplate":"https:\/\/www.ivinio.com\/en\/?s={search_term_string}"},"query-input":{"@type":"PropertyValueSpecification","valueRequired":true,"valueName":"search_term_string"}}],"inLanguage":"en-US"},{"@type":"Organization","@id":"https:\/\/www.ivinio.com\/en\/#organization","name":"IVINIO","url":"https:\/\/www.ivinio.com\/en\/","logo":{"@type":"ImageObject","inLanguage":"en-US","@id":"https:\/\/www.ivinio.com\/en\/#\/schema\/logo\/image\/","url":"https:\/\/www.ivinio.com\/wp-content\/uploads\/2021\/01\/Logo-Ivinio-v2.jpg","contentUrl":"https:\/\/www.ivinio.com\/wp-content\/uploads\/2021\/01\/Logo-Ivinio-v2.jpg","width":1194,"height":1194,"caption":"IVINIO"},"image":{"@id":"https:\/\/www.ivinio.com\/en\/#\/schema\/logo\/image\/"},"sameAs":["https:\/\/www.facebook.com\/groups\/165217837022391\/?ref=bookmarks","https:\/\/www.instagram.com\/_ivinio_\/?hl=fr"]}]}},"jetpack_sharing_enabled":true,"_links":{"self":[{"href":"https:\/\/www.ivinio.com\/en\/wp-json\/wp\/v2\/product\/130889","targetHints":{"allow":["GET"]}}],"collection":[{"href":"https:\/\/www.ivinio.com\/en\/wp-json\/wp\/v2\/product"}],"about":[{"href":"https:\/\/www.ivinio.com\/en\/wp-json\/wp\/v2\/types\/product"}],"replies":[{"embeddable":true,"href":"https:\/\/www.ivinio.com\/en\/wp-json\/wp\/v2\/comments?post=130889"}],"wp:featuredmedia":[{"embeddable":true,"href":"https:\/\/www.ivinio.com\/en\/wp-json\/wp\/v2\/media\/130892"}],"wp:attachment":[{"href":"https:\/\/www.ivinio.com\/en\/wp-json\/wp\/v2\/media?parent=130889"}],"wp:term":[{"taxonomy":"product_brand","embeddable":true,"href":"https:\/\/www.ivinio.com\/en\/wp-json\/wp\/v2\/product_brand?post=130889"},{"taxonomy":"product_cat","embeddable":true,"href":"https:\/\/www.ivinio.com\/en\/wp-json\/wp\/v2\/product_cat?post=130889"},{"taxonomy":"product_tag","embeddable":true,"href":"https:\/\/www.ivinio.com\/en\/wp-json\/wp\/v2\/product_tag?post=130889"}],"curies":[{"name":"wp","href":"https:\/\/api.w.org\/{rel}","templated":true}]}}