{"id":128976,"date":"2021-11-09T17:53:04","date_gmt":"2021-11-09T16:53:04","guid":{"rendered":"https:\/\/www.ivinio.com\/product\/bomont-de-cormeil-chateau-bellini-mixed-discovery-case-2x3-bottles\/"},"modified":"2021-11-17T23:14:51","modified_gmt":"2021-11-17T22:14:51","slug":"bomont-de-cormeil-and-chateau-bellini-mixed-winecase","status":"publish","type":"product","link":"https:\/\/www.ivinio.com\/en\/product\/bomont-de-cormeil-and-chateau-bellini-mixed-winecase\/","title":{"rendered":"Bomont de Cormeil &amp; Ch\u00e2teau Bellini &#8211; 2&#215;3 bottles"},"content":{"rendered":"<p>In this mix of exclusive ros\u00e9 wines you will find 3 bottles of Bomont de Cormeil and 3 bottles of <a href=\"http:\/\/chateaubellini.com\/\">Ch\u00e2teau Bellini<\/a>. Both are light pink, aromatic wines from Provence. One from the appellation Coteaux varois de <a href=\"https:\/\/www.ivinio.com\/en\/product-category\/french-wines\/en-provence\/\">Provence<\/a> and the other from IGP Coteaux du Verdon. Both wines have fruity, complex hints of yellow fruit and white flowers. 2 gastronomic ros\u00e9s to serve mainly for a dinner.<\/p>\n","protected":false},"excerpt":{"rendered":"<p>An exclusive mix of ros\u00e9 wines from Bomont de Cormeil and Ch\u00e2teau Bellini. Perfect for you who like premium light pink Provence ros\u00e9s !<\/p>\n","protected":false},"featured_media":128968,"comment_status":"open","ping_status":"closed","template":"","meta":{"_monsterinsights_skip_tracking":false,"_monsterinsights_sitenote_active":false,"_monsterinsights_sitenote_note":"","_monsterinsights_sitenote_category":0,"_uf_show_specific_survey":0,"_uf_disable_surveys":false},"product_brand":[],"product_cat":[36644],"product_tag":[],"class_list":{"0":"post-128976","1":"product","2":"type-product","3":"status-publish","4":"has-post-thumbnail","6":"product_cat-mixed-wine-cases","7":"pa_classification-aop-cotes-de-provence-en","8":"pa_classification-igp-var-coteaux-du-verdon-en","9":"pa_color-rose-en","10":"pa_grape-variety-syrah","11":"pa_grape-variety-viognier-en","12":"pa_package-1x1-en","13":"pa_package-1x6-en","14":"pa_region-provence-en","15":"pa_vintage-2021-en","16":"pa_volume-75-cl-en","18":"first","19":"instock","20":"taxable","21":"shipping-taxable","22":"purchasable","23":"product-type-bundle"},"bundled_by":[],"bundle_stock_status":"instock","bundle_stock_quantity":"","bundle_virtual":false,"bundle_layout":"grid","bundle_add_to_cart_form_location":"after_summary","bundle_editable_in_cart":false,"bundle_sold_individually_context":"product","bundle_item_grouping":"noindent","bundle_min_size":"","bundle_max_size":"","bundle_price":{"price":{"min":{"incl_tax":"81.3","excl_tax":"81.25"},"max":{"incl_tax":"81.3","excl_tax":"81.25"}},"regular_price":{"min":{"incl_tax":"81.3","excl_tax":"81.25"},"max":{"incl_tax":"81.3","excl_tax":"81.25"}}},"bundled_items":[{"bundled_item_id":8528,"product_id":128955,"menu_order":0,"quantity_min":3,"quantity_max":3,"quantity_default":3,"priced_individually":false,"shipped_individually":false,"override_title":false,"title":"Bomont de Cormeil &#8211; Ros\u00e9","override_description":false,"description":"Bomont de Cormeil &#8211; Ros\u00e9","optional":false,"hide_thumbnail":false,"discount":"","override_variations":false,"allowed_variations":[""],"override_default_variation_attributes":false,"default_variation_attributes":[],"single_product_visibility":"visible","cart_visibility":"visible","order_visibility":"visible","single_product_price_visibility":"visible","cart_price_visibility":"visible","order_price_visibility":"visible","stock_status":"in_stock"},{"bundled_item_id":8911,"product_id":130860,"menu_order":1,"quantity_min":3,"quantity_max":3,"quantity_default":3,"priced_individually":false,"shipped_individually":false,"override_title":false,"title":"Ch\u00e2teau Bellini &#8211; ros\u00e9","override_description":false,"description":"Ch\u00e2teau Bellini &#8211; ros\u00e9","optional":false,"hide_thumbnail":false,"discount":"","override_variations":false,"allowed_variations":[""],"override_default_variation_attributes":false,"default_variation_attributes":[],"single_product_visibility":"visible","cart_visibility":"visible","order_visibility":"visible","single_product_price_visibility":"visible","cart_price_visibility":"visible","order_price_visibility":"visible","stock_status":"in_stock"}],"bundle_sell_ids":[],"yoast_head":"<!-- This site is optimized with the Yoast SEO plugin v27.4 - https:\/\/yoast.com\/product\/yoast-seo-wordpress\/ -->\n<title>Bomont de Cormeil &amp; Ch\u00e2teau Bellini - 2x3 bottles - IVINIO Wine Shop<\/title>\n<meta name=\"description\" content=\"Bomont de Cormeil &amp; Ch\u00e2teau Bellini - Mixed discovery case An exclusive mix of ros\u00e9 wines from Bomont de Cormeil and Ch\u00e2teau Bellini.\" \/>\n<meta name=\"robots\" content=\"index, follow, max-snippet:-1, max-image-preview:large, max-video-preview:-1\" \/>\n<link rel=\"canonical\" href=\"https:\/\/www.ivinio.com\/en\/product\/bomont-de-cormeil-and-chateau-bellini-mixed-winecase\/\" \/>\n<meta property=\"og:locale\" content=\"en_US\" \/>\n<meta property=\"og:type\" content=\"article\" \/>\n<meta property=\"og:title\" content=\"Luxury ros\u00e9 in a mixed tasting box at a special price!\" \/>\n<meta property=\"og:description\" content=\"Right now we have a temporary special price on 2 wonderful ros\u00e9 wines from the heart of Provence! 2 gastronomic ros\u00e9 wines to serve for a real dinner - preferably with seafood or for desserts based on fruit !\" \/>\n<meta property=\"og:url\" content=\"https:\/\/www.ivinio.com\/en\/product\/bomont-de-cormeil-and-chateau-bellini-mixed-winecase\/\" \/>\n<meta property=\"og:site_name\" content=\"IVINIO Wine Shop\" \/>\n<meta property=\"article:publisher\" content=\"https:\/\/www.facebook.com\/groups\/165217837022391\/?ref=bookmarks\" \/>\n<meta property=\"article:modified_time\" content=\"2021-11-17T22:14:51+00:00\" \/>\n<meta property=\"og:image\" content=\"https:\/\/www.ivinio.com\/wp-content\/uploads\/2021\/11\/Bomont-de-Cormeil-Bellini-rose-SV.jpg\" \/>\n<meta name=\"twitter:card\" content=\"summary_large_image\" \/>\n<script type=\"application\/ld+json\" class=\"yoast-schema-graph\">{\"@context\":\"https:\\\/\\\/schema.org\",\"@graph\":[{\"@type\":\"WebPage\",\"@id\":\"https:\\\/\\\/www.ivinio.com\\\/en\\\/product\\\/bomont-de-cormeil-and-chateau-bellini-mixed-winecase\\\/\",\"url\":\"https:\\\/\\\/www.ivinio.com\\\/en\\\/product\\\/bomont-de-cormeil-and-chateau-bellini-mixed-winecase\\\/\",\"name\":\"Bomont de Cormeil &amp; Ch\u00e2teau Bellini - 2x3 bottles - IVINIO Wine Shop\",\"isPartOf\":{\"@id\":\"https:\\\/\\\/www.ivinio.com\\\/en\\\/#website\"},\"primaryImageOfPage\":{\"@id\":\"https:\\\/\\\/www.ivinio.com\\\/en\\\/product\\\/bomont-de-cormeil-and-chateau-bellini-mixed-winecase\\\/#primaryimage\"},\"image\":{\"@id\":\"https:\\\/\\\/www.ivinio.com\\\/en\\\/product\\\/bomont-de-cormeil-and-chateau-bellini-mixed-winecase\\\/#primaryimage\"},\"thumbnailUrl\":\"https:\\\/\\\/www.ivinio.com\\\/wp-content\\\/uploads\\\/2021\\\/11\\\/Bomont-de-Cormeil-Bellini-rose-IVINIO.jpg\",\"datePublished\":\"2021-11-09T16:53:04+00:00\",\"dateModified\":\"2021-11-17T22:14:51+00:00\",\"description\":\"Bomont de Cormeil & Ch\u00e2teau Bellini - Mixed discovery case An exclusive mix of ros\u00e9 wines from Bomont de Cormeil and Ch\u00e2teau Bellini.\",\"breadcrumb\":{\"@id\":\"https:\\\/\\\/www.ivinio.com\\\/en\\\/product\\\/bomont-de-cormeil-and-chateau-bellini-mixed-winecase\\\/#breadcrumb\"},\"inLanguage\":\"en-US\",\"potentialAction\":[{\"@type\":\"ReadAction\",\"target\":[\"https:\\\/\\\/www.ivinio.com\\\/en\\\/product\\\/bomont-de-cormeil-and-chateau-bellini-mixed-winecase\\\/\"]}]},{\"@type\":\"ImageObject\",\"inLanguage\":\"en-US\",\"@id\":\"https:\\\/\\\/www.ivinio.com\\\/en\\\/product\\\/bomont-de-cormeil-and-chateau-bellini-mixed-winecase\\\/#primaryimage\",\"url\":\"https:\\\/\\\/www.ivinio.com\\\/wp-content\\\/uploads\\\/2021\\\/11\\\/Bomont-de-Cormeil-Bellini-rose-IVINIO.jpg\",\"contentUrl\":\"https:\\\/\\\/www.ivinio.com\\\/wp-content\\\/uploads\\\/2021\\\/11\\\/Bomont-de-Cormeil-Bellini-rose-IVINIO.jpg\",\"width\":500,\"height\":500,\"caption\":\"Bomont de Cormeil &amp; Ch\u00e2teau Bellini - Mixed discovery case\"},{\"@type\":\"BreadcrumbList\",\"@id\":\"https:\\\/\\\/www.ivinio.com\\\/en\\\/product\\\/bomont-de-cormeil-and-chateau-bellini-mixed-winecase\\\/#breadcrumb\",\"itemListElement\":[{\"@type\":\"ListItem\",\"position\":1,\"name\":\"Home\",\"item\":\"https:\\\/\\\/www.ivinio.com\\\/en\\\/\"},{\"@type\":\"ListItem\",\"position\":2,\"name\":\"Wine-shop\",\"item\":\"https:\\\/\\\/www.ivinio.com\\\/en\\\/wine-shop\\\/\"},{\"@type\":\"ListItem\",\"position\":3,\"name\":\"Bomont de Cormeil &amp; Ch\u00e2teau Bellini &#8211; 2&#215;3 bottles\"}]},{\"@type\":\"WebSite\",\"@id\":\"https:\\\/\\\/www.ivinio.com\\\/en\\\/#website\",\"url\":\"https:\\\/\\\/www.ivinio.com\\\/en\\\/\",\"name\":\"IVINIO Wine Shop\",\"description\":\"French and Italian wines with delivery to your door\",\"publisher\":{\"@id\":\"https:\\\/\\\/www.ivinio.com\\\/en\\\/#organization\"},\"potentialAction\":[{\"@type\":\"SearchAction\",\"target\":{\"@type\":\"EntryPoint\",\"urlTemplate\":\"https:\\\/\\\/www.ivinio.com\\\/en\\\/?s={search_term_string}\"},\"query-input\":{\"@type\":\"PropertyValueSpecification\",\"valueRequired\":true,\"valueName\":\"search_term_string\"}}],\"inLanguage\":\"en-US\"},{\"@type\":\"Organization\",\"@id\":\"https:\\\/\\\/www.ivinio.com\\\/en\\\/#organization\",\"name\":\"IVINIO\",\"url\":\"https:\\\/\\\/www.ivinio.com\\\/en\\\/\",\"logo\":{\"@type\":\"ImageObject\",\"inLanguage\":\"en-US\",\"@id\":\"https:\\\/\\\/www.ivinio.com\\\/en\\\/#\\\/schema\\\/logo\\\/image\\\/\",\"url\":\"https:\\\/\\\/www.ivinio.com\\\/wp-content\\\/uploads\\\/2021\\\/01\\\/Logo-Ivinio-v2.jpg\",\"contentUrl\":\"https:\\\/\\\/www.ivinio.com\\\/wp-content\\\/uploads\\\/2021\\\/01\\\/Logo-Ivinio-v2.jpg\",\"width\":1194,\"height\":1194,\"caption\":\"IVINIO\"},\"image\":{\"@id\":\"https:\\\/\\\/www.ivinio.com\\\/en\\\/#\\\/schema\\\/logo\\\/image\\\/\"},\"sameAs\":[\"https:\\\/\\\/www.facebook.com\\\/groups\\\/165217837022391\\\/?ref=bookmarks\",\"https:\\\/\\\/www.instagram.com\\\/_ivinio_\\\/?hl=fr\"]}]}<\/script>\n<!-- \/ Yoast SEO plugin. -->","yoast_head_json":{"title":"Bomont de Cormeil &amp; Ch\u00e2teau Bellini - 2x3 bottles - IVINIO Wine Shop","description":"Bomont de Cormeil & Ch\u00e2teau Bellini - Mixed discovery case An exclusive mix of ros\u00e9 wines from Bomont de Cormeil and Ch\u00e2teau Bellini.","robots":{"index":"index","follow":"follow","max-snippet":"max-snippet:-1","max-image-preview":"max-image-preview:large","max-video-preview":"max-video-preview:-1"},"canonical":"https:\/\/www.ivinio.com\/en\/product\/bomont-de-cormeil-and-chateau-bellini-mixed-winecase\/","og_locale":"en_US","og_type":"article","og_title":"Luxury ros\u00e9 in a mixed tasting box at a special price!","og_description":"Right now we have a temporary special price on 2 wonderful ros\u00e9 wines from the heart of Provence! 2 gastronomic ros\u00e9 wines to serve for a real dinner - preferably with seafood or for desserts based on fruit !","og_url":"https:\/\/www.ivinio.com\/en\/product\/bomont-de-cormeil-and-chateau-bellini-mixed-winecase\/","og_site_name":"IVINIO Wine Shop","article_publisher":"https:\/\/www.facebook.com\/groups\/165217837022391\/?ref=bookmarks","article_modified_time":"2021-11-17T22:14:51+00:00","og_image":[{"url":"https:\/\/www.ivinio.com\/wp-content\/uploads\/2021\/11\/Bomont-de-Cormeil-Bellini-rose-SV.jpg","type":"","width":"","height":""}],"twitter_card":"summary_large_image","schema":{"@context":"https:\/\/schema.org","@graph":[{"@type":"WebPage","@id":"https:\/\/www.ivinio.com\/en\/product\/bomont-de-cormeil-and-chateau-bellini-mixed-winecase\/","url":"https:\/\/www.ivinio.com\/en\/product\/bomont-de-cormeil-and-chateau-bellini-mixed-winecase\/","name":"Bomont de Cormeil &amp; Ch\u00e2teau Bellini - 2x3 bottles - IVINIO Wine Shop","isPartOf":{"@id":"https:\/\/www.ivinio.com\/en\/#website"},"primaryImageOfPage":{"@id":"https:\/\/www.ivinio.com\/en\/product\/bomont-de-cormeil-and-chateau-bellini-mixed-winecase\/#primaryimage"},"image":{"@id":"https:\/\/www.ivinio.com\/en\/product\/bomont-de-cormeil-and-chateau-bellini-mixed-winecase\/#primaryimage"},"thumbnailUrl":"https:\/\/www.ivinio.com\/wp-content\/uploads\/2021\/11\/Bomont-de-Cormeil-Bellini-rose-IVINIO.jpg","datePublished":"2021-11-09T16:53:04+00:00","dateModified":"2021-11-17T22:14:51+00:00","description":"Bomont de Cormeil & Ch\u00e2teau Bellini - Mixed discovery case An exclusive mix of ros\u00e9 wines from Bomont de Cormeil and Ch\u00e2teau Bellini.","breadcrumb":{"@id":"https:\/\/www.ivinio.com\/en\/product\/bomont-de-cormeil-and-chateau-bellini-mixed-winecase\/#breadcrumb"},"inLanguage":"en-US","potentialAction":[{"@type":"ReadAction","target":["https:\/\/www.ivinio.com\/en\/product\/bomont-de-cormeil-and-chateau-bellini-mixed-winecase\/"]}]},{"@type":"ImageObject","inLanguage":"en-US","@id":"https:\/\/www.ivinio.com\/en\/product\/bomont-de-cormeil-and-chateau-bellini-mixed-winecase\/#primaryimage","url":"https:\/\/www.ivinio.com\/wp-content\/uploads\/2021\/11\/Bomont-de-Cormeil-Bellini-rose-IVINIO.jpg","contentUrl":"https:\/\/www.ivinio.com\/wp-content\/uploads\/2021\/11\/Bomont-de-Cormeil-Bellini-rose-IVINIO.jpg","width":500,"height":500,"caption":"Bomont de Cormeil &amp; Ch\u00e2teau Bellini - Mixed discovery case"},{"@type":"BreadcrumbList","@id":"https:\/\/www.ivinio.com\/en\/product\/bomont-de-cormeil-and-chateau-bellini-mixed-winecase\/#breadcrumb","itemListElement":[{"@type":"ListItem","position":1,"name":"Home","item":"https:\/\/www.ivinio.com\/en\/"},{"@type":"ListItem","position":2,"name":"Wine-shop","item":"https:\/\/www.ivinio.com\/en\/wine-shop\/"},{"@type":"ListItem","position":3,"name":"Bomont de Cormeil &amp; Ch\u00e2teau Bellini &#8211; 2&#215;3 bottles"}]},{"@type":"WebSite","@id":"https:\/\/www.ivinio.com\/en\/#website","url":"https:\/\/www.ivinio.com\/en\/","name":"IVINIO Wine Shop","description":"French and Italian wines with delivery to your door","publisher":{"@id":"https:\/\/www.ivinio.com\/en\/#organization"},"potentialAction":[{"@type":"SearchAction","target":{"@type":"EntryPoint","urlTemplate":"https:\/\/www.ivinio.com\/en\/?s={search_term_string}"},"query-input":{"@type":"PropertyValueSpecification","valueRequired":true,"valueName":"search_term_string"}}],"inLanguage":"en-US"},{"@type":"Organization","@id":"https:\/\/www.ivinio.com\/en\/#organization","name":"IVINIO","url":"https:\/\/www.ivinio.com\/en\/","logo":{"@type":"ImageObject","inLanguage":"en-US","@id":"https:\/\/www.ivinio.com\/en\/#\/schema\/logo\/image\/","url":"https:\/\/www.ivinio.com\/wp-content\/uploads\/2021\/01\/Logo-Ivinio-v2.jpg","contentUrl":"https:\/\/www.ivinio.com\/wp-content\/uploads\/2021\/01\/Logo-Ivinio-v2.jpg","width":1194,"height":1194,"caption":"IVINIO"},"image":{"@id":"https:\/\/www.ivinio.com\/en\/#\/schema\/logo\/image\/"},"sameAs":["https:\/\/www.facebook.com\/groups\/165217837022391\/?ref=bookmarks","https:\/\/www.instagram.com\/_ivinio_\/?hl=fr"]}]}},"jetpack_sharing_enabled":true,"_links":{"self":[{"href":"https:\/\/www.ivinio.com\/en\/wp-json\/wp\/v2\/product\/128976","targetHints":{"allow":["GET"]}}],"collection":[{"href":"https:\/\/www.ivinio.com\/en\/wp-json\/wp\/v2\/product"}],"about":[{"href":"https:\/\/www.ivinio.com\/en\/wp-json\/wp\/v2\/types\/product"}],"replies":[{"embeddable":true,"href":"https:\/\/www.ivinio.com\/en\/wp-json\/wp\/v2\/comments?post=128976"}],"wp:featuredmedia":[{"embeddable":true,"href":"https:\/\/www.ivinio.com\/en\/wp-json\/wp\/v2\/media\/128968"}],"wp:attachment":[{"href":"https:\/\/www.ivinio.com\/en\/wp-json\/wp\/v2\/media?parent=128976"}],"wp:term":[{"taxonomy":"product_brand","embeddable":true,"href":"https:\/\/www.ivinio.com\/en\/wp-json\/wp\/v2\/product_brand?post=128976"},{"taxonomy":"product_cat","embeddable":true,"href":"https:\/\/www.ivinio.com\/en\/wp-json\/wp\/v2\/product_cat?post=128976"},{"taxonomy":"product_tag","embeddable":true,"href":"https:\/\/www.ivinio.com\/en\/wp-json\/wp\/v2\/product_tag?post=128976"}],"curies":[{"name":"wp","href":"https:\/\/api.w.org\/{rel}","templated":true}]}}