{"id":126883,"date":"2021-06-08T17:40:07","date_gmt":"2021-06-08T15:53:31","guid":{"rendered":"https:\/\/henrik.www.ivinio.com\/product\/la-badiane-mourvegue-bandol-red\/"},"modified":"2022-03-13T11:44:35","modified_gmt":"2022-03-13T10:44:35","slug":"la-badiane-mourvegue-bandol-red","status":"publish","type":"product","link":"https:\/\/www.ivinio.com\/en\/product\/la-badiane-mourvegue-bandol-red\/","title":{"rendered":"La Badiane &#8211; Mourv\u00e9gu\u00e9 &#8211; Bandol &#8211; Red"},"content":{"rendered":"<p>La Badiane &#8220;Mourv\u00e9gu\u00e9&#8221; &#8211; which is the old name of the grape variety Mourv\u00e8dre and is made from 100% Mourv\u00e8dre grapes. The grapes are picked from their bunches after harvest and vinified in steel tanks. The grapes are lightly pressed and are then stored in large oak barrels (foudres) on the lees for a &#8220;luxurious&#8221; 36 months. The wine is neither clarified nor filtered.<\/p>\n","protected":false},"excerpt":{"rendered":"<p>La Badiane &#8211; Mourv\u00e9gu\u00e9 &#8211; is a full-bodied red wine from the exclusive appellation Bandol in Provence. A wonderful and complex wine to pair e with various meat dishes and with the cheese tray.<\/p>\n","protected":false},"featured_media":126881,"comment_status":"open","ping_status":"closed","template":"","meta":{"_monsterinsights_skip_tracking":false,"_monsterinsights_sitenote_active":false,"_monsterinsights_sitenote_note":"","_monsterinsights_sitenote_category":0,"_uf_show_specific_survey":0,"_uf_disable_surveys":false},"product_brand":[],"product_cat":[36587,36623],"product_tag":[],"class_list":{"0":"post-126883","1":"product","2":"type-product","3":"status-publish","4":"has-post-thumbnail","6":"product_cat-french-wines","7":"product_cat-en-provence","8":"pa_alcohol-degree-14-en","9":"pa_awards-guide-hachette-en","10":"pa_classification-aop-bandol-en","11":"pa_color-red","12":"pa_country-france-en","13":"pa_grape-variety-mourvedre","14":"pa_region-provence-en","15":"pa_storage-potential-minimum-10-years","16":"pa_vintage-2013-en","17":"pa_volume-75-cl-en","19":"first","20":"outofstock","21":"sale","22":"taxable","23":"shipping-taxable","24":"purchasable","25":"product-type-simple"},"bundled_by":[],"bundle_stock_status":"outofstock","bundle_stock_quantity":null,"bundle_virtual":false,"bundle_layout":"","bundle_add_to_cart_form_location":"","bundle_editable_in_cart":false,"bundle_sold_individually_context":"","bundle_item_grouping":"","bundle_min_size":"","bundle_max_size":"","bundle_price":[],"bundled_items":[],"bundle_sell_ids":[],"yoast_head":"<!-- This site is optimized with the Yoast SEO plugin v27.4 - https:\/\/yoast.com\/product\/yoast-seo-wordpress\/ -->\n<title>La Badiane - Mourv\u00e9gu\u00e9 - Bandol - Red - IVINIO Wine Shop<\/title>\n<meta name=\"description\" content=\"La Badiane - Mourv\u00e9gu\u00e9 - is a full-bodied red wine from the exclusive appellation Bandol in Provence. A wonderful and complex wine to pair e with various meat dishes and with the cheese tray.\" \/>\n<meta name=\"robots\" content=\"index, follow, max-snippet:-1, max-image-preview:large, max-video-preview:-1\" \/>\n<link rel=\"canonical\" href=\"https:\/\/www.ivinio.com\/en\/product\/la-badiane-mourvegue-bandol-red\/\" \/>\n<meta property=\"og:locale\" content=\"en_US\" \/>\n<meta property=\"og:type\" content=\"article\" \/>\n<meta property=\"og:title\" content=\"La Badiane - Mourv\u00e9gu\u00e9 - Bandol - Red - IVINIO Wine Shop\" \/>\n<meta property=\"og:description\" content=\"La Badiane - Mourv\u00e9gu\u00e9 - is a full-bodied red wine from the exclusive appellation Bandol in Provence. A wonderful and complex wine to pair e with various meat dishes and with the cheese tray.\" \/>\n<meta property=\"og:url\" content=\"https:\/\/www.ivinio.com\/en\/product\/la-badiane-mourvegue-bandol-red\/\" \/>\n<meta property=\"og:site_name\" content=\"IVINIO Wine Shop\" \/>\n<meta property=\"article:publisher\" content=\"https:\/\/www.facebook.com\/groups\/165217837022391\/?ref=bookmarks\" \/>\n<meta property=\"article:modified_time\" content=\"2022-03-13T10:44:35+00:00\" \/>\n<meta property=\"og:image\" content=\"https:\/\/www.ivinio.com\/wp-content\/uploads\/2021\/06\/La-badiane-mourvegue-Bandol-IVINIO.jpg\" \/>\n\t<meta property=\"og:image:width\" content=\"600\" \/>\n\t<meta property=\"og:image:height\" content=\"600\" \/>\n\t<meta property=\"og:image:type\" content=\"image\/jpeg\" \/>\n<meta name=\"twitter:card\" content=\"summary_large_image\" \/>\n<script type=\"application\/ld+json\" class=\"yoast-schema-graph\">{\"@context\":\"https:\\\/\\\/schema.org\",\"@graph\":[{\"@type\":\"WebPage\",\"@id\":\"https:\\\/\\\/www.ivinio.com\\\/en\\\/product\\\/la-badiane-mourvegue-bandol-red\\\/\",\"url\":\"https:\\\/\\\/www.ivinio.com\\\/en\\\/product\\\/la-badiane-mourvegue-bandol-red\\\/\",\"name\":\"La Badiane - Mourv\u00e9gu\u00e9 - Bandol - Red - IVINIO Wine Shop\",\"isPartOf\":{\"@id\":\"https:\\\/\\\/www.ivinio.com\\\/en\\\/#website\"},\"primaryImageOfPage\":{\"@id\":\"https:\\\/\\\/www.ivinio.com\\\/en\\\/product\\\/la-badiane-mourvegue-bandol-red\\\/#primaryimage\"},\"image\":{\"@id\":\"https:\\\/\\\/www.ivinio.com\\\/en\\\/product\\\/la-badiane-mourvegue-bandol-red\\\/#primaryimage\"},\"thumbnailUrl\":\"https:\\\/\\\/www.ivinio.com\\\/wp-content\\\/uploads\\\/2021\\\/06\\\/La-badiane-mourvegue-Bandol-IVINIO.jpg\",\"datePublished\":\"2021-06-08T15:53:31+00:00\",\"dateModified\":\"2022-03-13T10:44:35+00:00\",\"description\":\"La Badiane - Mourv\u00e9gu\u00e9 - is a full-bodied red wine from the exclusive appellation Bandol in Provence. A wonderful and complex wine to pair e with various meat dishes and with the cheese tray.\",\"breadcrumb\":{\"@id\":\"https:\\\/\\\/www.ivinio.com\\\/en\\\/product\\\/la-badiane-mourvegue-bandol-red\\\/#breadcrumb\"},\"inLanguage\":\"en-US\",\"potentialAction\":[{\"@type\":\"ReadAction\",\"target\":[\"https:\\\/\\\/www.ivinio.com\\\/en\\\/product\\\/la-badiane-mourvegue-bandol-red\\\/\"]}]},{\"@type\":\"ImageObject\",\"inLanguage\":\"en-US\",\"@id\":\"https:\\\/\\\/www.ivinio.com\\\/en\\\/product\\\/la-badiane-mourvegue-bandol-red\\\/#primaryimage\",\"url\":\"https:\\\/\\\/www.ivinio.com\\\/wp-content\\\/uploads\\\/2021\\\/06\\\/La-badiane-mourvegue-Bandol-IVINIO.jpg\",\"contentUrl\":\"https:\\\/\\\/www.ivinio.com\\\/wp-content\\\/uploads\\\/2021\\\/06\\\/La-badiane-mourvegue-Bandol-IVINIO.jpg\",\"width\":600,\"height\":600},{\"@type\":\"BreadcrumbList\",\"@id\":\"https:\\\/\\\/www.ivinio.com\\\/en\\\/product\\\/la-badiane-mourvegue-bandol-red\\\/#breadcrumb\",\"itemListElement\":[{\"@type\":\"ListItem\",\"position\":1,\"name\":\"Home\",\"item\":\"https:\\\/\\\/www.ivinio.com\\\/en\\\/\"},{\"@type\":\"ListItem\",\"position\":2,\"name\":\"Wine-shop\",\"item\":\"https:\\\/\\\/www.ivinio.com\\\/en\\\/wine-shop\\\/\"},{\"@type\":\"ListItem\",\"position\":3,\"name\":\"La Badiane &#8211; Mourv\u00e9gu\u00e9 &#8211; Bandol &#8211; Red\"}]},{\"@type\":\"WebSite\",\"@id\":\"https:\\\/\\\/www.ivinio.com\\\/en\\\/#website\",\"url\":\"https:\\\/\\\/www.ivinio.com\\\/en\\\/\",\"name\":\"IVINIO Wine Shop\",\"description\":\"French and Italian wines with delivery to your door\",\"publisher\":{\"@id\":\"https:\\\/\\\/www.ivinio.com\\\/en\\\/#organization\"},\"potentialAction\":[{\"@type\":\"SearchAction\",\"target\":{\"@type\":\"EntryPoint\",\"urlTemplate\":\"https:\\\/\\\/www.ivinio.com\\\/en\\\/?s={search_term_string}\"},\"query-input\":{\"@type\":\"PropertyValueSpecification\",\"valueRequired\":true,\"valueName\":\"search_term_string\"}}],\"inLanguage\":\"en-US\"},{\"@type\":\"Organization\",\"@id\":\"https:\\\/\\\/www.ivinio.com\\\/en\\\/#organization\",\"name\":\"IVINIO\",\"url\":\"https:\\\/\\\/www.ivinio.com\\\/en\\\/\",\"logo\":{\"@type\":\"ImageObject\",\"inLanguage\":\"en-US\",\"@id\":\"https:\\\/\\\/www.ivinio.com\\\/en\\\/#\\\/schema\\\/logo\\\/image\\\/\",\"url\":\"https:\\\/\\\/www.ivinio.com\\\/wp-content\\\/uploads\\\/2021\\\/01\\\/Logo-Ivinio-v2.jpg\",\"contentUrl\":\"https:\\\/\\\/www.ivinio.com\\\/wp-content\\\/uploads\\\/2021\\\/01\\\/Logo-Ivinio-v2.jpg\",\"width\":1194,\"height\":1194,\"caption\":\"IVINIO\"},\"image\":{\"@id\":\"https:\\\/\\\/www.ivinio.com\\\/en\\\/#\\\/schema\\\/logo\\\/image\\\/\"},\"sameAs\":[\"https:\\\/\\\/www.facebook.com\\\/groups\\\/165217837022391\\\/?ref=bookmarks\",\"https:\\\/\\\/www.instagram.com\\\/_ivinio_\\\/?hl=fr\"]}]}<\/script>\n<!-- \/ Yoast SEO plugin. -->","yoast_head_json":{"title":"La Badiane - Mourv\u00e9gu\u00e9 - Bandol - Red - IVINIO Wine Shop","description":"La Badiane - Mourv\u00e9gu\u00e9 - is a full-bodied red wine from the exclusive appellation Bandol in Provence. A wonderful and complex wine to pair e with various meat dishes and with the cheese tray.","robots":{"index":"index","follow":"follow","max-snippet":"max-snippet:-1","max-image-preview":"max-image-preview:large","max-video-preview":"max-video-preview:-1"},"canonical":"https:\/\/www.ivinio.com\/en\/product\/la-badiane-mourvegue-bandol-red\/","og_locale":"en_US","og_type":"article","og_title":"La Badiane - Mourv\u00e9gu\u00e9 - Bandol - Red - IVINIO Wine Shop","og_description":"La Badiane - Mourv\u00e9gu\u00e9 - is a full-bodied red wine from the exclusive appellation Bandol in Provence. A wonderful and complex wine to pair e with various meat dishes and with the cheese tray.","og_url":"https:\/\/www.ivinio.com\/en\/product\/la-badiane-mourvegue-bandol-red\/","og_site_name":"IVINIO Wine Shop","article_publisher":"https:\/\/www.facebook.com\/groups\/165217837022391\/?ref=bookmarks","article_modified_time":"2022-03-13T10:44:35+00:00","og_image":[{"width":600,"height":600,"url":"https:\/\/www.ivinio.com\/wp-content\/uploads\/2021\/06\/La-badiane-mourvegue-Bandol-IVINIO.jpg","type":"image\/jpeg"}],"twitter_card":"summary_large_image","schema":{"@context":"https:\/\/schema.org","@graph":[{"@type":"WebPage","@id":"https:\/\/www.ivinio.com\/en\/product\/la-badiane-mourvegue-bandol-red\/","url":"https:\/\/www.ivinio.com\/en\/product\/la-badiane-mourvegue-bandol-red\/","name":"La Badiane - Mourv\u00e9gu\u00e9 - Bandol - Red - IVINIO Wine Shop","isPartOf":{"@id":"https:\/\/www.ivinio.com\/en\/#website"},"primaryImageOfPage":{"@id":"https:\/\/www.ivinio.com\/en\/product\/la-badiane-mourvegue-bandol-red\/#primaryimage"},"image":{"@id":"https:\/\/www.ivinio.com\/en\/product\/la-badiane-mourvegue-bandol-red\/#primaryimage"},"thumbnailUrl":"https:\/\/www.ivinio.com\/wp-content\/uploads\/2021\/06\/La-badiane-mourvegue-Bandol-IVINIO.jpg","datePublished":"2021-06-08T15:53:31+00:00","dateModified":"2022-03-13T10:44:35+00:00","description":"La Badiane - Mourv\u00e9gu\u00e9 - is a full-bodied red wine from the exclusive appellation Bandol in Provence. A wonderful and complex wine to pair e with various meat dishes and with the cheese tray.","breadcrumb":{"@id":"https:\/\/www.ivinio.com\/en\/product\/la-badiane-mourvegue-bandol-red\/#breadcrumb"},"inLanguage":"en-US","potentialAction":[{"@type":"ReadAction","target":["https:\/\/www.ivinio.com\/en\/product\/la-badiane-mourvegue-bandol-red\/"]}]},{"@type":"ImageObject","inLanguage":"en-US","@id":"https:\/\/www.ivinio.com\/en\/product\/la-badiane-mourvegue-bandol-red\/#primaryimage","url":"https:\/\/www.ivinio.com\/wp-content\/uploads\/2021\/06\/La-badiane-mourvegue-Bandol-IVINIO.jpg","contentUrl":"https:\/\/www.ivinio.com\/wp-content\/uploads\/2021\/06\/La-badiane-mourvegue-Bandol-IVINIO.jpg","width":600,"height":600},{"@type":"BreadcrumbList","@id":"https:\/\/www.ivinio.com\/en\/product\/la-badiane-mourvegue-bandol-red\/#breadcrumb","itemListElement":[{"@type":"ListItem","position":1,"name":"Home","item":"https:\/\/www.ivinio.com\/en\/"},{"@type":"ListItem","position":2,"name":"Wine-shop","item":"https:\/\/www.ivinio.com\/en\/wine-shop\/"},{"@type":"ListItem","position":3,"name":"La Badiane &#8211; Mourv\u00e9gu\u00e9 &#8211; Bandol &#8211; Red"}]},{"@type":"WebSite","@id":"https:\/\/www.ivinio.com\/en\/#website","url":"https:\/\/www.ivinio.com\/en\/","name":"IVINIO Wine Shop","description":"French and Italian wines with delivery to your door","publisher":{"@id":"https:\/\/www.ivinio.com\/en\/#organization"},"potentialAction":[{"@type":"SearchAction","target":{"@type":"EntryPoint","urlTemplate":"https:\/\/www.ivinio.com\/en\/?s={search_term_string}"},"query-input":{"@type":"PropertyValueSpecification","valueRequired":true,"valueName":"search_term_string"}}],"inLanguage":"en-US"},{"@type":"Organization","@id":"https:\/\/www.ivinio.com\/en\/#organization","name":"IVINIO","url":"https:\/\/www.ivinio.com\/en\/","logo":{"@type":"ImageObject","inLanguage":"en-US","@id":"https:\/\/www.ivinio.com\/en\/#\/schema\/logo\/image\/","url":"https:\/\/www.ivinio.com\/wp-content\/uploads\/2021\/01\/Logo-Ivinio-v2.jpg","contentUrl":"https:\/\/www.ivinio.com\/wp-content\/uploads\/2021\/01\/Logo-Ivinio-v2.jpg","width":1194,"height":1194,"caption":"IVINIO"},"image":{"@id":"https:\/\/www.ivinio.com\/en\/#\/schema\/logo\/image\/"},"sameAs":["https:\/\/www.facebook.com\/groups\/165217837022391\/?ref=bookmarks","https:\/\/www.instagram.com\/_ivinio_\/?hl=fr"]}]}},"jetpack_sharing_enabled":true,"_links":{"self":[{"href":"https:\/\/www.ivinio.com\/en\/wp-json\/wp\/v2\/product\/126883","targetHints":{"allow":["GET"]}}],"collection":[{"href":"https:\/\/www.ivinio.com\/en\/wp-json\/wp\/v2\/product"}],"about":[{"href":"https:\/\/www.ivinio.com\/en\/wp-json\/wp\/v2\/types\/product"}],"replies":[{"embeddable":true,"href":"https:\/\/www.ivinio.com\/en\/wp-json\/wp\/v2\/comments?post=126883"}],"wp:featuredmedia":[{"embeddable":true,"href":"https:\/\/www.ivinio.com\/en\/wp-json\/wp\/v2\/media\/126881"}],"wp:attachment":[{"href":"https:\/\/www.ivinio.com\/en\/wp-json\/wp\/v2\/media?parent=126883"}],"wp:term":[{"taxonomy":"product_brand","embeddable":true,"href":"https:\/\/www.ivinio.com\/en\/wp-json\/wp\/v2\/product_brand?post=126883"},{"taxonomy":"product_cat","embeddable":true,"href":"https:\/\/www.ivinio.com\/en\/wp-json\/wp\/v2\/product_cat?post=126883"},{"taxonomy":"product_tag","embeddable":true,"href":"https:\/\/www.ivinio.com\/en\/wp-json\/wp\/v2\/product_tag?post=126883"}],"curies":[{"name":"wp","href":"https:\/\/api.w.org\/{rel}","templated":true}]}}