{"id":122023,"date":"2019-12-12T19:47:45","date_gmt":"2019-12-12T19:47:45","guid":{"rendered":"https:\/\/henrik.www.ivinio.com\/?product=poggi-dellelmo-rossese-di-dolceacqua-rod"},"modified":"2024-06-21T16:30:07","modified_gmt":"2024-06-21T14:30:07","slug":"poggi-dellelmo-rossese-di-dolceacqua-rod","status":"publish","type":"product","link":"https:\/\/www.ivinio.com\/en\/product\/poggi-dellelmo-rossese-di-dolceacqua-rod\/","title":{"rendered":"Poggi dell&#8217;Elmo &#8211; Rossese di Dolceacqua &#8211; R\u00f6d"},"content":{"rendered":"<p>Rossese di Dolceacqua fr\u00e5n Poggi dell&#8217;Elmo framst\u00e4lls av 100 % Rossesedruvor. Druvorna plockas f\u00f6r hand i slutet av september och vinifieras enligt klassisk metod i st\u00e5ltankar. Lagring, ocks\u00e5 den i st\u00e5ltankar under\u00a05 m\u00e5naders tid.<\/p>\n","protected":false},"excerpt":{"rendered":"<p>Rossese di Dolceacqua fr\u00e5n Poggi dell&#8217;Elmo \u00e4r ett sp\u00e4nnande,\u00a0aromatiskt och fr\u00e4scht r\u00f6dvin fr\u00e5n h\u00f6jderna ovan Ventimiglia i Ligurien. Att servera till pastar\u00e4tter, quicher och typiska medelhavsinspirerad mat.<\/p>\n","protected":false},"featured_media":122025,"comment_status":"open","ping_status":"closed","template":"","meta":{"_monsterinsights_skip_tracking":false,"_monsterinsights_sitenote_active":false,"_monsterinsights_sitenote_note":"","_monsterinsights_sitenote_category":0,"_uf_show_specific_survey":0,"_uf_disable_surveys":false},"product_brand":[],"product_cat":[36590,36608],"product_tag":[],"class_list":{"0":"post-122023","1":"product","2":"type-product","3":"status-publish","4":"has-post-thumbnail","6":"product_cat-italian-wines","7":"product_cat-en-liguria","8":"pa_classification-doc-rossese-di-dolceacqua-en","9":"pa_color-red","10":"pa_country-italy-en","11":"pa_grape-variety-rossese-en","12":"pa_region-liguria-en","13":"pa_storage-potential-4-years-en","14":"pa_vintage-2022-en","16":"first","17":"instock","18":"taxable","19":"shipping-taxable","20":"purchasable","21":"product-type-simple"},"bundled_by":[],"bundle_stock_status":"instock","bundle_stock_quantity":null,"bundle_virtual":false,"bundle_layout":"","bundle_add_to_cart_form_location":"","bundle_editable_in_cart":false,"bundle_sold_individually_context":"","bundle_item_grouping":"","bundle_min_size":"","bundle_max_size":"","bundle_price":[],"bundled_items":[],"bundle_sell_ids":[],"yoast_head":"<!-- This site is optimized with the Yoast SEO plugin v27.5 - https:\/\/yoast.com\/product\/yoast-seo-wordpress\/ -->\n<title>K\u00f6pa vin p\u00e5 n\u00e4tet - handla Rossese fr\u00e5n Dalceacua online - vinbutik online www.ivinio.com<\/title>\n<meta name=\"description\" content=\"Rossese di Dolceacqua fr\u00e5n Poggi dell&#039;Elmo \u00e4r ett sp\u00e4nnande, aromatiskt och fr\u00e4scht r\u00f6dvin fr\u00e5n h\u00f6jderna ovan Ventimiglia i Ligurien. Att servera till pastar\u00e4tter, quicher och typiska medelhavsinspirerad mat.\" \/>\n<meta name=\"robots\" content=\"index, follow, max-snippet:-1, max-image-preview:large, max-video-preview:-1\" \/>\n<link rel=\"canonical\" href=\"https:\/\/www.ivinio.com\/en\/product\/poggi-dellelmo-rossese-di-dolceacqua-rod\/\" \/>\n<meta property=\"og:locale\" content=\"en_US\" \/>\n<meta property=\"og:type\" content=\"article\" \/>\n<meta property=\"og:title\" content=\"K\u00f6pa vin p\u00e5 n\u00e4tet - handla Rossese fr\u00e5n Dalceacua online - vinbutik online www.ivinio.com\" \/>\n<meta property=\"og:description\" content=\"Rossese di Dolceacqua fr\u00e5n Poggi dell&#039;Elmo \u00e4r ett sp\u00e4nnande, aromatiskt och fr\u00e4scht r\u00f6dvin fr\u00e5n h\u00f6jderna ovan Ventimiglia i Ligurien. Att servera till pastar\u00e4tter, quicher och typiska medelhavsinspirerad mat.\" \/>\n<meta property=\"og:url\" content=\"https:\/\/www.ivinio.com\/en\/product\/poggi-dellelmo-rossese-di-dolceacqua-rod\/\" \/>\n<meta property=\"og:site_name\" content=\"IVINIO Wine Shop\" \/>\n<meta property=\"article:publisher\" content=\"https:\/\/www.facebook.com\/groups\/165217837022391\/?ref=bookmarks\" \/>\n<meta property=\"article:modified_time\" content=\"2024-06-21T14:30:07+00:00\" \/>\n<meta property=\"og:image\" content=\"https:\/\/www.ivinio.com\/wp-content\/uploads\/nc\/public\/modules\/file\/pictures\/7157.Poggi-dell-elmo-rossese-di-dolceacqua-IVINIO.jpg\" \/>\n\t<meta property=\"og:image:width\" content=\"500\" \/>\n\t<meta property=\"og:image:height\" content=\"500\" \/>\n\t<meta property=\"og:image:type\" content=\"image\/jpeg\" \/>\n<meta name=\"twitter:card\" content=\"summary_large_image\" \/>\n<meta name=\"twitter:label1\" content=\"Est. reading time\" \/>\n\t<meta name=\"twitter:data1\" content=\"1 minute\" \/>\n<script type=\"application\/ld+json\" class=\"yoast-schema-graph\">{\"@context\":\"https:\\\/\\\/schema.org\",\"@graph\":[{\"@type\":\"WebPage\",\"@id\":\"https:\\\/\\\/www.ivinio.com\\\/en\\\/product\\\/poggi-dellelmo-rossese-di-dolceacqua-rod\\\/\",\"url\":\"https:\\\/\\\/www.ivinio.com\\\/en\\\/product\\\/poggi-dellelmo-rossese-di-dolceacqua-rod\\\/\",\"name\":\"K\u00f6pa vin p\u00e5 n\u00e4tet - handla Rossese fr\u00e5n Dalceacua online - vinbutik online www.ivinio.com\",\"isPartOf\":{\"@id\":\"https:\\\/\\\/www.ivinio.com\\\/en\\\/#website\"},\"primaryImageOfPage\":{\"@id\":\"https:\\\/\\\/www.ivinio.com\\\/en\\\/product\\\/poggi-dellelmo-rossese-di-dolceacqua-rod\\\/#primaryimage\"},\"image\":{\"@id\":\"https:\\\/\\\/www.ivinio.com\\\/en\\\/product\\\/poggi-dellelmo-rossese-di-dolceacqua-rod\\\/#primaryimage\"},\"thumbnailUrl\":\"https:\\\/\\\/www.ivinio.com\\\/wp-content\\\/uploads\\\/nc\\\/public\\\/modules\\\/file\\\/pictures\\\/7157.Poggi-dell-elmo-rossese-di-dolceacqua-IVINIO.jpg\",\"datePublished\":\"2019-12-12T19:47:45+00:00\",\"dateModified\":\"2024-06-21T14:30:07+00:00\",\"description\":\"Rossese di Dolceacqua fr\u00e5n Poggi dell'Elmo \u00e4r ett sp\u00e4nnande, aromatiskt och fr\u00e4scht r\u00f6dvin fr\u00e5n h\u00f6jderna ovan Ventimiglia i Ligurien. Att servera till pastar\u00e4tter, quicher och typiska medelhavsinspirerad mat.\",\"breadcrumb\":{\"@id\":\"https:\\\/\\\/www.ivinio.com\\\/en\\\/product\\\/poggi-dellelmo-rossese-di-dolceacqua-rod\\\/#breadcrumb\"},\"inLanguage\":\"en-US\",\"potentialAction\":[{\"@type\":\"ReadAction\",\"target\":[\"https:\\\/\\\/www.ivinio.com\\\/en\\\/product\\\/poggi-dellelmo-rossese-di-dolceacqua-rod\\\/\"]}]},{\"@type\":\"ImageObject\",\"inLanguage\":\"en-US\",\"@id\":\"https:\\\/\\\/www.ivinio.com\\\/en\\\/product\\\/poggi-dellelmo-rossese-di-dolceacqua-rod\\\/#primaryimage\",\"url\":\"https:\\\/\\\/www.ivinio.com\\\/wp-content\\\/uploads\\\/nc\\\/public\\\/modules\\\/file\\\/pictures\\\/7157.Poggi-dell-elmo-rossese-di-dolceacqua-IVINIO.jpg\",\"contentUrl\":\"https:\\\/\\\/www.ivinio.com\\\/wp-content\\\/uploads\\\/nc\\\/public\\\/modules\\\/file\\\/pictures\\\/7157.Poggi-dell-elmo-rossese-di-dolceacqua-IVINIO.jpg\",\"width\":500,\"height\":500},{\"@type\":\"BreadcrumbList\",\"@id\":\"https:\\\/\\\/www.ivinio.com\\\/en\\\/product\\\/poggi-dellelmo-rossese-di-dolceacqua-rod\\\/#breadcrumb\",\"itemListElement\":[{\"@type\":\"ListItem\",\"position\":1,\"name\":\"Home\",\"item\":\"https:\\\/\\\/www.ivinio.com\\\/en\\\/\"},{\"@type\":\"ListItem\",\"position\":2,\"name\":\"Wine-shop\",\"item\":\"https:\\\/\\\/www.ivinio.com\\\/en\\\/wine-shop\\\/\"},{\"@type\":\"ListItem\",\"position\":3,\"name\":\"Poggi dell&#8217;Elmo &#8211; Rossese di Dolceacqua &#8211; R\u00f6d\"}]},{\"@type\":\"WebSite\",\"@id\":\"https:\\\/\\\/www.ivinio.com\\\/en\\\/#website\",\"url\":\"https:\\\/\\\/www.ivinio.com\\\/en\\\/\",\"name\":\"IVINIO Wine Shop\",\"description\":\"French and Italian wines with delivery to your door\",\"publisher\":{\"@id\":\"https:\\\/\\\/www.ivinio.com\\\/en\\\/#organization\"},\"potentialAction\":[{\"@type\":\"SearchAction\",\"target\":{\"@type\":\"EntryPoint\",\"urlTemplate\":\"https:\\\/\\\/www.ivinio.com\\\/en\\\/?s={search_term_string}\"},\"query-input\":{\"@type\":\"PropertyValueSpecification\",\"valueRequired\":true,\"valueName\":\"search_term_string\"}}],\"inLanguage\":\"en-US\"},{\"@type\":\"Organization\",\"@id\":\"https:\\\/\\\/www.ivinio.com\\\/en\\\/#organization\",\"name\":\"IVINIO\",\"url\":\"https:\\\/\\\/www.ivinio.com\\\/en\\\/\",\"logo\":{\"@type\":\"ImageObject\",\"inLanguage\":\"en-US\",\"@id\":\"https:\\\/\\\/www.ivinio.com\\\/en\\\/#\\\/schema\\\/logo\\\/image\\\/\",\"url\":\"https:\\\/\\\/www.ivinio.com\\\/wp-content\\\/uploads\\\/2021\\\/01\\\/Logo-Ivinio-v2.jpg\",\"contentUrl\":\"https:\\\/\\\/www.ivinio.com\\\/wp-content\\\/uploads\\\/2021\\\/01\\\/Logo-Ivinio-v2.jpg\",\"width\":1194,\"height\":1194,\"caption\":\"IVINIO\"},\"image\":{\"@id\":\"https:\\\/\\\/www.ivinio.com\\\/en\\\/#\\\/schema\\\/logo\\\/image\\\/\"},\"sameAs\":[\"https:\\\/\\\/www.facebook.com\\\/groups\\\/165217837022391\\\/?ref=bookmarks\",\"https:\\\/\\\/www.instagram.com\\\/_ivinio_\\\/?hl=fr\"]}]}<\/script>\n<!-- \/ Yoast SEO plugin. -->","yoast_head_json":{"title":"K\u00f6pa vin p\u00e5 n\u00e4tet - handla Rossese fr\u00e5n Dalceacua online - vinbutik online www.ivinio.com","description":"Rossese di Dolceacqua fr\u00e5n Poggi dell'Elmo \u00e4r ett sp\u00e4nnande, aromatiskt och fr\u00e4scht r\u00f6dvin fr\u00e5n h\u00f6jderna ovan Ventimiglia i Ligurien. Att servera till pastar\u00e4tter, quicher och typiska medelhavsinspirerad mat.","robots":{"index":"index","follow":"follow","max-snippet":"max-snippet:-1","max-image-preview":"max-image-preview:large","max-video-preview":"max-video-preview:-1"},"canonical":"https:\/\/www.ivinio.com\/en\/product\/poggi-dellelmo-rossese-di-dolceacqua-rod\/","og_locale":"en_US","og_type":"article","og_title":"K\u00f6pa vin p\u00e5 n\u00e4tet - handla Rossese fr\u00e5n Dalceacua online - vinbutik online www.ivinio.com","og_description":"Rossese di Dolceacqua fr\u00e5n Poggi dell'Elmo \u00e4r ett sp\u00e4nnande, aromatiskt och fr\u00e4scht r\u00f6dvin fr\u00e5n h\u00f6jderna ovan Ventimiglia i Ligurien. Att servera till pastar\u00e4tter, quicher och typiska medelhavsinspirerad mat.","og_url":"https:\/\/www.ivinio.com\/en\/product\/poggi-dellelmo-rossese-di-dolceacqua-rod\/","og_site_name":"IVINIO Wine Shop","article_publisher":"https:\/\/www.facebook.com\/groups\/165217837022391\/?ref=bookmarks","article_modified_time":"2024-06-21T14:30:07+00:00","og_image":[{"width":500,"height":500,"url":"https:\/\/www.ivinio.com\/wp-content\/uploads\/nc\/public\/modules\/file\/pictures\/7157.Poggi-dell-elmo-rossese-di-dolceacqua-IVINIO.jpg","type":"image\/jpeg"}],"twitter_card":"summary_large_image","twitter_misc":{"Est. reading time":"1 minute"},"schema":{"@context":"https:\/\/schema.org","@graph":[{"@type":"WebPage","@id":"https:\/\/www.ivinio.com\/en\/product\/poggi-dellelmo-rossese-di-dolceacqua-rod\/","url":"https:\/\/www.ivinio.com\/en\/product\/poggi-dellelmo-rossese-di-dolceacqua-rod\/","name":"K\u00f6pa vin p\u00e5 n\u00e4tet - handla Rossese fr\u00e5n Dalceacua online - vinbutik online www.ivinio.com","isPartOf":{"@id":"https:\/\/www.ivinio.com\/en\/#website"},"primaryImageOfPage":{"@id":"https:\/\/www.ivinio.com\/en\/product\/poggi-dellelmo-rossese-di-dolceacqua-rod\/#primaryimage"},"image":{"@id":"https:\/\/www.ivinio.com\/en\/product\/poggi-dellelmo-rossese-di-dolceacqua-rod\/#primaryimage"},"thumbnailUrl":"https:\/\/www.ivinio.com\/wp-content\/uploads\/nc\/public\/modules\/file\/pictures\/7157.Poggi-dell-elmo-rossese-di-dolceacqua-IVINIO.jpg","datePublished":"2019-12-12T19:47:45+00:00","dateModified":"2024-06-21T14:30:07+00:00","description":"Rossese di Dolceacqua fr\u00e5n Poggi dell'Elmo \u00e4r ett sp\u00e4nnande, aromatiskt och fr\u00e4scht r\u00f6dvin fr\u00e5n h\u00f6jderna ovan Ventimiglia i Ligurien. Att servera till pastar\u00e4tter, quicher och typiska medelhavsinspirerad mat.","breadcrumb":{"@id":"https:\/\/www.ivinio.com\/en\/product\/poggi-dellelmo-rossese-di-dolceacqua-rod\/#breadcrumb"},"inLanguage":"en-US","potentialAction":[{"@type":"ReadAction","target":["https:\/\/www.ivinio.com\/en\/product\/poggi-dellelmo-rossese-di-dolceacqua-rod\/"]}]},{"@type":"ImageObject","inLanguage":"en-US","@id":"https:\/\/www.ivinio.com\/en\/product\/poggi-dellelmo-rossese-di-dolceacqua-rod\/#primaryimage","url":"https:\/\/www.ivinio.com\/wp-content\/uploads\/nc\/public\/modules\/file\/pictures\/7157.Poggi-dell-elmo-rossese-di-dolceacqua-IVINIO.jpg","contentUrl":"https:\/\/www.ivinio.com\/wp-content\/uploads\/nc\/public\/modules\/file\/pictures\/7157.Poggi-dell-elmo-rossese-di-dolceacqua-IVINIO.jpg","width":500,"height":500},{"@type":"BreadcrumbList","@id":"https:\/\/www.ivinio.com\/en\/product\/poggi-dellelmo-rossese-di-dolceacqua-rod\/#breadcrumb","itemListElement":[{"@type":"ListItem","position":1,"name":"Home","item":"https:\/\/www.ivinio.com\/en\/"},{"@type":"ListItem","position":2,"name":"Wine-shop","item":"https:\/\/www.ivinio.com\/en\/wine-shop\/"},{"@type":"ListItem","position":3,"name":"Poggi dell&#8217;Elmo &#8211; Rossese di Dolceacqua &#8211; R\u00f6d"}]},{"@type":"WebSite","@id":"https:\/\/www.ivinio.com\/en\/#website","url":"https:\/\/www.ivinio.com\/en\/","name":"IVINIO Wine Shop","description":"French and Italian wines with delivery to your door","publisher":{"@id":"https:\/\/www.ivinio.com\/en\/#organization"},"potentialAction":[{"@type":"SearchAction","target":{"@type":"EntryPoint","urlTemplate":"https:\/\/www.ivinio.com\/en\/?s={search_term_string}"},"query-input":{"@type":"PropertyValueSpecification","valueRequired":true,"valueName":"search_term_string"}}],"inLanguage":"en-US"},{"@type":"Organization","@id":"https:\/\/www.ivinio.com\/en\/#organization","name":"IVINIO","url":"https:\/\/www.ivinio.com\/en\/","logo":{"@type":"ImageObject","inLanguage":"en-US","@id":"https:\/\/www.ivinio.com\/en\/#\/schema\/logo\/image\/","url":"https:\/\/www.ivinio.com\/wp-content\/uploads\/2021\/01\/Logo-Ivinio-v2.jpg","contentUrl":"https:\/\/www.ivinio.com\/wp-content\/uploads\/2021\/01\/Logo-Ivinio-v2.jpg","width":1194,"height":1194,"caption":"IVINIO"},"image":{"@id":"https:\/\/www.ivinio.com\/en\/#\/schema\/logo\/image\/"},"sameAs":["https:\/\/www.facebook.com\/groups\/165217837022391\/?ref=bookmarks","https:\/\/www.instagram.com\/_ivinio_\/?hl=fr"]}]}},"jetpack_sharing_enabled":true,"_links":{"self":[{"href":"https:\/\/www.ivinio.com\/en\/wp-json\/wp\/v2\/product\/122023","targetHints":{"allow":["GET"]}}],"collection":[{"href":"https:\/\/www.ivinio.com\/en\/wp-json\/wp\/v2\/product"}],"about":[{"href":"https:\/\/www.ivinio.com\/en\/wp-json\/wp\/v2\/types\/product"}],"replies":[{"embeddable":true,"href":"https:\/\/www.ivinio.com\/en\/wp-json\/wp\/v2\/comments?post=122023"}],"wp:featuredmedia":[{"embeddable":true,"href":"https:\/\/www.ivinio.com\/en\/wp-json\/wp\/v2\/media\/122025"}],"wp:attachment":[{"href":"https:\/\/www.ivinio.com\/en\/wp-json\/wp\/v2\/media?parent=122023"}],"wp:term":[{"taxonomy":"product_brand","embeddable":true,"href":"https:\/\/www.ivinio.com\/en\/wp-json\/wp\/v2\/product_brand?post=122023"},{"taxonomy":"product_cat","embeddable":true,"href":"https:\/\/www.ivinio.com\/en\/wp-json\/wp\/v2\/product_cat?post=122023"},{"taxonomy":"product_tag","embeddable":true,"href":"https:\/\/www.ivinio.com\/en\/wp-json\/wp\/v2\/product_tag?post=122023"}],"curies":[{"name":"wp","href":"https:\/\/api.w.org\/{rel}","templated":true}]}}